{"id":8744,"date":"2022-04-12T12:31:31","date_gmt":"2022-04-12T12:31:31","guid":{"rendered":"https:\/\/welcome-to-times-square.com\/about\/"},"modified":"2025-10-14T17:33:04","modified_gmt":"2025-10-14T17:33:04","slug":"about","status":"publish","type":"page","link":"https:\/\/welcome-to-times-square.com\/de\/about\/","title":{"rendered":"\u00dcber"},"content":{"rendered":"\t\t<div data-elementor-type=\"wp-page\" data-elementor-id=\"8744\" class=\"elementor elementor-8744 elementor-2518\" data-elementor-post-type=\"page\">\n\t\t\t\t<div class=\"elementor-element elementor-element-5ba59d7 e-flex e-con-boxed e-con e-parent\" data-id=\"5ba59d7\" data-element_type=\"container\" data-e-type=\"container\" data-settings=\"{&quot;background_background&quot;:&quot;classic&quot;}\">\n\t\t\t\t\t<div class=\"e-con-inner\">\n\t\t\t\t<div class=\"elementor-element elementor-element-ca3fb64 elementor-widget elementor-widget-heading\" data-id=\"ca3fb64\" data-element_type=\"widget\" data-e-type=\"widget\" data-widget_type=\"heading.default\">\n\t\t\t\t<div class=\"elementor-widget-container\">\n\t\t\t\t\t<h2 class=\"elementor-heading-title elementor-size-default\">Unsere Plakatwand steht im Herzen des Times Square!  <\/h2>\t\t\t\t<\/div>\n\t\t\t\t<\/div>\n\t\t\t\t<div class=\"elementor-element elementor-element-aed8ae9 elementor-widget elementor-widget-text-editor\" data-id=\"aed8ae9\" data-element_type=\"widget\" data-e-type=\"widget\" data-widget_type=\"text-editor.default\">\n\t\t\t\t<div class=\"elementor-widget-container\">\n\t\t\t\t\t\t\t\t\t<p>Wir bieten es unseren Kunden f\u00fcr<span style=\"color: #ff0000;\"> <a style=\"color: #ff0000;\" href=\"https:\/\/timessquarebillboard.com\/\" target=\"_blank\" rel=\"noopener\">PERS\u00d6NLICHEN GEBRAUCH<\/a> <\/span>oder <span style=\"color: #ff0000;\"><a style=\"color: #ff0000;\" href=\"https:\/\/welcome-to-times-square.com\/billboard\/\" target=\"_blank\" rel=\"noopener\">GESCH\u00c4FTSZWECK<\/a> an.<\/span><br \/>Unsere Plakatwand ist 31ft H x 55ft B gro\u00df und befindet sich am 1560 Broadway, New York, NY (zwischen 46th und 47th Street).<\/p>\n\t\t\t\t\t\t\t\t<\/div>\n\t\t\t\t<\/div>\n\t\t\t\t\t<\/div>\n\t\t\t\t<\/div>\n\t\t<div class=\"elementor-element elementor-element-8c652a5 e-flex e-con-boxed e-con e-parent\" data-id=\"8c652a5\" data-element_type=\"container\" data-e-type=\"container\" data-settings=\"{&quot;background_background&quot;:&quot;classic&quot;}\">\n\t\t\t\t\t<div class=\"e-con-inner\">\n\t\t\t\t<div class=\"elementor-element elementor-element-a0001ce elementor-widget elementor-widget-image-carousel\" data-id=\"a0001ce\" data-element_type=\"widget\" data-e-type=\"widget\" data-settings=\"{&quot;slides_to_show&quot;:&quot;3&quot;,&quot;slides_to_show_mobile&quot;:&quot;2&quot;,&quot;slides_to_scroll&quot;:&quot;2&quot;,&quot;slides_to_scroll_mobile&quot;:&quot;1&quot;,&quot;navigation&quot;:&quot;none&quot;,&quot;image_spacing_custom&quot;:{&quot;unit&quot;:&quot;px&quot;,&quot;size&quot;:40,&quot;sizes&quot;:[]},&quot;autoplay&quot;:&quot;yes&quot;,&quot;pause_on_hover&quot;:&quot;yes&quot;,&quot;pause_on_interaction&quot;:&quot;yes&quot;,&quot;autoplay_speed&quot;:5000,&quot;infinite&quot;:&quot;yes&quot;,&quot;speed&quot;:500,&quot;image_spacing_custom_tablet&quot;:{&quot;unit&quot;:&quot;px&quot;,&quot;size&quot;:&quot;&quot;,&quot;sizes&quot;:[]},&quot;image_spacing_custom_mobile&quot;:{&quot;unit&quot;:&quot;px&quot;,&quot;size&quot;:&quot;&quot;,&quot;sizes&quot;:[]}}\" data-widget_type=\"image-carousel.default\">\n\t\t\t\t<div class=\"elementor-widget-container\">\n\t\t\t\t\t\t\t<div class=\"elementor-image-carousel-wrapper swiper\" role=\"region\" aria-roledescription=\"carousel\" aria-label=\"Image Carousel\" dir=\"ltr\">\n\t\t\t<div class=\"elementor-image-carousel swiper-wrapper\" aria-live=\"off\">\n\t\t\t\t\t\t\t\t<div class=\"swiper-slide\" role=\"group\" aria-roledescription=\"slide\" aria-label=\"1 von 6\"><figure class=\"swiper-slide-inner\"><img decoding=\"async\" class=\"swiper-slide-image\" src=\"https:\/\/welcome-to-times-square.com\/wp-content\/uploads\/2022\/12\/Photo-Aug-25-2022-8-05-23-PM-scaled.jpg\" alt=\"Photo Aug 25 2022, 8 05 23 PM\" \/><\/figure><\/div><div class=\"swiper-slide\" role=\"group\" aria-roledescription=\"slide\" aria-label=\"2 von 6\"><figure class=\"swiper-slide-inner\"><img decoding=\"async\" class=\"swiper-slide-image\" src=\"https:\/\/welcome-to-times-square.com\/wp-content\/uploads\/2022\/12\/Photo-Aug-25-2022-9-05-35-PM-scaled.jpg\" alt=\"Photo Aug 25 2022, 9 05 35 PM\" \/><\/figure><\/div><div class=\"swiper-slide\" role=\"group\" aria-roledescription=\"slide\" aria-label=\"3 von 6\"><figure class=\"swiper-slide-inner\"><img decoding=\"async\" class=\"swiper-slide-image\" src=\"https:\/\/welcome-to-times-square.com\/wp-content\/uploads\/2022\/12\/Photo-Aug-25-2022-9-05-17-PM-scaled.jpg\" alt=\"Photo Aug 25 2022, 9 05 17 PM\" \/><\/figure><\/div><div class=\"swiper-slide\" role=\"group\" aria-roledescription=\"slide\" aria-label=\"4 von 6\"><figure class=\"swiper-slide-inner\"><img decoding=\"async\" class=\"swiper-slide-image\" src=\"https:\/\/welcome-to-times-square.com\/wp-content\/uploads\/2022\/12\/Photo-Aug-25-2022-8-05-40-PM-scaled.jpg\" alt=\"Photo Aug 25 2022, 8 05 40 PM\" \/><\/figure><\/div><div class=\"swiper-slide\" role=\"group\" aria-roledescription=\"slide\" aria-label=\"5 von 6\"><figure class=\"swiper-slide-inner\"><img decoding=\"async\" class=\"swiper-slide-image\" src=\"https:\/\/welcome-to-times-square.com\/wp-content\/uploads\/2022\/12\/Photo-Aug-25-2022-8-05-36-PM-scaled.jpg\" alt=\"Photo Aug 25 2022, 8 05 36 PM\" \/><\/figure><\/div><div class=\"swiper-slide\" role=\"group\" aria-roledescription=\"slide\" aria-label=\"6 von 6\"><figure class=\"swiper-slide-inner\"><img decoding=\"async\" class=\"swiper-slide-image\" src=\"https:\/\/welcome-to-times-square.com\/wp-content\/uploads\/2022\/12\/Photo-Aug-25-2022-8-05-34-PM-scaled.jpg\" alt=\"Photo Aug 25 2022, 8 05 34 PM\" \/><\/figure><\/div>\t\t\t<\/div>\n\t\t\t\t\t\t\t\n\t\t\t\t\t\t\t\t\t<\/div>\n\t\t\t\t\t\t<\/div>\n\t\t\t\t<\/div>\n\t\t\t\t\t<\/div>\n\t\t\t\t<\/div>\n\t\t<div class=\"elementor-element elementor-element-fb31796 e-flex e-con-boxed e-con e-parent\" data-id=\"fb31796\" data-element_type=\"container\" data-e-type=\"container\" data-settings=\"{&quot;background_background&quot;:&quot;classic&quot;}\">\n\t\t\t\t\t<div class=\"e-con-inner\">\n\t\t\t\t<div class=\"elementor-element elementor-element-120bca4 elementor-widget elementor-widget-heading\" data-id=\"120bca4\" data-element_type=\"widget\" data-e-type=\"widget\" data-widget_type=\"heading.default\">\n\t\t\t\t<div class=\"elementor-widget-container\">\n\t\t\t\t\t<h2 class=\"elementor-heading-title elementor-size-default\">SEHEN SIE SICH DEN STREAM UNSERER KAMERA DIREKT VOM TIMES SQUARE AN<\/h2>\t\t\t\t<\/div>\n\t\t\t\t<\/div>\n\t\t\t\t<div class=\"elementor-element elementor-element-764ac81 elementor-widget-divider--view-line elementor-widget elementor-widget-divider\" data-id=\"764ac81\" data-element_type=\"widget\" data-e-type=\"widget\" data-widget_type=\"divider.default\">\n\t\t\t\t<div class=\"elementor-widget-container\">\n\t\t\t\t\t\t\t<div class=\"elementor-divider\">\n\t\t\t<span class=\"elementor-divider-separator\">\n\t\t\t\t\t\t<\/span>\n\t\t<\/div>\n\t\t\t\t\t\t<\/div>\n\t\t\t\t<\/div>\n\t\t\t\t<div class=\"elementor-element elementor-element-edbde33 elementor-widget elementor-widget-html\" data-id=\"edbde33\" data-element_type=\"widget\" data-e-type=\"widget\" data-widget_type=\"html.default\">\n\t\t\t\t<div class=\"elementor-widget-container\">\n\t\t\t\t\t<script width=\"100%\" class='earthcam-embed' aria-label='earthcam-embed' type='text\/javascript' src='https:\/\/share.earthcam.net\/embed\/tJ90CoLmq7TzrY396Yd88A4kdLdbDd6oQl5D9Ktzt8U!\/'><\/script>\t\t\t\t<\/div>\n\t\t\t\t<\/div>\n\t\t\t\t\t<\/div>\n\t\t\t\t<\/div>\n\t\t<div class=\"elementor-element elementor-element-07dbd8a e-flex e-con-boxed e-con e-parent\" data-id=\"07dbd8a\" data-element_type=\"container\" data-e-type=\"container\" data-settings=\"{&quot;background_background&quot;:&quot;classic&quot;}\">\n\t\t\t\t\t<div class=\"e-con-inner\">\n\t\t<div class=\"elementor-element elementor-element-3b3773c e-flex e-con-boxed e-con e-child\" data-id=\"3b3773c\" data-element_type=\"container\" data-e-type=\"container\">\n\t\t\t\t\t<div class=\"e-con-inner\">\n\t\t\t\t<div class=\"elementor-element elementor-element-0beb731 elementor-widget elementor-widget-image\" data-id=\"0beb731\" data-element_type=\"widget\" data-e-type=\"widget\" data-widget_type=\"image.default\">\n\t\t\t\t<div class=\"elementor-widget-container\">\n\t\t\t\t\t\t\t\t\t\t\t\t\t\t\t<img fetchpriority=\"high\" decoding=\"async\" width=\"1000\" height=\"1000\" src=\"https:\/\/welcome-to-times-square.com\/wp-content\/uploads\/2025\/10\/IMG-20251014-WA0020.jpg\" class=\"attachment-large size-large wp-image-14985\" alt=\"\" srcset=\"https:\/\/welcome-to-times-square.com\/wp-content\/uploads\/2025\/10\/IMG-20251014-WA0020.jpg 1000w, https:\/\/welcome-to-times-square.com\/wp-content\/uploads\/2025\/10\/IMG-20251014-WA0020-300x300.jpg 300w, https:\/\/welcome-to-times-square.com\/wp-content\/uploads\/2025\/10\/IMG-20251014-WA0020-150x150.jpg 150w, https:\/\/welcome-to-times-square.com\/wp-content\/uploads\/2025\/10\/IMG-20251014-WA0020-768x768.jpg 768w, https:\/\/welcome-to-times-square.com\/wp-content\/uploads\/2025\/10\/IMG-20251014-WA0020-600x600.jpg 600w\" sizes=\"(max-width: 1000px) 100vw, 1000px\" \/>\t\t\t\t\t\t\t\t\t\t\t\t\t\t\t<\/div>\n\t\t\t\t<\/div>\n\t\t\t\t\t<\/div>\n\t\t\t\t<\/div>\n\t\t<div class=\"elementor-element elementor-element-607041e e-con-full e-flex e-con e-child\" data-id=\"607041e\" data-element_type=\"container\" data-e-type=\"container\">\n\t\t\t\t<div class=\"elementor-element elementor-element-b905e50 elementor-widget elementor-widget-heading\" data-id=\"b905e50\" data-element_type=\"widget\" data-e-type=\"widget\" data-widget_type=\"heading.default\">\n\t\t\t\t<div class=\"elementor-widget-container\">\n\t\t\t\t\t<h2 class=\"elementor-heading-title elementor-size-default\">Wir sind ein Team von internationalen Menschen, die den Big Apple und gro\u00dfe Tr\u00e4ume lieben<\/h2>\t\t\t\t<\/div>\n\t\t\t\t<\/div>\n\t\t\t\t<div class=\"elementor-element elementor-element-74f45f7 elementor-widget elementor-widget-text-editor\" data-id=\"74f45f7\" data-element_type=\"widget\" data-e-type=\"widget\" data-widget_type=\"text-editor.default\">\n\t\t\t\t<div class=\"elementor-widget-container\">\n\t\t\t\t\t\t\t\t\t<div class=\"wpb_text_column wpb_content_element \">\n<div class=\"wpb_wrapper\">\n<p>Wir lassen Sie nicht nur die Stadt t\u00e4glich entdecken, sondern machen Sie auch zu einem Teil des gro\u00dfen Traums, indem wir Ihre Fotos und Videos auf einer riesigen Plakatwand im Herzen des Times Square ver\u00f6ffentlichen.<\/p>\n<\/div>\n<\/div>\n\t\t\t\t\t\t\t\t<\/div>\n\t\t\t\t<\/div>\n\t\t\t\t<\/div>\n\t\t\t\t\t<\/div>\n\t\t\t\t<\/div>\n\t\t\t\t<\/div>\n\t\t","protected":false},"excerpt":{"rendered":"Unsere Plakatwand steht im Herzen des Times Square! Wir bieten es unseren Kunden f\u00fcr PERS\u00d6NLICHEN GEBRAUCH oder GESCH\u00c4FTSZWECK an.Unsere Plakatwand ist 31ft H x 55ft B gro\u00df und befindet sich am 1560 Broadway, New York, NY (zwischen 46th und 47th Street). SEHEN SIE SICH DEN STREAM UNSERER KAMERA DIREKT VOM TIMES SQUARE AN Wir sind [...]<a href=\"https:\/\/welcome-to-times-square.com\/de\/about\/\" class=\"read-more wyz-secondary-color-text\">read more<span class=\"screen-reader-text\">\u00dcber<\/span><\/a>","protected":false},"author":53,"featured_media":0,"parent":0,"menu_order":0,"comment_status":"closed","ping_status":"closed","template":"elementor_header_footer","meta":{"footnotes":""},"class_list":["post-8744","page","type-page","status-publish","hentry"],"yoast_head":"<!-- This site is optimized with the Yoast SEO plugin v27.2 - https:\/\/yoast.com\/product\/yoast-seo-wordpress\/ -->\n<title>Digitale Bildschirme &amp; Werbetafeln | Willkommen am Times Square<\/title>\n<meta name=\"description\" content=\"Plakatw\u00e4nde sind hei\u00dfer denn je. Mit Welcome to Times Square k\u00f6nnen Sie an ber\u00fchmten Orten am Times Square mit einem reduzierten Budget werben, Ihre Angebote, Ank\u00fcndigungen und vieles mehr anzeigen.\" \/>\n<meta name=\"robots\" content=\"index, follow, max-snippet:-1, max-image-preview:large, max-video-preview:-1\" \/>\n<link rel=\"canonical\" href=\"https:\/\/welcome-to-times-square.com\/de\/about\/\" \/>\n<meta property=\"og:locale\" content=\"de_DE\" \/>\n<meta property=\"og:type\" content=\"article\" \/>\n<meta property=\"og:title\" content=\"Digitale Bildschirme &amp; Werbetafeln | Willkommen am Times Square\" \/>\n<meta property=\"og:description\" content=\"Plakatw\u00e4nde sind hei\u00dfer denn je. Mit Welcome to Times Square k\u00f6nnen Sie an ber\u00fchmten Orten am Times Square mit einem reduzierten Budget werben, Ihre Angebote, Ank\u00fcndigungen und vieles mehr anzeigen.\" \/>\n<meta property=\"og:url\" content=\"https:\/\/welcome-to-times-square.com\/de\/about\/\" \/>\n<meta property=\"og:site_name\" content=\"times-square\" \/>\n<meta property=\"article:modified_time\" content=\"2025-10-14T17:33:04+00:00\" \/>\n<meta property=\"og:image\" content=\"https:\/\/welcome-to-times-square.com\/wp-content\/uploads\/2022\/12\/Photo-Aug-25-2022-8-05-23-PM-scaled.jpg\" \/>\n<meta name=\"twitter:card\" content=\"summary_large_image\" \/>\n<meta name=\"twitter:label1\" content=\"Gesch\u00e4tzte Lesezeit\" \/>\n\t<meta name=\"twitter:data1\" content=\"4\u00a0Minuten\" \/>\n<script type=\"application\/ld+json\" class=\"yoast-schema-graph\">{\"@context\":\"https:\/\/schema.org\",\"@graph\":[{\"@type\":\"WebPage\",\"@id\":\"https:\/\/welcome-to-times-square.com\/de\/about\/\",\"url\":\"https:\/\/welcome-to-times-square.com\/de\/about\/\",\"name\":\"Digitale Bildschirme & Werbetafeln | Willkommen am Times Square\",\"isPartOf\":{\"@id\":\"https:\/\/welcome-to-times-square.com\/de\/#website\"},\"primaryImageOfPage\":{\"@id\":\"https:\/\/welcome-to-times-square.com\/de\/about\/#primaryimage\"},\"image\":{\"@id\":\"https:\/\/welcome-to-times-square.com\/de\/about\/#primaryimage\"},\"thumbnailUrl\":\"https:\/\/welcome-to-times-square.com\/wp-content\/uploads\/2022\/12\/Photo-Aug-25-2022-8-05-23-PM-scaled.jpg\",\"datePublished\":\"2022-04-12T12:31:31+00:00\",\"dateModified\":\"2025-10-14T17:33:04+00:00\",\"description\":\"Plakatw\u00e4nde sind hei\u00dfer denn je. Mit Welcome to Times Square k\u00f6nnen Sie an ber\u00fchmten Orten am Times Square mit einem reduzierten Budget werben, Ihre Angebote, Ank\u00fcndigungen und vieles mehr anzeigen.\",\"breadcrumb\":{\"@id\":\"https:\/\/welcome-to-times-square.com\/de\/about\/#breadcrumb\"},\"inLanguage\":\"de\",\"potentialAction\":[{\"@type\":\"ReadAction\",\"target\":[\"https:\/\/welcome-to-times-square.com\/de\/about\/\"]}]},{\"@type\":\"ImageObject\",\"inLanguage\":\"de\",\"@id\":\"https:\/\/welcome-to-times-square.com\/de\/about\/#primaryimage\",\"url\":\"https:\/\/welcome-to-times-square.com\/wp-content\/uploads\/2022\/12\/Photo-Aug-25-2022-8-05-23-PM-scaled.jpg\",\"contentUrl\":\"https:\/\/welcome-to-times-square.com\/wp-content\/uploads\/2022\/12\/Photo-Aug-25-2022-8-05-23-PM-scaled.jpg\"},{\"@type\":\"BreadcrumbList\",\"@id\":\"https:\/\/welcome-to-times-square.com\/de\/about\/#breadcrumb\",\"itemListElement\":[{\"@type\":\"ListItem\",\"position\":1,\"name\":\"Home\",\"item\":\"https:\/\/welcome-to-times-square.com\/de\/\"},{\"@type\":\"ListItem\",\"position\":2,\"name\":\"\u00dcber\"}]},{\"@type\":\"WebSite\",\"@id\":\"https:\/\/welcome-to-times-square.com\/de\/#website\",\"url\":\"https:\/\/welcome-to-times-square.com\/de\/\",\"name\":\"times-square\",\"description\":\"times-square\",\"publisher\":{\"@id\":\"https:\/\/welcome-to-times-square.com\/de\/#organization\"},\"potentialAction\":[{\"@type\":\"SearchAction\",\"target\":{\"@type\":\"EntryPoint\",\"urlTemplate\":\"https:\/\/welcome-to-times-square.com\/de\/?s={search_term_string}\"},\"query-input\":{\"@type\":\"PropertyValueSpecification\",\"valueRequired\":true,\"valueName\":\"search_term_string\"}}],\"inLanguage\":\"de\"},{\"@type\":\"Organization\",\"@id\":\"https:\/\/welcome-to-times-square.com\/de\/#organization\",\"name\":\"times-square\",\"url\":\"https:\/\/welcome-to-times-square.com\/de\/\",\"logo\":{\"@type\":\"ImageObject\",\"inLanguage\":\"de\",\"@id\":\"https:\/\/welcome-to-times-square.com\/de\/#\/schema\/logo\/image\/\",\"url\":\"https:\/\/welcome-to-times-square.com\/wp-content\/uploads\/2024\/03\/welcome-to-time-square-logo-with-r.png\",\"contentUrl\":\"https:\/\/welcome-to-times-square.com\/wp-content\/uploads\/2024\/03\/welcome-to-time-square-logo-with-r.png\",\"width\":500,\"height\":342,\"caption\":\"times-square\"},\"image\":{\"@id\":\"https:\/\/welcome-to-times-square.com\/de\/#\/schema\/logo\/image\/\"}}]}<\/script>\n<!-- \/ Yoast SEO plugin. -->","yoast_head_json":{"title":"Digitale Bildschirme & Werbetafeln | Willkommen am Times Square","description":"Plakatw\u00e4nde sind hei\u00dfer denn je. Mit Welcome to Times Square k\u00f6nnen Sie an ber\u00fchmten Orten am Times Square mit einem reduzierten Budget werben, Ihre Angebote, Ank\u00fcndigungen und vieles mehr anzeigen.","robots":{"index":"index","follow":"follow","max-snippet":"max-snippet:-1","max-image-preview":"max-image-preview:large","max-video-preview":"max-video-preview:-1"},"canonical":"https:\/\/welcome-to-times-square.com\/de\/about\/","og_locale":"de_DE","og_type":"article","og_title":"Digitale Bildschirme & Werbetafeln | Willkommen am Times Square","og_description":"Plakatw\u00e4nde sind hei\u00dfer denn je. Mit Welcome to Times Square k\u00f6nnen Sie an ber\u00fchmten Orten am Times Square mit einem reduzierten Budget werben, Ihre Angebote, Ank\u00fcndigungen und vieles mehr anzeigen.","og_url":"https:\/\/welcome-to-times-square.com\/de\/about\/","og_site_name":"times-square","article_modified_time":"2025-10-14T17:33:04+00:00","og_image":[{"url":"https:\/\/welcome-to-times-square.com\/wp-content\/uploads\/2022\/12\/Photo-Aug-25-2022-8-05-23-PM-scaled.jpg","type":"","width":"","height":""}],"twitter_card":"summary_large_image","twitter_misc":{"Gesch\u00e4tzte Lesezeit":"4\u00a0Minuten"},"schema":{"@context":"https:\/\/schema.org","@graph":[{"@type":"WebPage","@id":"https:\/\/welcome-to-times-square.com\/de\/about\/","url":"https:\/\/welcome-to-times-square.com\/de\/about\/","name":"Digitale Bildschirme & Werbetafeln | Willkommen am Times Square","isPartOf":{"@id":"https:\/\/welcome-to-times-square.com\/de\/#website"},"primaryImageOfPage":{"@id":"https:\/\/welcome-to-times-square.com\/de\/about\/#primaryimage"},"image":{"@id":"https:\/\/welcome-to-times-square.com\/de\/about\/#primaryimage"},"thumbnailUrl":"https:\/\/welcome-to-times-square.com\/wp-content\/uploads\/2022\/12\/Photo-Aug-25-2022-8-05-23-PM-scaled.jpg","datePublished":"2022-04-12T12:31:31+00:00","dateModified":"2025-10-14T17:33:04+00:00","description":"Plakatw\u00e4nde sind hei\u00dfer denn je. Mit Welcome to Times Square k\u00f6nnen Sie an ber\u00fchmten Orten am Times Square mit einem reduzierten Budget werben, Ihre Angebote, Ank\u00fcndigungen und vieles mehr anzeigen.","breadcrumb":{"@id":"https:\/\/welcome-to-times-square.com\/de\/about\/#breadcrumb"},"inLanguage":"de","potentialAction":[{"@type":"ReadAction","target":["https:\/\/welcome-to-times-square.com\/de\/about\/"]}]},{"@type":"ImageObject","inLanguage":"de","@id":"https:\/\/welcome-to-times-square.com\/de\/about\/#primaryimage","url":"https:\/\/welcome-to-times-square.com\/wp-content\/uploads\/2022\/12\/Photo-Aug-25-2022-8-05-23-PM-scaled.jpg","contentUrl":"https:\/\/welcome-to-times-square.com\/wp-content\/uploads\/2022\/12\/Photo-Aug-25-2022-8-05-23-PM-scaled.jpg"},{"@type":"BreadcrumbList","@id":"https:\/\/welcome-to-times-square.com\/de\/about\/#breadcrumb","itemListElement":[{"@type":"ListItem","position":1,"name":"Home","item":"https:\/\/welcome-to-times-square.com\/de\/"},{"@type":"ListItem","position":2,"name":"\u00dcber"}]},{"@type":"WebSite","@id":"https:\/\/welcome-to-times-square.com\/de\/#website","url":"https:\/\/welcome-to-times-square.com\/de\/","name":"times-square","description":"times-square","publisher":{"@id":"https:\/\/welcome-to-times-square.com\/de\/#organization"},"potentialAction":[{"@type":"SearchAction","target":{"@type":"EntryPoint","urlTemplate":"https:\/\/welcome-to-times-square.com\/de\/?s={search_term_string}"},"query-input":{"@type":"PropertyValueSpecification","valueRequired":true,"valueName":"search_term_string"}}],"inLanguage":"de"},{"@type":"Organization","@id":"https:\/\/welcome-to-times-square.com\/de\/#organization","name":"times-square","url":"https:\/\/welcome-to-times-square.com\/de\/","logo":{"@type":"ImageObject","inLanguage":"de","@id":"https:\/\/welcome-to-times-square.com\/de\/#\/schema\/logo\/image\/","url":"https:\/\/welcome-to-times-square.com\/wp-content\/uploads\/2024\/03\/welcome-to-time-square-logo-with-r.png","contentUrl":"https:\/\/welcome-to-times-square.com\/wp-content\/uploads\/2024\/03\/welcome-to-time-square-logo-with-r.png","width":500,"height":342,"caption":"times-square"},"image":{"@id":"https:\/\/welcome-to-times-square.com\/de\/#\/schema\/logo\/image\/"}}]}},"_hostinger_reach_plugin_has_subscription_block":false,"_hostinger_reach_plugin_is_elementor":false,"_links":{"self":[{"href":"https:\/\/welcome-to-times-square.com\/de\/wp-json\/wp\/v2\/pages\/8744","targetHints":{"allow":["GET"]}}],"collection":[{"href":"https:\/\/welcome-to-times-square.com\/de\/wp-json\/wp\/v2\/pages"}],"about":[{"href":"https:\/\/welcome-to-times-square.com\/de\/wp-json\/wp\/v2\/types\/page"}],"author":[{"embeddable":true,"href":"https:\/\/welcome-to-times-square.com\/de\/wp-json\/wp\/v2\/users\/53"}],"replies":[{"embeddable":true,"href":"https:\/\/welcome-to-times-square.com\/de\/wp-json\/wp\/v2\/comments?post=8744"}],"version-history":[{"count":8,"href":"https:\/\/welcome-to-times-square.com\/de\/wp-json\/wp\/v2\/pages\/8744\/revisions"}],"predecessor-version":[{"id":14998,"href":"https:\/\/welcome-to-times-square.com\/de\/wp-json\/wp\/v2\/pages\/8744\/revisions\/14998"}],"wp:attachment":[{"href":"https:\/\/welcome-to-times-square.com\/de\/wp-json\/wp\/v2\/media?parent=8744"}],"curies":[{"name":"wp","href":"https:\/\/api.w.org\/{rel}","templated":true}]}}