{"id":8815,"date":"2022-04-21T22:53:05","date_gmt":"2022-04-21T22:53:05","guid":{"rendered":"https:\/\/welcome-to-times-square.com\/dining\/"},"modified":"2025-01-16T10:09:49","modified_gmt":"2025-01-16T10:09:49","slug":"dining","status":"publish","type":"page","link":"https:\/\/welcome-to-times-square.com\/de\/dining\/","title":{"rendered":"Dining"},"content":{"rendered":"\t\t<div data-elementor-type=\"wp-page\" data-elementor-id=\"8815\" class=\"elementor elementor-8815 elementor-2737\" data-elementor-post-type=\"page\">\n\t\t\t\t<div class=\"elementor-element elementor-element-d3dee06 e-flex e-con-boxed e-con e-parent\" data-id=\"d3dee06\" data-element_type=\"container\" data-e-type=\"container\" data-settings=\"{&quot;background_background&quot;:&quot;classic&quot;}\">\n\t\t\t\t\t<div class=\"e-con-inner\">\n\t\t\t\t<div class=\"elementor-element elementor-element-71ffd47 elementor-widget elementor-widget-heading\" data-id=\"71ffd47\" data-element_type=\"widget\" data-e-type=\"widget\" data-widget_type=\"heading.default\">\n\t\t\t\t<div class=\"elementor-widget-container\">\n\t\t\t\t\t<h2 class=\"elementor-heading-title elementor-size-default\">Dining<\/h2>\t\t\t\t<\/div>\n\t\t\t\t<\/div>\n\t\t\t\t<div class=\"elementor-element elementor-element-cd1cce5 elementor-widget-divider--view-line elementor-widget elementor-widget-divider\" data-id=\"cd1cce5\" data-element_type=\"widget\" data-e-type=\"widget\" data-widget_type=\"divider.default\">\n\t\t\t\t<div class=\"elementor-widget-container\">\n\t\t\t\t\t\t\t<div class=\"elementor-divider\">\n\t\t\t<span class=\"elementor-divider-separator\">\n\t\t\t\t\t\t<\/span>\n\t\t<\/div>\n\t\t\t\t\t\t<\/div>\n\t\t\t\t<\/div>\n\t\t\t\t<div class=\"elementor-element elementor-element-bc9c556 elementor-widget elementor-widget-text-editor\" data-id=\"bc9c556\" data-element_type=\"widget\" data-e-type=\"widget\" data-widget_type=\"text-editor.default\">\n\t\t\t\t<div class=\"elementor-widget-container\">\n\t\t\t\t\t\t\t\t\t<div class=\"vc_row wpb_row vc_row-fluid vc_custom_1650656343119 vc_row-has-fill\">\n<div class=\"wpb_column vc_column_container vc_col-sm-12\">\n<div class=\"vc_column-inner\">\n<div class=\"wpb_wrapper\">\n<div class=\"wpb_text_column wpb_content_element \">\n<div class=\"wpb_wrapper\">\n<p>Rund um den Times Square gibt es so viele Restaurants und Bars wie Menschen auf den Stra\u00dfen unterwegs sind.<\/p>\n<p>Es gibt gastronomische Angebote f\u00fcr jeden Geschmack und f\u00fcr jedes Alter. Von den traditionellsten und historischsten Gerichten bis hin zu den neuen Gourmet-K\u00f6stlichkeiten der innovativsten K\u00f6che. Times Square l\u00e4dt Sie ein, mit vollem Bauch zu genie\u00dfen, auch wenn Sie wenig Geld und wenig Zeit haben, um ein aufwendiges Gericht zu probieren.  <\/p>\n<p>New York ist eine Stadt, die niemals ruht und eine hervorragende Vielfalt an kulturellen Angeboten und touristischen Attraktionen bietet, die man nicht verpassen darf. Im Allgemeinen m\u00fcssen Touristen je nach der ihnen zur Verf\u00fcgung stehenden Zeit entscheiden, was sie tun und was sie lassen wollen. Bei vielen Gelegenheiten ist ein schnelles Essen auf der Stra\u00dfe eine gute Option, um das Beste aus dem Tag zu machen.  <\/p>\n<p>Die billigsten und typischsten Lebensmittel, die an jeder Ecke New Yorks zu finden sind, sind Hot Dogs, Bagels, Pizzas und sogar einige leckere Hamburger, die zur Tradition der Stadt geh\u00f6ren.<\/p>\n<p>An fast jeder Ecke Manhattans k\u00f6nnen Sie diese Fast Foods mit dem besten Geschmack und den g\u00fcnstigsten Preisen essen.<\/p>\n<p>Der Preis f\u00fcr einen Hotdog liegt bei etwa 2 US-Dollar, obwohl es immer ratsam ist, vor der Bestellung nachzufragen, da der Betrag nicht \u00fcblich ist und zu einigen Unannehmlichkeiten f\u00fchren kann.<\/p>\n<p>Pizza ist eine weitere Option, die Sie normalerweise in jedem Schnellimbiss, Gesch\u00e4ft oder sogar in Superm\u00e4rkten finden. Die Qualit\u00e4t ist \u00fcberall ziemlich \u00e4hnlich, da die Portionen gro\u00df und die Zubereitung akzeptabel ist, auch wenn es keine gro\u00dfe Auswahl an Geschmacksrichtungen gibt. Der Preis pro Portion liegt bei etwa 3 US$.  <\/p>\n<p>F\u00fcr Kaffeeliebhaber ist New York die perfekte Kulisse, denn es ist \u00fcblich, Menschen jeden Alters mit einem gro\u00dfen Glas zum Mitnehmen die Stra\u00dfe entlanglaufen zu sehen. Selbst f\u00fcr diejenigen, die etwas Kaltes bevorzugen, sind gro\u00dfe Fruchtsmoothies mit viel Eis eine einfache Option, die man in Gesch\u00e4ften f\u00fcr unterwegs findet und die gegen sehr hei\u00dfe Tage helfen. <\/p>\n<p>Es stimmt, dass diese Art von Essen \u00fcberall zu finden ist, aber es gibt bestimmte Bereiche der Stadt, in denen Sie eine spezifischere Speisekarte und die typischen Spezialit\u00e4ten einer Region der Welt finden. Dazu geh\u00f6ren Chinatown und Little Italy. <\/p>\n<p>Chinatown ist ein Viertel in New York City, das daf\u00fcr bekannt ist, eine Enklave mit einer gro\u00dfen Anzahl chinesischer Einwanderer zu sein. Manhattan ist eines der neun bekannten Viertel mit dieser Bezeichnung, die es in den Vereinigten Staaten gibt, und hat eine Bev\u00f6lkerungsdichte von fast einer Million Einwohnern. Dort k\u00f6nnen Sie die gr\u00f6\u00dfte Vielfalt an asiatischen Speisen genie\u00dfen, die haupts\u00e4chlich aus der alten chinesischen Kultur und S\u00fcdostasien stammen. Die g\u00e4ngigsten Gerichte sind asiatische Teigtaschen, Schweinefleischbr\u00f6tchen und handgeschnittene Nudeln.   <\/p>\n<p>Au\u00dferdem sind die belebten B\u00fcrgersteige ges\u00e4umt von Souvenirl\u00e4den, Bubble Tea Shops und M\u00e4rkten, auf denen alles von frischem und getrocknetem Fisch bis hin zu Kr\u00e4utern und Gew\u00fcrzen verkauft wird.<\/p>\n<p>Dieses Gebiet erstreckt sich \u00fcber eine ungef\u00e4hre Fl\u00e4che von 1,5 Kilometern von Nord nach S\u00fcd und 3 Kilometern von Ost nach West innerhalb der Insel Manhattan. Touristen besuchen jedoch nur das alte Zentrum von Chinatown, die Kreuzungen der Canal Street mit Mott und Mulberry sowie die Kreuzung der Pell und Doyers Street.<\/p>\n<p>Little Italy wiederum ist ein Viertel, das so genannt wurde, weil es urspr\u00fcnglich von einer gro\u00dfen Anzahl italienischer Einwanderer bev\u00f6lkert war. Obwohl es fr\u00fcher ein gr\u00f6\u00dferes Gebiet umfasste, beschr\u00e4nkt es sich heute auf den Abschnitt der Mulberry Street zwischen Broome und Canal. Diese Gegend ist voller Restaurants, deren Kunden meist Touristen sind, die den Geschmack guter typischer Pizzen und Pasta genie\u00dfen wollen.  <\/p>\n<p>Das &#8222;Fest von San Gennaro&#8220; ist sehr typisch f\u00fcr Klein-Italien und findet jeden September elf Tage lang statt.<\/p>\n<p>F\u00fcr diejenigen, die die neuen Gaumenfreuden und die innovativsten K\u00f6che genie\u00dfen m\u00f6chten, ist der Times Square voll von Touristenrestaurants, die ber\u00fchmt sind und von Gastrokritikern hoch bewertet werden, wie das Planet Hollywood und das Hard Rock Caf\u00e9. In diesen F\u00e4llen sind die Preise in der Regel recht hoch und viele bieten eine gro\u00dfe Auswahl an typisch amerikanischem Essen, mit wundersch\u00f6ner Dekoration und beeindruckend gepflegter Umgebung. <\/p>\n<\/div>\n<\/div>\n<\/div>\n<\/div>\n<\/div>\n<\/div>\n\t\t\t\t\t\t\t\t<\/div>\n\t\t\t\t<\/div>\n\t\t\t\t<div class=\"elementor-element elementor-element-947fa8b elementor-widget-divider--view-line elementor-widget elementor-widget-divider\" data-id=\"947fa8b\" data-element_type=\"widget\" data-e-type=\"widget\" data-widget_type=\"divider.default\">\n\t\t\t\t<div class=\"elementor-widget-container\">\n\t\t\t\t\t\t\t<div class=\"elementor-divider\">\n\t\t\t<span class=\"elementor-divider-separator\">\n\t\t\t\t\t\t<\/span>\n\t\t<\/div>\n\t\t\t\t\t\t<\/div>\n\t\t\t\t<\/div>\n\t\t\t\t<div class=\"elementor-element elementor-element-d9c1978 elementor-widget elementor-widget-text-editor\" data-id=\"d9c1978\" data-element_type=\"widget\" data-e-type=\"widget\" data-widget_type=\"text-editor.default\">\n\t\t\t\t<div class=\"elementor-widget-container\">\n\t\t\t\t\t\t\t\t\t<p><strong>Wenn Sie auf unserer Plakatwand am Times Square erscheinen m\u00f6chten, gehen Sie bitte zu unserem Abschnitt KONTAKT.<\/strong><\/p>\n<p>Und so funktioniert es:<\/p>\n<p>Ob ein Geburtstag, ein Heiratsantrag, ein Jahrestag oder eine einfache Liebeserkl\u00e4rung, wir haben alles f\u00fcr Sie. Seien Sie nicht nur ein Gesicht in der Menge! <br \/>Bringen Sie Ihr Foto oder Video auf unsere Plakatwand am Times Square!<\/p>\n<p>Option 1: Ihr 60 Sekunden langes Video\/Foto wird 22 Mal pro Tag angezeigt.<br \/>Option 2: Ihr 30 Sekunden langes Video\/Foto wird 44 Mal pro Tag angezeigt<br \/>Option 3: Ihr 15 Sekunden langes Video\/Foto wird 88 Mal pro Tag angezeigt.<\/p>\n<p>Unsere Plakatwand ist 31ft x55 ft gro\u00df und befindet sich am 1560 Broadway (Broadway und 46th Street direkt \u00fcber dem Pel\u00e9-Gesch\u00e4ft).<\/p>\n<p>Seien Sie kein Gesicht in der Menge!<\/p>\n\t\t\t\t\t\t\t\t<\/div>\n\t\t\t\t<\/div>\n\t\t\t\t<div class=\"elementor-element elementor-element-e6adae7 elementor-widget elementor-widget-image\" data-id=\"e6adae7\" data-element_type=\"widget\" data-e-type=\"widget\" data-widget_type=\"image.default\">\n\t\t\t\t<div class=\"elementor-widget-container\">\n\t\t\t\t\t\t\t\t\t\t\t\t\t\t\t<img fetchpriority=\"high\" decoding=\"async\" width=\"1024\" height=\"500\" src=\"https:\/\/welcome-to-times-square.com\/wp-content\/uploads\/2022\/04\/dining-1024x500.jpg\" class=\"attachment-large size-large wp-image-6143\" alt=\"\" srcset=\"https:\/\/welcome-to-times-square.com\/wp-content\/uploads\/2022\/04\/dining-1024x500.jpg 1024w, https:\/\/welcome-to-times-square.com\/wp-content\/uploads\/2022\/04\/dining-600x293.jpg 600w, https:\/\/welcome-to-times-square.com\/wp-content\/uploads\/2022\/04\/dining-300x147.jpg 300w, https:\/\/welcome-to-times-square.com\/wp-content\/uploads\/2022\/04\/dining-768x375.jpg 768w, https:\/\/welcome-to-times-square.com\/wp-content\/uploads\/2022\/04\/dining-1536x750.jpg 1536w, https:\/\/welcome-to-times-square.com\/wp-content\/uploads\/2022\/04\/dining.jpg 1918w\" sizes=\"(max-width: 1024px) 100vw, 1024px\" \/>\t\t\t\t\t\t\t\t\t\t\t\t\t\t\t<\/div>\n\t\t\t\t<\/div>\n\t\t\t\t\t<\/div>\n\t\t\t\t<\/div>\n\t\t\t\t<\/div>\n\t\t","protected":false},"excerpt":{"rendered":"Dining Rund um den Times Square gibt es so viele Restaurants und Bars wie Menschen auf den Stra\u00dfen unterwegs sind. Es gibt gastronomische Angebote f\u00fcr jeden Geschmack und f\u00fcr jedes Alter. Von den traditionellsten und historischsten Gerichten bis hin zu den neuen Gourmet-K\u00f6stlichkeiten der innovativsten K\u00f6che. Times Square l\u00e4dt Sie ein, mit vollem Bauch zu [...]<a href=\"https:\/\/welcome-to-times-square.com\/de\/dining\/\" class=\"read-more wyz-secondary-color-text\">read more<span class=\"screen-reader-text\">Dining<\/span><\/a>","protected":false},"author":53,"featured_media":0,"parent":0,"menu_order":0,"comment_status":"closed","ping_status":"closed","template":"elementor_header_footer","meta":{"footnotes":""},"class_list":["post-8815","page","type-page","status-publish","hentry"],"yoast_head":"<!-- This site is optimized with the Yoast SEO plugin v27.2 - https:\/\/yoast.com\/product\/yoast-seo-wordpress\/ -->\n<title>Dining - times-square<\/title>\n<meta name=\"description\" content=\"Es gibt gastronomische Angebote f\u00fcr jeden Geschmack und f\u00fcr jedes Alter. Von den traditionellsten und historischsten Gerichten bis hin zu den neuen Gourmet-K\u00f6stlichkeiten der innovativsten K\u00f6che. Times Square l\u00e4dt Sie ein, mit vollem Bauch zu genie\u00dfen, auch wenn Sie wenig Geld und wenig Zeit haben, um ein aufwendiges Gericht zu probieren.\" \/>\n<meta name=\"robots\" content=\"index, follow, max-snippet:-1, max-image-preview:large, max-video-preview:-1\" \/>\n<link rel=\"canonical\" href=\"https:\/\/welcome-to-times-square.com\/de\/dining\/\" \/>\n<meta property=\"og:locale\" content=\"de_DE\" \/>\n<meta property=\"og:type\" content=\"article\" \/>\n<meta property=\"og:title\" content=\"Dining - times-square\" \/>\n<meta property=\"og:description\" content=\"Es gibt gastronomische Angebote f\u00fcr jeden Geschmack und f\u00fcr jedes Alter. Von den traditionellsten und historischsten Gerichten bis hin zu den neuen Gourmet-K\u00f6stlichkeiten der innovativsten K\u00f6che. Times Square l\u00e4dt Sie ein, mit vollem Bauch zu genie\u00dfen, auch wenn Sie wenig Geld und wenig Zeit haben, um ein aufwendiges Gericht zu probieren.\" \/>\n<meta property=\"og:url\" content=\"https:\/\/welcome-to-times-square.com\/de\/dining\/\" \/>\n<meta property=\"og:site_name\" content=\"times-square\" \/>\n<meta property=\"article:modified_time\" content=\"2025-01-16T10:09:49+00:00\" \/>\n<meta property=\"og:image\" content=\"https:\/\/welcome-to-times-square.com\/wp-content\/uploads\/2022\/04\/dining.jpg\" \/>\n\t<meta property=\"og:image:width\" content=\"1918\" \/>\n\t<meta property=\"og:image:height\" content=\"937\" \/>\n\t<meta property=\"og:image:type\" content=\"image\/jpeg\" \/>\n<meta name=\"twitter:card\" content=\"summary_large_image\" \/>\n<meta name=\"twitter:label1\" content=\"Gesch\u00e4tzte Lesezeit\" \/>\n\t<meta name=\"twitter:data1\" content=\"4\u00a0Minuten\" \/>\n<script type=\"application\/ld+json\" class=\"yoast-schema-graph\">{\"@context\":\"https:\/\/schema.org\",\"@graph\":[{\"@type\":\"WebPage\",\"@id\":\"https:\/\/welcome-to-times-square.com\/de\/dining\/\",\"url\":\"https:\/\/welcome-to-times-square.com\/de\/dining\/\",\"name\":\"Dining - times-square\",\"isPartOf\":{\"@id\":\"https:\/\/welcome-to-times-square.com\/de\/#website\"},\"primaryImageOfPage\":{\"@id\":\"https:\/\/welcome-to-times-square.com\/de\/dining\/#primaryimage\"},\"image\":{\"@id\":\"https:\/\/welcome-to-times-square.com\/de\/dining\/#primaryimage\"},\"thumbnailUrl\":\"https:\/\/welcome-to-times-square.com\/wp-content\/uploads\/2022\/04\/dining-1024x500.jpg\",\"datePublished\":\"2022-04-21T22:53:05+00:00\",\"dateModified\":\"2025-01-16T10:09:49+00:00\",\"description\":\"Es gibt gastronomische Angebote f\u00fcr jeden Geschmack und f\u00fcr jedes Alter. Von den traditionellsten und historischsten Gerichten bis hin zu den neuen Gourmet-K\u00f6stlichkeiten der innovativsten K\u00f6che. Times Square l\u00e4dt Sie ein, mit vollem Bauch zu genie\u00dfen, auch wenn Sie wenig Geld und wenig Zeit haben, um ein aufwendiges Gericht zu probieren.\",\"breadcrumb\":{\"@id\":\"https:\/\/welcome-to-times-square.com\/de\/dining\/#breadcrumb\"},\"inLanguage\":\"de\",\"potentialAction\":[{\"@type\":\"ReadAction\",\"target\":[\"https:\/\/welcome-to-times-square.com\/de\/dining\/\"]}]},{\"@type\":\"ImageObject\",\"inLanguage\":\"de\",\"@id\":\"https:\/\/welcome-to-times-square.com\/de\/dining\/#primaryimage\",\"url\":\"https:\/\/welcome-to-times-square.com\/wp-content\/uploads\/2022\/04\/dining-1024x500.jpg\",\"contentUrl\":\"https:\/\/welcome-to-times-square.com\/wp-content\/uploads\/2022\/04\/dining-1024x500.jpg\"},{\"@type\":\"BreadcrumbList\",\"@id\":\"https:\/\/welcome-to-times-square.com\/de\/dining\/#breadcrumb\",\"itemListElement\":[{\"@type\":\"ListItem\",\"position\":1,\"name\":\"Home\",\"item\":\"https:\/\/welcome-to-times-square.com\/de\/\"},{\"@type\":\"ListItem\",\"position\":2,\"name\":\"Dining\"}]},{\"@type\":\"WebSite\",\"@id\":\"https:\/\/welcome-to-times-square.com\/de\/#website\",\"url\":\"https:\/\/welcome-to-times-square.com\/de\/\",\"name\":\"times-square\",\"description\":\"times-square\",\"publisher\":{\"@id\":\"https:\/\/welcome-to-times-square.com\/de\/#organization\"},\"potentialAction\":[{\"@type\":\"SearchAction\",\"target\":{\"@type\":\"EntryPoint\",\"urlTemplate\":\"https:\/\/welcome-to-times-square.com\/de\/?s={search_term_string}\"},\"query-input\":{\"@type\":\"PropertyValueSpecification\",\"valueRequired\":true,\"valueName\":\"search_term_string\"}}],\"inLanguage\":\"de\"},{\"@type\":\"Organization\",\"@id\":\"https:\/\/welcome-to-times-square.com\/de\/#organization\",\"name\":\"times-square\",\"url\":\"https:\/\/welcome-to-times-square.com\/de\/\",\"logo\":{\"@type\":\"ImageObject\",\"inLanguage\":\"de\",\"@id\":\"https:\/\/welcome-to-times-square.com\/de\/#\/schema\/logo\/image\/\",\"url\":\"https:\/\/welcome-to-times-square.com\/wp-content\/uploads\/2024\/03\/welcome-to-time-square-logo-with-r.png\",\"contentUrl\":\"https:\/\/welcome-to-times-square.com\/wp-content\/uploads\/2024\/03\/welcome-to-time-square-logo-with-r.png\",\"width\":500,\"height\":342,\"caption\":\"times-square\"},\"image\":{\"@id\":\"https:\/\/welcome-to-times-square.com\/de\/#\/schema\/logo\/image\/\"}}]}<\/script>\n<!-- \/ Yoast SEO plugin. -->","yoast_head_json":{"title":"Dining - times-square","description":"Es gibt gastronomische Angebote f\u00fcr jeden Geschmack und f\u00fcr jedes Alter. Von den traditionellsten und historischsten Gerichten bis hin zu den neuen Gourmet-K\u00f6stlichkeiten der innovativsten K\u00f6che. Times Square l\u00e4dt Sie ein, mit vollem Bauch zu genie\u00dfen, auch wenn Sie wenig Geld und wenig Zeit haben, um ein aufwendiges Gericht zu probieren.","robots":{"index":"index","follow":"follow","max-snippet":"max-snippet:-1","max-image-preview":"max-image-preview:large","max-video-preview":"max-video-preview:-1"},"canonical":"https:\/\/welcome-to-times-square.com\/de\/dining\/","og_locale":"de_DE","og_type":"article","og_title":"Dining - times-square","og_description":"Es gibt gastronomische Angebote f\u00fcr jeden Geschmack und f\u00fcr jedes Alter. Von den traditionellsten und historischsten Gerichten bis hin zu den neuen Gourmet-K\u00f6stlichkeiten der innovativsten K\u00f6che. Times Square l\u00e4dt Sie ein, mit vollem Bauch zu genie\u00dfen, auch wenn Sie wenig Geld und wenig Zeit haben, um ein aufwendiges Gericht zu probieren.","og_url":"https:\/\/welcome-to-times-square.com\/de\/dining\/","og_site_name":"times-square","article_modified_time":"2025-01-16T10:09:49+00:00","og_image":[{"width":1918,"height":937,"url":"https:\/\/welcome-to-times-square.com\/wp-content\/uploads\/2022\/04\/dining.jpg","type":"image\/jpeg"}],"twitter_card":"summary_large_image","twitter_misc":{"Gesch\u00e4tzte Lesezeit":"4\u00a0Minuten"},"schema":{"@context":"https:\/\/schema.org","@graph":[{"@type":"WebPage","@id":"https:\/\/welcome-to-times-square.com\/de\/dining\/","url":"https:\/\/welcome-to-times-square.com\/de\/dining\/","name":"Dining - times-square","isPartOf":{"@id":"https:\/\/welcome-to-times-square.com\/de\/#website"},"primaryImageOfPage":{"@id":"https:\/\/welcome-to-times-square.com\/de\/dining\/#primaryimage"},"image":{"@id":"https:\/\/welcome-to-times-square.com\/de\/dining\/#primaryimage"},"thumbnailUrl":"https:\/\/welcome-to-times-square.com\/wp-content\/uploads\/2022\/04\/dining-1024x500.jpg","datePublished":"2022-04-21T22:53:05+00:00","dateModified":"2025-01-16T10:09:49+00:00","description":"Es gibt gastronomische Angebote f\u00fcr jeden Geschmack und f\u00fcr jedes Alter. Von den traditionellsten und historischsten Gerichten bis hin zu den neuen Gourmet-K\u00f6stlichkeiten der innovativsten K\u00f6che. Times Square l\u00e4dt Sie ein, mit vollem Bauch zu genie\u00dfen, auch wenn Sie wenig Geld und wenig Zeit haben, um ein aufwendiges Gericht zu probieren.","breadcrumb":{"@id":"https:\/\/welcome-to-times-square.com\/de\/dining\/#breadcrumb"},"inLanguage":"de","potentialAction":[{"@type":"ReadAction","target":["https:\/\/welcome-to-times-square.com\/de\/dining\/"]}]},{"@type":"ImageObject","inLanguage":"de","@id":"https:\/\/welcome-to-times-square.com\/de\/dining\/#primaryimage","url":"https:\/\/welcome-to-times-square.com\/wp-content\/uploads\/2022\/04\/dining-1024x500.jpg","contentUrl":"https:\/\/welcome-to-times-square.com\/wp-content\/uploads\/2022\/04\/dining-1024x500.jpg"},{"@type":"BreadcrumbList","@id":"https:\/\/welcome-to-times-square.com\/de\/dining\/#breadcrumb","itemListElement":[{"@type":"ListItem","position":1,"name":"Home","item":"https:\/\/welcome-to-times-square.com\/de\/"},{"@type":"ListItem","position":2,"name":"Dining"}]},{"@type":"WebSite","@id":"https:\/\/welcome-to-times-square.com\/de\/#website","url":"https:\/\/welcome-to-times-square.com\/de\/","name":"times-square","description":"times-square","publisher":{"@id":"https:\/\/welcome-to-times-square.com\/de\/#organization"},"potentialAction":[{"@type":"SearchAction","target":{"@type":"EntryPoint","urlTemplate":"https:\/\/welcome-to-times-square.com\/de\/?s={search_term_string}"},"query-input":{"@type":"PropertyValueSpecification","valueRequired":true,"valueName":"search_term_string"}}],"inLanguage":"de"},{"@type":"Organization","@id":"https:\/\/welcome-to-times-square.com\/de\/#organization","name":"times-square","url":"https:\/\/welcome-to-times-square.com\/de\/","logo":{"@type":"ImageObject","inLanguage":"de","@id":"https:\/\/welcome-to-times-square.com\/de\/#\/schema\/logo\/image\/","url":"https:\/\/welcome-to-times-square.com\/wp-content\/uploads\/2024\/03\/welcome-to-time-square-logo-with-r.png","contentUrl":"https:\/\/welcome-to-times-square.com\/wp-content\/uploads\/2024\/03\/welcome-to-time-square-logo-with-r.png","width":500,"height":342,"caption":"times-square"},"image":{"@id":"https:\/\/welcome-to-times-square.com\/de\/#\/schema\/logo\/image\/"}}]}},"_hostinger_reach_plugin_has_subscription_block":false,"_hostinger_reach_plugin_is_elementor":false,"_links":{"self":[{"href":"https:\/\/welcome-to-times-square.com\/de\/wp-json\/wp\/v2\/pages\/8815","targetHints":{"allow":["GET"]}}],"collection":[{"href":"https:\/\/welcome-to-times-square.com\/de\/wp-json\/wp\/v2\/pages"}],"about":[{"href":"https:\/\/welcome-to-times-square.com\/de\/wp-json\/wp\/v2\/types\/page"}],"author":[{"embeddable":true,"href":"https:\/\/welcome-to-times-square.com\/de\/wp-json\/wp\/v2\/users\/53"}],"replies":[{"embeddable":true,"href":"https:\/\/welcome-to-times-square.com\/de\/wp-json\/wp\/v2\/comments?post=8815"}],"version-history":[{"count":2,"href":"https:\/\/welcome-to-times-square.com\/de\/wp-json\/wp\/v2\/pages\/8815\/revisions"}],"predecessor-version":[{"id":8822,"href":"https:\/\/welcome-to-times-square.com\/de\/wp-json\/wp\/v2\/pages\/8815\/revisions\/8822"}],"wp:attachment":[{"href":"https:\/\/welcome-to-times-square.com\/de\/wp-json\/wp\/v2\/media?parent=8815"}],"curies":[{"name":"wp","href":"https:\/\/api.w.org\/{rel}","templated":true}]}}