{"id":8828,"date":"2022-04-21T20:42:43","date_gmt":"2022-04-21T20:42:43","guid":{"rendered":"https:\/\/welcome-to-times-square.com\/broadway\/"},"modified":"2025-01-16T10:47:16","modified_gmt":"2025-01-16T10:47:16","slug":"broadway","status":"publish","type":"page","link":"https:\/\/welcome-to-times-square.com\/de\/broadway\/","title":{"rendered":"Broadway"},"content":{"rendered":"\t\t<div data-elementor-type=\"wp-page\" data-elementor-id=\"8828\" class=\"elementor elementor-8828 elementor-2723\" data-elementor-post-type=\"page\">\n\t\t\t\t<div class=\"elementor-element elementor-element-579ae8b e-flex e-con-boxed e-con e-parent\" data-id=\"579ae8b\" data-element_type=\"container\" data-e-type=\"container\" data-settings=\"{&quot;background_background&quot;:&quot;classic&quot;}\">\n\t\t\t\t\t<div class=\"e-con-inner\">\n\t\t\t\t<div class=\"elementor-element elementor-element-58f64c5 elementor-widget elementor-widget-heading\" data-id=\"58f64c5\" data-element_type=\"widget\" data-e-type=\"widget\" data-widget_type=\"heading.default\">\n\t\t\t\t<div class=\"elementor-widget-container\">\n\t\t\t\t\t<h2 class=\"elementor-heading-title elementor-size-default\">Broadway<\/h2>\t\t\t\t<\/div>\n\t\t\t\t<\/div>\n\t\t\t\t<div class=\"elementor-element elementor-element-504852b elementor-widget-divider--view-line elementor-widget elementor-widget-divider\" data-id=\"504852b\" data-element_type=\"widget\" data-e-type=\"widget\" data-widget_type=\"divider.default\">\n\t\t\t\t<div class=\"elementor-widget-container\">\n\t\t\t\t\t\t\t<div class=\"elementor-divider\">\n\t\t\t<span class=\"elementor-divider-separator\">\n\t\t\t\t\t\t<\/span>\n\t\t<\/div>\n\t\t\t\t\t\t<\/div>\n\t\t\t\t<\/div>\n\t\t\t\t<div class=\"elementor-element elementor-element-9a3acf2 elementor-widget elementor-widget-text-editor\" data-id=\"9a3acf2\" data-element_type=\"widget\" data-e-type=\"widget\" data-widget_type=\"text-editor.default\">\n\t\t\t\t<div class=\"elementor-widget-container\">\n\t\t\t\t\t\t\t\t\t<div class=\"vc_row wpb_row vc_row-fluid vc_custom_1650656373458 vc_row-has-fill\">\n<div class=\"wpb_column vc_column_container vc_col-sm-12\">\n<div class=\"vc_column-inner\">\n<div class=\"wpb_wrapper\">\n<div class=\"wpb_text_column wpb_content_element \">\n<div class=\"wpb_wrapper\">\n<p>Eine der gr\u00f6\u00dften Attraktionen in New York City ist der Broadway, wo Sie die besten und schillerndsten Theaterangebote der Welt finden. Hier finden Sie alle notwendigen Informationen, um diese Theaterkette zu besuchen und die Shows zu genie\u00dfen, die Ihnen am besten gefallen. <\/p>\n<p>New York ist das Wahrzeichen des Musicals. Sie m\u00fcssen Ihren Besuch in der Stadt nutzen, um die unglaublichen Shows zu sehen. Sie k\u00f6nnen sich einige der vielen Listen der besten Musicals ansehen, um zu wissen, welches Sie ausw\u00e4hlen sollten. Die herausragendsten sind jedoch: \u201eDer K\u00f6nig der L\u00f6wen\u201c, der seit 1997 auf den Plakatw\u00e4nden steht, ist das beste von allen. Und deshalb gibt es im TKTS, das Sie auf der roten Treppe des Times Square finden, normalerweise keine Tickets daf\u00fcr: Dahinter befinden sich einige kleine Schlie\u00dff\u00e4cher neben einer Tafel, auf der Sie die an diesem Tag verf\u00fcgbaren Shows und die erm\u00e4\u00dfigten Preise der Tickets sehen k\u00f6nnen, die Sie f\u00fcr denselben Tag kaufen k\u00f6nnen. Sie k\u00f6nnen sich auch \u201eAladdin\u201c ansehen, das auf dem Disney-Film basiert. Es hat unglaubliche Spezialeffekte wie den Flaschengeist, der aus einer Lampe kommt, einen authentischen fliegenden Teppich und eine Inszenierung von Weinen vor R\u00fchrung; Es gibt aber auch die Klassiker \u201eChicago\u201c oder \u201eDas Phantom der Oper\u201c, aber auch modernere St\u00fccke wie \u201eHarry Potter und das verwunschene Kind\u201c, das 2021 am Broadway Premiere feiert.    <\/p>\n<p>Seit der Premiere von GREASE im Majestic Theatre in New York sind 50 Jahre vergangen. Am 14. Februar 1972 konnte die Welt diese Produktion zum ersten Mal sehen, die sechs Jahre sp\u00e4ter, 1978, auf die gro\u00dfe Leinwand gebracht wurde. Es war genau die Filmversion des Musicals, die GREASE international bekannt machte und weltweit einen gro\u00dfen kulturellen und sozialen Einfluss ausl\u00f6ste.  <\/p>\n<p>Das Musical \u201eDas Phantom der Oper\u201c feiert sein 34-j\u00e4hriges Jubil\u00e4um auf den Plakatw\u00e4nden der Theatermekka Broadway.<\/p>\n<p>Am 26. Januar 1988 hob sich im Majestic Theater in New York City, im Herzen des Theaterviertels, der Vorhang f\u00fcr diese Inszenierung.<\/p>\n<p>Seitdem haben mehrere Schauspieler dem Phantom Leben eingehaucht, der Hauptfigur der Geschichte, die in die junge T\u00e4nzerin und Operns\u00e4ngerin Christine Daa\u00e9 verliebt ist.<\/p>\n<p>Basierend auf Gast\u00f3n Lerouxs Buch \u201eLe fant\u00f3me de L\u2019\u00d3pera\u201c, in dem die junge T\u00e4nzerin und aufstrebende Operns\u00e4ngerin Christine Daa\u00e9 zur Muse und seltsamen Obsession eines Geistes an der Pariser Oper wird. Es ist eine zeitlose Liebesgeschichte, und ich denke, sie hat von allem etwas. Da ist dieser Mann, der sich in jemanden verliebt hat. Er ist nicht von dieser Welt und die Frau f\u00fchlt sich zu jemandem hingezogen, zu dem sie eine engere Verbindung hat\u201c, sagt Crawford.   <\/p>\n<p>\u201eDa ist der Kampf um die Liebe. Es gibt Intrigen. Es gibt die Wendungen. Es hat von allem etwas. Ich glaube, es ist so, dass \u201eDie Fantasie der Oper\u201c dem letzten Teil der Zeit standhalten muss und den Schauspieler hinzuf\u00fcgt.<\/p>\n<p>Miranda war mit der Sonora-Band \u201eEncanto\u201c best\u00fcckt und trat mit den Musicals \u201eIn the Heights\u201c und \u201eHamilton\u201c in die Welt des spektakul\u00e4ren Broadway am Broadway ein, die 16 Nominierungen f\u00fcr die Tony-Premieren erhielt, die h\u00f6chste Auszeichnung auf der B\u00fchne des Theaters.<\/p>\n<p>La canci\u00f3n \u201cWe Don\u2019t Talk About Bruno\u201d, de la banda sonora de la pel\u00edcula \u201cEncanto\u201d, resiste firme por tercera semana consecutiva al frente de Billboard Hot 100, la principal lista de popularidad musical en Estados Unidos. El tema interpretado por Carolina Gait\u00e1n, Mauro Castillo, Adassa, Rhenzy Feliz, Diane Guerrero, Stephanie Beatriz y el elenco del filme inspirado en el folclor colombiano sigue igualando registros hist\u00f3ricos de pel\u00edculas de Disney. <\/p>\n<\/div>\n<\/div>\n<\/div>\n<\/div>\n<\/div>\n<\/div>\n\t\t\t\t\t\t\t\t<\/div>\n\t\t\t\t<\/div>\n\t\t\t\t<div class=\"elementor-element elementor-element-d0af643 elementor-widget-divider--view-line elementor-widget elementor-widget-divider\" data-id=\"d0af643\" data-element_type=\"widget\" data-e-type=\"widget\" data-widget_type=\"divider.default\">\n\t\t\t\t<div class=\"elementor-widget-container\">\n\t\t\t\t\t\t\t<div class=\"elementor-divider\">\n\t\t\t<span class=\"elementor-divider-separator\">\n\t\t\t\t\t\t<\/span>\n\t\t<\/div>\n\t\t\t\t\t\t<\/div>\n\t\t\t\t<\/div>\n\t\t\t\t<div class=\"elementor-element elementor-element-6d56304 elementor-widget elementor-widget-text-editor\" data-id=\"6d56304\" data-element_type=\"widget\" data-e-type=\"widget\" data-widget_type=\"text-editor.default\">\n\t\t\t\t<div class=\"elementor-widget-container\">\n\t\t\t\t\t\t\t\t\t<p><strong>Wenn Sie auf unserer Plakatwand am Times Square erscheinen m\u00f6chten, gehen Sie bitte zu unserem Abschnitt KONTAKT.<\/strong><\/p>\n<p>Und so funktioniert es:<\/p>\n<p>Ob ein Geburtstag, ein Heiratsantrag, ein Jahrestag oder eine einfache Liebeserkl\u00e4rung, wir haben alles f\u00fcr Sie. Seien Sie nicht nur ein Gesicht in der Menge! <br \/>Bringen Sie Ihr Foto oder Video auf unsere Plakatwand am Times Square!<\/p>\n<p>Option 1: Ihr 60 Sekunden langes Video\/Foto wird 22 Mal pro Tag angezeigt.<br \/>Option 2: Ihr 30 Sekunden langes Video\/Foto wird 44 Mal pro Tag angezeigt<br \/>Option 3: Ihr 15 Sekunden langes Video\/Foto wird 88 Mal pro Tag angezeigt.<\/p>\n<p>Unsere Plakatwand ist 31ft x55 ft gro\u00df und befindet sich am 1560 Broadway (Broadway und 46th Street direkt \u00fcber dem Pel\u00e9-Gesch\u00e4ft).<\/p>\n<p>Seien Sie kein Gesicht in der Menge!<\/p>\n\t\t\t\t\t\t\t\t<\/div>\n\t\t\t\t<\/div>\n\t\t\t\t<div class=\"elementor-element elementor-element-020f897 elementor-widget elementor-widget-image\" data-id=\"020f897\" data-element_type=\"widget\" data-e-type=\"widget\" data-widget_type=\"image.default\">\n\t\t\t\t<div class=\"elementor-widget-container\">\n\t\t\t\t\t\t\t\t\t\t\t\t\t\t\t<img fetchpriority=\"high\" decoding=\"async\" width=\"1024\" height=\"685\" src=\"https:\/\/welcome-to-times-square.com\/wp-content\/uploads\/2022\/04\/broadway-1024x685.jpg\" class=\"attachment-large size-large wp-image-6148\" alt=\"\" srcset=\"https:\/\/welcome-to-times-square.com\/wp-content\/uploads\/2022\/04\/broadway-1024x685.jpg 1024w, https:\/\/welcome-to-times-square.com\/wp-content\/uploads\/2022\/04\/broadway-600x402.jpg 600w, https:\/\/welcome-to-times-square.com\/wp-content\/uploads\/2022\/04\/broadway-300x201.jpg 300w, https:\/\/welcome-to-times-square.com\/wp-content\/uploads\/2022\/04\/broadway-768x514.jpg 768w, https:\/\/welcome-to-times-square.com\/wp-content\/uploads\/2022\/04\/broadway-1536x1028.jpg 1536w, https:\/\/welcome-to-times-square.com\/wp-content\/uploads\/2022\/04\/broadway.jpg 1600w\" sizes=\"(max-width: 1024px) 100vw, 1024px\" \/>\t\t\t\t\t\t\t\t\t\t\t\t\t\t\t<\/div>\n\t\t\t\t<\/div>\n\t\t\t\t\t<\/div>\n\t\t\t\t<\/div>\n\t\t\t\t<\/div>\n\t\t","protected":false},"excerpt":{"rendered":"Broadway Eine der gr\u00f6\u00dften Attraktionen in New York City ist der Broadway, wo Sie die besten und schillerndsten Theaterangebote der Welt finden. Hier finden Sie alle notwendigen Informationen, um diese Theaterkette zu besuchen und die Shows zu genie\u00dfen, die Ihnen am besten gefallen. New York ist das Wahrzeichen des Musicals. Sie m\u00fcssen Ihren Besuch in [...]<a href=\"https:\/\/welcome-to-times-square.com\/de\/broadway\/\" class=\"read-more wyz-secondary-color-text\">read more<span class=\"screen-reader-text\">Broadway<\/span><\/a>","protected":false},"author":53,"featured_media":0,"parent":0,"menu_order":0,"comment_status":"closed","ping_status":"closed","template":"elementor_header_footer","meta":{"footnotes":""},"class_list":["post-8828","page","type-page","status-publish","hentry"],"yoast_head":"<!-- This site is optimized with the Yoast SEO plugin v27.2 - https:\/\/yoast.com\/product\/yoast-seo-wordpress\/ -->\n<title>Broadway - times-square<\/title>\n<meta name=\"robots\" content=\"index, follow, max-snippet:-1, max-image-preview:large, max-video-preview:-1\" \/>\n<link rel=\"canonical\" href=\"https:\/\/welcome-to-times-square.com\/de\/broadway\/\" \/>\n<meta property=\"og:locale\" content=\"de_DE\" \/>\n<meta property=\"og:type\" content=\"article\" \/>\n<meta property=\"og:title\" content=\"Broadway - times-square\" \/>\n<meta property=\"og:description\" content=\"Broadway Eine der gr\u00f6\u00dften Attraktionen in New York City ist der Broadway, wo Sie die besten und schillerndsten Theaterangebote der Welt finden. Hier finden Sie alle notwendigen Informationen, um diese Theaterkette zu besuchen und die Shows zu genie\u00dfen, die Ihnen am besten gefallen. New York ist das Wahrzeichen des Musicals. Sie m\u00fcssen Ihren Besuch in [...]read moreBroadway\" \/>\n<meta property=\"og:url\" content=\"https:\/\/welcome-to-times-square.com\/de\/broadway\/\" \/>\n<meta property=\"og:site_name\" content=\"times-square\" \/>\n<meta property=\"article:modified_time\" content=\"2025-01-16T10:47:16+00:00\" \/>\n<meta property=\"og:image\" content=\"https:\/\/welcome-to-times-square.com\/wp-content\/uploads\/2022\/04\/broadway.jpg\" \/>\n\t<meta property=\"og:image:width\" content=\"1600\" \/>\n\t<meta property=\"og:image:height\" content=\"1071\" \/>\n\t<meta property=\"og:image:type\" content=\"image\/jpeg\" \/>\n<meta name=\"twitter:card\" content=\"summary_large_image\" \/>\n<meta name=\"twitter:label1\" content=\"Gesch\u00e4tzte Lesezeit\" \/>\n\t<meta name=\"twitter:data1\" content=\"4\u00a0Minuten\" \/>\n<script type=\"application\/ld+json\" class=\"yoast-schema-graph\">{\"@context\":\"https:\/\/schema.org\",\"@graph\":[{\"@type\":\"WebPage\",\"@id\":\"https:\/\/welcome-to-times-square.com\/de\/broadway\/\",\"url\":\"https:\/\/welcome-to-times-square.com\/de\/broadway\/\",\"name\":\"Broadway - times-square\",\"isPartOf\":{\"@id\":\"https:\/\/welcome-to-times-square.com\/de\/#website\"},\"primaryImageOfPage\":{\"@id\":\"https:\/\/welcome-to-times-square.com\/de\/broadway\/#primaryimage\"},\"image\":{\"@id\":\"https:\/\/welcome-to-times-square.com\/de\/broadway\/#primaryimage\"},\"thumbnailUrl\":\"https:\/\/welcome-to-times-square.com\/wp-content\/uploads\/2022\/04\/broadway-1024x685.jpg\",\"datePublished\":\"2022-04-21T20:42:43+00:00\",\"dateModified\":\"2025-01-16T10:47:16+00:00\",\"breadcrumb\":{\"@id\":\"https:\/\/welcome-to-times-square.com\/de\/broadway\/#breadcrumb\"},\"inLanguage\":\"de\",\"potentialAction\":[{\"@type\":\"ReadAction\",\"target\":[\"https:\/\/welcome-to-times-square.com\/de\/broadway\/\"]}]},{\"@type\":\"ImageObject\",\"inLanguage\":\"de\",\"@id\":\"https:\/\/welcome-to-times-square.com\/de\/broadway\/#primaryimage\",\"url\":\"https:\/\/welcome-to-times-square.com\/wp-content\/uploads\/2022\/04\/broadway-1024x685.jpg\",\"contentUrl\":\"https:\/\/welcome-to-times-square.com\/wp-content\/uploads\/2022\/04\/broadway-1024x685.jpg\"},{\"@type\":\"BreadcrumbList\",\"@id\":\"https:\/\/welcome-to-times-square.com\/de\/broadway\/#breadcrumb\",\"itemListElement\":[{\"@type\":\"ListItem\",\"position\":1,\"name\":\"Home\",\"item\":\"https:\/\/welcome-to-times-square.com\/de\/\"},{\"@type\":\"ListItem\",\"position\":2,\"name\":\"Broadway\"}]},{\"@type\":\"WebSite\",\"@id\":\"https:\/\/welcome-to-times-square.com\/de\/#website\",\"url\":\"https:\/\/welcome-to-times-square.com\/de\/\",\"name\":\"times-square\",\"description\":\"times-square\",\"publisher\":{\"@id\":\"https:\/\/welcome-to-times-square.com\/de\/#organization\"},\"potentialAction\":[{\"@type\":\"SearchAction\",\"target\":{\"@type\":\"EntryPoint\",\"urlTemplate\":\"https:\/\/welcome-to-times-square.com\/de\/?s={search_term_string}\"},\"query-input\":{\"@type\":\"PropertyValueSpecification\",\"valueRequired\":true,\"valueName\":\"search_term_string\"}}],\"inLanguage\":\"de\"},{\"@type\":\"Organization\",\"@id\":\"https:\/\/welcome-to-times-square.com\/de\/#organization\",\"name\":\"times-square\",\"url\":\"https:\/\/welcome-to-times-square.com\/de\/\",\"logo\":{\"@type\":\"ImageObject\",\"inLanguage\":\"de\",\"@id\":\"https:\/\/welcome-to-times-square.com\/de\/#\/schema\/logo\/image\/\",\"url\":\"https:\/\/welcome-to-times-square.com\/wp-content\/uploads\/2024\/03\/welcome-to-time-square-logo-with-r.png\",\"contentUrl\":\"https:\/\/welcome-to-times-square.com\/wp-content\/uploads\/2024\/03\/welcome-to-time-square-logo-with-r.png\",\"width\":500,\"height\":342,\"caption\":\"times-square\"},\"image\":{\"@id\":\"https:\/\/welcome-to-times-square.com\/de\/#\/schema\/logo\/image\/\"}}]}<\/script>\n<!-- \/ Yoast SEO plugin. -->","yoast_head_json":{"title":"Broadway - times-square","robots":{"index":"index","follow":"follow","max-snippet":"max-snippet:-1","max-image-preview":"max-image-preview:large","max-video-preview":"max-video-preview:-1"},"canonical":"https:\/\/welcome-to-times-square.com\/de\/broadway\/","og_locale":"de_DE","og_type":"article","og_title":"Broadway - times-square","og_description":"Broadway Eine der gr\u00f6\u00dften Attraktionen in New York City ist der Broadway, wo Sie die besten und schillerndsten Theaterangebote der Welt finden. Hier finden Sie alle notwendigen Informationen, um diese Theaterkette zu besuchen und die Shows zu genie\u00dfen, die Ihnen am besten gefallen. New York ist das Wahrzeichen des Musicals. Sie m\u00fcssen Ihren Besuch in [...]read moreBroadway","og_url":"https:\/\/welcome-to-times-square.com\/de\/broadway\/","og_site_name":"times-square","article_modified_time":"2025-01-16T10:47:16+00:00","og_image":[{"width":1600,"height":1071,"url":"https:\/\/welcome-to-times-square.com\/wp-content\/uploads\/2022\/04\/broadway.jpg","type":"image\/jpeg"}],"twitter_card":"summary_large_image","twitter_misc":{"Gesch\u00e4tzte Lesezeit":"4\u00a0Minuten"},"schema":{"@context":"https:\/\/schema.org","@graph":[{"@type":"WebPage","@id":"https:\/\/welcome-to-times-square.com\/de\/broadway\/","url":"https:\/\/welcome-to-times-square.com\/de\/broadway\/","name":"Broadway - times-square","isPartOf":{"@id":"https:\/\/welcome-to-times-square.com\/de\/#website"},"primaryImageOfPage":{"@id":"https:\/\/welcome-to-times-square.com\/de\/broadway\/#primaryimage"},"image":{"@id":"https:\/\/welcome-to-times-square.com\/de\/broadway\/#primaryimage"},"thumbnailUrl":"https:\/\/welcome-to-times-square.com\/wp-content\/uploads\/2022\/04\/broadway-1024x685.jpg","datePublished":"2022-04-21T20:42:43+00:00","dateModified":"2025-01-16T10:47:16+00:00","breadcrumb":{"@id":"https:\/\/welcome-to-times-square.com\/de\/broadway\/#breadcrumb"},"inLanguage":"de","potentialAction":[{"@type":"ReadAction","target":["https:\/\/welcome-to-times-square.com\/de\/broadway\/"]}]},{"@type":"ImageObject","inLanguage":"de","@id":"https:\/\/welcome-to-times-square.com\/de\/broadway\/#primaryimage","url":"https:\/\/welcome-to-times-square.com\/wp-content\/uploads\/2022\/04\/broadway-1024x685.jpg","contentUrl":"https:\/\/welcome-to-times-square.com\/wp-content\/uploads\/2022\/04\/broadway-1024x685.jpg"},{"@type":"BreadcrumbList","@id":"https:\/\/welcome-to-times-square.com\/de\/broadway\/#breadcrumb","itemListElement":[{"@type":"ListItem","position":1,"name":"Home","item":"https:\/\/welcome-to-times-square.com\/de\/"},{"@type":"ListItem","position":2,"name":"Broadway"}]},{"@type":"WebSite","@id":"https:\/\/welcome-to-times-square.com\/de\/#website","url":"https:\/\/welcome-to-times-square.com\/de\/","name":"times-square","description":"times-square","publisher":{"@id":"https:\/\/welcome-to-times-square.com\/de\/#organization"},"potentialAction":[{"@type":"SearchAction","target":{"@type":"EntryPoint","urlTemplate":"https:\/\/welcome-to-times-square.com\/de\/?s={search_term_string}"},"query-input":{"@type":"PropertyValueSpecification","valueRequired":true,"valueName":"search_term_string"}}],"inLanguage":"de"},{"@type":"Organization","@id":"https:\/\/welcome-to-times-square.com\/de\/#organization","name":"times-square","url":"https:\/\/welcome-to-times-square.com\/de\/","logo":{"@type":"ImageObject","inLanguage":"de","@id":"https:\/\/welcome-to-times-square.com\/de\/#\/schema\/logo\/image\/","url":"https:\/\/welcome-to-times-square.com\/wp-content\/uploads\/2024\/03\/welcome-to-time-square-logo-with-r.png","contentUrl":"https:\/\/welcome-to-times-square.com\/wp-content\/uploads\/2024\/03\/welcome-to-time-square-logo-with-r.png","width":500,"height":342,"caption":"times-square"},"image":{"@id":"https:\/\/welcome-to-times-square.com\/de\/#\/schema\/logo\/image\/"}}]}},"_hostinger_reach_plugin_has_subscription_block":false,"_hostinger_reach_plugin_is_elementor":false,"_links":{"self":[{"href":"https:\/\/welcome-to-times-square.com\/de\/wp-json\/wp\/v2\/pages\/8828","targetHints":{"allow":["GET"]}}],"collection":[{"href":"https:\/\/welcome-to-times-square.com\/de\/wp-json\/wp\/v2\/pages"}],"about":[{"href":"https:\/\/welcome-to-times-square.com\/de\/wp-json\/wp\/v2\/types\/page"}],"author":[{"embeddable":true,"href":"https:\/\/welcome-to-times-square.com\/de\/wp-json\/wp\/v2\/users\/53"}],"replies":[{"embeddable":true,"href":"https:\/\/welcome-to-times-square.com\/de\/wp-json\/wp\/v2\/comments?post=8828"}],"version-history":[{"count":2,"href":"https:\/\/welcome-to-times-square.com\/de\/wp-json\/wp\/v2\/pages\/8828\/revisions"}],"predecessor-version":[{"id":8837,"href":"https:\/\/welcome-to-times-square.com\/de\/wp-json\/wp\/v2\/pages\/8828\/revisions\/8837"}],"wp:attachment":[{"href":"https:\/\/welcome-to-times-square.com\/de\/wp-json\/wp\/v2\/media?parent=8828"}],"curies":[{"name":"wp","href":"https:\/\/api.w.org\/{rel}","templated":true}]}}