{"id":8870,"date":"2022-04-21T20:50:20","date_gmt":"2022-04-21T20:50:20","guid":{"rendered":"https:\/\/welcome-to-times-square.com\/entertaiment\/"},"modified":"2025-01-16T11:15:21","modified_gmt":"2025-01-16T11:15:21","slug":"entertaiment","status":"publish","type":"page","link":"https:\/\/welcome-to-times-square.com\/de\/entertaiment\/","title":{"rendered":"Entertainment"},"content":{"rendered":"\t\t<div data-elementor-type=\"wp-page\" data-elementor-id=\"8870\" class=\"elementor elementor-8870 elementor-2724\" data-elementor-post-type=\"page\">\n\t\t\t\t<div class=\"elementor-element elementor-element-dea4015 e-flex e-con-boxed e-con e-parent\" data-id=\"dea4015\" data-element_type=\"container\" data-e-type=\"container\" data-settings=\"{&quot;background_background&quot;:&quot;classic&quot;}\">\n\t\t\t\t\t<div class=\"e-con-inner\">\n\t\t\t\t<div class=\"elementor-element elementor-element-2ba7a58 elementor-widget elementor-widget-heading\" data-id=\"2ba7a58\" data-element_type=\"widget\" data-e-type=\"widget\" data-widget_type=\"heading.default\">\n\t\t\t\t<div class=\"elementor-widget-container\">\n\t\t\t\t\t<h2 class=\"elementor-heading-title elementor-size-default\">Entertaiment<\/h2>\t\t\t\t<\/div>\n\t\t\t\t<\/div>\n\t\t\t\t<div class=\"elementor-element elementor-element-476d8d6 elementor-widget-divider--view-line elementor-widget elementor-widget-divider\" data-id=\"476d8d6\" data-element_type=\"widget\" data-e-type=\"widget\" data-widget_type=\"divider.default\">\n\t\t\t\t<div class=\"elementor-widget-container\">\n\t\t\t\t\t\t\t<div class=\"elementor-divider\">\n\t\t\t<span class=\"elementor-divider-separator\">\n\t\t\t\t\t\t<\/span>\n\t\t<\/div>\n\t\t\t\t\t\t<\/div>\n\t\t\t\t<\/div>\n\t\t\t\t<div class=\"elementor-element elementor-element-47af605 elementor-widget elementor-widget-text-editor\" data-id=\"47af605\" data-element_type=\"widget\" data-e-type=\"widget\" data-widget_type=\"text-editor.default\">\n\t\t\t\t<div class=\"elementor-widget-container\">\n\t\t\t\t\t\t\t\t\t<div class=\"vc_row wpb_row vc_row-fluid vc_custom_1650656361411 vc_row-has-fill\">\n<div class=\"wpb_column vc_column_container vc_col-sm-12\">\n<div class=\"vc_column-inner\">\n<div class=\"wpb_wrapper\">\n<div class=\"wpb_text_column wpb_content_element \">\n<div class=\"wpb_wrapper\">\n<p>Pamela Anderson, 54, begann ihre achtw\u00f6chige Broadway-Karriere mit der Rolle der schlauen Roxie Hart in dem legend\u00e4ren Musical von Bob Fosse und Fred Ebb, wo sie mit unerm\u00fcdlichem Lob bedacht wurde. Das Publikum begr\u00fc\u00dfte Anderson mit einer Euphorie, die nur wenige Shows in dieser schwierigen Saison erfahren haben, ganz zu schweigen von einer 25 Jahre alten Produktion wie Chicago. <\/p>\n<p>\u201eChicago\u201c erz\u00e4hlt die Geschichte von Roxie, einer Ehebrecherin aus den 1920er-Jahren, die ihren Liebhaber ermordet und zum Liebling der Boulevardpresse wird, w\u00e4hrend sie zu ihrer eigenen Verteidigung argumentiert \u2013 eine Rolle, die perfekt f\u00fcr die Ikone der Unterhaltungsindustrie ist.<\/p>\n<p>Der Erfolg von \u201eChicago\u201c war so gro\u00df, dass es sechs Tony Awards gewann und die Aufnahme der Musicalthemen zudem einen Grammy Award erhielt.<\/p>\n<p>Der K\u00f6nig der L\u00f6wen ist eine gefeierte B\u00fchnenadaption des klassischen Disney-Films und -Buchs von Roger Allers und Irene Mecchi aus dem Jahr 1994. Er erweckt die Geschichte von Simba, dem Prinzen der afrikanischen L\u00f6wen, zum Leben, der gegen seinen b\u00f6sen Onkel Scar um den Thron k\u00e4mpft, nachdem dieser seinen Vater get\u00f6tet hat. Doch bevor Simba seinen rechtm\u00e4\u00dfigen Platz im \u201eKreislauf des Lebens\u201c einnehmen kann, w\u00e4chst er mit seinen beiden lebenslustigen Freunden Timon und Pumbaa auf. Gemeinsam bringen sie Simba ihre Lebensphilosophie \u201eHakuna Matata\u201c (Keine Sorgen) bei. Das Musical enth\u00e4lt Musik von Elton John und Tim Rice sowie den Oscar-pr\u00e4mierten Song \u201eCan You Feel the Love Tonight\u201c.    <\/p>\n<p>Weitere Songs stammen von Hans Zimmer, Lebo M, Mark Mancina und Jay Rifkin. Dieses visuelle Fest ist ber\u00fchmt f\u00fcr die komplexe Verschmelzung von Tier, Puppe und Mensch durch Regisseurin Julie Taymor und wird von Zuschauern aller Altersgruppen geliebt. <\/p>\n<p>Harry Potter und das verwunschene Kind, seine Handlung wiederholt keinen der Filme, sondern es ist eine Handlung, die nur im Musical zu sehen ist. Das Drehbuch wurde von J. K. Rowling selbst geschrieben und spielt 17 Jahre, nachdem Harry Voldemort besiegt hat. Jetzt ist Potter Angestellter des Zaubereiministeriums, verheiratet und Vater von drei Kindern. Dieser Ausgangspunkt ist der Beginn eines St\u00fccks, das mehrere Tony Awards gewonnen hat, darunter den besten Musical, und den Rekord f\u00fcr die Ticketverk\u00e4ufe in einer Woche in der gesamten Geschichte des Broadway h\u00e4lt. Die Kulisse des Musicals, die Spezialeffekte und sein Soundtrack sind gro\u00dfartig und gro\u00dfartige Unterhaltung. Aber vor allem, weil es die Harry-Potter-Geschichte auf eine Weise vervollst\u00e4ndigt, wie es kein anderer Film, kein Spin-off oder Roman getan hat.     <\/p>\n<p>Moulin Rouge ist ein sensationelles Erlebnis voller Farben, Lichter und Emotionen, das Sie in das Boh\u00e8me-Paris des Jahres 1900 eintauchen l\u00e4sst. Es erz\u00e4hlt die romantische Liebesgeschichte zwischen dem jungen Schriftsteller Christian und Satine, dem Star des Kabaretts. Das Musical bewahrt die ganze Essenz des Films, denn das B\u00fchnenbild des Musicals weist sogar die symbolische rote Windm\u00fchle, den riesigen Elefanten und das ganze Flair des Kabaretts auf, aber es wird auch modernisiert, indem aktuelle Lieder in sein Repertoire aufgenommen werden, wodurch Sie sich st\u00e4rker mit der Geschichte identifizieren k\u00f6nnen. Und es ist Unterhaltung pur.   <\/p>\n<p>Hamilton erz\u00e4hlt die Geschichte von Alexander Hamilton, einem Waisenkind aus der Karibik, das nach einer Reihe von Ereignissen in den Vereinigten Staaten ankommt und sowohl im amerikanischen Unabh\u00e4ngigkeitskrieg als auch in der ersten Regierung des Landes zu einer wichtigen Figur wird. Die Geschichte wird auf unkonventionelle Weise durch eine interaktive Inszenierung erz\u00e4hlt, bei der es viele spektakul\u00e4re Ton- und Lichteffekte gibt, die f\u00fcr gro\u00dfartige Unterhaltung sorgen. Dar\u00fcber hinaus ist es ein Werk, in dem es wenig Dialog gibt und alles durch Lieder erfolgt. Jedes einzelne davon ist einzigartig f\u00fcr dieses Musical.   <\/p>\n<p>Aladdin ist die B\u00fchnenadaption des beliebten Disney-Zeichentrickklassikers aus den 90ern.<\/p>\n<p>Die Geschichte beginnt, als Aladdin, ein junger Dieb aus Agrabah, eine Wunderlampe findet, mit der er sich nur drei W\u00fcnsche erf\u00fcllen kann, um sein Leben in Ordnung zu bringen und so der Armut zu entkommen. Mit einem davon will er Prinz werden, um Jazmin zu erobern, die sch\u00f6ne Tochter des Sultans, in die er sich verliebt hat, aber der b\u00f6se k\u00f6nigliche Wesir hat andere Pl\u00e4ne mit dem Geist der Lampe, die alle Einwohner der Stadt in Gefahr bringen werden. Die Szene aus der Nummer \u201eEine ideale Welt\u201c, in der die Protagonisten auf einem Zauberteppich \u00fcber die Stadt fliegen, ist einfach gro\u00dfartig und gro\u00dfartige Unterhaltung f\u00fcr die ganze Familie.   <\/p>\n<p>Das Phantom der Oper ist eines der \u00e4u\u00dferst erfolgreichen Broadway-Musicals, das dank der wunderbaren Adaption des beliebten Romans von Gaston Leroux mit 7 Tony Awards (darunter Bestes Musical des Jahres) ausgezeichnet wurde.<\/p>\n<p>Es spielt im 19. Jahrhundert in der Pariser Oper und erz\u00e4hlt die Geschichte eines deformierten Mannes, der sich im Keller des Opernhauses versteckt und die Theatermitarbeiter mit seinen Verbrechen in Angst und Schrecken versetzt. Doch der Geist verliebt sich in eine junge Ballerina namens Christine, nimmt sie als seine Muse an und bringt ihr das Singen bei, um die Hauptdarstellerin der Oper zu werden. Als er jedoch erkennt, dass seine Liebe unm\u00f6glich ist, schw\u00f6rt er Rache.  <\/p>\n<p>Kein Wunder, dass es die am l\u00e4ngsten laufende Broadway-Show ist und dass sie weltweit bereits 80 Millionen Menschen gesehen haben.<\/p>\n<\/div>\n<\/div>\n<\/div>\n<\/div>\n<\/div>\n<\/div>\n\t\t\t\t\t\t\t\t<\/div>\n\t\t\t\t<\/div>\n\t\t\t\t<div class=\"elementor-element elementor-element-09147c1 elementor-widget-divider--view-line elementor-widget elementor-widget-divider\" data-id=\"09147c1\" data-element_type=\"widget\" data-e-type=\"widget\" data-widget_type=\"divider.default\">\n\t\t\t\t<div class=\"elementor-widget-container\">\n\t\t\t\t\t\t\t<div class=\"elementor-divider\">\n\t\t\t<span class=\"elementor-divider-separator\">\n\t\t\t\t\t\t<\/span>\n\t\t<\/div>\n\t\t\t\t\t\t<\/div>\n\t\t\t\t<\/div>\n\t\t\t\t<div class=\"elementor-element elementor-element-9eff9da elementor-widget elementor-widget-text-editor\" data-id=\"9eff9da\" data-element_type=\"widget\" data-e-type=\"widget\" data-widget_type=\"text-editor.default\">\n\t\t\t\t<div class=\"elementor-widget-container\">\n\t\t\t\t\t\t\t\t\t<p><strong>Wenn Sie auf unserer Plakatwand am Times Square erscheinen m\u00f6chten, gehen Sie bitte zu unserem Abschnitt KONTAKT.<\/strong><\/p>\n<p>Und so funktioniert es:<\/p>\n<p>Ob Geburtstag, Heiratsantrag, Jahrestag oder eine einfache Liebeserkl\u00e4rung \u2013 wir haben das Richtige f\u00fcr Sie. Fallen Sie in der Menge nicht unter! <br \/>Bringen Sie Ihr Foto oder Video auf unsere Plakatwand am Times Square!<\/p>\n<p>Option 1: Ihr 60 Sekunden langes Video\/Foto wird 22 Mal pro Tag angezeigt.<br \/>Option 2: Ihr 30 Sekunden langes Video\/Foto wird 44 Mal pro Tag angezeigt<br \/>Option 3: Ihr 15 Sekunden langes Video\/Foto wird 88 Mal pro Tag angezeigt.<\/p>\n<p>Unsere Plakatwand ist 31ft x55 ft gro\u00df und befindet sich am 1560 Broadway (Broadway und 46th Street direkt \u00fcber dem Pel\u00e9-Gesch\u00e4ft).<\/p>\n<p>Seien Sie kein Gesicht in der Menge!<\/p>\n\t\t\t\t\t\t\t\t<\/div>\n\t\t\t\t<\/div>\n\t\t\t\t<div class=\"elementor-element elementor-element-a11b766 elementor-widget elementor-widget-image\" data-id=\"a11b766\" data-element_type=\"widget\" data-e-type=\"widget\" data-widget_type=\"image.default\">\n\t\t\t\t<div class=\"elementor-widget-container\">\n\t\t\t\t\t\t\t\t\t\t\t\t\t\t\t<img fetchpriority=\"high\" decoding=\"async\" width=\"1024\" height=\"768\" src=\"https:\/\/welcome-to-times-square.com\/wp-content\/uploads\/2022\/04\/entertaiment-1024x768.jpg\" class=\"attachment-large size-large wp-image-6153\" alt=\"\" srcset=\"https:\/\/welcome-to-times-square.com\/wp-content\/uploads\/2022\/04\/entertaiment-1024x768.jpg 1024w, https:\/\/welcome-to-times-square.com\/wp-content\/uploads\/2022\/04\/entertaiment-600x450.jpg 600w, https:\/\/welcome-to-times-square.com\/wp-content\/uploads\/2022\/04\/entertaiment-300x225.jpg 300w, https:\/\/welcome-to-times-square.com\/wp-content\/uploads\/2022\/04\/entertaiment-768x576.jpg 768w, https:\/\/welcome-to-times-square.com\/wp-content\/uploads\/2022\/04\/entertaiment.jpg 1500w\" sizes=\"(max-width: 1024px) 100vw, 1024px\" \/>\t\t\t\t\t\t\t\t\t\t\t\t\t\t\t<\/div>\n\t\t\t\t<\/div>\n\t\t\t\t\t<\/div>\n\t\t\t\t<\/div>\n\t\t\t\t<\/div>\n\t\t","protected":false},"excerpt":{"rendered":"Entertaiment Pamela Anderson, 54, begann ihre achtw\u00f6chige Broadway-Karriere mit der Rolle der schlauen Roxie Hart in dem legend\u00e4ren Musical von Bob Fosse und Fred Ebb, wo sie mit unerm\u00fcdlichem Lob bedacht wurde. Das Publikum begr\u00fc\u00dfte Anderson mit einer Euphorie, die nur wenige Shows in dieser schwierigen Saison erfahren haben, ganz zu schweigen von einer 25 [...]<a href=\"https:\/\/welcome-to-times-square.com\/de\/entertaiment\/\" class=\"read-more wyz-secondary-color-text\">read more<span class=\"screen-reader-text\">Entertainment<\/span><\/a>","protected":false},"author":53,"featured_media":0,"parent":0,"menu_order":0,"comment_status":"closed","ping_status":"closed","template":"elementor_header_footer","meta":{"footnotes":""},"class_list":["post-8870","page","type-page","status-publish","hentry"],"yoast_head":"<!-- This site is optimized with the Yoast SEO plugin v27.2 - https:\/\/yoast.com\/product\/yoast-seo-wordpress\/ -->\n<title>Entertainment - times-square<\/title>\n<meta name=\"robots\" content=\"index, follow, max-snippet:-1, max-image-preview:large, max-video-preview:-1\" \/>\n<link rel=\"canonical\" href=\"https:\/\/welcome-to-times-square.com\/de\/entertaiment\/\" \/>\n<meta property=\"og:locale\" content=\"de_DE\" \/>\n<meta property=\"og:type\" content=\"article\" \/>\n<meta property=\"og:title\" content=\"Entertainment - times-square\" \/>\n<meta property=\"og:description\" content=\"Entertaiment Pamela Anderson, 54, begann ihre achtw\u00f6chige Broadway-Karriere mit der Rolle der schlauen Roxie Hart in dem legend\u00e4ren Musical von Bob Fosse und Fred Ebb, wo sie mit unerm\u00fcdlichem Lob bedacht wurde. Das Publikum begr\u00fc\u00dfte Anderson mit einer Euphorie, die nur wenige Shows in dieser schwierigen Saison erfahren haben, ganz zu schweigen von einer 25 [...]read moreEntertainment\" \/>\n<meta property=\"og:url\" content=\"https:\/\/welcome-to-times-square.com\/de\/entertaiment\/\" \/>\n<meta property=\"og:site_name\" content=\"times-square\" \/>\n<meta property=\"article:modified_time\" content=\"2025-01-16T11:15:21+00:00\" \/>\n<meta property=\"og:image\" content=\"https:\/\/welcome-to-times-square.com\/wp-content\/uploads\/2022\/04\/entertaiment.jpg\" \/>\n\t<meta property=\"og:image:width\" content=\"1500\" \/>\n\t<meta property=\"og:image:height\" content=\"1125\" \/>\n\t<meta property=\"og:image:type\" content=\"image\/jpeg\" \/>\n<meta name=\"twitter:card\" content=\"summary_large_image\" \/>\n<meta name=\"twitter:label1\" content=\"Gesch\u00e4tzte Lesezeit\" \/>\n\t<meta name=\"twitter:data1\" content=\"5\u00a0Minuten\" \/>\n<script type=\"application\/ld+json\" class=\"yoast-schema-graph\">{\"@context\":\"https:\/\/schema.org\",\"@graph\":[{\"@type\":\"WebPage\",\"@id\":\"https:\/\/welcome-to-times-square.com\/de\/entertaiment\/\",\"url\":\"https:\/\/welcome-to-times-square.com\/de\/entertaiment\/\",\"name\":\"Entertainment - times-square\",\"isPartOf\":{\"@id\":\"https:\/\/welcome-to-times-square.com\/de\/#website\"},\"primaryImageOfPage\":{\"@id\":\"https:\/\/welcome-to-times-square.com\/de\/entertaiment\/#primaryimage\"},\"image\":{\"@id\":\"https:\/\/welcome-to-times-square.com\/de\/entertaiment\/#primaryimage\"},\"thumbnailUrl\":\"https:\/\/welcome-to-times-square.com\/wp-content\/uploads\/2022\/04\/entertaiment-1024x768.jpg\",\"datePublished\":\"2022-04-21T20:50:20+00:00\",\"dateModified\":\"2025-01-16T11:15:21+00:00\",\"breadcrumb\":{\"@id\":\"https:\/\/welcome-to-times-square.com\/de\/entertaiment\/#breadcrumb\"},\"inLanguage\":\"de\",\"potentialAction\":[{\"@type\":\"ReadAction\",\"target\":[\"https:\/\/welcome-to-times-square.com\/de\/entertaiment\/\"]}]},{\"@type\":\"ImageObject\",\"inLanguage\":\"de\",\"@id\":\"https:\/\/welcome-to-times-square.com\/de\/entertaiment\/#primaryimage\",\"url\":\"https:\/\/welcome-to-times-square.com\/wp-content\/uploads\/2022\/04\/entertaiment-1024x768.jpg\",\"contentUrl\":\"https:\/\/welcome-to-times-square.com\/wp-content\/uploads\/2022\/04\/entertaiment-1024x768.jpg\"},{\"@type\":\"BreadcrumbList\",\"@id\":\"https:\/\/welcome-to-times-square.com\/de\/entertaiment\/#breadcrumb\",\"itemListElement\":[{\"@type\":\"ListItem\",\"position\":1,\"name\":\"Home\",\"item\":\"https:\/\/welcome-to-times-square.com\/de\/\"},{\"@type\":\"ListItem\",\"position\":2,\"name\":\"Entertainment\"}]},{\"@type\":\"WebSite\",\"@id\":\"https:\/\/welcome-to-times-square.com\/de\/#website\",\"url\":\"https:\/\/welcome-to-times-square.com\/de\/\",\"name\":\"times-square\",\"description\":\"times-square\",\"publisher\":{\"@id\":\"https:\/\/welcome-to-times-square.com\/de\/#organization\"},\"potentialAction\":[{\"@type\":\"SearchAction\",\"target\":{\"@type\":\"EntryPoint\",\"urlTemplate\":\"https:\/\/welcome-to-times-square.com\/de\/?s={search_term_string}\"},\"query-input\":{\"@type\":\"PropertyValueSpecification\",\"valueRequired\":true,\"valueName\":\"search_term_string\"}}],\"inLanguage\":\"de\"},{\"@type\":\"Organization\",\"@id\":\"https:\/\/welcome-to-times-square.com\/de\/#organization\",\"name\":\"times-square\",\"url\":\"https:\/\/welcome-to-times-square.com\/de\/\",\"logo\":{\"@type\":\"ImageObject\",\"inLanguage\":\"de\",\"@id\":\"https:\/\/welcome-to-times-square.com\/de\/#\/schema\/logo\/image\/\",\"url\":\"https:\/\/welcome-to-times-square.com\/wp-content\/uploads\/2024\/03\/welcome-to-time-square-logo-with-r.png\",\"contentUrl\":\"https:\/\/welcome-to-times-square.com\/wp-content\/uploads\/2024\/03\/welcome-to-time-square-logo-with-r.png\",\"width\":500,\"height\":342,\"caption\":\"times-square\"},\"image\":{\"@id\":\"https:\/\/welcome-to-times-square.com\/de\/#\/schema\/logo\/image\/\"}}]}<\/script>\n<!-- \/ Yoast SEO plugin. -->","yoast_head_json":{"title":"Entertainment - times-square","robots":{"index":"index","follow":"follow","max-snippet":"max-snippet:-1","max-image-preview":"max-image-preview:large","max-video-preview":"max-video-preview:-1"},"canonical":"https:\/\/welcome-to-times-square.com\/de\/entertaiment\/","og_locale":"de_DE","og_type":"article","og_title":"Entertainment - times-square","og_description":"Entertaiment Pamela Anderson, 54, begann ihre achtw\u00f6chige Broadway-Karriere mit der Rolle der schlauen Roxie Hart in dem legend\u00e4ren Musical von Bob Fosse und Fred Ebb, wo sie mit unerm\u00fcdlichem Lob bedacht wurde. Das Publikum begr\u00fc\u00dfte Anderson mit einer Euphorie, die nur wenige Shows in dieser schwierigen Saison erfahren haben, ganz zu schweigen von einer 25 [...]read moreEntertainment","og_url":"https:\/\/welcome-to-times-square.com\/de\/entertaiment\/","og_site_name":"times-square","article_modified_time":"2025-01-16T11:15:21+00:00","og_image":[{"width":1500,"height":1125,"url":"https:\/\/welcome-to-times-square.com\/wp-content\/uploads\/2022\/04\/entertaiment.jpg","type":"image\/jpeg"}],"twitter_card":"summary_large_image","twitter_misc":{"Gesch\u00e4tzte Lesezeit":"5\u00a0Minuten"},"schema":{"@context":"https:\/\/schema.org","@graph":[{"@type":"WebPage","@id":"https:\/\/welcome-to-times-square.com\/de\/entertaiment\/","url":"https:\/\/welcome-to-times-square.com\/de\/entertaiment\/","name":"Entertainment - times-square","isPartOf":{"@id":"https:\/\/welcome-to-times-square.com\/de\/#website"},"primaryImageOfPage":{"@id":"https:\/\/welcome-to-times-square.com\/de\/entertaiment\/#primaryimage"},"image":{"@id":"https:\/\/welcome-to-times-square.com\/de\/entertaiment\/#primaryimage"},"thumbnailUrl":"https:\/\/welcome-to-times-square.com\/wp-content\/uploads\/2022\/04\/entertaiment-1024x768.jpg","datePublished":"2022-04-21T20:50:20+00:00","dateModified":"2025-01-16T11:15:21+00:00","breadcrumb":{"@id":"https:\/\/welcome-to-times-square.com\/de\/entertaiment\/#breadcrumb"},"inLanguage":"de","potentialAction":[{"@type":"ReadAction","target":["https:\/\/welcome-to-times-square.com\/de\/entertaiment\/"]}]},{"@type":"ImageObject","inLanguage":"de","@id":"https:\/\/welcome-to-times-square.com\/de\/entertaiment\/#primaryimage","url":"https:\/\/welcome-to-times-square.com\/wp-content\/uploads\/2022\/04\/entertaiment-1024x768.jpg","contentUrl":"https:\/\/welcome-to-times-square.com\/wp-content\/uploads\/2022\/04\/entertaiment-1024x768.jpg"},{"@type":"BreadcrumbList","@id":"https:\/\/welcome-to-times-square.com\/de\/entertaiment\/#breadcrumb","itemListElement":[{"@type":"ListItem","position":1,"name":"Home","item":"https:\/\/welcome-to-times-square.com\/de\/"},{"@type":"ListItem","position":2,"name":"Entertainment"}]},{"@type":"WebSite","@id":"https:\/\/welcome-to-times-square.com\/de\/#website","url":"https:\/\/welcome-to-times-square.com\/de\/","name":"times-square","description":"times-square","publisher":{"@id":"https:\/\/welcome-to-times-square.com\/de\/#organization"},"potentialAction":[{"@type":"SearchAction","target":{"@type":"EntryPoint","urlTemplate":"https:\/\/welcome-to-times-square.com\/de\/?s={search_term_string}"},"query-input":{"@type":"PropertyValueSpecification","valueRequired":true,"valueName":"search_term_string"}}],"inLanguage":"de"},{"@type":"Organization","@id":"https:\/\/welcome-to-times-square.com\/de\/#organization","name":"times-square","url":"https:\/\/welcome-to-times-square.com\/de\/","logo":{"@type":"ImageObject","inLanguage":"de","@id":"https:\/\/welcome-to-times-square.com\/de\/#\/schema\/logo\/image\/","url":"https:\/\/welcome-to-times-square.com\/wp-content\/uploads\/2024\/03\/welcome-to-time-square-logo-with-r.png","contentUrl":"https:\/\/welcome-to-times-square.com\/wp-content\/uploads\/2024\/03\/welcome-to-time-square-logo-with-r.png","width":500,"height":342,"caption":"times-square"},"image":{"@id":"https:\/\/welcome-to-times-square.com\/de\/#\/schema\/logo\/image\/"}}]}},"_hostinger_reach_plugin_has_subscription_block":false,"_hostinger_reach_plugin_is_elementor":false,"_links":{"self":[{"href":"https:\/\/welcome-to-times-square.com\/de\/wp-json\/wp\/v2\/pages\/8870","targetHints":{"allow":["GET"]}}],"collection":[{"href":"https:\/\/welcome-to-times-square.com\/de\/wp-json\/wp\/v2\/pages"}],"about":[{"href":"https:\/\/welcome-to-times-square.com\/de\/wp-json\/wp\/v2\/types\/page"}],"author":[{"embeddable":true,"href":"https:\/\/welcome-to-times-square.com\/de\/wp-json\/wp\/v2\/users\/53"}],"replies":[{"embeddable":true,"href":"https:\/\/welcome-to-times-square.com\/de\/wp-json\/wp\/v2\/comments?post=8870"}],"version-history":[{"count":2,"href":"https:\/\/welcome-to-times-square.com\/de\/wp-json\/wp\/v2\/pages\/8870\/revisions"}],"predecessor-version":[{"id":8877,"href":"https:\/\/welcome-to-times-square.com\/de\/wp-json\/wp\/v2\/pages\/8870\/revisions\/8877"}],"wp:attachment":[{"href":"https:\/\/welcome-to-times-square.com\/de\/wp-json\/wp\/v2\/media?parent=8870"}],"curies":[{"name":"wp","href":"https:\/\/api.w.org\/{rel}","templated":true}]}}