{"id":8885,"date":"2022-04-21T23:31:07","date_gmt":"2022-04-21T23:31:07","guid":{"rendered":"https:\/\/welcome-to-times-square.com\/shopping\/"},"modified":"2025-01-16T11:54:10","modified_gmt":"2025-01-16T11:54:10","slug":"shopping","status":"publish","type":"page","link":"https:\/\/welcome-to-times-square.com\/de\/shopping\/","title":{"rendered":"Shopping"},"content":{"rendered":"\t\t<div data-elementor-type=\"wp-page\" data-elementor-id=\"8885\" class=\"elementor elementor-8885 elementor-2758\" data-elementor-post-type=\"page\">\n\t\t\t\t<div class=\"elementor-element elementor-element-b86bd75 e-flex e-con-boxed e-con e-parent\" data-id=\"b86bd75\" data-element_type=\"container\" data-e-type=\"container\" data-settings=\"{&quot;background_background&quot;:&quot;classic&quot;}\">\n\t\t\t\t\t<div class=\"e-con-inner\">\n\t\t\t\t<div class=\"elementor-element elementor-element-c71d7ee elementor-widget elementor-widget-heading\" data-id=\"c71d7ee\" data-element_type=\"widget\" data-e-type=\"widget\" data-widget_type=\"heading.default\">\n\t\t\t\t<div class=\"elementor-widget-container\">\n\t\t\t\t\t<h2 class=\"elementor-heading-title elementor-size-default\">Shopping<\/h2>\t\t\t\t<\/div>\n\t\t\t\t<\/div>\n\t\t\t\t<div class=\"elementor-element elementor-element-67a6023 elementor-widget-divider--view-line elementor-widget elementor-widget-divider\" data-id=\"67a6023\" data-element_type=\"widget\" data-e-type=\"widget\" data-widget_type=\"divider.default\">\n\t\t\t\t<div class=\"elementor-widget-container\">\n\t\t\t\t\t\t\t<div class=\"elementor-divider\">\n\t\t\t<span class=\"elementor-divider-separator\">\n\t\t\t\t\t\t<\/span>\n\t\t<\/div>\n\t\t\t\t\t\t<\/div>\n\t\t\t\t<\/div>\n\t\t\t\t<div class=\"elementor-element elementor-element-c87480d elementor-widget elementor-widget-text-editor\" data-id=\"c87480d\" data-element_type=\"widget\" data-e-type=\"widget\" data-widget_type=\"text-editor.default\">\n\t\t\t\t<div class=\"elementor-widget-container\">\n\t\t\t\t\t\t\t\t\t<div class=\"vc_row wpb_row vc_row-fluid vc_custom_1650656313890 vc_row-has-fill\">\n<div class=\"wpb_column vc_column_container vc_col-sm-12\">\n<div class=\"vc_column-inner\">\n<div class=\"wpb_wrapper\">\n<div class=\"wpb_text_column wpb_content_element \">\n<div class=\"wpb_wrapper\">\n<p>In New York City k\u00f6nnen Sie in fast jedem Block zu jeder Zeit und unbegrenzt einkaufen und den Tag ersch\u00f6pft, gl\u00fccklich und mit Einkaufst\u00fcten beladen beenden. Die gro\u00dfen und bekannten Marken haben hier ihren Platz und Sie finden dort einen Best Buy f\u00fcr Elektronikartikel auf der Fifth Avenue gegen\u00fcber der Public Library (der Bibliothek) sowie die riesigen Gesch\u00e4fte von H&amp;M, Century 21 und Forever 21 f\u00fcr diejenigen, die ihre Garderobe erneuern m\u00f6chten. Kultige Spielzeugl\u00e4den wie FAO Schwartz und die Filiale am Times Square gibt es nicht mehr, aber im Disney Store findet man immer noch Kinderspielzeug.  <\/p>\n<p>Wer jedoch an gr\u00f6\u00dfere Eink\u00e4ufe denkt, ohne von hier nach dort zu fahren, kann die Stadt f\u00fcr ein paar Stunden verlassen und sich f\u00fcr eines der Einkaufszentren am Stadtrand entscheiden, wie zum Beispiel The Mills at Jersey Gardens in New Jersey oder Woodbury Common Premium Outlets im Central Valley im Bundesstaat New York. Das ist die beste Option, um alles zu einer Zeit und an einem Ort zu konzentrieren. <\/p>\n<p>Die Komplexe geh\u00f6ren zur Simon-Gruppe, die die regionalen Simon Malls, The Mills und Premium Outlets verwaltet und Eigent\u00fcmerin von f\u00fcnf der zehn gr\u00f6\u00dften Einkaufszentren der Welt ist.<\/p>\n<p>The Mills at Jersey Gardens bietet mehr als 200 Gesch\u00e4fte unter einem Dach, zu denen noch 80 hinzukommen sollen. Au\u00dferdem gibt es Restaurants und Unterhaltungsm\u00f6glichkeiten. Es liegt in der N\u00e4he des Flughafens von Newark. \u201eDrinnen sein\u201c ist in dieser Gegend keine Kleinigkeit, denn im Sommer ist es sehr hei\u00df und drau\u00dfen mit Klimaanlage einkaufen zu gehen ist eine Erleichterung. Und f\u00fcr den Winter gibt es beheizte Korridore, denn die K\u00e4lte ist sehr hart.  <\/p>\n<p>Dieses Einkaufszentrum bietet eine sehr attraktive Kombination von Gesch\u00e4ften: Marken-Outlets (wie Hugo Boss), preisg\u00fcnstige Gesch\u00e4fte (wie Charlotte Ruse) und beliebte Markengesch\u00e4fte (Fast Fashion, Typ H&amp;M). Eines der attraktivsten Dinge in New Jersey ist, dass es ein Staat ist, in dem Kleidung und Schuhe von Steuern befreit sind. <\/p>\n<p>Ellie Perla, Expertin auf dem Gebiet der Einkaufszentren und Reisef\u00fchrerin f\u00fcr ein paar Stunden durch das Konsumabenteuer, erkl\u00e4rt:<\/p>\n<p>\u201eEin Einkaufsbummel zu den Woodbury Common Premium Outlets ist eine der gefragtesten und beliebtesten Touren in Manhattan. Die Konkurrenz um einen Tagesausflug nach Woodbury oder The Mills besteht bei den gro\u00dfen und gr\u00f6\u00dften Touristenattraktionen in New York. Sie konkurrieren normalerweise nicht mit den Gesch\u00e4ften auf den Stra\u00dfen von New York.\u201c Auch mit Online-K\u00e4ufen haben sie keine Konkurrenz: Wenn man zum Einkaufen greift, kann man die Kleidung anprobieren und Angebote finden, die auf anderen Websites oder virtuellen Plattformen nicht erscheinen. <\/p>\n<p>Damit der Einkauf zu einem angenehmen Erlebnis wird und sich die investierte Zeit positiv auszahlt, ist es wichtig, bestimmte Tipps zu beachten.<\/p>\n<p>Die h\u00e4ufigsten Fehler, die jeder macht, sind, nicht im Voraus zu planen, Kleidung nicht vorher anzuprobieren und dadurch Zeit mit R\u00fccksendungen zu verlieren oder diese nicht durchf\u00fchren zu k\u00f6nnen, sowie Bestellungen anzunehmen, die schwer zu erf\u00fcllen sind. Ellie Perla ist in dieser Hinsicht sehr direkt. Das \u201eIch gehe und schaue, was ich finde\u201c funktioniert nicht. Es ist wichtig, eine Liste mit den Dingen, die man kaufen m\u00f6chte, vorzubereiten und mitzunehmen, anzuhalten, um den Plan des Einkaufszentrums zu studieren, um die Route zu organisieren, und die Rabattcoupons nicht zu vergessen: Sie k\u00f6nnen von der Website ausgedruckt werden oder, je nach Fall, im Kundenservice-Center kann der Kunde ein Rabattheft erhalten.   <\/p>\n<p>\u201eLatinos verbringen einen ganzen Tag mit Einkaufen und brauchen einen weiteren Tag\u201c, sagt Ellie und f\u00fcgt hinzu: \u201eEs wird berechnet, dass sie in jedem Gesch\u00e4ft durchschnittlich 45 Minuten brauchen.\u201c<\/p>\n<p>-Und ohne dar\u00fcber nachzudenken, gibt er seinen Rat zum Einkaufen:<\/p>\n<p>&#8211; Kaufen Sie nicht f\u00fcr andere, da dies Sie frustriert und Sie noch mehr Zeit verlieren.<\/p>\n<p>-Kaufen Sie nicht das, was billiger ist, sondern das, was Ihnen wirklich gef\u00e4llt.<\/p>\n<p>-Wenn Sie aus der Not heraus kaufen, lassen Sie es dabei, denn dort, wo Sie leben, ist es viel teurer.<\/p>\n<p>-Legen Sie den Betrag fest, den Sie ausgeben m\u00f6chten \u2026 und versuchen Sie, sich daran anzupassen.<\/p>\n<p>&#8211; Kleiden Sie sich dem \u00f6rtlichen Klima entsprechend und tragen Sie zwei Teile: So k\u00f6nnen Sie die Kleidung leichter anprobieren. Tragen Sie au\u00dferdem bequeme Schuhe und eine Umh\u00e4ngetasche, damit Sie die H\u00e4nde frei haben, um die Garderobe zu \u00fcberpr\u00fcfen. <\/p>\n<p>&#8211; Beginnen Sie Ihren Rundgang durch den Laden von hinten nach vorne, denn die Artikel mit den h\u00f6chsten Rabatten finden Sie meist ganz unten.<\/p>\n<p>&#8211; Wenn Sie Zeit haben, suchen Sie sich zwei oder drei Gesch\u00e4fte mit Marken aus, die Sie noch nicht kennen, und betreten Sie diese. Manche gefallen Ihnen vielleicht nicht, andere k\u00f6nnten Sie \u00fcberraschen.<\/p>\n<p>Schauen Sie einfach in das Einkaufsverzeichnis, um sich einen \u00dcberblick \u00fcber die Gesch\u00e4fte zu verschaffen: Saks Fifth Avenue Off 5th, Neiman Marcus Last Call, Century 21, Marshalls, Michael Kors, True Religion, Nautica, Kenneth Cole, Guess, Tommy Hilfiger. Touristen m\u00fcssen immer einen Reisepass mitf\u00fchren, um im Kundenservicecenter den Gutschein mit den Rabatten zu erhalten. Armani wirbt mit 70 Prozent Rabatt auf einige markierte Kleidungsst\u00fccke. Anders als The Mills ist Woodbury ein Einkaufszentrum unter freiem Himmel, was im Hochsommer und mitten im Winter zu ber\u00fccksichtigen ist.   <\/p>\n<\/div>\n<\/div>\n<\/div>\n<\/div>\n<\/div>\n<\/div>\n\t\t\t\t\t\t\t\t<\/div>\n\t\t\t\t<\/div>\n\t\t\t\t<div class=\"elementor-element elementor-element-75f473b elementor-widget-divider--view-line elementor-widget elementor-widget-divider\" data-id=\"75f473b\" data-element_type=\"widget\" data-e-type=\"widget\" data-widget_type=\"divider.default\">\n\t\t\t\t<div class=\"elementor-widget-container\">\n\t\t\t\t\t\t\t<div class=\"elementor-divider\">\n\t\t\t<span class=\"elementor-divider-separator\">\n\t\t\t\t\t\t<\/span>\n\t\t<\/div>\n\t\t\t\t\t\t<\/div>\n\t\t\t\t<\/div>\n\t\t\t\t<div class=\"elementor-element elementor-element-2082073 elementor-widget elementor-widget-text-editor\" data-id=\"2082073\" data-element_type=\"widget\" data-e-type=\"widget\" data-widget_type=\"text-editor.default\">\n\t\t\t\t<div class=\"elementor-widget-container\">\n\t\t\t\t\t\t\t\t\t<p><strong>Wenn Sie auf unserer Plakatwand am Times Square erscheinen m\u00f6chten, gehen Sie bitte zu unserem Abschnitt KONTAKT.<\/strong><\/p>\n<p>Und so funktioniert es:<\/p>\n<p>Ob Geburtstag, Heiratsantrag, Jahrestag oder eine einfache Liebeserkl\u00e4rung \u2013 wir haben das Richtige f\u00fcr Sie. Fallen Sie in der Menge nicht unter! <br \/>Bringen Sie Ihr Foto oder Video auf unsere Plakatwand am Times Square!<\/p>\n<p>Option 1: Ihr 60 Sekunden langes Video\/Foto wird 22 Mal pro Tag angezeigt.<br \/>Option 2: Ihr 30 Sekunden langes Video\/Foto wird 44 Mal pro Tag angezeigt<br \/>Option 3: Ihr 15 Sekunden langes Video\/Foto wird 88 Mal pro Tag angezeigt.<\/p>\n<p>Unsere Plakatwand ist 31ft x55 ft gro\u00df und befindet sich am 1560 Broadway (Broadway und 46th Street direkt \u00fcber dem Pel\u00e9-Gesch\u00e4ft).<\/p>\n<p>Seien Sie kein Gesicht in der Menge!<\/p>\n\t\t\t\t\t\t\t\t<\/div>\n\t\t\t\t<\/div>\n\t\t\t\t<div class=\"elementor-element elementor-element-96791d8 elementor-widget elementor-widget-image\" data-id=\"96791d8\" data-element_type=\"widget\" data-e-type=\"widget\" data-widget_type=\"image.default\">\n\t\t\t\t<div class=\"elementor-widget-container\">\n\t\t\t\t\t\t\t\t\t\t\t\t\t\t\t<img fetchpriority=\"high\" decoding=\"async\" width=\"1024\" height=\"645\" src=\"https:\/\/welcome-to-times-square.com\/wp-content\/uploads\/2022\/04\/shopping-1024x645.png\" class=\"attachment-large size-large wp-image-6163\" alt=\"\" srcset=\"https:\/\/welcome-to-times-square.com\/wp-content\/uploads\/2022\/04\/shopping-1024x645.png 1024w, https:\/\/welcome-to-times-square.com\/wp-content\/uploads\/2022\/04\/shopping-600x378.png 600w, https:\/\/welcome-to-times-square.com\/wp-content\/uploads\/2022\/04\/shopping-300x189.png 300w, https:\/\/welcome-to-times-square.com\/wp-content\/uploads\/2022\/04\/shopping-768x484.png 768w, https:\/\/welcome-to-times-square.com\/wp-content\/uploads\/2022\/04\/shopping.png 1302w\" sizes=\"(max-width: 1024px) 100vw, 1024px\" \/>\t\t\t\t\t\t\t\t\t\t\t\t\t\t\t<\/div>\n\t\t\t\t<\/div>\n\t\t\t\t\t<\/div>\n\t\t\t\t<\/div>\n\t\t\t\t<\/div>\n\t\t","protected":false},"excerpt":{"rendered":"Shopping In New York City k\u00f6nnen Sie in fast jedem Block zu jeder Zeit und unbegrenzt einkaufen und den Tag ersch\u00f6pft, gl\u00fccklich und mit Einkaufst\u00fcten beladen beenden. Die gro\u00dfen und bekannten Marken haben hier ihren Platz und Sie finden dort einen Best Buy f\u00fcr Elektronikartikel auf der Fifth Avenue gegen\u00fcber der Public Library (der Bibliothek) [...]<a href=\"https:\/\/welcome-to-times-square.com\/de\/shopping\/\" class=\"read-more wyz-secondary-color-text\">read more<span class=\"screen-reader-text\">Shopping<\/span><\/a>","protected":false},"author":53,"featured_media":0,"parent":0,"menu_order":0,"comment_status":"closed","ping_status":"closed","template":"elementor_header_footer","meta":{"footnotes":""},"class_list":["post-8885","page","type-page","status-publish","hentry"],"yoast_head":"<!-- This site is optimized with the Yoast SEO plugin v27.2 - https:\/\/yoast.com\/product\/yoast-seo-wordpress\/ -->\n<title>Shopping - times-square<\/title>\n<meta name=\"robots\" content=\"index, follow, max-snippet:-1, max-image-preview:large, max-video-preview:-1\" \/>\n<link rel=\"canonical\" href=\"https:\/\/welcome-to-times-square.com\/de\/shopping\/\" \/>\n<meta property=\"og:locale\" content=\"de_DE\" \/>\n<meta property=\"og:type\" content=\"article\" \/>\n<meta property=\"og:title\" content=\"Shopping - times-square\" \/>\n<meta property=\"og:description\" content=\"Shopping In New York City k\u00f6nnen Sie in fast jedem Block zu jeder Zeit und unbegrenzt einkaufen und den Tag ersch\u00f6pft, gl\u00fccklich und mit Einkaufst\u00fcten beladen beenden. Die gro\u00dfen und bekannten Marken haben hier ihren Platz und Sie finden dort einen Best Buy f\u00fcr Elektronikartikel auf der Fifth Avenue gegen\u00fcber der Public Library (der Bibliothek) [...]read moreShopping\" \/>\n<meta property=\"og:url\" content=\"https:\/\/welcome-to-times-square.com\/de\/shopping\/\" \/>\n<meta property=\"og:site_name\" content=\"times-square\" \/>\n<meta property=\"article:modified_time\" content=\"2025-01-16T11:54:10+00:00\" \/>\n<meta property=\"og:image\" content=\"https:\/\/welcome-to-times-square.com\/wp-content\/uploads\/2022\/04\/shopping-1024x645.png\" \/>\n\t<meta property=\"og:image:width\" content=\"1024\" \/>\n\t<meta property=\"og:image:height\" content=\"645\" \/>\n\t<meta property=\"og:image:type\" content=\"image\/png\" \/>\n<meta name=\"twitter:card\" content=\"summary_large_image\" \/>\n<meta name=\"twitter:label1\" content=\"Gesch\u00e4tzte Lesezeit\" \/>\n\t<meta name=\"twitter:data1\" content=\"5\u00a0Minuten\" \/>\n<script type=\"application\/ld+json\" class=\"yoast-schema-graph\">{\"@context\":\"https:\/\/schema.org\",\"@graph\":[{\"@type\":\"WebPage\",\"@id\":\"https:\/\/welcome-to-times-square.com\/de\/shopping\/\",\"url\":\"https:\/\/welcome-to-times-square.com\/de\/shopping\/\",\"name\":\"Shopping - times-square\",\"isPartOf\":{\"@id\":\"https:\/\/welcome-to-times-square.com\/de\/#website\"},\"primaryImageOfPage\":{\"@id\":\"https:\/\/welcome-to-times-square.com\/de\/shopping\/#primaryimage\"},\"image\":{\"@id\":\"https:\/\/welcome-to-times-square.com\/de\/shopping\/#primaryimage\"},\"thumbnailUrl\":\"https:\/\/welcome-to-times-square.com\/wp-content\/uploads\/2022\/04\/shopping-1024x645.png\",\"datePublished\":\"2022-04-21T23:31:07+00:00\",\"dateModified\":\"2025-01-16T11:54:10+00:00\",\"breadcrumb\":{\"@id\":\"https:\/\/welcome-to-times-square.com\/de\/shopping\/#breadcrumb\"},\"inLanguage\":\"de\",\"potentialAction\":[{\"@type\":\"ReadAction\",\"target\":[\"https:\/\/welcome-to-times-square.com\/de\/shopping\/\"]}]},{\"@type\":\"ImageObject\",\"inLanguage\":\"de\",\"@id\":\"https:\/\/welcome-to-times-square.com\/de\/shopping\/#primaryimage\",\"url\":\"https:\/\/welcome-to-times-square.com\/wp-content\/uploads\/2022\/04\/shopping-1024x645.png\",\"contentUrl\":\"https:\/\/welcome-to-times-square.com\/wp-content\/uploads\/2022\/04\/shopping-1024x645.png\"},{\"@type\":\"BreadcrumbList\",\"@id\":\"https:\/\/welcome-to-times-square.com\/de\/shopping\/#breadcrumb\",\"itemListElement\":[{\"@type\":\"ListItem\",\"position\":1,\"name\":\"Home\",\"item\":\"https:\/\/welcome-to-times-square.com\/de\/\"},{\"@type\":\"ListItem\",\"position\":2,\"name\":\"Shopping\"}]},{\"@type\":\"WebSite\",\"@id\":\"https:\/\/welcome-to-times-square.com\/de\/#website\",\"url\":\"https:\/\/welcome-to-times-square.com\/de\/\",\"name\":\"times-square\",\"description\":\"times-square\",\"publisher\":{\"@id\":\"https:\/\/welcome-to-times-square.com\/de\/#organization\"},\"potentialAction\":[{\"@type\":\"SearchAction\",\"target\":{\"@type\":\"EntryPoint\",\"urlTemplate\":\"https:\/\/welcome-to-times-square.com\/de\/?s={search_term_string}\"},\"query-input\":{\"@type\":\"PropertyValueSpecification\",\"valueRequired\":true,\"valueName\":\"search_term_string\"}}],\"inLanguage\":\"de\"},{\"@type\":\"Organization\",\"@id\":\"https:\/\/welcome-to-times-square.com\/de\/#organization\",\"name\":\"times-square\",\"url\":\"https:\/\/welcome-to-times-square.com\/de\/\",\"logo\":{\"@type\":\"ImageObject\",\"inLanguage\":\"de\",\"@id\":\"https:\/\/welcome-to-times-square.com\/de\/#\/schema\/logo\/image\/\",\"url\":\"https:\/\/welcome-to-times-square.com\/wp-content\/uploads\/2024\/03\/welcome-to-time-square-logo-with-r.png\",\"contentUrl\":\"https:\/\/welcome-to-times-square.com\/wp-content\/uploads\/2024\/03\/welcome-to-time-square-logo-with-r.png\",\"width\":500,\"height\":342,\"caption\":\"times-square\"},\"image\":{\"@id\":\"https:\/\/welcome-to-times-square.com\/de\/#\/schema\/logo\/image\/\"}}]}<\/script>\n<!-- \/ Yoast SEO plugin. -->","yoast_head_json":{"title":"Shopping - times-square","robots":{"index":"index","follow":"follow","max-snippet":"max-snippet:-1","max-image-preview":"max-image-preview:large","max-video-preview":"max-video-preview:-1"},"canonical":"https:\/\/welcome-to-times-square.com\/de\/shopping\/","og_locale":"de_DE","og_type":"article","og_title":"Shopping - times-square","og_description":"Shopping In New York City k\u00f6nnen Sie in fast jedem Block zu jeder Zeit und unbegrenzt einkaufen und den Tag ersch\u00f6pft, gl\u00fccklich und mit Einkaufst\u00fcten beladen beenden. Die gro\u00dfen und bekannten Marken haben hier ihren Platz und Sie finden dort einen Best Buy f\u00fcr Elektronikartikel auf der Fifth Avenue gegen\u00fcber der Public Library (der Bibliothek) [...]read moreShopping","og_url":"https:\/\/welcome-to-times-square.com\/de\/shopping\/","og_site_name":"times-square","article_modified_time":"2025-01-16T11:54:10+00:00","og_image":[{"width":1024,"height":645,"url":"https:\/\/welcome-to-times-square.com\/wp-content\/uploads\/2022\/04\/shopping-1024x645.png","type":"image\/png"}],"twitter_card":"summary_large_image","twitter_misc":{"Gesch\u00e4tzte Lesezeit":"5\u00a0Minuten"},"schema":{"@context":"https:\/\/schema.org","@graph":[{"@type":"WebPage","@id":"https:\/\/welcome-to-times-square.com\/de\/shopping\/","url":"https:\/\/welcome-to-times-square.com\/de\/shopping\/","name":"Shopping - times-square","isPartOf":{"@id":"https:\/\/welcome-to-times-square.com\/de\/#website"},"primaryImageOfPage":{"@id":"https:\/\/welcome-to-times-square.com\/de\/shopping\/#primaryimage"},"image":{"@id":"https:\/\/welcome-to-times-square.com\/de\/shopping\/#primaryimage"},"thumbnailUrl":"https:\/\/welcome-to-times-square.com\/wp-content\/uploads\/2022\/04\/shopping-1024x645.png","datePublished":"2022-04-21T23:31:07+00:00","dateModified":"2025-01-16T11:54:10+00:00","breadcrumb":{"@id":"https:\/\/welcome-to-times-square.com\/de\/shopping\/#breadcrumb"},"inLanguage":"de","potentialAction":[{"@type":"ReadAction","target":["https:\/\/welcome-to-times-square.com\/de\/shopping\/"]}]},{"@type":"ImageObject","inLanguage":"de","@id":"https:\/\/welcome-to-times-square.com\/de\/shopping\/#primaryimage","url":"https:\/\/welcome-to-times-square.com\/wp-content\/uploads\/2022\/04\/shopping-1024x645.png","contentUrl":"https:\/\/welcome-to-times-square.com\/wp-content\/uploads\/2022\/04\/shopping-1024x645.png"},{"@type":"BreadcrumbList","@id":"https:\/\/welcome-to-times-square.com\/de\/shopping\/#breadcrumb","itemListElement":[{"@type":"ListItem","position":1,"name":"Home","item":"https:\/\/welcome-to-times-square.com\/de\/"},{"@type":"ListItem","position":2,"name":"Shopping"}]},{"@type":"WebSite","@id":"https:\/\/welcome-to-times-square.com\/de\/#website","url":"https:\/\/welcome-to-times-square.com\/de\/","name":"times-square","description":"times-square","publisher":{"@id":"https:\/\/welcome-to-times-square.com\/de\/#organization"},"potentialAction":[{"@type":"SearchAction","target":{"@type":"EntryPoint","urlTemplate":"https:\/\/welcome-to-times-square.com\/de\/?s={search_term_string}"},"query-input":{"@type":"PropertyValueSpecification","valueRequired":true,"valueName":"search_term_string"}}],"inLanguage":"de"},{"@type":"Organization","@id":"https:\/\/welcome-to-times-square.com\/de\/#organization","name":"times-square","url":"https:\/\/welcome-to-times-square.com\/de\/","logo":{"@type":"ImageObject","inLanguage":"de","@id":"https:\/\/welcome-to-times-square.com\/de\/#\/schema\/logo\/image\/","url":"https:\/\/welcome-to-times-square.com\/wp-content\/uploads\/2024\/03\/welcome-to-time-square-logo-with-r.png","contentUrl":"https:\/\/welcome-to-times-square.com\/wp-content\/uploads\/2024\/03\/welcome-to-time-square-logo-with-r.png","width":500,"height":342,"caption":"times-square"},"image":{"@id":"https:\/\/welcome-to-times-square.com\/de\/#\/schema\/logo\/image\/"}}]}},"_hostinger_reach_plugin_has_subscription_block":false,"_hostinger_reach_plugin_is_elementor":false,"_links":{"self":[{"href":"https:\/\/welcome-to-times-square.com\/de\/wp-json\/wp\/v2\/pages\/8885","targetHints":{"allow":["GET"]}}],"collection":[{"href":"https:\/\/welcome-to-times-square.com\/de\/wp-json\/wp\/v2\/pages"}],"about":[{"href":"https:\/\/welcome-to-times-square.com\/de\/wp-json\/wp\/v2\/types\/page"}],"author":[{"embeddable":true,"href":"https:\/\/welcome-to-times-square.com\/de\/wp-json\/wp\/v2\/users\/53"}],"replies":[{"embeddable":true,"href":"https:\/\/welcome-to-times-square.com\/de\/wp-json\/wp\/v2\/comments?post=8885"}],"version-history":[{"count":2,"href":"https:\/\/welcome-to-times-square.com\/de\/wp-json\/wp\/v2\/pages\/8885\/revisions"}],"predecessor-version":[{"id":8894,"href":"https:\/\/welcome-to-times-square.com\/de\/wp-json\/wp\/v2\/pages\/8885\/revisions\/8894"}],"wp:attachment":[{"href":"https:\/\/welcome-to-times-square.com\/de\/wp-json\/wp\/v2\/media?parent=8885"}],"curies":[{"name":"wp","href":"https:\/\/api.w.org\/{rel}","templated":true}]}}