{"id":8902,"date":"2022-04-21T23:21:16","date_gmt":"2022-04-21T23:21:16","guid":{"rendered":"https:\/\/welcome-to-times-square.com\/hotels\/"},"modified":"2025-01-16T12:26:02","modified_gmt":"2025-01-16T12:26:02","slug":"hotels","status":"publish","type":"page","link":"https:\/\/welcome-to-times-square.com\/de\/hotels\/","title":{"rendered":"Hotels"},"content":{"rendered":"\t\t<div data-elementor-type=\"wp-page\" data-elementor-id=\"8902\" class=\"elementor elementor-8902 elementor-2753\" data-elementor-post-type=\"page\">\n\t\t\t\t<div class=\"elementor-element elementor-element-530437b e-flex e-con-boxed e-con e-parent\" data-id=\"530437b\" data-element_type=\"container\" data-e-type=\"container\" data-settings=\"{&quot;background_background&quot;:&quot;classic&quot;}\">\n\t\t\t\t\t<div class=\"e-con-inner\">\n\t\t\t\t<div class=\"elementor-element elementor-element-2e7d966 elementor-widget elementor-widget-heading\" data-id=\"2e7d966\" data-element_type=\"widget\" data-e-type=\"widget\" data-widget_type=\"heading.default\">\n\t\t\t\t<div class=\"elementor-widget-container\">\n\t\t\t\t\t<h2 class=\"elementor-heading-title elementor-size-default\">Hotels<\/h2>\t\t\t\t<\/div>\n\t\t\t\t<\/div>\n\t\t\t\t<div class=\"elementor-element elementor-element-4f1f246 elementor-widget-divider--view-line elementor-widget elementor-widget-divider\" data-id=\"4f1f246\" data-element_type=\"widget\" data-e-type=\"widget\" data-widget_type=\"divider.default\">\n\t\t\t\t<div class=\"elementor-widget-container\">\n\t\t\t\t\t\t\t<div class=\"elementor-divider\">\n\t\t\t<span class=\"elementor-divider-separator\">\n\t\t\t\t\t\t<\/span>\n\t\t<\/div>\n\t\t\t\t\t\t<\/div>\n\t\t\t\t<\/div>\n\t\t\t\t<div class=\"elementor-element elementor-element-78e1063 elementor-widget elementor-widget-text-editor\" data-id=\"78e1063\" data-element_type=\"widget\" data-e-type=\"widget\" data-widget_type=\"text-editor.default\">\n\t\t\t\t<div class=\"elementor-widget-container\">\n\t\t\t\t\t\t\t\t\t<div class=\"vc_row wpb_row vc_row-fluid vc_custom_1650656326647 vc_row-has-fill\">\n<div class=\"wpb_column vc_column_container vc_col-sm-12\">\n<div class=\"vc_column-inner\">\n<div class=\"wpb_wrapper\">\n<div class=\"wpb_text_column wpb_content_element \">\n<div class=\"wpb_wrapper\">\n<p>Tausende von Touristen besuchen t\u00e4glich New York City und der Times Square bietet f\u00fcr jeden von ihnen das ideale Hotel. Zimmer, die sich an die wirtschaftlichen M\u00f6glichkeiten jedes Einzelnen anpassen, aber immer den besten Service und die beste Aufmerksamkeit bieten. Wer ein gehobenes Erlebnis sucht, findet am Times Square auch Hotels der luxuri\u00f6sesten Ketten der Welt.<\/p>\n<p>Damit Ihre Reise unvergesslich wird, gibt es am Times Square eine gro\u00dfe Auswahl an Hotels, die Touristen alles bieten, was sie suchen. Kommen Sie nach New York, um einen Familienausflug zu genie\u00dfen und in der besten Unterkunft zu wohnen.<\/p>\n<p>Das Hotel Riu Plaza New York Times Square verf\u00fcgt \u00fcber 29 Stockwerke und mehr als 600 Zimmer. Es besticht durch ein avantgardistisches und elegantes Design und ist der ideale Erholungsort f\u00fcr Touristen aus dem Big Apple, da es sich im Zentrum von New York befindet und von den bedeutendsten Sehensw\u00fcrdigkeiten wie dem Empire State Building, dem Central Park, dem Rockefeller Center, der Carnegie Hall und den luxuri\u00f6sen Gesch\u00e4ften der Fifth Avenue umgeben ist. Es ist ein guter Standort, wenn Sie das New Yorker Lebenstempo kennenlernen m\u00f6chten. Dank ihm haben Sie Zugang zu den wichtigsten U-Bahn-Linien, die alle Stadtteile erreichen. Zu den Sehensw\u00fcrdigkeiten in der N\u00e4he des Hotels z\u00e4hlen der Broadway (0,3 km), der Times Square (0,3 km) und Come From Away (0,2 km). Die Zimmer dieses Hotels bieten Ihnen alles, was Sie zum Ausruhen nach einem anstrengenden Tag in der Stadt brauchen. Sie verf\u00fcgen \u00fcber Klimaanlage, Zimmerservice, Telefon, Reinigungsservice, Flachbildfernseher, K\u00fchlschrank und Safe.<\/p>\n<p>Im Hotel Riu Plaza Manhattan Times Square verbringen Sie einen tollen Morgen, denn es verf\u00fcgt \u00fcber ein Restaurant, das ein ausgezeichnetes amerikanisches Fr\u00fchst\u00fccksbuffet f\u00fcr einen gest\u00e4rkten Start in den Tag und die besten Abendessen am Abend zubereitet. Es gibt auch eine Bar und ein rund um die Uhr ge\u00f6ffnetes Fitnessstudio.<\/p>\n<p>Dieses Hotel ist familienfreundlich und kinderfreundlich, Haustiere sind jedoch nicht erlaubt.<\/p>\n<p>Wenn Sie mit Freunden nach New York reisen m\u00f6chten, empfiehlt sich das Hotel Conrad New York Midtown, da es \u00fcber eine Bar\/Lounge mit den besten Cocktails verf\u00fcgt und eine gro\u00dfe Auswahl an Restaurants, Nachtclubs und Transportm\u00f6glichkeiten leicht zu erreichen ist. Auch die Lage ist hervorragend, denn es befindet sich im Zentrum von Manhattan, nicht weit von der Carnegie Hall und dem Times Square entfernt und bietet kostenloses WLAN, ein rund um die Uhr ge\u00f6ffnetes Fitnessstudio, ein rund um die Uhr ge\u00f6ffnetes Businesscenter, Zimmerservice und mehr. Dienstleistungen.<\/p>\n<p>Wenn Sie nach g\u00fcnstigen Hotels suchen, ist das Holiday Inn Express New York City Times Square mit 22 % Rabatt eine gute Option. Dieses Hotel bietet sehr guten Service und ist wirklich g\u00fcnstig. Es bietet unter anderem ein sehr hochwertiges Fr\u00fchst\u00fccksbuffet, kostenloses WLAN, Klimaanlage, einen Fitnessraum. Der Service ist ausgezeichnet und an die Zeit der Pandemie angepasst. Die G\u00e4stezimmer werden gr\u00fcndlicher gereinigt, zur Reinigung der R\u00e4umlichkeiten werden handels\u00fcbliche Desinfektionsmittel verwendet, die Mitarbeiter tragen Masken, Gesichtsschutz oder Handschuhe, die Gemeinschaftsbereiche werden gr\u00fcndlicher gereinigt und die Mitarbeiter sind in gr\u00fcndlichem H\u00e4ndewaschen geschult. Zum pers\u00f6nlichen Schutz besteht in der Unterkunft Maskenpflicht. In den Gemeinschaftsbereichen gibt es H\u00e4ndedesinfektionsmittel oder Desinfektionst\u00fccher und in den Zimmern Hygienesets: Den G\u00e4sten stehen Masken, H\u00e4ndedesinfektionsmittel oder antibakterielle T\u00fccher sowie Masken oder Handschuhe zur Verf\u00fcgung. In den Gemeinschaftsr\u00e4umen ist die G\u00e4stezahl begrenzt und es gilt die Abstandsregel.<\/p>\n<p>Die meisten Hotels halten sich an diese Sorgfaltsregeln, was die Stadt zu einem sicheren und verantwortungsvollen Ort macht.<\/p>\n<p>Es gibt jedoch Hunderte hervorragender und empfehlenswerter Hotels in New York City mit exzellenter Lage, um die besten Sehensw\u00fcrdigkeiten zu besuchen und die wunderbare Stadt mit Freunden, der Familie oder Ihrem Partner zu entdecken und diese Reise mit dem besten Service zu etwas ganz Besonderem zu machen.<\/p>\n<\/div>\n<\/div>\n<\/div>\n<\/div>\n<\/div>\n<\/div>\n\t\t\t\t\t\t\t\t<\/div>\n\t\t\t\t<\/div>\n\t\t\t\t<div class=\"elementor-element elementor-element-9a018b5 elementor-widget-divider--view-line elementor-widget elementor-widget-divider\" data-id=\"9a018b5\" data-element_type=\"widget\" data-e-type=\"widget\" data-widget_type=\"divider.default\">\n\t\t\t\t<div class=\"elementor-widget-container\">\n\t\t\t\t\t\t\t<div class=\"elementor-divider\">\n\t\t\t<span class=\"elementor-divider-separator\">\n\t\t\t\t\t\t<\/span>\n\t\t<\/div>\n\t\t\t\t\t\t<\/div>\n\t\t\t\t<\/div>\n\t\t\t\t<div class=\"elementor-element elementor-element-b520f4a elementor-widget elementor-widget-text-editor\" data-id=\"b520f4a\" data-element_type=\"widget\" data-e-type=\"widget\" data-widget_type=\"text-editor.default\">\n\t\t\t\t<div class=\"elementor-widget-container\">\n\t\t\t\t\t\t\t\t\t<p><strong>Wenn Sie auf unserer Plakatwand am Times Square erscheinen m\u00f6chten, gehen Sie bitte zu unserem Abschnitt KONTAKT.<\/strong><\/p>\n<p>Und so funktioniert es:<\/p>\n<p>Ob Geburtstag, Heiratsantrag, Jahrestag oder eine einfache Liebeserkl\u00e4rung \u2013 bei uns sind Sie an der richtigen Adresse. Seien Sie kein Gesicht in der Menge!<br \/>Bringen Sie Ihr Foto oder Video auf unsere Plakatwand am Times Square!<\/p>\n<p>Option 1: Ihr 60 Sekunden langes Video\/Foto wird 22 Mal pro Tag angezeigt.<br \/>Option 2: Ihr 30 Sekunden langes Video\/Foto wird 44 Mal pro Tag angezeigt<br \/>Option 3: Ihr 15 Sekunden langes Video\/Foto wird 88 Mal pro Tag angezeigt.<\/p>\n<p>Unsere Plakatwand ist 31ft x55 ft gro\u00df und befindet sich am 1560 Broadway (Broadway und 46th Street direkt \u00fcber dem Pel\u00e9-Gesch\u00e4ft).<\/p>\n<p>Seien Sie kein Gesicht in der Menge!<\/p>\n\t\t\t\t\t\t\t\t<\/div>\n\t\t\t\t<\/div>\n\t\t\t\t<div class=\"elementor-element elementor-element-4f3e9ec elementor-widget elementor-widget-image\" data-id=\"4f3e9ec\" data-element_type=\"widget\" data-e-type=\"widget\" data-widget_type=\"image.default\">\n\t\t\t\t<div class=\"elementor-widget-container\">\n\t\t\t\t\t\t\t\t\t\t\t\t\t\t\t<img fetchpriority=\"high\" decoding=\"async\" width=\"1024\" height=\"775\" src=\"https:\/\/welcome-to-times-square.com\/wp-content\/uploads\/2022\/04\/hotels-1024x775.png\" class=\"attachment-large size-large wp-image-6158\" alt=\"\" srcset=\"https:\/\/welcome-to-times-square.com\/wp-content\/uploads\/2022\/04\/hotels-1024x775.png 1024w, https:\/\/welcome-to-times-square.com\/wp-content\/uploads\/2022\/04\/hotels-600x454.png 600w, https:\/\/welcome-to-times-square.com\/wp-content\/uploads\/2022\/04\/hotels-300x227.png 300w, https:\/\/welcome-to-times-square.com\/wp-content\/uploads\/2022\/04\/hotels-768x581.png 768w, https:\/\/welcome-to-times-square.com\/wp-content\/uploads\/2022\/04\/hotels-1536x1163.png 1536w, https:\/\/welcome-to-times-square.com\/wp-content\/uploads\/2022\/04\/hotels.png 1580w\" sizes=\"(max-width: 1024px) 100vw, 1024px\" \/>\t\t\t\t\t\t\t\t\t\t\t\t\t\t\t<\/div>\n\t\t\t\t<\/div>\n\t\t\t\t\t<\/div>\n\t\t\t\t<\/div>\n\t\t\t\t<\/div>\n\t\t","protected":false},"excerpt":{"rendered":"Hotels Tausende von Touristen besuchen t\u00e4glich New York City und der Times Square bietet f\u00fcr jeden von ihnen das ideale Hotel. Zimmer, die sich an die wirtschaftlichen M\u00f6glichkeiten jedes Einzelnen anpassen, aber immer den besten Service und die beste Aufmerksamkeit bieten. Wer ein gehobenes Erlebnis sucht, findet am Times Square auch Hotels der luxuri\u00f6sesten Ketten [...]<a href=\"https:\/\/welcome-to-times-square.com\/de\/hotels\/\" class=\"read-more wyz-secondary-color-text\">read more<span class=\"screen-reader-text\">Hotels<\/span><\/a>","protected":false},"author":53,"featured_media":0,"parent":0,"menu_order":0,"comment_status":"closed","ping_status":"closed","template":"elementor_header_footer","meta":{"footnotes":""},"class_list":["post-8902","page","type-page","status-publish","hentry"],"yoast_head":"<!-- This site is optimized with the Yoast SEO plugin v27.2 - https:\/\/yoast.com\/product\/yoast-seo-wordpress\/ -->\n<title>Hotels - times-square<\/title>\n<meta name=\"robots\" content=\"index, follow, max-snippet:-1, max-image-preview:large, max-video-preview:-1\" \/>\n<link rel=\"canonical\" href=\"https:\/\/welcome-to-times-square.com\/de\/hotels\/\" \/>\n<meta property=\"og:locale\" content=\"de_DE\" \/>\n<meta property=\"og:type\" content=\"article\" \/>\n<meta property=\"og:title\" content=\"Hotels - times-square\" \/>\n<meta property=\"og:description\" content=\"Hotels Tausende von Touristen besuchen t\u00e4glich New York City und der Times Square bietet f\u00fcr jeden von ihnen das ideale Hotel. Zimmer, die sich an die wirtschaftlichen M\u00f6glichkeiten jedes Einzelnen anpassen, aber immer den besten Service und die beste Aufmerksamkeit bieten. Wer ein gehobenes Erlebnis sucht, findet am Times Square auch Hotels der luxuri\u00f6sesten Ketten [...]read moreHotels\" \/>\n<meta property=\"og:url\" content=\"https:\/\/welcome-to-times-square.com\/de\/hotels\/\" \/>\n<meta property=\"og:site_name\" content=\"times-square\" \/>\n<meta property=\"article:modified_time\" content=\"2025-01-16T12:26:02+00:00\" \/>\n<meta property=\"og:image\" content=\"https:\/\/welcome-to-times-square.com\/wp-content\/uploads\/2022\/04\/hotels-1024x775.png\" \/>\n\t<meta property=\"og:image:width\" content=\"1024\" \/>\n\t<meta property=\"og:image:height\" content=\"775\" \/>\n\t<meta property=\"og:image:type\" content=\"image\/png\" \/>\n<meta name=\"twitter:card\" content=\"summary_large_image\" \/>\n<meta name=\"twitter:label1\" content=\"Gesch\u00e4tzte Lesezeit\" \/>\n\t<meta name=\"twitter:data1\" content=\"4\u00a0Minuten\" \/>\n<script type=\"application\/ld+json\" class=\"yoast-schema-graph\">{\"@context\":\"https:\/\/schema.org\",\"@graph\":[{\"@type\":\"WebPage\",\"@id\":\"https:\/\/welcome-to-times-square.com\/de\/hotels\/\",\"url\":\"https:\/\/welcome-to-times-square.com\/de\/hotels\/\",\"name\":\"Hotels - times-square\",\"isPartOf\":{\"@id\":\"https:\/\/welcome-to-times-square.com\/de\/#website\"},\"primaryImageOfPage\":{\"@id\":\"https:\/\/welcome-to-times-square.com\/de\/hotels\/#primaryimage\"},\"image\":{\"@id\":\"https:\/\/welcome-to-times-square.com\/de\/hotels\/#primaryimage\"},\"thumbnailUrl\":\"https:\/\/welcome-to-times-square.com\/wp-content\/uploads\/2022\/04\/hotels-1024x775.png\",\"datePublished\":\"2022-04-21T23:21:16+00:00\",\"dateModified\":\"2025-01-16T12:26:02+00:00\",\"breadcrumb\":{\"@id\":\"https:\/\/welcome-to-times-square.com\/de\/hotels\/#breadcrumb\"},\"inLanguage\":\"de\",\"potentialAction\":[{\"@type\":\"ReadAction\",\"target\":[\"https:\/\/welcome-to-times-square.com\/de\/hotels\/\"]}]},{\"@type\":\"ImageObject\",\"inLanguage\":\"de\",\"@id\":\"https:\/\/welcome-to-times-square.com\/de\/hotels\/#primaryimage\",\"url\":\"https:\/\/welcome-to-times-square.com\/wp-content\/uploads\/2022\/04\/hotels-1024x775.png\",\"contentUrl\":\"https:\/\/welcome-to-times-square.com\/wp-content\/uploads\/2022\/04\/hotels-1024x775.png\"},{\"@type\":\"BreadcrumbList\",\"@id\":\"https:\/\/welcome-to-times-square.com\/de\/hotels\/#breadcrumb\",\"itemListElement\":[{\"@type\":\"ListItem\",\"position\":1,\"name\":\"Home\",\"item\":\"https:\/\/welcome-to-times-square.com\/de\/\"},{\"@type\":\"ListItem\",\"position\":2,\"name\":\"Hotels\"}]},{\"@type\":\"WebSite\",\"@id\":\"https:\/\/welcome-to-times-square.com\/de\/#website\",\"url\":\"https:\/\/welcome-to-times-square.com\/de\/\",\"name\":\"times-square\",\"description\":\"times-square\",\"publisher\":{\"@id\":\"https:\/\/welcome-to-times-square.com\/de\/#organization\"},\"potentialAction\":[{\"@type\":\"SearchAction\",\"target\":{\"@type\":\"EntryPoint\",\"urlTemplate\":\"https:\/\/welcome-to-times-square.com\/de\/?s={search_term_string}\"},\"query-input\":{\"@type\":\"PropertyValueSpecification\",\"valueRequired\":true,\"valueName\":\"search_term_string\"}}],\"inLanguage\":\"de\"},{\"@type\":\"Organization\",\"@id\":\"https:\/\/welcome-to-times-square.com\/de\/#organization\",\"name\":\"times-square\",\"url\":\"https:\/\/welcome-to-times-square.com\/de\/\",\"logo\":{\"@type\":\"ImageObject\",\"inLanguage\":\"de\",\"@id\":\"https:\/\/welcome-to-times-square.com\/de\/#\/schema\/logo\/image\/\",\"url\":\"https:\/\/welcome-to-times-square.com\/wp-content\/uploads\/2024\/03\/welcome-to-time-square-logo-with-r.png\",\"contentUrl\":\"https:\/\/welcome-to-times-square.com\/wp-content\/uploads\/2024\/03\/welcome-to-time-square-logo-with-r.png\",\"width\":500,\"height\":342,\"caption\":\"times-square\"},\"image\":{\"@id\":\"https:\/\/welcome-to-times-square.com\/de\/#\/schema\/logo\/image\/\"}}]}<\/script>\n<!-- \/ Yoast SEO plugin. -->","yoast_head_json":{"title":"Hotels - times-square","robots":{"index":"index","follow":"follow","max-snippet":"max-snippet:-1","max-image-preview":"max-image-preview:large","max-video-preview":"max-video-preview:-1"},"canonical":"https:\/\/welcome-to-times-square.com\/de\/hotels\/","og_locale":"de_DE","og_type":"article","og_title":"Hotels - times-square","og_description":"Hotels Tausende von Touristen besuchen t\u00e4glich New York City und der Times Square bietet f\u00fcr jeden von ihnen das ideale Hotel. Zimmer, die sich an die wirtschaftlichen M\u00f6glichkeiten jedes Einzelnen anpassen, aber immer den besten Service und die beste Aufmerksamkeit bieten. Wer ein gehobenes Erlebnis sucht, findet am Times Square auch Hotels der luxuri\u00f6sesten Ketten [...]read moreHotels","og_url":"https:\/\/welcome-to-times-square.com\/de\/hotels\/","og_site_name":"times-square","article_modified_time":"2025-01-16T12:26:02+00:00","og_image":[{"width":1024,"height":775,"url":"https:\/\/welcome-to-times-square.com\/wp-content\/uploads\/2022\/04\/hotels-1024x775.png","type":"image\/png"}],"twitter_card":"summary_large_image","twitter_misc":{"Gesch\u00e4tzte Lesezeit":"4\u00a0Minuten"},"schema":{"@context":"https:\/\/schema.org","@graph":[{"@type":"WebPage","@id":"https:\/\/welcome-to-times-square.com\/de\/hotels\/","url":"https:\/\/welcome-to-times-square.com\/de\/hotels\/","name":"Hotels - times-square","isPartOf":{"@id":"https:\/\/welcome-to-times-square.com\/de\/#website"},"primaryImageOfPage":{"@id":"https:\/\/welcome-to-times-square.com\/de\/hotels\/#primaryimage"},"image":{"@id":"https:\/\/welcome-to-times-square.com\/de\/hotels\/#primaryimage"},"thumbnailUrl":"https:\/\/welcome-to-times-square.com\/wp-content\/uploads\/2022\/04\/hotels-1024x775.png","datePublished":"2022-04-21T23:21:16+00:00","dateModified":"2025-01-16T12:26:02+00:00","breadcrumb":{"@id":"https:\/\/welcome-to-times-square.com\/de\/hotels\/#breadcrumb"},"inLanguage":"de","potentialAction":[{"@type":"ReadAction","target":["https:\/\/welcome-to-times-square.com\/de\/hotels\/"]}]},{"@type":"ImageObject","inLanguage":"de","@id":"https:\/\/welcome-to-times-square.com\/de\/hotels\/#primaryimage","url":"https:\/\/welcome-to-times-square.com\/wp-content\/uploads\/2022\/04\/hotels-1024x775.png","contentUrl":"https:\/\/welcome-to-times-square.com\/wp-content\/uploads\/2022\/04\/hotels-1024x775.png"},{"@type":"BreadcrumbList","@id":"https:\/\/welcome-to-times-square.com\/de\/hotels\/#breadcrumb","itemListElement":[{"@type":"ListItem","position":1,"name":"Home","item":"https:\/\/welcome-to-times-square.com\/de\/"},{"@type":"ListItem","position":2,"name":"Hotels"}]},{"@type":"WebSite","@id":"https:\/\/welcome-to-times-square.com\/de\/#website","url":"https:\/\/welcome-to-times-square.com\/de\/","name":"times-square","description":"times-square","publisher":{"@id":"https:\/\/welcome-to-times-square.com\/de\/#organization"},"potentialAction":[{"@type":"SearchAction","target":{"@type":"EntryPoint","urlTemplate":"https:\/\/welcome-to-times-square.com\/de\/?s={search_term_string}"},"query-input":{"@type":"PropertyValueSpecification","valueRequired":true,"valueName":"search_term_string"}}],"inLanguage":"de"},{"@type":"Organization","@id":"https:\/\/welcome-to-times-square.com\/de\/#organization","name":"times-square","url":"https:\/\/welcome-to-times-square.com\/de\/","logo":{"@type":"ImageObject","inLanguage":"de","@id":"https:\/\/welcome-to-times-square.com\/de\/#\/schema\/logo\/image\/","url":"https:\/\/welcome-to-times-square.com\/wp-content\/uploads\/2024\/03\/welcome-to-time-square-logo-with-r.png","contentUrl":"https:\/\/welcome-to-times-square.com\/wp-content\/uploads\/2024\/03\/welcome-to-time-square-logo-with-r.png","width":500,"height":342,"caption":"times-square"},"image":{"@id":"https:\/\/welcome-to-times-square.com\/de\/#\/schema\/logo\/image\/"}}]}},"_hostinger_reach_plugin_has_subscription_block":false,"_hostinger_reach_plugin_is_elementor":false,"_links":{"self":[{"href":"https:\/\/welcome-to-times-square.com\/de\/wp-json\/wp\/v2\/pages\/8902","targetHints":{"allow":["GET"]}}],"collection":[{"href":"https:\/\/welcome-to-times-square.com\/de\/wp-json\/wp\/v2\/pages"}],"about":[{"href":"https:\/\/welcome-to-times-square.com\/de\/wp-json\/wp\/v2\/types\/page"}],"author":[{"embeddable":true,"href":"https:\/\/welcome-to-times-square.com\/de\/wp-json\/wp\/v2\/users\/53"}],"replies":[{"embeddable":true,"href":"https:\/\/welcome-to-times-square.com\/de\/wp-json\/wp\/v2\/comments?post=8902"}],"version-history":[{"count":2,"href":"https:\/\/welcome-to-times-square.com\/de\/wp-json\/wp\/v2\/pages\/8902\/revisions"}],"predecessor-version":[{"id":8909,"href":"https:\/\/welcome-to-times-square.com\/de\/wp-json\/wp\/v2\/pages\/8902\/revisions\/8909"}],"wp:attachment":[{"href":"https:\/\/welcome-to-times-square.com\/de\/wp-json\/wp\/v2\/media?parent=8902"}],"curies":[{"name":"wp","href":"https:\/\/api.w.org\/{rel}","templated":true}]}}