{"id":8934,"date":"2022-04-25T15:17:22","date_gmt":"2022-04-25T15:17:22","guid":{"rendered":"https:\/\/welcome-to-times-square.com\/deals\/"},"modified":"2025-01-17T09:40:40","modified_gmt":"2025-01-17T09:40:40","slug":"deals","status":"publish","type":"page","link":"https:\/\/welcome-to-times-square.com\/de\/deals\/","title":{"rendered":"Angebote"},"content":{"rendered":"\t\t<div data-elementor-type=\"wp-page\" data-elementor-id=\"8934\" class=\"elementor elementor-8934 elementor-2807\" data-elementor-post-type=\"page\">\n\t\t\t\t<div class=\"elementor-element elementor-element-96efad9 e-flex e-con-boxed e-con e-parent\" data-id=\"96efad9\" data-element_type=\"container\" data-e-type=\"container\" data-settings=\"{&quot;background_background&quot;:&quot;classic&quot;}\">\n\t\t\t\t\t<div class=\"e-con-inner\">\n\t\t\t\t<div class=\"elementor-element elementor-element-6ca9d98 elementor-widget elementor-widget-heading\" data-id=\"6ca9d98\" data-element_type=\"widget\" data-e-type=\"widget\" data-widget_type=\"heading.default\">\n\t\t\t\t<div class=\"elementor-widget-container\">\n\t\t\t\t\t<h2 class=\"elementor-heading-title elementor-size-default\">Angebote<\/h2>\t\t\t\t<\/div>\n\t\t\t\t<\/div>\n\t\t\t\t<div class=\"elementor-element elementor-element-e054c83 elementor-widget-divider--view-line elementor-widget elementor-widget-divider\" data-id=\"e054c83\" data-element_type=\"widget\" data-e-type=\"widget\" data-widget_type=\"divider.default\">\n\t\t\t\t<div class=\"elementor-widget-container\">\n\t\t\t\t\t\t\t<div class=\"elementor-divider\">\n\t\t\t<span class=\"elementor-divider-separator\">\n\t\t\t\t\t\t<\/span>\n\t\t<\/div>\n\t\t\t\t\t\t<\/div>\n\t\t\t\t<\/div>\n\t\t\t\t<div class=\"elementor-element elementor-element-2482935 elementor-widget elementor-widget-text-editor\" data-id=\"2482935\" data-element_type=\"widget\" data-e-type=\"widget\" data-widget_type=\"text-editor.default\">\n\t\t\t\t<div class=\"elementor-widget-container\">\n\t\t\t\t\t\t\t\t\t<div class=\"vc_row wpb_row vc_row-fluid vc_custom_1650656313890 vc_row-has-fill\">\n<div class=\"wpb_column vc_column_container vc_col-sm-12\">\n<div class=\"vc_column-inner\">\n<div class=\"wpb_wrapper\">\n<div class=\"wpb_text_column wpb_content_element \">\n<div class=\"wpb_wrapper\">\n<p>In New York gibt es einen speziellen Kalender mit Sonderangeboten und Rabatten, sodass Sie Ihre Reise planen und die j\u00e4hrlichen Angebote nutzen k\u00f6nnen, die bis zu 70 % unter dem urspr\u00fcnglichen Wert liegen k\u00f6nnen.<\/p>\n<p>Die Sonderangebote sind in Kalenderreihenfolge aufgef\u00fchrt. Sie werden sehen, dass die meisten davon mit US-amerikanischen Feiertagen zusammenfallen.<\/p>\n<p>In der Woche vom 12. bis 15. Februar ist der President\u2019s Day, ein ganz besonderer Tag, an dem jedes Jahr im Winter alles fertig ist.<\/p>\n<p>Der Schlussverkauf zur Fr\u00fchjahrssaison findet zwischen dem 28. und 31. Mai statt und wird Memorial Day genannt.<\/p>\n<p>Der Mai ist ein wundersch\u00f6ner Monat in New York, die Temperaturen sind sehr angenehm und die Hochsaison hat noch nicht begonnen, daher ist alles noch sch\u00f6ner.<\/p>\n<p>Der Sommerschlussverkauf ist einer der mit gr\u00f6\u00dfter Spannung erwarteten. Die ersten Julitage fallen mit den Angeboten zum Schulanfang und dem 4. Juli zusammen, also vom 1. bis zum 5. Juli.<\/p>\n<p>In den ersten Septembertagen werden die Schlussverk\u00e4ufe f\u00fcr den Sommer abgeschlossen, die Zeit vom 3. bis 6. September wird als Labor Day bezeichnet.<\/p>\n<p>Im Herbst gibt es zwei gro\u00dfe Schn\u00e4ppchensaisons, von denen die erste Mitte Herbst rund um den Columbus Day stattfindet: zwischen dem 8. und 11. Oktober.<\/p>\n<p>Au\u00dferdem gibt es in New York den lang erwarteten Black Friday, die zweite gro\u00dfe Saison der Schn\u00e4ppchen in New York ist der ber\u00fchmte Black Friday. Obwohl das offizielle Datum der Freitag nach Thanksgiving (der vierte Donnerstag jedes Jahres) und die Tage vor und das Wochenende nach Thanksgiving sind, haben die Gesch\u00e4fte tolle Angebote. <\/p>\n<p>Es ist eine der g\u00fcnstigsten Zeiten des Jahres, um einzukaufen. Es lohnt sich wirklich, die Reise auf dieses ganz besondere Datum zu legen, denn im November gibt es viel zu tun und in New York ist bereits Weihnachtsstimmung zu sp\u00fcren. <\/p>\n<p>Die After Holiday-Saison findet zwischen dem 26. Dezember und dem 2. Januar statt. Nach den Feiertagen am Jahresende werden Sonderangebote und Ausverk\u00e4ufe angeboten. Dort gibt es hervorragende Angebote. <\/p>\n<p>F\u00fcr den Fall, dass Ihre Reise nicht mit einem der Liquidationstermine in New York zusammenf\u00e4llt, k\u00f6nnen Sie die Woodbury Common Premium Outlets besuchen.<\/p>\n<p>Dieses Einkaufszentrum im Norden des Bundesstaats New York ist bekannt f\u00fcr seine ganzj\u00e4hrigen Rabatte auf Premiummarken und erstklassige Kleidung. Das Beste daran ist, dass es w\u00e4hrend der Schlussverkaufssaison noch mehr Rabatte gibt! Es ist ein paar Stunden von New York entfernt.  <\/p>\n<p>Es kann auch bei Macy\u2019s, Bloomingdale\u2019s und Saks Fifth Avenue gekauft werden. Einkaufszentren sind in New York gro\u00dfartige Orte f\u00fcr Schn\u00e4ppchen. <\/p>\n<p>Au\u00dfer Kleidung gibt es Rabatte auf Parf\u00fcmerien, Elektronik, Heimtextilien und Sportartikel. Und bei Saks verpacken sie Parf\u00fcms so h\u00fcbsch, dass es peinlich ist, sie auszupacken. <\/p>\n<p>Die Einkaufsstra\u00dfen, in denen Sie in New York Schn\u00e4ppchen machen k\u00f6nnen, gibt es in fast jedem Stadtviertel, dort finden Sie eine Vielzahl von Gesch\u00e4ften.<\/p>\n<p>In der 34. Stra\u00dfe zwischen der 5. und 6. Avenue. In diesem Block finden Sie gro\u00dfe Ketten wie Zara, Desigual, Mango, Aeropostale, GEOX, Aldo, Forever 21, Uniqlo, einen der Levi\u2019s-L\u00e4den, Footlocker und Timberland. <\/p>\n<p>Broadway zwischen Canal Street und Union Square. Es ist ein ziemlich langer Abschnitt des Broadway, der bis nach SoHo f\u00fchrt, wo Sie viele Marken finden. Sie finden Gesch\u00e4fte wie American Apparel, G-Star Raw, Top Shop, Michael Kors, Forever 21, Mango, Zara &amp; Other Stories, H&amp;M, Armani Exchange, Guess, Lacoste.  <\/p>\n<p>SoHo ist eines der bevorzugten Viertel, um Schn\u00e4ppchen zu machen. Hier gibt es nicht nur gro\u00dfe Marken, sondern auch kleine Marken und Boutiquen. <\/p>\n<p>Die 5th Avenue von der 16th Street aus ist auch eine gute Einkaufsstra\u00dfe. Sie finden Gesch\u00e4fte der Marken Anthropologie, GAP, Banana Republic, H&amp;M, American Apparel, Sephora, Nike, New Balance, Kate Spade, Club Monaco\u2026 Und das Beste: Sie kommen zum Flatiron Building und auf dem ganzen Weg sehen Sie das Empire State Building. In diesem Sinne ist es ein Vergn\u00fcgen, hier zu reisen.  <\/p>\n<p>In New York k\u00f6nnen Gesch\u00e4fte Rabatte gew\u00e4hren, wann immer sie wollen. Sie k\u00f6nnen also ohne Angst Gesch\u00e4fte betreten, auch wenn Sie das typische \u201eSales\u201c-Schild im Fenster nicht sehen, da die Sonderangebote manchmal drinnen stattfinden oder die Schilder in den Fenstern klein und unauff\u00e4llig sind. <\/p>\n<p>Und tats\u00e4chlich ist es ganz einfach, sich ein wenig Vokabular zum Thema Einkaufen anzueignen.<\/p>\n<p>Sales: Angebote und Aktionen, meist zum Saisonwechsel.<\/p>\n<p>Ausverkauf: Dies ist ein Bereich im Laden f\u00fcr Liquidationen. Meistens finden Sie ihn am Ende der Saison und es sind Bereiche, die Sie am Ende des Ladens finden. <\/p>\n<p>Markdown: Dieses Wort bezieht sich auf den reduzierten Preis, den Sie auf dem Etikett jedes Kleidungsst\u00fccks finden. Es wird normalerweise verwendet, wenn f\u00fcr jedes Kleidungsst\u00fcck ein unterschiedlicher Rabatt gilt. <\/p>\n<\/div>\n<\/div>\n<\/div>\n<\/div>\n<\/div>\n<\/div>\n\t\t\t\t\t\t\t\t<\/div>\n\t\t\t\t<\/div>\n\t\t\t\t<div class=\"elementor-element elementor-element-768faf6 elementor-widget-divider--view-line elementor-widget elementor-widget-divider\" data-id=\"768faf6\" data-element_type=\"widget\" data-e-type=\"widget\" data-widget_type=\"divider.default\">\n\t\t\t\t<div class=\"elementor-widget-container\">\n\t\t\t\t\t\t\t<div class=\"elementor-divider\">\n\t\t\t<span class=\"elementor-divider-separator\">\n\t\t\t\t\t\t<\/span>\n\t\t<\/div>\n\t\t\t\t\t\t<\/div>\n\t\t\t\t<\/div>\n\t\t\t\t<div class=\"elementor-element elementor-element-bd2df9d elementor-widget elementor-widget-text-editor\" data-id=\"bd2df9d\" data-element_type=\"widget\" data-e-type=\"widget\" data-widget_type=\"text-editor.default\">\n\t\t\t\t<div class=\"elementor-widget-container\">\n\t\t\t\t\t\t\t\t\t<p><strong>Wenn Sie auf unserer Plakatwand am Times Square erscheinen m\u00f6chten, gehen Sie bitte zu unserem Abschnitt KONTAKT.<\/strong><\/p>\n<p>Und so funktioniert es:<\/p>\n<p>Ob Geburtstag, Heiratsantrag, Jahrestag oder eine einfache Liebeserkl\u00e4rung \u2013 wir haben das Richtige f\u00fcr Sie. Fallen Sie in der Menge nicht unter! <br \/>Bringen Sie Ihr Foto oder Video auf unsere Plakatwand am Times Square!<\/p>\n<p>Option 1: Ihr 60 Sekunden langes Video\/Foto wird 22 Mal pro Tag angezeigt.<br \/>Option 2: Ihr 30 Sekunden langes Video\/Foto wird 44 Mal pro Tag angezeigt<br \/>Option 3: Ihr 15 Sekunden langes Video\/Foto wird 88 Mal pro Tag angezeigt.<\/p>\n<p>Unsere Plakatwand ist 31ft x55 ft gro\u00df und befindet sich am 1560 Broadway (Broadway und 46th Street direkt \u00fcber dem Pel\u00e9-Gesch\u00e4ft).<\/p>\n<p>Seien Sie kein Gesicht in der Menge!<\/p>\n\t\t\t\t\t\t\t\t<\/div>\n\t\t\t\t<\/div>\n\t\t\t\t<div class=\"elementor-element elementor-element-29aba7c elementor-widget elementor-widget-image\" data-id=\"29aba7c\" data-element_type=\"widget\" data-e-type=\"widget\" data-widget_type=\"image.default\">\n\t\t\t\t<div class=\"elementor-widget-container\">\n\t\t\t\t\t\t\t\t\t\t\t\t\t\t\t<img fetchpriority=\"high\" decoding=\"async\" width=\"1024\" height=\"512\" src=\"https:\/\/welcome-to-times-square.com\/wp-content\/uploads\/2022\/04\/deals-1024x512.jpg\" class=\"attachment-large size-large wp-image-6183\" alt=\"\" srcset=\"https:\/\/welcome-to-times-square.com\/wp-content\/uploads\/2022\/04\/deals-1024x512.jpg 1024w, https:\/\/welcome-to-times-square.com\/wp-content\/uploads\/2022\/04\/deals-600x300.jpg 600w, https:\/\/welcome-to-times-square.com\/wp-content\/uploads\/2022\/04\/deals-300x150.jpg 300w, https:\/\/welcome-to-times-square.com\/wp-content\/uploads\/2022\/04\/deals-768x384.jpg 768w, https:\/\/welcome-to-times-square.com\/wp-content\/uploads\/2022\/04\/deals-1536x768.jpg 1536w, https:\/\/welcome-to-times-square.com\/wp-content\/uploads\/2022\/04\/deals.jpg 1920w\" sizes=\"(max-width: 1024px) 100vw, 1024px\" \/>\t\t\t\t\t\t\t\t\t\t\t\t\t\t\t<\/div>\n\t\t\t\t<\/div>\n\t\t\t\t\t<\/div>\n\t\t\t\t<\/div>\n\t\t\t\t<\/div>\n\t\t","protected":false},"excerpt":{"rendered":"Angebote In New York gibt es einen speziellen Kalender mit Sonderangeboten und Rabatten, sodass Sie Ihre Reise planen und die j\u00e4hrlichen Angebote nutzen k\u00f6nnen, die bis zu 70 % unter dem urspr\u00fcnglichen Wert liegen k\u00f6nnen. Die Sonderangebote sind in Kalenderreihenfolge aufgef\u00fchrt. Sie werden sehen, dass die meisten davon mit US-amerikanischen Feiertagen zusammenfallen. In der Woche [...]<a href=\"https:\/\/welcome-to-times-square.com\/de\/deals\/\" class=\"read-more wyz-secondary-color-text\">read more<span class=\"screen-reader-text\">Angebote<\/span><\/a>","protected":false},"author":53,"featured_media":0,"parent":0,"menu_order":0,"comment_status":"closed","ping_status":"closed","template":"elementor_header_footer","meta":{"footnotes":""},"class_list":["post-8934","page","type-page","status-publish","hentry"],"yoast_head":"<!-- This site is optimized with the Yoast SEO plugin v27.2 - https:\/\/yoast.com\/product\/yoast-seo-wordpress\/ -->\n<title>Angebote - times-square<\/title>\n<meta name=\"description\" content=\"In New York gibt es einen speziellen Kalender mit Sonderangeboten und Rabatten, sodass Sie Ihre Reise planen und die j\u00e4hrlichen Angebote nutzen k\u00f6nnen, die bis zu 70 % unter dem urspr\u00fcnglichen Wert liegen k\u00f6nnen.\" \/>\n<meta name=\"robots\" content=\"index, follow, max-snippet:-1, max-image-preview:large, max-video-preview:-1\" \/>\n<link rel=\"canonical\" href=\"https:\/\/welcome-to-times-square.com\/de\/deals\/\" \/>\n<meta property=\"og:locale\" content=\"de_DE\" \/>\n<meta property=\"og:type\" content=\"article\" \/>\n<meta property=\"og:title\" content=\"Angebote - times-square\" \/>\n<meta property=\"og:description\" content=\"In New York gibt es einen speziellen Kalender mit Sonderangeboten und Rabatten, sodass Sie Ihre Reise planen und die j\u00e4hrlichen Angebote nutzen k\u00f6nnen, die bis zu 70 % unter dem urspr\u00fcnglichen Wert liegen k\u00f6nnen.\" \/>\n<meta property=\"og:url\" content=\"https:\/\/welcome-to-times-square.com\/de\/deals\/\" \/>\n<meta property=\"og:site_name\" content=\"times-square\" \/>\n<meta property=\"article:modified_time\" content=\"2025-01-17T09:40:40+00:00\" \/>\n<meta property=\"og:image\" content=\"https:\/\/welcome-to-times-square.com\/wp-content\/uploads\/2022\/04\/deals.jpg\" \/>\n\t<meta property=\"og:image:width\" content=\"1920\" \/>\n\t<meta property=\"og:image:height\" content=\"960\" \/>\n\t<meta property=\"og:image:type\" content=\"image\/jpeg\" \/>\n<meta name=\"twitter:card\" content=\"summary_large_image\" \/>\n<meta name=\"twitter:label1\" content=\"Gesch\u00e4tzte Lesezeit\" \/>\n\t<meta name=\"twitter:data1\" content=\"5\u00a0Minuten\" \/>\n<script type=\"application\/ld+json\" class=\"yoast-schema-graph\">{\"@context\":\"https:\/\/schema.org\",\"@graph\":[{\"@type\":\"WebPage\",\"@id\":\"https:\/\/welcome-to-times-square.com\/de\/deals\/\",\"url\":\"https:\/\/welcome-to-times-square.com\/de\/deals\/\",\"name\":\"Angebote - times-square\",\"isPartOf\":{\"@id\":\"https:\/\/welcome-to-times-square.com\/de\/#website\"},\"primaryImageOfPage\":{\"@id\":\"https:\/\/welcome-to-times-square.com\/de\/deals\/#primaryimage\"},\"image\":{\"@id\":\"https:\/\/welcome-to-times-square.com\/de\/deals\/#primaryimage\"},\"thumbnailUrl\":\"https:\/\/welcome-to-times-square.com\/wp-content\/uploads\/2022\/04\/deals-1024x512.jpg\",\"datePublished\":\"2022-04-25T15:17:22+00:00\",\"dateModified\":\"2025-01-17T09:40:40+00:00\",\"description\":\"In New York gibt es einen speziellen Kalender mit Sonderangeboten und Rabatten, sodass Sie Ihre Reise planen und die j\u00e4hrlichen Angebote nutzen k\u00f6nnen, die bis zu 70 % unter dem urspr\u00fcnglichen Wert liegen k\u00f6nnen.\",\"breadcrumb\":{\"@id\":\"https:\/\/welcome-to-times-square.com\/de\/deals\/#breadcrumb\"},\"inLanguage\":\"de\",\"potentialAction\":[{\"@type\":\"ReadAction\",\"target\":[\"https:\/\/welcome-to-times-square.com\/de\/deals\/\"]}]},{\"@type\":\"ImageObject\",\"inLanguage\":\"de\",\"@id\":\"https:\/\/welcome-to-times-square.com\/de\/deals\/#primaryimage\",\"url\":\"https:\/\/welcome-to-times-square.com\/wp-content\/uploads\/2022\/04\/deals-1024x512.jpg\",\"contentUrl\":\"https:\/\/welcome-to-times-square.com\/wp-content\/uploads\/2022\/04\/deals-1024x512.jpg\"},{\"@type\":\"BreadcrumbList\",\"@id\":\"https:\/\/welcome-to-times-square.com\/de\/deals\/#breadcrumb\",\"itemListElement\":[{\"@type\":\"ListItem\",\"position\":1,\"name\":\"Home\",\"item\":\"https:\/\/welcome-to-times-square.com\/de\/\"},{\"@type\":\"ListItem\",\"position\":2,\"name\":\"Angebote\"}]},{\"@type\":\"WebSite\",\"@id\":\"https:\/\/welcome-to-times-square.com\/de\/#website\",\"url\":\"https:\/\/welcome-to-times-square.com\/de\/\",\"name\":\"times-square\",\"description\":\"times-square\",\"publisher\":{\"@id\":\"https:\/\/welcome-to-times-square.com\/de\/#organization\"},\"potentialAction\":[{\"@type\":\"SearchAction\",\"target\":{\"@type\":\"EntryPoint\",\"urlTemplate\":\"https:\/\/welcome-to-times-square.com\/de\/?s={search_term_string}\"},\"query-input\":{\"@type\":\"PropertyValueSpecification\",\"valueRequired\":true,\"valueName\":\"search_term_string\"}}],\"inLanguage\":\"de\"},{\"@type\":\"Organization\",\"@id\":\"https:\/\/welcome-to-times-square.com\/de\/#organization\",\"name\":\"times-square\",\"url\":\"https:\/\/welcome-to-times-square.com\/de\/\",\"logo\":{\"@type\":\"ImageObject\",\"inLanguage\":\"de\",\"@id\":\"https:\/\/welcome-to-times-square.com\/de\/#\/schema\/logo\/image\/\",\"url\":\"https:\/\/welcome-to-times-square.com\/wp-content\/uploads\/2024\/03\/welcome-to-time-square-logo-with-r.png\",\"contentUrl\":\"https:\/\/welcome-to-times-square.com\/wp-content\/uploads\/2024\/03\/welcome-to-time-square-logo-with-r.png\",\"width\":500,\"height\":342,\"caption\":\"times-square\"},\"image\":{\"@id\":\"https:\/\/welcome-to-times-square.com\/de\/#\/schema\/logo\/image\/\"}}]}<\/script>\n<!-- \/ Yoast SEO plugin. -->","yoast_head_json":{"title":"Angebote - times-square","description":"In New York gibt es einen speziellen Kalender mit Sonderangeboten und Rabatten, sodass Sie Ihre Reise planen und die j\u00e4hrlichen Angebote nutzen k\u00f6nnen, die bis zu 70 % unter dem urspr\u00fcnglichen Wert liegen k\u00f6nnen.","robots":{"index":"index","follow":"follow","max-snippet":"max-snippet:-1","max-image-preview":"max-image-preview:large","max-video-preview":"max-video-preview:-1"},"canonical":"https:\/\/welcome-to-times-square.com\/de\/deals\/","og_locale":"de_DE","og_type":"article","og_title":"Angebote - times-square","og_description":"In New York gibt es einen speziellen Kalender mit Sonderangeboten und Rabatten, sodass Sie Ihre Reise planen und die j\u00e4hrlichen Angebote nutzen k\u00f6nnen, die bis zu 70 % unter dem urspr\u00fcnglichen Wert liegen k\u00f6nnen.","og_url":"https:\/\/welcome-to-times-square.com\/de\/deals\/","og_site_name":"times-square","article_modified_time":"2025-01-17T09:40:40+00:00","og_image":[{"width":1920,"height":960,"url":"https:\/\/welcome-to-times-square.com\/wp-content\/uploads\/2022\/04\/deals.jpg","type":"image\/jpeg"}],"twitter_card":"summary_large_image","twitter_misc":{"Gesch\u00e4tzte Lesezeit":"5\u00a0Minuten"},"schema":{"@context":"https:\/\/schema.org","@graph":[{"@type":"WebPage","@id":"https:\/\/welcome-to-times-square.com\/de\/deals\/","url":"https:\/\/welcome-to-times-square.com\/de\/deals\/","name":"Angebote - times-square","isPartOf":{"@id":"https:\/\/welcome-to-times-square.com\/de\/#website"},"primaryImageOfPage":{"@id":"https:\/\/welcome-to-times-square.com\/de\/deals\/#primaryimage"},"image":{"@id":"https:\/\/welcome-to-times-square.com\/de\/deals\/#primaryimage"},"thumbnailUrl":"https:\/\/welcome-to-times-square.com\/wp-content\/uploads\/2022\/04\/deals-1024x512.jpg","datePublished":"2022-04-25T15:17:22+00:00","dateModified":"2025-01-17T09:40:40+00:00","description":"In New York gibt es einen speziellen Kalender mit Sonderangeboten und Rabatten, sodass Sie Ihre Reise planen und die j\u00e4hrlichen Angebote nutzen k\u00f6nnen, die bis zu 70 % unter dem urspr\u00fcnglichen Wert liegen k\u00f6nnen.","breadcrumb":{"@id":"https:\/\/welcome-to-times-square.com\/de\/deals\/#breadcrumb"},"inLanguage":"de","potentialAction":[{"@type":"ReadAction","target":["https:\/\/welcome-to-times-square.com\/de\/deals\/"]}]},{"@type":"ImageObject","inLanguage":"de","@id":"https:\/\/welcome-to-times-square.com\/de\/deals\/#primaryimage","url":"https:\/\/welcome-to-times-square.com\/wp-content\/uploads\/2022\/04\/deals-1024x512.jpg","contentUrl":"https:\/\/welcome-to-times-square.com\/wp-content\/uploads\/2022\/04\/deals-1024x512.jpg"},{"@type":"BreadcrumbList","@id":"https:\/\/welcome-to-times-square.com\/de\/deals\/#breadcrumb","itemListElement":[{"@type":"ListItem","position":1,"name":"Home","item":"https:\/\/welcome-to-times-square.com\/de\/"},{"@type":"ListItem","position":2,"name":"Angebote"}]},{"@type":"WebSite","@id":"https:\/\/welcome-to-times-square.com\/de\/#website","url":"https:\/\/welcome-to-times-square.com\/de\/","name":"times-square","description":"times-square","publisher":{"@id":"https:\/\/welcome-to-times-square.com\/de\/#organization"},"potentialAction":[{"@type":"SearchAction","target":{"@type":"EntryPoint","urlTemplate":"https:\/\/welcome-to-times-square.com\/de\/?s={search_term_string}"},"query-input":{"@type":"PropertyValueSpecification","valueRequired":true,"valueName":"search_term_string"}}],"inLanguage":"de"},{"@type":"Organization","@id":"https:\/\/welcome-to-times-square.com\/de\/#organization","name":"times-square","url":"https:\/\/welcome-to-times-square.com\/de\/","logo":{"@type":"ImageObject","inLanguage":"de","@id":"https:\/\/welcome-to-times-square.com\/de\/#\/schema\/logo\/image\/","url":"https:\/\/welcome-to-times-square.com\/wp-content\/uploads\/2024\/03\/welcome-to-time-square-logo-with-r.png","contentUrl":"https:\/\/welcome-to-times-square.com\/wp-content\/uploads\/2024\/03\/welcome-to-time-square-logo-with-r.png","width":500,"height":342,"caption":"times-square"},"image":{"@id":"https:\/\/welcome-to-times-square.com\/de\/#\/schema\/logo\/image\/"}}]}},"_hostinger_reach_plugin_has_subscription_block":false,"_hostinger_reach_plugin_is_elementor":false,"_links":{"self":[{"href":"https:\/\/welcome-to-times-square.com\/de\/wp-json\/wp\/v2\/pages\/8934","targetHints":{"allow":["GET"]}}],"collection":[{"href":"https:\/\/welcome-to-times-square.com\/de\/wp-json\/wp\/v2\/pages"}],"about":[{"href":"https:\/\/welcome-to-times-square.com\/de\/wp-json\/wp\/v2\/types\/page"}],"author":[{"embeddable":true,"href":"https:\/\/welcome-to-times-square.com\/de\/wp-json\/wp\/v2\/users\/53"}],"replies":[{"embeddable":true,"href":"https:\/\/welcome-to-times-square.com\/de\/wp-json\/wp\/v2\/comments?post=8934"}],"version-history":[{"count":2,"href":"https:\/\/welcome-to-times-square.com\/de\/wp-json\/wp\/v2\/pages\/8934\/revisions"}],"predecessor-version":[{"id":8941,"href":"https:\/\/welcome-to-times-square.com\/de\/wp-json\/wp\/v2\/pages\/8934\/revisions\/8941"}],"wp:attachment":[{"href":"https:\/\/welcome-to-times-square.com\/de\/wp-json\/wp\/v2\/media?parent=8934"}],"curies":[{"name":"wp","href":"https:\/\/api.w.org\/{rel}","templated":true}]}}