{"id":8950,"date":"2022-05-10T20:25:09","date_gmt":"2022-05-10T20:25:09","guid":{"rendered":"https:\/\/welcome-to-times-square.com\/planning-an-event-in-nyc\/"},"modified":"2025-01-17T10:26:23","modified_gmt":"2025-01-17T10:26:23","slug":"planning-an-event-in-nyc","status":"publish","type":"page","link":"https:\/\/welcome-to-times-square.com\/de\/planning-an-event-in-nyc\/","title":{"rendered":"Planen einer Veranstaltung in NYC"},"content":{"rendered":"\t\t<div data-elementor-type=\"wp-page\" data-elementor-id=\"8950\" class=\"elementor elementor-8950 elementor-2932\" data-elementor-post-type=\"page\">\n\t\t\t\t<div class=\"elementor-element elementor-element-b6a30bc e-flex e-con-boxed e-con e-parent\" data-id=\"b6a30bc\" data-element_type=\"container\" data-e-type=\"container\" data-settings=\"{&quot;background_background&quot;:&quot;classic&quot;}\">\n\t\t\t\t\t<div class=\"e-con-inner\">\n\t\t\t\t<div class=\"elementor-element elementor-element-4aa115f elementor-widget elementor-widget-heading\" data-id=\"4aa115f\" data-element_type=\"widget\" data-e-type=\"widget\" data-widget_type=\"heading.default\">\n\t\t\t\t<div class=\"elementor-widget-container\">\n\t\t\t\t\t<h2 class=\"elementor-heading-title elementor-size-default\">Planen einer Veranstaltung in NYC<\/h2>\t\t\t\t<\/div>\n\t\t\t\t<\/div>\n\t\t\t\t<div class=\"elementor-element elementor-element-02111df elementor-widget-divider--view-line elementor-widget elementor-widget-divider\" data-id=\"02111df\" data-element_type=\"widget\" data-e-type=\"widget\" data-widget_type=\"divider.default\">\n\t\t\t\t<div class=\"elementor-widget-container\">\n\t\t\t\t\t\t\t<div class=\"elementor-divider\">\n\t\t\t<span class=\"elementor-divider-separator\">\n\t\t\t\t\t\t<\/span>\n\t\t<\/div>\n\t\t\t\t\t\t<\/div>\n\t\t\t\t<\/div>\n\t\t\t\t<div class=\"elementor-element elementor-element-6eba364 elementor-widget elementor-widget-text-editor\" data-id=\"6eba364\" data-element_type=\"widget\" data-e-type=\"widget\" data-widget_type=\"text-editor.default\">\n\t\t\t\t<div class=\"elementor-widget-container\">\n\t\t\t\t\t\t\t\t\t<div class=\"vc_row wpb_row vc_row-fluid vc_custom_1652220902464 vc_row-has-fill\">\n<div class=\"wpb_column vc_column_container vc_col-sm-12\">\n<div class=\"vc_column-inner\">\n<div class=\"wpb_wrapper\">\n<div class=\"vc_tta-container\" data-vc-action=\"collapse\">\n<div class=\"vc_general vc_tta vc_tta-tabs vc_tta-color-grey vc_tta-style-classic vc_tta-shape-rounded vc_tta-spacing-1 vc_tta-tabs-position-top vc_tta-controls-align-left\">\n<div class=\"vc_tta-panels-container\">\n<div class=\"vc_tta-panels\">\n<div id=\"1652214027141-0740dd2c-c58f\" class=\"vc_tta-panel vc_active\" data-vc-content=\".vc_tta-panel-body\">\n<div class=\"vc_tta-panel-body\">\n<div class=\"wpb_text_column wpb_content_element \">\n<div class=\"wpb_wrapper\">\n<p>Der 4. Juli ist ein Planungsereignis, bei dem die Vereinigten Staaten voller Flaggen, Grillabende und Feuerwerk sind, um ihren patriotischsten Tag zu feiern: den Unabh\u00e4ngigkeitstag.<\/p>\n<p>Mit einem Nationalfeiertag im Freien erinnern die Amerikaner an die Verabschiedung der Unabh\u00e4ngigkeitserkl\u00e4rung durch den Kongress am 4. Juli 1776.<\/p>\n<p>Eine weitere tolle M\u00f6glichkeit, ein Event zu planen, ist der vierte Donnerstag im November. In den USA wird Thanksgiving gefeiert, was wir oft in Filmen sehen.<\/p>\n<p>Es ist ein unglaubliches Fest und das Land ist lahmgelegt, die Stra\u00dfen sind fast leer und die meisten Gesch\u00e4fte sind geschlossen. An Thanksgiving fliegen alle nach Hause, um den Abend mit der Familie zu verbringen. Die Planung einer Veranstaltung beginnt in New York mit einem der am meisten erwarteten Ereignisse im Kalender: der Macy\u2019s Day Parade, einer Parade, die vom Kaufhaus Macy\u2019s organisiert wird und seit 1924 stattfindet. Sie ist sehr ber\u00fchmt und zieht Millionen von Menschen an. Festwagen, T\u00e4nzer und Musiker nehmen an der Parade teil und feiern Thanksgiving und die Ankunft von Weihnachten. Es gibt auch sehr ber\u00fchmte Figuren, wie Darstellungen von Broadway-Musicals, es gibt riesige Ballons in Form von liebenswerten Kinderfiguren wie Snoopy, Hello Kitty oder Garfield, und jedes Jahr kommen moderne Figuren hinzu. Wenn die Parade vorbei ist, besteht ein weiteres Planungsereignis darin, dass die Familien nach Hause eilen, um das Thanksgiving-Dinner vorzubereiten. Am Anfang dieser gro\u00dfen Feier wurde Gott gedankt, und viele Familien nehmen auch heute noch an dem Gebetsessen teil.       <\/p>\n<p>Aber Thanksgiving ist auch eine Gelegenheit f\u00fcr alle, unabh\u00e4ngig von ihren religi\u00f6sen \u00dcberzeugungen, dar\u00fcber nachzudenken und alles Gute zu sch\u00e4tzen. Auf keinem Tisch darf gebratener Truthahn fehlen, begleitet von Kartoffelbrei, Preiselbeerso\u00dfe, Bratenso\u00dfe (eine dicke So\u00dfe, die mit Truthahnsaft zubereitet wird), Maisbrot, Rosenkohl und als Nachtisch gibt es klassisch K\u00fcrbiskuchen, den k\u00f6stlichen K\u00fcrbiskuchen. <\/p>\n<p>In vielen Haushalten beginnt das Abendessen gegen 14 oder 15 Uhr. Nach dem Abendessen ist es Tradition, Fu\u00dfballspiele im Fernsehen anzuschauen. <\/p>\n<p>Ein weiterer Grund, ein Event zu planen, ist der Herbst, wenn New York voller K\u00fcrbisse, Skelette und Hexen ist. Die einzige gute Erkl\u00e4rung ist, dass Halloween vor der T\u00fcr steht. Es ist die gruseligste Nacht des Jahres, die am 31. Oktober gefeiert wird. Aber jeder beginnt, \u00fcber Kost\u00fcme nachzudenken und die Kamera f\u00fcr die K\u00fcrbisjagd vorzubereiten.   <\/p>\n<p>Als Erstes sollten Sie sich auf die Suche nach Herbstdekorationen machen. Das ist sowohl f\u00fcr Sie als auch f\u00fcr diejenigen m\u00f6glich, die in der Halloween-Nacht in New York sind oder die Stadt kurz vorher besuchen.<\/p>\n<p>Die gro\u00dfe Mehrheit der H\u00e4user beginnt ab Anfang Oktober mit der Dekoration. Die Wohnviertel sind ideal f\u00fcr Spazierg\u00e4nge, da man sehen kann, wie die Nachbarn ihre H\u00e4user mit Skeletten, Vogelscheuchen, Spinnweben, Zombies, Hexen, K\u00fcrbissen usw. dekorieren. Andere erstaunliche Orte, die oft f\u00fcr Halloween dekoriert werden, sind der Chelsea Market und das Rockefeller Center.  <\/p>\n<p>Mit mehr als zwei Millionen Zuschauern (New Yorkern und Touristen) ist die Village Halloween Parade die gr\u00f6\u00dfte Halloween-Parade der Welt und die bekannteste Halloween-Feier in New York.<\/p>\n<p>Es \u00e4hnelt stark der Karnevalsparade, bei der \u00fcber sechzigtausend Menschen in den extravagantesten und unglaublichsten Kost\u00fcmen, die man sich vorstellen kann, die 6th Avenue entlangziehen, begleitet von glitzernden Festwagen, riesigen Puppen, lauter Musik und viel Improvisation.<\/p>\n<p>Wenn die anwesende Person sich verkleidet, kann sie teilnehmen. Wenn Sie kein Kost\u00fcm haben, k\u00f6nnen Sie sie am 31. Oktober ab 19:00 Uhr auf der 6th Avenue sehen (beginnt an der Spring Street und geht bis zur 16th Street).<\/p>\n<p>Ein weiteres Event ist, wenn der Big Apple unter Feuerwerken den Zauber der Weihnachtszeit entfacht und sich die Massen am Times Square versammeln. Und obwohl das Thermometer unter Null Grad anzeigt, ist die Nacht voller Besucher. <\/p>\n<p>Die ber\u00fchmte Kugel hat eine gro\u00dfe Symbolkraft: Sie steigt um 18:00 Uhr auf und sinkt um 23:59 Uhr f\u00fcr 60 Sekunden vom Geb\u00e4ude One Times Square herab.<\/p>\n<p>Wenn der Abstieg endet, regnen in der ersten Sekunde des neuen Jahres Feuerwerkswolken auf den Platz. Am letzten Tag jedes Jahres ist es zu einem Ritual geworden, dass sich gro\u00dfe Menschenmengen am hell erleuchteten Times Square in New York versammeln, um den Neuanfang zu begr\u00fc\u00dfen. Um Mitternacht zieht die Menge ihre Liebste zu einem zeremoniellen Kuss heran.  <\/p>\n<p>Im letzten Jahrhundert hat sich das Symbol des neuen Jahres, die leuchtende Kugel, von einem mit Gl\u00fchbirnen geschm\u00fcckten K\u00e4fig aus Eisen und Holz zu dem entwickelt, was wir heute als schillerndes Technicolor-Glasobjekt kennen.<\/p>\n<\/div>\n<\/div>\n<\/div>\n<\/div>\n<\/div>\n<\/div>\n<\/div>\n<\/div>\n<\/div>\n<\/div>\n<\/div>\n<\/div>\n\t\t\t\t\t\t\t\t<\/div>\n\t\t\t\t<\/div>\n\t\t\t\t<div class=\"elementor-element elementor-element-d7a8c37 elementor-widget-divider--view-line elementor-widget elementor-widget-divider\" data-id=\"d7a8c37\" data-element_type=\"widget\" data-e-type=\"widget\" data-widget_type=\"divider.default\">\n\t\t\t\t<div class=\"elementor-widget-container\">\n\t\t\t\t\t\t\t<div class=\"elementor-divider\">\n\t\t\t<span class=\"elementor-divider-separator\">\n\t\t\t\t\t\t<\/span>\n\t\t<\/div>\n\t\t\t\t\t\t<\/div>\n\t\t\t\t<\/div>\n\t\t\t\t<div class=\"elementor-element elementor-element-d58414d elementor-widget elementor-widget-text-editor\" data-id=\"d58414d\" data-element_type=\"widget\" data-e-type=\"widget\" data-widget_type=\"text-editor.default\">\n\t\t\t\t<div class=\"elementor-widget-container\">\n\t\t\t\t\t\t\t\t\t<p><strong>Wenn Sie auf unserer Plakatwand am Times Square erscheinen m\u00f6chten, gehen Sie bitte zu unserem Abschnitt KONTAKT.<\/strong><\/p>\n<p>Und so funktioniert es:<\/p>\n<p>Ob Geburtstag, Heiratsantrag, Jahrestag oder eine einfache Liebeserkl\u00e4rung \u2013 wir haben das Richtige f\u00fcr Sie. Fallen Sie in der Menge nicht unter! <br \/>Bringen Sie Ihr Foto oder Video auf unsere Plakatwand am Times Square!<\/p>\n<p>Option 1: Ihr 60 Sekunden langes Video\/Foto wird 22 Mal pro Tag angezeigt.<br \/>Option 2: Ihr 30 Sekunden langes Video\/Foto wird 44 Mal pro Tag angezeigt<br \/>Option 3: Ihr 15 Sekunden langes Video\/Foto wird 88 Mal pro Tag angezeigt.<\/p>\n<p>Unsere Plakatwand ist 31ft x55 ft gro\u00df und befindet sich am 1560 Broadway (Broadway und 46th Street direkt \u00fcber dem Pel\u00e9-Gesch\u00e4ft).<\/p>\n<p>Seien Sie kein Gesicht in der Menge!<\/p>\n\t\t\t\t\t\t\t\t<\/div>\n\t\t\t\t<\/div>\n\t\t\t\t<div class=\"elementor-element elementor-element-667454c elementor-widget elementor-widget-image\" data-id=\"667454c\" data-element_type=\"widget\" data-e-type=\"widget\" data-widget_type=\"image.default\">\n\t\t\t\t<div class=\"elementor-widget-container\">\n\t\t\t\t\t\t\t\t\t\t\t\t\t\t\t<img fetchpriority=\"high\" decoding=\"async\" width=\"1024\" height=\"538\" src=\"https:\/\/welcome-to-times-square.com\/wp-content\/uploads\/2022\/05\/Planning-an-event-in-NYC-1024x538.jpg\" class=\"attachment-large size-large wp-image-6273\" alt=\"\" srcset=\"https:\/\/welcome-to-times-square.com\/wp-content\/uploads\/2022\/05\/Planning-an-event-in-NYC-1024x538.jpg 1024w, https:\/\/welcome-to-times-square.com\/wp-content\/uploads\/2022\/05\/Planning-an-event-in-NYC-600x315.jpg 600w, https:\/\/welcome-to-times-square.com\/wp-content\/uploads\/2022\/05\/Planning-an-event-in-NYC-300x158.jpg 300w, https:\/\/welcome-to-times-square.com\/wp-content\/uploads\/2022\/05\/Planning-an-event-in-NYC-768x403.jpg 768w, https:\/\/welcome-to-times-square.com\/wp-content\/uploads\/2022\/05\/Planning-an-event-in-NYC.jpg 1200w\" sizes=\"(max-width: 1024px) 100vw, 1024px\" \/>\t\t\t\t\t\t\t\t\t\t\t\t\t\t\t<\/div>\n\t\t\t\t<\/div>\n\t\t\t\t\t<\/div>\n\t\t\t\t<\/div>\n\t\t\t\t<\/div>\n\t\t","protected":false},"excerpt":{"rendered":"Planen einer Veranstaltung in NYC Der 4. Juli ist ein Planungsereignis, bei dem die Vereinigten Staaten voller Flaggen, Grillabende und Feuerwerk sind, um ihren patriotischsten Tag zu feiern: den Unabh\u00e4ngigkeitstag. Mit einem Nationalfeiertag im Freien erinnern die Amerikaner an die Verabschiedung der Unabh\u00e4ngigkeitserkl\u00e4rung durch den Kongress am 4. Juli 1776. Eine weitere tolle M\u00f6glichkeit, ein [...]<a href=\"https:\/\/welcome-to-times-square.com\/de\/planning-an-event-in-nyc\/\" class=\"read-more wyz-secondary-color-text\">read more<span class=\"screen-reader-text\">Planen einer Veranstaltung in NYC<\/span><\/a>","protected":false},"author":53,"featured_media":0,"parent":0,"menu_order":0,"comment_status":"closed","ping_status":"closed","template":"elementor_header_footer","meta":{"footnotes":""},"class_list":["post-8950","page","type-page","status-publish","hentry"],"yoast_head":"<!-- This site is optimized with the Yoast SEO plugin v27.2 - https:\/\/yoast.com\/product\/yoast-seo-wordpress\/ -->\n<title>Planen einer Veranstaltung in NYC - times-square<\/title>\n<meta name=\"robots\" content=\"index, follow, max-snippet:-1, max-image-preview:large, max-video-preview:-1\" \/>\n<link rel=\"canonical\" href=\"https:\/\/welcome-to-times-square.com\/de\/planning-an-event-in-nyc\/\" \/>\n<meta property=\"og:locale\" content=\"de_DE\" \/>\n<meta property=\"og:type\" content=\"article\" \/>\n<meta property=\"og:title\" content=\"Planen einer Veranstaltung in NYC - times-square\" \/>\n<meta property=\"og:description\" content=\"Planen einer Veranstaltung in NYC Der 4. Juli ist ein Planungsereignis, bei dem die Vereinigten Staaten voller Flaggen, Grillabende und Feuerwerk sind, um ihren patriotischsten Tag zu feiern: den Unabh\u00e4ngigkeitstag. Mit einem Nationalfeiertag im Freien erinnern die Amerikaner an die Verabschiedung der Unabh\u00e4ngigkeitserkl\u00e4rung durch den Kongress am 4. Juli 1776. Eine weitere tolle M\u00f6glichkeit, ein [...]read morePlanen einer Veranstaltung in NYC\" \/>\n<meta property=\"og:url\" content=\"https:\/\/welcome-to-times-square.com\/de\/planning-an-event-in-nyc\/\" \/>\n<meta property=\"og:site_name\" content=\"times-square\" \/>\n<meta property=\"article:modified_time\" content=\"2025-01-17T10:26:23+00:00\" \/>\n<meta property=\"og:image\" content=\"https:\/\/welcome-to-times-square.com\/wp-content\/uploads\/2022\/05\/Planning-an-event-in-NYC.jpg\" \/>\n\t<meta property=\"og:image:width\" content=\"1200\" \/>\n\t<meta property=\"og:image:height\" content=\"630\" \/>\n\t<meta property=\"og:image:type\" content=\"image\/jpeg\" \/>\n<meta name=\"twitter:card\" content=\"summary_large_image\" \/>\n<meta name=\"twitter:label1\" content=\"Gesch\u00e4tzte Lesezeit\" \/>\n\t<meta name=\"twitter:data1\" content=\"5\u00a0Minuten\" \/>\n<script type=\"application\/ld+json\" class=\"yoast-schema-graph\">{\"@context\":\"https:\/\/schema.org\",\"@graph\":[{\"@type\":\"WebPage\",\"@id\":\"https:\/\/welcome-to-times-square.com\/de\/planning-an-event-in-nyc\/\",\"url\":\"https:\/\/welcome-to-times-square.com\/de\/planning-an-event-in-nyc\/\",\"name\":\"Planen einer Veranstaltung in NYC - times-square\",\"isPartOf\":{\"@id\":\"https:\/\/welcome-to-times-square.com\/de\/#website\"},\"primaryImageOfPage\":{\"@id\":\"https:\/\/welcome-to-times-square.com\/de\/planning-an-event-in-nyc\/#primaryimage\"},\"image\":{\"@id\":\"https:\/\/welcome-to-times-square.com\/de\/planning-an-event-in-nyc\/#primaryimage\"},\"thumbnailUrl\":\"https:\/\/welcome-to-times-square.com\/wp-content\/uploads\/2022\/05\/Planning-an-event-in-NYC-1024x538.jpg\",\"datePublished\":\"2022-05-10T20:25:09+00:00\",\"dateModified\":\"2025-01-17T10:26:23+00:00\",\"breadcrumb\":{\"@id\":\"https:\/\/welcome-to-times-square.com\/de\/planning-an-event-in-nyc\/#breadcrumb\"},\"inLanguage\":\"de\",\"potentialAction\":[{\"@type\":\"ReadAction\",\"target\":[\"https:\/\/welcome-to-times-square.com\/de\/planning-an-event-in-nyc\/\"]}]},{\"@type\":\"ImageObject\",\"inLanguage\":\"de\",\"@id\":\"https:\/\/welcome-to-times-square.com\/de\/planning-an-event-in-nyc\/#primaryimage\",\"url\":\"https:\/\/welcome-to-times-square.com\/wp-content\/uploads\/2022\/05\/Planning-an-event-in-NYC-1024x538.jpg\",\"contentUrl\":\"https:\/\/welcome-to-times-square.com\/wp-content\/uploads\/2022\/05\/Planning-an-event-in-NYC-1024x538.jpg\"},{\"@type\":\"BreadcrumbList\",\"@id\":\"https:\/\/welcome-to-times-square.com\/de\/planning-an-event-in-nyc\/#breadcrumb\",\"itemListElement\":[{\"@type\":\"ListItem\",\"position\":1,\"name\":\"Home\",\"item\":\"https:\/\/welcome-to-times-square.com\/de\/\"},{\"@type\":\"ListItem\",\"position\":2,\"name\":\"Planen einer Veranstaltung in NYC\"}]},{\"@type\":\"WebSite\",\"@id\":\"https:\/\/welcome-to-times-square.com\/de\/#website\",\"url\":\"https:\/\/welcome-to-times-square.com\/de\/\",\"name\":\"times-square\",\"description\":\"times-square\",\"publisher\":{\"@id\":\"https:\/\/welcome-to-times-square.com\/de\/#organization\"},\"potentialAction\":[{\"@type\":\"SearchAction\",\"target\":{\"@type\":\"EntryPoint\",\"urlTemplate\":\"https:\/\/welcome-to-times-square.com\/de\/?s={search_term_string}\"},\"query-input\":{\"@type\":\"PropertyValueSpecification\",\"valueRequired\":true,\"valueName\":\"search_term_string\"}}],\"inLanguage\":\"de\"},{\"@type\":\"Organization\",\"@id\":\"https:\/\/welcome-to-times-square.com\/de\/#organization\",\"name\":\"times-square\",\"url\":\"https:\/\/welcome-to-times-square.com\/de\/\",\"logo\":{\"@type\":\"ImageObject\",\"inLanguage\":\"de\",\"@id\":\"https:\/\/welcome-to-times-square.com\/de\/#\/schema\/logo\/image\/\",\"url\":\"https:\/\/welcome-to-times-square.com\/wp-content\/uploads\/2024\/03\/welcome-to-time-square-logo-with-r.png\",\"contentUrl\":\"https:\/\/welcome-to-times-square.com\/wp-content\/uploads\/2024\/03\/welcome-to-time-square-logo-with-r.png\",\"width\":500,\"height\":342,\"caption\":\"times-square\"},\"image\":{\"@id\":\"https:\/\/welcome-to-times-square.com\/de\/#\/schema\/logo\/image\/\"}}]}<\/script>\n<!-- \/ Yoast SEO plugin. -->","yoast_head_json":{"title":"Planen einer Veranstaltung in NYC - times-square","robots":{"index":"index","follow":"follow","max-snippet":"max-snippet:-1","max-image-preview":"max-image-preview:large","max-video-preview":"max-video-preview:-1"},"canonical":"https:\/\/welcome-to-times-square.com\/de\/planning-an-event-in-nyc\/","og_locale":"de_DE","og_type":"article","og_title":"Planen einer Veranstaltung in NYC - times-square","og_description":"Planen einer Veranstaltung in NYC Der 4. Juli ist ein Planungsereignis, bei dem die Vereinigten Staaten voller Flaggen, Grillabende und Feuerwerk sind, um ihren patriotischsten Tag zu feiern: den Unabh\u00e4ngigkeitstag. Mit einem Nationalfeiertag im Freien erinnern die Amerikaner an die Verabschiedung der Unabh\u00e4ngigkeitserkl\u00e4rung durch den Kongress am 4. Juli 1776. Eine weitere tolle M\u00f6glichkeit, ein [...]read morePlanen einer Veranstaltung in NYC","og_url":"https:\/\/welcome-to-times-square.com\/de\/planning-an-event-in-nyc\/","og_site_name":"times-square","article_modified_time":"2025-01-17T10:26:23+00:00","og_image":[{"width":1200,"height":630,"url":"https:\/\/welcome-to-times-square.com\/wp-content\/uploads\/2022\/05\/Planning-an-event-in-NYC.jpg","type":"image\/jpeg"}],"twitter_card":"summary_large_image","twitter_misc":{"Gesch\u00e4tzte Lesezeit":"5\u00a0Minuten"},"schema":{"@context":"https:\/\/schema.org","@graph":[{"@type":"WebPage","@id":"https:\/\/welcome-to-times-square.com\/de\/planning-an-event-in-nyc\/","url":"https:\/\/welcome-to-times-square.com\/de\/planning-an-event-in-nyc\/","name":"Planen einer Veranstaltung in NYC - times-square","isPartOf":{"@id":"https:\/\/welcome-to-times-square.com\/de\/#website"},"primaryImageOfPage":{"@id":"https:\/\/welcome-to-times-square.com\/de\/planning-an-event-in-nyc\/#primaryimage"},"image":{"@id":"https:\/\/welcome-to-times-square.com\/de\/planning-an-event-in-nyc\/#primaryimage"},"thumbnailUrl":"https:\/\/welcome-to-times-square.com\/wp-content\/uploads\/2022\/05\/Planning-an-event-in-NYC-1024x538.jpg","datePublished":"2022-05-10T20:25:09+00:00","dateModified":"2025-01-17T10:26:23+00:00","breadcrumb":{"@id":"https:\/\/welcome-to-times-square.com\/de\/planning-an-event-in-nyc\/#breadcrumb"},"inLanguage":"de","potentialAction":[{"@type":"ReadAction","target":["https:\/\/welcome-to-times-square.com\/de\/planning-an-event-in-nyc\/"]}]},{"@type":"ImageObject","inLanguage":"de","@id":"https:\/\/welcome-to-times-square.com\/de\/planning-an-event-in-nyc\/#primaryimage","url":"https:\/\/welcome-to-times-square.com\/wp-content\/uploads\/2022\/05\/Planning-an-event-in-NYC-1024x538.jpg","contentUrl":"https:\/\/welcome-to-times-square.com\/wp-content\/uploads\/2022\/05\/Planning-an-event-in-NYC-1024x538.jpg"},{"@type":"BreadcrumbList","@id":"https:\/\/welcome-to-times-square.com\/de\/planning-an-event-in-nyc\/#breadcrumb","itemListElement":[{"@type":"ListItem","position":1,"name":"Home","item":"https:\/\/welcome-to-times-square.com\/de\/"},{"@type":"ListItem","position":2,"name":"Planen einer Veranstaltung in NYC"}]},{"@type":"WebSite","@id":"https:\/\/welcome-to-times-square.com\/de\/#website","url":"https:\/\/welcome-to-times-square.com\/de\/","name":"times-square","description":"times-square","publisher":{"@id":"https:\/\/welcome-to-times-square.com\/de\/#organization"},"potentialAction":[{"@type":"SearchAction","target":{"@type":"EntryPoint","urlTemplate":"https:\/\/welcome-to-times-square.com\/de\/?s={search_term_string}"},"query-input":{"@type":"PropertyValueSpecification","valueRequired":true,"valueName":"search_term_string"}}],"inLanguage":"de"},{"@type":"Organization","@id":"https:\/\/welcome-to-times-square.com\/de\/#organization","name":"times-square","url":"https:\/\/welcome-to-times-square.com\/de\/","logo":{"@type":"ImageObject","inLanguage":"de","@id":"https:\/\/welcome-to-times-square.com\/de\/#\/schema\/logo\/image\/","url":"https:\/\/welcome-to-times-square.com\/wp-content\/uploads\/2024\/03\/welcome-to-time-square-logo-with-r.png","contentUrl":"https:\/\/welcome-to-times-square.com\/wp-content\/uploads\/2024\/03\/welcome-to-time-square-logo-with-r.png","width":500,"height":342,"caption":"times-square"},"image":{"@id":"https:\/\/welcome-to-times-square.com\/de\/#\/schema\/logo\/image\/"}}]}},"_hostinger_reach_plugin_has_subscription_block":false,"_hostinger_reach_plugin_is_elementor":false,"_links":{"self":[{"href":"https:\/\/welcome-to-times-square.com\/de\/wp-json\/wp\/v2\/pages\/8950","targetHints":{"allow":["GET"]}}],"collection":[{"href":"https:\/\/welcome-to-times-square.com\/de\/wp-json\/wp\/v2\/pages"}],"about":[{"href":"https:\/\/welcome-to-times-square.com\/de\/wp-json\/wp\/v2\/types\/page"}],"author":[{"embeddable":true,"href":"https:\/\/welcome-to-times-square.com\/de\/wp-json\/wp\/v2\/users\/53"}],"replies":[{"embeddable":true,"href":"https:\/\/welcome-to-times-square.com\/de\/wp-json\/wp\/v2\/comments?post=8950"}],"version-history":[{"count":2,"href":"https:\/\/welcome-to-times-square.com\/de\/wp-json\/wp\/v2\/pages\/8950\/revisions"}],"predecessor-version":[{"id":8968,"href":"https:\/\/welcome-to-times-square.com\/de\/wp-json\/wp\/v2\/pages\/8950\/revisions\/8968"}],"wp:attachment":[{"href":"https:\/\/welcome-to-times-square.com\/de\/wp-json\/wp\/v2\/media?parent=8950"}],"curies":[{"name":"wp","href":"https:\/\/api.w.org\/{rel}","templated":true}]}}