{"id":8955,"date":"2022-04-27T19:06:40","date_gmt":"2022-04-27T19:06:40","guid":{"rendered":"https:\/\/welcome-to-times-square.com\/visitortips\/"},"modified":"2025-01-17T10:20:51","modified_gmt":"2025-01-17T10:20:51","slug":"visitortips","status":"publish","type":"page","link":"https:\/\/welcome-to-times-square.com\/de\/visitortips\/","title":{"rendered":"Besuchertipps"},"content":{"rendered":"\t\t<div data-elementor-type=\"wp-page\" data-elementor-id=\"8955\" class=\"elementor elementor-8955 elementor-2829\" data-elementor-post-type=\"page\">\n\t\t\t\t<div class=\"elementor-element elementor-element-a7e514d e-flex e-con-boxed e-con e-parent\" data-id=\"a7e514d\" data-element_type=\"container\" data-e-type=\"container\" data-settings=\"{&quot;background_background&quot;:&quot;classic&quot;}\">\n\t\t\t\t\t<div class=\"e-con-inner\">\n\t\t\t\t<div class=\"elementor-element elementor-element-bbaf489 elementor-widget elementor-widget-heading\" data-id=\"bbaf489\" data-element_type=\"widget\" data-e-type=\"widget\" data-widget_type=\"heading.default\">\n\t\t\t\t<div class=\"elementor-widget-container\">\n\t\t\t\t\t<h2 class=\"elementor-heading-title elementor-size-default\">Besuchertipps<\/h2>\t\t\t\t<\/div>\n\t\t\t\t<\/div>\n\t\t\t\t<div class=\"elementor-element elementor-element-98dd7f0 elementor-widget-divider--view-line elementor-widget elementor-widget-divider\" data-id=\"98dd7f0\" data-element_type=\"widget\" data-e-type=\"widget\" data-widget_type=\"divider.default\">\n\t\t\t\t<div class=\"elementor-widget-container\">\n\t\t\t\t\t\t\t<div class=\"elementor-divider\">\n\t\t\t<span class=\"elementor-divider-separator\">\n\t\t\t\t\t\t<\/span>\n\t\t<\/div>\n\t\t\t\t\t\t<\/div>\n\t\t\t\t<\/div>\n\t\t\t\t<div class=\"elementor-element elementor-element-2b82bc1 elementor-widget elementor-widget-text-editor\" data-id=\"2b82bc1\" data-element_type=\"widget\" data-e-type=\"widget\" data-widget_type=\"text-editor.default\">\n\t\t\t\t<div class=\"elementor-widget-container\">\n\t\t\t\t\t\t\t\t\t<div class=\"vc_row wpb_row vc_row-fluid vc_custom_1651092060602 vc_row-has-fill\">\n<div class=\"wpb_column vc_column_container vc_col-sm-12\">\n<div class=\"vc_column-inner\">\n<div class=\"wpb_wrapper\">\n<div class=\"vc_tta-container\" data-vc-action=\"collapse\">\n<div class=\"vc_general vc_tta vc_tta-tabs vc_tta-color-grey vc_tta-style-modern vc_tta-shape-rounded vc_tta-spacing-1 vc_tta-tabs-position-top vc_tta-controls-align-left vc_custom_1651098040467\">\n<div class=\"vc_tta-panels-container\">\n<div class=\"vc_tta-panels\">\n<div id=\"1651091635865-054572bc-1eb7\" class=\"vc_tta-panel vc_active\" data-vc-content=\".vc_tta-panel-body\">\n<div class=\"vc_tta-panel-body\">\n<div class=\"wpb_text_column wpb_content_element \">\n<div class=\"wpb_wrapper\">\n<p>Die besten Tipps f\u00fcr New York City-Besucher empfehlen, die Bronx wie ein New Yorker und die gro\u00dfe Vielfalt an Attraktionen zu erkunden, die dieses Reiseziel bietet.<\/p>\n<p>Im Norden Manhattans hat die Bronx alles zu bieten, vom Bronx Zoo bis zum ber\u00fchmten Yankee Stadium. Nehmen Sie sich Zeit und machen Sie einen Spaziergang durch die Grand Concourse oder nehmen Sie eine F\u00e4hre von Manhattan zu einem idyllischen Ort am Wasser namens Clason Point. Dort k\u00f6nnen Sie lebendige und sch\u00f6ne Viertel wie Riverdale erkunden, wo Touristen im An Beal Bocht, einem authentischen irischen Pub, ein ber\u00fchmtes Guinness-Bier genie\u00dfen k\u00f6nnen; Arthur Avenue, das erste Little Italy der Stadt; und Mott Haven, wo The Lit. Bar ein Muss f\u00fcr Buchliebhaber ist und Chocobar Cortes ein Muss f\u00fcr Schokoladenfans.   <\/p>\n<p>Die Bronx ist einer der ber\u00fchmtesten Orte f\u00fcr das Yankee Stadium, den Bronx Zoo, den New York Botanical Garden und als Geburtsort des Hip-Hop, aber es ist auch erw\u00e4hnenswert, dass es hier viele authentische und einzigartige lokale Erlebnisse zu entdecken gibt. Von den Uferorten wie City Island und Orchard Beach \u00fcber die Arthur Avenue und Little Italy, die Wandmalereien und Restaurants auf der River Avenue und der 161st Street, die das Yankee Stadium s\u00e4umen, die weitl\u00e4ufigen Parks und G\u00e4rten bis hin zum Genuss der au\u00dfergew\u00f6hnlichen ethnischen K\u00fcche im gesamten Bezirk sticht die Bronx als au\u00dfergew\u00f6hnliches Reiseziel hervor, um NYC wie ein New Yorker zu erleben.  <\/p>\n<p>Eine einzigartige und charmante Unterkunftsm\u00f6glichkeit in der Bronx ist das wunderbare Boutique-Hotel Opera House, das in einem renovierten historischen Theater untergebracht ist, in dem einst Unterhaltungslegenden wie Harry Houdini und die Marx Brothers auftraten. Das Hotel verf\u00fcgt \u00fcber 60 Zimmer, ein Fitnessstudio, Fr\u00fchst\u00fcck inklusive, Concierge-Service und liegt in der N\u00e4he von zwei U-Bahn-Stationen: 149th Street-Grand Concourse und Third Avenue-149th Street. <\/p>\n<p>Die Bronx ist ein geschichtstr\u00e4chtiger Ort: George Washington hat hier im 18. Jahrhundert gewohnt, der Dichter Edgar Allan Poe lebte hier im 19. Jahrhundert und im 20. Jahrhundert wurde hier die Hip-Hop-Musik geboren. Der Bezirk verf\u00fcgt au\u00dferdem \u00fcber 7.000 Hektar Parklandschaft (etwa 25 Prozent seiner Gesamtfl\u00e4che), von majest\u00e4tischen G\u00e4rten wie Wave Hill und dem New York Botanical Garden bis hin zum Van Cortlandt Park, der f\u00fcr seine Geschichte ber\u00fchmt ist und ein gro\u00dfartiger Ort f\u00fcr Besuchertipps ist. <\/p>\n<p>Ein weiterer Besuchertipp ist, dass es in der Bronx auch viele Restaurants gibt, viele davon gem\u00fctliche Familienbetriebe, die authentische K\u00fcche aus aller Welt anbieten, sei es ein kolumbianisches Men\u00fc im La Masa, mexikanisches Essen in der Taqueria Tlaxcalli oder italienisches Essen in der Arthur Avenue. Das rot-wei\u00dfe Michelin-Logo finden Sie an der T\u00fcr von SUYO Gastrofusion, einem eleganten und anspruchsvollen Lokal, in dem die latein-asiatische Speisekarte Thai Chicken Empanadas und Panko Ripe umfasst. Dank lebhafter Einwanderergemeinschaften wie Little Ghana ist die Bronx auch zu einem Ziel f\u00fcr westafrikanisches Essen geworden. Nutzen Sie auch die Gelegenheit, ghanaische K\u00fcche im Papaye oder togolesische Spezialit\u00e4ten im Bognan International zu probieren, und besuchen Sie unbedingt Grin, um Essen von der Elfenbeink\u00fcste zu genie\u00dfen.   <\/p>\n<p>Kinderfreundliche Besuchertipps f\u00fcr den Broadway, wo Sie die Show \u201eDer K\u00f6nig der L\u00f6wen\u201c sehen k\u00f6nnen, eine gefeierte Theateradaption des klassischen Disney-Films von 1994 und des Buches von Roger Allers und Irene Mecchi, das die Geschichte von Simba zum Leben erweckt, dem Prinzen der afrikanischen L\u00f6wen, der gegen seinen b\u00f6sen Onkel Scar um den Thron k\u00e4mpft, nachdem dieser seinen Vater get\u00f6tet hat. Doch bevor Simba seinen rechtm\u00e4\u00dfigen Platz im Kreislauf des Lebens einnehmen kann, w\u00e4chst er mit seinen beiden lebenslustigen Freunden Timon und Pumbaa auf. Gemeinsam bringen sie Simba ihre Lebensphilosophie Hakuna Matata bei. Ein weiteres gefeiertes Musical ist \u201eDas Phantom der Oper\u201c, eines der \u00e4u\u00dferst erfolgreichen Broadway-Musicals, das dank der wunderbaren Adaption des beliebten Romans von Gaston Leroux mit 7 Tony Awards ausgezeichnet wurde.   <\/p>\n<p>Ein weiterer Besuchertipp ist The Mills at Jersey Gardens. Dort gibt es mehr als 200 Gesch\u00e4fte unter einem Dach, und es sind weitere 80 geplant. Au\u00dferdem gibt es Restaurants und Unterhaltungsm\u00f6glichkeiten. Das Viertel liegt in der N\u00e4he des Flughafens von Newark. \u201eDrinnen bleiben\u201c ist in dieser Gegend keine Kleinigkeit, denn im Sommer ist es sehr hei\u00df und drau\u00dfen mit Klimaanlage einkaufen zu gehen ist eine Erleichterung. Und f\u00fcr den Winter gibt es beheizte Korridore, denn die K\u00e4lte ist sehr hart.  <\/p>\n<\/div>\n<\/div>\n<\/div>\n<\/div>\n<\/div>\n<\/div>\n<\/div>\n<\/div>\n<\/div>\n<\/div>\n<\/div>\n<\/div>\n\t\t\t\t\t\t\t\t<\/div>\n\t\t\t\t<\/div>\n\t\t\t\t<div class=\"elementor-element elementor-element-3c0a951 elementor-widget-divider--view-line elementor-widget elementor-widget-divider\" data-id=\"3c0a951\" data-element_type=\"widget\" data-e-type=\"widget\" data-widget_type=\"divider.default\">\n\t\t\t\t<div class=\"elementor-widget-container\">\n\t\t\t\t\t\t\t<div class=\"elementor-divider\">\n\t\t\t<span class=\"elementor-divider-separator\">\n\t\t\t\t\t\t<\/span>\n\t\t<\/div>\n\t\t\t\t\t\t<\/div>\n\t\t\t\t<\/div>\n\t\t\t\t<div class=\"elementor-element elementor-element-732b94c elementor-widget elementor-widget-text-editor\" data-id=\"732b94c\" data-element_type=\"widget\" data-e-type=\"widget\" data-widget_type=\"text-editor.default\">\n\t\t\t\t<div class=\"elementor-widget-container\">\n\t\t\t\t\t\t\t\t\t<p><strong>Wenn Sie auf unserer Plakatwand am Times Square erscheinen m\u00f6chten, gehen Sie bitte zu unserem Abschnitt KONTAKT.<\/strong><\/p>\n<p>Und so funktioniert es:<\/p>\n<p>Ob Geburtstag, Heiratsantrag, Jahrestag oder eine einfache Liebeserkl\u00e4rung \u2013 wir haben das Richtige f\u00fcr Sie. Fallen Sie in der Menge nicht unter! <br \/>Bringen Sie Ihr Foto oder Video auf unsere Plakatwand am Times Square!<\/p>\n<p>Option 1: Ihr 60 Sekunden langes Video\/Foto wird 22 Mal pro Tag angezeigt.<br \/>Option 2: Ihr 30 Sekunden langes Video\/Foto wird 44 Mal pro Tag angezeigt<br \/>Option 3: Ihr 15 Sekunden langes Video\/Foto wird 88 Mal pro Tag angezeigt.<\/p>\n<p>Unsere Plakatwand ist 31ft x55 ft gro\u00df und befindet sich am 1560 Broadway (Broadway und 46th Street direkt \u00fcber dem Pel\u00e9-Gesch\u00e4ft).<\/p>\n<p>Seien Sie kein Gesicht in der Menge!<\/p>\n\t\t\t\t\t\t\t\t<\/div>\n\t\t\t\t<\/div>\n\t\t\t\t<div class=\"elementor-element elementor-element-8fd3fb8 elementor-widget elementor-widget-image\" data-id=\"8fd3fb8\" data-element_type=\"widget\" data-e-type=\"widget\" data-widget_type=\"image.default\">\n\t\t\t\t<div class=\"elementor-widget-container\">\n\t\t\t\t\t\t\t\t\t\t\t\t\t\t\t<img fetchpriority=\"high\" decoding=\"async\" width=\"1024\" height=\"578\" src=\"https:\/\/welcome-to-times-square.com\/wp-content\/uploads\/2022\/04\/visitor-tips-1024x578.png\" class=\"attachment-large size-large wp-image-6188\" alt=\"\" srcset=\"https:\/\/welcome-to-times-square.com\/wp-content\/uploads\/2022\/04\/visitor-tips-1024x578.png 1024w, https:\/\/welcome-to-times-square.com\/wp-content\/uploads\/2022\/04\/visitor-tips-600x339.png 600w, https:\/\/welcome-to-times-square.com\/wp-content\/uploads\/2022\/04\/visitor-tips-300x169.png 300w, https:\/\/welcome-to-times-square.com\/wp-content\/uploads\/2022\/04\/visitor-tips-768x434.png 768w, https:\/\/welcome-to-times-square.com\/wp-content\/uploads\/2022\/04\/visitor-tips-1536x867.png 1536w, https:\/\/welcome-to-times-square.com\/wp-content\/uploads\/2022\/04\/visitor-tips-2048x1156.png 2048w\" sizes=\"(max-width: 1024px) 100vw, 1024px\" \/>\t\t\t\t\t\t\t\t\t\t\t\t\t\t\t<\/div>\n\t\t\t\t<\/div>\n\t\t\t\t\t<\/div>\n\t\t\t\t<\/div>\n\t\t\t\t<\/div>\n\t\t","protected":false},"excerpt":{"rendered":"Besuchertipps Die besten Tipps f\u00fcr New York City-Besucher empfehlen, die Bronx wie ein New Yorker und die gro\u00dfe Vielfalt an Attraktionen zu erkunden, die dieses Reiseziel bietet. Im Norden Manhattans hat die Bronx alles zu bieten, vom Bronx Zoo bis zum ber\u00fchmten Yankee Stadium. Nehmen Sie sich Zeit und machen Sie einen Spaziergang durch die [...]<a href=\"https:\/\/welcome-to-times-square.com\/de\/visitortips\/\" class=\"read-more wyz-secondary-color-text\">read more<span class=\"screen-reader-text\">Besuchertipps<\/span><\/a>","protected":false},"author":53,"featured_media":0,"parent":0,"menu_order":0,"comment_status":"closed","ping_status":"closed","template":"elementor_header_footer","meta":{"footnotes":""},"class_list":["post-8955","page","type-page","status-publish","hentry"],"yoast_head":"<!-- This site is optimized with the Yoast SEO plugin v27.2 - https:\/\/yoast.com\/product\/yoast-seo-wordpress\/ -->\n<title>Besuchertipps - times-square<\/title>\n<meta name=\"robots\" content=\"index, follow, max-snippet:-1, max-image-preview:large, max-video-preview:-1\" \/>\n<link rel=\"canonical\" href=\"https:\/\/welcome-to-times-square.com\/de\/visitortips\/\" \/>\n<meta property=\"og:locale\" content=\"de_DE\" \/>\n<meta property=\"og:type\" content=\"article\" \/>\n<meta property=\"og:title\" content=\"Besuchertipps - times-square\" \/>\n<meta property=\"og:description\" content=\"Besuchertipps Die besten Tipps f\u00fcr New York City-Besucher empfehlen, die Bronx wie ein New Yorker und die gro\u00dfe Vielfalt an Attraktionen zu erkunden, die dieses Reiseziel bietet. Im Norden Manhattans hat die Bronx alles zu bieten, vom Bronx Zoo bis zum ber\u00fchmten Yankee Stadium. Nehmen Sie sich Zeit und machen Sie einen Spaziergang durch die [...]read moreBesuchertipps\" \/>\n<meta property=\"og:url\" content=\"https:\/\/welcome-to-times-square.com\/de\/visitortips\/\" \/>\n<meta property=\"og:site_name\" content=\"times-square\" \/>\n<meta property=\"article:modified_time\" content=\"2025-01-17T10:20:51+00:00\" \/>\n<meta property=\"og:image\" content=\"https:\/\/welcome-to-times-square.com\/wp-content\/uploads\/2022\/04\/visitor-tips-1024x578.png\" \/>\n\t<meta property=\"og:image:width\" content=\"1024\" \/>\n\t<meta property=\"og:image:height\" content=\"578\" \/>\n\t<meta property=\"og:image:type\" content=\"image\/png\" \/>\n<meta name=\"twitter:card\" content=\"summary_large_image\" \/>\n<meta name=\"twitter:label1\" content=\"Gesch\u00e4tzte Lesezeit\" \/>\n\t<meta name=\"twitter:data1\" content=\"4\u00a0Minuten\" \/>\n<script type=\"application\/ld+json\" class=\"yoast-schema-graph\">{\"@context\":\"https:\/\/schema.org\",\"@graph\":[{\"@type\":\"WebPage\",\"@id\":\"https:\/\/welcome-to-times-square.com\/de\/visitortips\/\",\"url\":\"https:\/\/welcome-to-times-square.com\/de\/visitortips\/\",\"name\":\"Besuchertipps - times-square\",\"isPartOf\":{\"@id\":\"https:\/\/welcome-to-times-square.com\/de\/#website\"},\"primaryImageOfPage\":{\"@id\":\"https:\/\/welcome-to-times-square.com\/de\/visitortips\/#primaryimage\"},\"image\":{\"@id\":\"https:\/\/welcome-to-times-square.com\/de\/visitortips\/#primaryimage\"},\"thumbnailUrl\":\"https:\/\/welcome-to-times-square.com\/wp-content\/uploads\/2022\/04\/visitor-tips-1024x578.png\",\"datePublished\":\"2022-04-27T19:06:40+00:00\",\"dateModified\":\"2025-01-17T10:20:51+00:00\",\"breadcrumb\":{\"@id\":\"https:\/\/welcome-to-times-square.com\/de\/visitortips\/#breadcrumb\"},\"inLanguage\":\"de\",\"potentialAction\":[{\"@type\":\"ReadAction\",\"target\":[\"https:\/\/welcome-to-times-square.com\/de\/visitortips\/\"]}]},{\"@type\":\"ImageObject\",\"inLanguage\":\"de\",\"@id\":\"https:\/\/welcome-to-times-square.com\/de\/visitortips\/#primaryimage\",\"url\":\"https:\/\/welcome-to-times-square.com\/wp-content\/uploads\/2022\/04\/visitor-tips-1024x578.png\",\"contentUrl\":\"https:\/\/welcome-to-times-square.com\/wp-content\/uploads\/2022\/04\/visitor-tips-1024x578.png\"},{\"@type\":\"BreadcrumbList\",\"@id\":\"https:\/\/welcome-to-times-square.com\/de\/visitortips\/#breadcrumb\",\"itemListElement\":[{\"@type\":\"ListItem\",\"position\":1,\"name\":\"Home\",\"item\":\"https:\/\/welcome-to-times-square.com\/de\/\"},{\"@type\":\"ListItem\",\"position\":2,\"name\":\"Besuchertipps\"}]},{\"@type\":\"WebSite\",\"@id\":\"https:\/\/welcome-to-times-square.com\/de\/#website\",\"url\":\"https:\/\/welcome-to-times-square.com\/de\/\",\"name\":\"times-square\",\"description\":\"times-square\",\"publisher\":{\"@id\":\"https:\/\/welcome-to-times-square.com\/de\/#organization\"},\"potentialAction\":[{\"@type\":\"SearchAction\",\"target\":{\"@type\":\"EntryPoint\",\"urlTemplate\":\"https:\/\/welcome-to-times-square.com\/de\/?s={search_term_string}\"},\"query-input\":{\"@type\":\"PropertyValueSpecification\",\"valueRequired\":true,\"valueName\":\"search_term_string\"}}],\"inLanguage\":\"de\"},{\"@type\":\"Organization\",\"@id\":\"https:\/\/welcome-to-times-square.com\/de\/#organization\",\"name\":\"times-square\",\"url\":\"https:\/\/welcome-to-times-square.com\/de\/\",\"logo\":{\"@type\":\"ImageObject\",\"inLanguage\":\"de\",\"@id\":\"https:\/\/welcome-to-times-square.com\/de\/#\/schema\/logo\/image\/\",\"url\":\"https:\/\/welcome-to-times-square.com\/wp-content\/uploads\/2024\/03\/welcome-to-time-square-logo-with-r.png\",\"contentUrl\":\"https:\/\/welcome-to-times-square.com\/wp-content\/uploads\/2024\/03\/welcome-to-time-square-logo-with-r.png\",\"width\":500,\"height\":342,\"caption\":\"times-square\"},\"image\":{\"@id\":\"https:\/\/welcome-to-times-square.com\/de\/#\/schema\/logo\/image\/\"}}]}<\/script>\n<!-- \/ Yoast SEO plugin. -->","yoast_head_json":{"title":"Besuchertipps - times-square","robots":{"index":"index","follow":"follow","max-snippet":"max-snippet:-1","max-image-preview":"max-image-preview:large","max-video-preview":"max-video-preview:-1"},"canonical":"https:\/\/welcome-to-times-square.com\/de\/visitortips\/","og_locale":"de_DE","og_type":"article","og_title":"Besuchertipps - times-square","og_description":"Besuchertipps Die besten Tipps f\u00fcr New York City-Besucher empfehlen, die Bronx wie ein New Yorker und die gro\u00dfe Vielfalt an Attraktionen zu erkunden, die dieses Reiseziel bietet. Im Norden Manhattans hat die Bronx alles zu bieten, vom Bronx Zoo bis zum ber\u00fchmten Yankee Stadium. Nehmen Sie sich Zeit und machen Sie einen Spaziergang durch die [...]read moreBesuchertipps","og_url":"https:\/\/welcome-to-times-square.com\/de\/visitortips\/","og_site_name":"times-square","article_modified_time":"2025-01-17T10:20:51+00:00","og_image":[{"width":1024,"height":578,"url":"https:\/\/welcome-to-times-square.com\/wp-content\/uploads\/2022\/04\/visitor-tips-1024x578.png","type":"image\/png"}],"twitter_card":"summary_large_image","twitter_misc":{"Gesch\u00e4tzte Lesezeit":"4\u00a0Minuten"},"schema":{"@context":"https:\/\/schema.org","@graph":[{"@type":"WebPage","@id":"https:\/\/welcome-to-times-square.com\/de\/visitortips\/","url":"https:\/\/welcome-to-times-square.com\/de\/visitortips\/","name":"Besuchertipps - times-square","isPartOf":{"@id":"https:\/\/welcome-to-times-square.com\/de\/#website"},"primaryImageOfPage":{"@id":"https:\/\/welcome-to-times-square.com\/de\/visitortips\/#primaryimage"},"image":{"@id":"https:\/\/welcome-to-times-square.com\/de\/visitortips\/#primaryimage"},"thumbnailUrl":"https:\/\/welcome-to-times-square.com\/wp-content\/uploads\/2022\/04\/visitor-tips-1024x578.png","datePublished":"2022-04-27T19:06:40+00:00","dateModified":"2025-01-17T10:20:51+00:00","breadcrumb":{"@id":"https:\/\/welcome-to-times-square.com\/de\/visitortips\/#breadcrumb"},"inLanguage":"de","potentialAction":[{"@type":"ReadAction","target":["https:\/\/welcome-to-times-square.com\/de\/visitortips\/"]}]},{"@type":"ImageObject","inLanguage":"de","@id":"https:\/\/welcome-to-times-square.com\/de\/visitortips\/#primaryimage","url":"https:\/\/welcome-to-times-square.com\/wp-content\/uploads\/2022\/04\/visitor-tips-1024x578.png","contentUrl":"https:\/\/welcome-to-times-square.com\/wp-content\/uploads\/2022\/04\/visitor-tips-1024x578.png"},{"@type":"BreadcrumbList","@id":"https:\/\/welcome-to-times-square.com\/de\/visitortips\/#breadcrumb","itemListElement":[{"@type":"ListItem","position":1,"name":"Home","item":"https:\/\/welcome-to-times-square.com\/de\/"},{"@type":"ListItem","position":2,"name":"Besuchertipps"}]},{"@type":"WebSite","@id":"https:\/\/welcome-to-times-square.com\/de\/#website","url":"https:\/\/welcome-to-times-square.com\/de\/","name":"times-square","description":"times-square","publisher":{"@id":"https:\/\/welcome-to-times-square.com\/de\/#organization"},"potentialAction":[{"@type":"SearchAction","target":{"@type":"EntryPoint","urlTemplate":"https:\/\/welcome-to-times-square.com\/de\/?s={search_term_string}"},"query-input":{"@type":"PropertyValueSpecification","valueRequired":true,"valueName":"search_term_string"}}],"inLanguage":"de"},{"@type":"Organization","@id":"https:\/\/welcome-to-times-square.com\/de\/#organization","name":"times-square","url":"https:\/\/welcome-to-times-square.com\/de\/","logo":{"@type":"ImageObject","inLanguage":"de","@id":"https:\/\/welcome-to-times-square.com\/de\/#\/schema\/logo\/image\/","url":"https:\/\/welcome-to-times-square.com\/wp-content\/uploads\/2024\/03\/welcome-to-time-square-logo-with-r.png","contentUrl":"https:\/\/welcome-to-times-square.com\/wp-content\/uploads\/2024\/03\/welcome-to-time-square-logo-with-r.png","width":500,"height":342,"caption":"times-square"},"image":{"@id":"https:\/\/welcome-to-times-square.com\/de\/#\/schema\/logo\/image\/"}}]}},"_hostinger_reach_plugin_has_subscription_block":false,"_hostinger_reach_plugin_is_elementor":false,"_links":{"self":[{"href":"https:\/\/welcome-to-times-square.com\/de\/wp-json\/wp\/v2\/pages\/8955","targetHints":{"allow":["GET"]}}],"collection":[{"href":"https:\/\/welcome-to-times-square.com\/de\/wp-json\/wp\/v2\/pages"}],"about":[{"href":"https:\/\/welcome-to-times-square.com\/de\/wp-json\/wp\/v2\/types\/page"}],"author":[{"embeddable":true,"href":"https:\/\/welcome-to-times-square.com\/de\/wp-json\/wp\/v2\/users\/53"}],"replies":[{"embeddable":true,"href":"https:\/\/welcome-to-times-square.com\/de\/wp-json\/wp\/v2\/comments?post=8955"}],"version-history":[{"count":2,"href":"https:\/\/welcome-to-times-square.com\/de\/wp-json\/wp\/v2\/pages\/8955\/revisions"}],"predecessor-version":[{"id":8964,"href":"https:\/\/welcome-to-times-square.com\/de\/wp-json\/wp\/v2\/pages\/8955\/revisions\/8964"}],"wp:attachment":[{"href":"https:\/\/welcome-to-times-square.com\/de\/wp-json\/wp\/v2\/media?parent=8955"}],"curies":[{"name":"wp","href":"https:\/\/api.w.org\/{rel}","templated":true}]}}