{"id":8995,"date":"2022-05-10T20:25:15","date_gmt":"2022-05-10T20:25:15","guid":{"rendered":"https:\/\/welcome-to-times-square.com\/seasonal-events\/"},"modified":"2025-01-17T11:19:32","modified_gmt":"2025-01-17T11:19:32","slug":"seasonal-events","status":"publish","type":"page","link":"https:\/\/welcome-to-times-square.com\/de\/seasonal-events\/","title":{"rendered":"Saisonale Events"},"content":{"rendered":"\t\t<div data-elementor-type=\"wp-page\" data-elementor-id=\"8995\" class=\"elementor elementor-8995 elementor-2929\" data-elementor-post-type=\"page\">\n\t\t\t\t<div class=\"elementor-element elementor-element-c183f3e e-flex e-con-boxed e-con e-parent\" data-id=\"c183f3e\" data-element_type=\"container\" data-e-type=\"container\" data-settings=\"{&quot;background_background&quot;:&quot;classic&quot;}\">\n\t\t\t\t\t<div class=\"e-con-inner\">\n\t\t\t\t<div class=\"elementor-element elementor-element-aa575a2 elementor-widget elementor-widget-heading\" data-id=\"aa575a2\" data-element_type=\"widget\" data-e-type=\"widget\" data-widget_type=\"heading.default\">\n\t\t\t\t<div class=\"elementor-widget-container\">\n\t\t\t\t\t<h2 class=\"elementor-heading-title elementor-size-default\">Saisonale Events<\/h2>\t\t\t\t<\/div>\n\t\t\t\t<\/div>\n\t\t\t\t<div class=\"elementor-element elementor-element-0d9214c elementor-widget-divider--view-line elementor-widget elementor-widget-divider\" data-id=\"0d9214c\" data-element_type=\"widget\" data-e-type=\"widget\" data-widget_type=\"divider.default\">\n\t\t\t\t<div class=\"elementor-widget-container\">\n\t\t\t\t\t\t\t<div class=\"elementor-divider\">\n\t\t\t<span class=\"elementor-divider-separator\">\n\t\t\t\t\t\t<\/span>\n\t\t<\/div>\n\t\t\t\t\t\t<\/div>\n\t\t\t\t<\/div>\n\t\t\t\t<div class=\"elementor-element elementor-element-aff9f01 elementor-widget elementor-widget-text-editor\" data-id=\"aff9f01\" data-element_type=\"widget\" data-e-type=\"widget\" data-widget_type=\"text-editor.default\">\n\t\t\t\t<div class=\"elementor-widget-container\">\n\t\t\t\t\t\t\t\t\t<div class=\"vc_row wpb_row vc_row-fluid vc_custom_1652220603510 vc_row-has-fill\">\n<div class=\"wpb_column vc_column_container vc_col-sm-12\">\n<div class=\"vc_column-inner\">\n<div class=\"wpb_wrapper\">\n<div class=\"vc_tta-container\" data-vc-action=\"collapse\">\n<div class=\"vc_general vc_tta vc_tta-tabs vc_tta-color-grey vc_tta-style-classic vc_tta-shape-rounded vc_tta-spacing-1 vc_tta-tabs-position-top vc_tta-controls-align-left\">\n<div class=\"vc_tta-panels-container\">\n<div class=\"vc_tta-panels\">\n<div id=\"1652214011896-ec5c9b43-8aad\" class=\"vc_tta-panel vc_active\" data-vc-content=\".vc_tta-panel-body\">\n<div class=\"vc_tta-panel-body\">\n<div class=\"wpb_text_column wpb_content_element \">\n<div class=\"wpb_wrapper\">\n<p>Eines der saisonalen Ereignisse ist der Silvester-Countdown, bei dem eine riesige Kristallkugel auf Millionen von Menschen aus aller Welt herabf\u00e4llt, die kommen, um Silvester zu feiern. Diese Tradition begann 1907 mit der New York Times: der Ball Drop. <\/p>\n<p>Von unten sieht man nicht viel, aber bis zu eine Million Menschen versammeln sich dort, um das neue Jahr zu erwarten. Im Rahmen der Feierlichkeiten finden Konzerte von so ber\u00fchmten Pers\u00f6nlichkeiten wie Lady Gaga und Justin Bieber statt. Wer Teil dieser gro\u00dfen New Yorker Tradition sein m\u00f6chte, muss schon sehr fr\u00fch ankommen, um noch zwischen der 42. und 47. Stra\u00dfe zu finden.  <\/p>\n<p>Ab 15 Uhr f\u00fcllt sich der Hauptbereich und um 23 Uhr ist keine einzige Nadel mehr drin. Es wird empfohlen, Essen und Getr\u00e4nke mitzubringen, denn wenn jemand seinen Platz verl\u00e4sst, um etwas zu kaufen, kann es sein, dass er nicht mehr zur\u00fcckkommt, weil er \u00fcberf\u00fcllt ist. <\/p>\n<p>Das Empire State Building ist der zweitbeliebteste Ort in New York, um das Jahr zu verabschieden, ein gro\u00dfartiges saisonales Event. Das Geb\u00e4ude ist voller Lichter und ist das Zentrum der attraktivsten Feuerwerkshow der Stadt. <\/p>\n<p>Das Observatorium ist das ganze Jahr \u00fcber t\u00e4glich ge\u00f6ffnet, daher ist es eine gute Idee, das Jahr dort zu verbringen. Um dies tun zu k\u00f6nnen, m\u00fcssen Sie die Tickets rechtzeitig im Voraus kaufen. <\/p>\n<p>Ein weiteres saisonales Ereignis in New York ist der Kalender der Fashion Weeks im Februar mit Modenschauen, strengeren Biosicherheitsma\u00dfnahmen und der Teilnahme wichtiger Marken und Designer f\u00fcr die Modebranche.<\/p>\n<p>Das Herbst-Winter-Programm umfasst eine alle zwei Jahre stattfindende Initiative m\u00e4nnlicher und aufstrebender Designer, die von Agentry PR ins Leben gerufen wurde und bei der etwa 10 Marken ihre neuen Vorschl\u00e4ge f\u00fcr die folgende Saison pr\u00e4sentieren.<\/p>\n<p>Ein weiteres saisonales Ereignis ist die Einf\u00fchrung des Backyard at Hudson Yards-Programms mit kostenlosen Freiluftveranstaltungen. Zum ersten Mal wird Backyard at Hudson Yards eine 10-w\u00f6chige Konzertreihe veranstalten, die von The Bowery Presents kuratiert wird und aufstrebende K\u00fcnstler von heute pr\u00e4sentiert. <\/p>\n<p>Zu den Sommerkonzerten auf der Wells Fargo Stage gesellt sich das beliebteste Programm von Backyard seit Jahren, darunter: Live-Sportturniere auf der 30 Fu\u00df gro\u00dfen Leinwand; unterhaltsame Kinderprogramme und Kurse von CAMP und Union Square Play; SoulCycle-Fitnesskurse; eine Vielzahl von Speisem\u00f6glichkeiten im Freien mit einer wechselnden Auswahl an Imbisswagen sowie JIBS, die Marina-Bar und Hummerbude im Herzen von Manhattan, die in der letzten Saison zu einem der beliebtesten Lokale der Stadt wurde; zum Abschluss der Saison gibt es eine Reihe von Filmvorf\u00fchrungen im Freien; und vieles mehr.<\/p>\n<p>Ein weiteres saisonales Ereignis ist der 4. Juli, einer der wichtigsten Feiertage des Jahres in den Vereinigten Staaten, der in New York mit Stil gefeiert wird. Wenn Sie Anfang Juli in New York sind und wissen m\u00f6chten, wie Sie diesen Tag wie ein echter New Yorker verbringen k\u00f6nnen, d\u00fcrfen Sie es nicht vers\u00e4umen, diesen gro\u00dfartigen Tag zu feiern. Am 4. Juli wird in New York eines der wichtigsten Feste des Landes gefeiert: der Unabh\u00e4ngigkeitstag, der Jahrestag der Proklamation der Vereinigten Staaten als unabh\u00e4ngiges Land am 4. Juli 1776. Mit der Unterzeichnung der Unabh\u00e4ngigkeitserkl\u00e4rung beginnt die neue Geschichte der Vereinigten Staaten als unabh\u00e4ngiges Land, und die New Yorker feiern den Nationalfeiertag mit Partys, Feuerwerk und nat\u00fcrlich viel Stars and Stripes. Unser guter Rat ist, dass Sie diesen Tag nutzen k\u00f6nnen, um das authentische New York zu entdecken, mit weniger Besuchen von Sehensw\u00fcrdigkeiten und Denkm\u00e4lern und mehr Aktivit\u00e4ten, die f\u00fcr diesen ganz besonderen Feiertag typisch sind, wie Feuerwerk, Picknicks oder entspannende Stunden am Strand.    <\/p>\n<p>Besonders empfehlenswert sind spezielle Bootstouren, bei denen Sie Macy\u2019s ber\u00fchmtes und unglaubliches Feuerwerk \u00fcber New York von einem unschlagbaren Aussichtspunkt aus sehen k\u00f6nnen. Auf jeden Fall gibt es viele besondere Veranstaltungen und Partys, die an diesem Tag in New York stattfinden, sodass Sie viele tolle Vorschl\u00e4ge finden werden. <\/p>\n<p>Sie k\u00f6nnen die Skyline von Manhattan auf einer spektakul\u00e4ren Rundfahrt mit der Circle Line erkunden. Genie\u00dfen Sie in dieser unvergesslichen Nacht den Sonnenuntergang, die spektakul\u00e4ren Lichter der Skyline und das farbenfrohe Feuerwerk \u00fcber dem Wasser. <\/p>\n<p>Eine weitere beliebte Aktivit\u00e4t der New Yorker zur Feier des 4. Juli ist es, den freien Tag und die Hitze f\u00fcr ein Barbecue oder Picknick in einem Park zu nutzen. Sie k\u00f6nnen an diesem Tag Sheep Meadow (die gr\u00f6\u00dfte Gr\u00fcnfl\u00e4che des Central Parks) besuchen, wo Sie Hunderte von Menschen finden, die mit ihrer Familie und Freunden ein Picknick im Freien genie\u00dfen. <\/p>\n<\/div>\n<\/div>\n<\/div>\n<\/div>\n<\/div>\n<\/div>\n<\/div>\n<\/div>\n<\/div>\n<\/div>\n<\/div>\n<\/div>\n\t\t\t\t\t\t\t\t<\/div>\n\t\t\t\t<\/div>\n\t\t\t\t<div class=\"elementor-element elementor-element-f4a5dea elementor-widget-divider--view-line elementor-widget elementor-widget-divider\" data-id=\"f4a5dea\" data-element_type=\"widget\" data-e-type=\"widget\" data-widget_type=\"divider.default\">\n\t\t\t\t<div class=\"elementor-widget-container\">\n\t\t\t\t\t\t\t<div class=\"elementor-divider\">\n\t\t\t<span class=\"elementor-divider-separator\">\n\t\t\t\t\t\t<\/span>\n\t\t<\/div>\n\t\t\t\t\t\t<\/div>\n\t\t\t\t<\/div>\n\t\t\t\t<div class=\"elementor-element elementor-element-c2f2353 elementor-widget elementor-widget-text-editor\" data-id=\"c2f2353\" data-element_type=\"widget\" data-e-type=\"widget\" data-widget_type=\"text-editor.default\">\n\t\t\t\t<div class=\"elementor-widget-container\">\n\t\t\t\t\t\t\t\t\t<p><strong>Wenn Sie auf unserer Plakatwand am Times Square erscheinen m\u00f6chten, gehen Sie bitte zu unserem Abschnitt KONTAKT.<\/strong><\/p>\n<p>Und so funktioniert es:<\/p>\n<p>Ob Geburtstag, Heiratsantrag, Jahrestag oder eine einfache Liebeserkl\u00e4rung \u2013 wir haben das Richtige f\u00fcr Sie. Fallen Sie in der Menge nicht unter! <br \/>Bringen Sie Ihr Foto oder Video auf unsere Plakatwand am Times Square!<\/p>\n<p>Option 1: Ihr 60 Sekunden langes Video\/Foto wird 22 Mal pro Tag angezeigt.<br \/>Option 2: Ihr 30 Sekunden langes Video\/Foto wird 44 Mal pro Tag angezeigt<br \/>Option 3: Ihr 15 Sekunden langes Video\/Foto wird 88 Mal pro Tag angezeigt.<\/p>\n<p>Unsere Plakatwand ist 31ft x55 ft gro\u00df und befindet sich am 1560 Broadway (Broadway und 46th Street direkt \u00fcber dem Pel\u00e9-Gesch\u00e4ft).<\/p>\n<p>Seien Sie kein Gesicht in der Menge!<\/p>\n\t\t\t\t\t\t\t\t<\/div>\n\t\t\t\t<\/div>\n\t\t\t\t<div class=\"elementor-element elementor-element-2e400a3 elementor-widget elementor-widget-image\" data-id=\"2e400a3\" data-element_type=\"widget\" data-e-type=\"widget\" data-widget_type=\"image.default\">\n\t\t\t\t<div class=\"elementor-widget-container\">\n\t\t\t\t\t\t\t\t\t\t\t\t\t\t\t<img fetchpriority=\"high\" decoding=\"async\" width=\"740\" height=\"416\" src=\"https:\/\/welcome-to-times-square.com\/wp-content\/uploads\/2022\/05\/seasonal-events.png\" class=\"attachment-large size-large wp-image-6263\" alt=\"\" srcset=\"https:\/\/welcome-to-times-square.com\/wp-content\/uploads\/2022\/05\/seasonal-events.png 740w, https:\/\/welcome-to-times-square.com\/wp-content\/uploads\/2022\/05\/seasonal-events-600x337.png 600w, https:\/\/welcome-to-times-square.com\/wp-content\/uploads\/2022\/05\/seasonal-events-300x169.png 300w\" sizes=\"(max-width: 740px) 100vw, 740px\" \/>\t\t\t\t\t\t\t\t\t\t\t\t\t\t\t<\/div>\n\t\t\t\t<\/div>\n\t\t\t\t\t<\/div>\n\t\t\t\t<\/div>\n\t\t\t\t<\/div>\n\t\t","protected":false},"excerpt":{"rendered":"Saisonale Events Eines der saisonalen Ereignisse ist der Silvester-Countdown, bei dem eine riesige Kristallkugel auf Millionen von Menschen aus aller Welt herabf\u00e4llt, die kommen, um Silvester zu feiern. Diese Tradition begann 1907 mit der New York Times: der Ball Drop. Von unten sieht man nicht viel, aber bis zu eine Million Menschen versammeln sich dort, [...]<a href=\"https:\/\/welcome-to-times-square.com\/de\/seasonal-events\/\" class=\"read-more wyz-secondary-color-text\">read more<span class=\"screen-reader-text\">Saisonale Events<\/span><\/a>","protected":false},"author":53,"featured_media":0,"parent":0,"menu_order":0,"comment_status":"closed","ping_status":"closed","template":"elementor_header_footer","meta":{"footnotes":""},"class_list":["post-8995","page","type-page","status-publish","hentry"],"yoast_head":"<!-- This site is optimized with the Yoast SEO plugin v27.2 - https:\/\/yoast.com\/product\/yoast-seo-wordpress\/ -->\n<title>Saisonale Events - times-square<\/title>\n<meta name=\"robots\" content=\"index, follow, max-snippet:-1, max-image-preview:large, max-video-preview:-1\" \/>\n<link rel=\"canonical\" href=\"https:\/\/welcome-to-times-square.com\/de\/seasonal-events\/\" \/>\n<meta property=\"og:locale\" content=\"de_DE\" \/>\n<meta property=\"og:type\" content=\"article\" \/>\n<meta property=\"og:title\" content=\"Saisonale Events - times-square\" \/>\n<meta property=\"og:description\" content=\"Saisonale Events Eines der saisonalen Ereignisse ist der Silvester-Countdown, bei dem eine riesige Kristallkugel auf Millionen von Menschen aus aller Welt herabf\u00e4llt, die kommen, um Silvester zu feiern. Diese Tradition begann 1907 mit der New York Times: der Ball Drop. Von unten sieht man nicht viel, aber bis zu eine Million Menschen versammeln sich dort, [...]read moreSaisonale Events\" \/>\n<meta property=\"og:url\" content=\"https:\/\/welcome-to-times-square.com\/de\/seasonal-events\/\" \/>\n<meta property=\"og:site_name\" content=\"times-square\" \/>\n<meta property=\"article:modified_time\" content=\"2025-01-17T11:19:32+00:00\" \/>\n<meta property=\"og:image\" content=\"https:\/\/welcome-to-times-square.com\/wp-content\/uploads\/2022\/05\/seasonal-events.png\" \/>\n\t<meta property=\"og:image:width\" content=\"740\" \/>\n\t<meta property=\"og:image:height\" content=\"416\" \/>\n\t<meta property=\"og:image:type\" content=\"image\/png\" \/>\n<meta name=\"twitter:card\" content=\"summary_large_image\" \/>\n<meta name=\"twitter:label1\" content=\"Gesch\u00e4tzte Lesezeit\" \/>\n\t<meta name=\"twitter:data1\" content=\"5\u00a0Minuten\" \/>\n<script type=\"application\/ld+json\" class=\"yoast-schema-graph\">{\"@context\":\"https:\/\/schema.org\",\"@graph\":[{\"@type\":\"WebPage\",\"@id\":\"https:\/\/welcome-to-times-square.com\/de\/seasonal-events\/\",\"url\":\"https:\/\/welcome-to-times-square.com\/de\/seasonal-events\/\",\"name\":\"Saisonale Events - times-square\",\"isPartOf\":{\"@id\":\"https:\/\/welcome-to-times-square.com\/de\/#website\"},\"primaryImageOfPage\":{\"@id\":\"https:\/\/welcome-to-times-square.com\/de\/seasonal-events\/#primaryimage\"},\"image\":{\"@id\":\"https:\/\/welcome-to-times-square.com\/de\/seasonal-events\/#primaryimage\"},\"thumbnailUrl\":\"https:\/\/welcome-to-times-square.com\/wp-content\/uploads\/2022\/05\/seasonal-events.png\",\"datePublished\":\"2022-05-10T20:25:15+00:00\",\"dateModified\":\"2025-01-17T11:19:32+00:00\",\"breadcrumb\":{\"@id\":\"https:\/\/welcome-to-times-square.com\/de\/seasonal-events\/#breadcrumb\"},\"inLanguage\":\"de\",\"potentialAction\":[{\"@type\":\"ReadAction\",\"target\":[\"https:\/\/welcome-to-times-square.com\/de\/seasonal-events\/\"]}]},{\"@type\":\"ImageObject\",\"inLanguage\":\"de\",\"@id\":\"https:\/\/welcome-to-times-square.com\/de\/seasonal-events\/#primaryimage\",\"url\":\"https:\/\/welcome-to-times-square.com\/wp-content\/uploads\/2022\/05\/seasonal-events.png\",\"contentUrl\":\"https:\/\/welcome-to-times-square.com\/wp-content\/uploads\/2022\/05\/seasonal-events.png\"},{\"@type\":\"BreadcrumbList\",\"@id\":\"https:\/\/welcome-to-times-square.com\/de\/seasonal-events\/#breadcrumb\",\"itemListElement\":[{\"@type\":\"ListItem\",\"position\":1,\"name\":\"Home\",\"item\":\"https:\/\/welcome-to-times-square.com\/de\/\"},{\"@type\":\"ListItem\",\"position\":2,\"name\":\"Saisonale Events\"}]},{\"@type\":\"WebSite\",\"@id\":\"https:\/\/welcome-to-times-square.com\/de\/#website\",\"url\":\"https:\/\/welcome-to-times-square.com\/de\/\",\"name\":\"times-square\",\"description\":\"times-square\",\"publisher\":{\"@id\":\"https:\/\/welcome-to-times-square.com\/de\/#organization\"},\"potentialAction\":[{\"@type\":\"SearchAction\",\"target\":{\"@type\":\"EntryPoint\",\"urlTemplate\":\"https:\/\/welcome-to-times-square.com\/de\/?s={search_term_string}\"},\"query-input\":{\"@type\":\"PropertyValueSpecification\",\"valueRequired\":true,\"valueName\":\"search_term_string\"}}],\"inLanguage\":\"de\"},{\"@type\":\"Organization\",\"@id\":\"https:\/\/welcome-to-times-square.com\/de\/#organization\",\"name\":\"times-square\",\"url\":\"https:\/\/welcome-to-times-square.com\/de\/\",\"logo\":{\"@type\":\"ImageObject\",\"inLanguage\":\"de\",\"@id\":\"https:\/\/welcome-to-times-square.com\/de\/#\/schema\/logo\/image\/\",\"url\":\"https:\/\/welcome-to-times-square.com\/wp-content\/uploads\/2024\/03\/welcome-to-time-square-logo-with-r.png\",\"contentUrl\":\"https:\/\/welcome-to-times-square.com\/wp-content\/uploads\/2024\/03\/welcome-to-time-square-logo-with-r.png\",\"width\":500,\"height\":342,\"caption\":\"times-square\"},\"image\":{\"@id\":\"https:\/\/welcome-to-times-square.com\/de\/#\/schema\/logo\/image\/\"}}]}<\/script>\n<!-- \/ Yoast SEO plugin. -->","yoast_head_json":{"title":"Saisonale Events - times-square","robots":{"index":"index","follow":"follow","max-snippet":"max-snippet:-1","max-image-preview":"max-image-preview:large","max-video-preview":"max-video-preview:-1"},"canonical":"https:\/\/welcome-to-times-square.com\/de\/seasonal-events\/","og_locale":"de_DE","og_type":"article","og_title":"Saisonale Events - times-square","og_description":"Saisonale Events Eines der saisonalen Ereignisse ist der Silvester-Countdown, bei dem eine riesige Kristallkugel auf Millionen von Menschen aus aller Welt herabf\u00e4llt, die kommen, um Silvester zu feiern. Diese Tradition begann 1907 mit der New York Times: der Ball Drop. Von unten sieht man nicht viel, aber bis zu eine Million Menschen versammeln sich dort, [...]read moreSaisonale Events","og_url":"https:\/\/welcome-to-times-square.com\/de\/seasonal-events\/","og_site_name":"times-square","article_modified_time":"2025-01-17T11:19:32+00:00","og_image":[{"width":740,"height":416,"url":"https:\/\/welcome-to-times-square.com\/wp-content\/uploads\/2022\/05\/seasonal-events.png","type":"image\/png"}],"twitter_card":"summary_large_image","twitter_misc":{"Gesch\u00e4tzte Lesezeit":"5\u00a0Minuten"},"schema":{"@context":"https:\/\/schema.org","@graph":[{"@type":"WebPage","@id":"https:\/\/welcome-to-times-square.com\/de\/seasonal-events\/","url":"https:\/\/welcome-to-times-square.com\/de\/seasonal-events\/","name":"Saisonale Events - times-square","isPartOf":{"@id":"https:\/\/welcome-to-times-square.com\/de\/#website"},"primaryImageOfPage":{"@id":"https:\/\/welcome-to-times-square.com\/de\/seasonal-events\/#primaryimage"},"image":{"@id":"https:\/\/welcome-to-times-square.com\/de\/seasonal-events\/#primaryimage"},"thumbnailUrl":"https:\/\/welcome-to-times-square.com\/wp-content\/uploads\/2022\/05\/seasonal-events.png","datePublished":"2022-05-10T20:25:15+00:00","dateModified":"2025-01-17T11:19:32+00:00","breadcrumb":{"@id":"https:\/\/welcome-to-times-square.com\/de\/seasonal-events\/#breadcrumb"},"inLanguage":"de","potentialAction":[{"@type":"ReadAction","target":["https:\/\/welcome-to-times-square.com\/de\/seasonal-events\/"]}]},{"@type":"ImageObject","inLanguage":"de","@id":"https:\/\/welcome-to-times-square.com\/de\/seasonal-events\/#primaryimage","url":"https:\/\/welcome-to-times-square.com\/wp-content\/uploads\/2022\/05\/seasonal-events.png","contentUrl":"https:\/\/welcome-to-times-square.com\/wp-content\/uploads\/2022\/05\/seasonal-events.png"},{"@type":"BreadcrumbList","@id":"https:\/\/welcome-to-times-square.com\/de\/seasonal-events\/#breadcrumb","itemListElement":[{"@type":"ListItem","position":1,"name":"Home","item":"https:\/\/welcome-to-times-square.com\/de\/"},{"@type":"ListItem","position":2,"name":"Saisonale Events"}]},{"@type":"WebSite","@id":"https:\/\/welcome-to-times-square.com\/de\/#website","url":"https:\/\/welcome-to-times-square.com\/de\/","name":"times-square","description":"times-square","publisher":{"@id":"https:\/\/welcome-to-times-square.com\/de\/#organization"},"potentialAction":[{"@type":"SearchAction","target":{"@type":"EntryPoint","urlTemplate":"https:\/\/welcome-to-times-square.com\/de\/?s={search_term_string}"},"query-input":{"@type":"PropertyValueSpecification","valueRequired":true,"valueName":"search_term_string"}}],"inLanguage":"de"},{"@type":"Organization","@id":"https:\/\/welcome-to-times-square.com\/de\/#organization","name":"times-square","url":"https:\/\/welcome-to-times-square.com\/de\/","logo":{"@type":"ImageObject","inLanguage":"de","@id":"https:\/\/welcome-to-times-square.com\/de\/#\/schema\/logo\/image\/","url":"https:\/\/welcome-to-times-square.com\/wp-content\/uploads\/2024\/03\/welcome-to-time-square-logo-with-r.png","contentUrl":"https:\/\/welcome-to-times-square.com\/wp-content\/uploads\/2024\/03\/welcome-to-time-square-logo-with-r.png","width":500,"height":342,"caption":"times-square"},"image":{"@id":"https:\/\/welcome-to-times-square.com\/de\/#\/schema\/logo\/image\/"}}]}},"_hostinger_reach_plugin_has_subscription_block":false,"_hostinger_reach_plugin_is_elementor":false,"_links":{"self":[{"href":"https:\/\/welcome-to-times-square.com\/de\/wp-json\/wp\/v2\/pages\/8995","targetHints":{"allow":["GET"]}}],"collection":[{"href":"https:\/\/welcome-to-times-square.com\/de\/wp-json\/wp\/v2\/pages"}],"about":[{"href":"https:\/\/welcome-to-times-square.com\/de\/wp-json\/wp\/v2\/types\/page"}],"author":[{"embeddable":true,"href":"https:\/\/welcome-to-times-square.com\/de\/wp-json\/wp\/v2\/users\/53"}],"replies":[{"embeddable":true,"href":"https:\/\/welcome-to-times-square.com\/de\/wp-json\/wp\/v2\/comments?post=8995"}],"version-history":[{"count":2,"href":"https:\/\/welcome-to-times-square.com\/de\/wp-json\/wp\/v2\/pages\/8995\/revisions"}],"predecessor-version":[{"id":9011,"href":"https:\/\/welcome-to-times-square.com\/de\/wp-json\/wp\/v2\/pages\/8995\/revisions\/9011"}],"wp:attachment":[{"href":"https:\/\/welcome-to-times-square.com\/de\/wp-json\/wp\/v2\/media?parent=8995"}],"curies":[{"name":"wp","href":"https:\/\/api.w.org\/{rel}","templated":true}]}}