{"id":9000,"date":"2022-05-10T20:25:12","date_gmt":"2022-05-10T20:25:12","guid":{"rendered":"https:\/\/welcome-to-times-square.com\/how-to-buy-broadway-tickets\/"},"modified":"2025-01-17T11:15:09","modified_gmt":"2025-01-17T11:15:09","slug":"how-to-buy-broadway-tickets","status":"publish","type":"page","link":"https:\/\/welcome-to-times-square.com\/de\/how-to-buy-broadway-tickets\/","title":{"rendered":"So kaufen Sie Broadway-Tickets"},"content":{"rendered":"\t\t<div data-elementor-type=\"wp-page\" data-elementor-id=\"9000\" class=\"elementor elementor-9000 elementor-2931\" data-elementor-post-type=\"page\">\n\t\t\t\t<div class=\"elementor-element elementor-element-64b00cd e-flex e-con-boxed e-con e-parent\" data-id=\"64b00cd\" data-element_type=\"container\" data-e-type=\"container\" data-settings=\"{&quot;background_background&quot;:&quot;classic&quot;}\">\n\t\t\t\t\t<div class=\"e-con-inner\">\n\t\t\t\t<div class=\"elementor-element elementor-element-7f02e0b elementor-widget elementor-widget-heading\" data-id=\"7f02e0b\" data-element_type=\"widget\" data-e-type=\"widget\" data-widget_type=\"heading.default\">\n\t\t\t\t<div class=\"elementor-widget-container\">\n\t\t\t\t\t<h2 class=\"elementor-heading-title elementor-size-default\">So kaufen Sie Broadway-Tickets <\/h2>\t\t\t\t<\/div>\n\t\t\t\t<\/div>\n\t\t\t\t<div class=\"elementor-element elementor-element-f100a9d elementor-widget-divider--view-line elementor-widget elementor-widget-divider\" data-id=\"f100a9d\" data-element_type=\"widget\" data-e-type=\"widget\" data-widget_type=\"divider.default\">\n\t\t\t\t<div class=\"elementor-widget-container\">\n\t\t\t\t\t\t\t<div class=\"elementor-divider\">\n\t\t\t<span class=\"elementor-divider-separator\">\n\t\t\t\t\t\t<\/span>\n\t\t<\/div>\n\t\t\t\t\t\t<\/div>\n\t\t\t\t<\/div>\n\t\t\t\t<div class=\"elementor-element elementor-element-d8fb8aa elementor-widget elementor-widget-text-editor\" data-id=\"d8fb8aa\" data-element_type=\"widget\" data-e-type=\"widget\" data-widget_type=\"text-editor.default\">\n\t\t\t\t<div class=\"elementor-widget-container\">\n\t\t\t\t\t\t\t\t\t<div class=\"vc_row wpb_row vc_row-fluid vc_custom_1652219967843 vc_row-has-fill\">\n<div class=\"wpb_column vc_column_container vc_col-sm-12\">\n<div class=\"vc_column-inner\">\n<div class=\"wpb_wrapper\">\n<div class=\"vc_tta-container\" data-vc-action=\"collapse\">\n<div class=\"vc_general vc_tta vc_tta-tabs vc_tta-color-grey vc_tta-style-classic vc_tta-shape-rounded vc_tta-spacing-1 vc_tta-tabs-position-top vc_tta-controls-align-left\">\n<div class=\"vc_tta-panels-container\">\n<div class=\"vc_tta-panels\">\n<div id=\"1652214022225-4f22a324-9861\" class=\"vc_tta-panel vc_active\" data-vc-content=\".vc_tta-panel-body\">\n<div class=\"vc_tta-panel-body\">\n<div class=\"wpb_text_column wpb_content_element \">\n<div class=\"wpb_wrapper\">\n<p>Zu den sch\u00f6nsten und wichtigsten Pl\u00e4nen, die man in New York machen kann, geh\u00f6rt der Besuch eines Musicals am Broadway, dem ber\u00fchmten Boulevard voller Theater, der durch das Zentrum von Manhattan und zum Times Square f\u00fchrt.<\/p>\n<p>Es gibt Hunderte von Auff\u00fchrungen pro Jahr und viele Hollywood-Schauspieler sind auf die B\u00fchne getreten, um uns mit ihrem Talent zu \u00fcberraschen. Aber auch gro\u00dfartige Schauspieler (obwohl sie nicht so bekannt sind) arbeiten bei jeder Vorstellung hart, um ihre Ehre zu erlangen.<\/p>\n<p>Der K\u00f6nig der L\u00f6wen ist eines der klassischen Broadway-Musicals. Es ist eine Adaption des ber\u00fchmten Disney-Zeichentrickfilms und wurde mehrfach als das beste Musical aller Zeiten ausgezeichnet. Mit seiner atemberaubenden Kulisse und der Musik von Elton John wurde es mit sechs Tony Awards und einem Evening Standard Award ausgezeichnet. Seit 1997 ist es das meistverkaufte Musical in New York. Es ist ideal f\u00fcr jedes Publikum, Kinder und Erwachsene werden es gleicherma\u00dfen genie\u00dfen.   <\/p>\n<p>Diese Show findet im Minskoff Theater (200 W 45th St, New York, 10036) statt und dauert 2 Stunden und 30 Minuten mit Pause.<\/p>\n<p>Aladdin am Broadway ist magisch, es ist eine musikalische B\u00fchnenadaption des Disney-Zeichentrickfilms aus den 90ern, alles ist \u00fcberraschend und au\u00dfergew\u00f6hnlich. Es hat eine au\u00dfergew\u00f6hnliche Inszenierung, eine tadellose Charakterisierung der Figuren, neue Lieder und einen gro\u00dfartigen Humor des Genies, dies ist eines der Broadway-Musicals, das beim Publikum am meisten Furore macht. Sie k\u00f6nnen es im New Amsterdam Theater sehen.  <\/p>\n<p>Das Aladdin-Musical ist eines der beeindruckendsten New Yorker Musicals, das Sie unbedingt sehen m\u00fcssen. Die Dauer betr\u00e4gt 2,5 Stunden.<\/p>\n<p>Schlichtweg grandios ist die gro\u00dfartige Szene der Nummer \u201eEine ideale Welt\u201c, in der die Protagonisten auf einem fliegenden Teppich \u00fcber die Stadt fliegen.<\/p>\n<p>Eine weitere der gro\u00dfartigen Broadway-Musicalproduktionen, f\u00fcr die Sie Tickets kaufen k\u00f6nnen, ist Chicago Broadway. Ein Klassiker, der uns jede Saison in die wilden 20er Jahre versetzt. Mit Jazzmusik als Hintergrund und dem Prohibitionsgesetz, das heimliche Aktivit\u00e4ten, Korruption und Morde in der Gro\u00dfstadt beg\u00fcnstigte, richtet sich diese Show im Gegensatz zu den zuvor genannten an ein erwachseneres Publikum. Ihr Erfolg ist so gro\u00df, dass sie 6 Tony Awards gewonnen hat und die Aufnahme der Musicalthemen auch einen Grammy Award gewann. Dieses wunderbare Musical wird im Ambassador Theater (219 West 49th Street, zwischen Broadway und 8th Avenue) aufgef\u00fchrt und dauert 2 Stunden und 30 Minuten mit einer Pause.    <\/p>\n<p>1986 feierte Das Phantom der Oper Premiere und die Karten waren mehrere Spielzeiten in Folge ausverkauft, da es eines der erfolgreichsten Broadway-Musicals ist, das dank der wunderbaren Adaption des beliebten Romans von Gaston Leroux mit 7 Tony Awards (darunter Bestes Musical des Jahres) ausgezeichnet wurde. Es spielt im 19. Jahrhundert in der Pariser Oper und erz\u00e4hlt die Geschichte eines deformierten Mannes, der sich im Keller des Opernhauses versteckt und die Theatermitarbeiter mit seinen Verbrechen in Angst und Schrecken versetzt. Der Geist verliebt sich in eine junge Ballerina namens Christine, adoptiert sie als seine Muse und bringt ihr das Singen bei, um die Hauptdarstellerin der Oper zu werden. Als er jedoch erkennt, dass seine Liebe unm\u00f6glich ist, schw\u00f6rt er Rache.   <\/p>\n<p>Die r\u00e4tselhafte und gespenstische Kulisse, die Kost\u00fcme der Schauspieler und der hervorragende Soundtrack machen Das Phantom der Oper zu einem Klassiker, den Sie auf Ihrer Reise nach New York nicht verpassen d\u00fcrfen. Das Publikum kann aus Erwachsenen bestehen, obwohl auch Kinder ab 4 Jahren Zutritt haben, obwohl es einige Spezialeffekte und Szenen gibt, die den Kleinen Angst einjagen k\u00f6nnen. Es befindet sich im Majestic Theatre (245 W 44th St, New York, 10036) und dauert 2 Stunden und 30 Minuten mit Pause.  <\/p>\n<p>Sie k\u00f6nnen Broadway-Tickets auf verschiedenen Online-Plattformen wie Ticketmaster, Hellotickets (auf Spanisch), TodayTix, das auch eine sehr empfehlenswerte App zur Teilnahme an Broadway-Lotterien hat, und auf der offiziellen Website jeder Show kaufen. Vergessen Sie nicht, auch die offizielle Website der Show zu besuchen, um die Preise zu vergleichen. Eine weitere M\u00f6glichkeit, Broadway-Tickets zu erm\u00e4\u00dfigten Preisen zu kaufen, sind Rush-Tickets, erm\u00e4\u00dfigte Tickets f\u00fcr denselben Tag der Show. Diese Tradition begann mit dem Musical Rent, das damals ein solches Ph\u00e4nomen war, dass es fast unm\u00f6glich war, Tickets zu bekommen. Um jungen Menschen ohne so gro\u00dfe Mittel die M\u00f6glichkeit zu geben, es zu sehen, beschlossen sie, den ersten Leuten, die morgens an der Abendkasse auftauchten, Tickets f\u00fcr die ersten Reihen zu einem sehr niedrigen Preis anzubieten. Seitdem haben andere Theater das Rush-Ticket \u00fcbernommen, mit dem Sie am selben Tag des St\u00fccks erm\u00e4\u00dfigte Tickets kaufen k\u00f6nnen, wenn Sie fr\u00fch aufstehen und pers\u00f6nlich zur Abendkasse gehen. Eine weitere Option, die den Rush-Tickets \u00e4hnelt, ist das TKTS-Ticketb\u00fcro. Theater verkaufen erm\u00e4\u00dfigte Broadway-Tickets (bis zu 50 %) f\u00fcr Morgenshows am selben oder am n\u00e4chsten Tag. Die bekannteste TKTS-Kasse finden Sie unter der roten Treppe am Times Square. Auf der TKTS-Website finden Sie Adressen und Zeitpl\u00e4ne.         <\/p>\n<\/div>\n<\/div>\n<\/div>\n<\/div>\n<\/div>\n<\/div>\n<\/div>\n<\/div>\n<\/div>\n<\/div>\n<\/div>\n<\/div>\n\t\t\t\t\t\t\t\t<\/div>\n\t\t\t\t<\/div>\n\t\t\t\t<div class=\"elementor-element elementor-element-7b8fe6a elementor-widget-divider--view-line elementor-widget elementor-widget-divider\" data-id=\"7b8fe6a\" data-element_type=\"widget\" data-e-type=\"widget\" data-widget_type=\"divider.default\">\n\t\t\t\t<div class=\"elementor-widget-container\">\n\t\t\t\t\t\t\t<div class=\"elementor-divider\">\n\t\t\t<span class=\"elementor-divider-separator\">\n\t\t\t\t\t\t<\/span>\n\t\t<\/div>\n\t\t\t\t\t\t<\/div>\n\t\t\t\t<\/div>\n\t\t\t\t<div class=\"elementor-element elementor-element-51b9ffe elementor-widget elementor-widget-text-editor\" data-id=\"51b9ffe\" data-element_type=\"widget\" data-e-type=\"widget\" data-widget_type=\"text-editor.default\">\n\t\t\t\t<div class=\"elementor-widget-container\">\n\t\t\t\t\t\t\t\t\t<p><strong>Wenn Sie auf unserer Plakatwand am Times Square erscheinen m\u00f6chten, gehen Sie bitte zu unserem Abschnitt KONTAKT.<\/strong><\/p>\n<p>Und so funktioniert es:<\/p>\n<p>Ob Geburtstag, Heiratsantrag, Jahrestag oder eine einfache Liebeserkl\u00e4rung \u2013 wir haben das Richtige f\u00fcr Sie. Fallen Sie in der Menge nicht unter! <br \/>Bringen Sie Ihr Foto oder Video auf unsere Plakatwand am Times Square!<\/p>\n<p>Option 1: Ihr 60 Sekunden langes Video\/Foto wird 22 Mal pro Tag angezeigt.<br \/>Option 2: Ihr 30 Sekunden langes Video\/Foto wird 44 Mal pro Tag angezeigt<br \/>Option 3: Ihr 15 Sekunden langes Video\/Foto wird 88 Mal pro Tag angezeigt.<\/p>\n<p>Unsere Plakatwand ist 31ft x55 ft gro\u00df und befindet sich am 1560 Broadway (Broadway und 46th Street direkt \u00fcber dem Pel\u00e9-Gesch\u00e4ft).<\/p>\n<p>Seien Sie kein Gesicht in der Menge!<\/p>\n\t\t\t\t\t\t\t\t<\/div>\n\t\t\t\t<\/div>\n\t\t\t\t<div class=\"elementor-element elementor-element-9ffef36 elementor-widget elementor-widget-image\" data-id=\"9ffef36\" data-element_type=\"widget\" data-e-type=\"widget\" data-widget_type=\"image.default\">\n\t\t\t\t<div class=\"elementor-widget-container\">\n\t\t\t\t\t\t\t\t\t\t\t\t\t\t\t<img fetchpriority=\"high\" decoding=\"async\" width=\"1024\" height=\"683\" src=\"https:\/\/welcome-to-times-square.com\/wp-content\/uploads\/2022\/05\/how-to-buy-broadway-tickets-1024x683.jpg\" class=\"attachment-large size-large wp-image-6268\" alt=\"\" srcset=\"https:\/\/welcome-to-times-square.com\/wp-content\/uploads\/2022\/05\/how-to-buy-broadway-tickets-1024x683.jpg 1024w, https:\/\/welcome-to-times-square.com\/wp-content\/uploads\/2022\/05\/how-to-buy-broadway-tickets-600x400.jpg 600w, https:\/\/welcome-to-times-square.com\/wp-content\/uploads\/2022\/05\/how-to-buy-broadway-tickets-300x200.jpg 300w, https:\/\/welcome-to-times-square.com\/wp-content\/uploads\/2022\/05\/how-to-buy-broadway-tickets-768x512.jpg 768w, https:\/\/welcome-to-times-square.com\/wp-content\/uploads\/2022\/05\/how-to-buy-broadway-tickets-1536x1024.jpg 1536w, https:\/\/welcome-to-times-square.com\/wp-content\/uploads\/2022\/05\/how-to-buy-broadway-tickets.jpg 2048w\" sizes=\"(max-width: 1024px) 100vw, 1024px\" \/>\t\t\t\t\t\t\t\t\t\t\t\t\t\t\t<\/div>\n\t\t\t\t<\/div>\n\t\t\t\t\t<\/div>\n\t\t\t\t<\/div>\n\t\t\t\t<\/div>\n\t\t","protected":false},"excerpt":{"rendered":"So kaufen Sie Broadway-Tickets Zu den sch\u00f6nsten und wichtigsten Pl\u00e4nen, die man in New York machen kann, geh\u00f6rt der Besuch eines Musicals am Broadway, dem ber\u00fchmten Boulevard voller Theater, der durch das Zentrum von Manhattan und zum Times Square f\u00fchrt. Es gibt Hunderte von Auff\u00fchrungen pro Jahr und viele Hollywood-Schauspieler sind auf die B\u00fchne getreten, [...]<a href=\"https:\/\/welcome-to-times-square.com\/de\/how-to-buy-broadway-tickets\/\" class=\"read-more wyz-secondary-color-text\">read more<span class=\"screen-reader-text\">So kaufen Sie Broadway-Tickets<\/span><\/a>","protected":false},"author":53,"featured_media":0,"parent":0,"menu_order":0,"comment_status":"closed","ping_status":"closed","template":"elementor_header_footer","meta":{"footnotes":""},"class_list":["post-9000","page","type-page","status-publish","hentry"],"yoast_head":"<!-- This site is optimized with the Yoast SEO plugin v27.2 - https:\/\/yoast.com\/product\/yoast-seo-wordpress\/ -->\n<title>So kaufen Sie Broadway-Tickets - times-square<\/title>\n<meta name=\"robots\" content=\"index, follow, max-snippet:-1, max-image-preview:large, max-video-preview:-1\" \/>\n<link rel=\"canonical\" href=\"https:\/\/welcome-to-times-square.com\/de\/how-to-buy-broadway-tickets\/\" \/>\n<meta property=\"og:locale\" content=\"de_DE\" \/>\n<meta property=\"og:type\" content=\"article\" \/>\n<meta property=\"og:title\" content=\"So kaufen Sie Broadway-Tickets - times-square\" \/>\n<meta property=\"og:description\" content=\"So kaufen Sie Broadway-Tickets Zu den sch\u00f6nsten und wichtigsten Pl\u00e4nen, die man in New York machen kann, geh\u00f6rt der Besuch eines Musicals am Broadway, dem ber\u00fchmten Boulevard voller Theater, der durch das Zentrum von Manhattan und zum Times Square f\u00fchrt. Es gibt Hunderte von Auff\u00fchrungen pro Jahr und viele Hollywood-Schauspieler sind auf die B\u00fchne getreten, [...]read moreSo kaufen Sie Broadway-Tickets\" \/>\n<meta property=\"og:url\" content=\"https:\/\/welcome-to-times-square.com\/de\/how-to-buy-broadway-tickets\/\" \/>\n<meta property=\"og:site_name\" content=\"times-square\" \/>\n<meta property=\"article:modified_time\" content=\"2025-01-17T11:15:09+00:00\" \/>\n<meta property=\"og:image\" content=\"https:\/\/welcome-to-times-square.com\/wp-content\/uploads\/2022\/05\/how-to-buy-broadway-tickets.jpg\" \/>\n\t<meta property=\"og:image:width\" content=\"2048\" \/>\n\t<meta property=\"og:image:height\" content=\"1365\" \/>\n\t<meta property=\"og:image:type\" content=\"image\/jpeg\" \/>\n<meta name=\"twitter:card\" content=\"summary_large_image\" \/>\n<meta name=\"twitter:label1\" content=\"Gesch\u00e4tzte Lesezeit\" \/>\n\t<meta name=\"twitter:data1\" content=\"5\u00a0Minuten\" \/>\n<script type=\"application\/ld+json\" class=\"yoast-schema-graph\">{\"@context\":\"https:\/\/schema.org\",\"@graph\":[{\"@type\":\"WebPage\",\"@id\":\"https:\/\/welcome-to-times-square.com\/de\/how-to-buy-broadway-tickets\/\",\"url\":\"https:\/\/welcome-to-times-square.com\/de\/how-to-buy-broadway-tickets\/\",\"name\":\"So kaufen Sie Broadway-Tickets - times-square\",\"isPartOf\":{\"@id\":\"https:\/\/welcome-to-times-square.com\/de\/#website\"},\"primaryImageOfPage\":{\"@id\":\"https:\/\/welcome-to-times-square.com\/de\/how-to-buy-broadway-tickets\/#primaryimage\"},\"image\":{\"@id\":\"https:\/\/welcome-to-times-square.com\/de\/how-to-buy-broadway-tickets\/#primaryimage\"},\"thumbnailUrl\":\"https:\/\/welcome-to-times-square.com\/wp-content\/uploads\/2022\/05\/how-to-buy-broadway-tickets-1024x683.jpg\",\"datePublished\":\"2022-05-10T20:25:12+00:00\",\"dateModified\":\"2025-01-17T11:15:09+00:00\",\"breadcrumb\":{\"@id\":\"https:\/\/welcome-to-times-square.com\/de\/how-to-buy-broadway-tickets\/#breadcrumb\"},\"inLanguage\":\"de\",\"potentialAction\":[{\"@type\":\"ReadAction\",\"target\":[\"https:\/\/welcome-to-times-square.com\/de\/how-to-buy-broadway-tickets\/\"]}]},{\"@type\":\"ImageObject\",\"inLanguage\":\"de\",\"@id\":\"https:\/\/welcome-to-times-square.com\/de\/how-to-buy-broadway-tickets\/#primaryimage\",\"url\":\"https:\/\/welcome-to-times-square.com\/wp-content\/uploads\/2022\/05\/how-to-buy-broadway-tickets-1024x683.jpg\",\"contentUrl\":\"https:\/\/welcome-to-times-square.com\/wp-content\/uploads\/2022\/05\/how-to-buy-broadway-tickets-1024x683.jpg\"},{\"@type\":\"BreadcrumbList\",\"@id\":\"https:\/\/welcome-to-times-square.com\/de\/how-to-buy-broadway-tickets\/#breadcrumb\",\"itemListElement\":[{\"@type\":\"ListItem\",\"position\":1,\"name\":\"Home\",\"item\":\"https:\/\/welcome-to-times-square.com\/de\/\"},{\"@type\":\"ListItem\",\"position\":2,\"name\":\"So kaufen Sie Broadway-Tickets\"}]},{\"@type\":\"WebSite\",\"@id\":\"https:\/\/welcome-to-times-square.com\/de\/#website\",\"url\":\"https:\/\/welcome-to-times-square.com\/de\/\",\"name\":\"times-square\",\"description\":\"times-square\",\"publisher\":{\"@id\":\"https:\/\/welcome-to-times-square.com\/de\/#organization\"},\"potentialAction\":[{\"@type\":\"SearchAction\",\"target\":{\"@type\":\"EntryPoint\",\"urlTemplate\":\"https:\/\/welcome-to-times-square.com\/de\/?s={search_term_string}\"},\"query-input\":{\"@type\":\"PropertyValueSpecification\",\"valueRequired\":true,\"valueName\":\"search_term_string\"}}],\"inLanguage\":\"de\"},{\"@type\":\"Organization\",\"@id\":\"https:\/\/welcome-to-times-square.com\/de\/#organization\",\"name\":\"times-square\",\"url\":\"https:\/\/welcome-to-times-square.com\/de\/\",\"logo\":{\"@type\":\"ImageObject\",\"inLanguage\":\"de\",\"@id\":\"https:\/\/welcome-to-times-square.com\/de\/#\/schema\/logo\/image\/\",\"url\":\"https:\/\/welcome-to-times-square.com\/wp-content\/uploads\/2024\/03\/welcome-to-time-square-logo-with-r.png\",\"contentUrl\":\"https:\/\/welcome-to-times-square.com\/wp-content\/uploads\/2024\/03\/welcome-to-time-square-logo-with-r.png\",\"width\":500,\"height\":342,\"caption\":\"times-square\"},\"image\":{\"@id\":\"https:\/\/welcome-to-times-square.com\/de\/#\/schema\/logo\/image\/\"}}]}<\/script>\n<!-- \/ Yoast SEO plugin. -->","yoast_head_json":{"title":"So kaufen Sie Broadway-Tickets - times-square","robots":{"index":"index","follow":"follow","max-snippet":"max-snippet:-1","max-image-preview":"max-image-preview:large","max-video-preview":"max-video-preview:-1"},"canonical":"https:\/\/welcome-to-times-square.com\/de\/how-to-buy-broadway-tickets\/","og_locale":"de_DE","og_type":"article","og_title":"So kaufen Sie Broadway-Tickets - times-square","og_description":"So kaufen Sie Broadway-Tickets Zu den sch\u00f6nsten und wichtigsten Pl\u00e4nen, die man in New York machen kann, geh\u00f6rt der Besuch eines Musicals am Broadway, dem ber\u00fchmten Boulevard voller Theater, der durch das Zentrum von Manhattan und zum Times Square f\u00fchrt. Es gibt Hunderte von Auff\u00fchrungen pro Jahr und viele Hollywood-Schauspieler sind auf die B\u00fchne getreten, [...]read moreSo kaufen Sie Broadway-Tickets","og_url":"https:\/\/welcome-to-times-square.com\/de\/how-to-buy-broadway-tickets\/","og_site_name":"times-square","article_modified_time":"2025-01-17T11:15:09+00:00","og_image":[{"width":2048,"height":1365,"url":"https:\/\/welcome-to-times-square.com\/wp-content\/uploads\/2022\/05\/how-to-buy-broadway-tickets.jpg","type":"image\/jpeg"}],"twitter_card":"summary_large_image","twitter_misc":{"Gesch\u00e4tzte Lesezeit":"5\u00a0Minuten"},"schema":{"@context":"https:\/\/schema.org","@graph":[{"@type":"WebPage","@id":"https:\/\/welcome-to-times-square.com\/de\/how-to-buy-broadway-tickets\/","url":"https:\/\/welcome-to-times-square.com\/de\/how-to-buy-broadway-tickets\/","name":"So kaufen Sie Broadway-Tickets - times-square","isPartOf":{"@id":"https:\/\/welcome-to-times-square.com\/de\/#website"},"primaryImageOfPage":{"@id":"https:\/\/welcome-to-times-square.com\/de\/how-to-buy-broadway-tickets\/#primaryimage"},"image":{"@id":"https:\/\/welcome-to-times-square.com\/de\/how-to-buy-broadway-tickets\/#primaryimage"},"thumbnailUrl":"https:\/\/welcome-to-times-square.com\/wp-content\/uploads\/2022\/05\/how-to-buy-broadway-tickets-1024x683.jpg","datePublished":"2022-05-10T20:25:12+00:00","dateModified":"2025-01-17T11:15:09+00:00","breadcrumb":{"@id":"https:\/\/welcome-to-times-square.com\/de\/how-to-buy-broadway-tickets\/#breadcrumb"},"inLanguage":"de","potentialAction":[{"@type":"ReadAction","target":["https:\/\/welcome-to-times-square.com\/de\/how-to-buy-broadway-tickets\/"]}]},{"@type":"ImageObject","inLanguage":"de","@id":"https:\/\/welcome-to-times-square.com\/de\/how-to-buy-broadway-tickets\/#primaryimage","url":"https:\/\/welcome-to-times-square.com\/wp-content\/uploads\/2022\/05\/how-to-buy-broadway-tickets-1024x683.jpg","contentUrl":"https:\/\/welcome-to-times-square.com\/wp-content\/uploads\/2022\/05\/how-to-buy-broadway-tickets-1024x683.jpg"},{"@type":"BreadcrumbList","@id":"https:\/\/welcome-to-times-square.com\/de\/how-to-buy-broadway-tickets\/#breadcrumb","itemListElement":[{"@type":"ListItem","position":1,"name":"Home","item":"https:\/\/welcome-to-times-square.com\/de\/"},{"@type":"ListItem","position":2,"name":"So kaufen Sie Broadway-Tickets"}]},{"@type":"WebSite","@id":"https:\/\/welcome-to-times-square.com\/de\/#website","url":"https:\/\/welcome-to-times-square.com\/de\/","name":"times-square","description":"times-square","publisher":{"@id":"https:\/\/welcome-to-times-square.com\/de\/#organization"},"potentialAction":[{"@type":"SearchAction","target":{"@type":"EntryPoint","urlTemplate":"https:\/\/welcome-to-times-square.com\/de\/?s={search_term_string}"},"query-input":{"@type":"PropertyValueSpecification","valueRequired":true,"valueName":"search_term_string"}}],"inLanguage":"de"},{"@type":"Organization","@id":"https:\/\/welcome-to-times-square.com\/de\/#organization","name":"times-square","url":"https:\/\/welcome-to-times-square.com\/de\/","logo":{"@type":"ImageObject","inLanguage":"de","@id":"https:\/\/welcome-to-times-square.com\/de\/#\/schema\/logo\/image\/","url":"https:\/\/welcome-to-times-square.com\/wp-content\/uploads\/2024\/03\/welcome-to-time-square-logo-with-r.png","contentUrl":"https:\/\/welcome-to-times-square.com\/wp-content\/uploads\/2024\/03\/welcome-to-time-square-logo-with-r.png","width":500,"height":342,"caption":"times-square"},"image":{"@id":"https:\/\/welcome-to-times-square.com\/de\/#\/schema\/logo\/image\/"}}]}},"_hostinger_reach_plugin_has_subscription_block":false,"_hostinger_reach_plugin_is_elementor":false,"_links":{"self":[{"href":"https:\/\/welcome-to-times-square.com\/de\/wp-json\/wp\/v2\/pages\/9000","targetHints":{"allow":["GET"]}}],"collection":[{"href":"https:\/\/welcome-to-times-square.com\/de\/wp-json\/wp\/v2\/pages"}],"about":[{"href":"https:\/\/welcome-to-times-square.com\/de\/wp-json\/wp\/v2\/types\/page"}],"author":[{"embeddable":true,"href":"https:\/\/welcome-to-times-square.com\/de\/wp-json\/wp\/v2\/users\/53"}],"replies":[{"embeddable":true,"href":"https:\/\/welcome-to-times-square.com\/de\/wp-json\/wp\/v2\/comments?post=9000"}],"version-history":[{"count":2,"href":"https:\/\/welcome-to-times-square.com\/de\/wp-json\/wp\/v2\/pages\/9000\/revisions"}],"predecessor-version":[{"id":9009,"href":"https:\/\/welcome-to-times-square.com\/de\/wp-json\/wp\/v2\/pages\/9000\/revisions\/9009"}],"wp:attachment":[{"href":"https:\/\/welcome-to-times-square.com\/de\/wp-json\/wp\/v2\/media?parent=9000"}],"curies":[{"name":"wp","href":"https:\/\/api.w.org\/{rel}","templated":true}]}}