{"id":9023,"date":"2022-05-02T21:05:07","date_gmt":"2022-05-02T21:05:07","guid":{"rendered":"https:\/\/welcome-to-times-square.com\/resources-guidance-and-information-on-covid-19\/"},"modified":"2025-01-17T11:45:14","modified_gmt":"2025-01-17T11:45:14","slug":"resources-guidance-and-information-on-covid-19","status":"publish","type":"page","link":"https:\/\/welcome-to-times-square.com\/de\/resources-guidance-and-information-on-covid-19\/","title":{"rendered":"Ressourcen, Anleitungen und Informationen zu Covid-19"},"content":{"rendered":"\t\t<div data-elementor-type=\"wp-page\" data-elementor-id=\"9023\" class=\"elementor elementor-9023 elementor-2881\" data-elementor-post-type=\"page\">\n\t\t\t\t<div class=\"elementor-element elementor-element-0d322f1 e-flex e-con-boxed e-con e-parent\" data-id=\"0d322f1\" data-element_type=\"container\" data-e-type=\"container\" data-settings=\"{&quot;background_background&quot;:&quot;classic&quot;}\">\n\t\t\t\t\t<div class=\"e-con-inner\">\n\t\t\t\t<div class=\"elementor-element elementor-element-07983dc elementor-widget elementor-widget-heading\" data-id=\"07983dc\" data-element_type=\"widget\" data-e-type=\"widget\" data-widget_type=\"heading.default\">\n\t\t\t\t<div class=\"elementor-widget-container\">\n\t\t\t\t\t<h2 class=\"elementor-heading-title elementor-size-default\">Ressourcen, Anleitungen und Informationen zu Covid-19<\/h2>\t\t\t\t<\/div>\n\t\t\t\t<\/div>\n\t\t\t\t<div class=\"elementor-element elementor-element-2034ee5 elementor-widget-divider--view-line elementor-widget elementor-widget-divider\" data-id=\"2034ee5\" data-element_type=\"widget\" data-e-type=\"widget\" data-widget_type=\"divider.default\">\n\t\t\t\t<div class=\"elementor-widget-container\">\n\t\t\t\t\t\t\t<div class=\"elementor-divider\">\n\t\t\t<span class=\"elementor-divider-separator\">\n\t\t\t\t\t\t<\/span>\n\t\t<\/div>\n\t\t\t\t\t\t<\/div>\n\t\t\t\t<\/div>\n\t\t\t\t<div class=\"elementor-element elementor-element-16e6466 elementor-widget elementor-widget-text-editor\" data-id=\"16e6466\" data-element_type=\"widget\" data-e-type=\"widget\" data-widget_type=\"text-editor.default\">\n\t\t\t\t<div class=\"elementor-widget-container\">\n\t\t\t\t\t\t\t\t\t<div class=\"vc_row wpb_row vc_row-fluid vc_custom_1652220044133 vc_row-has-fill\">\n<div class=\"wpb_column vc_column_container vc_col-sm-12\">\n<div class=\"vc_column-inner\">\n<div class=\"wpb_wrapper\">\n<div class=\"vc_tta-container\" data-vc-action=\"collapse\">\n<div class=\"vc_general vc_tta vc_tta-tabs vc_tta-color-grey vc_tta-style-classic vc_tta-shape-rounded vc_tta-spacing-1 vc_tta-tabs-position-top vc_tta-controls-align-left\">\n<div class=\"vc_tta-panels-container\">\n<div class=\"vc_tta-panels\">\n<div id=\"1651526533003-d472749e-da22\" class=\"vc_tta-panel vc_active\" data-vc-content=\".vc_tta-panel-body\">\n<div class=\"vc_tta-panel-body\">\n<div class=\"wpb_text_column wpb_content_element \">\n<div class=\"wpb_wrapper\">\n<p>Ressourcen, Anleitungen und Informationen zu COVID-19. Impfstoffe sind ein wichtiges Instrument, um Sie und Ihre Gemeinde vor schweren COVID-19-Verl\u00e4ufen, Krankenhausaufenthalten und Todesf\u00e4llen zu sch\u00fctzen. Sie haben sich als sicher erwiesen und sch\u00fctzen derzeit Millionen geimpfter New Yorker vor COVID-19. <\/p>\n<p>Eine Impfung ist sicherer als das Risiko einer Erkrankung und der langfristigen Nebenwirkungen von COVID-19 einzugehen. Auch Menschen, die in der Vergangenheit COVID-19 hatten, sollten sich impfen lassen. <\/p>\n<p>Der Impfstoff von Pfizer gegen COVID-19 ist f\u00fcr Kinder im Alter zwischen 5 und 11 Jahren erh\u00e4ltlich. Die Impfstoffdosis f\u00fcr diese Altersgruppe ist geringer als die Dosis, die Personen ab 12 Jahren verabreicht wird. <\/p>\n<p>Kinder k\u00f6nnen sich in Arztpraxen, Apotheken und Impfzentren im ganzen Stadtgebiet impfen lassen.<\/p>\n<p>Derzeit sind Auffrischungsimpfungen des Impfstoffs f\u00fcr New Yorker ab 18 Jahren erh\u00e4ltlich. Diese Dosen st\u00e4rken Ihre Immunit\u00e4t aus der ersten Impfserie. <\/p>\n<p>In New York wird niemandem der Zugang zu einer Auffrischungsdosis verwehrt, sofern er mindestens 18 Jahre alt ist und seine zweite Dosis des Impfstoffs von Pfizer oder Moderna vor mindestens sechs Monaten oder eine Dosis des Impfstoffs von Johnson &amp; Johnson vor mindestens zwei Monaten erhalten hat.<\/p>\n<p>Ihre Auffrischungsdosis kann jeder der drei zugelassenen oder genehmigten Impfstoffe sein. Wenn Sie sich nicht sicher sind, ob Sie eine Auffrischungsdosis erhalten oder welche Art von Impfstoff Sie erhalten sollen, sprechen Sie mit Ihrem Arzt. <\/p>\n<p>Termine f\u00fcr einen kostenlosen COVID-19-Schnelltest k\u00f6nnen an den COVID-in-Express-Standorten des Gesundheitsministeriums in ganz New York City vereinbart werden. Die Testergebnisse liegen innerhalb von 24 Stunden oder weniger nach Ihrem Besuch vor. Dies bedeutet, dass die meisten Patienten ihre Ergebnisse noch am selben Tag erhalten. Alle an diesen Standorten durchgef\u00fchrten Tests sind PCR-Diagnoselabortests, die die genaueste verf\u00fcgbare Testart sind.   <\/p>\n<p>COVID-19-Tests an den COVID Express-Standorten sind f\u00fcr alle New Yorker unabh\u00e4ngig von ihrem Einwanderungsstatus kostenlos.<\/p>\n<p>Wenn Ihr Testergebnis positiv ist, erhalten Sie einen Anruf von der Klinik und bestimmte Empfehlungen, z. B. 90 Tage zu warten, bevor Sie sich erneut testen lassen, seit Sie zum ersten Mal Symptome hatten (oder seit Sie Ihr erstes positives Ergebnis erhalten haben, also keine Symptome hatten). Menschen k\u00f6nnen Wochen oder Monate nach der Infektion positiv getestet werden, obwohl sie nicht mehr ansteckend sind. Jeder Termin, der innerhalb von 90 Tagen nach Erhalt eines positiven Tests vereinbart wurde, wird storniert.  <\/p>\n<p>Wenn der Patient sich von COVID-19 erholt hat und nun neue Symptome von COVID-19 aufweist, sollte er einen Arzt aufsuchen, insbesondere wenn er engen Kontakt mit jemandem hatte, der derzeit an COVID-19 erkrankt ist.<\/p>\n<p>Das Risiko, sich mit einer durch die Luft \u00fcbertragenen Infektion wie COVID-19, Masern, Tuberkulose und wahrscheinlich vielen anderen Atemwegsinfektionen, einschlie\u00dflich Grippe, anzustecken, h\u00e4ngt weitgehend von der Anzahl der infekti\u00f6sen Viren (oder Bakterien im Fall von Grippe, Tuberkulose) ab, die sich in der Luft befinden, die wir atmen. Die Anzahl dieser Keime in der Raumluft wird von zwei Faktoren bestimmt: der Rate, mit der infizierte Personen Keime in einen Raum ausatmen, und der Rate, mit der infekti\u00f6se Keime aus der Luft entfernt werden.  <\/p>\n<p>Eine weitere Informationsquelle zu Covid-19 ist, dass durch Bel\u00fcftung und Luftfilterung Mikroben in Innenr\u00e4umen entfernt werden k\u00f6nnen, entweder indem sie aus dem Geb\u00e4ude geblasen und die Luft durch frische Au\u00dfenluft ersetzt wird, oder indem sie in einem Filter aufgefangen werden, der die Luft ins Innere bef\u00f6rdert. Bei zwei Luftwechseln pro Stunde, wie sie in gro\u00dfen Geb\u00e4uden normalerweise durchgef\u00fchrt werden, werden alle 30 Minuten etwas mehr als die H\u00e4lfte der vorhandenen Mikroben entfernt. Bei sechs Luftwechseln pro Stunde, wie sie f\u00fcr Krankenhauszimmer und Klassenzimmer mit mehreren tragbaren HEPA-Luftfiltern typisch sind, werden alle 10 Minuten etwas mehr als die H\u00e4lfte der Keime entfernt.  <\/p>\n<p>Die FDA hat zus\u00e4tzliche Impfungen f\u00fcr \u00e4ltere Amerikaner und Menschen mit bestimmten Immundefekten zugelassen. Hier erfahren Sie, was Wissenschaftler dar\u00fcber wissen, wer wann eine Dosis ben\u00f6tigt. <\/p>\n<p>Die FDA-Zulassung erlaubt es jedem \u00fcber 50-J\u00e4hrigen, eine zweite Auffrischungsdosis zu erhalten. Experten sagen jedoch, dass die bisherige sp\u00e4rliche Forschung eine vierte Injektion nur f\u00fcr Personen \u00fcber 65 oder Personen mit Grunderkrankungen empfiehlt, die sie einem hohen Risiko aussetzen. <\/p>\n<\/div>\n<\/div>\n<\/div>\n<\/div>\n<\/div>\n<\/div>\n<\/div>\n<\/div>\n<\/div>\n<\/div>\n<\/div>\n<\/div>\n\t\t\t\t\t\t\t\t<\/div>\n\t\t\t\t<\/div>\n\t\t\t\t<div class=\"elementor-element elementor-element-6a1892b elementor-widget-divider--view-line elementor-widget elementor-widget-divider\" data-id=\"6a1892b\" data-element_type=\"widget\" data-e-type=\"widget\" data-widget_type=\"divider.default\">\n\t\t\t\t<div class=\"elementor-widget-container\">\n\t\t\t\t\t\t\t<div class=\"elementor-divider\">\n\t\t\t<span class=\"elementor-divider-separator\">\n\t\t\t\t\t\t<\/span>\n\t\t<\/div>\n\t\t\t\t\t\t<\/div>\n\t\t\t\t<\/div>\n\t\t\t\t<div class=\"elementor-element elementor-element-32c9f09 elementor-widget elementor-widget-text-editor\" data-id=\"32c9f09\" data-element_type=\"widget\" data-e-type=\"widget\" data-widget_type=\"text-editor.default\">\n\t\t\t\t<div class=\"elementor-widget-container\">\n\t\t\t\t\t\t\t\t\t<p><strong>Wenn Sie auf unserer Plakatwand am Times Square erscheinen m\u00f6chten, gehen Sie bitte zu unserem Abschnitt KONTAKT.<\/strong><\/p>\n<p>Und so funktioniert es:<\/p>\n<p>Ob Geburtstag, Heiratsantrag, Jahrestag oder eine einfache Liebeserkl\u00e4rung \u2013 wir haben das Richtige f\u00fcr Sie. Fallen Sie in der Menge nicht unter! <br \/>Bringen Sie Ihr Foto oder Video auf unsere Plakatwand am Times Square!<\/p>\n<p>Option 1: Ihr 60 Sekunden langes Video\/Foto wird 22 Mal pro Tag angezeigt.<br \/>Option 2: Ihr 30 Sekunden langes Video\/Foto wird 44 Mal pro Tag angezeigt<br \/>Option 3: Ihr 15 Sekunden langes Video\/Foto wird 88 Mal pro Tag angezeigt.<\/p>\n<p>Unsere Plakatwand ist 31ft x55 ft gro\u00df und befindet sich am 1560 Broadway (Broadway und 46th Street direkt \u00fcber dem Pel\u00e9-Gesch\u00e4ft).<\/p>\n<p>Seien Sie kein Gesicht in der Menge!<\/p>\n\t\t\t\t\t\t\t\t<\/div>\n\t\t\t\t<\/div>\n\t\t\t\t<div class=\"elementor-element elementor-element-ac251be elementor-widget elementor-widget-image\" data-id=\"ac251be\" data-element_type=\"widget\" data-e-type=\"widget\" data-widget_type=\"image.default\">\n\t\t\t\t<div class=\"elementor-widget-container\">\n\t\t\t\t\t\t\t\t\t\t\t\t\t\t\t<img fetchpriority=\"high\" decoding=\"async\" width=\"1024\" height=\"625\" src=\"https:\/\/welcome-to-times-square.com\/wp-content\/uploads\/2022\/05\/Resources-guidance-and-information-on-covid-19-1024x625.png\" class=\"attachment-large size-large wp-image-6233\" alt=\"\" srcset=\"https:\/\/welcome-to-times-square.com\/wp-content\/uploads\/2022\/05\/Resources-guidance-and-information-on-covid-19-1024x625.png 1024w, https:\/\/welcome-to-times-square.com\/wp-content\/uploads\/2022\/05\/Resources-guidance-and-information-on-covid-19-600x366.png 600w, https:\/\/welcome-to-times-square.com\/wp-content\/uploads\/2022\/05\/Resources-guidance-and-information-on-covid-19-300x183.png 300w, https:\/\/welcome-to-times-square.com\/wp-content\/uploads\/2022\/05\/Resources-guidance-and-information-on-covid-19-768x468.png 768w, https:\/\/welcome-to-times-square.com\/wp-content\/uploads\/2022\/05\/Resources-guidance-and-information-on-covid-19.png 1128w\" sizes=\"(max-width: 1024px) 100vw, 1024px\" \/>\t\t\t\t\t\t\t\t\t\t\t\t\t\t\t<\/div>\n\t\t\t\t<\/div>\n\t\t\t\t\t<\/div>\n\t\t\t\t<\/div>\n\t\t\t\t<\/div>\n\t\t","protected":false},"excerpt":{"rendered":"Ressourcen, Anleitungen und Informationen zu Covid-19 Ressourcen, Anleitungen und Informationen zu COVID-19. Impfstoffe sind ein wichtiges Instrument, um Sie und Ihre Gemeinde vor schweren COVID-19-Verl\u00e4ufen, Krankenhausaufenthalten und Todesf\u00e4llen zu sch\u00fctzen. Sie haben sich als sicher erwiesen und sch\u00fctzen derzeit Millionen geimpfter New Yorker vor COVID-19. Eine Impfung ist sicherer als das Risiko einer Erkrankung und [...]<a href=\"https:\/\/welcome-to-times-square.com\/de\/resources-guidance-and-information-on-covid-19\/\" class=\"read-more wyz-secondary-color-text\">read more<span class=\"screen-reader-text\">Ressourcen, Anleitungen und Informationen zu Covid-19<\/span><\/a>","protected":false},"author":53,"featured_media":0,"parent":0,"menu_order":0,"comment_status":"closed","ping_status":"closed","template":"elementor_header_footer","meta":{"footnotes":""},"class_list":["post-9023","page","type-page","status-publish","hentry"],"yoast_head":"<!-- This site is optimized with the Yoast SEO plugin v27.2 - https:\/\/yoast.com\/product\/yoast-seo-wordpress\/ -->\n<title>Ressourcen, Anleitungen und Informationen zu Covid-19 - times-square<\/title>\n<meta name=\"robots\" content=\"index, follow, max-snippet:-1, max-image-preview:large, max-video-preview:-1\" \/>\n<link rel=\"canonical\" href=\"https:\/\/welcome-to-times-square.com\/de\/resources-guidance-and-information-on-covid-19\/\" \/>\n<meta property=\"og:locale\" content=\"de_DE\" \/>\n<meta property=\"og:type\" content=\"article\" \/>\n<meta property=\"og:title\" content=\"Ressourcen, Anleitungen und Informationen zu Covid-19 - times-square\" \/>\n<meta property=\"og:description\" content=\"Ressourcen, Anleitungen und Informationen zu Covid-19 Ressourcen, Anleitungen und Informationen zu COVID-19. Impfstoffe sind ein wichtiges Instrument, um Sie und Ihre Gemeinde vor schweren COVID-19-Verl\u00e4ufen, Krankenhausaufenthalten und Todesf\u00e4llen zu sch\u00fctzen. Sie haben sich als sicher erwiesen und sch\u00fctzen derzeit Millionen geimpfter New Yorker vor COVID-19. Eine Impfung ist sicherer als das Risiko einer Erkrankung und [...]read moreRessourcen, Anleitungen und Informationen zu Covid-19\" \/>\n<meta property=\"og:url\" content=\"https:\/\/welcome-to-times-square.com\/de\/resources-guidance-and-information-on-covid-19\/\" \/>\n<meta property=\"og:site_name\" content=\"times-square\" \/>\n<meta property=\"article:modified_time\" content=\"2025-01-17T11:45:14+00:00\" \/>\n<meta property=\"og:image\" content=\"https:\/\/welcome-to-times-square.com\/wp-content\/uploads\/2022\/05\/Resources-guidance-and-information-on-covid-19-1024x625.png\" \/>\n\t<meta property=\"og:image:width\" content=\"1024\" \/>\n\t<meta property=\"og:image:height\" content=\"625\" \/>\n\t<meta property=\"og:image:type\" content=\"image\/png\" \/>\n<meta name=\"twitter:card\" content=\"summary_large_image\" \/>\n<meta name=\"twitter:label1\" content=\"Gesch\u00e4tzte Lesezeit\" \/>\n\t<meta name=\"twitter:data1\" content=\"4\u00a0Minuten\" \/>\n<script type=\"application\/ld+json\" class=\"yoast-schema-graph\">{\"@context\":\"https:\/\/schema.org\",\"@graph\":[{\"@type\":\"WebPage\",\"@id\":\"https:\/\/welcome-to-times-square.com\/de\/resources-guidance-and-information-on-covid-19\/\",\"url\":\"https:\/\/welcome-to-times-square.com\/de\/resources-guidance-and-information-on-covid-19\/\",\"name\":\"Ressourcen, Anleitungen und Informationen zu Covid-19 - times-square\",\"isPartOf\":{\"@id\":\"https:\/\/welcome-to-times-square.com\/de\/#website\"},\"primaryImageOfPage\":{\"@id\":\"https:\/\/welcome-to-times-square.com\/de\/resources-guidance-and-information-on-covid-19\/#primaryimage\"},\"image\":{\"@id\":\"https:\/\/welcome-to-times-square.com\/de\/resources-guidance-and-information-on-covid-19\/#primaryimage\"},\"thumbnailUrl\":\"https:\/\/welcome-to-times-square.com\/wp-content\/uploads\/2022\/05\/Resources-guidance-and-information-on-covid-19-1024x625.png\",\"datePublished\":\"2022-05-02T21:05:07+00:00\",\"dateModified\":\"2025-01-17T11:45:14+00:00\",\"breadcrumb\":{\"@id\":\"https:\/\/welcome-to-times-square.com\/de\/resources-guidance-and-information-on-covid-19\/#breadcrumb\"},\"inLanguage\":\"de\",\"potentialAction\":[{\"@type\":\"ReadAction\",\"target\":[\"https:\/\/welcome-to-times-square.com\/de\/resources-guidance-and-information-on-covid-19\/\"]}]},{\"@type\":\"ImageObject\",\"inLanguage\":\"de\",\"@id\":\"https:\/\/welcome-to-times-square.com\/de\/resources-guidance-and-information-on-covid-19\/#primaryimage\",\"url\":\"https:\/\/welcome-to-times-square.com\/wp-content\/uploads\/2022\/05\/Resources-guidance-and-information-on-covid-19-1024x625.png\",\"contentUrl\":\"https:\/\/welcome-to-times-square.com\/wp-content\/uploads\/2022\/05\/Resources-guidance-and-information-on-covid-19-1024x625.png\"},{\"@type\":\"BreadcrumbList\",\"@id\":\"https:\/\/welcome-to-times-square.com\/de\/resources-guidance-and-information-on-covid-19\/#breadcrumb\",\"itemListElement\":[{\"@type\":\"ListItem\",\"position\":1,\"name\":\"Home\",\"item\":\"https:\/\/welcome-to-times-square.com\/de\/\"},{\"@type\":\"ListItem\",\"position\":2,\"name\":\"Ressourcen, Anleitungen und Informationen zu Covid-19\"}]},{\"@type\":\"WebSite\",\"@id\":\"https:\/\/welcome-to-times-square.com\/de\/#website\",\"url\":\"https:\/\/welcome-to-times-square.com\/de\/\",\"name\":\"times-square\",\"description\":\"times-square\",\"publisher\":{\"@id\":\"https:\/\/welcome-to-times-square.com\/de\/#organization\"},\"potentialAction\":[{\"@type\":\"SearchAction\",\"target\":{\"@type\":\"EntryPoint\",\"urlTemplate\":\"https:\/\/welcome-to-times-square.com\/de\/?s={search_term_string}\"},\"query-input\":{\"@type\":\"PropertyValueSpecification\",\"valueRequired\":true,\"valueName\":\"search_term_string\"}}],\"inLanguage\":\"de\"},{\"@type\":\"Organization\",\"@id\":\"https:\/\/welcome-to-times-square.com\/de\/#organization\",\"name\":\"times-square\",\"url\":\"https:\/\/welcome-to-times-square.com\/de\/\",\"logo\":{\"@type\":\"ImageObject\",\"inLanguage\":\"de\",\"@id\":\"https:\/\/welcome-to-times-square.com\/de\/#\/schema\/logo\/image\/\",\"url\":\"https:\/\/welcome-to-times-square.com\/wp-content\/uploads\/2024\/03\/welcome-to-time-square-logo-with-r.png\",\"contentUrl\":\"https:\/\/welcome-to-times-square.com\/wp-content\/uploads\/2024\/03\/welcome-to-time-square-logo-with-r.png\",\"width\":500,\"height\":342,\"caption\":\"times-square\"},\"image\":{\"@id\":\"https:\/\/welcome-to-times-square.com\/de\/#\/schema\/logo\/image\/\"}}]}<\/script>\n<!-- \/ Yoast SEO plugin. -->","yoast_head_json":{"title":"Ressourcen, Anleitungen und Informationen zu Covid-19 - times-square","robots":{"index":"index","follow":"follow","max-snippet":"max-snippet:-1","max-image-preview":"max-image-preview:large","max-video-preview":"max-video-preview:-1"},"canonical":"https:\/\/welcome-to-times-square.com\/de\/resources-guidance-and-information-on-covid-19\/","og_locale":"de_DE","og_type":"article","og_title":"Ressourcen, Anleitungen und Informationen zu Covid-19 - times-square","og_description":"Ressourcen, Anleitungen und Informationen zu Covid-19 Ressourcen, Anleitungen und Informationen zu COVID-19. Impfstoffe sind ein wichtiges Instrument, um Sie und Ihre Gemeinde vor schweren COVID-19-Verl\u00e4ufen, Krankenhausaufenthalten und Todesf\u00e4llen zu sch\u00fctzen. Sie haben sich als sicher erwiesen und sch\u00fctzen derzeit Millionen geimpfter New Yorker vor COVID-19. Eine Impfung ist sicherer als das Risiko einer Erkrankung und [...]read moreRessourcen, Anleitungen und Informationen zu Covid-19","og_url":"https:\/\/welcome-to-times-square.com\/de\/resources-guidance-and-information-on-covid-19\/","og_site_name":"times-square","article_modified_time":"2025-01-17T11:45:14+00:00","og_image":[{"width":1024,"height":625,"url":"https:\/\/welcome-to-times-square.com\/wp-content\/uploads\/2022\/05\/Resources-guidance-and-information-on-covid-19-1024x625.png","type":"image\/png"}],"twitter_card":"summary_large_image","twitter_misc":{"Gesch\u00e4tzte Lesezeit":"4\u00a0Minuten"},"schema":{"@context":"https:\/\/schema.org","@graph":[{"@type":"WebPage","@id":"https:\/\/welcome-to-times-square.com\/de\/resources-guidance-and-information-on-covid-19\/","url":"https:\/\/welcome-to-times-square.com\/de\/resources-guidance-and-information-on-covid-19\/","name":"Ressourcen, Anleitungen und Informationen zu Covid-19 - times-square","isPartOf":{"@id":"https:\/\/welcome-to-times-square.com\/de\/#website"},"primaryImageOfPage":{"@id":"https:\/\/welcome-to-times-square.com\/de\/resources-guidance-and-information-on-covid-19\/#primaryimage"},"image":{"@id":"https:\/\/welcome-to-times-square.com\/de\/resources-guidance-and-information-on-covid-19\/#primaryimage"},"thumbnailUrl":"https:\/\/welcome-to-times-square.com\/wp-content\/uploads\/2022\/05\/Resources-guidance-and-information-on-covid-19-1024x625.png","datePublished":"2022-05-02T21:05:07+00:00","dateModified":"2025-01-17T11:45:14+00:00","breadcrumb":{"@id":"https:\/\/welcome-to-times-square.com\/de\/resources-guidance-and-information-on-covid-19\/#breadcrumb"},"inLanguage":"de","potentialAction":[{"@type":"ReadAction","target":["https:\/\/welcome-to-times-square.com\/de\/resources-guidance-and-information-on-covid-19\/"]}]},{"@type":"ImageObject","inLanguage":"de","@id":"https:\/\/welcome-to-times-square.com\/de\/resources-guidance-and-information-on-covid-19\/#primaryimage","url":"https:\/\/welcome-to-times-square.com\/wp-content\/uploads\/2022\/05\/Resources-guidance-and-information-on-covid-19-1024x625.png","contentUrl":"https:\/\/welcome-to-times-square.com\/wp-content\/uploads\/2022\/05\/Resources-guidance-and-information-on-covid-19-1024x625.png"},{"@type":"BreadcrumbList","@id":"https:\/\/welcome-to-times-square.com\/de\/resources-guidance-and-information-on-covid-19\/#breadcrumb","itemListElement":[{"@type":"ListItem","position":1,"name":"Home","item":"https:\/\/welcome-to-times-square.com\/de\/"},{"@type":"ListItem","position":2,"name":"Ressourcen, Anleitungen und Informationen zu Covid-19"}]},{"@type":"WebSite","@id":"https:\/\/welcome-to-times-square.com\/de\/#website","url":"https:\/\/welcome-to-times-square.com\/de\/","name":"times-square","description":"times-square","publisher":{"@id":"https:\/\/welcome-to-times-square.com\/de\/#organization"},"potentialAction":[{"@type":"SearchAction","target":{"@type":"EntryPoint","urlTemplate":"https:\/\/welcome-to-times-square.com\/de\/?s={search_term_string}"},"query-input":{"@type":"PropertyValueSpecification","valueRequired":true,"valueName":"search_term_string"}}],"inLanguage":"de"},{"@type":"Organization","@id":"https:\/\/welcome-to-times-square.com\/de\/#organization","name":"times-square","url":"https:\/\/welcome-to-times-square.com\/de\/","logo":{"@type":"ImageObject","inLanguage":"de","@id":"https:\/\/welcome-to-times-square.com\/de\/#\/schema\/logo\/image\/","url":"https:\/\/welcome-to-times-square.com\/wp-content\/uploads\/2024\/03\/welcome-to-time-square-logo-with-r.png","contentUrl":"https:\/\/welcome-to-times-square.com\/wp-content\/uploads\/2024\/03\/welcome-to-time-square-logo-with-r.png","width":500,"height":342,"caption":"times-square"},"image":{"@id":"https:\/\/welcome-to-times-square.com\/de\/#\/schema\/logo\/image\/"}}]}},"_hostinger_reach_plugin_has_subscription_block":false,"_hostinger_reach_plugin_is_elementor":false,"_links":{"self":[{"href":"https:\/\/welcome-to-times-square.com\/de\/wp-json\/wp\/v2\/pages\/9023","targetHints":{"allow":["GET"]}}],"collection":[{"href":"https:\/\/welcome-to-times-square.com\/de\/wp-json\/wp\/v2\/pages"}],"about":[{"href":"https:\/\/welcome-to-times-square.com\/de\/wp-json\/wp\/v2\/types\/page"}],"author":[{"embeddable":true,"href":"https:\/\/welcome-to-times-square.com\/de\/wp-json\/wp\/v2\/users\/53"}],"replies":[{"embeddable":true,"href":"https:\/\/welcome-to-times-square.com\/de\/wp-json\/wp\/v2\/comments?post=9023"}],"version-history":[{"count":2,"href":"https:\/\/welcome-to-times-square.com\/de\/wp-json\/wp\/v2\/pages\/9023\/revisions"}],"predecessor-version":[{"id":9034,"href":"https:\/\/welcome-to-times-square.com\/de\/wp-json\/wp\/v2\/pages\/9023\/revisions\/9034"}],"wp:attachment":[{"href":"https:\/\/welcome-to-times-square.com\/de\/wp-json\/wp\/v2\/media?parent=9023"}],"curies":[{"name":"wp","href":"https:\/\/api.w.org\/{rel}","templated":true}]}}