{"id":9036,"date":"2022-05-10T20:25:13","date_gmt":"2022-05-10T20:25:13","guid":{"rendered":"https:\/\/welcome-to-times-square.com\/a-taste-of-times-square\/"},"modified":"2025-01-17T12:15:25","modified_gmt":"2025-01-17T12:15:25","slug":"a-taste-of-times-square","status":"publish","type":"page","link":"https:\/\/welcome-to-times-square.com\/de\/a-taste-of-times-square\/","title":{"rendered":"Ein Vorgeschmack auf den Times Square"},"content":{"rendered":"\t\t<div data-elementor-type=\"wp-page\" data-elementor-id=\"9036\" class=\"elementor elementor-9036 elementor-2930\" data-elementor-post-type=\"page\">\n\t\t\t\t<div class=\"elementor-element elementor-element-42dac68 e-flex e-con-boxed e-con e-parent\" data-id=\"42dac68\" data-element_type=\"container\" data-e-type=\"container\" data-settings=\"{&quot;background_background&quot;:&quot;classic&quot;}\">\n\t\t\t\t\t<div class=\"e-con-inner\">\n\t\t\t\t<div class=\"elementor-element elementor-element-e940f2c elementor-widget elementor-widget-heading\" data-id=\"e940f2c\" data-element_type=\"widget\" data-e-type=\"widget\" data-widget_type=\"heading.default\">\n\t\t\t\t<div class=\"elementor-widget-container\">\n\t\t\t\t\t<h2 class=\"elementor-heading-title elementor-size-default\">Ein Vorgeschmack auf den Times Square<\/h2>\t\t\t\t<\/div>\n\t\t\t\t<\/div>\n\t\t\t\t<div class=\"elementor-element elementor-element-ee2ef11 elementor-widget-divider--view-line elementor-widget elementor-widget-divider\" data-id=\"ee2ef11\" data-element_type=\"widget\" data-e-type=\"widget\" data-widget_type=\"divider.default\">\n\t\t\t\t<div class=\"elementor-widget-container\">\n\t\t\t\t\t\t\t<div class=\"elementor-divider\">\n\t\t\t<span class=\"elementor-divider-separator\">\n\t\t\t\t\t\t<\/span>\n\t\t<\/div>\n\t\t\t\t\t\t<\/div>\n\t\t\t\t<\/div>\n\t\t\t\t<div class=\"elementor-element elementor-element-ae3d1ba elementor-widget elementor-widget-text-editor\" data-id=\"ae3d1ba\" data-element_type=\"widget\" data-e-type=\"widget\" data-widget_type=\"text-editor.default\">\n\t\t\t\t<div class=\"elementor-widget-container\">\n\t\t\t\t\t\t\t\t\t<div class=\"vc_row wpb_row vc_row-fluid vc_custom_1652220524696 vc_row-has-fill\">\n<div class=\"wpb_column vc_column_container vc_col-sm-12\">\n<div class=\"vc_column-inner\">\n<div class=\"wpb_wrapper\">\n<div class=\"vc_tta-container\" data-vc-action=\"collapse\">\n<div class=\"vc_general vc_tta vc_tta-tabs vc_tta-color-grey vc_tta-style-classic vc_tta-shape-rounded vc_tta-spacing-1 vc_tta-tabs-position-top vc_tta-controls-align-left\">\n<div class=\"vc_tta-panels-container\">\n<div class=\"vc_tta-panels\">\n<div id=\"1652214017249-6e849582-de04\" class=\"vc_tta-panel vc_active\" data-vc-content=\".vc_tta-panel-body\">\n<div class=\"vc_tta-panel-body\">\n<div class=\"wpb_text_column wpb_content_element \">\n<div class=\"wpb_wrapper\">\n<p>Rund um den Times Square gibt es so viele Restaurants und Bars wie Menschen, die durch seine Stra\u00dfen schlendern. Es gibt gastronomische Angebote f\u00fcr jeden Geschmack und jedes Alter. Von den traditionellsten und geschichtstr\u00e4chtigsten Gerichten bis hin zu den neuen Gourmet-K\u00f6stlichkeiten der innovativsten K\u00f6che. Der Times Square l\u00e4dt Sie ein, mit vollem Bauch zu genie\u00dfen.   <\/p>\n<p>Taste of Times Square ist eine der j\u00e4hrlichen Feierlichkeiten am Times Square, bei denen die fantastischen und wunderbaren Restaurants New Yorks mit all ihrem Geschmack und ihrer Vielfalt an Gerichten gefeiert werden. COVID-19 hat das j\u00e4hrliche Open-Air-Festival f\u00fcr Essen und Musik, das normalerweise mehrere Blocks dauert, gestoppt, aber dank des wissenschaftlichen Fortschritts war es dieses Jahr m\u00f6glich, lokale Unternehmen zu feiern und zu f\u00f6rdern, und im Juni werden die Festivals zur\u00fcckkehren. In teilnehmenden Restaurants gibt es spezielle Drei-G\u00e4nge-Men\u00fcs zum Festpreis von 35 USD.  <\/p>\n<p>Mit Taste of Times Square k\u00f6nnen G\u00e4ste und Stammg\u00e4ste die besten Restaurants am Times Square kennenlernen, das gro\u00dfartige Essen probieren und es mit der Gewissheit genie\u00dfen, dass alle erforderlichen Ma\u00dfnahmen zum Schutz der Gesundheit und Sicherheit der Kunden und des Personals getroffen werden. Zwischen 17:30 und 19:00 Uhr k\u00f6nnen Sie sogar einige \u00dcberraschungsauftritte von Hell\u2019s Kitchen Happiness Krewe erleben.   <\/p>\n<p>Es werden Festpreismen\u00fcs von Taste of Times Square f\u00fcr das Essen im Innenbereich, das Essen im Freien, zum Mitnehmen und zur Lieferung von den entsprechenden teilnehmenden Restaurants angeboten.<\/p>\n<p>Taste of Times Square: In der Stadt Times Square ist das Essen in Innenr\u00e4umen in Restaurants wieder erlaubt, jetzt ohne die Pflicht, Masken oder Impfausweise zu tragen. Au\u00dfenterrassen zum Essen, die in alten Parkstreifen angelegt wurden, sind zu den Lieblingsorten der New Yorker und Touristen geworden.<\/p>\n<p>In der Zwischenzeit weitet die Stadt ihr \u201eOpen Streets\u201c-Programm aus, das Stra\u00dfen f\u00fcr Fahrzeuge sperrt und f\u00fcr Fu\u00dfg\u00e4nger \u00f6ffnet.<\/p>\n<p>Taste of Times Square, die Erweiterung dieses Programms, war urspr\u00fcnglich als Ort f\u00fcr sportliche Bet\u00e4tigung geplant. Ziel ist es jedoch unter anderem, den Fu\u00dfg\u00e4ngerverkehr entlang krisengebeutelter Einkaufsstra\u00dfen zu erh\u00f6hen und \u00e4rmeren Stadtteilen \u00e4hnliche Chancen zu bieten wie den wohlhabenderen, bekannteren Vierteln.<\/p>\n<p>Mexikanische Restaurants haben viel zu erz\u00e4hlen, das Casa Carmen ist eines der j\u00fcngsten in der Stadt und das kulinarische Erbe von Carmen \u201eTitita\u201c Ram\u00edrez Degollado steht an vorderster Front, um diese gro\u00dfartige gastronomische Kultur weiter zu verbreiten.<\/p>\n<p>Taste of Times Square, Pizza ist f\u00fcr New Yorker sehr wichtig, einige der herausragendsten von Kunden empfohlenen Pizzerien sind: Capizzi, Uncle Paul\u2019s Pizza NY, Lombardi\u2019s Pizza, Juliana\u2019s Pizza, Kest\u00e9 Pizza &amp; Vino, John\u2019s of Bleecker Street, Grimaldi\u2019s und andere.<\/p>\n<p>Taste of Times Square, New Yorks Pizzerien sind bekannt f\u00fcr ihre gro\u00dfe Vielfalt an Pizzasorten. Sie finden alles von der einfachsten bis zur exotischsten. Es gibt Mozzarella-K\u00e4se, Peperoni, Ricotta-K\u00e4se, H\u00fchnchen und Cheddar, H\u00fchnchen mit B\u00fcffelsauce, Zwiebeln, Lasagne, Barbecue, Spinat, Ananas, Speck, Aubergine, Neapolitanisch und andere Sorten. Und es gibt auch vegane Optionen.   <\/p>\n<p>Taste of Times Square, Hard Rock Caf\u00e9, Das Hard Rock Caf\u00e9 New York liegt in der Innenstadt von New York City und im Herzen des Times Square und wird Ihre Sinne mit verlockenden Speisen und Getr\u00e4nken sowie einer beeindruckenden Sammlung musikalischer Erinnerungsst\u00fccke begeistern. Der Times Square, auch \u201eKreuzung der Welt\u201c genannt, ist die Heimat des Silvester-Ball Drop im Broadway Theatre. <\/p>\n<p>Taste of Times Square, das Skylark darf auf der Liste der besten Rooftop-Bars am Times Square nicht fehlen. Es ist wie folgt aufgeteilt: Das obere Stockwerk ist die Dachterrasse und die anderen beiden Stockwerke bilden das Wohnzimmer. Seine Dekoration ist unglaublich und Sie werden verstehen, warum es sich lohnt, jede der drei Etagen einmal im Jahr zu besuchen. Auf jeder der drei Etagen genie\u00dfen Sie einen herrlichen Blick auf die Stadt.   <\/p>\n<p>Taste of Times Square, das CATCH Roof, ist zu einem Stammziel f\u00fcr viele New Yorker geworden, die einen sch\u00f6nen und ruhigen Ort suchen, um gutes Essen und einen Cocktail zu genie\u00dfen und den \u00fcberf\u00fcllten Dachbars der Innenstadt zu entfliehen. Wie Sie sehen k\u00f6nnen, hat der Ort die ideale Balance zwischen Eleganz und Moderne, mit einem aktuellen industriellen Touch, der sehr an Meatpacking erinnert. Der Ort umfasst eine Dachbar mit Blick auf die Skyline von Manhattan, einen Innenraum f\u00fcr die k\u00e4lteren Monate des harten Winters und ein sch\u00f6nes und reichhaltiges Restaurant, perfekt f\u00fcr einen romantischen Abend. Au\u00dferdem findet man hier abends h\u00e4ufig DJs, die Livemusik spielen. Unserer Meinung nach ohne Zweifel eine gewinnbringende Kombination.    <\/p>\n<\/div>\n<\/div>\n<\/div>\n<\/div>\n<\/div>\n<\/div>\n<\/div>\n<\/div>\n<\/div>\n<\/div>\n<\/div>\n<\/div>\n\t\t\t\t\t\t\t\t<\/div>\n\t\t\t\t<\/div>\n\t\t\t\t<div class=\"elementor-element elementor-element-7eff627 elementor-widget-divider--view-line elementor-widget elementor-widget-divider\" data-id=\"7eff627\" data-element_type=\"widget\" data-e-type=\"widget\" data-widget_type=\"divider.default\">\n\t\t\t\t<div class=\"elementor-widget-container\">\n\t\t\t\t\t\t\t<div class=\"elementor-divider\">\n\t\t\t<span class=\"elementor-divider-separator\">\n\t\t\t\t\t\t<\/span>\n\t\t<\/div>\n\t\t\t\t\t\t<\/div>\n\t\t\t\t<\/div>\n\t\t\t\t<div class=\"elementor-element elementor-element-7323ed4 elementor-widget elementor-widget-text-editor\" data-id=\"7323ed4\" data-element_type=\"widget\" data-e-type=\"widget\" data-widget_type=\"text-editor.default\">\n\t\t\t\t<div class=\"elementor-widget-container\">\n\t\t\t\t\t\t\t\t\t<p><strong>Wenn Sie auf unserer Plakatwand am Times Square erscheinen m\u00f6chten, gehen Sie bitte zu unserem Abschnitt KONTAKT.<\/strong><\/p>\n<p>Und so funktioniert es:<\/p>\n<p>Ob Geburtstag, Heiratsantrag, Jahrestag oder eine einfache Liebeserkl\u00e4rung \u2013 wir haben das Richtige f\u00fcr Sie. Fallen Sie in der Menge nicht unter! <br \/>Bringen Sie Ihr Foto oder Video auf unsere Plakatwand am Times Square!<\/p>\n<p>Option 1: Ihr 60 Sekunden langes Video\/Foto wird 22 Mal pro Tag angezeigt.<br \/>Option 2: Ihr 30 Sekunden langes Video\/Foto wird 44 Mal pro Tag angezeigt<br \/>Option 3: Ihr 15 Sekunden langes Video\/Foto wird 88 Mal pro Tag angezeigt.<\/p>\n<p>Unsere Plakatwand ist 31ft x55 ft gro\u00df und befindet sich am 1560 Broadway (Broadway und 46th Street direkt \u00fcber dem Pel\u00e9-Gesch\u00e4ft).<\/p>\n<p>Seien Sie kein Gesicht in der Menge!<\/p>\n\t\t\t\t\t\t\t\t<\/div>\n\t\t\t\t<\/div>\n\t\t\t\t\t<\/div>\n\t\t\t\t<\/div>\n\t\t\t\t<\/div>\n\t\t","protected":false},"excerpt":{"rendered":"Ein Vorgeschmack auf den Times Square Rund um den Times Square gibt es so viele Restaurants und Bars wie Menschen, die durch seine Stra\u00dfen schlendern. Es gibt gastronomische Angebote f\u00fcr jeden Geschmack und jedes Alter. Von den traditionellsten und geschichtstr\u00e4chtigsten Gerichten bis hin zu den neuen Gourmet-K\u00f6stlichkeiten der innovativsten K\u00f6che. Der Times Square l\u00e4dt Sie [...]<a href=\"https:\/\/welcome-to-times-square.com\/de\/a-taste-of-times-square\/\" class=\"read-more wyz-secondary-color-text\">read more<span class=\"screen-reader-text\">Ein Vorgeschmack auf den Times Square<\/span><\/a>","protected":false},"author":53,"featured_media":0,"parent":0,"menu_order":0,"comment_status":"closed","ping_status":"closed","template":"elementor_header_footer","meta":{"footnotes":""},"class_list":["post-9036","page","type-page","status-publish","hentry"],"yoast_head":"<!-- This site is optimized with the Yoast SEO plugin v27.2 - https:\/\/yoast.com\/product\/yoast-seo-wordpress\/ -->\n<title>Ein Vorgeschmack auf den Times Square - times-square<\/title>\n<meta name=\"robots\" content=\"index, follow, max-snippet:-1, max-image-preview:large, max-video-preview:-1\" \/>\n<link rel=\"canonical\" href=\"https:\/\/welcome-to-times-square.com\/de\/a-taste-of-times-square\/\" \/>\n<meta property=\"og:locale\" content=\"de_DE\" \/>\n<meta property=\"og:type\" content=\"article\" \/>\n<meta property=\"og:title\" content=\"Ein Vorgeschmack auf den Times Square - times-square\" \/>\n<meta property=\"og:description\" content=\"Ein Vorgeschmack auf den Times Square Rund um den Times Square gibt es so viele Restaurants und Bars wie Menschen, die durch seine Stra\u00dfen schlendern. Es gibt gastronomische Angebote f\u00fcr jeden Geschmack und jedes Alter. Von den traditionellsten und geschichtstr\u00e4chtigsten Gerichten bis hin zu den neuen Gourmet-K\u00f6stlichkeiten der innovativsten K\u00f6che. Der Times Square l\u00e4dt Sie [...]read moreEin Vorgeschmack auf den Times Square\" \/>\n<meta property=\"og:url\" content=\"https:\/\/welcome-to-times-square.com\/de\/a-taste-of-times-square\/\" \/>\n<meta property=\"og:site_name\" content=\"times-square\" \/>\n<meta property=\"article:modified_time\" content=\"2025-01-17T12:15:25+00:00\" \/>\n<meta name=\"twitter:card\" content=\"summary_large_image\" \/>\n<meta name=\"twitter:label1\" content=\"Gesch\u00e4tzte Lesezeit\" \/>\n\t<meta name=\"twitter:data1\" content=\"4\u00a0Minuten\" \/>\n<script type=\"application\/ld+json\" class=\"yoast-schema-graph\">{\"@context\":\"https:\/\/schema.org\",\"@graph\":[{\"@type\":\"WebPage\",\"@id\":\"https:\/\/welcome-to-times-square.com\/de\/a-taste-of-times-square\/\",\"url\":\"https:\/\/welcome-to-times-square.com\/de\/a-taste-of-times-square\/\",\"name\":\"Ein Vorgeschmack auf den Times Square - times-square\",\"isPartOf\":{\"@id\":\"https:\/\/welcome-to-times-square.com\/de\/#website\"},\"datePublished\":\"2022-05-10T20:25:13+00:00\",\"dateModified\":\"2025-01-17T12:15:25+00:00\",\"breadcrumb\":{\"@id\":\"https:\/\/welcome-to-times-square.com\/de\/a-taste-of-times-square\/#breadcrumb\"},\"inLanguage\":\"de\",\"potentialAction\":[{\"@type\":\"ReadAction\",\"target\":[\"https:\/\/welcome-to-times-square.com\/de\/a-taste-of-times-square\/\"]}]},{\"@type\":\"BreadcrumbList\",\"@id\":\"https:\/\/welcome-to-times-square.com\/de\/a-taste-of-times-square\/#breadcrumb\",\"itemListElement\":[{\"@type\":\"ListItem\",\"position\":1,\"name\":\"Home\",\"item\":\"https:\/\/welcome-to-times-square.com\/de\/\"},{\"@type\":\"ListItem\",\"position\":2,\"name\":\"Ein Vorgeschmack auf den Times Square\"}]},{\"@type\":\"WebSite\",\"@id\":\"https:\/\/welcome-to-times-square.com\/de\/#website\",\"url\":\"https:\/\/welcome-to-times-square.com\/de\/\",\"name\":\"times-square\",\"description\":\"times-square\",\"publisher\":{\"@id\":\"https:\/\/welcome-to-times-square.com\/de\/#organization\"},\"potentialAction\":[{\"@type\":\"SearchAction\",\"target\":{\"@type\":\"EntryPoint\",\"urlTemplate\":\"https:\/\/welcome-to-times-square.com\/de\/?s={search_term_string}\"},\"query-input\":{\"@type\":\"PropertyValueSpecification\",\"valueRequired\":true,\"valueName\":\"search_term_string\"}}],\"inLanguage\":\"de\"},{\"@type\":\"Organization\",\"@id\":\"https:\/\/welcome-to-times-square.com\/de\/#organization\",\"name\":\"times-square\",\"url\":\"https:\/\/welcome-to-times-square.com\/de\/\",\"logo\":{\"@type\":\"ImageObject\",\"inLanguage\":\"de\",\"@id\":\"https:\/\/welcome-to-times-square.com\/de\/#\/schema\/logo\/image\/\",\"url\":\"https:\/\/welcome-to-times-square.com\/wp-content\/uploads\/2024\/03\/welcome-to-time-square-logo-with-r.png\",\"contentUrl\":\"https:\/\/welcome-to-times-square.com\/wp-content\/uploads\/2024\/03\/welcome-to-time-square-logo-with-r.png\",\"width\":500,\"height\":342,\"caption\":\"times-square\"},\"image\":{\"@id\":\"https:\/\/welcome-to-times-square.com\/de\/#\/schema\/logo\/image\/\"}}]}<\/script>\n<!-- \/ Yoast SEO plugin. -->","yoast_head_json":{"title":"Ein Vorgeschmack auf den Times Square - times-square","robots":{"index":"index","follow":"follow","max-snippet":"max-snippet:-1","max-image-preview":"max-image-preview:large","max-video-preview":"max-video-preview:-1"},"canonical":"https:\/\/welcome-to-times-square.com\/de\/a-taste-of-times-square\/","og_locale":"de_DE","og_type":"article","og_title":"Ein Vorgeschmack auf den Times Square - times-square","og_description":"Ein Vorgeschmack auf den Times Square Rund um den Times Square gibt es so viele Restaurants und Bars wie Menschen, die durch seine Stra\u00dfen schlendern. Es gibt gastronomische Angebote f\u00fcr jeden Geschmack und jedes Alter. Von den traditionellsten und geschichtstr\u00e4chtigsten Gerichten bis hin zu den neuen Gourmet-K\u00f6stlichkeiten der innovativsten K\u00f6che. Der Times Square l\u00e4dt Sie [...]read moreEin Vorgeschmack auf den Times Square","og_url":"https:\/\/welcome-to-times-square.com\/de\/a-taste-of-times-square\/","og_site_name":"times-square","article_modified_time":"2025-01-17T12:15:25+00:00","twitter_card":"summary_large_image","twitter_misc":{"Gesch\u00e4tzte Lesezeit":"4\u00a0Minuten"},"schema":{"@context":"https:\/\/schema.org","@graph":[{"@type":"WebPage","@id":"https:\/\/welcome-to-times-square.com\/de\/a-taste-of-times-square\/","url":"https:\/\/welcome-to-times-square.com\/de\/a-taste-of-times-square\/","name":"Ein Vorgeschmack auf den Times Square - times-square","isPartOf":{"@id":"https:\/\/welcome-to-times-square.com\/de\/#website"},"datePublished":"2022-05-10T20:25:13+00:00","dateModified":"2025-01-17T12:15:25+00:00","breadcrumb":{"@id":"https:\/\/welcome-to-times-square.com\/de\/a-taste-of-times-square\/#breadcrumb"},"inLanguage":"de","potentialAction":[{"@type":"ReadAction","target":["https:\/\/welcome-to-times-square.com\/de\/a-taste-of-times-square\/"]}]},{"@type":"BreadcrumbList","@id":"https:\/\/welcome-to-times-square.com\/de\/a-taste-of-times-square\/#breadcrumb","itemListElement":[{"@type":"ListItem","position":1,"name":"Home","item":"https:\/\/welcome-to-times-square.com\/de\/"},{"@type":"ListItem","position":2,"name":"Ein Vorgeschmack auf den Times Square"}]},{"@type":"WebSite","@id":"https:\/\/welcome-to-times-square.com\/de\/#website","url":"https:\/\/welcome-to-times-square.com\/de\/","name":"times-square","description":"times-square","publisher":{"@id":"https:\/\/welcome-to-times-square.com\/de\/#organization"},"potentialAction":[{"@type":"SearchAction","target":{"@type":"EntryPoint","urlTemplate":"https:\/\/welcome-to-times-square.com\/de\/?s={search_term_string}"},"query-input":{"@type":"PropertyValueSpecification","valueRequired":true,"valueName":"search_term_string"}}],"inLanguage":"de"},{"@type":"Organization","@id":"https:\/\/welcome-to-times-square.com\/de\/#organization","name":"times-square","url":"https:\/\/welcome-to-times-square.com\/de\/","logo":{"@type":"ImageObject","inLanguage":"de","@id":"https:\/\/welcome-to-times-square.com\/de\/#\/schema\/logo\/image\/","url":"https:\/\/welcome-to-times-square.com\/wp-content\/uploads\/2024\/03\/welcome-to-time-square-logo-with-r.png","contentUrl":"https:\/\/welcome-to-times-square.com\/wp-content\/uploads\/2024\/03\/welcome-to-time-square-logo-with-r.png","width":500,"height":342,"caption":"times-square"},"image":{"@id":"https:\/\/welcome-to-times-square.com\/de\/#\/schema\/logo\/image\/"}}]}},"_hostinger_reach_plugin_has_subscription_block":false,"_hostinger_reach_plugin_is_elementor":false,"_links":{"self":[{"href":"https:\/\/welcome-to-times-square.com\/de\/wp-json\/wp\/v2\/pages\/9036","targetHints":{"allow":["GET"]}}],"collection":[{"href":"https:\/\/welcome-to-times-square.com\/de\/wp-json\/wp\/v2\/pages"}],"about":[{"href":"https:\/\/welcome-to-times-square.com\/de\/wp-json\/wp\/v2\/types\/page"}],"author":[{"embeddable":true,"href":"https:\/\/welcome-to-times-square.com\/de\/wp-json\/wp\/v2\/users\/53"}],"replies":[{"embeddable":true,"href":"https:\/\/welcome-to-times-square.com\/de\/wp-json\/wp\/v2\/comments?post=9036"}],"version-history":[{"count":4,"href":"https:\/\/welcome-to-times-square.com\/de\/wp-json\/wp\/v2\/pages\/9036\/revisions"}],"predecessor-version":[{"id":9062,"href":"https:\/\/welcome-to-times-square.com\/de\/wp-json\/wp\/v2\/pages\/9036\/revisions\/9062"}],"wp:attachment":[{"href":"https:\/\/welcome-to-times-square.com\/de\/wp-json\/wp\/v2\/media?parent=9036"}],"curies":[{"name":"wp","href":"https:\/\/api.w.org\/{rel}","templated":true}]}}