{"id":9049,"date":"2022-05-02T21:18:28","date_gmt":"2022-05-02T21:18:28","guid":{"rendered":"https:\/\/welcome-to-times-square.com\/history-of-times-square\/"},"modified":"2025-09-12T14:04:57","modified_gmt":"2025-09-12T14:04:57","slug":"history-of-times-square","status":"publish","type":"page","link":"https:\/\/welcome-to-times-square.com\/de\/history-of-times-square\/","title":{"rendered":"Geschichte des Times Square"},"content":{"rendered":"\t\t<div data-elementor-type=\"wp-page\" data-elementor-id=\"9049\" class=\"elementor elementor-9049 elementor-2884\" data-elementor-post-type=\"page\">\n\t\t\t\t<div class=\"elementor-element elementor-element-67403a9 e-flex e-con-boxed e-con e-parent\" data-id=\"67403a9\" data-element_type=\"container\" data-e-type=\"container\" data-settings=\"{&quot;background_background&quot;:&quot;classic&quot;}\">\n\t\t\t\t\t<div class=\"e-con-inner\">\n\t\t\t\t<div class=\"elementor-element elementor-element-42c7c90 elementor-widget elementor-widget-heading\" data-id=\"42c7c90\" data-element_type=\"widget\" data-e-type=\"widget\" data-widget_type=\"heading.default\">\n\t\t\t\t<div class=\"elementor-widget-container\">\n\t\t\t\t\t<h2 class=\"elementor-heading-title elementor-size-default\">Geschichte des Times Square<\/h2>\t\t\t\t<\/div>\n\t\t\t\t<\/div>\n\t\t\t\t<div class=\"elementor-element elementor-element-3b04843 elementor-widget-divider--view-line elementor-widget elementor-widget-divider\" data-id=\"3b04843\" data-element_type=\"widget\" data-e-type=\"widget\" data-widget_type=\"divider.default\">\n\t\t\t\t<div class=\"elementor-widget-container\">\n\t\t\t\t\t\t\t<div class=\"elementor-divider\">\n\t\t\t<span class=\"elementor-divider-separator\">\n\t\t\t\t\t\t<\/span>\n\t\t<\/div>\n\t\t\t\t\t\t<\/div>\n\t\t\t\t<\/div>\n\t\t\t\t<div class=\"elementor-element elementor-element-2dc70aa elementor-widget elementor-widget-text-editor\" data-id=\"2dc70aa\" data-element_type=\"widget\" data-e-type=\"widget\" data-widget_type=\"text-editor.default\">\n\t\t\t\t<div class=\"elementor-widget-container\">\n\t\t\t\t\t\t\t\t\t<div class=\"vc_row wpb_row vc_row-fluid vc_custom_1652220116103 vc_row-has-fill\"><div class=\"wpb_column vc_column_container vc_col-sm-12\"><div class=\"vc_column-inner\"><div class=\"wpb_wrapper\"><div class=\"vc_tta-container\" data-vc-action=\"collapse\"><div class=\"vc_general vc_tta vc_tta-tabs vc_tta-color-grey vc_tta-style-classic vc_tta-shape-rounded vc_tta-spacing-1 vc_tta-tabs-position-top vc_tta-controls-align-left\"><div class=\"vc_tta-panels-container\"><div class=\"vc_tta-panels\"><div id=\"1651526556988-7f2d79f0-76fe\" class=\"vc_tta-panel vc_active\" data-vc-content=\".vc_tta-panel-body\"><div class=\"vc_tta-panel-body\"><div class=\"wpb_text_column wpb_content_element \"><div class=\"wpb_wrapper\"><p>Urspr\u00fcnglich war dieser Platz als Long Acre Square bekannt, wurde aber in Times Square umbenannt, nachdem sich 1904 an der Kreuzung mit der 42. Stra\u00dfe die B\u00fcros der New York Times befanden. 1913 zogen die B\u00fcros der Zeitung in die 229 43rd Street um, und das Geb\u00e4ude wurde 1961 in 1 Times Square umbenannt. <\/p><p>Geschichte des Times Square: Zu Beginn des 20. Jahrhunderts wurde der Times Square durch den Bau von Theatern, Restaurants sowie Luxus- und First-Class-Hotels zu einem der wichtigsten Orte in New York City. In den 30er Jahren begann sich der Ort zu ver\u00e4ndern und wurde zu einem gef\u00e4hrlichen Ort mit Prostitution, Kriminalit\u00e4t und Drogen. Dies dauerte mehr als ein halbes Jahrhundert. <\/p><p>Geschichte des Times Square In den 1980er Jahren begannen die <a href=\"https:\/\/www.britannica.com\/biography\/Ed-Koch\">B\u00fcrgermeister Ed Koch<\/a> und <a href=\"https:\/\/www.britannica.com\/biography\/David-Dinkins\">David Dinkins<\/a> ein Sanierungsprojekt f\u00fcr Midtown Manhattan, das auch den Times Square umfasste. In den 1990er Jahren nahm B\u00fcrgermeister Rudolph Giuliani das Projekt zur S\u00e4uberung des Viertels in Angriff, indem er pornografische Theater und Sexshops schlie\u00dfen lie\u00df und die neun historischen Theater in der 42nd Street vom <a href=\"https:\/\/en.wikipedia.org\/wiki\/New_York_(state)\">Staat New York<\/a> erwarb. Der Times Square liegt zwischen der 7th Avenue und dem Broadway sowie der 42. und 47. Stra\u00dfe und ist derzeit das Herz der Stadt im Allgemeinen und des New Yorker Theaterviertels im Besonderen.  <\/p><p>Der gesamte Bereich wird Tag und Nacht durch gro\u00dfe Leuchtreklamen und riesige Fernsehbildschirme beleuchtet. Dies hat ihn auf der ganzen Welt ber\u00fchmt gemacht, ebenso wie der Abstieg der Kristallkugel jedes Jahr am 31. Dezember vom Dach des Times Square, um das neue Jahr anzuk\u00fcndigen. Bis zu zwei Millionen Menschen str\u00f6mten zum Times Square, um das Jahr 2000 mit dem Abstieg von Waterfords Millennial Crystal Ball einzul\u00e4uten, einer riesigen Swarovski-Kristallkugel, die speziell f\u00fcr dieses Ereignis hergestellt wurde. <\/p><p>Das n\u00f6rdliche Ende des Platzes, zwischen der 46. und 47. Stra\u00dfe, ist zu Ehren von Father Francis P. Duffy, Kaplan des <a href=\"https:\/\/en.wikipedia.org\/wiki\/69th_Infantry_Regiment_(New_York)\">New Yorker Infanterieregiments<\/a> im Zweiten Weltkrieg, als Duffy Square bekannt. Karten f\u00fcr Broadway-Shows zum halben Preis erhalten Sie am selben Tag an der TKTS-Kasse, die sich in der Mitte des Duffy Square befindet. Die 2008 renovierten Kassen sind auf dem Dach mit breiten Stufen in Form einer Treppe \u00fcberdacht, auf denen die Besucher sitzen oder einen Panoramablick genie\u00dfen k\u00f6nnen.  <\/p><p>Am 25. Mai 2009 hat der <a href=\"https:\/\/council.nyc.gov\/\">New Yorker Stadtrat<\/a> den Abschnitt des Broadway, der durch den Times Square f\u00fchrt, vor\u00fcbergehend f\u00fcr den Fu\u00dfg\u00e4ngerverkehr gesperrt. Das Experiment war ein gro\u00dfer Erfolg und es wurde zu einem dauerhaften Fu\u00dfg\u00e4ngerplatz, auf dem der Platz mit neuen Metallb\u00e4nken, St\u00fchlen und Tischen noch angenehmer ist. <\/p><p>Am Times Square gibt es eine eigene Polizeistation, eine Stra\u00dfenreinigungsfirma und ein Fremdenverkehrsamt, in dem Sie alle Informationen \u00fcber die Stadt erhalten. Au\u00dferdem gibt es ein kleines Museum, das diesem wichtigen Platz gewidmet ist.<\/p><p>Der Times Square w\u00e4re ohne seine erstaunlichen Leuchtreklamen nicht erkennbar. Ein Bild, das von zwei Millionen Menschen bewundert wird, die t\u00e4glich \u00fcber diesen Platz gehen, und von vielen weiteren Millionen Menschen auf der Welt, die es durch Fotografien, Gem\u00e4lde, Kino und Fernsehen genie\u00dfen. Der Times Square begann sich 1916 mit gro\u00dfen Werbetafeln zu f\u00fcllen, als der Stadtrat ihre Installation in diesem Teil der Stadt anregte. Seitdem sind viele hier vorbeigekommen, einige davon wahre Kunstwerke. Dar\u00fcber hinaus spielten sie eine wichtige Rolle bei der Umgestaltung des Platzes w\u00e4hrend seiner dekadentesten Zeit: Als Druckma\u00dfnahme auf die Herrscher der Stadt schalteten ihre Nachbarn eines Nachts alle Schilder f\u00fcr 15 Minuten aus. Die Ma\u00dfnahme hatte hervorragende Ergebnisse und die Verhandlungen wurden durchgef\u00fchrt. Heute verpflichtet eine st\u00e4dtische Verordnung die Geb\u00e4ude in diesem Bereich, ihre Fassade f\u00fcr die Installation solcher Werbetafeln freizugeben.      <\/p><p>Der Times Square ist der auff\u00e4lligste Bereich der Stadt und unser Lieblingsplatz, um nach einer Unterkunft zu suchen sowie um zu essen und einen Drink zu genie\u00dfen. Sie suchen, was Sie suchen, am <a href=\"https:\/\/welcome-to-times-square.com\/de\/\">Times Square<\/a> werden Sie es finden. <\/p><p>Die Times Square-Touren sind schnell ausverkauft, also ist es am besten, vorher zu planen und Tickets zu kaufen, um alles zu genie\u00dfen, was an diesem wunderbaren Ort passiert.<\/p><p>Zum ersten Mal in der Geschichte wurde f\u00fcr die Ausgabe 2020 (w\u00e4hrend der Pandemie) eine Ball-App entwickelt, mit dem Ziel, die Menschen am 31. Dezember und in den Tagen davor durch ein immersives virtuelles Erlebnis im Epizentrum des Times Square zu begleiten.<\/p><\/div><\/div><\/div><\/div><\/div><\/div><\/div><\/div><\/div><\/div><\/div><\/div>\t\t\t\t\t\t\t\t<\/div>\n\t\t\t\t<\/div>\n\t\t\t\t<div class=\"elementor-element elementor-element-b316454 elementor-widget-divider--view-line elementor-widget elementor-widget-divider\" data-id=\"b316454\" data-element_type=\"widget\" data-e-type=\"widget\" data-widget_type=\"divider.default\">\n\t\t\t\t<div class=\"elementor-widget-container\">\n\t\t\t\t\t\t\t<div class=\"elementor-divider\">\n\t\t\t<span class=\"elementor-divider-separator\">\n\t\t\t\t\t\t<\/span>\n\t\t<\/div>\n\t\t\t\t\t\t<\/div>\n\t\t\t\t<\/div>\n\t\t\t\t<div class=\"elementor-element elementor-element-82959a3 elementor-widget elementor-widget-text-editor\" data-id=\"82959a3\" data-element_type=\"widget\" data-e-type=\"widget\" data-widget_type=\"text-editor.default\">\n\t\t\t\t<div class=\"elementor-widget-container\">\n\t\t\t\t\t\t\t\t\t<p><strong>Wenn Sie auf unserer Plakatwand am Times Square erscheinen m\u00f6chten, gehen Sie bitte zu unserem Abschnitt KONTAKT.<\/strong><\/p><p>Und so funktioniert es:<\/p><p>Ob Geburtstag, Heiratsantrag, Jahrestag oder eine einfache Liebeserkl\u00e4rung \u2013 bei uns sind Sie an der richtigen Adresse. Seien Sie kein Gesicht in der Menge!<br>Bringen Sie Ihr Foto oder Video auf unsere <a href=\"https:\/\/welcome-to-times-square.com\/de\/billboard\/\">Plakatwand am Times Square<\/a>!<\/p><p>Option 1: Ihr 60 Sekunden langes Video\/Foto wird 22 Mal pro Tag angezeigt.<br>Option 2: Ihr 30 Sekunden langes Video\/Foto wird 44 Mal pro Tag angezeigt<br>Option 3: Ihr 15 Sekunden langes Video\/Foto wird 88 Mal pro Tag angezeigt.<\/p><p>Unsere Plakatwand ist 31ft x55 ft gro\u00df und befindet sich am 1560 Broadway (Broadway und 46th Street direkt \u00fcber dem Pel\u00e9-Gesch\u00e4ft).<\/p><p>Seien Sie kein Gesicht in der Menge!<\/p>\t\t\t\t\t\t\t\t<\/div>\n\t\t\t\t<\/div>\n\t\t\t\t<div class=\"elementor-element elementor-element-02068a6 elementor-widget elementor-widget-image\" data-id=\"02068a6\" data-element_type=\"widget\" data-e-type=\"widget\" data-widget_type=\"image.default\">\n\t\t\t\t<div class=\"elementor-widget-container\">\n\t\t\t\t\t\t\t\t\t\t\t\t\t\t\t<img fetchpriority=\"high\" decoding=\"async\" width=\"1024\" height=\"645\" src=\"https:\/\/welcome-to-times-square.com\/wp-content\/uploads\/2022\/04\/shopping-1024x645.png\" class=\"attachment-large size-large wp-image-6163\" alt=\"\" srcset=\"https:\/\/welcome-to-times-square.com\/wp-content\/uploads\/2022\/04\/shopping-1024x645.png 1024w, https:\/\/welcome-to-times-square.com\/wp-content\/uploads\/2022\/04\/shopping-600x378.png 600w, https:\/\/welcome-to-times-square.com\/wp-content\/uploads\/2022\/04\/shopping-300x189.png 300w, https:\/\/welcome-to-times-square.com\/wp-content\/uploads\/2022\/04\/shopping-768x484.png 768w, https:\/\/welcome-to-times-square.com\/wp-content\/uploads\/2022\/04\/shopping.png 1302w\" sizes=\"(max-width: 1024px) 100vw, 1024px\" \/>\t\t\t\t\t\t\t\t\t\t\t\t\t\t\t<\/div>\n\t\t\t\t<\/div>\n\t\t\t\t\t<\/div>\n\t\t\t\t<\/div>\n\t\t\t\t<\/div>\n\t\t","protected":false},"excerpt":{"rendered":"Geschichte des Times Square Urspr\u00fcnglich war dieser Platz als Long Acre Square bekannt, wurde aber in Times Square umbenannt, nachdem sich 1904 an der Kreuzung mit der 42. Stra\u00dfe die B\u00fcros der New York Times befanden. 1913 zogen die B\u00fcros der Zeitung in die 229 43rd Street um, und das Geb\u00e4ude wurde 1961 in 1 [...]<a href=\"https:\/\/welcome-to-times-square.com\/de\/history-of-times-square\/\" class=\"read-more wyz-secondary-color-text\">read more<span class=\"screen-reader-text\">Geschichte des Times Square<\/span><\/a>","protected":false},"author":53,"featured_media":0,"parent":0,"menu_order":0,"comment_status":"closed","ping_status":"closed","template":"elementor_header_footer","meta":{"footnotes":""},"class_list":["post-9049","page","type-page","status-publish","hentry"],"yoast_head":"<!-- This site is optimized with the Yoast SEO plugin v27.2 - https:\/\/yoast.com\/product\/yoast-seo-wordpress\/ -->\n<title>Geschichte des Times Square - times-square<\/title>\n<meta name=\"robots\" content=\"index, follow, max-snippet:-1, max-image-preview:large, max-video-preview:-1\" \/>\n<link rel=\"canonical\" href=\"https:\/\/welcome-to-times-square.com\/de\/history-of-times-square\/\" \/>\n<meta property=\"og:locale\" content=\"de_DE\" \/>\n<meta property=\"og:type\" content=\"article\" \/>\n<meta property=\"og:title\" content=\"Geschichte des Times Square - times-square\" \/>\n<meta property=\"og:description\" content=\"Geschichte des Times Square Urspr\u00fcnglich war dieser Platz als Long Acre Square bekannt, wurde aber in Times Square umbenannt, nachdem sich 1904 an der Kreuzung mit der 42. Stra\u00dfe die B\u00fcros der New York Times befanden. 1913 zogen die B\u00fcros der Zeitung in die 229 43rd Street um, und das Geb\u00e4ude wurde 1961 in 1 [...]read moreGeschichte des Times Square\" \/>\n<meta property=\"og:url\" content=\"https:\/\/welcome-to-times-square.com\/de\/history-of-times-square\/\" \/>\n<meta property=\"og:site_name\" content=\"times-square\" \/>\n<meta property=\"article:modified_time\" content=\"2025-09-12T14:04:57+00:00\" \/>\n<meta property=\"og:image\" content=\"https:\/\/welcome-to-times-square.com\/wp-content\/uploads\/2022\/04\/shopping-1024x645.png\" \/>\n\t<meta property=\"og:image:width\" content=\"1024\" \/>\n\t<meta property=\"og:image:height\" content=\"645\" \/>\n\t<meta property=\"og:image:type\" content=\"image\/png\" \/>\n<meta name=\"twitter:card\" content=\"summary_large_image\" \/>\n<meta name=\"twitter:label1\" content=\"Gesch\u00e4tzte Lesezeit\" \/>\n\t<meta name=\"twitter:data1\" content=\"4\u00a0Minuten\" \/>\n<script type=\"application\/ld+json\" class=\"yoast-schema-graph\">{\"@context\":\"https:\/\/schema.org\",\"@graph\":[{\"@type\":\"WebPage\",\"@id\":\"https:\/\/welcome-to-times-square.com\/de\/history-of-times-square\/\",\"url\":\"https:\/\/welcome-to-times-square.com\/de\/history-of-times-square\/\",\"name\":\"Geschichte des Times Square - times-square\",\"isPartOf\":{\"@id\":\"https:\/\/welcome-to-times-square.com\/de\/#website\"},\"primaryImageOfPage\":{\"@id\":\"https:\/\/welcome-to-times-square.com\/de\/history-of-times-square\/#primaryimage\"},\"image\":{\"@id\":\"https:\/\/welcome-to-times-square.com\/de\/history-of-times-square\/#primaryimage\"},\"thumbnailUrl\":\"https:\/\/welcome-to-times-square.com\/wp-content\/uploads\/2022\/04\/shopping-1024x645.png\",\"datePublished\":\"2022-05-02T21:18:28+00:00\",\"dateModified\":\"2025-09-12T14:04:57+00:00\",\"breadcrumb\":{\"@id\":\"https:\/\/welcome-to-times-square.com\/de\/history-of-times-square\/#breadcrumb\"},\"inLanguage\":\"de\",\"potentialAction\":[{\"@type\":\"ReadAction\",\"target\":[\"https:\/\/welcome-to-times-square.com\/de\/history-of-times-square\/\"]}]},{\"@type\":\"ImageObject\",\"inLanguage\":\"de\",\"@id\":\"https:\/\/welcome-to-times-square.com\/de\/history-of-times-square\/#primaryimage\",\"url\":\"https:\/\/welcome-to-times-square.com\/wp-content\/uploads\/2022\/04\/shopping-1024x645.png\",\"contentUrl\":\"https:\/\/welcome-to-times-square.com\/wp-content\/uploads\/2022\/04\/shopping-1024x645.png\"},{\"@type\":\"BreadcrumbList\",\"@id\":\"https:\/\/welcome-to-times-square.com\/de\/history-of-times-square\/#breadcrumb\",\"itemListElement\":[{\"@type\":\"ListItem\",\"position\":1,\"name\":\"Home\",\"item\":\"https:\/\/welcome-to-times-square.com\/de\/\"},{\"@type\":\"ListItem\",\"position\":2,\"name\":\"Geschichte des Times Square\"}]},{\"@type\":\"WebSite\",\"@id\":\"https:\/\/welcome-to-times-square.com\/de\/#website\",\"url\":\"https:\/\/welcome-to-times-square.com\/de\/\",\"name\":\"times-square\",\"description\":\"times-square\",\"publisher\":{\"@id\":\"https:\/\/welcome-to-times-square.com\/de\/#organization\"},\"potentialAction\":[{\"@type\":\"SearchAction\",\"target\":{\"@type\":\"EntryPoint\",\"urlTemplate\":\"https:\/\/welcome-to-times-square.com\/de\/?s={search_term_string}\"},\"query-input\":{\"@type\":\"PropertyValueSpecification\",\"valueRequired\":true,\"valueName\":\"search_term_string\"}}],\"inLanguage\":\"de\"},{\"@type\":\"Organization\",\"@id\":\"https:\/\/welcome-to-times-square.com\/de\/#organization\",\"name\":\"times-square\",\"url\":\"https:\/\/welcome-to-times-square.com\/de\/\",\"logo\":{\"@type\":\"ImageObject\",\"inLanguage\":\"de\",\"@id\":\"https:\/\/welcome-to-times-square.com\/de\/#\/schema\/logo\/image\/\",\"url\":\"https:\/\/welcome-to-times-square.com\/wp-content\/uploads\/2024\/03\/welcome-to-time-square-logo-with-r.png\",\"contentUrl\":\"https:\/\/welcome-to-times-square.com\/wp-content\/uploads\/2024\/03\/welcome-to-time-square-logo-with-r.png\",\"width\":500,\"height\":342,\"caption\":\"times-square\"},\"image\":{\"@id\":\"https:\/\/welcome-to-times-square.com\/de\/#\/schema\/logo\/image\/\"}}]}<\/script>\n<!-- \/ Yoast SEO plugin. -->","yoast_head_json":{"title":"Geschichte des Times Square - times-square","robots":{"index":"index","follow":"follow","max-snippet":"max-snippet:-1","max-image-preview":"max-image-preview:large","max-video-preview":"max-video-preview:-1"},"canonical":"https:\/\/welcome-to-times-square.com\/de\/history-of-times-square\/","og_locale":"de_DE","og_type":"article","og_title":"Geschichte des Times Square - times-square","og_description":"Geschichte des Times Square Urspr\u00fcnglich war dieser Platz als Long Acre Square bekannt, wurde aber in Times Square umbenannt, nachdem sich 1904 an der Kreuzung mit der 42. Stra\u00dfe die B\u00fcros der New York Times befanden. 1913 zogen die B\u00fcros der Zeitung in die 229 43rd Street um, und das Geb\u00e4ude wurde 1961 in 1 [...]read moreGeschichte des Times Square","og_url":"https:\/\/welcome-to-times-square.com\/de\/history-of-times-square\/","og_site_name":"times-square","article_modified_time":"2025-09-12T14:04:57+00:00","og_image":[{"width":1024,"height":645,"url":"https:\/\/welcome-to-times-square.com\/wp-content\/uploads\/2022\/04\/shopping-1024x645.png","type":"image\/png"}],"twitter_card":"summary_large_image","twitter_misc":{"Gesch\u00e4tzte Lesezeit":"4\u00a0Minuten"},"schema":{"@context":"https:\/\/schema.org","@graph":[{"@type":"WebPage","@id":"https:\/\/welcome-to-times-square.com\/de\/history-of-times-square\/","url":"https:\/\/welcome-to-times-square.com\/de\/history-of-times-square\/","name":"Geschichte des Times Square - times-square","isPartOf":{"@id":"https:\/\/welcome-to-times-square.com\/de\/#website"},"primaryImageOfPage":{"@id":"https:\/\/welcome-to-times-square.com\/de\/history-of-times-square\/#primaryimage"},"image":{"@id":"https:\/\/welcome-to-times-square.com\/de\/history-of-times-square\/#primaryimage"},"thumbnailUrl":"https:\/\/welcome-to-times-square.com\/wp-content\/uploads\/2022\/04\/shopping-1024x645.png","datePublished":"2022-05-02T21:18:28+00:00","dateModified":"2025-09-12T14:04:57+00:00","breadcrumb":{"@id":"https:\/\/welcome-to-times-square.com\/de\/history-of-times-square\/#breadcrumb"},"inLanguage":"de","potentialAction":[{"@type":"ReadAction","target":["https:\/\/welcome-to-times-square.com\/de\/history-of-times-square\/"]}]},{"@type":"ImageObject","inLanguage":"de","@id":"https:\/\/welcome-to-times-square.com\/de\/history-of-times-square\/#primaryimage","url":"https:\/\/welcome-to-times-square.com\/wp-content\/uploads\/2022\/04\/shopping-1024x645.png","contentUrl":"https:\/\/welcome-to-times-square.com\/wp-content\/uploads\/2022\/04\/shopping-1024x645.png"},{"@type":"BreadcrumbList","@id":"https:\/\/welcome-to-times-square.com\/de\/history-of-times-square\/#breadcrumb","itemListElement":[{"@type":"ListItem","position":1,"name":"Home","item":"https:\/\/welcome-to-times-square.com\/de\/"},{"@type":"ListItem","position":2,"name":"Geschichte des Times Square"}]},{"@type":"WebSite","@id":"https:\/\/welcome-to-times-square.com\/de\/#website","url":"https:\/\/welcome-to-times-square.com\/de\/","name":"times-square","description":"times-square","publisher":{"@id":"https:\/\/welcome-to-times-square.com\/de\/#organization"},"potentialAction":[{"@type":"SearchAction","target":{"@type":"EntryPoint","urlTemplate":"https:\/\/welcome-to-times-square.com\/de\/?s={search_term_string}"},"query-input":{"@type":"PropertyValueSpecification","valueRequired":true,"valueName":"search_term_string"}}],"inLanguage":"de"},{"@type":"Organization","@id":"https:\/\/welcome-to-times-square.com\/de\/#organization","name":"times-square","url":"https:\/\/welcome-to-times-square.com\/de\/","logo":{"@type":"ImageObject","inLanguage":"de","@id":"https:\/\/welcome-to-times-square.com\/de\/#\/schema\/logo\/image\/","url":"https:\/\/welcome-to-times-square.com\/wp-content\/uploads\/2024\/03\/welcome-to-time-square-logo-with-r.png","contentUrl":"https:\/\/welcome-to-times-square.com\/wp-content\/uploads\/2024\/03\/welcome-to-time-square-logo-with-r.png","width":500,"height":342,"caption":"times-square"},"image":{"@id":"https:\/\/welcome-to-times-square.com\/de\/#\/schema\/logo\/image\/"}}]}},"_hostinger_reach_plugin_has_subscription_block":false,"_hostinger_reach_plugin_is_elementor":false,"_links":{"self":[{"href":"https:\/\/welcome-to-times-square.com\/de\/wp-json\/wp\/v2\/pages\/9049","targetHints":{"allow":["GET"]}}],"collection":[{"href":"https:\/\/welcome-to-times-square.com\/de\/wp-json\/wp\/v2\/pages"}],"about":[{"href":"https:\/\/welcome-to-times-square.com\/de\/wp-json\/wp\/v2\/types\/page"}],"author":[{"embeddable":true,"href":"https:\/\/welcome-to-times-square.com\/de\/wp-json\/wp\/v2\/users\/53"}],"replies":[{"embeddable":true,"href":"https:\/\/welcome-to-times-square.com\/de\/wp-json\/wp\/v2\/comments?post=9049"}],"version-history":[{"count":3,"href":"https:\/\/welcome-to-times-square.com\/de\/wp-json\/wp\/v2\/pages\/9049\/revisions"}],"predecessor-version":[{"id":14816,"href":"https:\/\/welcome-to-times-square.com\/de\/wp-json\/wp\/v2\/pages\/9049\/revisions\/14816"}],"wp:attachment":[{"href":"https:\/\/welcome-to-times-square.com\/de\/wp-json\/wp\/v2\/media?parent=9049"}],"curies":[{"name":"wp","href":"https:\/\/api.w.org\/{rel}","templated":true}]}}