{"id":9068,"date":"2022-05-02T21:12:23","date_gmt":"2022-05-02T21:12:23","guid":{"rendered":"https:\/\/welcome-to-times-square.com\/times-square-transformation\/"},"modified":"2025-01-17T12:30:42","modified_gmt":"2025-01-17T12:30:42","slug":"times-square-transformation","status":"publish","type":"page","link":"https:\/\/welcome-to-times-square.com\/de\/times-square-transformation\/","title":{"rendered":"Transformation des Times Square"},"content":{"rendered":"\t\t<div data-elementor-type=\"wp-page\" data-elementor-id=\"9068\" class=\"elementor elementor-9068 elementor-2883\" data-elementor-post-type=\"page\">\n\t\t\t\t<div class=\"elementor-element elementor-element-754e7cb e-flex e-con-boxed e-con e-parent\" data-id=\"754e7cb\" data-element_type=\"container\" data-e-type=\"container\" data-settings=\"{&quot;background_background&quot;:&quot;classic&quot;}\">\n\t\t\t\t\t<div class=\"e-con-inner\">\n\t\t\t\t<div class=\"elementor-element elementor-element-0a58eeb elementor-widget elementor-widget-heading\" data-id=\"0a58eeb\" data-element_type=\"widget\" data-e-type=\"widget\" data-widget_type=\"heading.default\">\n\t\t\t\t<div class=\"elementor-widget-container\">\n\t\t\t\t\t<h2 class=\"elementor-heading-title elementor-size-default\">Transformation des Times Square<\/h2>\t\t\t\t<\/div>\n\t\t\t\t<\/div>\n\t\t\t\t<div class=\"elementor-element elementor-element-24e136b elementor-widget-divider--view-line elementor-widget elementor-widget-divider\" data-id=\"24e136b\" data-element_type=\"widget\" data-e-type=\"widget\" data-widget_type=\"divider.default\">\n\t\t\t\t<div class=\"elementor-widget-container\">\n\t\t\t\t\t\t\t<div class=\"elementor-divider\">\n\t\t\t<span class=\"elementor-divider-separator\">\n\t\t\t\t\t\t<\/span>\n\t\t<\/div>\n\t\t\t\t\t\t<\/div>\n\t\t\t\t<\/div>\n\t\t\t\t<div class=\"elementor-element elementor-element-3d2bc82 elementor-widget elementor-widget-text-editor\" data-id=\"3d2bc82\" data-element_type=\"widget\" data-e-type=\"widget\" data-widget_type=\"text-editor.default\">\n\t\t\t\t<div class=\"elementor-widget-container\">\n\t\t\t\t\t\t\t\t\t<div class=\"vc_row wpb_row vc_row-fluid vc_custom_1652220209371 vc_row-has-fill\">\n<div class=\"wpb_column vc_column_container vc_col-sm-12\">\n<div class=\"vc_column-inner\">\n<div class=\"wpb_wrapper\">\n<div class=\"vc_tta-container\" data-vc-action=\"collapse\">\n<div class=\"vc_general vc_tta vc_tta-tabs vc_tta-color-grey vc_tta-style-classic vc_tta-shape-rounded vc_tta-spacing-1 vc_tta-tabs-position-top vc_tta-controls-align-left\">\n<div class=\"vc_tta-panels-container\">\n<div class=\"vc_tta-panels\">\n<div id=\"1651526543987-0c06fb34-52b8\" class=\"vc_tta-panel vc_active\" data-vc-content=\".vc_tta-panel-body\">\n<div class=\"vc_tta-panel-body\">\n<div class=\"wpb_text_column wpb_content_element \">\n<div class=\"wpb_wrapper\">\n<p>Die Transformation des Times Square ist nach 8 Jahren unter der Leitung des Architekturb\u00fcros Sn\u00f8hetta abgeschlossen. Der Prozess war sehr langwierig und komplex, aber der Geist eines der symboltr\u00e4chtigsten Orte in New York wurde v\u00f6llig ver\u00e4ndert, da er sich von einem der \u00fcberf\u00fclltesten und unertr\u00e4glichsten Orte im Big Apple in einen freundlichen und geselligen \u00f6ffentlichen Raum verwandelte. <\/p>\n<p>Bei der Umgestaltung des Times Square wurden mehr als 930 Quadratmeter Fu\u00dfg\u00e4ngerzone geschaffen. Sn\u00f8hettas Entwurf hat den Broadway-Abschnitt zwischen der 42. und 47. Stra\u00dfe v\u00f6llig neu gestaltet. Es wurden Sitzbereiche, darunter Granitb\u00e4nke, hinzugef\u00fcgt, damit sich die Menschen wohler f\u00fchlen. <\/p>\n<p>Times Square Transformation befindet sich im Herzen des New Yorker Theaterviertels. Der Standort hat seit der Umsetzung des ersten Teils von Sn\u00f8hettas gro\u00dfem Plan im Jahr 2014 bereits erhebliche Auswirkungen auf die \u00f6ffentliche Sicherheit, die Wirtschaftlichkeit und das Benutzererlebnis gehabt. Laut den Architekten sind seitdem die Fu\u00dfg\u00e4ngerunf\u00e4lle um 40 % und die Autounf\u00e4lle um 20 % zur\u00fcckgegangen. Die ikonischen Geb\u00e4ude des Times Square und ihre spektakul\u00e4ren Schilder schaffen einen Au\u00dfenraum im Herzen von Manhattan.  <\/p>\n<p>Das Architekturb\u00fcro Sn\u00f8hetta hat die Umgestaltung des New Yorker Times Square abgeschlossen und damit die Fu\u00dfg\u00e4ngerzone am belebtesten Ort der USA fast verdoppelt. Das Projekt umfasste die st\u00e4dtebauliche Neugestaltung und Landschaftsgestaltung von 2,1 Hektar an der \u201eBowtie\u201c-Kreuzung zwischen Broadway und 7th Avenue in Midtown Manhattan. Mit der Er\u00f6ffnung am 19. wurde die 8 Jahre alte Umgestaltung des Times Square offiziell f\u00fcr abgeschlossen erkl\u00e4rt.  <\/p>\n<p>Das norwegische Unternehmen Sn\u00f8hetta mit einer Tochtergesellschaft in den USA hat einen gro\u00dfen Abschnitt des Broadway zwischen der 42. und 47. Stra\u00dfe neu gestaltet und zwischen jeder Stra\u00dfe f\u00fcnf Pl\u00e4tze geschaffen.<\/p>\n<p>Times Square Transformation 2.1 hat in Midtown Manhattan Platz f\u00fcr Fu\u00dfg\u00e4nger geschaffen und eine notorisch verstopfte Kreuzung in einen \u00f6ffentlichen Raum von Weltklasse verwandelt. Mit subtilen Designgesten im \u00f6ffentlichen Raum integrieren sie wichtige Versorgungs- und Infrastrukturverbesserungen \u00fcber und unter der Erde und verdoppeln gleichzeitig die Fu\u00dfg\u00e4ngerfl\u00e4che auf der Plaza. <\/p>\n<p>Das Design der neuen Times Square Transformation Plazas erm\u00f6glicht es den Menschen, sich nat\u00fcrlich und bequem durch das Zentrum Manhattans zu bewegen. Mit seinen sehr positiven Auswirkungen auf die \u00f6ffentliche Sicherheit, die Luftqualit\u00e4t und die Wirtschaftsleistung ist das Projekt ein Modell daf\u00fcr, wie die sorgf\u00e4ltig durchdachte Gestaltung unserer st\u00e4dtischen Landschaften die Gesundheit und das Wohlbefinden ihrer Benutzer verbessern und einen wichtigen Raum f\u00fcr demokratische Aktivierung bieten kann. Konzipiert als ein Projekt, dessen Erfolg Times Square Transformation nicht nur an seiner neuen \u00c4sthetik, sondern auch an seinen langfristigen physischen, psychologischen und wirtschaftlichen Vorteilen f\u00fcr die lokale und globale Gemeinschaft gemessen werden w\u00fcrde, hat die neue Broadway Plaza den Times Square als zeitgen\u00f6ssische Kulisse f\u00fcr das Spektakel des \u00f6ffentlichen Lebens neu erfunden und seinen Platz im Herzen von New York City wiederbelebt.  <\/p>\n<p>Das New Yorker Verkehrsministerium, das Ministerium f\u00fcr Design und Bau, Sn\u00f8hetta und die Times Square Alliance feiern den Abschluss der Umgestaltung des Times Square, da der neu gestaltete \u201eCrossroads of the World\u201c seine Rolle als B\u00fchne des \u00f6ffentlichen Lebens und des Ausdrucks der Freiheit annimmt.<\/p>\n<p>Mit durchschnittlich \u00fcber 45 Millionen Besuchern pro Jahr ist der Times Square das meistbesuchte Ziel in New York und den Vereinigten Staaten. Nach der Schlie\u00dfung des Broadways f\u00fcr den Verkehr im Jahr 2009 wurde der Platz durch Sn\u00f8hettas Entwurf ger\u00e4umt und dauerhaft zur Fu\u00dfg\u00e4ngerzone gemacht, nachdem die alte Infrastruktur mehrere Jahrzehnte lang \u00fcberf\u00fcllt war. Dar\u00fcber hinaus schuf der Vorschlag gleichzeitig eine einheitliche Grundfl\u00e4che von Geb\u00e4ude zu Geb\u00e4ude. Zehn 15 Meter lange Granitb\u00e4nke erm\u00f6glichen es Fu\u00dfg\u00e4ngern, sich bequemer durch den Bereich zu bewegen, und erg\u00e4nzen die Energie der Lichter und die Spannung der Fassaden.   <\/p>\n<p>Seit seiner Fertigstellung im Jahr 2016 hat sich durch die Times Square Transformation die Fu\u00dfg\u00e4ngerfl\u00e4che im Herzen Manhattans verdoppelt. Das Design hat den Times Square, einen der ber\u00fcchtigtsten \u00fcberf\u00fcllten Pl\u00e4tze New Yorks, in einen radikal offenen \u00f6ffentlichen Platz verwandelt und gleichzeitig entscheidende Verbesserungen an der Geb\u00e4ude- und Veranstaltungsinfrastruktur integriert. \u201eDie Neugestaltung des Times Square, die als Times Square Transformation konzipiert wurde und deren Erfolg nicht nur an seiner neuen \u00c4sthetik, sondern auch an seinen langfristigen physischen, psychologischen und wirtschaftlichen Vorteilen gemessen werden sollte, ist ein Modell daf\u00fcr, wie die Gestaltung unserer st\u00e4dtischen Landschaften die Gesundheit und das Wohlbefinden ihrer Benutzer verbessern und gleichzeitig ein wichtiges Element f\u00fcr \u00f6ffentliche Zusammenk\u00fcnfte bieten kann.\u201c  <\/p>\n<\/div>\n<\/div>\n<\/div>\n<\/div>\n<\/div>\n<\/div>\n<\/div>\n<\/div>\n<\/div>\n<\/div>\n<\/div>\n<\/div>\n\t\t\t\t\t\t\t\t<\/div>\n\t\t\t\t<\/div>\n\t\t\t\t<div class=\"elementor-element elementor-element-dd1ac98 elementor-widget-divider--view-line elementor-widget elementor-widget-divider\" data-id=\"dd1ac98\" data-element_type=\"widget\" data-e-type=\"widget\" data-widget_type=\"divider.default\">\n\t\t\t\t<div class=\"elementor-widget-container\">\n\t\t\t\t\t\t\t<div class=\"elementor-divider\">\n\t\t\t<span class=\"elementor-divider-separator\">\n\t\t\t\t\t\t<\/span>\n\t\t<\/div>\n\t\t\t\t\t\t<\/div>\n\t\t\t\t<\/div>\n\t\t\t\t<div class=\"elementor-element elementor-element-d344346 elementor-widget elementor-widget-text-editor\" data-id=\"d344346\" data-element_type=\"widget\" data-e-type=\"widget\" data-widget_type=\"text-editor.default\">\n\t\t\t\t<div class=\"elementor-widget-container\">\n\t\t\t\t\t\t\t\t\t<p><strong>Wenn Sie auf unserer Plakatwand am Times Square erscheinen m\u00f6chten, gehen Sie bitte zu unserem Abschnitt KONTAKT.<\/strong><\/p>\n<p>Und so funktioniert es:<\/p>\n<p>Ob Geburtstag, Heiratsantrag, Jahrestag oder eine einfache Liebeserkl\u00e4rung \u2013 wir haben das Richtige f\u00fcr Sie. Fallen Sie in der Menge nicht unter! <br \/>Bringen Sie Ihr Foto oder Video auf unsere Plakatwand am Times Square!<\/p>\n<p>Option 1: Ihr 60 Sekunden langes Video\/Foto wird 22 Mal pro Tag angezeigt.<br \/>Option 2: Ihr 30 Sekunden langes Video\/Foto wird 44 Mal pro Tag angezeigt<br \/>Option 3: Ihr 15 Sekunden langes Video\/Foto wird 88 Mal pro Tag angezeigt.<\/p>\n<p>Unsere Plakatwand ist 31ft x55 ft gro\u00df und befindet sich am 1560 Broadway (Broadway und 46th Street direkt \u00fcber dem Pel\u00e9-Gesch\u00e4ft).<\/p>\n<p>Seien Sie kein Gesicht in der Menge!<\/p>\n\t\t\t\t\t\t\t\t<\/div>\n\t\t\t\t<\/div>\n\t\t\t\t\t<\/div>\n\t\t\t\t<\/div>\n\t\t\t\t<\/div>\n\t\t","protected":false},"excerpt":{"rendered":"Transformation des Times Square Die Transformation des Times Square ist nach 8 Jahren unter der Leitung des Architekturb\u00fcros Sn\u00f8hetta abgeschlossen. Der Prozess war sehr langwierig und komplex, aber der Geist eines der symboltr\u00e4chtigsten Orte in New York wurde v\u00f6llig ver\u00e4ndert, da er sich von einem der \u00fcberf\u00fclltesten und unertr\u00e4glichsten Orte im Big Apple in einen [...]<a href=\"https:\/\/welcome-to-times-square.com\/de\/times-square-transformation\/\" class=\"read-more wyz-secondary-color-text\">read more<span class=\"screen-reader-text\">Transformation des Times Square<\/span><\/a>","protected":false},"author":53,"featured_media":0,"parent":0,"menu_order":0,"comment_status":"closed","ping_status":"closed","template":"elementor_header_footer","meta":{"footnotes":""},"class_list":["post-9068","page","type-page","status-publish","hentry"],"yoast_head":"<!-- This site is optimized with the Yoast SEO plugin v27.2 - https:\/\/yoast.com\/product\/yoast-seo-wordpress\/ -->\n<title>Transformation des Times Square - times-square<\/title>\n<meta name=\"robots\" content=\"index, follow, max-snippet:-1, max-image-preview:large, max-video-preview:-1\" \/>\n<link rel=\"canonical\" href=\"https:\/\/welcome-to-times-square.com\/de\/times-square-transformation\/\" \/>\n<meta property=\"og:locale\" content=\"de_DE\" \/>\n<meta property=\"og:type\" content=\"article\" \/>\n<meta property=\"og:title\" content=\"Transformation des Times Square - times-square\" \/>\n<meta property=\"og:description\" content=\"Transformation des Times Square Die Transformation des Times Square ist nach 8 Jahren unter der Leitung des Architekturb\u00fcros Sn\u00f8hetta abgeschlossen. Der Prozess war sehr langwierig und komplex, aber der Geist eines der symboltr\u00e4chtigsten Orte in New York wurde v\u00f6llig ver\u00e4ndert, da er sich von einem der \u00fcberf\u00fclltesten und unertr\u00e4glichsten Orte im Big Apple in einen [...]read moreTransformation des Times Square\" \/>\n<meta property=\"og:url\" content=\"https:\/\/welcome-to-times-square.com\/de\/times-square-transformation\/\" \/>\n<meta property=\"og:site_name\" content=\"times-square\" \/>\n<meta property=\"article:modified_time\" content=\"2025-01-17T12:30:42+00:00\" \/>\n<meta name=\"twitter:card\" content=\"summary_large_image\" \/>\n<meta name=\"twitter:label1\" content=\"Gesch\u00e4tzte Lesezeit\" \/>\n\t<meta name=\"twitter:data1\" content=\"4\u00a0Minuten\" \/>\n<script type=\"application\/ld+json\" class=\"yoast-schema-graph\">{\"@context\":\"https:\/\/schema.org\",\"@graph\":[{\"@type\":\"WebPage\",\"@id\":\"https:\/\/welcome-to-times-square.com\/de\/times-square-transformation\/\",\"url\":\"https:\/\/welcome-to-times-square.com\/de\/times-square-transformation\/\",\"name\":\"Transformation des Times Square - times-square\",\"isPartOf\":{\"@id\":\"https:\/\/welcome-to-times-square.com\/de\/#website\"},\"datePublished\":\"2022-05-02T21:12:23+00:00\",\"dateModified\":\"2025-01-17T12:30:42+00:00\",\"breadcrumb\":{\"@id\":\"https:\/\/welcome-to-times-square.com\/de\/times-square-transformation\/#breadcrumb\"},\"inLanguage\":\"de\",\"potentialAction\":[{\"@type\":\"ReadAction\",\"target\":[\"https:\/\/welcome-to-times-square.com\/de\/times-square-transformation\/\"]}]},{\"@type\":\"BreadcrumbList\",\"@id\":\"https:\/\/welcome-to-times-square.com\/de\/times-square-transformation\/#breadcrumb\",\"itemListElement\":[{\"@type\":\"ListItem\",\"position\":1,\"name\":\"Home\",\"item\":\"https:\/\/welcome-to-times-square.com\/de\/\"},{\"@type\":\"ListItem\",\"position\":2,\"name\":\"Transformation des Times Square\"}]},{\"@type\":\"WebSite\",\"@id\":\"https:\/\/welcome-to-times-square.com\/de\/#website\",\"url\":\"https:\/\/welcome-to-times-square.com\/de\/\",\"name\":\"times-square\",\"description\":\"times-square\",\"publisher\":{\"@id\":\"https:\/\/welcome-to-times-square.com\/de\/#organization\"},\"potentialAction\":[{\"@type\":\"SearchAction\",\"target\":{\"@type\":\"EntryPoint\",\"urlTemplate\":\"https:\/\/welcome-to-times-square.com\/de\/?s={search_term_string}\"},\"query-input\":{\"@type\":\"PropertyValueSpecification\",\"valueRequired\":true,\"valueName\":\"search_term_string\"}}],\"inLanguage\":\"de\"},{\"@type\":\"Organization\",\"@id\":\"https:\/\/welcome-to-times-square.com\/de\/#organization\",\"name\":\"times-square\",\"url\":\"https:\/\/welcome-to-times-square.com\/de\/\",\"logo\":{\"@type\":\"ImageObject\",\"inLanguage\":\"de\",\"@id\":\"https:\/\/welcome-to-times-square.com\/de\/#\/schema\/logo\/image\/\",\"url\":\"https:\/\/welcome-to-times-square.com\/wp-content\/uploads\/2024\/03\/welcome-to-time-square-logo-with-r.png\",\"contentUrl\":\"https:\/\/welcome-to-times-square.com\/wp-content\/uploads\/2024\/03\/welcome-to-time-square-logo-with-r.png\",\"width\":500,\"height\":342,\"caption\":\"times-square\"},\"image\":{\"@id\":\"https:\/\/welcome-to-times-square.com\/de\/#\/schema\/logo\/image\/\"}}]}<\/script>\n<!-- \/ Yoast SEO plugin. -->","yoast_head_json":{"title":"Transformation des Times Square - times-square","robots":{"index":"index","follow":"follow","max-snippet":"max-snippet:-1","max-image-preview":"max-image-preview:large","max-video-preview":"max-video-preview:-1"},"canonical":"https:\/\/welcome-to-times-square.com\/de\/times-square-transformation\/","og_locale":"de_DE","og_type":"article","og_title":"Transformation des Times Square - times-square","og_description":"Transformation des Times Square Die Transformation des Times Square ist nach 8 Jahren unter der Leitung des Architekturb\u00fcros Sn\u00f8hetta abgeschlossen. Der Prozess war sehr langwierig und komplex, aber der Geist eines der symboltr\u00e4chtigsten Orte in New York wurde v\u00f6llig ver\u00e4ndert, da er sich von einem der \u00fcberf\u00fclltesten und unertr\u00e4glichsten Orte im Big Apple in einen [...]read moreTransformation des Times Square","og_url":"https:\/\/welcome-to-times-square.com\/de\/times-square-transformation\/","og_site_name":"times-square","article_modified_time":"2025-01-17T12:30:42+00:00","twitter_card":"summary_large_image","twitter_misc":{"Gesch\u00e4tzte Lesezeit":"4\u00a0Minuten"},"schema":{"@context":"https:\/\/schema.org","@graph":[{"@type":"WebPage","@id":"https:\/\/welcome-to-times-square.com\/de\/times-square-transformation\/","url":"https:\/\/welcome-to-times-square.com\/de\/times-square-transformation\/","name":"Transformation des Times Square - times-square","isPartOf":{"@id":"https:\/\/welcome-to-times-square.com\/de\/#website"},"datePublished":"2022-05-02T21:12:23+00:00","dateModified":"2025-01-17T12:30:42+00:00","breadcrumb":{"@id":"https:\/\/welcome-to-times-square.com\/de\/times-square-transformation\/#breadcrumb"},"inLanguage":"de","potentialAction":[{"@type":"ReadAction","target":["https:\/\/welcome-to-times-square.com\/de\/times-square-transformation\/"]}]},{"@type":"BreadcrumbList","@id":"https:\/\/welcome-to-times-square.com\/de\/times-square-transformation\/#breadcrumb","itemListElement":[{"@type":"ListItem","position":1,"name":"Home","item":"https:\/\/welcome-to-times-square.com\/de\/"},{"@type":"ListItem","position":2,"name":"Transformation des Times Square"}]},{"@type":"WebSite","@id":"https:\/\/welcome-to-times-square.com\/de\/#website","url":"https:\/\/welcome-to-times-square.com\/de\/","name":"times-square","description":"times-square","publisher":{"@id":"https:\/\/welcome-to-times-square.com\/de\/#organization"},"potentialAction":[{"@type":"SearchAction","target":{"@type":"EntryPoint","urlTemplate":"https:\/\/welcome-to-times-square.com\/de\/?s={search_term_string}"},"query-input":{"@type":"PropertyValueSpecification","valueRequired":true,"valueName":"search_term_string"}}],"inLanguage":"de"},{"@type":"Organization","@id":"https:\/\/welcome-to-times-square.com\/de\/#organization","name":"times-square","url":"https:\/\/welcome-to-times-square.com\/de\/","logo":{"@type":"ImageObject","inLanguage":"de","@id":"https:\/\/welcome-to-times-square.com\/de\/#\/schema\/logo\/image\/","url":"https:\/\/welcome-to-times-square.com\/wp-content\/uploads\/2024\/03\/welcome-to-time-square-logo-with-r.png","contentUrl":"https:\/\/welcome-to-times-square.com\/wp-content\/uploads\/2024\/03\/welcome-to-time-square-logo-with-r.png","width":500,"height":342,"caption":"times-square"},"image":{"@id":"https:\/\/welcome-to-times-square.com\/de\/#\/schema\/logo\/image\/"}}]}},"_hostinger_reach_plugin_has_subscription_block":false,"_hostinger_reach_plugin_is_elementor":false,"_links":{"self":[{"href":"https:\/\/welcome-to-times-square.com\/de\/wp-json\/wp\/v2\/pages\/9068","targetHints":{"allow":["GET"]}}],"collection":[{"href":"https:\/\/welcome-to-times-square.com\/de\/wp-json\/wp\/v2\/pages"}],"about":[{"href":"https:\/\/welcome-to-times-square.com\/de\/wp-json\/wp\/v2\/types\/page"}],"author":[{"embeddable":true,"href":"https:\/\/welcome-to-times-square.com\/de\/wp-json\/wp\/v2\/users\/53"}],"replies":[{"embeddable":true,"href":"https:\/\/welcome-to-times-square.com\/de\/wp-json\/wp\/v2\/comments?post=9068"}],"version-history":[{"count":2,"href":"https:\/\/welcome-to-times-square.com\/de\/wp-json\/wp\/v2\/pages\/9068\/revisions"}],"predecessor-version":[{"id":9077,"href":"https:\/\/welcome-to-times-square.com\/de\/wp-json\/wp\/v2\/pages\/9068\/revisions\/9077"}],"wp:attachment":[{"href":"https:\/\/welcome-to-times-square.com\/de\/wp-json\/wp\/v2\/media?parent=9068"}],"curies":[{"name":"wp","href":"https:\/\/api.w.org\/{rel}","templated":true}]}}