{"id":9163,"date":"2022-05-02T21:10:06","date_gmt":"2022-05-02T21:10:06","guid":{"rendered":"https:\/\/welcome-to-times-square.com\/live-work\/"},"modified":"2025-01-17T13:05:48","modified_gmt":"2025-01-17T13:05:48","slug":"live-work","status":"publish","type":"page","link":"https:\/\/welcome-to-times-square.com\/de\/live-work\/","title":{"rendered":"Leben und Arbeiten in NYC"},"content":{"rendered":"\t\t<div data-elementor-type=\"wp-page\" data-elementor-id=\"9163\" class=\"elementor elementor-9163 elementor-2882\" data-elementor-post-type=\"page\">\n\t\t\t\t<div class=\"elementor-element elementor-element-e4fa080 e-flex e-con-boxed e-con e-parent\" data-id=\"e4fa080\" data-element_type=\"container\" data-e-type=\"container\" data-settings=\"{&quot;background_background&quot;:&quot;classic&quot;}\">\n\t\t\t\t\t<div class=\"e-con-inner\">\n\t\t\t\t<div class=\"elementor-element elementor-element-6544198 elementor-widget elementor-widget-heading\" data-id=\"6544198\" data-element_type=\"widget\" data-e-type=\"widget\" data-widget_type=\"heading.default\">\n\t\t\t\t<div class=\"elementor-widget-container\">\n\t\t\t\t\t<h2 class=\"elementor-heading-title elementor-size-default\">Leben und Arbeiten in NYC<\/h2>\t\t\t\t<\/div>\n\t\t\t\t<\/div>\n\t\t\t\t<div class=\"elementor-element elementor-element-d8f4a4b elementor-widget-divider--view-line elementor-widget elementor-widget-divider\" data-id=\"d8f4a4b\" data-element_type=\"widget\" data-e-type=\"widget\" data-widget_type=\"divider.default\">\n\t\t\t\t<div class=\"elementor-widget-container\">\n\t\t\t\t\t\t\t<div class=\"elementor-divider\">\n\t\t\t<span class=\"elementor-divider-separator\">\n\t\t\t\t\t\t<\/span>\n\t\t<\/div>\n\t\t\t\t\t\t<\/div>\n\t\t\t\t<\/div>\n\t\t\t\t<div class=\"elementor-element elementor-element-48af05e elementor-widget elementor-widget-text-editor\" data-id=\"48af05e\" data-element_type=\"widget\" data-e-type=\"widget\" data-widget_type=\"text-editor.default\">\n\t\t\t\t<div class=\"elementor-widget-container\">\n\t\t\t\t\t\t\t\t\t<div class=\"vc_row wpb_row vc_row-fluid vc_custom_1652220423392 vc_row-has-fill\">\n<div class=\"wpb_column vc_column_container vc_col-sm-12\">\n<div class=\"vc_column-inner\">\n<div class=\"wpb_wrapper\">\n<div class=\"vc_tta-container\" data-vc-action=\"collapse\">\n<div class=\"vc_general vc_tta vc_tta-tabs vc_tta-color-grey vc_tta-style-classic vc_tta-shape-rounded vc_tta-spacing-1 vc_tta-tabs-position-top vc_tta-controls-align-left\">\n<div class=\"vc_tta-panels-container\">\n<div class=\"vc_tta-panels\">\n<div id=\"1651526539539-451fae82-432e\" class=\"vc_tta-panel vc_active\" data-vc-content=\".vc_tta-panel-body\">\n<div class=\"vc_tta-panel-body\">\n<div class=\"wpb_text_column wpb_content_element \">\n<div class=\"wpb_wrapper\">\n<p>Times Square ist das Zentrum der Stadt New York, das die k\u00fcnstlerischen, kreativen, popul\u00e4ren und vielf\u00e4ltigen Kulturen der Stadt einf\u00e4ngt und feiert, an der Millionen von Touristen vorbeiziehen und die beeindruckenden LED-Lichter bewundern. Es ist die Heimat von mehr als 5.800 Einwohnern und weiteren 172.000 B\u00fcroangestellten, die pendeln. Mit einer gro\u00dfen Auswahl an Restaurants und Einkaufsm\u00f6glichkeiten ist hier f\u00fcr jeden etwas dabei und es wird ein einzigartiges Serviceangebot geboten. Das Crossroads-Programm, das kostenlose Leistungsprogramm von Alliance, bietet Ihnen exklusiven Zugang zu Angeboten, Veranstaltungen und Insiderinformationen f\u00fcr die Nachbarschaft zum Leben und Arbeiten. Und Neighborhood Resources bietet Informationen zum Zugriff auf eine Vielzahl von st\u00e4dtischen Ressourcen und mehr, einschlie\u00dflich der M\u00f6glichkeit, 311-Anfragen oder Beschwerden zur Lebensqualit\u00e4t zu stellen.   <\/p>\n<p>Um Wohnungen in New York zu mieten, m\u00fcssen Sie nachweisen, dass Ihr Jahresgehalt das 40- oder 45-fache des Mietpreises der Immobilie betr\u00e4gt. Sie werden sicherstellen, dass Sie die Zahlung leisten k\u00f6nnen, indem sie Ihren Vertrag und Ihre Gehaltsabrechnung \u00fcberpr\u00fcfen. Normalerweise f\u00fchren sie zus\u00e4tzliche \u00dcberpr\u00fcfungen durch oder kontaktieren Personen, die f\u00fcr Sie b\u00fcrgen k\u00f6nnen. Insgesamt m\u00fcssen Sie drei Monate im Voraus bezahlen: einen Monat f\u00fcr die Kaution, den ersten Monat der Miete und den letzten.   <\/p>\n<p>Um mit der Suche nach einer Mietwohnung zu beginnen, ist der beste Zeitpunkt zwischen 4 und 8 Wochen vor dem Umzug. In der Regel werden Einjahresvertr\u00e4ge angeboten, jedoch nie mehr als zwei. <\/p>\n<p>Es gibt verschiedene M\u00f6glichkeiten, eine Wohnung in der Stadt zu finden. Sie k\u00f6nnen sich an eine Agentur wenden, Google verwenden, die Kleinanzeigen auf Craigslist durchsehen oder auf eines dieser \u201eZu vermieten\u201c-Schilder an den Fassaden der Geb\u00e4ude antworten. Die letzten beiden Optionen sind weniger restriktiv und k\u00f6nnen einfachere Alternativen sein, aber seien Sie vorsichtig mit Betr\u00fcgereien. F\u00fcr k\u00fcrzere Aufenthalte (ein paar Monate) k\u00f6nnen Sie sich Airbnb ansehen. Vergessen Sie nicht, dass Sie, wenn Sie \u00fcber einen Immobilienmakler nach einer Wohnung suchen, eine Monatsmiete als Provision f\u00fcr dessen Dienste zahlen m\u00fcssen.   <\/p>\n<p>Um in New York zu leben und zu arbeiten, ben\u00f6tigen Sie ein Arbeitsvisum oder eine Green Card, die nur von den entsprechenden Beh\u00f6rden (in diesem Fall der US-Botschaft oder dem Konsulat in dem Land, in dem Sie wohnen) vor der Einreise in die USA ausgestellt werden kann. USA Sie ben\u00f6tigen ein in den USA ans\u00e4ssiges Unternehmen, das Sie sponsert. Das hei\u00dft, wenn Sie sich bei einem US-Unternehmen um eine Stelle bewerben, muss dieses Ihren Visumsantrag in New York sponsern. Ohne Sponsor ist es schwierig, in den USA eine Stelle zu bekommen.   <\/p>\n<p>Eine weitere M\u00f6glichkeit, ein Visum zu erhalten, das Ihnen erlaubt, in den USA zu leben und zu arbeiten, ist die Green Card Lotterie. Die US-Regierung vergibt j\u00e4hrlich 50.000 Einwanderungsvisa. Alternativ k\u00f6nnen Sie in den USA ein eigenes Unternehmen gr\u00fcnden, aber bedenken Sie, dass Sie daf\u00fcr viel Kapital ben\u00f6tigen.  <\/p>\n<p>Die Lebens- und Arbeitskosten in New York sind hoch. New York ist eine teure Stadt, daher kann es n\u00fctzlich sein, ungef\u00e4hr zu wissen, wie viel Sie pro Monat ausgeben werden. <\/p>\n<p>Ein preisg\u00fcnstiges Studio kostet in Manhattan etwa 2.100 Dollar im Monat, eine Einzimmerwohnung zwischen 2.700 und 3.000 Dollar. In Brooklyn ist es schwierig, ein Studio f\u00fcr weniger als 1.500 Dollar zu finden. In New York teilen sich viele Menschen ein Haus zum Wohnen und Arbeiten. Wenn Sie diese Option nutzen, zahlen Sie zwischen 800 und 1.000 Dollar f\u00fcr ein Zimmer in einer Wohngemeinschaft in Queens oder Brooklyn.  <\/p>\n<p>Zur Miete kommen noch die Kosten f\u00fcr Gas und Strom hinzu, die normalerweise weitere 100-200 Dollar im Monat ausmachen. Um in die Stadt zu ziehen, braucht man au\u00dferdem ein Mobiltelefon, und die g\u00fcnstigsten Vertr\u00e4ge kosten zwischen 40 und 80 Dollar. Wenn Sie auch Zugang zum Internet haben m\u00f6chten, ist es gut m\u00f6glich, dass Sie am Ende etwa 120 Dollar im Monat bezahlen.  <\/p>\n<p>Eine weitere Sache, die Sie unbedingt brauchen, um herumzukommen, ist eine MetroCard. Eine 30-Tage-Karte kostet 127 $ und Sie k\u00f6nnen unbegrenzt mit der U-Bahn und den Stadtbussen fahren. <\/p>\n<p>Der Einkaufskorb kann auch teuer sein, aber das h\u00e4ngt stark von jeder Person und der Gegend ab, in der er aufgestellt wird. In Manhattan sind Superm\u00e4rkte tendenziell teuer. Manchmal kann Essen zum Mitnehmen billiger sein als der Einkauf im Laden. Ein asiatisches Essen zum Mitnehmen kann Sie 6 Dollar kosten und Sie haben oft genug zu essen f\u00fcr den n\u00e4chsten Tag. Sch\u00e4tzen Sie, dass Sie pro Woche und Kopf etwa 50-100 Dollar f\u00fcr Lebensmitteleink\u00e4ufe ausgeben werden. Was nicht enthalten ist, ist die Krankenversicherung, und zwar aus gutem Grund: Sie ist sehr pers\u00f6nlich. Wenn die Person plant, nur ein paar Monate in New York zu bleiben, kann die nationale Versicherung die Kosten \u00fcbernehmen. Wenn die Person in New York arbeitet, kann das Unternehmen, bei dem sie besch\u00e4ftigt ist, einen Beitrag zur Krankenversicherung leisten, aber nicht alle tun dies. Die Kosten f\u00fcr medizinische Leistungen in den Vereinigten Staaten sind sehr hoch, daher m\u00fcssen Sie sicherstellen, dass diese w\u00e4hrend Ihres Aufenthalts gedeckt sind, um ihn ohne Sorgen genie\u00dfen zu k\u00f6nnen.        <\/p>\n<\/div>\n<\/div>\n<\/div>\n<\/div>\n<\/div>\n<\/div>\n<\/div>\n<\/div>\n<\/div>\n<\/div>\n<\/div>\n<\/div>\n\t\t\t\t\t\t\t\t<\/div>\n\t\t\t\t<\/div>\n\t\t\t\t<div class=\"elementor-element elementor-element-73ce83c elementor-widget-divider--view-line elementor-widget elementor-widget-divider\" data-id=\"73ce83c\" data-element_type=\"widget\" data-e-type=\"widget\" data-widget_type=\"divider.default\">\n\t\t\t\t<div class=\"elementor-widget-container\">\n\t\t\t\t\t\t\t<div class=\"elementor-divider\">\n\t\t\t<span class=\"elementor-divider-separator\">\n\t\t\t\t\t\t<\/span>\n\t\t<\/div>\n\t\t\t\t\t\t<\/div>\n\t\t\t\t<\/div>\n\t\t\t\t<div class=\"elementor-element elementor-element-adc2672 elementor-widget elementor-widget-text-editor\" data-id=\"adc2672\" data-element_type=\"widget\" data-e-type=\"widget\" data-widget_type=\"text-editor.default\">\n\t\t\t\t<div class=\"elementor-widget-container\">\n\t\t\t\t\t\t\t\t\t<p><strong>Wenn Sie auf unserer Plakatwand am Times Square erscheinen m\u00f6chten, gehen Sie bitte zu unserem Abschnitt KONTAKT.<\/strong><\/p>\n<p>Und so funktioniert es:<\/p>\n<p>Ob Geburtstag, Heiratsantrag, Jahrestag oder eine einfache Liebeserkl\u00e4rung \u2013 wir haben das Richtige f\u00fcr Sie. Fallen Sie in der Menge nicht unter! <br \/>Bringen Sie Ihr Foto oder Video auf unsere Plakatwand am Times Square!<\/p>\n<p>Option 1: Ihr 60 Sekunden langes Video\/Foto wird 22 Mal pro Tag angezeigt.<br \/>Option 2: Ihr 30 Sekunden langes Video\/Foto wird 44 Mal pro Tag angezeigt<br \/>Option 3: Ihr 15 Sekunden langes Video\/Foto wird 88 Mal pro Tag angezeigt.<\/p>\n<p>Unsere Plakatwand ist 31ft x55 ft gro\u00df und befindet sich am 1560 Broadway (Broadway und 46th Street direkt \u00fcber dem Pel\u00e9-Gesch\u00e4ft).<\/p>\n<p>Seien Sie kein Gesicht in der Menge!<\/p>\n\t\t\t\t\t\t\t\t<\/div>\n\t\t\t\t<\/div>\n\t\t\t\t<div class=\"elementor-element elementor-element-a267a0f elementor-widget elementor-widget-image\" data-id=\"a267a0f\" data-element_type=\"widget\" data-e-type=\"widget\" data-widget_type=\"image.default\">\n\t\t\t\t<div class=\"elementor-widget-container\">\n\t\t\t\t\t\t\t\t\t\t\t\t\t\t\t<img fetchpriority=\"high\" decoding=\"async\" width=\"1024\" height=\"613\" src=\"https:\/\/welcome-to-times-square.com\/wp-content\/uploads\/2022\/05\/Live-and-Work-in-NYC-1024x613.png\" class=\"attachment-large size-large wp-image-6238\" alt=\"\" srcset=\"https:\/\/welcome-to-times-square.com\/wp-content\/uploads\/2022\/05\/Live-and-Work-in-NYC-1024x613.png 1024w, https:\/\/welcome-to-times-square.com\/wp-content\/uploads\/2022\/05\/Live-and-Work-in-NYC-600x359.png 600w, https:\/\/welcome-to-times-square.com\/wp-content\/uploads\/2022\/05\/Live-and-Work-in-NYC-300x179.png 300w, https:\/\/welcome-to-times-square.com\/wp-content\/uploads\/2022\/05\/Live-and-Work-in-NYC-768x459.png 768w, https:\/\/welcome-to-times-square.com\/wp-content\/uploads\/2022\/05\/Live-and-Work-in-NYC-1536x919.png 1536w, https:\/\/welcome-to-times-square.com\/wp-content\/uploads\/2022\/05\/Live-and-Work-in-NYC.png 1648w\" sizes=\"(max-width: 1024px) 100vw, 1024px\" \/>\t\t\t\t\t\t\t\t\t\t\t\t\t\t\t<\/div>\n\t\t\t\t<\/div>\n\t\t\t\t\t<\/div>\n\t\t\t\t<\/div>\n\t\t\t\t<\/div>\n\t\t","protected":false},"excerpt":{"rendered":"Leben und Arbeiten in NYC Times Square ist das Zentrum der Stadt New York, das die k\u00fcnstlerischen, kreativen, popul\u00e4ren und vielf\u00e4ltigen Kulturen der Stadt einf\u00e4ngt und feiert, an der Millionen von Touristen vorbeiziehen und die beeindruckenden LED-Lichter bewundern. Es ist die Heimat von mehr als 5.800 Einwohnern und weiteren 172.000 B\u00fcroangestellten, die pendeln. Mit einer [...]<a href=\"https:\/\/welcome-to-times-square.com\/de\/live-work\/\" class=\"read-more wyz-secondary-color-text\">read more<span class=\"screen-reader-text\">Leben und Arbeiten in NYC<\/span><\/a>","protected":false},"author":53,"featured_media":0,"parent":0,"menu_order":0,"comment_status":"closed","ping_status":"closed","template":"elementor_header_footer","meta":{"footnotes":""},"class_list":["post-9163","page","type-page","status-publish","hentry"],"yoast_head":"<!-- This site is optimized with the Yoast SEO plugin v27.2 - https:\/\/yoast.com\/product\/yoast-seo-wordpress\/ -->\n<title>Leben und Arbeiten in NYC - times-square<\/title>\n<meta name=\"robots\" content=\"index, follow, max-snippet:-1, max-image-preview:large, max-video-preview:-1\" \/>\n<link rel=\"canonical\" href=\"https:\/\/welcome-to-times-square.com\/de\/live-work\/\" \/>\n<meta property=\"og:locale\" content=\"de_DE\" \/>\n<meta property=\"og:type\" content=\"article\" \/>\n<meta property=\"og:title\" content=\"Leben und Arbeiten in NYC - times-square\" \/>\n<meta property=\"og:description\" content=\"Leben und Arbeiten in NYC Times Square ist das Zentrum der Stadt New York, das die k\u00fcnstlerischen, kreativen, popul\u00e4ren und vielf\u00e4ltigen Kulturen der Stadt einf\u00e4ngt und feiert, an der Millionen von Touristen vorbeiziehen und die beeindruckenden LED-Lichter bewundern. Es ist die Heimat von mehr als 5.800 Einwohnern und weiteren 172.000 B\u00fcroangestellten, die pendeln. Mit einer [...]read moreLeben und Arbeiten in NYC\" \/>\n<meta property=\"og:url\" content=\"https:\/\/welcome-to-times-square.com\/de\/live-work\/\" \/>\n<meta property=\"og:site_name\" content=\"times-square\" \/>\n<meta property=\"article:modified_time\" content=\"2025-01-17T13:05:48+00:00\" \/>\n<meta property=\"og:image\" content=\"https:\/\/welcome-to-times-square.com\/wp-content\/uploads\/2022\/05\/Live-and-Work-in-NYC-1024x613.png\" \/>\n\t<meta property=\"og:image:width\" content=\"1024\" \/>\n\t<meta property=\"og:image:height\" content=\"613\" \/>\n\t<meta property=\"og:image:type\" content=\"image\/png\" \/>\n<meta name=\"twitter:card\" content=\"summary_large_image\" \/>\n<meta name=\"twitter:label1\" content=\"Gesch\u00e4tzte Lesezeit\" \/>\n\t<meta name=\"twitter:data1\" content=\"5\u00a0Minuten\" \/>\n<script type=\"application\/ld+json\" class=\"yoast-schema-graph\">{\"@context\":\"https:\/\/schema.org\",\"@graph\":[{\"@type\":\"WebPage\",\"@id\":\"https:\/\/welcome-to-times-square.com\/de\/live-work\/\",\"url\":\"https:\/\/welcome-to-times-square.com\/de\/live-work\/\",\"name\":\"Leben und Arbeiten in NYC - times-square\",\"isPartOf\":{\"@id\":\"https:\/\/welcome-to-times-square.com\/de\/#website\"},\"primaryImageOfPage\":{\"@id\":\"https:\/\/welcome-to-times-square.com\/de\/live-work\/#primaryimage\"},\"image\":{\"@id\":\"https:\/\/welcome-to-times-square.com\/de\/live-work\/#primaryimage\"},\"thumbnailUrl\":\"https:\/\/welcome-to-times-square.com\/wp-content\/uploads\/2022\/05\/Live-and-Work-in-NYC-1024x613.png\",\"datePublished\":\"2022-05-02T21:10:06+00:00\",\"dateModified\":\"2025-01-17T13:05:48+00:00\",\"breadcrumb\":{\"@id\":\"https:\/\/welcome-to-times-square.com\/de\/live-work\/#breadcrumb\"},\"inLanguage\":\"de\",\"potentialAction\":[{\"@type\":\"ReadAction\",\"target\":[\"https:\/\/welcome-to-times-square.com\/de\/live-work\/\"]}]},{\"@type\":\"ImageObject\",\"inLanguage\":\"de\",\"@id\":\"https:\/\/welcome-to-times-square.com\/de\/live-work\/#primaryimage\",\"url\":\"https:\/\/welcome-to-times-square.com\/wp-content\/uploads\/2022\/05\/Live-and-Work-in-NYC-1024x613.png\",\"contentUrl\":\"https:\/\/welcome-to-times-square.com\/wp-content\/uploads\/2022\/05\/Live-and-Work-in-NYC-1024x613.png\"},{\"@type\":\"BreadcrumbList\",\"@id\":\"https:\/\/welcome-to-times-square.com\/de\/live-work\/#breadcrumb\",\"itemListElement\":[{\"@type\":\"ListItem\",\"position\":1,\"name\":\"Home\",\"item\":\"https:\/\/welcome-to-times-square.com\/de\/\"},{\"@type\":\"ListItem\",\"position\":2,\"name\":\"Leben und Arbeiten in NYC\"}]},{\"@type\":\"WebSite\",\"@id\":\"https:\/\/welcome-to-times-square.com\/de\/#website\",\"url\":\"https:\/\/welcome-to-times-square.com\/de\/\",\"name\":\"times-square\",\"description\":\"times-square\",\"publisher\":{\"@id\":\"https:\/\/welcome-to-times-square.com\/de\/#organization\"},\"potentialAction\":[{\"@type\":\"SearchAction\",\"target\":{\"@type\":\"EntryPoint\",\"urlTemplate\":\"https:\/\/welcome-to-times-square.com\/de\/?s={search_term_string}\"},\"query-input\":{\"@type\":\"PropertyValueSpecification\",\"valueRequired\":true,\"valueName\":\"search_term_string\"}}],\"inLanguage\":\"de\"},{\"@type\":\"Organization\",\"@id\":\"https:\/\/welcome-to-times-square.com\/de\/#organization\",\"name\":\"times-square\",\"url\":\"https:\/\/welcome-to-times-square.com\/de\/\",\"logo\":{\"@type\":\"ImageObject\",\"inLanguage\":\"de\",\"@id\":\"https:\/\/welcome-to-times-square.com\/de\/#\/schema\/logo\/image\/\",\"url\":\"https:\/\/welcome-to-times-square.com\/wp-content\/uploads\/2024\/03\/welcome-to-time-square-logo-with-r.png\",\"contentUrl\":\"https:\/\/welcome-to-times-square.com\/wp-content\/uploads\/2024\/03\/welcome-to-time-square-logo-with-r.png\",\"width\":500,\"height\":342,\"caption\":\"times-square\"},\"image\":{\"@id\":\"https:\/\/welcome-to-times-square.com\/de\/#\/schema\/logo\/image\/\"}}]}<\/script>\n<!-- \/ Yoast SEO plugin. -->","yoast_head_json":{"title":"Leben und Arbeiten in NYC - times-square","robots":{"index":"index","follow":"follow","max-snippet":"max-snippet:-1","max-image-preview":"max-image-preview:large","max-video-preview":"max-video-preview:-1"},"canonical":"https:\/\/welcome-to-times-square.com\/de\/live-work\/","og_locale":"de_DE","og_type":"article","og_title":"Leben und Arbeiten in NYC - times-square","og_description":"Leben und Arbeiten in NYC Times Square ist das Zentrum der Stadt New York, das die k\u00fcnstlerischen, kreativen, popul\u00e4ren und vielf\u00e4ltigen Kulturen der Stadt einf\u00e4ngt und feiert, an der Millionen von Touristen vorbeiziehen und die beeindruckenden LED-Lichter bewundern. Es ist die Heimat von mehr als 5.800 Einwohnern und weiteren 172.000 B\u00fcroangestellten, die pendeln. Mit einer [...]read moreLeben und Arbeiten in NYC","og_url":"https:\/\/welcome-to-times-square.com\/de\/live-work\/","og_site_name":"times-square","article_modified_time":"2025-01-17T13:05:48+00:00","og_image":[{"width":1024,"height":613,"url":"https:\/\/welcome-to-times-square.com\/wp-content\/uploads\/2022\/05\/Live-and-Work-in-NYC-1024x613.png","type":"image\/png"}],"twitter_card":"summary_large_image","twitter_misc":{"Gesch\u00e4tzte Lesezeit":"5\u00a0Minuten"},"schema":{"@context":"https:\/\/schema.org","@graph":[{"@type":"WebPage","@id":"https:\/\/welcome-to-times-square.com\/de\/live-work\/","url":"https:\/\/welcome-to-times-square.com\/de\/live-work\/","name":"Leben und Arbeiten in NYC - times-square","isPartOf":{"@id":"https:\/\/welcome-to-times-square.com\/de\/#website"},"primaryImageOfPage":{"@id":"https:\/\/welcome-to-times-square.com\/de\/live-work\/#primaryimage"},"image":{"@id":"https:\/\/welcome-to-times-square.com\/de\/live-work\/#primaryimage"},"thumbnailUrl":"https:\/\/welcome-to-times-square.com\/wp-content\/uploads\/2022\/05\/Live-and-Work-in-NYC-1024x613.png","datePublished":"2022-05-02T21:10:06+00:00","dateModified":"2025-01-17T13:05:48+00:00","breadcrumb":{"@id":"https:\/\/welcome-to-times-square.com\/de\/live-work\/#breadcrumb"},"inLanguage":"de","potentialAction":[{"@type":"ReadAction","target":["https:\/\/welcome-to-times-square.com\/de\/live-work\/"]}]},{"@type":"ImageObject","inLanguage":"de","@id":"https:\/\/welcome-to-times-square.com\/de\/live-work\/#primaryimage","url":"https:\/\/welcome-to-times-square.com\/wp-content\/uploads\/2022\/05\/Live-and-Work-in-NYC-1024x613.png","contentUrl":"https:\/\/welcome-to-times-square.com\/wp-content\/uploads\/2022\/05\/Live-and-Work-in-NYC-1024x613.png"},{"@type":"BreadcrumbList","@id":"https:\/\/welcome-to-times-square.com\/de\/live-work\/#breadcrumb","itemListElement":[{"@type":"ListItem","position":1,"name":"Home","item":"https:\/\/welcome-to-times-square.com\/de\/"},{"@type":"ListItem","position":2,"name":"Leben und Arbeiten in NYC"}]},{"@type":"WebSite","@id":"https:\/\/welcome-to-times-square.com\/de\/#website","url":"https:\/\/welcome-to-times-square.com\/de\/","name":"times-square","description":"times-square","publisher":{"@id":"https:\/\/welcome-to-times-square.com\/de\/#organization"},"potentialAction":[{"@type":"SearchAction","target":{"@type":"EntryPoint","urlTemplate":"https:\/\/welcome-to-times-square.com\/de\/?s={search_term_string}"},"query-input":{"@type":"PropertyValueSpecification","valueRequired":true,"valueName":"search_term_string"}}],"inLanguage":"de"},{"@type":"Organization","@id":"https:\/\/welcome-to-times-square.com\/de\/#organization","name":"times-square","url":"https:\/\/welcome-to-times-square.com\/de\/","logo":{"@type":"ImageObject","inLanguage":"de","@id":"https:\/\/welcome-to-times-square.com\/de\/#\/schema\/logo\/image\/","url":"https:\/\/welcome-to-times-square.com\/wp-content\/uploads\/2024\/03\/welcome-to-time-square-logo-with-r.png","contentUrl":"https:\/\/welcome-to-times-square.com\/wp-content\/uploads\/2024\/03\/welcome-to-time-square-logo-with-r.png","width":500,"height":342,"caption":"times-square"},"image":{"@id":"https:\/\/welcome-to-times-square.com\/de\/#\/schema\/logo\/image\/"}}]}},"_hostinger_reach_plugin_has_subscription_block":false,"_hostinger_reach_plugin_is_elementor":false,"_links":{"self":[{"href":"https:\/\/welcome-to-times-square.com\/de\/wp-json\/wp\/v2\/pages\/9163","targetHints":{"allow":["GET"]}}],"collection":[{"href":"https:\/\/welcome-to-times-square.com\/de\/wp-json\/wp\/v2\/pages"}],"about":[{"href":"https:\/\/welcome-to-times-square.com\/de\/wp-json\/wp\/v2\/types\/page"}],"author":[{"embeddable":true,"href":"https:\/\/welcome-to-times-square.com\/de\/wp-json\/wp\/v2\/users\/53"}],"replies":[{"embeddable":true,"href":"https:\/\/welcome-to-times-square.com\/de\/wp-json\/wp\/v2\/comments?post=9163"}],"version-history":[{"count":2,"href":"https:\/\/welcome-to-times-square.com\/de\/wp-json\/wp\/v2\/pages\/9163\/revisions"}],"predecessor-version":[{"id":9173,"href":"https:\/\/welcome-to-times-square.com\/de\/wp-json\/wp\/v2\/pages\/9163\/revisions\/9173"}],"wp:attachment":[{"href":"https:\/\/welcome-to-times-square.com\/de\/wp-json\/wp\/v2\/media?parent=9163"}],"curies":[{"name":"wp","href":"https:\/\/api.w.org\/{rel}","templated":true}]}}