{"id":9183,"date":"2021-09-05T09:09:40","date_gmt":"2021-09-05T09:09:40","guid":{"rendered":"https:\/\/welcome-to-times-square.com\/visitor-tips\/"},"modified":"2025-01-17T13:38:47","modified_gmt":"2025-01-17T13:38:47","slug":"visitor-tips","status":"publish","type":"page","link":"https:\/\/welcome-to-times-square.com\/de\/visitor-tips\/","title":{"rendered":"Visitor Tips"},"content":{"rendered":"<p>[vc_row full_width=&#8220;stretch_row&#8220; css=&#8220;.vc_custom_1627402630091{margin-top: 28px !important;margin-right: 0px !important;margin-bottom: 0px !important;margin-left: 0px !important;padding-top: 0px !important;padding-right: 0px !important;padding-bottom: 0px !important;padding-left: 0px !important;}&#8220; el_class=&#8220;main-97676&#8243;][vc_column css=&#8220;.vc_custom_1626939874126{margin: 0px !important;padding: 0px !important;border: 0px initial !important;}&#8220;][vc_row_inner equal_height=&#8220;yes&#8220; el_class=&#8220;text-banner11&#8243;][vc_column_inner width=&#8220;1\/2&#8243; css=&#8220;.vc_custom_1626940693197{margin-top: 0px !important;margin-right: 0px !important;margin-bottom: 0px !important;margin-left: 0px !important;padding-top: 20px !important;padding-right: 20px !important;padding-bottom: 20px !important;padding-left: 20px !important;background-image: url(https:\/\/welcome-to-times-square.com\/wp-content\/uploads\/2021\/07\/dd1.jpg?id=1431) !important;background-position: center !important;background-repeat: no-repeat !important;background-size: cover !important;}&#8220;][vc_column_text]<\/p>\n<h2>Besuchertipps<\/h2>\n<p>[\/vc_column_text][vc_column_text]Der lebendige und kulturell reiche Broadway ist eines der besten kommerziellen Live-Theater der Welt. Das Theaterviertel mit seinen majest\u00e4tischen Theatern, hellen Werbetafeln und schillernden Lichtern ist ein Muss, wenn man in der Stadt ist. Es hinterl\u00e4sst ein unvergessliches Erlebnis. Die Reise in den Big Apple ist nicht vollst\u00e4ndig, ohne mindestens eine Broadway-Show besucht zu haben. Das Erlebnis, Auff\u00fchrungen live in einem Broadway-Theater zu sehen, kann nirgendwo anders reproduziert werden.[\/vc_column_text][\/vc_column_inner][vc_column_inner width=&#8220;1\/2&#8243; css=&#8220;.vc_custom_1626939926058{margin: 0px !important;padding: 0px !important;}&#8220;][vc_images_carousel images=&#8220;1421,1423&#8243; img_size=&#8220;full&#8220; onclick=&#8220;link_no&#8220; speed=&#8220;2000&#8243; autoplay=&#8220;yes&#8220; hide_prev_next_buttons=&#8220;yes&#8220; wrap=&#8220;yes&#8220; css=&#8220;.vc_custom_1626942472084{margin-top: 0px !important;margin-right: 0px !important;margin-bottom: 0px !important;margin-left: 0px !important;padding-top: 0px !important;padding-right: 0px !important;padding-bottom: 0px !important;padding-left: 0px !important;}&#8220;][\/vc_column_inner][\/vc_row_inner][\/vc_column][\/vc_row][vc_row full_width=&#8220;stretch_row&#8220; css=&#8220;.vc_custom_1627402678677{margin-top: 0px !important;padding-top: 0px !important;padding-bottom: 20px !important;background-image: url(https:\/\/welcome-to-times-square.com\/wp-content\/uploads\/2021\/07\/bg676.jpg?id=417) !important;background-position: center !important;background-repeat: no-repeat !important;background-size: cover !important;}&#8220; el_class=&#8220;main-title312&#8243;][vc_column width=&#8220;1\/2&#8243;][vc_column_text]<\/p>\n<h2 style=\"text-align: left;\">VISITOR TIPS<\/h2>\n<p>[\/vc_column_text][\/vc_column][vc_column width=&#8220;1\/2&#8243;][vc_column_text]<\/p>\n<h2 style=\"text-align: right; font-size: 16px !important;\"><a style=\"color: #c00;\" href=\"https:\/\/welcome-to-times-square.com\/de\/\"> HOME <\/a> \/ VISITOR TIPS<\/h2>\n<p>[\/vc_column_text][\/vc_column][\/vc_row][vc_row full_width=&#8220;stretch_row&#8220; css=&#8220;.vc_custom_1630833483185{padding-top: 20px !important;padding-bottom: 20px !important;background-color: #f2f2f2 !important;}&#8220; el_class=&#8220;text3232&#8243;][vc_column][vc_column_text]<\/p>\n<h3>Machen Sie sich bereit f\u00fcr das Broadway-Erlebnis<\/h3>\n<p>[\/vc_column_text][vc_column_text]Die Begriffe, die Sie kennen m\u00fcssen, um Ihr Broadway-Erlebnis zu verbessern[\/vc_column_text][vc_column_text]<\/p>\n<ul>\n<li><strong>Premiere<\/strong>: Dies ist die erste Auff\u00fchrung eines Theaterst\u00fccks oder Musicals nach den Vorauff\u00fchrungen.<\/li>\n<li><strong>Orchester<\/strong>: Die Sitzpl\u00e4tze im Erdgeschoss sind der B\u00fchne am n\u00e4chsten und geh\u00f6ren zu den teuersten im Haus.<\/li>\n<li><strong>Mezzanin<\/strong>: Der erste erh\u00f6hte Sitzbereich in einem Theater, der \u00fcber dem Orchester h\u00e4ngt und eine gro\u00dfartige Aussicht bietet.<\/li>\n<li><strong>Balkon<\/strong>: Dies ist der letzte Sitzbereich in jedem Theater und am weitesten von der B\u00fchne entfernt.<\/li>\n<li><strong>Haus<\/strong>: Dies kann sich entweder auf den gesamten Zuschauerraum oder nur auf die Vorderseite des Hauses beziehen, einschlie\u00dflich Lobby und Kasse.<\/li>\n<li><strong>Will Call<\/strong>: Platz an der Kasse eines Theaters, wo Sie im Voraus gekaufte Tickets abholen k\u00f6nnen.<\/li>\n<li><strong>SRO<\/strong>: SRO oder Standing Room only. Dies bedeutet, dass Sie keinen zugewiesenen Sitzplatz haben und w\u00e4hrend der Vorstellung m\u00f6glicherweise stehen m\u00fcssen.<\/li>\n<\/ul>\n<p>Hals- und Beinbruch! Wenn Sie jemandem \u201eHals- und Beinbruch\u201c w\u00fcnschen, w\u00fcnschen Sie ihm nicht viel Gl\u00fcck, sondern tosenden Applaus.[\/vc_column_text][vc_column_text]<\/p>\n<h3 style=\"font-size: 24px; color: #000;\">Theaterbesuche<\/h3>\n<p>[\/vc_column_text][vc_row_inner equal_height=&#8220;yes&#8220; el_class=&#8220;text-l13&#8243;][vc_column_inner el_class=&#8220;bb12&#8243; width=&#8220;1\/3&#8243; css=&#8220;.vc_custom_1630834429154{background-color: #cc0000 !important;border-radius: 5px !important;}&#8220;][vc_column_text]So w\u00e4hlen Sie die richtige Broadway-Show aus<\/p>\n<p>Die Auswahl einer Show markiert den Beginn Ihres Broadway-Erlebnisses. Der Broadway bietet eine gro\u00dfe Bandbreite an Genres, sowohl Theaterst\u00fccke als auch Musicals. Er bietet Fantasy, Romantik, Drama und Kom\u00f6die. Es ist f\u00fcr jeden Geschmack etwas dabei. Um das Broadway-Erlebnis zu etwas Besonderem zu machen, ist die Auswahl der richtigen Show sehr wichtig. G\u00f6nnen Sie sich eine kleine Online-Recherche und treffen Sie Ihre Wahl.[\/vc_column_text][\/vc_column_inner][vc_column_inner el_class=&#8220;bb12&#8243; width=&#8220;1\/3&#8243; css=&#8220;.vc_custom_1630834441317{background-color: #cc0000 !important;border-radius: 5px !important;}&#8220;][vc_column_text]Kennen Sie das Theater<\/p>\n<p>Bevor Sie Ihre Pl\u00e4tze buchen, sind bestimmte \u00dcberlegungen erforderlich, insbesondere wenn Sie \u00e4ltere Menschen begleiten. Sie m\u00fcssen pr\u00fcfen, ob das Theater \u00fcber eine Rolltreppe, einen Aufzug, einen Rollstuhl usw. verf\u00fcgt. Die Kenntnis des Sitzplans des Theaters ist wichtig, um den besten Platz entsprechend Ihren Anforderungen auszuw\u00e4hlen. Sehen Sie sich daher Ihren Sitzplan im Theater an und w\u00e4hlen Sie die richtigen Pl\u00e4tze aus.[\/vc_column_text][\/vc_column_inner][vc_column_inner el_class=&#8220;bb12&#8243; width=&#8220;1\/3&#8243; css=&#8220;.vc_custom_1630834453445{background-color: #cc0000 !important;border-radius: 5px !important;}&#8220;][vc_column_text]Tickets kaufen<\/p>\n<p>Der einfachste Weg, Tickets online zu kaufen, ist der Online-Kauf. Der Online-Kauf erfolgt \u00fcber die offizielle Website einer Show oder eines Theaters. Wenn Sie in der N\u00e4he sind oder Online-Transaktionen nicht m\u00f6gen, k\u00f6nnen Sie Tickets auch an der Theaterkasse buchen. Auch Apps von Drittanbietern wie Headout k\u00f6nnen verwendet werden, um Broadway-Tickets online zu buchen. Diese bieten neben anderen kundenfreundlichen Vorteilen auch tolle Rabatte und Cashback.[\/vc_column_text][\/vc_column_inner][\/vc_row_inner][vc_row_inner equal_height=&#8220;yes&#8220; el_class=&#8220;text-l13&#8243;][vc_column_inner width=&#8220;1\/3&#8243;][vc_single_image image=&#8220;1483&#8243; img_size=&#8220;full&#8220;][\/vc_column_inner][vc_column_inner el_class=&#8220;bb12&#8243; width=&#8220;1\/3&#8243; css=&#8220;.vc_custom_1630834441317{background-color: #cc0000 !important;border-radius: 5px !important;}&#8220;][vc_column_text]Sich f\u00fcr den Broadway schick machen<\/p>\n<p>Es gibt keine vorgeschriebene Kleiderordnung, aber wenn Sie sich f\u00fcr Ihre erste Broadway-Show schick machen, wird das Erlebnis noch besser. Sich durch die jahrhundertealten Hallen zu bewegen und Musicals zu genie\u00dfen, die vor Jahren geschrieben wurden, verleiht dem Ganzen einen besonderen Charme und ein einzigartiges Erlebnis.[\/vc_column_text][\/vc_column_inner][vc_column_inner el_class=&#8220;bb12&#8243; width=&#8220;1\/3&#8243; css=&#8220;.vc_custom_1630834453445{background-color: #cc0000 !important;border-radius: 5px !important;}&#8220;][vc_column_text]Genie\u00dfen Sie schnelle H\u00e4ppchen<\/p>\n<p>Die in den Broadway-Theatern erh\u00e4ltlichen Speisen sind exorbitant teuer, daher k\u00f6nnen Sie vor Beginn der Show in einem der fantastischen Restaurants im Theaterviertel und am Times Square einen schnellen Happen essen.[\/vc_column_text][\/vc_column_inner][\/vc_row_inner][\/vc_column][\/vc_row][vc_row el_class=&#8220;text676511&#8243;][vc_column][vc_column_text]<\/p>\n<h3>Etikette am Broadway-Theater, die Sie kennen m\u00fcssen<\/h3>\n<p>[\/vc_column_text][vc_column_text]Einige allgemeine Verhaltensregeln in Theatern, die ein Besucher beim Besuch einer Broadway-Auff\u00fchrung einhalten sollte, sind:[\/vc_column_text][vc_column_text]<\/p>\n<ul>\n<li>Applaudieren Sie nach der Vorstellung oder am Ende eines Akts.<\/li>\n<li>Vermeiden Sie es, w\u00e4hrend der Vorstellung zu reden, das lenkt die Darsteller ab.<\/li>\n<li>Singen Sie bei Musiknummern nicht mit, es sei denn, der Darsteller fordert Sie dazu auf.<\/li>\n<li>Auch wenn Ihnen die Show nicht gefallen hat, sollten Sie eine neutrale oder positive Meinung dazu haben. Eine Broadway-Show auf die Beine zu stellen ist nicht einfach und Sie wollen nicht unh\u00f6flich wirken, indem Sie die Show offen kritisieren.<\/li>\n<\/ul>\n<p>[\/vc_column_text][\/vc_column][\/vc_row][vc_row][vc_column][vc_raw_html]JTNDJTIxLS0lMjBNZXRhJTIwUGl4ZWwlMjBDb2RlJTIwLS0lM0UlMEElM0NzY3JpcHQlM0UlMEElMjFmdW5jdGlvbiUyOGYlMkNiJTJDZSUyQ3YlMkNuJTJDdCUyQ3MlMjklMEElN0JpZiUyOGYuZmJxJTI5cmV0dXJuJTNCbiUzRGYuZmJxJTNEZnVuY3Rpb24lMjglMjklN0JuLmNhbGxNZXRob2QlM0YlMEFuLmNhbGxNZXRob2QuYXBwbHklMjhuJTJDYXJndW1lbnRzJTI5JTNBbi5xdWV1ZS5wdXNoJTI4YXJndW1lbnRzJTI5JTdEJTNCJTBBaWYlMjglMjFmLl9mYnElMjlmLl9mYnElM0RuJTNCbi5wdXNoJTNEbiUzQm4ubG9hZGVkJTNEJTIxMCUzQm4udmVyc2lvbiUzRCUyNzIuMCUyNyUzQiUwQW4ucXVldWUlM0QlNUIlNUQlM0J0JTNEYi5jcmVhdGVFbGVtZW50JTI4ZSUyOSUzQnQuYXN5bmMlM0QlMjEwJTNCJTBBdC5zcmMlM0R2JTNCcyUzRGIuZ2V0RWxlbWVudHNCeVRhZ05hbWUlMjhlJTI5JTVCMCU1RCUzQiUwQXMucGFyZW50Tm9kZS5pbnNlcnRCZWZvcmUlMjh0JTJDcyUyOSU3RCUyOHdpbmRvdyUyQyUyMGRvY3VtZW50JTJDJTI3c2NyaXB0JTI3JTJDJTBBJTI3aHR0cHMlM0ElMkYlMkZjb25uZWN0LmZhY2Vib29rLm5ldCUyRmVuX1VTJTJGZmJldmVudHMuanMlMjclMjklM0IlMEFmYnElMjglMjdpbml0JTI3JTJDJTIwJTI3MTc1MTgxMTAwODYyNDAzOSUyNyUyOSUzQiUwQWZicSUyOCUyN3RyYWNrJTI3JTJDJTIwJTI3UGFnZVZpZXclMjclMjklM0IlMEElM0MlMkZzY3JpcHQlM0UlMEElM0Nub3NjcmlwdCUzRSUzQ2ltZyUyMGhlaWdodCUzRCUyMjElMjIlMjB3aWR0aCUzRCUyMjElMjIlMjBzdHlsZSUzRCUyMmRpc3BsYXklM0Fub25lJTIyJTBBc3JjJTNEJTIyaHR0cHMlM0ElMkYlMkZ3d3cuZmFjZWJvb2suY29tJTJGdHIlM0ZpZCUzRDE3NTE4MTEwMDg2MjQwMzklMjZldiUzRFBhZ2VWaWV3JTI2bm9zY3JpcHQlM0QxJTIyJTBBJTJGJTNFJTNDJTJGbm9zY3JpcHQlM0UlMEElM0MlMjEtLSUyMEVuZCUyME1ldGElMjBQaXhlbCUyMENvZGUlMjAtLSUzRQ==[\/vc_raw_html][\/vc_column][\/vc_row]<\/p>\n","protected":false},"excerpt":{"rendered":"[vc_row full_width=\"stretch_row\" css=\".vc_custom_1627402630091{margin-top: 28px !important;margin-right: 0px !important;margin-bottom: 0px !important;margin-left: 0px !important;padding-top: 0px !important;padding-right: 0px !important;padding-bottom: 0px !important;padding-left: 0px !important;}\" el_class=\"main-97676\"][vc_column css=\".vc_custom_1626939874126{margin: 0px !important;padding: 0px !important;border: 0px initial !important;}\"][vc_row_inner equal_height=\"yes\" el_class=\"text-banner11\"][vc_column_inner width=\"1\/2\" css=\".vc_custom_1626940693197{margin-top: 0px !important;margin-right: 0px !important;margin-bottom: 0px !important;margin-left: 0px !important;padding-top: 20px !important;padding-right: 20px !important;padding-bottom: 20px !important;padding-left: 20px !important;background-image: url(https:\/\/welcome-to-times-square.com\/wp-content\/uploads\/2021\/07\/dd1.jpg?id=1431) !important;background-position: center !important;background-repeat: no-repeat !important;background-size: cover [...]<a href=\"https:\/\/welcome-to-times-square.com\/de\/visitor-tips\/\" class=\"read-more wyz-secondary-color-text\">read more<span class=\"screen-reader-text\">Visitor Tips<\/span><\/a>","protected":false},"author":53,"featured_media":0,"parent":0,"menu_order":0,"comment_status":"closed","ping_status":"closed","template":"","meta":{"footnotes":""},"class_list":["post-9183","page","type-page","status-publish","hentry"],"yoast_head":"<!-- This site is optimized with the Yoast SEO plugin v27.2 - https:\/\/yoast.com\/product\/yoast-seo-wordpress\/ -->\n<title>Visitor Tips - times-square<\/title>\n<meta name=\"robots\" content=\"index, follow, max-snippet:-1, max-image-preview:large, max-video-preview:-1\" \/>\n<link rel=\"canonical\" href=\"https:\/\/welcome-to-times-square.com\/de\/visitor-tips\/\" \/>\n<meta property=\"og:locale\" content=\"de_DE\" \/>\n<meta property=\"og:type\" content=\"article\" \/>\n<meta property=\"og:title\" content=\"Visitor Tips - times-square\" \/>\n<meta property=\"og:description\" content=\"[vc_row full_width=&#8220;stretch_row&#8220; css=&#8220;.vc_custom_1627402630091{margin-top: 28px !important;margin-right: 0px !important;margin-bottom: 0px !important;margin-left: 0px !important;padding-top: 0px !important;padding-right: 0px !important;padding-bottom: 0px !important;padding-left: 0px !important;}&#8220; el_class=&#8220;main-97676&#8243;][vc_column css=&#8220;.vc_custom_1626939874126{margin: 0px !important;padding: 0px !important;border: 0px initial !important;}&#8220;][vc_row_inner equal_height=&#8220;yes&#8220; el_class=&#8220;text-banner11&#8243;][vc_column_inner width=&#8220;1\/2&#8243; css=&#8220;.vc_custom_1626940693197{margin-top: 0px !important;margin-right: 0px !important;margin-bottom: 0px !important;margin-left: 0px !important;padding-top: 20px !important;padding-right: 20px !important;padding-bottom: 20px !important;padding-left: 20px !important;background-image: url(https:\/\/welcome-to-times-square.com\/wp-content\/uploads\/2021\/07\/dd1.jpg?id=1431) !important;background-position: center !important;background-repeat: no-repeat !important;background-size: cover [...]read moreVisitor Tips\" \/>\n<meta property=\"og:url\" content=\"https:\/\/welcome-to-times-square.com\/de\/visitor-tips\/\" \/>\n<meta property=\"og:site_name\" content=\"times-square\" \/>\n<meta property=\"article:modified_time\" content=\"2025-01-17T13:38:47+00:00\" \/>\n<meta name=\"twitter:card\" content=\"summary_large_image\" \/>\n<meta name=\"twitter:label1\" content=\"Gesch\u00e4tzte Lesezeit\" \/>\n\t<meta name=\"twitter:data1\" content=\"7\u00a0Minuten\" \/>\n<script type=\"application\/ld+json\" class=\"yoast-schema-graph\">{\"@context\":\"https:\/\/schema.org\",\"@graph\":[{\"@type\":\"WebPage\",\"@id\":\"https:\/\/welcome-to-times-square.com\/de\/visitor-tips\/\",\"url\":\"https:\/\/welcome-to-times-square.com\/de\/visitor-tips\/\",\"name\":\"Visitor Tips - times-square\",\"isPartOf\":{\"@id\":\"https:\/\/welcome-to-times-square.com\/de\/#website\"},\"datePublished\":\"2021-09-05T09:09:40+00:00\",\"dateModified\":\"2025-01-17T13:38:47+00:00\",\"breadcrumb\":{\"@id\":\"https:\/\/welcome-to-times-square.com\/de\/visitor-tips\/#breadcrumb\"},\"inLanguage\":\"de\",\"potentialAction\":[{\"@type\":\"ReadAction\",\"target\":[\"https:\/\/welcome-to-times-square.com\/de\/visitor-tips\/\"]}]},{\"@type\":\"BreadcrumbList\",\"@id\":\"https:\/\/welcome-to-times-square.com\/de\/visitor-tips\/#breadcrumb\",\"itemListElement\":[{\"@type\":\"ListItem\",\"position\":1,\"name\":\"Home\",\"item\":\"https:\/\/welcome-to-times-square.com\/de\/\"},{\"@type\":\"ListItem\",\"position\":2,\"name\":\"Visitor Tips\"}]},{\"@type\":\"WebSite\",\"@id\":\"https:\/\/welcome-to-times-square.com\/de\/#website\",\"url\":\"https:\/\/welcome-to-times-square.com\/de\/\",\"name\":\"times-square\",\"description\":\"times-square\",\"publisher\":{\"@id\":\"https:\/\/welcome-to-times-square.com\/de\/#organization\"},\"potentialAction\":[{\"@type\":\"SearchAction\",\"target\":{\"@type\":\"EntryPoint\",\"urlTemplate\":\"https:\/\/welcome-to-times-square.com\/de\/?s={search_term_string}\"},\"query-input\":{\"@type\":\"PropertyValueSpecification\",\"valueRequired\":true,\"valueName\":\"search_term_string\"}}],\"inLanguage\":\"de\"},{\"@type\":\"Organization\",\"@id\":\"https:\/\/welcome-to-times-square.com\/de\/#organization\",\"name\":\"times-square\",\"url\":\"https:\/\/welcome-to-times-square.com\/de\/\",\"logo\":{\"@type\":\"ImageObject\",\"inLanguage\":\"de\",\"@id\":\"https:\/\/welcome-to-times-square.com\/de\/#\/schema\/logo\/image\/\",\"url\":\"https:\/\/welcome-to-times-square.com\/wp-content\/uploads\/2024\/03\/welcome-to-time-square-logo-with-r.png\",\"contentUrl\":\"https:\/\/welcome-to-times-square.com\/wp-content\/uploads\/2024\/03\/welcome-to-time-square-logo-with-r.png\",\"width\":500,\"height\":342,\"caption\":\"times-square\"},\"image\":{\"@id\":\"https:\/\/welcome-to-times-square.com\/de\/#\/schema\/logo\/image\/\"}}]}<\/script>\n<!-- \/ Yoast SEO plugin. -->","yoast_head_json":{"title":"Visitor Tips - times-square","robots":{"index":"index","follow":"follow","max-snippet":"max-snippet:-1","max-image-preview":"max-image-preview:large","max-video-preview":"max-video-preview:-1"},"canonical":"https:\/\/welcome-to-times-square.com\/de\/visitor-tips\/","og_locale":"de_DE","og_type":"article","og_title":"Visitor Tips - times-square","og_description":"[vc_row full_width=&#8220;stretch_row&#8220; css=&#8220;.vc_custom_1627402630091{margin-top: 28px !important;margin-right: 0px !important;margin-bottom: 0px !important;margin-left: 0px !important;padding-top: 0px !important;padding-right: 0px !important;padding-bottom: 0px !important;padding-left: 0px !important;}&#8220; el_class=&#8220;main-97676&#8243;][vc_column css=&#8220;.vc_custom_1626939874126{margin: 0px !important;padding: 0px !important;border: 0px initial !important;}&#8220;][vc_row_inner equal_height=&#8220;yes&#8220; el_class=&#8220;text-banner11&#8243;][vc_column_inner width=&#8220;1\/2&#8243; css=&#8220;.vc_custom_1626940693197{margin-top: 0px !important;margin-right: 0px !important;margin-bottom: 0px !important;margin-left: 0px !important;padding-top: 20px !important;padding-right: 20px !important;padding-bottom: 20px !important;padding-left: 20px !important;background-image: url(https:\/\/welcome-to-times-square.com\/wp-content\/uploads\/2021\/07\/dd1.jpg?id=1431) !important;background-position: center !important;background-repeat: no-repeat !important;background-size: cover [...]read moreVisitor Tips","og_url":"https:\/\/welcome-to-times-square.com\/de\/visitor-tips\/","og_site_name":"times-square","article_modified_time":"2025-01-17T13:38:47+00:00","twitter_card":"summary_large_image","twitter_misc":{"Gesch\u00e4tzte Lesezeit":"7\u00a0Minuten"},"schema":{"@context":"https:\/\/schema.org","@graph":[{"@type":"WebPage","@id":"https:\/\/welcome-to-times-square.com\/de\/visitor-tips\/","url":"https:\/\/welcome-to-times-square.com\/de\/visitor-tips\/","name":"Visitor Tips - times-square","isPartOf":{"@id":"https:\/\/welcome-to-times-square.com\/de\/#website"},"datePublished":"2021-09-05T09:09:40+00:00","dateModified":"2025-01-17T13:38:47+00:00","breadcrumb":{"@id":"https:\/\/welcome-to-times-square.com\/de\/visitor-tips\/#breadcrumb"},"inLanguage":"de","potentialAction":[{"@type":"ReadAction","target":["https:\/\/welcome-to-times-square.com\/de\/visitor-tips\/"]}]},{"@type":"BreadcrumbList","@id":"https:\/\/welcome-to-times-square.com\/de\/visitor-tips\/#breadcrumb","itemListElement":[{"@type":"ListItem","position":1,"name":"Home","item":"https:\/\/welcome-to-times-square.com\/de\/"},{"@type":"ListItem","position":2,"name":"Visitor Tips"}]},{"@type":"WebSite","@id":"https:\/\/welcome-to-times-square.com\/de\/#website","url":"https:\/\/welcome-to-times-square.com\/de\/","name":"times-square","description":"times-square","publisher":{"@id":"https:\/\/welcome-to-times-square.com\/de\/#organization"},"potentialAction":[{"@type":"SearchAction","target":{"@type":"EntryPoint","urlTemplate":"https:\/\/welcome-to-times-square.com\/de\/?s={search_term_string}"},"query-input":{"@type":"PropertyValueSpecification","valueRequired":true,"valueName":"search_term_string"}}],"inLanguage":"de"},{"@type":"Organization","@id":"https:\/\/welcome-to-times-square.com\/de\/#organization","name":"times-square","url":"https:\/\/welcome-to-times-square.com\/de\/","logo":{"@type":"ImageObject","inLanguage":"de","@id":"https:\/\/welcome-to-times-square.com\/de\/#\/schema\/logo\/image\/","url":"https:\/\/welcome-to-times-square.com\/wp-content\/uploads\/2024\/03\/welcome-to-time-square-logo-with-r.png","contentUrl":"https:\/\/welcome-to-times-square.com\/wp-content\/uploads\/2024\/03\/welcome-to-time-square-logo-with-r.png","width":500,"height":342,"caption":"times-square"},"image":{"@id":"https:\/\/welcome-to-times-square.com\/de\/#\/schema\/logo\/image\/"}}]}},"_hostinger_reach_plugin_has_subscription_block":false,"_hostinger_reach_plugin_is_elementor":false,"_links":{"self":[{"href":"https:\/\/welcome-to-times-square.com\/de\/wp-json\/wp\/v2\/pages\/9183","targetHints":{"allow":["GET"]}}],"collection":[{"href":"https:\/\/welcome-to-times-square.com\/de\/wp-json\/wp\/v2\/pages"}],"about":[{"href":"https:\/\/welcome-to-times-square.com\/de\/wp-json\/wp\/v2\/types\/page"}],"author":[{"embeddable":true,"href":"https:\/\/welcome-to-times-square.com\/de\/wp-json\/wp\/v2\/users\/53"}],"replies":[{"embeddable":true,"href":"https:\/\/welcome-to-times-square.com\/de\/wp-json\/wp\/v2\/comments?post=9183"}],"version-history":[{"count":1,"href":"https:\/\/welcome-to-times-square.com\/de\/wp-json\/wp\/v2\/pages\/9183\/revisions"}],"predecessor-version":[{"id":9198,"href":"https:\/\/welcome-to-times-square.com\/de\/wp-json\/wp\/v2\/pages\/9183\/revisions\/9198"}],"wp:attachment":[{"href":"https:\/\/welcome-to-times-square.com\/de\/wp-json\/wp\/v2\/media?parent=9183"}],"curies":[{"name":"wp","href":"https:\/\/api.w.org\/{rel}","templated":true}]}}