{"id":9265,"date":"2021-09-02T12:50:38","date_gmt":"2021-09-02T12:50:38","guid":{"rendered":"https:\/\/welcome-to-times-square.com\/broadway-tickets\/"},"modified":"2025-01-20T07:52:16","modified_gmt":"2025-01-20T07:52:16","slug":"broadway-tickets","status":"publish","type":"page","link":"https:\/\/welcome-to-times-square.com\/de\/broadway-tickets\/","title":{"rendered":"Broadway-Tickets"},"content":{"rendered":"\t\t<div data-elementor-type=\"wp-page\" data-elementor-id=\"9265\" class=\"elementor elementor-9265 elementor-1692\" data-elementor-post-type=\"page\">\n\t\t\t\t<div class=\"elementor-element elementor-element-f3ddbde e-flex e-con-boxed e-con e-parent\" data-id=\"f3ddbde\" data-element_type=\"container\" data-e-type=\"container\" data-settings=\"{&quot;background_background&quot;:&quot;classic&quot;}\">\n\t\t\t\t\t<div class=\"e-con-inner\">\n\t\t\t\t<div class=\"elementor-element elementor-element-2af2c2f elementor-widget elementor-widget-heading\" data-id=\"2af2c2f\" data-element_type=\"widget\" data-e-type=\"widget\" data-widget_type=\"heading.default\">\n\t\t\t\t<div class=\"elementor-widget-container\">\n\t\t\t\t\t<h2 class=\"elementor-heading-title elementor-size-default\">So kaufen Sie Broadway-Tickets<\/h2>\t\t\t\t<\/div>\n\t\t\t\t<\/div>\n\t\t\t\t<div class=\"elementor-element elementor-element-a09f7cf elementor-widget-divider--view-line elementor-widget elementor-widget-divider\" data-id=\"a09f7cf\" data-element_type=\"widget\" data-e-type=\"widget\" data-widget_type=\"divider.default\">\n\t\t\t\t<div class=\"elementor-widget-container\">\n\t\t\t\t\t\t\t<div class=\"elementor-divider\">\n\t\t\t<span class=\"elementor-divider-separator\">\n\t\t\t\t\t\t<\/span>\n\t\t<\/div>\n\t\t\t\t\t\t<\/div>\n\t\t\t\t<\/div>\n\t\t\t\t<div class=\"elementor-element elementor-element-88beda0 elementor-widget elementor-widget-text-editor\" data-id=\"88beda0\" data-element_type=\"widget\" data-e-type=\"widget\" data-widget_type=\"text-editor.default\">\n\t\t\t\t<div class=\"elementor-widget-container\">\n\t\t\t\t\t\t\t\t\t<p>Jetzt ist es offiziell: Die Chartbuster-Musicals, Theaterst\u00fccke und anderen Live-Shows sind zur\u00fcck und der Great White Way ist wieder im Gesch\u00e4ft. Der Gouverneur von New York, Andrew Cuomo, erlaubt ab dem 14. September die Wiederer\u00f6ffnung der Theater f\u00fcr Live-Auftritte. <\/p>\n<p>Aufgrund der vielen Optionen kann der Kauf von Broadway-Show-Tickets entmutigend sein. Mit ein wenig Planung im Voraus ist es jedoch einfacher, Broadway-Tickets zu kaufen und sich begehrte Pl\u00e4tze f\u00fcr einige der erfolgreichsten Shows zu sichern. <\/p>\n<p><strong>BROADWAY TICKETS<\/strong><\/p>\n<h3>Zu den beliebtesten M\u00f6glichkeiten, Tickets f\u00fcr Live-Auff\u00fchrungen am Broadway zu kaufen, geh\u00f6ren:<\/h3>\n<ul>\n<li><strong>Tickets \u00fcber das Internet<\/strong><br \/>www.Broadway.org, die offizielle Online-Informationsquelle f\u00fcr den Broadway, ist die beste Anlaufstelle, um Broadway-Tickets zu kaufen. Hier finden Sie eine vollst\u00e4ndige Liste aktueller und kommender Broadway-Shows. Au\u00dferdem erhalten Sie direkte Links zu den offiziellen Ticketschaltern der einzelnen Shows und Theater, die Tickets in allen Preisklassen anbieten.  <\/li>\n<li>\n<p><strong>Gehen Sie zu den Rabattst\u00e4nden von TKTS<\/strong><br \/>Am Tag der Show in der Schlange zu stehen ist die traditionelle und klassische Art, bei TKTS in Duffy Square stark erm\u00e4\u00dfigte Tickets zu kaufen. Die gr\u00f6\u00dften Broadway-Hits werden an den St\u00e4nden meist mit 50 Prozent Rabatt verkauft. Der Time Square-Stand hat auch ein \u201ePlay Express\u201c-Fenster, das die Wartezeit verk\u00fcrzt, sofern Sie kein Musical sehen m\u00f6chten.  <\/p>\n<\/li>\n<\/ul>\n<p>TDF betreibt au\u00dferdem zwei weitere Schalter in der Stadt. Der erste befindet sich im David Rubenstein Atrium des Lincoln Centers und der andere am South Street Seaport. Je fr\u00fcher Sie die Tickets bei TKTS kaufen, desto besser, aber manchmal werden die Kontingente mit den guten Pl\u00e4tzen erst kurz vor Beginn der Vorstellung freigegeben. Aktuelle Informationen erhalten Sie \u00fcber die TKTS-App oder auf der Website. Die Ticketgeb\u00fchr bei TKTS ist wesentlich niedriger als die Geb\u00fchr auf anderen Websites.    <\/p>\n<ul>\n<li>\n<p><strong>Kaufen Sie Tickets online oder auf Ihrem Handy.<\/strong><br \/>Beim Kauf bei TKTS m\u00fcssen Sie pers\u00f6nlich warten und die Wartezeit ist oft sehr lang. Das Internet ist die beste Alternative, um Tickets schon Wochen im Voraus zu kaufen. Mit der TodayTix-App k\u00f6nnen Sie schon lange im Voraus erm\u00e4\u00dfigte Tickets auf Ihrem Handy finden.  <\/p>\n<\/li>\n<\/ul>\n<p>Dar\u00fcber hinaus gibt es zwei Ticketverk\u00e4ufer, die von fast allen Broadway-Theatern genutzt werden, um Tickets online oder per Telefon zu verkaufen. Einer ist Telecharge unter (800) 432-7250 und der andere ist Ticketmaster unter (866) 870-2717. <\/p>\n<p>Sehen Sie auf der Showseite der Website Broadway.org nach, um die offizielle Ticketverkaufsstelle f\u00fcr die Show(s) zu finden, die Sie kaufen m\u00f6chten.<\/p>\n<p>TDF betreibt au\u00dferdem zwei weitere Schalter in der Stadt. Der erste befindet sich im David Rubenstein Atrium des Lincoln Centers und der andere am South Street Seaport. Je fr\u00fcher Sie die Tickets bei TKTS kaufen, desto besser, aber manchmal werden die Kontingente mit den guten Pl\u00e4tzen erst kurz vor Beginn der Vorstellung freigegeben. Aktuelle Informationen erhalten Sie \u00fcber die TKTS-App oder auf der Website. Die Ticketgeb\u00fchr bei TKTS ist wesentlich niedriger als die Geb\u00fchr auf anderen Websites.    <\/p>\n<p><strong>\u201eRush\u201c- oder \u201eLotterie\u201c-Tickets<\/strong><br \/>Viele Theater bieten spezielle Rush-Tickets f\u00fcr ausverkaufte Shows am selben Tag zu einem sehr g\u00fcnstigen Preis an. Rush-Tickets f\u00fcr Broadway-Shows sind f\u00fcr nur 20 USD pro Ticket erh\u00e4ltlich. Sie k\u00f6nnen am Tag der Vorstellung an der Theaterkasse gekauft werden. Einige Theater bieten auch mobile Rush-Tickets \u00fcber TodayTix an.   <\/p>\n<p>Einige Produktionen bieten g\u00fcnstige Tageskarten im Rahmen einer pers\u00f6nlichen Lotterie an. Die Namen werden einige Stunden vor Beginn der Vorstellung an der Abendkasse gezogen. Mittlerweile f\u00fchren die meisten Broadway-Shows Lotterien digital \u00fcber TodayTix oder auf eigene Faust durch. Sie k\u00f6nnen die praktischen Listen bei Broadway for Broke People einsehen, um herauszufinden, welche Theater Last-Minute-Tickets und Lotterien anbieten.   <\/p>\n<ul>\n<li><strong>Werden Sie Mitglied<\/strong><br \/>Die meisten Theater bieten Mitgliedschaftspakete an. Sie k\u00f6nnen eine Geb\u00fchr im Voraus bezahlen und erhalten daf\u00fcr das ganze Jahr \u00fcber erm\u00e4\u00dfigte Tickets. So k\u00f6nnen Sie auch Tickets kaufen, bevor sie in den Verkauf gehen. Das ist sehr hilfreich, wenn Theater Shows haben, die im Voraus viel Aufsehen erregen. Sie k\u00f6nnen auch eine Jahresmitgliedschaft bei TDF abschlie\u00dfen. Damit k\u00f6nnen Sie Ticketangebote schon lange im Voraus nutzen.     <\/li>\n<li><strong>Bonus: F\u00fcr Jugendliche<\/strong><br \/>Die gemeinn\u00fctzigen Theater bieten Programme an, die j\u00fcngere Zuschauer ansprechen. Durch die Teilnahme am Hiptix-Programm k\u00f6nnen Personen zwischen 18 und 40 Jahren bei der Roundabout Theater Company Tickets f\u00fcr nur 30 $ kaufen. Das LincTix-Programm des Lincoln Center Theaters f\u00fcr Jugendliche zwischen 21 und 35 Jahren bietet Tickets f\u00fcr alle Shows f\u00fcr 32 $. Ebenso bietet der Manhattan Theatre Club Tickets f\u00fcr 30 $ f\u00fcr G\u00e4ste an, die 35 Jahre oder j\u00fcnger sind.   <\/li>\n<\/ul>\n\t\t\t\t\t\t\t\t<\/div>\n\t\t\t\t<\/div>\n\t\t\t\t<div class=\"elementor-element elementor-element-5b7d56e elementor-widget-divider--view-line elementor-widget elementor-widget-divider\" data-id=\"5b7d56e\" data-element_type=\"widget\" data-e-type=\"widget\" data-widget_type=\"divider.default\">\n\t\t\t\t<div class=\"elementor-widget-container\">\n\t\t\t\t\t\t\t<div class=\"elementor-divider\">\n\t\t\t<span class=\"elementor-divider-separator\">\n\t\t\t\t\t\t<\/span>\n\t\t<\/div>\n\t\t\t\t\t\t<\/div>\n\t\t\t\t<\/div>\n\t\t\t\t<div class=\"elementor-element elementor-element-2a620ff elementor-widget elementor-widget-text-editor\" data-id=\"2a620ff\" data-element_type=\"widget\" data-e-type=\"widget\" data-widget_type=\"text-editor.default\">\n\t\t\t\t<div class=\"elementor-widget-container\">\n\t\t\t\t\t\t\t\t\t<p><strong>Wenn Sie auf unserer Plakatwand am Times Square erscheinen m\u00f6chten, gehen Sie bitte zu unserem Abschnitt KONTAKT.<\/strong><\/p>\n<p>Und so funktioniert es:<\/p>\n<p>Ob Geburtstag, Heiratsantrag, Jahrestag oder eine einfache Liebeserkl\u00e4rung \u2013 wir haben das Richtige f\u00fcr Sie. Fallen Sie in der Menge nicht unter! <br \/>Bringen Sie Ihr Foto oder Video auf unsere Plakatwand am Times Square!<\/p>\n<p>Option 1: Ihr 60 Sekunden langes Video\/Foto wird 22 Mal pro Tag angezeigt.<br \/>Option 2: Ihr 30 Sekunden langes Video\/Foto wird 44 Mal pro Tag angezeigt<br \/>Option 3: Ihr 15 Sekunden langes Video\/Foto wird 88 Mal pro Tag angezeigt.<\/p>\n<p>Unsere Plakatwand ist 31ft x55 ft gro\u00df und befindet sich am 1560 Broadway (Broadway und 46th Street direkt \u00fcber dem Pel\u00e9-Gesch\u00e4ft).<\/p>\n<p>Seien Sie kein Gesicht in der Menge!<\/p>\n\t\t\t\t\t\t\t\t<\/div>\n\t\t\t\t<\/div>\n\t\t\t\t\t<\/div>\n\t\t\t\t<\/div>\n\t\t\t\t<\/div>\n\t\t","protected":false},"excerpt":{"rendered":"So kaufen Sie Broadway-Tickets Jetzt ist es offiziell: Die Chartbuster-Musicals, Theaterst\u00fccke und anderen Live-Shows sind zur\u00fcck und der Great White Way ist wieder im Gesch\u00e4ft. Der Gouverneur von New York, Andrew Cuomo, erlaubt ab dem 14. September die Wiederer\u00f6ffnung der Theater f\u00fcr Live-Auftritte. Aufgrund der vielen Optionen kann der Kauf von Broadway-Show-Tickets entmutigend sein. Mit [...]<a href=\"https:\/\/welcome-to-times-square.com\/de\/broadway-tickets\/\" class=\"read-more wyz-secondary-color-text\">read more<span class=\"screen-reader-text\">Broadway-Tickets<\/span><\/a>","protected":false},"author":53,"featured_media":0,"parent":0,"menu_order":0,"comment_status":"closed","ping_status":"closed","template":"elementor_header_footer","meta":{"footnotes":""},"class_list":["post-9265","page","type-page","status-publish","hentry"],"yoast_head":"<!-- This site is optimized with the Yoast SEO plugin v27.2 - https:\/\/yoast.com\/product\/yoast-seo-wordpress\/ -->\n<title>Broadway-Tickets - times-square<\/title>\n<meta name=\"robots\" content=\"index, follow, max-snippet:-1, max-image-preview:large, max-video-preview:-1\" \/>\n<link rel=\"canonical\" href=\"https:\/\/welcome-to-times-square.com\/de\/broadway-tickets\/\" \/>\n<meta property=\"og:locale\" content=\"de_DE\" \/>\n<meta property=\"og:type\" content=\"article\" \/>\n<meta property=\"og:title\" content=\"Broadway-Tickets - times-square\" \/>\n<meta property=\"og:description\" content=\"So kaufen Sie Broadway-Tickets Jetzt ist es offiziell: Die Chartbuster-Musicals, Theaterst\u00fccke und anderen Live-Shows sind zur\u00fcck und der Great White Way ist wieder im Gesch\u00e4ft. Der Gouverneur von New York, Andrew Cuomo, erlaubt ab dem 14. September die Wiederer\u00f6ffnung der Theater f\u00fcr Live-Auftritte. Aufgrund der vielen Optionen kann der Kauf von Broadway-Show-Tickets entmutigend sein. Mit [...]read moreBroadway-Tickets\" \/>\n<meta property=\"og:url\" content=\"https:\/\/welcome-to-times-square.com\/de\/broadway-tickets\/\" \/>\n<meta property=\"og:site_name\" content=\"times-square\" \/>\n<meta property=\"article:modified_time\" content=\"2025-01-20T07:52:16+00:00\" \/>\n<meta name=\"twitter:card\" content=\"summary_large_image\" \/>\n<meta name=\"twitter:label1\" content=\"Gesch\u00e4tzte Lesezeit\" \/>\n\t<meta name=\"twitter:data1\" content=\"4\u00a0Minuten\" \/>\n<script type=\"application\/ld+json\" class=\"yoast-schema-graph\">{\"@context\":\"https:\/\/schema.org\",\"@graph\":[{\"@type\":\"WebPage\",\"@id\":\"https:\/\/welcome-to-times-square.com\/de\/broadway-tickets\/\",\"url\":\"https:\/\/welcome-to-times-square.com\/de\/broadway-tickets\/\",\"name\":\"Broadway-Tickets - times-square\",\"isPartOf\":{\"@id\":\"https:\/\/welcome-to-times-square.com\/de\/#website\"},\"datePublished\":\"2021-09-02T12:50:38+00:00\",\"dateModified\":\"2025-01-20T07:52:16+00:00\",\"breadcrumb\":{\"@id\":\"https:\/\/welcome-to-times-square.com\/de\/broadway-tickets\/#breadcrumb\"},\"inLanguage\":\"de\",\"potentialAction\":[{\"@type\":\"ReadAction\",\"target\":[\"https:\/\/welcome-to-times-square.com\/de\/broadway-tickets\/\"]}]},{\"@type\":\"BreadcrumbList\",\"@id\":\"https:\/\/welcome-to-times-square.com\/de\/broadway-tickets\/#breadcrumb\",\"itemListElement\":[{\"@type\":\"ListItem\",\"position\":1,\"name\":\"Home\",\"item\":\"https:\/\/welcome-to-times-square.com\/de\/\"},{\"@type\":\"ListItem\",\"position\":2,\"name\":\"Broadway-Tickets\"}]},{\"@type\":\"WebSite\",\"@id\":\"https:\/\/welcome-to-times-square.com\/de\/#website\",\"url\":\"https:\/\/welcome-to-times-square.com\/de\/\",\"name\":\"times-square\",\"description\":\"times-square\",\"publisher\":{\"@id\":\"https:\/\/welcome-to-times-square.com\/de\/#organization\"},\"potentialAction\":[{\"@type\":\"SearchAction\",\"target\":{\"@type\":\"EntryPoint\",\"urlTemplate\":\"https:\/\/welcome-to-times-square.com\/de\/?s={search_term_string}\"},\"query-input\":{\"@type\":\"PropertyValueSpecification\",\"valueRequired\":true,\"valueName\":\"search_term_string\"}}],\"inLanguage\":\"de\"},{\"@type\":\"Organization\",\"@id\":\"https:\/\/welcome-to-times-square.com\/de\/#organization\",\"name\":\"times-square\",\"url\":\"https:\/\/welcome-to-times-square.com\/de\/\",\"logo\":{\"@type\":\"ImageObject\",\"inLanguage\":\"de\",\"@id\":\"https:\/\/welcome-to-times-square.com\/de\/#\/schema\/logo\/image\/\",\"url\":\"https:\/\/welcome-to-times-square.com\/wp-content\/uploads\/2024\/03\/welcome-to-time-square-logo-with-r.png\",\"contentUrl\":\"https:\/\/welcome-to-times-square.com\/wp-content\/uploads\/2024\/03\/welcome-to-time-square-logo-with-r.png\",\"width\":500,\"height\":342,\"caption\":\"times-square\"},\"image\":{\"@id\":\"https:\/\/welcome-to-times-square.com\/de\/#\/schema\/logo\/image\/\"}}]}<\/script>\n<!-- \/ Yoast SEO plugin. -->","yoast_head_json":{"title":"Broadway-Tickets - times-square","robots":{"index":"index","follow":"follow","max-snippet":"max-snippet:-1","max-image-preview":"max-image-preview:large","max-video-preview":"max-video-preview:-1"},"canonical":"https:\/\/welcome-to-times-square.com\/de\/broadway-tickets\/","og_locale":"de_DE","og_type":"article","og_title":"Broadway-Tickets - times-square","og_description":"So kaufen Sie Broadway-Tickets Jetzt ist es offiziell: Die Chartbuster-Musicals, Theaterst\u00fccke und anderen Live-Shows sind zur\u00fcck und der Great White Way ist wieder im Gesch\u00e4ft. Der Gouverneur von New York, Andrew Cuomo, erlaubt ab dem 14. September die Wiederer\u00f6ffnung der Theater f\u00fcr Live-Auftritte. Aufgrund der vielen Optionen kann der Kauf von Broadway-Show-Tickets entmutigend sein. Mit [...]read moreBroadway-Tickets","og_url":"https:\/\/welcome-to-times-square.com\/de\/broadway-tickets\/","og_site_name":"times-square","article_modified_time":"2025-01-20T07:52:16+00:00","twitter_card":"summary_large_image","twitter_misc":{"Gesch\u00e4tzte Lesezeit":"4\u00a0Minuten"},"schema":{"@context":"https:\/\/schema.org","@graph":[{"@type":"WebPage","@id":"https:\/\/welcome-to-times-square.com\/de\/broadway-tickets\/","url":"https:\/\/welcome-to-times-square.com\/de\/broadway-tickets\/","name":"Broadway-Tickets - times-square","isPartOf":{"@id":"https:\/\/welcome-to-times-square.com\/de\/#website"},"datePublished":"2021-09-02T12:50:38+00:00","dateModified":"2025-01-20T07:52:16+00:00","breadcrumb":{"@id":"https:\/\/welcome-to-times-square.com\/de\/broadway-tickets\/#breadcrumb"},"inLanguage":"de","potentialAction":[{"@type":"ReadAction","target":["https:\/\/welcome-to-times-square.com\/de\/broadway-tickets\/"]}]},{"@type":"BreadcrumbList","@id":"https:\/\/welcome-to-times-square.com\/de\/broadway-tickets\/#breadcrumb","itemListElement":[{"@type":"ListItem","position":1,"name":"Home","item":"https:\/\/welcome-to-times-square.com\/de\/"},{"@type":"ListItem","position":2,"name":"Broadway-Tickets"}]},{"@type":"WebSite","@id":"https:\/\/welcome-to-times-square.com\/de\/#website","url":"https:\/\/welcome-to-times-square.com\/de\/","name":"times-square","description":"times-square","publisher":{"@id":"https:\/\/welcome-to-times-square.com\/de\/#organization"},"potentialAction":[{"@type":"SearchAction","target":{"@type":"EntryPoint","urlTemplate":"https:\/\/welcome-to-times-square.com\/de\/?s={search_term_string}"},"query-input":{"@type":"PropertyValueSpecification","valueRequired":true,"valueName":"search_term_string"}}],"inLanguage":"de"},{"@type":"Organization","@id":"https:\/\/welcome-to-times-square.com\/de\/#organization","name":"times-square","url":"https:\/\/welcome-to-times-square.com\/de\/","logo":{"@type":"ImageObject","inLanguage":"de","@id":"https:\/\/welcome-to-times-square.com\/de\/#\/schema\/logo\/image\/","url":"https:\/\/welcome-to-times-square.com\/wp-content\/uploads\/2024\/03\/welcome-to-time-square-logo-with-r.png","contentUrl":"https:\/\/welcome-to-times-square.com\/wp-content\/uploads\/2024\/03\/welcome-to-time-square-logo-with-r.png","width":500,"height":342,"caption":"times-square"},"image":{"@id":"https:\/\/welcome-to-times-square.com\/de\/#\/schema\/logo\/image\/"}}]}},"_hostinger_reach_plugin_has_subscription_block":false,"_hostinger_reach_plugin_is_elementor":false,"_links":{"self":[{"href":"https:\/\/welcome-to-times-square.com\/de\/wp-json\/wp\/v2\/pages\/9265","targetHints":{"allow":["GET"]}}],"collection":[{"href":"https:\/\/welcome-to-times-square.com\/de\/wp-json\/wp\/v2\/pages"}],"about":[{"href":"https:\/\/welcome-to-times-square.com\/de\/wp-json\/wp\/v2\/types\/page"}],"author":[{"embeddable":true,"href":"https:\/\/welcome-to-times-square.com\/de\/wp-json\/wp\/v2\/users\/53"}],"replies":[{"embeddable":true,"href":"https:\/\/welcome-to-times-square.com\/de\/wp-json\/wp\/v2\/comments?post=9265"}],"version-history":[{"count":2,"href":"https:\/\/welcome-to-times-square.com\/de\/wp-json\/wp\/v2\/pages\/9265\/revisions"}],"predecessor-version":[{"id":9272,"href":"https:\/\/welcome-to-times-square.com\/de\/wp-json\/wp\/v2\/pages\/9265\/revisions\/9272"}],"wp:attachment":[{"href":"https:\/\/welcome-to-times-square.com\/de\/wp-json\/wp\/v2\/media?parent=9265"}],"curies":[{"name":"wp","href":"https:\/\/api.w.org\/{rel}","templated":true}]}}