{"id":9295,"date":"2021-07-21T14:55:20","date_gmt":"2021-07-21T14:55:20","guid":{"rendered":"https:\/\/welcome-to-times-square.com\/20-principles-for-creating-change\/"},"modified":"2025-06-09T11:31:21","modified_gmt":"2025-06-09T11:31:21","slug":"20-principles-for-creating-change","status":"publish","type":"page","link":"https:\/\/welcome-to-times-square.com\/de\/20-principles-for-creating-change\/","title":{"rendered":"Public Spaces and Urban Life"},"content":{"rendered":"<p>[vc_row full_width=&#8220;stretch_row&#8220; css=&#8220;.vc_custom_1627402630091{margin-top: 28px !important;margin-right: 0px !important;margin-bottom: 0px !important;margin-left: 0px !important;padding-top: 0px !important;padding-right: 0px !important;padding-bottom: 0px !important;padding-left: 0px !important;}&#8220; el_class=&#8220;main-97676&#8243;][vc_column css=&#8220;.vc_custom_1626939874126{margin: 0px !important;padding: 0px !important;border: 0px initial !important;}&#8220;][vc_row_inner equal_height=&#8220;yes&#8220; el_class=&#8220;text-banner11&#8243;][vc_column_inner width=&#8220;1\/2&#8243; css=&#8220;.vc_custom_1626940693197{margin-top: 0px !important;margin-right: 0px !important;margin-bottom: 0px !important;margin-left: 0px !important;padding-top: 20px !important;padding-right: 20px !important;padding-bottom: 20px !important;padding-left: 20px !important;background-image: url(https:\/\/welcome-to-times-square.com\/wp-content\/uploads\/2021\/07\/dd1.jpg?id=1431) !important;background-position: center !important;background-repeat: no-repeat !important;background-size: cover !important;}&#8220;][vc_column_text]<\/p>\n<h2>Public Spaces and Urban Life<\/h2>\n<div id=\"gtx-trans\" style=\"position: absolute; left: 281px; top: 38px;\">\n<div class=\"gtx-trans-icon\"><\/div>\n<\/div>\n<p>[\/vc_column_text][vc_column_text]Laut UN-Habitat sind ein lebendiges Stra\u00dfenleben, gute Arbeitsbedingungen und erschwingliche Preise die Schl\u00fcsselfaktoren f\u00fcr eine nachhaltige Stadtentwicklung.<\/p>\n<p>Lebendiges Stra\u00dfenleben:<br \/>\nLebendiges Stra\u00dfenleben kann gef\u00f6rdert und unterst\u00fctzt werden, indem der Individualverkehr reduziert, die Stra\u00dfen verbreitert und vielf\u00e4ltige Aktivit\u00e4ten erm\u00f6glicht werden. Es regt Menschen dazu an, zu Fu\u00df oder mit dem Fahrrad unterwegs zu sein.<\/p>\n<p>Gehf\u00e4higkeit: Die F\u00f6rderung der Gehf\u00e4higkeit ist entscheidend, um Menschen in den \u00f6ffentlichen Raum zu bringen. Sie tr\u00e4gt au\u00dferdem dazu bei, Staus zu reduzieren und die lokale Wirtschaft und die Interaktion zu st\u00e4rken. Sie lindert zudem Probleme der Luftverschmutzung und der Ressourcenknappheit. Fu\u00dfg\u00e4ngerverkehr bringt Leben ins Stadtleben.<\/p>\n<p>Erschwinglichkeit: Die Erschwinglichkeit von wirtschaftlichen Aktivit\u00e4ten und Dienstleistungen wird durch die F\u00f6rderung von N\u00e4he und die Senkung der Kosten f\u00fcr eine vielf\u00e4ltige Nutzergruppe unterst\u00fctzt. Eine erschwingliche Stadt ist das wichtigste Merkmal einer nachhaltigen Stadt. \u00d6ffentliche R\u00e4ume bestimmen die kulturellen, sozialen und wirtschaftlichen Funktionen von St\u00e4dten. Sie sind die ersten Indikatoren f\u00fcr den Status eines Ortes. Der Mangel an Ressourcen und das fehlende Verst\u00e4ndnis f\u00fcr die Nutzung des \u00f6ffentlichen Raums als ganzheitliches und multifunktionales urbanes System f\u00fchren oft dazu, dass der Wert \u00f6ffentlicher R\u00e4ume \u00fcbersehen wird.[\/vc_column_text][\/vc_column_inner][vc_column_inner width=&#8220;1\/2&#8243; css=&#8220;.vc_custom_1626939926058{margin: 0px !important;padding: 0px !important;}&#8220;][vc_images_carousel images=&#8220;1421,1423&#8243; img_size=&#8220;full&#8220; onclick=&#8220;link_no&#8220; speed=&#8220;2000&#8243; autoplay=&#8220;yes&#8220; hide_prev_next_buttons=&#8220;yes&#8220; wrap=&#8220;yes&#8220; css=&#8220;.vc_custom_1626942472084{margin-top: 0px !important;margin-right: 0px !important;margin-bottom: 0px !important;margin-left: 0px !important;padding-top: 0px !important;padding-right: 0px !important;padding-bottom: 0px !important;padding-left: 0px !important;}&#8220;][\/vc_column_inner][\/vc_row_inner][\/vc_column][\/vc_row][vc_row full_width=&#8220;stretch_row&#8220; css=&#8220;.vc_custom_1627402678677{margin-top: 0px !important;padding-top: 0px !important;padding-bottom: 20px !important;background-image: url(https:\/\/welcome-to-times-square.com\/wp-content\/uploads\/2021\/07\/bg676.jpg?id=417) !important;background-position: center !important;background-repeat: no-repeat !important;background-size: cover !important;}&#8220; el_class=&#8220;main-title312&#8243;][vc_column width=&#8220;1\/2&#8243;][vc_column_text]<\/p>\n<h2 style=\"text-align: left;\">Role and importance of Public Spaces<\/h2>\n<div id=\"gtx-trans\" style=\"position: absolute; left: 315px; top: -5.09375px;\">\n<div class=\"gtx-trans-icon\"><\/div>\n<\/div>\n<p>[\/vc_column_text][\/vc_column][vc_column width=&#8220;1\/2&#8243;][vc_column_text]<\/p>\n<h2 style=\"text-align: right; font-size: 16px !important;\"><a style=\"color: #c00;\" href=\"https:\/\/welcome-to-times-square.com\/de\/\"> HOME <\/a> \/ 20 PRINCIPLES FOR CREATING CHANGE<\/h2>\n<p>[\/vc_column_text][\/vc_column][\/vc_row][vc_row full_width=&#8220;stretch_row&#8220; css=&#8220;.vc_custom_1627404173873{margin-top: 0px !important;margin-right: 0px !important;margin-bottom: 0px !important;margin-left: 0px !important;padding-top: 80px !important;padding-right: 40px !important;padding-bottom: 40px !important;padding-left: 40px !important;background-color: #f3f3f3 !important;}&#8220; el_class=&#8220;main-97676&#8243;][vc_column width=&#8220;1\/2&#8243; css=&#8220;.vc_custom_1626939874126{margin: 0px !important;padding: 0px !important;border: 0px initial !important;}&#8220;][vc_single_image image=&#8220;1544&#8243; img_size=&#8220;full&#8220;][\/vc_column][vc_column width=&#8220;1\/2&#8243; el_class=&#8220;text31&#8243;][vc_column_text]\u00d6ffentlicher Raum \u2013 Symbol urbaner Zivilisation<\/p>\n<p>Im \u00f6ffentlichen Raum \u00fcben Menschen vielf\u00e4ltige Aktivit\u00e4ten aus, die von allen geteilt werden. Er ist der Ort, an dem sie Freizeit- und Kulturangebote wahrnehmen, sich treffen oder einfach nur flanieren. Qualitativ hochwertige \u00f6ffentliche R\u00e4ume tragen zu zivilisiertem Verhalten bei, was wiederum zu qualitativ hochwertigen \u00f6ffentlichen R\u00e4umen f\u00fchren kann. Der \u00f6ffentliche Raum ist Ausdruck der Zivilisation einer Stadt und somit Symbol urbaner Zivilisation.<\/p>\n<p>\u00d6ffentliche R\u00e4ume sind unser urbanes Gemeingut<br \/>\nDie Qualit\u00e4t des \u00f6ffentlichen Raums einer Stadt ist ein Indikator f\u00fcr gemeinsamen Wohlstand. Daher verdienen \u00f6ffentliche R\u00e4ume h\u00f6chste Aufmerksamkeit. \u00d6ffentliche R\u00e4ume dienen allen Bewohnern, insbesondere den benachteiligten Gruppen, und ben\u00f6tigen daher Aufmerksamkeit und Pflege. \u00d6ffentliche R\u00e4ume geh\u00f6ren allen Bewohnern, daher erh\u00f6hen Investitionen in \u00f6ffentliche R\u00e4ume das gemeinsame st\u00e4dtische Kapital der Menschen.<\/p>\n<p>\u00d6ffentliche R\u00e4ume schaffen Wohlstand.<br \/>\n\u00d6ffentlicher Raum bietet wichtige Vorteile f\u00fcr alle Arten von Unternehmen. \u00d6ffentliche R\u00e4ume sind Orte, an denen informelle Unternehmen legal betrieben werden k\u00f6nnen. Sie bieten \u00e4rmeren Stadtbewohnern wertvolle Existenzgrundlagen, und informeller Handel kann im \u00f6ffentlichen Raum stattfinden.<\/p>\n<p>\u00d6ffentliche R\u00e4ume f\u00f6rdern \u00f6kologische Nachhaltigkeit<br \/>\nIn st\u00e4dtischen Gebieten k\u00f6nnen durch gut geplante \u00f6ffentliche R\u00e4ume gr\u00fcne Netzwerke geschaffen werden, um die Umweltvernetzung durch Zoos, Parks und die Artenvielfalt zu f\u00f6rdern. Dies bringt zahlreiche Vorteile f\u00fcr die B\u00fcrgerinnen und B\u00fcrger und zieht Besucherinnen und Besucher an. \u00d6ffentliche R\u00e4ume k\u00f6nnen eine \u00e4u\u00dferst wichtige Rolle bei den Anpassungsstrategien an den Klimawandel spielen.<\/p>\n<p>\u00d6ffentliche R\u00e4ume steigern die Verkehrseffizienz<br \/>\nDurch die Gestaltung und Steuerung von Verkehrsmitteln und die Priorisierung von Rad- und Fu\u00dfwegen tragen \u00f6ffentliche R\u00e4ume dazu bei, Staus, Verkehrsunf\u00e4lle und Reisezeiten zu reduzieren. Die freie Fortbewegung zu Fu\u00df, mit dem Fahrrad, dem Auto oder \u00f6ffentlichen Verkehrsmitteln ist eine der Hauptfunktionen des \u00f6ffentlichen Raums. Gut gestaltete \u00f6ffentliche R\u00e4ume f\u00f6rdern das Gehen und Radfahren und schaffen durch reduzierte Geschwindigkeiten und Nutzung der Fahrzeuge eine sichere Umgebung.<\/p>\n<p>\u00d6ffentliche R\u00e4ume tragen zur Verbesserung der \u00f6ffentlichen Gesundheit bei<br \/>\n\u00d6ffentliche R\u00e4ume bieten M\u00f6glichkeiten f\u00fcr k\u00f6rperliche Aktivit\u00e4t und Spiel und machen das Gehen attraktiver, tragen zum Stressabbau bei und schaffen eine beruhigende Umgebung. Der Zugang zu einem gepflegten \u00f6ffentlichen Raum kann die k\u00f6rperliche und geistige Gesundheit verbessern, indem er mehr Spazierg\u00e4nge, Spielm\u00f6glichkeiten und die M\u00f6glichkeit zum Genie\u00dfen der Umwelt erm\u00f6glicht. Sie sind wirksame Mittel im Kampf gegen viele Formen von Krankheiten.<\/p>\n<p>\u00d6ffentlicher Raum erh\u00f6ht die Sicherheit in St\u00e4dten<br \/>\nEin vielf\u00e4ltiger \u00f6ffentlicher Raum schafft einen belebten und lebendigen Ort, der Unsicherheit reduziert. Angst vor Kriminalit\u00e4t h\u00e4lt Menschen davon ab, \u00f6ffentliche R\u00e4ume zu nutzen. Kinder, Frauen und \u00e4ltere Menschen werden oft aus Angst vor Kriminalit\u00e4t und Gewalt von der Nutzung \u00f6ffentlicher R\u00e4ume abgehalten. Die Umgestaltung und ein besseres Management des \u00f6ffentlichen Raums k\u00f6nnen dazu beitragen, diese \u00c4ngste abzubauen, indem sie einen breiten Bev\u00f6lkerungskreis ansprechen.<\/p>\n<p>\u00d6ffentlicher Raum f\u00f6rdert Gerechtigkeit und soziale Inklusion<br \/>\n\u00d6ffentlicher Raum hilft Menschen, sich zu engagieren und sich f\u00fcr die Stadt zu engagieren. Eine Stadt wird also von ihrer Bev\u00f6lkerung gepr\u00e4gt, die ma\u00dfgeblich davon abh\u00e4ngt, ob st\u00e4dtische Systeme den Bewohnern gleiche Entwicklungsm\u00f6glichkeiten bieten.<\/p>\n<p>\u00d6ffentlicher Raum: Instrumente f\u00fcr altersgerechte und geschlechtergerechte St\u00e4dte<br \/>\n\u00d6ffentliche R\u00e4ume und Stra\u00dfen sind hervorragende Instrumente f\u00fcr frauenfreundliche St\u00e4dte. Stra\u00dfen und \u00f6ffentliche R\u00e4ume werden von Frauen h\u00e4ufiger f\u00fcr verschiedene Zwecke genutzt als von M\u00e4nnern. Daher ist es wichtig, ihnen sichere Stra\u00dfen und \u00f6ffentliche R\u00e4ume zu bieten. Eine frauenfreundliche Stadt zeichnet sich daher durch bessere Dienstleistungen und sicherere \u00f6ffentliche R\u00e4ume aus. \u00d6ffentliche R\u00e4ume bieten ideale M\u00f6glichkeiten f\u00fcr B\u00fcrgerbeteiligung.<br \/>\nOftmals engagieren sich B\u00fcrger f\u00fcr \u00f6ffentliche R\u00e4ume, die sie gestalten oder erhalten m\u00f6chten. \u00d6ffentliche R\u00e4ume k\u00f6nnen daher soziales Kapital aufbauen.<\/p>\n<p>\u00d6ffentliche R\u00e4ume machen St\u00e4dte gro\u00dfartig.<br \/>\nSt\u00e4dte k\u00f6nnen nur dann gro\u00dfartig werden, wenn sie sich f\u00fcr die Entwicklung eines gro\u00dfartigen \u00f6ffentlichen Raumsystems engagieren. Gro\u00dfartige St\u00e4dte zeichnen sich nicht nur durch ihre Geb\u00e4ude aus, sondern auch durch die Gestaltung und Pflege \u00f6ffentlicher R\u00e4ume.[\/vc_column_text][\/vc_column][\/vc_row][vc_row][vc_column][vc_raw_html]JTNDJTIxLS0lMjBNZXRhJTIwUGl4ZWwlMjBDb2RlJTIwLS0lM0UlMEElM0NzY3JpcHQlM0UlMEElMjFmdW5jdGlvbiUyOGYlMkNiJTJDZSUyQ3YlMkNuJTJDdCUyQ3MlMjklMEElN0JpZiUyOGYuZmJxJTI5cmV0dXJuJTNCbiUzRGYuZmJxJTNEZnVuY3Rpb24lMjglMjklN0JuLmNhbGxNZXRob2QlM0YlMEFuLmNhbGxNZXRob2QuYXBwbHklMjhuJTJDYXJndW1lbnRzJTI5JTNBbi5xdWV1ZS5wdXNoJTI4YXJndW1lbnRzJTI5JTdEJTNCJTBBaWYlMjglMjFmLl9mYnElMjlmLl9mYnElM0RuJTNCbi5wdXNoJTNEbiUzQm4ubG9hZGVkJTNEJTIxMCUzQm4udmVyc2lvbiUzRCUyNzIuMCUyNyUzQiUwQW4ucXVldWUlM0QlNUIlNUQlM0J0JTNEYi5jcmVhdGVFbGVtZW50JTI4ZSUyOSUzQnQuYXN5bmMlM0QlMjEwJTNCJTBBdC5zcmMlM0R2JTNCcyUzRGIuZ2V0RWxlbWVudHNCeVRhZ05hbWUlMjhlJTI5JTVCMCU1RCUzQiUwQXMucGFyZW50Tm9kZS5pbnNlcnRCZWZvcmUlMjh0JTJDcyUyOSU3RCUyOHdpbmRvdyUyQyUyMGRvY3VtZW50JTJDJTI3c2NyaXB0JTI3JTJDJTBBJTI3aHR0cHMlM0ElMkYlMkZjb25uZWN0LmZhY2Vib29rLm5ldCUyRmVuX1VTJTJGZmJldmVudHMuanMlMjclMjklM0IlMEFmYnElMjglMjdpbml0JTI3JTJDJTIwJTI3MTc1MTgxMTAwODYyNDAzOSUyNyUyOSUzQiUwQWZicSUyOCUyN3RyYWNrJTI3JTJDJTIwJTI3UGFnZVZpZXclMjclMjklM0IlMEElM0MlMkZzY3JpcHQlM0UlMEElM0Nub3NjcmlwdCUzRSUzQ2ltZyUyMGhlaWdodCUzRCUyMjElMjIlMjB3aWR0aCUzRCUyMjElMjIlMjBzdHlsZSUzRCUyMmRpc3BsYXklM0Fub25lJTIyJTBBc3JjJTNEJTIyaHR0cHMlM0ElMkYlMkZ3d3cuZmFjZWJvb2suY29tJTJGdHIlM0ZpZCUzRDE3NTE4MTEwMDg2MjQwMzklMjZldiUzRFBhZ2VWaWV3JTI2bm9zY3JpcHQlM0QxJTIyJTBBJTJGJTNFJTNDJTJGbm9zY3JpcHQlM0UlMEElM0MlMjEtLSUyMEVuZCUyME1ldGElMjBQaXhlbCUyMENvZGUlMjAtLSUzRQ==[\/vc_raw_html][\/vc_column][\/vc_row]<\/p>\n","protected":false},"excerpt":{"rendered":"[vc_row full_width=\"stretch_row\" css=\".vc_custom_1627402630091{margin-top: 28px !important;margin-right: 0px !important;margin-bottom: 0px !important;margin-left: 0px !important;padding-top: 0px !important;padding-right: 0px !important;padding-bottom: 0px !important;padding-left: 0px !important;}\" el_class=\"main-97676\"][vc_column css=\".vc_custom_1626939874126{margin: 0px !important;padding: 0px !important;border: 0px initial !important;}\"][vc_row_inner equal_height=\"yes\" el_class=\"text-banner11\"][vc_column_inner width=\"1\/2\" css=\".vc_custom_1626940693197{margin-top: 0px !important;margin-right: 0px !important;margin-bottom: 0px !important;margin-left: 0px !important;padding-top: 20px !important;padding-right: 20px !important;padding-bottom: 20px !important;padding-left: 20px !important;background-image: url(https:\/\/welcome-to-times-square.com\/wp-content\/uploads\/2021\/07\/dd1.jpg?id=1431) !important;background-position: center !important;background-repeat: no-repeat !important;background-size: cover [...]<a href=\"https:\/\/welcome-to-times-square.com\/de\/20-principles-for-creating-change\/\" class=\"read-more wyz-secondary-color-text\">read more<span class=\"screen-reader-text\">Public Spaces and Urban Life<\/span><\/a>","protected":false},"author":53,"featured_media":0,"parent":0,"menu_order":0,"comment_status":"closed","ping_status":"closed","template":"","meta":{"footnotes":""},"class_list":["post-9295","page","type-page","status-publish","hentry"],"yoast_head":"<!-- This site is optimized with the Yoast SEO plugin v27.2 - https:\/\/yoast.com\/product\/yoast-seo-wordpress\/ -->\n<title>Public Spaces and Urban Life - times-square<\/title>\n<meta name=\"robots\" content=\"index, follow, max-snippet:-1, max-image-preview:large, max-video-preview:-1\" \/>\n<link rel=\"canonical\" href=\"https:\/\/welcome-to-times-square.com\/de\/20-principles-for-creating-change\/\" \/>\n<meta property=\"og:locale\" content=\"de_DE\" \/>\n<meta property=\"og:type\" content=\"article\" \/>\n<meta property=\"og:title\" content=\"Public Spaces and Urban Life - times-square\" \/>\n<meta property=\"og:description\" content=\"[vc_row full_width=&#8220;stretch_row&#8220; css=&#8220;.vc_custom_1627402630091{margin-top: 28px !important;margin-right: 0px !important;margin-bottom: 0px !important;margin-left: 0px !important;padding-top: 0px !important;padding-right: 0px !important;padding-bottom: 0px !important;padding-left: 0px !important;}&#8220; el_class=&#8220;main-97676&#8243;][vc_column css=&#8220;.vc_custom_1626939874126{margin: 0px !important;padding: 0px !important;border: 0px initial !important;}&#8220;][vc_row_inner equal_height=&#8220;yes&#8220; el_class=&#8220;text-banner11&#8243;][vc_column_inner width=&#8220;1\/2&#8243; css=&#8220;.vc_custom_1626940693197{margin-top: 0px !important;margin-right: 0px !important;margin-bottom: 0px !important;margin-left: 0px !important;padding-top: 20px !important;padding-right: 20px !important;padding-bottom: 20px !important;padding-left: 20px !important;background-image: url(https:\/\/welcome-to-times-square.com\/wp-content\/uploads\/2021\/07\/dd1.jpg?id=1431) !important;background-position: center !important;background-repeat: no-repeat !important;background-size: cover [...]read morePublic Spaces and Urban Life\" \/>\n<meta property=\"og:url\" content=\"https:\/\/welcome-to-times-square.com\/de\/20-principles-for-creating-change\/\" \/>\n<meta property=\"og:site_name\" content=\"times-square\" \/>\n<meta property=\"article:modified_time\" content=\"2025-06-09T11:31:21+00:00\" \/>\n<meta name=\"twitter:card\" content=\"summary_large_image\" \/>\n<meta name=\"twitter:label1\" content=\"Gesch\u00e4tzte Lesezeit\" \/>\n\t<meta name=\"twitter:data1\" content=\"5\u00a0Minuten\" \/>\n<script type=\"application\/ld+json\" class=\"yoast-schema-graph\">{\"@context\":\"https:\/\/schema.org\",\"@graph\":[{\"@type\":\"WebPage\",\"@id\":\"https:\/\/welcome-to-times-square.com\/de\/20-principles-for-creating-change\/\",\"url\":\"https:\/\/welcome-to-times-square.com\/de\/20-principles-for-creating-change\/\",\"name\":\"Public Spaces and Urban Life - times-square\",\"isPartOf\":{\"@id\":\"https:\/\/welcome-to-times-square.com\/de\/#website\"},\"datePublished\":\"2021-07-21T14:55:20+00:00\",\"dateModified\":\"2025-06-09T11:31:21+00:00\",\"breadcrumb\":{\"@id\":\"https:\/\/welcome-to-times-square.com\/de\/20-principles-for-creating-change\/#breadcrumb\"},\"inLanguage\":\"de\",\"potentialAction\":[{\"@type\":\"ReadAction\",\"target\":[\"https:\/\/welcome-to-times-square.com\/de\/20-principles-for-creating-change\/\"]}]},{\"@type\":\"BreadcrumbList\",\"@id\":\"https:\/\/welcome-to-times-square.com\/de\/20-principles-for-creating-change\/#breadcrumb\",\"itemListElement\":[{\"@type\":\"ListItem\",\"position\":1,\"name\":\"Home\",\"item\":\"https:\/\/welcome-to-times-square.com\/de\/\"},{\"@type\":\"ListItem\",\"position\":2,\"name\":\"Public Spaces and Urban Life\"}]},{\"@type\":\"WebSite\",\"@id\":\"https:\/\/welcome-to-times-square.com\/de\/#website\",\"url\":\"https:\/\/welcome-to-times-square.com\/de\/\",\"name\":\"times-square\",\"description\":\"times-square\",\"publisher\":{\"@id\":\"https:\/\/welcome-to-times-square.com\/de\/#organization\"},\"potentialAction\":[{\"@type\":\"SearchAction\",\"target\":{\"@type\":\"EntryPoint\",\"urlTemplate\":\"https:\/\/welcome-to-times-square.com\/de\/?s={search_term_string}\"},\"query-input\":{\"@type\":\"PropertyValueSpecification\",\"valueRequired\":true,\"valueName\":\"search_term_string\"}}],\"inLanguage\":\"de\"},{\"@type\":\"Organization\",\"@id\":\"https:\/\/welcome-to-times-square.com\/de\/#organization\",\"name\":\"times-square\",\"url\":\"https:\/\/welcome-to-times-square.com\/de\/\",\"logo\":{\"@type\":\"ImageObject\",\"inLanguage\":\"de\",\"@id\":\"https:\/\/welcome-to-times-square.com\/de\/#\/schema\/logo\/image\/\",\"url\":\"https:\/\/welcome-to-times-square.com\/wp-content\/uploads\/2024\/03\/welcome-to-time-square-logo-with-r.png\",\"contentUrl\":\"https:\/\/welcome-to-times-square.com\/wp-content\/uploads\/2024\/03\/welcome-to-time-square-logo-with-r.png\",\"width\":500,\"height\":342,\"caption\":\"times-square\"},\"image\":{\"@id\":\"https:\/\/welcome-to-times-square.com\/de\/#\/schema\/logo\/image\/\"}}]}<\/script>\n<!-- \/ Yoast SEO plugin. -->","yoast_head_json":{"title":"Public Spaces and Urban Life - times-square","robots":{"index":"index","follow":"follow","max-snippet":"max-snippet:-1","max-image-preview":"max-image-preview:large","max-video-preview":"max-video-preview:-1"},"canonical":"https:\/\/welcome-to-times-square.com\/de\/20-principles-for-creating-change\/","og_locale":"de_DE","og_type":"article","og_title":"Public Spaces and Urban Life - times-square","og_description":"[vc_row full_width=&#8220;stretch_row&#8220; css=&#8220;.vc_custom_1627402630091{margin-top: 28px !important;margin-right: 0px !important;margin-bottom: 0px !important;margin-left: 0px !important;padding-top: 0px !important;padding-right: 0px !important;padding-bottom: 0px !important;padding-left: 0px !important;}&#8220; el_class=&#8220;main-97676&#8243;][vc_column css=&#8220;.vc_custom_1626939874126{margin: 0px !important;padding: 0px !important;border: 0px initial !important;}&#8220;][vc_row_inner equal_height=&#8220;yes&#8220; el_class=&#8220;text-banner11&#8243;][vc_column_inner width=&#8220;1\/2&#8243; css=&#8220;.vc_custom_1626940693197{margin-top: 0px !important;margin-right: 0px !important;margin-bottom: 0px !important;margin-left: 0px !important;padding-top: 20px !important;padding-right: 20px !important;padding-bottom: 20px !important;padding-left: 20px !important;background-image: url(https:\/\/welcome-to-times-square.com\/wp-content\/uploads\/2021\/07\/dd1.jpg?id=1431) !important;background-position: center !important;background-repeat: no-repeat !important;background-size: cover [...]read morePublic Spaces and Urban Life","og_url":"https:\/\/welcome-to-times-square.com\/de\/20-principles-for-creating-change\/","og_site_name":"times-square","article_modified_time":"2025-06-09T11:31:21+00:00","twitter_card":"summary_large_image","twitter_misc":{"Gesch\u00e4tzte Lesezeit":"5\u00a0Minuten"},"schema":{"@context":"https:\/\/schema.org","@graph":[{"@type":"WebPage","@id":"https:\/\/welcome-to-times-square.com\/de\/20-principles-for-creating-change\/","url":"https:\/\/welcome-to-times-square.com\/de\/20-principles-for-creating-change\/","name":"Public Spaces and Urban Life - times-square","isPartOf":{"@id":"https:\/\/welcome-to-times-square.com\/de\/#website"},"datePublished":"2021-07-21T14:55:20+00:00","dateModified":"2025-06-09T11:31:21+00:00","breadcrumb":{"@id":"https:\/\/welcome-to-times-square.com\/de\/20-principles-for-creating-change\/#breadcrumb"},"inLanguage":"de","potentialAction":[{"@type":"ReadAction","target":["https:\/\/welcome-to-times-square.com\/de\/20-principles-for-creating-change\/"]}]},{"@type":"BreadcrumbList","@id":"https:\/\/welcome-to-times-square.com\/de\/20-principles-for-creating-change\/#breadcrumb","itemListElement":[{"@type":"ListItem","position":1,"name":"Home","item":"https:\/\/welcome-to-times-square.com\/de\/"},{"@type":"ListItem","position":2,"name":"Public Spaces and Urban Life"}]},{"@type":"WebSite","@id":"https:\/\/welcome-to-times-square.com\/de\/#website","url":"https:\/\/welcome-to-times-square.com\/de\/","name":"times-square","description":"times-square","publisher":{"@id":"https:\/\/welcome-to-times-square.com\/de\/#organization"},"potentialAction":[{"@type":"SearchAction","target":{"@type":"EntryPoint","urlTemplate":"https:\/\/welcome-to-times-square.com\/de\/?s={search_term_string}"},"query-input":{"@type":"PropertyValueSpecification","valueRequired":true,"valueName":"search_term_string"}}],"inLanguage":"de"},{"@type":"Organization","@id":"https:\/\/welcome-to-times-square.com\/de\/#organization","name":"times-square","url":"https:\/\/welcome-to-times-square.com\/de\/","logo":{"@type":"ImageObject","inLanguage":"de","@id":"https:\/\/welcome-to-times-square.com\/de\/#\/schema\/logo\/image\/","url":"https:\/\/welcome-to-times-square.com\/wp-content\/uploads\/2024\/03\/welcome-to-time-square-logo-with-r.png","contentUrl":"https:\/\/welcome-to-times-square.com\/wp-content\/uploads\/2024\/03\/welcome-to-time-square-logo-with-r.png","width":500,"height":342,"caption":"times-square"},"image":{"@id":"https:\/\/welcome-to-times-square.com\/de\/#\/schema\/logo\/image\/"}}]}},"_hostinger_reach_plugin_has_subscription_block":false,"_hostinger_reach_plugin_is_elementor":false,"_links":{"self":[{"href":"https:\/\/welcome-to-times-square.com\/de\/wp-json\/wp\/v2\/pages\/9295","targetHints":{"allow":["GET"]}}],"collection":[{"href":"https:\/\/welcome-to-times-square.com\/de\/wp-json\/wp\/v2\/pages"}],"about":[{"href":"https:\/\/welcome-to-times-square.com\/de\/wp-json\/wp\/v2\/types\/page"}],"author":[{"embeddable":true,"href":"https:\/\/welcome-to-times-square.com\/de\/wp-json\/wp\/v2\/users\/53"}],"replies":[{"embeddable":true,"href":"https:\/\/welcome-to-times-square.com\/de\/wp-json\/wp\/v2\/comments?post=9295"}],"version-history":[{"count":2,"href":"https:\/\/welcome-to-times-square.com\/de\/wp-json\/wp\/v2\/pages\/9295\/revisions"}],"predecessor-version":[{"id":13816,"href":"https:\/\/welcome-to-times-square.com\/de\/wp-json\/wp\/v2\/pages\/9295\/revisions\/13816"}],"wp:attachment":[{"href":"https:\/\/welcome-to-times-square.com\/de\/wp-json\/wp\/v2\/media?parent=9295"}],"curies":[{"name":"wp","href":"https:\/\/api.w.org\/{rel}","templated":true}]}}