{"id":9300,"date":"2021-09-04T15:04:00","date_gmt":"2021-09-04T15:04:00","guid":{"rendered":"https:\/\/welcome-to-times-square.com\/sponsor-seasonal-events\/"},"modified":"2025-01-20T11:18:28","modified_gmt":"2025-01-20T11:18:28","slug":"sponsor-seasonal-events","status":"publish","type":"page","link":"https:\/\/welcome-to-times-square.com\/de\/sponsor-seasonal-events\/","title":{"rendered":"Sponsor saisonaler Events"},"content":{"rendered":"<p>[vc_row full_width=&#8220;stretch_row&#8220; css=&#8220;.vc_custom_1627402630091{margin-top: 28px !important;margin-right: 0px !important;margin-bottom: 0px !important;margin-left: 0px !important;padding-top: 0px !important;padding-right: 0px !important;padding-bottom: 0px !important;padding-left: 0px !important;}&#8220; el_class=&#8220;main-97676&#8243;][vc_column css=&#8220;.vc_custom_1626939874126{margin: 0px !important;padding: 0px !important;border: 0px initial !important;}&#8220;][vc_row_inner equal_height=&#8220;yes&#8220; el_class=&#8220;text-banner11&#8243;][vc_column_inner width=&#8220;1\/2&#8243; css=&#8220;.vc_custom_1626940693197{margin-top: 0px !important;margin-right: 0px !important;margin-bottom: 0px !important;margin-left: 0px !important;padding-top: 20px !important;padding-right: 20px !important;padding-bottom: 20px !important;padding-left: 20px !important;background-image: url(https:\/\/welcome-to-times-square.com\/wp-content\/uploads\/2021\/07\/dd1.jpg?id=1431) !important;background-position: center !important;background-repeat: no-repeat !important;background-size: cover !important;}&#8220;][vc_column_text css=&#8220;.vc_custom_1630769236051{margin-top: -50px !important;}&#8220;]<\/p>\n<h2>Sponsor saisonaler Events<\/h2>\n<p>[\/vc_column_text][vc_column_text]Der Times Square ist der kultigste Ort f\u00fcr Au\u00dfenwerbung auf der Welt, an dem alle gro\u00dfen Marken um den Spot konkurrieren. Unternehmen bringen ihre besten kreativen Ideen und Botschaften zum Vorschein, um die Besucher zu begeistern. Die riesigen Werbetafeln und die blinkenden Lichter sind die beste Plattform f\u00fcr Werbung. Es ist das Mekka der Werbung. Wenn man an den Times Square denkt, kommen einem sofort die riesigen Lichter, riesigen Anzeigen und Schilder in den Sinn. Der Times Square hat sich zum Epizentrum gro\u00dfer Unternehmen entwickelt, die ihre Marken den Millionen von Touristen im Big Apple pr\u00e4sentieren. Mit mehr als 100 Millionen Menschen, die jedes Jahr vorbeikommen, gibt es keinen besseren Ort f\u00fcr Werbung als den Times Square. Aufgrund der enormen Anzahl von Touristen, die den Platz passieren, kann eine einzelne Werbetafel jeden Tag Millionen von Eindr\u00fccken erzielen.<br \/>\n[\/vc_column_text][\/vc_column_inner][vc_column_inner width=&#8220;1\/2&#8243; css=&#8220;.vc_custom_1626939926058{margin: 0px !important;padding: 0px !important;}&#8220;][vc_images_carousel images=&#8220;1421,1423&#8243; img_size=&#8220;full&#8220; onclick=&#8220;link_no&#8220; speed=&#8220;2000&#8243; autoplay=&#8220;yes&#8220; hide_prev_next_buttons=&#8220;yes&#8220; wrap=&#8220;yes&#8220; css=&#8220;.vc_custom_1626942472084{margin-top: 0px !important;margin-right: 0px !important;margin-bottom: 0px !important;margin-left: 0px !important;padding-top: 0px !important;padding-right: 0px !important;padding-bottom: 0px !important;padding-left: 0px !important;}&#8220;][\/vc_column_inner][\/vc_row_inner][\/vc_column][\/vc_row][vc_row full_width=&#8220;stretch_row&#8220; css=&#8220;.vc_custom_1627402678677{margin-top: 0px !important;padding-top: 0px !important;padding-bottom: 20px !important;background-image: url(https:\/\/welcome-to-times-square.com\/wp-content\/uploads\/2021\/07\/bg676.jpg?id=417) !important;background-position: center !important;background-repeat: no-repeat !important;background-size: cover !important;}&#8220; el_class=&#8220;main-title312&#8243;][vc_column width=&#8220;1\/2&#8243;][vc_column_text]<\/p>\n<h2 style=\"text-align: left;\">SPONSERN SIE SAISONALE EVENTS<\/h2>\n<p>[\/vc_column_text][\/vc_column][vc_column width=&#8220;1\/2&#8243;][vc_column_text]<\/p>\n<h2 style=\"text-align: right; font-size: 16px !important;\"> <a style=\"color: #c00;\" href=\"https:\/\/welcome-to-times-square.com\/de\/\">HOME <\/a>\/ SPONSOR SAISONALE EVENTS<\/h2>\n<p>[\/vc_column_text][\/vc_column][\/vc_row][vc_row full_width=&#8220;stretch_row&#8220; css=&#8220;.vc_custom_1630687359548{padding-top: 20px !important;padding-bottom: 20px !important;background-color: #f3f3f3 !important;}&#8220; el_class=&#8220;text-b131&#8243;][vc_column][vc_column_text el_class=&#8220;mm54&#8243; css=&#8220;.vc_custom_1630768939014{border-bottom-width: 1px !important;border-bottom-color: #ffffff !important;border-bottom-style: solid !important;}&#8220;]<\/p>\n<h4>Werbekosten am Times Square<\/h4>\n<p>Werbung am Times Square ist f\u00fcr Unternehmen jeder Gr\u00f6\u00dfe zug\u00e4nglich. Die Unternehmen k\u00f6nnen je nach Bedarf \u00fcber digitale Werbetafeln, Solarkioske oder statische Werbetafeln werben. Obwohl der Times Square nur 0,1 % der gesamten Landfl\u00e4che New Yorks einnimmt, erwirtschaftet er 10 % der Wirtschaftsleistung der Stadt. Die Kosten f\u00fcr Werbung am Times Square h\u00e4ngen von den Faktoren, dem gew\u00e4hlten Medienformat, der L\u00e4nge des Programms und dem Anteil der Stimme ab. Eine Plakatwerbung kann f\u00fcr ein eint\u00e4giges Programm zwischen 5.000 und \u00fcber 50.000 US-Dollar kosten.[\/vc_column_text][vc_column_text el_class=&#8220;mm54&#8243; css=&#8220;.vc_custom_1630769137170{border-bottom-width: 1px !important;border-bottom-color: #ffffff !important;border-bottom-style: solid !important;}&#8220;]<\/p>\n<h4>Saisonale Werbung am Times Square<\/h4>\n<p>Am Times Square finden viele saisonale und weltber\u00fchmte Veranstaltungen statt, die Millionen von Touristen aus aller Welt anziehen. Dies ist f\u00fcr Unternehmen eine hervorragende Gelegenheit, f\u00fcr ihre Marken zu werben. Diese Veranstaltungen k\u00f6nnen f\u00fcr Unternehmen enorme Ums\u00e4tze bedeuten. Einige der wichtigsten saisonalen Veranstaltungen am Times Square sind:[\/vc_column_text][vc_column_text el_class=&#8220;mm54&#8243;]<\/p>\n<ol>\n<li><strong>Valentinstag:<\/strong> Der Times Square ist der beliebteste Ort f\u00fcr Paare, um ihre Liebe zu feiern und den Tag zu etwas Besonderem und Einzigartigem zu machen. Tausende str\u00f6men zu diesem Traumziel, um ihre Liebe zu ehren und ihre Romantik mit Heiratsantr\u00e4gen und Versprechen zur Erneuerung vor einem attraktiven Valentinsherz zu feiern. <\/li>\n<li>Dieser Anlass bietet eine gro\u00dfartige Gelegenheit, Heiratsantr\u00e4ge, Zeremonien zur Erneuerung des Eheversprechens und Hochzeiten zu sponsern.<\/li>\n<li><strong>Taste of Times Square:<\/strong> Im Juni warten die Leute auf das j\u00e4hrliche Open-Air-Festival f\u00fcr Essen und Musik \u201eTaste of Times Square\u201c. Es wird von der Time Square Alliance mit den besten Restaurants des Viertels organisiert. Tausende von Anwohnern und Touristen str\u00f6men herbei, um die von Spitzenk\u00f6chen zubereiteten Spezialit\u00e4ten zu genie\u00dfen. Das Megafestival bietet die M\u00f6glichkeit, Musik- und Unterhaltungsprogramme und -gruppen zu sponsern sowie eine Vielzahl von Markenaktivit\u00e4ten w\u00e4hrend einer einw\u00f6chigen Feier durchzuf\u00fchren.   <\/li>\n<li><strong>Sonnenwende am Times Square:<\/strong> Tausende Gesundheitsbegeisterte und Yogis besuchen kostenlose Yoga-Kurse. Die fitness-, gesundheits- und wellnessorientierten Besucher lassen sich durch individuelle Markenaktivierung anlocken. Es ist eine gro\u00dfe Plattform und eine riesige Chance f\u00fcr Marken, sich bekannt zu machen, da die Veranstaltung weltweit \u00fcber eine Milliarde Medieneindr\u00fccke hat.  <\/li>\n<\/ol>\n<p>[\/vc_column_text][\/vc_column][\/vc_row][vc_row][vc_column][\/vc_column][\/vc_row]<\/p>\n","protected":false},"excerpt":{"rendered":"[vc_row full_width=\"stretch_row\" css=\".vc_custom_1627402630091{margin-top: 28px !important;margin-right: 0px !important;margin-bottom: 0px !important;margin-left: 0px !important;padding-top: 0px !important;padding-right: 0px !important;padding-bottom: 0px !important;padding-left: 0px !important;}\" el_class=\"main-97676\"][vc_column css=\".vc_custom_1626939874126{margin: 0px !important;padding: 0px !important;border: 0px initial !important;}\"][vc_row_inner equal_height=\"yes\" el_class=\"text-banner11\"][vc_column_inner width=\"1\/2\" css=\".vc_custom_1626940693197{margin-top: 0px !important;margin-right: 0px !important;margin-bottom: 0px !important;margin-left: 0px !important;padding-top: 20px !important;padding-right: 20px !important;padding-bottom: 20px !important;padding-left: 20px !important;background-image: url(https:\/\/welcome-to-times-square.com\/wp-content\/uploads\/2021\/07\/dd1.jpg?id=1431) !important;background-position: center !important;background-repeat: no-repeat !important;background-size: cover [...]<a href=\"https:\/\/welcome-to-times-square.com\/de\/sponsor-seasonal-events\/\" class=\"read-more wyz-secondary-color-text\">read more<span class=\"screen-reader-text\">Sponsor saisonaler Events<\/span><\/a>","protected":false},"author":53,"featured_media":0,"parent":0,"menu_order":0,"comment_status":"closed","ping_status":"closed","template":"","meta":{"footnotes":""},"class_list":["post-9300","page","type-page","status-publish","hentry"],"yoast_head":"<!-- This site is optimized with the Yoast SEO plugin v27.2 - https:\/\/yoast.com\/product\/yoast-seo-wordpress\/ -->\n<title>Sponsor saisonaler Events - times-square<\/title>\n<meta name=\"robots\" content=\"index, follow, max-snippet:-1, max-image-preview:large, max-video-preview:-1\" \/>\n<link rel=\"canonical\" href=\"https:\/\/welcome-to-times-square.com\/de\/sponsor-seasonal-events\/\" \/>\n<meta property=\"og:locale\" content=\"de_DE\" \/>\n<meta property=\"og:type\" content=\"article\" \/>\n<meta property=\"og:title\" content=\"Sponsor saisonaler Events - times-square\" \/>\n<meta property=\"og:description\" content=\"[vc_row full_width=&#8220;stretch_row&#8220; css=&#8220;.vc_custom_1627402630091{margin-top: 28px !important;margin-right: 0px !important;margin-bottom: 0px !important;margin-left: 0px !important;padding-top: 0px !important;padding-right: 0px !important;padding-bottom: 0px !important;padding-left: 0px !important;}&#8220; el_class=&#8220;main-97676&#8243;][vc_column css=&#8220;.vc_custom_1626939874126{margin: 0px !important;padding: 0px !important;border: 0px initial !important;}&#8220;][vc_row_inner equal_height=&#8220;yes&#8220; el_class=&#8220;text-banner11&#8243;][vc_column_inner width=&#8220;1\/2&#8243; css=&#8220;.vc_custom_1626940693197{margin-top: 0px !important;margin-right: 0px !important;margin-bottom: 0px !important;margin-left: 0px !important;padding-top: 20px !important;padding-right: 20px !important;padding-bottom: 20px !important;padding-left: 20px !important;background-image: url(https:\/\/welcome-to-times-square.com\/wp-content\/uploads\/2021\/07\/dd1.jpg?id=1431) !important;background-position: center !important;background-repeat: no-repeat !important;background-size: cover [...]read moreSponsor saisonaler Events\" \/>\n<meta property=\"og:url\" content=\"https:\/\/welcome-to-times-square.com\/de\/sponsor-seasonal-events\/\" \/>\n<meta property=\"og:site_name\" content=\"times-square\" \/>\n<meta property=\"article:modified_time\" content=\"2025-01-20T11:18:28+00:00\" \/>\n<meta name=\"twitter:card\" content=\"summary_large_image\" \/>\n<meta name=\"twitter:label1\" content=\"Gesch\u00e4tzte Lesezeit\" \/>\n\t<meta name=\"twitter:data1\" content=\"3\u00a0Minuten\" \/>\n<script type=\"application\/ld+json\" class=\"yoast-schema-graph\">{\"@context\":\"https:\/\/schema.org\",\"@graph\":[{\"@type\":\"WebPage\",\"@id\":\"https:\/\/welcome-to-times-square.com\/de\/sponsor-seasonal-events\/\",\"url\":\"https:\/\/welcome-to-times-square.com\/de\/sponsor-seasonal-events\/\",\"name\":\"Sponsor saisonaler Events - times-square\",\"isPartOf\":{\"@id\":\"https:\/\/welcome-to-times-square.com\/de\/#website\"},\"datePublished\":\"2021-09-04T15:04:00+00:00\",\"dateModified\":\"2025-01-20T11:18:28+00:00\",\"breadcrumb\":{\"@id\":\"https:\/\/welcome-to-times-square.com\/de\/sponsor-seasonal-events\/#breadcrumb\"},\"inLanguage\":\"de\",\"potentialAction\":[{\"@type\":\"ReadAction\",\"target\":[\"https:\/\/welcome-to-times-square.com\/de\/sponsor-seasonal-events\/\"]}]},{\"@type\":\"BreadcrumbList\",\"@id\":\"https:\/\/welcome-to-times-square.com\/de\/sponsor-seasonal-events\/#breadcrumb\",\"itemListElement\":[{\"@type\":\"ListItem\",\"position\":1,\"name\":\"Home\",\"item\":\"https:\/\/welcome-to-times-square.com\/de\/\"},{\"@type\":\"ListItem\",\"position\":2,\"name\":\"Sponsor saisonaler Events\"}]},{\"@type\":\"WebSite\",\"@id\":\"https:\/\/welcome-to-times-square.com\/de\/#website\",\"url\":\"https:\/\/welcome-to-times-square.com\/de\/\",\"name\":\"times-square\",\"description\":\"times-square\",\"publisher\":{\"@id\":\"https:\/\/welcome-to-times-square.com\/de\/#organization\"},\"potentialAction\":[{\"@type\":\"SearchAction\",\"target\":{\"@type\":\"EntryPoint\",\"urlTemplate\":\"https:\/\/welcome-to-times-square.com\/de\/?s={search_term_string}\"},\"query-input\":{\"@type\":\"PropertyValueSpecification\",\"valueRequired\":true,\"valueName\":\"search_term_string\"}}],\"inLanguage\":\"de\"},{\"@type\":\"Organization\",\"@id\":\"https:\/\/welcome-to-times-square.com\/de\/#organization\",\"name\":\"times-square\",\"url\":\"https:\/\/welcome-to-times-square.com\/de\/\",\"logo\":{\"@type\":\"ImageObject\",\"inLanguage\":\"de\",\"@id\":\"https:\/\/welcome-to-times-square.com\/de\/#\/schema\/logo\/image\/\",\"url\":\"https:\/\/welcome-to-times-square.com\/wp-content\/uploads\/2024\/03\/welcome-to-time-square-logo-with-r.png\",\"contentUrl\":\"https:\/\/welcome-to-times-square.com\/wp-content\/uploads\/2024\/03\/welcome-to-time-square-logo-with-r.png\",\"width\":500,\"height\":342,\"caption\":\"times-square\"},\"image\":{\"@id\":\"https:\/\/welcome-to-times-square.com\/de\/#\/schema\/logo\/image\/\"}}]}<\/script>\n<!-- \/ Yoast SEO plugin. -->","yoast_head_json":{"title":"Sponsor saisonaler Events - times-square","robots":{"index":"index","follow":"follow","max-snippet":"max-snippet:-1","max-image-preview":"max-image-preview:large","max-video-preview":"max-video-preview:-1"},"canonical":"https:\/\/welcome-to-times-square.com\/de\/sponsor-seasonal-events\/","og_locale":"de_DE","og_type":"article","og_title":"Sponsor saisonaler Events - times-square","og_description":"[vc_row full_width=&#8220;stretch_row&#8220; css=&#8220;.vc_custom_1627402630091{margin-top: 28px !important;margin-right: 0px !important;margin-bottom: 0px !important;margin-left: 0px !important;padding-top: 0px !important;padding-right: 0px !important;padding-bottom: 0px !important;padding-left: 0px !important;}&#8220; el_class=&#8220;main-97676&#8243;][vc_column css=&#8220;.vc_custom_1626939874126{margin: 0px !important;padding: 0px !important;border: 0px initial !important;}&#8220;][vc_row_inner equal_height=&#8220;yes&#8220; el_class=&#8220;text-banner11&#8243;][vc_column_inner width=&#8220;1\/2&#8243; css=&#8220;.vc_custom_1626940693197{margin-top: 0px !important;margin-right: 0px !important;margin-bottom: 0px !important;margin-left: 0px !important;padding-top: 20px !important;padding-right: 20px !important;padding-bottom: 20px !important;padding-left: 20px !important;background-image: url(https:\/\/welcome-to-times-square.com\/wp-content\/uploads\/2021\/07\/dd1.jpg?id=1431) !important;background-position: center !important;background-repeat: no-repeat !important;background-size: cover [...]read moreSponsor saisonaler Events","og_url":"https:\/\/welcome-to-times-square.com\/de\/sponsor-seasonal-events\/","og_site_name":"times-square","article_modified_time":"2025-01-20T11:18:28+00:00","twitter_card":"summary_large_image","twitter_misc":{"Gesch\u00e4tzte Lesezeit":"3\u00a0Minuten"},"schema":{"@context":"https:\/\/schema.org","@graph":[{"@type":"WebPage","@id":"https:\/\/welcome-to-times-square.com\/de\/sponsor-seasonal-events\/","url":"https:\/\/welcome-to-times-square.com\/de\/sponsor-seasonal-events\/","name":"Sponsor saisonaler Events - times-square","isPartOf":{"@id":"https:\/\/welcome-to-times-square.com\/de\/#website"},"datePublished":"2021-09-04T15:04:00+00:00","dateModified":"2025-01-20T11:18:28+00:00","breadcrumb":{"@id":"https:\/\/welcome-to-times-square.com\/de\/sponsor-seasonal-events\/#breadcrumb"},"inLanguage":"de","potentialAction":[{"@type":"ReadAction","target":["https:\/\/welcome-to-times-square.com\/de\/sponsor-seasonal-events\/"]}]},{"@type":"BreadcrumbList","@id":"https:\/\/welcome-to-times-square.com\/de\/sponsor-seasonal-events\/#breadcrumb","itemListElement":[{"@type":"ListItem","position":1,"name":"Home","item":"https:\/\/welcome-to-times-square.com\/de\/"},{"@type":"ListItem","position":2,"name":"Sponsor saisonaler Events"}]},{"@type":"WebSite","@id":"https:\/\/welcome-to-times-square.com\/de\/#website","url":"https:\/\/welcome-to-times-square.com\/de\/","name":"times-square","description":"times-square","publisher":{"@id":"https:\/\/welcome-to-times-square.com\/de\/#organization"},"potentialAction":[{"@type":"SearchAction","target":{"@type":"EntryPoint","urlTemplate":"https:\/\/welcome-to-times-square.com\/de\/?s={search_term_string}"},"query-input":{"@type":"PropertyValueSpecification","valueRequired":true,"valueName":"search_term_string"}}],"inLanguage":"de"},{"@type":"Organization","@id":"https:\/\/welcome-to-times-square.com\/de\/#organization","name":"times-square","url":"https:\/\/welcome-to-times-square.com\/de\/","logo":{"@type":"ImageObject","inLanguage":"de","@id":"https:\/\/welcome-to-times-square.com\/de\/#\/schema\/logo\/image\/","url":"https:\/\/welcome-to-times-square.com\/wp-content\/uploads\/2024\/03\/welcome-to-time-square-logo-with-r.png","contentUrl":"https:\/\/welcome-to-times-square.com\/wp-content\/uploads\/2024\/03\/welcome-to-time-square-logo-with-r.png","width":500,"height":342,"caption":"times-square"},"image":{"@id":"https:\/\/welcome-to-times-square.com\/de\/#\/schema\/logo\/image\/"}}]}},"_hostinger_reach_plugin_has_subscription_block":false,"_hostinger_reach_plugin_is_elementor":false,"_links":{"self":[{"href":"https:\/\/welcome-to-times-square.com\/de\/wp-json\/wp\/v2\/pages\/9300","targetHints":{"allow":["GET"]}}],"collection":[{"href":"https:\/\/welcome-to-times-square.com\/de\/wp-json\/wp\/v2\/pages"}],"about":[{"href":"https:\/\/welcome-to-times-square.com\/de\/wp-json\/wp\/v2\/types\/page"}],"author":[{"embeddable":true,"href":"https:\/\/welcome-to-times-square.com\/de\/wp-json\/wp\/v2\/users\/53"}],"replies":[{"embeddable":true,"href":"https:\/\/welcome-to-times-square.com\/de\/wp-json\/wp\/v2\/comments?post=9300"}],"version-history":[{"count":3,"href":"https:\/\/welcome-to-times-square.com\/de\/wp-json\/wp\/v2\/pages\/9300\/revisions"}],"predecessor-version":[{"id":9312,"href":"https:\/\/welcome-to-times-square.com\/de\/wp-json\/wp\/v2\/pages\/9300\/revisions\/9312"}],"wp:attachment":[{"href":"https:\/\/welcome-to-times-square.com\/de\/wp-json\/wp\/v2\/media?parent=9300"}],"curies":[{"name":"wp","href":"https:\/\/api.w.org\/{rel}","templated":true}]}}