{"id":8818,"date":"2022-04-21T22:53:05","date_gmt":"2022-04-21T22:53:05","guid":{"rendered":"https:\/\/welcome-to-times-square.com\/dining\/"},"modified":"2025-01-16T10:39:39","modified_gmt":"2025-01-16T10:39:39","slug":"dining","status":"publish","type":"page","link":"https:\/\/welcome-to-times-square.com\/es\/dining\/","title":{"rendered":"Comida"},"content":{"rendered":"\t\t<div data-elementor-type=\"wp-page\" data-elementor-id=\"8818\" class=\"elementor elementor-8818 elementor-2737\" data-elementor-post-type=\"page\">\n\t\t\t\t<div class=\"elementor-element elementor-element-d3dee06 e-flex e-con-boxed e-con e-parent\" data-id=\"d3dee06\" data-element_type=\"container\" data-e-type=\"container\" data-settings=\"{&quot;background_background&quot;:&quot;classic&quot;}\">\n\t\t\t\t\t<div class=\"e-con-inner\">\n\t\t\t\t<div class=\"elementor-element elementor-element-71ffd47 elementor-widget elementor-widget-heading\" data-id=\"71ffd47\" data-element_type=\"widget\" data-e-type=\"widget\" data-widget_type=\"heading.default\">\n\t\t\t\t<div class=\"elementor-widget-container\">\n\t\t\t\t\t<h2 class=\"elementor-heading-title elementor-size-default\">Comida<\/h2>\t\t\t\t<\/div>\n\t\t\t\t<\/div>\n\t\t\t\t<div class=\"elementor-element elementor-element-cd1cce5 elementor-widget-divider--view-line elementor-widget elementor-widget-divider\" data-id=\"cd1cce5\" data-element_type=\"widget\" data-e-type=\"widget\" data-widget_type=\"divider.default\">\n\t\t\t\t<div class=\"elementor-widget-container\">\n\t\t\t\t\t\t\t<div class=\"elementor-divider\">\n\t\t\t<span class=\"elementor-divider-separator\">\n\t\t\t\t\t\t<\/span>\n\t\t<\/div>\n\t\t\t\t\t\t<\/div>\n\t\t\t\t<\/div>\n\t\t\t\t<div class=\"elementor-element elementor-element-bc9c556 elementor-widget elementor-widget-text-editor\" data-id=\"bc9c556\" data-element_type=\"widget\" data-e-type=\"widget\" data-widget_type=\"text-editor.default\">\n\t\t\t\t<div class=\"elementor-widget-container\">\n\t\t\t\t\t\t\t\t\t<div class=\"vc_row wpb_row vc_row-fluid vc_custom_1650656343119 vc_row-has-fill\">\n<div class=\"wpb_column vc_column_container vc_col-sm-12\">\n<div class=\"vc_column-inner\">\n<div class=\"wpb_wrapper\">\n<div class=\"wpb_text_column wpb_content_element \">\n<div class=\"wpb_wrapper\">\n<p>Hay tantos restaurantes y bares alrededor de Times Square como gente pasando por sus calles.<\/p>\n<p>Hay propuestas gastron\u00f3micas para todos los gustos y para todas las edades. Desde los platos m\u00e1s tradicionales e hist\u00f3ricos, hasta las nuevas delicias gourmet de los chefs m\u00e1s innovadores. Times Square invita a disfrutar con la barriga llena, incluso si se dispone de poco dinero y poco tiempo para degustar un plato elaborado.  <\/p>\n<p>Nueva York es una ciudad que nunca descansa y cuenta con una excelente variedad de ofertas culturales y atracciones tur\u00edsticas que no se pueden dejar de visitar. Por lo general, los turistas deben elegir qu\u00e9 hacer y qu\u00e9 no hacer, seg\u00fan el tiempo del que dispongan. En muchas ocasiones, comer algo r\u00e1pido en la calle es una buena opci\u00f3n para aprovechar al m\u00e1ximo el d\u00eda.  <\/p>\n<p>Las comidas m\u00e1s baratas y t\u00edpicas que se pueden encontrar en cada esquina de Nueva York son los hot dogs, los bagels, las pizzas e incluso unas deliciosas hamburguesas, que forman parte de la tradici\u00f3n de la ciudad.<\/p>\n<p>En casi cualquier esquina de Manhattan podr\u00e1s comer estas comidas r\u00e1pidas con el mejor sabor y los valores m\u00e1s accesibles.<\/p>\n<p>El precio de un hot dog ronda los 2 d\u00f3lares, aunque siempre conviene preguntar antes de pedir ya que no es habitual que aparezca la cantidad y puede llegar a generar cierta incomodidad.<\/p>\n<p>La pizza es otra opci\u00f3n que se suele encontrar en cualquier local de comida r\u00e1pida, tienda o incluso en supermercados. La calidad en todos los locales es bastante similar ya que son porciones grandes y de preparaci\u00f3n aceptable, aunque no hay una gran variedad de sabores para elegir. El precio por porci\u00f3n es de unos 3 US$.  <\/p>\n<p>Para los amantes del caf\u00e9, Nueva York es el escenario perfecto, ya que es muy com\u00fan ver a personas de todas las edades caminando por la calle con un vaso grande para llevar. Incluso para quienes prefieren algo fr\u00edo, los batidos de frutas grandes con mucho hielo son una opci\u00f3n f\u00e1cil de encontrar en las tiendas on-the-go que ayudan a combatir los d\u00edas muy calurosos. <\/p>\n<p>Es cierto que, aunque este tipo de comida se puede encontrar en cualquier parte, hay ciertos sectores de la ciudad en los que encontrar\u00e1s un men\u00fa m\u00e1s espec\u00edfico y las especialidades t\u00edpicas de alguna regi\u00f3n del mundo. Entre ellos se encuentran Chinatown y Little Italy. <\/p>\n<p>Chinatown es un barrio de la ciudad de Nueva York, famoso por ser un enclave con una gran poblaci\u00f3n de inmigrantes chinos. Manhattan es uno de los nueve barrios conocidos con esta denominaci\u00f3n que existen en Estados Unidos, con una densidad de poblaci\u00f3n de casi un mill\u00f3n de residentes. All\u00ed se puede disfrutar de la m\u00e1s amplia variedad de comida asi\u00e1tica, principalmente de la antigua cultura china y del sudeste asi\u00e1tico. Los platos m\u00e1s habituales son los dumplings asi\u00e1ticos, los bollos de cerdo y los fideos cortados a mano.   <\/p>\n<p>Adem\u00e1s, las concurridas aceras est\u00e1n llenas de tiendas de recuerdos, tiendas de t\u00e9 de burbujas y mercados que venden de todo, desde pescado fresco y seco hasta hierbas y especias.<\/p>\n<p>Esta zona es un \u00e1rea aproximada de 1,5 kil\u00f3metros de Norte a Sur y 3 kil\u00f3metros de Este a Oeste dentro de la isla de Manhattan, aunque los turistas solo visitan el antiguo centro de Chinatown, las intersecciones de las calles Canal con Mott y Mulberry, as\u00ed como la intersecci\u00f3n de las calles Pell y Doyers.<\/p>\n<p>Por su parte, Little Italy es un barrio llamado as\u00ed porque en sus or\u00edgenes estuvo poblado por un gran n\u00famero de inmigrantes italianos. Aunque en la antig\u00fcedad ten\u00eda una extensi\u00f3n mayor, actualmente se limita al tramo de Mulberry Street entre Broome y Canal. Esta zona est\u00e1 repleta de restaurantes cuyos clientes son en su mayor\u00eda turistas que quieren disfrutar del sabor de las buenas pizzas y pastas t\u00edpicas.  <\/p>\n<p>La \u201cFiesta de San Gennaro\u201d es muy t\u00edpica de Little Italy y tiene lugar durante once d\u00edas cada septiembre.<\/p>\n<p>Para quienes quieran disfrutar de las nuevas delicias gourmet y de los chefs m\u00e1s innovadores, Times Square est\u00e1 repleta de restaurantes tur\u00edsticos, famosos y muy bien valorados por los cr\u00edticos gastron\u00f3micos como Planet Hollywood y el Hard Rock Caf\u00e9. En estos casos, los precios suelen ser bastante elevados y muchos ofrecen una gran variedad de comida t\u00edpica americana, con una decoraci\u00f3n maravillosa y ambientes impresionantemente cuidados. <\/p>\n<\/div>\n<\/div>\n<\/div>\n<\/div>\n<\/div>\n<\/div>\n\t\t\t\t\t\t\t\t<\/div>\n\t\t\t\t<\/div>\n\t\t\t\t<div class=\"elementor-element elementor-element-947fa8b elementor-widget-divider--view-line elementor-widget elementor-widget-divider\" data-id=\"947fa8b\" data-element_type=\"widget\" data-e-type=\"widget\" data-widget_type=\"divider.default\">\n\t\t\t\t<div class=\"elementor-widget-container\">\n\t\t\t\t\t\t\t<div class=\"elementor-divider\">\n\t\t\t<span class=\"elementor-divider-separator\">\n\t\t\t\t\t\t<\/span>\n\t\t<\/div>\n\t\t\t\t\t\t<\/div>\n\t\t\t\t<\/div>\n\t\t\t\t<div class=\"elementor-element elementor-element-d9c1978 elementor-widget elementor-widget-text-editor\" data-id=\"d9c1978\" data-element_type=\"widget\" data-e-type=\"widget\" data-widget_type=\"text-editor.default\">\n\t\t\t\t<div class=\"elementor-widget-container\">\n\t\t\t\t\t\t\t\t\t<p><strong>Para aparecer en nuestro Billboard en Times Square, vaya a nuestra secci\u00f3n CONTACTO.<\/strong><\/p>\n<p>As\u00ed es como funciona:<\/p>\n<p>Ya sea un cumplea\u00f1os, una propuesta de matrimonio, un aniversario o una simple declaraci\u00f3n de amor, lo tenemos cubierto. \u00a1No seas un simple rostro entre la multitud! <br \/>\u00a1Consigue tu foto o v\u00eddeo en nuestra cartelera en Times Square!<\/p>\n<p>Opci\u00f3n 1: Tu video o foto de 60 segundos se mostrar\u00e1 22 veces al d\u00eda.<br \/>Opci\u00f3n 2: Tu video o foto de 30 segundos se mostrar\u00e1 44 veces al d\u00eda.<br \/>Opci\u00f3n 3: Tu video o foto de 15 segundos se mostrar\u00e1 88 veces al d\u00eda.<\/p>\n<p>Nuestro cartel publicitario mide 31 pies por 55 pies y est\u00e1 ubicado en 1560 Broadway (Broadway y 46th Street, justo encima de la tienda Pel\u00e9).<\/p>\n<p>\u00a1No seas una cara entre la multitud!<\/p>\n\t\t\t\t\t\t\t\t<\/div>\n\t\t\t\t<\/div>\n\t\t\t\t<div class=\"elementor-element elementor-element-e6adae7 elementor-widget elementor-widget-image\" data-id=\"e6adae7\" data-element_type=\"widget\" data-e-type=\"widget\" data-widget_type=\"image.default\">\n\t\t\t\t<div class=\"elementor-widget-container\">\n\t\t\t\t\t\t\t\t\t\t\t\t\t\t\t<img fetchpriority=\"high\" decoding=\"async\" width=\"1024\" height=\"500\" src=\"https:\/\/welcome-to-times-square.com\/wp-content\/uploads\/2022\/04\/dining-1024x500.jpg\" class=\"attachment-large size-large wp-image-6146\" alt=\"\" srcset=\"https:\/\/welcome-to-times-square.com\/wp-content\/uploads\/2022\/04\/dining-1024x500.jpg 1024w, https:\/\/welcome-to-times-square.com\/wp-content\/uploads\/2022\/04\/dining-600x293.jpg 600w, https:\/\/welcome-to-times-square.com\/wp-content\/uploads\/2022\/04\/dining-300x147.jpg 300w, https:\/\/welcome-to-times-square.com\/wp-content\/uploads\/2022\/04\/dining-768x375.jpg 768w, https:\/\/welcome-to-times-square.com\/wp-content\/uploads\/2022\/04\/dining-1536x750.jpg 1536w, https:\/\/welcome-to-times-square.com\/wp-content\/uploads\/2022\/04\/dining.jpg 1918w\" sizes=\"(max-width: 1024px) 100vw, 1024px\" \/>\t\t\t\t\t\t\t\t\t\t\t\t\t\t\t<\/div>\n\t\t\t\t<\/div>\n\t\t\t\t\t<\/div>\n\t\t\t\t<\/div>\n\t\t\t\t<\/div>\n\t\t","protected":false},"excerpt":{"rendered":"Comida Hay tantos restaurantes y bares alrededor de Times Square como gente pasando por sus calles. Hay propuestas gastron\u00f3micas para todos los gustos y para todas las edades. Desde los platos m\u00e1s tradicionales e hist\u00f3ricos, hasta las nuevas delicias gourmet de los chefs m\u00e1s innovadores. Times Square invita a disfrutar con la barriga llena, incluso [...]<a href=\"https:\/\/welcome-to-times-square.com\/es\/dining\/\" class=\"read-more wyz-secondary-color-text\">read more<span class=\"screen-reader-text\">Comida<\/span><\/a>","protected":false},"author":53,"featured_media":0,"parent":0,"menu_order":0,"comment_status":"closed","ping_status":"closed","template":"elementor_header_footer","meta":{"footnotes":""},"class_list":["post-8818","page","type-page","status-publish","hentry"],"yoast_head":"<!-- This site is optimized with the Yoast SEO plugin v27.2 - https:\/\/yoast.com\/product\/yoast-seo-wordpress\/ -->\n<title>Comida - times-square<\/title>\n<meta name=\"description\" content=\"Hay propuestas gastron\u00f3micas para todos los gustos y para todas las edades. Desde los platos m\u00e1s tradicionales e hist\u00f3ricos, hasta las nuevas delicias gourmet de los chefs m\u00e1s innovadores. Times Square invita a disfrutar con la barriga llena, incluso si se dispone de poco dinero y poco tiempo para degustar un plato elaborado.\" \/>\n<meta name=\"robots\" content=\"index, follow, max-snippet:-1, max-image-preview:large, max-video-preview:-1\" \/>\n<link rel=\"canonical\" href=\"https:\/\/welcome-to-times-square.com\/es\/dining\/\" \/>\n<meta property=\"og:locale\" content=\"es_ES\" \/>\n<meta property=\"og:type\" content=\"article\" \/>\n<meta property=\"og:title\" content=\"Comida - times-square\" \/>\n<meta property=\"og:description\" content=\"Hay propuestas gastron\u00f3micas para todos los gustos y para todas las edades. Desde los platos m\u00e1s tradicionales e hist\u00f3ricos, hasta las nuevas delicias gourmet de los chefs m\u00e1s innovadores. Times Square invita a disfrutar con la barriga llena, incluso si se dispone de poco dinero y poco tiempo para degustar un plato elaborado.\" \/>\n<meta property=\"og:url\" content=\"https:\/\/welcome-to-times-square.com\/es\/dining\/\" \/>\n<meta property=\"og:site_name\" content=\"times-square\" \/>\n<meta property=\"article:modified_time\" content=\"2025-01-16T10:39:39+00:00\" \/>\n<meta property=\"og:image\" content=\"https:\/\/welcome-to-times-square.com\/wp-content\/uploads\/2022\/04\/dining.jpg\" \/>\n\t<meta property=\"og:image:width\" content=\"1918\" \/>\n\t<meta property=\"og:image:height\" content=\"937\" \/>\n\t<meta property=\"og:image:type\" content=\"image\/jpeg\" \/>\n<meta name=\"twitter:card\" content=\"summary_large_image\" \/>\n<meta name=\"twitter:label1\" content=\"Tiempo de lectura\" \/>\n\t<meta name=\"twitter:data1\" content=\"4 minutos\" \/>\n<script type=\"application\/ld+json\" class=\"yoast-schema-graph\">{\"@context\":\"https:\/\/schema.org\",\"@graph\":[{\"@type\":\"WebPage\",\"@id\":\"https:\/\/welcome-to-times-square.com\/es\/dining\/\",\"url\":\"https:\/\/welcome-to-times-square.com\/es\/dining\/\",\"name\":\"Comida - times-square\",\"isPartOf\":{\"@id\":\"https:\/\/welcome-to-times-square.com\/es\/#website\"},\"primaryImageOfPage\":{\"@id\":\"https:\/\/welcome-to-times-square.com\/es\/dining\/#primaryimage\"},\"image\":{\"@id\":\"https:\/\/welcome-to-times-square.com\/es\/dining\/#primaryimage\"},\"thumbnailUrl\":\"https:\/\/welcome-to-times-square.com\/wp-content\/uploads\/2022\/04\/dining-1024x500.jpg\",\"datePublished\":\"2022-04-21T22:53:05+00:00\",\"dateModified\":\"2025-01-16T10:39:39+00:00\",\"description\":\"Hay propuestas gastron\u00f3micas para todos los gustos y para todas las edades. Desde los platos m\u00e1s tradicionales e hist\u00f3ricos, hasta las nuevas delicias gourmet de los chefs m\u00e1s innovadores. Times Square invita a disfrutar con la barriga llena, incluso si se dispone de poco dinero y poco tiempo para degustar un plato elaborado.\",\"breadcrumb\":{\"@id\":\"https:\/\/welcome-to-times-square.com\/es\/dining\/#breadcrumb\"},\"inLanguage\":\"es\",\"potentialAction\":[{\"@type\":\"ReadAction\",\"target\":[\"https:\/\/welcome-to-times-square.com\/es\/dining\/\"]}]},{\"@type\":\"ImageObject\",\"inLanguage\":\"es\",\"@id\":\"https:\/\/welcome-to-times-square.com\/es\/dining\/#primaryimage\",\"url\":\"https:\/\/welcome-to-times-square.com\/wp-content\/uploads\/2022\/04\/dining-1024x500.jpg\",\"contentUrl\":\"https:\/\/welcome-to-times-square.com\/wp-content\/uploads\/2022\/04\/dining-1024x500.jpg\"},{\"@type\":\"BreadcrumbList\",\"@id\":\"https:\/\/welcome-to-times-square.com\/es\/dining\/#breadcrumb\",\"itemListElement\":[{\"@type\":\"ListItem\",\"position\":1,\"name\":\"Home\",\"item\":\"https:\/\/welcome-to-times-square.com\/es\/\"},{\"@type\":\"ListItem\",\"position\":2,\"name\":\"Comida\"}]},{\"@type\":\"WebSite\",\"@id\":\"https:\/\/welcome-to-times-square.com\/es\/#website\",\"url\":\"https:\/\/welcome-to-times-square.com\/es\/\",\"name\":\"times-square\",\"description\":\"times-square\",\"publisher\":{\"@id\":\"https:\/\/welcome-to-times-square.com\/es\/#organization\"},\"potentialAction\":[{\"@type\":\"SearchAction\",\"target\":{\"@type\":\"EntryPoint\",\"urlTemplate\":\"https:\/\/welcome-to-times-square.com\/es\/?s={search_term_string}\"},\"query-input\":{\"@type\":\"PropertyValueSpecification\",\"valueRequired\":true,\"valueName\":\"search_term_string\"}}],\"inLanguage\":\"es\"},{\"@type\":\"Organization\",\"@id\":\"https:\/\/welcome-to-times-square.com\/es\/#organization\",\"name\":\"times-square\",\"url\":\"https:\/\/welcome-to-times-square.com\/es\/\",\"logo\":{\"@type\":\"ImageObject\",\"inLanguage\":\"es\",\"@id\":\"https:\/\/welcome-to-times-square.com\/es\/#\/schema\/logo\/image\/\",\"url\":\"https:\/\/welcome-to-times-square.com\/wp-content\/uploads\/2024\/03\/welcome-to-time-square-logo-with-r.png\",\"contentUrl\":\"https:\/\/welcome-to-times-square.com\/wp-content\/uploads\/2024\/03\/welcome-to-time-square-logo-with-r.png\",\"width\":500,\"height\":342,\"caption\":\"times-square\"},\"image\":{\"@id\":\"https:\/\/welcome-to-times-square.com\/es\/#\/schema\/logo\/image\/\"}}]}<\/script>\n<!-- \/ Yoast SEO plugin. -->","yoast_head_json":{"title":"Comida - times-square","description":"Hay propuestas gastron\u00f3micas para todos los gustos y para todas las edades. Desde los platos m\u00e1s tradicionales e hist\u00f3ricos, hasta las nuevas delicias gourmet de los chefs m\u00e1s innovadores. Times Square invita a disfrutar con la barriga llena, incluso si se dispone de poco dinero y poco tiempo para degustar un plato elaborado.","robots":{"index":"index","follow":"follow","max-snippet":"max-snippet:-1","max-image-preview":"max-image-preview:large","max-video-preview":"max-video-preview:-1"},"canonical":"https:\/\/welcome-to-times-square.com\/es\/dining\/","og_locale":"es_ES","og_type":"article","og_title":"Comida - times-square","og_description":"Hay propuestas gastron\u00f3micas para todos los gustos y para todas las edades. Desde los platos m\u00e1s tradicionales e hist\u00f3ricos, hasta las nuevas delicias gourmet de los chefs m\u00e1s innovadores. Times Square invita a disfrutar con la barriga llena, incluso si se dispone de poco dinero y poco tiempo para degustar un plato elaborado.","og_url":"https:\/\/welcome-to-times-square.com\/es\/dining\/","og_site_name":"times-square","article_modified_time":"2025-01-16T10:39:39+00:00","og_image":[{"width":1918,"height":937,"url":"https:\/\/welcome-to-times-square.com\/wp-content\/uploads\/2022\/04\/dining.jpg","type":"image\/jpeg"}],"twitter_card":"summary_large_image","twitter_misc":{"Tiempo de lectura":"4 minutos"},"schema":{"@context":"https:\/\/schema.org","@graph":[{"@type":"WebPage","@id":"https:\/\/welcome-to-times-square.com\/es\/dining\/","url":"https:\/\/welcome-to-times-square.com\/es\/dining\/","name":"Comida - times-square","isPartOf":{"@id":"https:\/\/welcome-to-times-square.com\/es\/#website"},"primaryImageOfPage":{"@id":"https:\/\/welcome-to-times-square.com\/es\/dining\/#primaryimage"},"image":{"@id":"https:\/\/welcome-to-times-square.com\/es\/dining\/#primaryimage"},"thumbnailUrl":"https:\/\/welcome-to-times-square.com\/wp-content\/uploads\/2022\/04\/dining-1024x500.jpg","datePublished":"2022-04-21T22:53:05+00:00","dateModified":"2025-01-16T10:39:39+00:00","description":"Hay propuestas gastron\u00f3micas para todos los gustos y para todas las edades. Desde los platos m\u00e1s tradicionales e hist\u00f3ricos, hasta las nuevas delicias gourmet de los chefs m\u00e1s innovadores. Times Square invita a disfrutar con la barriga llena, incluso si se dispone de poco dinero y poco tiempo para degustar un plato elaborado.","breadcrumb":{"@id":"https:\/\/welcome-to-times-square.com\/es\/dining\/#breadcrumb"},"inLanguage":"es","potentialAction":[{"@type":"ReadAction","target":["https:\/\/welcome-to-times-square.com\/es\/dining\/"]}]},{"@type":"ImageObject","inLanguage":"es","@id":"https:\/\/welcome-to-times-square.com\/es\/dining\/#primaryimage","url":"https:\/\/welcome-to-times-square.com\/wp-content\/uploads\/2022\/04\/dining-1024x500.jpg","contentUrl":"https:\/\/welcome-to-times-square.com\/wp-content\/uploads\/2022\/04\/dining-1024x500.jpg"},{"@type":"BreadcrumbList","@id":"https:\/\/welcome-to-times-square.com\/es\/dining\/#breadcrumb","itemListElement":[{"@type":"ListItem","position":1,"name":"Home","item":"https:\/\/welcome-to-times-square.com\/es\/"},{"@type":"ListItem","position":2,"name":"Comida"}]},{"@type":"WebSite","@id":"https:\/\/welcome-to-times-square.com\/es\/#website","url":"https:\/\/welcome-to-times-square.com\/es\/","name":"times-square","description":"times-square","publisher":{"@id":"https:\/\/welcome-to-times-square.com\/es\/#organization"},"potentialAction":[{"@type":"SearchAction","target":{"@type":"EntryPoint","urlTemplate":"https:\/\/welcome-to-times-square.com\/es\/?s={search_term_string}"},"query-input":{"@type":"PropertyValueSpecification","valueRequired":true,"valueName":"search_term_string"}}],"inLanguage":"es"},{"@type":"Organization","@id":"https:\/\/welcome-to-times-square.com\/es\/#organization","name":"times-square","url":"https:\/\/welcome-to-times-square.com\/es\/","logo":{"@type":"ImageObject","inLanguage":"es","@id":"https:\/\/welcome-to-times-square.com\/es\/#\/schema\/logo\/image\/","url":"https:\/\/welcome-to-times-square.com\/wp-content\/uploads\/2024\/03\/welcome-to-time-square-logo-with-r.png","contentUrl":"https:\/\/welcome-to-times-square.com\/wp-content\/uploads\/2024\/03\/welcome-to-time-square-logo-with-r.png","width":500,"height":342,"caption":"times-square"},"image":{"@id":"https:\/\/welcome-to-times-square.com\/es\/#\/schema\/logo\/image\/"}}]}},"_hostinger_reach_plugin_has_subscription_block":false,"_hostinger_reach_plugin_is_elementor":false,"_links":{"self":[{"href":"https:\/\/welcome-to-times-square.com\/es\/wp-json\/wp\/v2\/pages\/8818","targetHints":{"allow":["GET"]}}],"collection":[{"href":"https:\/\/welcome-to-times-square.com\/es\/wp-json\/wp\/v2\/pages"}],"about":[{"href":"https:\/\/welcome-to-times-square.com\/es\/wp-json\/wp\/v2\/types\/page"}],"author":[{"embeddable":true,"href":"https:\/\/welcome-to-times-square.com\/es\/wp-json\/wp\/v2\/users\/53"}],"replies":[{"embeddable":true,"href":"https:\/\/welcome-to-times-square.com\/es\/wp-json\/wp\/v2\/comments?post=8818"}],"version-history":[{"count":2,"href":"https:\/\/welcome-to-times-square.com\/es\/wp-json\/wp\/v2\/pages\/8818\/revisions"}],"predecessor-version":[{"id":8833,"href":"https:\/\/welcome-to-times-square.com\/es\/wp-json\/wp\/v2\/pages\/8818\/revisions\/8833"}],"wp:attachment":[{"href":"https:\/\/welcome-to-times-square.com\/es\/wp-json\/wp\/v2\/media?parent=8818"}],"curies":[{"name":"wp","href":"https:\/\/api.w.org\/{rel}","templated":true}]}}