{"id":8831,"date":"2022-04-21T20:42:43","date_gmt":"2022-04-21T20:42:43","guid":{"rendered":"https:\/\/welcome-to-times-square.com\/broadway\/"},"modified":"2025-01-16T11:03:11","modified_gmt":"2025-01-16T11:03:11","slug":"broadway","status":"publish","type":"page","link":"https:\/\/welcome-to-times-square.com\/es\/broadway\/","title":{"rendered":"Broadway"},"content":{"rendered":"\t\t<div data-elementor-type=\"wp-page\" data-elementor-id=\"8831\" class=\"elementor elementor-8831 elementor-2723\" data-elementor-post-type=\"page\">\n\t\t\t\t<div class=\"elementor-element elementor-element-579ae8b e-flex e-con-boxed e-con e-parent\" data-id=\"579ae8b\" data-element_type=\"container\" data-e-type=\"container\" data-settings=\"{&quot;background_background&quot;:&quot;classic&quot;}\">\n\t\t\t\t\t<div class=\"e-con-inner\">\n\t\t\t\t<div class=\"elementor-element elementor-element-58f64c5 elementor-widget elementor-widget-heading\" data-id=\"58f64c5\" data-element_type=\"widget\" data-e-type=\"widget\" data-widget_type=\"heading.default\">\n\t\t\t\t<div class=\"elementor-widget-container\">\n\t\t\t\t\t<h2 class=\"elementor-heading-title elementor-size-default\">Broadway<\/h2>\t\t\t\t<\/div>\n\t\t\t\t<\/div>\n\t\t\t\t<div class=\"elementor-element elementor-element-504852b elementor-widget-divider--view-line elementor-widget elementor-widget-divider\" data-id=\"504852b\" data-element_type=\"widget\" data-e-type=\"widget\" data-widget_type=\"divider.default\">\n\t\t\t\t<div class=\"elementor-widget-container\">\n\t\t\t\t\t\t\t<div class=\"elementor-divider\">\n\t\t\t<span class=\"elementor-divider-separator\">\n\t\t\t\t\t\t<\/span>\n\t\t<\/div>\n\t\t\t\t\t\t<\/div>\n\t\t\t\t<\/div>\n\t\t\t\t<div class=\"elementor-element elementor-element-9a3acf2 elementor-widget elementor-widget-text-editor\" data-id=\"9a3acf2\" data-element_type=\"widget\" data-e-type=\"widget\" data-widget_type=\"text-editor.default\">\n\t\t\t\t<div class=\"elementor-widget-container\">\n\t\t\t\t\t\t\t\t\t<div class=\"vc_row wpb_row vc_row-fluid vc_custom_1650656373458 vc_row-has-fill\">\n<div class=\"wpb_column vc_column_container vc_col-sm-12\">\n<div class=\"vc_column-inner\">\n<div class=\"wpb_wrapper\">\n<div class=\"wpb_text_column wpb_content_element \">\n<div class=\"wpb_wrapper\">\n<p>Una de las mayores atracciones de la ciudad de Nueva York es Broadway, donde encontrar\u00e1s la mejor y m\u00e1s deslumbrante oferta teatral del mundo. Aqu\u00ed encontrar\u00e1s toda la informaci\u00f3n necesaria para conocer, visitar este circuito teatral y disfrutar de los espect\u00e1culos que m\u00e1s te gustan.<\/p>\n<p>Nueva York es el s\u00edmbolo del espect\u00e1culo. Tienes que aprovechar tu visita a la ciudad para presenciar los incre\u00edbles espect\u00e1culos. Puedes ver algunas de las muchas listas de los mejores musicales, para saber cu\u00e1l elegir, aunque los m\u00e1s destacados son: \u2018El Rey Le\u00f3n\u2019, que lleva en cartelera desde 1997, es el mejor de todos. Y es por eso que no suele haber entradas para \u00e9sta en TKTS, que las encuentras en las escaleras rojas de Times Square: detr\u00e1s de ellas hay unas peque\u00f1as taquillas junto a un panel donde se pueden ver los espect\u00e1culos disponibles ese d\u00eda y los precios, reducidos, de las entradas que se pueden adquirir para ese mismo d\u00eda. Tambi\u00e9n podr\u00e1s disfrutar de \u2018Aladdin\u2019, basada en la pel\u00edcula de Disney, cuenta con incre\u00edbles efectos especiales como el genio saliendo de una l\u00e1mpara, una aut\u00e9ntica alfombra voladora y una puesta en escena de llanto de emoci\u00f3n; pero tambi\u00e9n est\u00e1n los cl\u00e1sicos \u2018Chicago\u2019 o \u2018El fantasma de la \u00f3pera\u2019, adem\u00e1s de otros m\u00e1s modernos, como \u2018Harry Potter y el legado maldito\u2019, que llega a Broadway en 2021.<\/p>\n<p>Han pasado 50 a\u00f1os desde el estreno de GREASE en el Majestic Theatre de Nueva York. Fue el 14 de febrero de 1972 la primera vez que el mundo pudo ver esta producci\u00f3n que, seis a\u00f1os despu\u00e9s, en 1978, fue llevada a la pantalla grande. Fue precisamente la versi\u00f3n cinematogr\u00e1fica del musical la que dio a conocer a GREASE a nivel internacional, generando un gran impacto cultural y social en todo el mundo.<\/p>\n<p>El musical \u201cEl Fantasma de la \u00d3pera\u201d cumple 34 a\u00f1os de estar en la cartelera de la meca del teatro, Broadway.<\/p>\n<p>Fue el 26 de enero de 1988 cuando esta puesta en escena levant\u00f3 el tel\u00f3n del Teatro Majestic de la ciudad de Nueva York, en el coraz\u00f3n del distrito teatral.<\/p>\n<p>Desde entonces, han sido varios los actores que han dado vida al Fantasma, personaje principal de la historia y que est\u00e1 enamorado de la joven bailarina y cantante de \u00f3pera Christine Daa\u00e9.<\/p>\n<p>Basada en el libro de Gast\u00f3n Leroux \u201cLe fant\u00f3me de L\u2019\u00d3pera\u201d, en la que una joven bailarina y aspirante a cantante de \u00f3pera, Christine Daa\u00e9, se convierte en la musa y extra\u00f1a obsesi\u00f3n de un fantasma en la \u00d3pera de Par\u00eds. Es una historia de amor atemporal y creo que tiene un poco de todo. Tienes a este hombre que se ha enamorado de alguien. \u00c9l no es de ese mundo y la mujer se siente atra\u00edda por alguien con quien tiene una mayor conexi\u00f3n\u201d, dice Crawford.<\/p>\n<p>\u201cThere\u2019s the fight for love. There is intrigue. There are the twists and turns. It has a bit of everything. Y creo que es por eso que \u201cEl fantasma de la \u00f3pera\u201d ha sido capaz de resistir el paso del tiempo\u201d, a\u00f1ade el actor.<\/p>\n<p>Miranda encargado de la banda sonora de \u201cEncanto\u201d, entr\u00f3 en el mundo del espect\u00e1culo pisando Broadway con dos musicales, \u201cIn the Heights\u201d y \u201cHamilton\u201d, que acumularon 16 nominaciones a los premios Tony, la m\u00e1xima distinci\u00f3n del circuito teatral.<\/p>\n<p>La canci\u00f3n \u201cWe Don\u2019t Talk About Bruno\u201d, de la banda sonora de la pel\u00edcula \u201cEncanto\u201d, resiste firme por tercera semana consecutiva al frente de Billboard Hot 100, la principal lista de popularidad musical en Estados Unidos. El tema interpretado por Carolina Gait\u00e1n, Mauro Castillo, Adassa, Rhenzy Feliz, Diane Guerrero, Stephanie Beatriz y el elenco del filme inspirado en el folclor colombiano sigue igualando registros hist\u00f3ricos de pel\u00edculas de Disney.<\/p>\n<\/div>\n<\/div>\n<\/div>\n<\/div>\n<\/div>\n<\/div>\n\t\t\t\t\t\t\t\t<\/div>\n\t\t\t\t<\/div>\n\t\t\t\t<div class=\"elementor-element elementor-element-d0af643 elementor-widget-divider--view-line elementor-widget elementor-widget-divider\" data-id=\"d0af643\" data-element_type=\"widget\" data-e-type=\"widget\" data-widget_type=\"divider.default\">\n\t\t\t\t<div class=\"elementor-widget-container\">\n\t\t\t\t\t\t\t<div class=\"elementor-divider\">\n\t\t\t<span class=\"elementor-divider-separator\">\n\t\t\t\t\t\t<\/span>\n\t\t<\/div>\n\t\t\t\t\t\t<\/div>\n\t\t\t\t<\/div>\n\t\t\t\t<div class=\"elementor-element elementor-element-6d56304 elementor-widget elementor-widget-text-editor\" data-id=\"6d56304\" data-element_type=\"widget\" data-e-type=\"widget\" data-widget_type=\"text-editor.default\">\n\t\t\t\t<div class=\"elementor-widget-container\">\n\t\t\t\t\t\t\t\t\t<p><strong>Para aparecer en nuestro Billboard en Times Square, vaya a nuestra secci\u00f3n CONTACTO.<\/strong><\/p>\n<p>As\u00ed es como funciona:<\/p>\n<p>Ya sea un cumplea\u00f1os, una propuesta de matrimonio, un aniversario o una simple declaraci\u00f3n de amor, lo tenemos cubierto. \u00a1No seas una cara entre la multitud!<br \/>\u00a1Consigue tu foto o v\u00eddeo en nuestra cartelera en Times Square!<\/p>\n<p>Opci\u00f3n 1: Tu video o foto de 60 segundos se mostrar\u00e1 22 veces al d\u00eda.<br \/>Opci\u00f3n 2: Tu video o foto de 30 segundos se mostrar\u00e1 44 veces al d\u00eda.<br \/>Opci\u00f3n 3: Tu video o foto de 15 segundos se mostrar\u00e1 88 veces al d\u00eda.<\/p>\n<p>Nuestro cartel publicitario mide 31 pies por 55 pies y est\u00e1 ubicado en 1560 Broadway (Broadway y 46th Street, justo encima de la tienda Pel\u00e9).<\/p>\n<p>\u00a1No seas una cara entre la multitud!<\/p>\n\t\t\t\t\t\t\t\t<\/div>\n\t\t\t\t<\/div>\n\t\t\t\t<div class=\"elementor-element elementor-element-020f897 elementor-widget elementor-widget-image\" data-id=\"020f897\" data-element_type=\"widget\" data-e-type=\"widget\" data-widget_type=\"image.default\">\n\t\t\t\t<div class=\"elementor-widget-container\">\n\t\t\t\t\t\t\t\t\t\t\t\t\t\t\t<img fetchpriority=\"high\" decoding=\"async\" width=\"1024\" height=\"685\" src=\"https:\/\/welcome-to-times-square.com\/wp-content\/uploads\/2022\/04\/broadway-1024x685.jpg\" class=\"attachment-large size-large wp-image-6151\" alt=\"\" srcset=\"https:\/\/welcome-to-times-square.com\/wp-content\/uploads\/2022\/04\/broadway-1024x685.jpg 1024w, https:\/\/welcome-to-times-square.com\/wp-content\/uploads\/2022\/04\/broadway-600x402.jpg 600w, https:\/\/welcome-to-times-square.com\/wp-content\/uploads\/2022\/04\/broadway-300x201.jpg 300w, https:\/\/welcome-to-times-square.com\/wp-content\/uploads\/2022\/04\/broadway-768x514.jpg 768w, https:\/\/welcome-to-times-square.com\/wp-content\/uploads\/2022\/04\/broadway-1536x1028.jpg 1536w, https:\/\/welcome-to-times-square.com\/wp-content\/uploads\/2022\/04\/broadway.jpg 1600w\" sizes=\"(max-width: 1024px) 100vw, 1024px\" \/>\t\t\t\t\t\t\t\t\t\t\t\t\t\t\t<\/div>\n\t\t\t\t<\/div>\n\t\t\t\t\t<\/div>\n\t\t\t\t<\/div>\n\t\t\t\t<\/div>\n\t\t","protected":false},"excerpt":{"rendered":"Broadway Una de las mayores atracciones de la ciudad de Nueva York es Broadway, donde encontrar\u00e1s la mejor y m\u00e1s deslumbrante oferta teatral del mundo. Aqu\u00ed encontrar\u00e1s toda la informaci\u00f3n necesaria para conocer, visitar este circuito teatral y disfrutar de los espect\u00e1culos que m\u00e1s te gustan. Nueva York es el s\u00edmbolo del espect\u00e1culo. Tienes que [...]<a href=\"https:\/\/welcome-to-times-square.com\/es\/broadway\/\" class=\"read-more wyz-secondary-color-text\">read more<span class=\"screen-reader-text\">Broadway<\/span><\/a>","protected":false},"author":53,"featured_media":0,"parent":0,"menu_order":0,"comment_status":"closed","ping_status":"closed","template":"elementor_header_footer","meta":{"footnotes":""},"class_list":["post-8831","page","type-page","status-publish","hentry"],"yoast_head":"<!-- This site is optimized with the Yoast SEO plugin v27.2 - https:\/\/yoast.com\/product\/yoast-seo-wordpress\/ -->\n<title>Broadway - times-square<\/title>\n<meta name=\"robots\" content=\"index, follow, max-snippet:-1, max-image-preview:large, max-video-preview:-1\" \/>\n<link rel=\"canonical\" href=\"https:\/\/welcome-to-times-square.com\/es\/broadway\/\" \/>\n<meta property=\"og:locale\" content=\"es_ES\" \/>\n<meta property=\"og:type\" content=\"article\" \/>\n<meta property=\"og:title\" content=\"Broadway - times-square\" \/>\n<meta property=\"og:description\" content=\"Broadway Una de las mayores atracciones de la ciudad de Nueva York es Broadway, donde encontrar\u00e1s la mejor y m\u00e1s deslumbrante oferta teatral del mundo. Aqu\u00ed encontrar\u00e1s toda la informaci\u00f3n necesaria para conocer, visitar este circuito teatral y disfrutar de los espect\u00e1culos que m\u00e1s te gustan. Nueva York es el s\u00edmbolo del espect\u00e1culo. Tienes que [...]read moreBroadway\" \/>\n<meta property=\"og:url\" content=\"https:\/\/welcome-to-times-square.com\/es\/broadway\/\" \/>\n<meta property=\"og:site_name\" content=\"times-square\" \/>\n<meta property=\"article:modified_time\" content=\"2025-01-16T11:03:11+00:00\" \/>\n<meta property=\"og:image\" content=\"https:\/\/welcome-to-times-square.com\/wp-content\/uploads\/2022\/04\/broadway.jpg\" \/>\n\t<meta property=\"og:image:width\" content=\"1600\" \/>\n\t<meta property=\"og:image:height\" content=\"1071\" \/>\n\t<meta property=\"og:image:type\" content=\"image\/jpeg\" \/>\n<meta name=\"twitter:card\" content=\"summary_large_image\" \/>\n<meta name=\"twitter:label1\" content=\"Tiempo de lectura\" \/>\n\t<meta name=\"twitter:data1\" content=\"4 minutos\" \/>\n<script type=\"application\/ld+json\" class=\"yoast-schema-graph\">{\"@context\":\"https:\/\/schema.org\",\"@graph\":[{\"@type\":\"WebPage\",\"@id\":\"https:\/\/welcome-to-times-square.com\/es\/broadway\/\",\"url\":\"https:\/\/welcome-to-times-square.com\/es\/broadway\/\",\"name\":\"Broadway - times-square\",\"isPartOf\":{\"@id\":\"https:\/\/welcome-to-times-square.com\/es\/#website\"},\"primaryImageOfPage\":{\"@id\":\"https:\/\/welcome-to-times-square.com\/es\/broadway\/#primaryimage\"},\"image\":{\"@id\":\"https:\/\/welcome-to-times-square.com\/es\/broadway\/#primaryimage\"},\"thumbnailUrl\":\"https:\/\/welcome-to-times-square.com\/wp-content\/uploads\/2022\/04\/broadway-1024x685.jpg\",\"datePublished\":\"2022-04-21T20:42:43+00:00\",\"dateModified\":\"2025-01-16T11:03:11+00:00\",\"breadcrumb\":{\"@id\":\"https:\/\/welcome-to-times-square.com\/es\/broadway\/#breadcrumb\"},\"inLanguage\":\"es\",\"potentialAction\":[{\"@type\":\"ReadAction\",\"target\":[\"https:\/\/welcome-to-times-square.com\/es\/broadway\/\"]}]},{\"@type\":\"ImageObject\",\"inLanguage\":\"es\",\"@id\":\"https:\/\/welcome-to-times-square.com\/es\/broadway\/#primaryimage\",\"url\":\"https:\/\/welcome-to-times-square.com\/wp-content\/uploads\/2022\/04\/broadway-1024x685.jpg\",\"contentUrl\":\"https:\/\/welcome-to-times-square.com\/wp-content\/uploads\/2022\/04\/broadway-1024x685.jpg\"},{\"@type\":\"BreadcrumbList\",\"@id\":\"https:\/\/welcome-to-times-square.com\/es\/broadway\/#breadcrumb\",\"itemListElement\":[{\"@type\":\"ListItem\",\"position\":1,\"name\":\"Home\",\"item\":\"https:\/\/welcome-to-times-square.com\/es\/\"},{\"@type\":\"ListItem\",\"position\":2,\"name\":\"Broadway\"}]},{\"@type\":\"WebSite\",\"@id\":\"https:\/\/welcome-to-times-square.com\/es\/#website\",\"url\":\"https:\/\/welcome-to-times-square.com\/es\/\",\"name\":\"times-square\",\"description\":\"times-square\",\"publisher\":{\"@id\":\"https:\/\/welcome-to-times-square.com\/es\/#organization\"},\"potentialAction\":[{\"@type\":\"SearchAction\",\"target\":{\"@type\":\"EntryPoint\",\"urlTemplate\":\"https:\/\/welcome-to-times-square.com\/es\/?s={search_term_string}\"},\"query-input\":{\"@type\":\"PropertyValueSpecification\",\"valueRequired\":true,\"valueName\":\"search_term_string\"}}],\"inLanguage\":\"es\"},{\"@type\":\"Organization\",\"@id\":\"https:\/\/welcome-to-times-square.com\/es\/#organization\",\"name\":\"times-square\",\"url\":\"https:\/\/welcome-to-times-square.com\/es\/\",\"logo\":{\"@type\":\"ImageObject\",\"inLanguage\":\"es\",\"@id\":\"https:\/\/welcome-to-times-square.com\/es\/#\/schema\/logo\/image\/\",\"url\":\"https:\/\/welcome-to-times-square.com\/wp-content\/uploads\/2024\/03\/welcome-to-time-square-logo-with-r.png\",\"contentUrl\":\"https:\/\/welcome-to-times-square.com\/wp-content\/uploads\/2024\/03\/welcome-to-time-square-logo-with-r.png\",\"width\":500,\"height\":342,\"caption\":\"times-square\"},\"image\":{\"@id\":\"https:\/\/welcome-to-times-square.com\/es\/#\/schema\/logo\/image\/\"}}]}<\/script>\n<!-- \/ Yoast SEO plugin. -->","yoast_head_json":{"title":"Broadway - times-square","robots":{"index":"index","follow":"follow","max-snippet":"max-snippet:-1","max-image-preview":"max-image-preview:large","max-video-preview":"max-video-preview:-1"},"canonical":"https:\/\/welcome-to-times-square.com\/es\/broadway\/","og_locale":"es_ES","og_type":"article","og_title":"Broadway - times-square","og_description":"Broadway Una de las mayores atracciones de la ciudad de Nueva York es Broadway, donde encontrar\u00e1s la mejor y m\u00e1s deslumbrante oferta teatral del mundo. Aqu\u00ed encontrar\u00e1s toda la informaci\u00f3n necesaria para conocer, visitar este circuito teatral y disfrutar de los espect\u00e1culos que m\u00e1s te gustan. Nueva York es el s\u00edmbolo del espect\u00e1culo. Tienes que [...]read moreBroadway","og_url":"https:\/\/welcome-to-times-square.com\/es\/broadway\/","og_site_name":"times-square","article_modified_time":"2025-01-16T11:03:11+00:00","og_image":[{"width":1600,"height":1071,"url":"https:\/\/welcome-to-times-square.com\/wp-content\/uploads\/2022\/04\/broadway.jpg","type":"image\/jpeg"}],"twitter_card":"summary_large_image","twitter_misc":{"Tiempo de lectura":"4 minutos"},"schema":{"@context":"https:\/\/schema.org","@graph":[{"@type":"WebPage","@id":"https:\/\/welcome-to-times-square.com\/es\/broadway\/","url":"https:\/\/welcome-to-times-square.com\/es\/broadway\/","name":"Broadway - times-square","isPartOf":{"@id":"https:\/\/welcome-to-times-square.com\/es\/#website"},"primaryImageOfPage":{"@id":"https:\/\/welcome-to-times-square.com\/es\/broadway\/#primaryimage"},"image":{"@id":"https:\/\/welcome-to-times-square.com\/es\/broadway\/#primaryimage"},"thumbnailUrl":"https:\/\/welcome-to-times-square.com\/wp-content\/uploads\/2022\/04\/broadway-1024x685.jpg","datePublished":"2022-04-21T20:42:43+00:00","dateModified":"2025-01-16T11:03:11+00:00","breadcrumb":{"@id":"https:\/\/welcome-to-times-square.com\/es\/broadway\/#breadcrumb"},"inLanguage":"es","potentialAction":[{"@type":"ReadAction","target":["https:\/\/welcome-to-times-square.com\/es\/broadway\/"]}]},{"@type":"ImageObject","inLanguage":"es","@id":"https:\/\/welcome-to-times-square.com\/es\/broadway\/#primaryimage","url":"https:\/\/welcome-to-times-square.com\/wp-content\/uploads\/2022\/04\/broadway-1024x685.jpg","contentUrl":"https:\/\/welcome-to-times-square.com\/wp-content\/uploads\/2022\/04\/broadway-1024x685.jpg"},{"@type":"BreadcrumbList","@id":"https:\/\/welcome-to-times-square.com\/es\/broadway\/#breadcrumb","itemListElement":[{"@type":"ListItem","position":1,"name":"Home","item":"https:\/\/welcome-to-times-square.com\/es\/"},{"@type":"ListItem","position":2,"name":"Broadway"}]},{"@type":"WebSite","@id":"https:\/\/welcome-to-times-square.com\/es\/#website","url":"https:\/\/welcome-to-times-square.com\/es\/","name":"times-square","description":"times-square","publisher":{"@id":"https:\/\/welcome-to-times-square.com\/es\/#organization"},"potentialAction":[{"@type":"SearchAction","target":{"@type":"EntryPoint","urlTemplate":"https:\/\/welcome-to-times-square.com\/es\/?s={search_term_string}"},"query-input":{"@type":"PropertyValueSpecification","valueRequired":true,"valueName":"search_term_string"}}],"inLanguage":"es"},{"@type":"Organization","@id":"https:\/\/welcome-to-times-square.com\/es\/#organization","name":"times-square","url":"https:\/\/welcome-to-times-square.com\/es\/","logo":{"@type":"ImageObject","inLanguage":"es","@id":"https:\/\/welcome-to-times-square.com\/es\/#\/schema\/logo\/image\/","url":"https:\/\/welcome-to-times-square.com\/wp-content\/uploads\/2024\/03\/welcome-to-time-square-logo-with-r.png","contentUrl":"https:\/\/welcome-to-times-square.com\/wp-content\/uploads\/2024\/03\/welcome-to-time-square-logo-with-r.png","width":500,"height":342,"caption":"times-square"},"image":{"@id":"https:\/\/welcome-to-times-square.com\/es\/#\/schema\/logo\/image\/"}}]}},"_hostinger_reach_plugin_has_subscription_block":false,"_hostinger_reach_plugin_is_elementor":false,"_links":{"self":[{"href":"https:\/\/welcome-to-times-square.com\/es\/wp-json\/wp\/v2\/pages\/8831","targetHints":{"allow":["GET"]}}],"collection":[{"href":"https:\/\/welcome-to-times-square.com\/es\/wp-json\/wp\/v2\/pages"}],"about":[{"href":"https:\/\/welcome-to-times-square.com\/es\/wp-json\/wp\/v2\/types\/page"}],"author":[{"embeddable":true,"href":"https:\/\/welcome-to-times-square.com\/es\/wp-json\/wp\/v2\/users\/53"}],"replies":[{"embeddable":true,"href":"https:\/\/welcome-to-times-square.com\/es\/wp-json\/wp\/v2\/comments?post=8831"}],"version-history":[{"count":2,"href":"https:\/\/welcome-to-times-square.com\/es\/wp-json\/wp\/v2\/pages\/8831\/revisions"}],"predecessor-version":[{"id":8843,"href":"https:\/\/welcome-to-times-square.com\/es\/wp-json\/wp\/v2\/pages\/8831\/revisions\/8843"}],"wp:attachment":[{"href":"https:\/\/welcome-to-times-square.com\/es\/wp-json\/wp\/v2\/media?parent=8831"}],"curies":[{"name":"wp","href":"https:\/\/api.w.org\/{rel}","templated":true}]}}