{"id":8873,"date":"2022-04-21T20:50:20","date_gmt":"2022-04-21T20:50:20","guid":{"rendered":"https:\/\/welcome-to-times-square.com\/entertaiment\/"},"modified":"2025-01-16T11:39:32","modified_gmt":"2025-01-16T11:39:32","slug":"entertaiment","status":"publish","type":"page","link":"https:\/\/welcome-to-times-square.com\/es\/entertaiment\/","title":{"rendered":"Entertainment"},"content":{"rendered":"\t\t<div data-elementor-type=\"wp-page\" data-elementor-id=\"8873\" class=\"elementor elementor-8873 elementor-2724\" data-elementor-post-type=\"page\">\n\t\t\t\t<div class=\"elementor-element elementor-element-dea4015 e-flex e-con-boxed e-con e-parent\" data-id=\"dea4015\" data-element_type=\"container\" data-e-type=\"container\" data-settings=\"{&quot;background_background&quot;:&quot;classic&quot;}\">\n\t\t\t\t\t<div class=\"e-con-inner\">\n\t\t\t\t<div class=\"elementor-element elementor-element-2ba7a58 elementor-widget elementor-widget-heading\" data-id=\"2ba7a58\" data-element_type=\"widget\" data-e-type=\"widget\" data-widget_type=\"heading.default\">\n\t\t\t\t<div class=\"elementor-widget-container\">\n\t\t\t\t\t<h2 class=\"elementor-heading-title elementor-size-default\">Entertaiment<\/h2>\t\t\t\t<\/div>\n\t\t\t\t<\/div>\n\t\t\t\t<div class=\"elementor-element elementor-element-476d8d6 elementor-widget-divider--view-line elementor-widget elementor-widget-divider\" data-id=\"476d8d6\" data-element_type=\"widget\" data-e-type=\"widget\" data-widget_type=\"divider.default\">\n\t\t\t\t<div class=\"elementor-widget-container\">\n\t\t\t\t\t\t\t<div class=\"elementor-divider\">\n\t\t\t<span class=\"elementor-divider-separator\">\n\t\t\t\t\t\t<\/span>\n\t\t<\/div>\n\t\t\t\t\t\t<\/div>\n\t\t\t\t<\/div>\n\t\t\t\t<div class=\"elementor-element elementor-element-47af605 elementor-widget elementor-widget-text-editor\" data-id=\"47af605\" data-element_type=\"widget\" data-e-type=\"widget\" data-widget_type=\"text-editor.default\">\n\t\t\t\t<div class=\"elementor-widget-container\">\n\t\t\t\t\t\t\t\t\t<div class=\"vc_row wpb_row vc_row-fluid vc_custom_1650656361411 vc_row-has-fill\">\n<div class=\"wpb_column vc_column_container vc_col-sm-12\">\n<div class=\"vc_column-inner\">\n<div class=\"wpb_wrapper\">\n<div class=\"wpb_text_column wpb_content_element \">\n<div class=\"wpb_wrapper\">\n<p>Pamela Anderson, de 54 a\u00f1os, comenz\u00f3 su carrera de ocho semanas en Broadway interpretando a la astuta Roxie Hart en el ic\u00f3nico musical de Bob Fosse y Fred Ebb, donde recibi\u00f3 elogios eternos. El p\u00fablico recibi\u00f3 a Anderson con el tipo de euforia que pocos espect\u00e1culos han recibido durante esta dif\u00edcil temporada, mucho menos una producci\u00f3n de 25 a\u00f1os como Chicago. <\/p>\n<p>Chicago cuenta la historia de Roxie, una ad\u00faltera de la d\u00e9cada de 1920 que asesina a su amante y se convierte en una favorita de la prensa sensacionalista mientras argumenta en su propia defensa, un papel perfecto para el \u00edcono del entretenimiento.<\/p>\n<p>Chicago tuvo tanto \u00e9xito que gan\u00f3 6 premios Tony y la grabaci\u00f3n de los temas del musical tambi\u00e9n gan\u00f3 un Grammy.<\/p>\n<p>El Rey Le\u00f3n es una aclamada adaptaci\u00f3n teatral de la cl\u00e1sica pel\u00edcula y libro de Disney de 1994 de Roger Allers e Irene Mecchi, que da vida a la historia de Simba, el pr\u00edncipe de los leones africanos, que lucha contra su malvado t\u00edo Scar. por el trono, despu\u00e9s de matar a su padre. Pero antes de que Simba pueda ocupar el lugar que le corresponde en el \u00abC\u00edrculo de la Vida\u00bb, crece con sus dos amigos amantes de la diversi\u00f3n, Tim\u00f3n y Pumba. Juntos, le ense\u00f1an a Simba su filosof\u00eda de vida, \u00abHakuna Matata\u00bb (Sin preocupaciones). El musical presenta m\u00fasica de Elton John y Tim Rice y la canci\u00f3n ganadora del Oscar \u00abCan You Feel the Love Tonight\u00bb.    <\/p>\n<p>La m\u00fasica adicional es de Hans Zimmer, Lebo M, Mark Mancina y Jay Rifkin. Esta fiesta visual es famosa por la compleja fusi\u00f3n de animales, t\u00edteres y humanos de la directora Julie Taymor, y es amada por p\u00fablicos de todas las edades. <\/p>\n<p>Harry Potter y el legado maldito, su trama no replica ninguna de las pel\u00edculas, sino que es una trama que solo se puede ver en el musical. El gui\u00f3n fue escrito por la propia J. K. Rowling y tiene lugar 17 a\u00f1os despu\u00e9s de que Harry derrotara a Voldemort. Ahora Potter es un empleado del Ministerio de Magia, casado y padre de tres hijos. Este punto de partida es el comienzo de una obra que ya ha ganado varios premios Tony, incluido el de Mejor Musical, y ostenta el r\u00e9cord de ventas de entradas en una sola semana en la historia de Broadway. La ambientaci\u00f3n, los efectos especiales y la banda sonora del musical son magn\u00edficos y muy entretenidos. Pero sobre todo, porque completa la historia de Harry Potter de una manera que ninguna otra pel\u00edcula, spin-off o novela lo ha hecho.     <\/p>\n<p>Moulin Rouge es una experiencia sensacional llena de colores, luces y emociones que te sumergir\u00e1 en el Par\u00eds bohemio de 1900. Cuenta la rom\u00e1ntica historia de amor entre el joven escritor Christian y Satine, la estrella del cabaret. El musical conserva toda la esencia de la pel\u00edcula pues la escenograf\u00eda del musical tiene incluso el simb\u00f3lico molino rojo, el elefante gigante y todo el sabor del cabaret, pero adem\u00e1s se moderniza a\u00f1adiendo canciones recientes a su repertorio, lo que hace que te identifiques m\u00e1s con Es. La historia. y es puro entretenimiento.   <\/p>\n<p>Hamilton cuenta la historia de Alexander Hamilton, un hu\u00e9rfano caribe\u00f1o que, despu\u00e9s de una serie de acontecimientos, acaba llegando a Estados Unidos y se convierte en una figura importante tanto en la Guerra de Independencia de Estados Unidos como en el primer gobierno del pa\u00eds. La historia se cuenta de forma poco convencional a trav\u00e9s de una puesta en escena interactiva donde abundan los espectaculares efectos de sonido y luz, proporcionando un gran entretenimiento. Adem\u00e1s, es una obra en la que hay poco di\u00e1logo y todo es a trav\u00e9s de la m\u00fasica. Cada uno de ellos es \u00fanico en este musical.   <\/p>\n<p>Aladdin es la adaptaci\u00f3n teatral de la popular y cl\u00e1sica pel\u00edcula animada de Disney de la d\u00e9cada de 1990.<\/p>\n<p>La historia comienza cuando Aladino, un joven ladr\u00f3n de Agrabah, encuentra una l\u00e1mpara m\u00e1gica con la que puede pedir s\u00f3lo tres deseos para arreglar su vida y as\u00ed escapar de la pobreza. Con una de ellas quiere convertirse en pr\u00edncipe para conquistar a Jazm\u00edn, la bella hija del sult\u00e1n de quien se ha enamorado, pero el malvado visir real tiene otros planes para el Genio de la l\u00e1mpara que pondr\u00e1n a todos los habitantes de la ciudad en peligro. La escena del n\u00famero \u201cUn mundo ideal\u201d, donde los protagonistas vuelan sobre la ciudad a bordo de una alfombra m\u00e1gica, es simplemente magn\u00edfica, un gran entretenimiento para toda la familia.   <\/p>\n<p>El Fantasma de la \u00d3pera es uno de los musicales m\u00e1s exitosos de Broadway, habiendo recibido 7 premios Tony (incluido el de Mejor Musical del A\u00f1o) gracias a su maravillosa adaptaci\u00f3n de la popular novela de Gast\u00f3n Leroux.<\/p>\n<p>Est\u00e1 ambientada en el siglo XIX en la \u00d3pera de Par\u00eds, y cuenta la historia de un hombre deforme que se esconde en el s\u00f3tano de la \u00f3pera y deja a los trabajadores del teatro asustados con sus cr\u00edmenes. Pero el fantasma se enamora de una joven bailarina llamada Christine, la adopta como su musa y le ense\u00f1a a cantar para que pueda convertirse en la actriz principal de la \u00f3pera. Sin embargo, cuando descubre que su amor es imposible, jura venganza.  <\/p>\n<p>Est\u00e1 ambientada en el siglo XIX en la \u00d3pera de Par\u00eds, y cuenta la historia de un hombre deforme que se esconde en el s\u00f3tano de la \u00f3pera y deja a los trabajadores del teatro asustados con sus cr\u00edmenes. Pero el fantasma se enamora de una joven bailarina llamada Christine, la adopta como su musa y le ense\u00f1a a cantar para que pueda convertirse en la actriz principal de la \u00f3pera. Sin embargo, cuando descubre que su amor es imposible, jura venganza.<\/p>\n<\/div>\n<\/div>\n<\/div>\n<\/div>\n<\/div>\n<\/div>\n\t\t\t\t\t\t\t\t<\/div>\n\t\t\t\t<\/div>\n\t\t\t\t<div class=\"elementor-element elementor-element-09147c1 elementor-widget-divider--view-line elementor-widget elementor-widget-divider\" data-id=\"09147c1\" data-element_type=\"widget\" data-e-type=\"widget\" data-widget_type=\"divider.default\">\n\t\t\t\t<div class=\"elementor-widget-container\">\n\t\t\t\t\t\t\t<div class=\"elementor-divider\">\n\t\t\t<span class=\"elementor-divider-separator\">\n\t\t\t\t\t\t<\/span>\n\t\t<\/div>\n\t\t\t\t\t\t<\/div>\n\t\t\t\t<\/div>\n\t\t\t\t<div class=\"elementor-element elementor-element-9eff9da elementor-widget elementor-widget-text-editor\" data-id=\"9eff9da\" data-element_type=\"widget\" data-e-type=\"widget\" data-widget_type=\"text-editor.default\">\n\t\t\t\t<div class=\"elementor-widget-container\">\n\t\t\t\t\t\t\t\t\t<p><strong>Para aparecer en nuestro Billboard en Times Square, vaya a nuestra secci\u00f3n CONTACTO.<\/strong><\/p>\n<p>As\u00ed es como funciona:<\/p>\n<p>Ya sea un cumplea\u00f1os, una propuesta de matrimonio, un aniversario o una simple declaraci\u00f3n de amor, lo tenemos cubierto. \u00a1No seas un simple rostro entre la multitud! <br \/>\u00a1Consigue tu foto o v\u00eddeo en nuestra cartelera en Times Square!<\/p>\n<p>Opci\u00f3n 1: Tu video o foto de 60 segundos se mostrar\u00e1 22 veces al d\u00eda.<br \/>Opci\u00f3n 2: Tu video o foto de 30 segundos se mostrar\u00e1 44 veces al d\u00eda.<br \/>Opci\u00f3n 3: Tu video o foto de 15 segundos se mostrar\u00e1 88 veces al d\u00eda.<\/p>\n<p>Nuestro cartel publicitario mide 31 pies por 55 pies y est\u00e1 ubicado en 1560 Broadway (Broadway y 46th Street, justo encima de la tienda Pel\u00e9).<\/p>\n<p>\u00a1No seas una cara entre la multitud!<\/p>\n\t\t\t\t\t\t\t\t<\/div>\n\t\t\t\t<\/div>\n\t\t\t\t<div class=\"elementor-element elementor-element-a11b766 elementor-widget elementor-widget-image\" data-id=\"a11b766\" data-element_type=\"widget\" data-e-type=\"widget\" data-widget_type=\"image.default\">\n\t\t\t\t<div class=\"elementor-widget-container\">\n\t\t\t\t\t\t\t\t\t\t\t\t\t\t\t<img fetchpriority=\"high\" decoding=\"async\" width=\"1024\" height=\"768\" src=\"https:\/\/welcome-to-times-square.com\/wp-content\/uploads\/2022\/04\/entertaiment-1024x768.jpg\" class=\"attachment-large size-large wp-image-6156\" alt=\"\" srcset=\"https:\/\/welcome-to-times-square.com\/wp-content\/uploads\/2022\/04\/entertaiment-1024x768.jpg 1024w, https:\/\/welcome-to-times-square.com\/wp-content\/uploads\/2022\/04\/entertaiment-600x450.jpg 600w, https:\/\/welcome-to-times-square.com\/wp-content\/uploads\/2022\/04\/entertaiment-300x225.jpg 300w, https:\/\/welcome-to-times-square.com\/wp-content\/uploads\/2022\/04\/entertaiment-768x576.jpg 768w, https:\/\/welcome-to-times-square.com\/wp-content\/uploads\/2022\/04\/entertaiment.jpg 1500w\" sizes=\"(max-width: 1024px) 100vw, 1024px\" \/>\t\t\t\t\t\t\t\t\t\t\t\t\t\t\t<\/div>\n\t\t\t\t<\/div>\n\t\t\t\t\t<\/div>\n\t\t\t\t<\/div>\n\t\t\t\t<\/div>\n\t\t","protected":false},"excerpt":{"rendered":"Entertaiment Pamela Anderson, de 54 a\u00f1os, comenz\u00f3 su carrera de ocho semanas en Broadway interpretando a la astuta Roxie Hart en el ic\u00f3nico musical de Bob Fosse y Fred Ebb, donde recibi\u00f3 elogios eternos. El p\u00fablico recibi\u00f3 a Anderson con el tipo de euforia que pocos espect\u00e1culos han recibido durante esta dif\u00edcil temporada, mucho menos [...]<a href=\"https:\/\/welcome-to-times-square.com\/es\/entertaiment\/\" class=\"read-more wyz-secondary-color-text\">read more<span class=\"screen-reader-text\">Entertainment<\/span><\/a>","protected":false},"author":53,"featured_media":0,"parent":0,"menu_order":0,"comment_status":"closed","ping_status":"closed","template":"elementor_header_footer","meta":{"footnotes":""},"class_list":["post-8873","page","type-page","status-publish","hentry"],"yoast_head":"<!-- This site is optimized with the Yoast SEO plugin v27.2 - https:\/\/yoast.com\/product\/yoast-seo-wordpress\/ -->\n<title>Entertainment - times-square<\/title>\n<meta name=\"robots\" content=\"index, follow, max-snippet:-1, max-image-preview:large, max-video-preview:-1\" \/>\n<link rel=\"canonical\" href=\"https:\/\/welcome-to-times-square.com\/es\/entertaiment\/\" \/>\n<meta property=\"og:locale\" content=\"es_ES\" \/>\n<meta property=\"og:type\" content=\"article\" \/>\n<meta property=\"og:title\" content=\"Entertainment - times-square\" \/>\n<meta property=\"og:description\" content=\"Entertaiment Pamela Anderson, de 54 a\u00f1os, comenz\u00f3 su carrera de ocho semanas en Broadway interpretando a la astuta Roxie Hart en el ic\u00f3nico musical de Bob Fosse y Fred Ebb, donde recibi\u00f3 elogios eternos. El p\u00fablico recibi\u00f3 a Anderson con el tipo de euforia que pocos espect\u00e1culos han recibido durante esta dif\u00edcil temporada, mucho menos [...]read moreEntertainment\" \/>\n<meta property=\"og:url\" content=\"https:\/\/welcome-to-times-square.com\/es\/entertaiment\/\" \/>\n<meta property=\"og:site_name\" content=\"times-square\" \/>\n<meta property=\"article:modified_time\" content=\"2025-01-16T11:39:32+00:00\" \/>\n<meta property=\"og:image\" content=\"https:\/\/welcome-to-times-square.com\/wp-content\/uploads\/2022\/04\/entertaiment.jpg\" \/>\n\t<meta property=\"og:image:width\" content=\"1500\" \/>\n\t<meta property=\"og:image:height\" content=\"1125\" \/>\n\t<meta property=\"og:image:type\" content=\"image\/jpeg\" \/>\n<meta name=\"twitter:card\" content=\"summary_large_image\" \/>\n<meta name=\"twitter:label1\" content=\"Tiempo de lectura\" \/>\n\t<meta name=\"twitter:data1\" content=\"5 minutos\" \/>\n<script type=\"application\/ld+json\" class=\"yoast-schema-graph\">{\"@context\":\"https:\/\/schema.org\",\"@graph\":[{\"@type\":\"WebPage\",\"@id\":\"https:\/\/welcome-to-times-square.com\/es\/entertaiment\/\",\"url\":\"https:\/\/welcome-to-times-square.com\/es\/entertaiment\/\",\"name\":\"Entertainment - times-square\",\"isPartOf\":{\"@id\":\"https:\/\/welcome-to-times-square.com\/es\/#website\"},\"primaryImageOfPage\":{\"@id\":\"https:\/\/welcome-to-times-square.com\/es\/entertaiment\/#primaryimage\"},\"image\":{\"@id\":\"https:\/\/welcome-to-times-square.com\/es\/entertaiment\/#primaryimage\"},\"thumbnailUrl\":\"https:\/\/welcome-to-times-square.com\/wp-content\/uploads\/2022\/04\/entertaiment-1024x768.jpg\",\"datePublished\":\"2022-04-21T20:50:20+00:00\",\"dateModified\":\"2025-01-16T11:39:32+00:00\",\"breadcrumb\":{\"@id\":\"https:\/\/welcome-to-times-square.com\/es\/entertaiment\/#breadcrumb\"},\"inLanguage\":\"es\",\"potentialAction\":[{\"@type\":\"ReadAction\",\"target\":[\"https:\/\/welcome-to-times-square.com\/es\/entertaiment\/\"]}]},{\"@type\":\"ImageObject\",\"inLanguage\":\"es\",\"@id\":\"https:\/\/welcome-to-times-square.com\/es\/entertaiment\/#primaryimage\",\"url\":\"https:\/\/welcome-to-times-square.com\/wp-content\/uploads\/2022\/04\/entertaiment-1024x768.jpg\",\"contentUrl\":\"https:\/\/welcome-to-times-square.com\/wp-content\/uploads\/2022\/04\/entertaiment-1024x768.jpg\"},{\"@type\":\"BreadcrumbList\",\"@id\":\"https:\/\/welcome-to-times-square.com\/es\/entertaiment\/#breadcrumb\",\"itemListElement\":[{\"@type\":\"ListItem\",\"position\":1,\"name\":\"Home\",\"item\":\"https:\/\/welcome-to-times-square.com\/es\/\"},{\"@type\":\"ListItem\",\"position\":2,\"name\":\"Entertainment\"}]},{\"@type\":\"WebSite\",\"@id\":\"https:\/\/welcome-to-times-square.com\/es\/#website\",\"url\":\"https:\/\/welcome-to-times-square.com\/es\/\",\"name\":\"times-square\",\"description\":\"times-square\",\"publisher\":{\"@id\":\"https:\/\/welcome-to-times-square.com\/es\/#organization\"},\"potentialAction\":[{\"@type\":\"SearchAction\",\"target\":{\"@type\":\"EntryPoint\",\"urlTemplate\":\"https:\/\/welcome-to-times-square.com\/es\/?s={search_term_string}\"},\"query-input\":{\"@type\":\"PropertyValueSpecification\",\"valueRequired\":true,\"valueName\":\"search_term_string\"}}],\"inLanguage\":\"es\"},{\"@type\":\"Organization\",\"@id\":\"https:\/\/welcome-to-times-square.com\/es\/#organization\",\"name\":\"times-square\",\"url\":\"https:\/\/welcome-to-times-square.com\/es\/\",\"logo\":{\"@type\":\"ImageObject\",\"inLanguage\":\"es\",\"@id\":\"https:\/\/welcome-to-times-square.com\/es\/#\/schema\/logo\/image\/\",\"url\":\"https:\/\/welcome-to-times-square.com\/wp-content\/uploads\/2024\/03\/welcome-to-time-square-logo-with-r.png\",\"contentUrl\":\"https:\/\/welcome-to-times-square.com\/wp-content\/uploads\/2024\/03\/welcome-to-time-square-logo-with-r.png\",\"width\":500,\"height\":342,\"caption\":\"times-square\"},\"image\":{\"@id\":\"https:\/\/welcome-to-times-square.com\/es\/#\/schema\/logo\/image\/\"}}]}<\/script>\n<!-- \/ Yoast SEO plugin. -->","yoast_head_json":{"title":"Entertainment - times-square","robots":{"index":"index","follow":"follow","max-snippet":"max-snippet:-1","max-image-preview":"max-image-preview:large","max-video-preview":"max-video-preview:-1"},"canonical":"https:\/\/welcome-to-times-square.com\/es\/entertaiment\/","og_locale":"es_ES","og_type":"article","og_title":"Entertainment - times-square","og_description":"Entertaiment Pamela Anderson, de 54 a\u00f1os, comenz\u00f3 su carrera de ocho semanas en Broadway interpretando a la astuta Roxie Hart en el ic\u00f3nico musical de Bob Fosse y Fred Ebb, donde recibi\u00f3 elogios eternos. El p\u00fablico recibi\u00f3 a Anderson con el tipo de euforia que pocos espect\u00e1culos han recibido durante esta dif\u00edcil temporada, mucho menos [...]read moreEntertainment","og_url":"https:\/\/welcome-to-times-square.com\/es\/entertaiment\/","og_site_name":"times-square","article_modified_time":"2025-01-16T11:39:32+00:00","og_image":[{"width":1500,"height":1125,"url":"https:\/\/welcome-to-times-square.com\/wp-content\/uploads\/2022\/04\/entertaiment.jpg","type":"image\/jpeg"}],"twitter_card":"summary_large_image","twitter_misc":{"Tiempo de lectura":"5 minutos"},"schema":{"@context":"https:\/\/schema.org","@graph":[{"@type":"WebPage","@id":"https:\/\/welcome-to-times-square.com\/es\/entertaiment\/","url":"https:\/\/welcome-to-times-square.com\/es\/entertaiment\/","name":"Entertainment - times-square","isPartOf":{"@id":"https:\/\/welcome-to-times-square.com\/es\/#website"},"primaryImageOfPage":{"@id":"https:\/\/welcome-to-times-square.com\/es\/entertaiment\/#primaryimage"},"image":{"@id":"https:\/\/welcome-to-times-square.com\/es\/entertaiment\/#primaryimage"},"thumbnailUrl":"https:\/\/welcome-to-times-square.com\/wp-content\/uploads\/2022\/04\/entertaiment-1024x768.jpg","datePublished":"2022-04-21T20:50:20+00:00","dateModified":"2025-01-16T11:39:32+00:00","breadcrumb":{"@id":"https:\/\/welcome-to-times-square.com\/es\/entertaiment\/#breadcrumb"},"inLanguage":"es","potentialAction":[{"@type":"ReadAction","target":["https:\/\/welcome-to-times-square.com\/es\/entertaiment\/"]}]},{"@type":"ImageObject","inLanguage":"es","@id":"https:\/\/welcome-to-times-square.com\/es\/entertaiment\/#primaryimage","url":"https:\/\/welcome-to-times-square.com\/wp-content\/uploads\/2022\/04\/entertaiment-1024x768.jpg","contentUrl":"https:\/\/welcome-to-times-square.com\/wp-content\/uploads\/2022\/04\/entertaiment-1024x768.jpg"},{"@type":"BreadcrumbList","@id":"https:\/\/welcome-to-times-square.com\/es\/entertaiment\/#breadcrumb","itemListElement":[{"@type":"ListItem","position":1,"name":"Home","item":"https:\/\/welcome-to-times-square.com\/es\/"},{"@type":"ListItem","position":2,"name":"Entertainment"}]},{"@type":"WebSite","@id":"https:\/\/welcome-to-times-square.com\/es\/#website","url":"https:\/\/welcome-to-times-square.com\/es\/","name":"times-square","description":"times-square","publisher":{"@id":"https:\/\/welcome-to-times-square.com\/es\/#organization"},"potentialAction":[{"@type":"SearchAction","target":{"@type":"EntryPoint","urlTemplate":"https:\/\/welcome-to-times-square.com\/es\/?s={search_term_string}"},"query-input":{"@type":"PropertyValueSpecification","valueRequired":true,"valueName":"search_term_string"}}],"inLanguage":"es"},{"@type":"Organization","@id":"https:\/\/welcome-to-times-square.com\/es\/#organization","name":"times-square","url":"https:\/\/welcome-to-times-square.com\/es\/","logo":{"@type":"ImageObject","inLanguage":"es","@id":"https:\/\/welcome-to-times-square.com\/es\/#\/schema\/logo\/image\/","url":"https:\/\/welcome-to-times-square.com\/wp-content\/uploads\/2024\/03\/welcome-to-time-square-logo-with-r.png","contentUrl":"https:\/\/welcome-to-times-square.com\/wp-content\/uploads\/2024\/03\/welcome-to-time-square-logo-with-r.png","width":500,"height":342,"caption":"times-square"},"image":{"@id":"https:\/\/welcome-to-times-square.com\/es\/#\/schema\/logo\/image\/"}}]}},"_hostinger_reach_plugin_has_subscription_block":false,"_hostinger_reach_plugin_is_elementor":false,"_links":{"self":[{"href":"https:\/\/welcome-to-times-square.com\/es\/wp-json\/wp\/v2\/pages\/8873","targetHints":{"allow":["GET"]}}],"collection":[{"href":"https:\/\/welcome-to-times-square.com\/es\/wp-json\/wp\/v2\/pages"}],"about":[{"href":"https:\/\/welcome-to-times-square.com\/es\/wp-json\/wp\/v2\/types\/page"}],"author":[{"embeddable":true,"href":"https:\/\/welcome-to-times-square.com\/es\/wp-json\/wp\/v2\/users\/53"}],"replies":[{"embeddable":true,"href":"https:\/\/welcome-to-times-square.com\/es\/wp-json\/wp\/v2\/comments?post=8873"}],"version-history":[{"count":4,"href":"https:\/\/welcome-to-times-square.com\/es\/wp-json\/wp\/v2\/pages\/8873\/revisions"}],"predecessor-version":[{"id":8890,"href":"https:\/\/welcome-to-times-square.com\/es\/wp-json\/wp\/v2\/pages\/8873\/revisions\/8890"}],"wp:attachment":[{"href":"https:\/\/welcome-to-times-square.com\/es\/wp-json\/wp\/v2\/media?parent=8873"}],"curies":[{"name":"wp","href":"https:\/\/api.w.org\/{rel}","templated":true}]}}