{"id":8888,"date":"2022-04-21T23:31:07","date_gmt":"2022-04-21T23:31:07","guid":{"rendered":"https:\/\/welcome-to-times-square.com\/shopping\/"},"modified":"2025-01-16T12:13:37","modified_gmt":"2025-01-16T12:13:37","slug":"shopping","status":"publish","type":"page","link":"https:\/\/welcome-to-times-square.com\/es\/shopping\/","title":{"rendered":"Shopping"},"content":{"rendered":"\t\t<div data-elementor-type=\"wp-page\" data-elementor-id=\"8888\" class=\"elementor elementor-8888 elementor-2758\" data-elementor-post-type=\"page\">\n\t\t\t\t<div class=\"elementor-element elementor-element-b86bd75 e-flex e-con-boxed e-con e-parent\" data-id=\"b86bd75\" data-element_type=\"container\" data-e-type=\"container\" data-settings=\"{&quot;background_background&quot;:&quot;classic&quot;}\">\n\t\t\t\t\t<div class=\"e-con-inner\">\n\t\t\t\t<div class=\"elementor-element elementor-element-c71d7ee elementor-widget elementor-widget-heading\" data-id=\"c71d7ee\" data-element_type=\"widget\" data-e-type=\"widget\" data-widget_type=\"heading.default\">\n\t\t\t\t<div class=\"elementor-widget-container\">\n\t\t\t\t\t<h2 class=\"elementor-heading-title elementor-size-default\">Shopping<\/h2>\t\t\t\t<\/div>\n\t\t\t\t<\/div>\n\t\t\t\t<div class=\"elementor-element elementor-element-67a6023 elementor-widget-divider--view-line elementor-widget elementor-widget-divider\" data-id=\"67a6023\" data-element_type=\"widget\" data-e-type=\"widget\" data-widget_type=\"divider.default\">\n\t\t\t\t<div class=\"elementor-widget-container\">\n\t\t\t\t\t\t\t<div class=\"elementor-divider\">\n\t\t\t<span class=\"elementor-divider-separator\">\n\t\t\t\t\t\t<\/span>\n\t\t<\/div>\n\t\t\t\t\t\t<\/div>\n\t\t\t\t<\/div>\n\t\t\t\t<div class=\"elementor-element elementor-element-c87480d elementor-widget elementor-widget-text-editor\" data-id=\"c87480d\" data-element_type=\"widget\" data-e-type=\"widget\" data-widget_type=\"text-editor.default\">\n\t\t\t\t<div class=\"elementor-widget-container\">\n\t\t\t\t\t\t\t\t\t<div class=\"vc_row wpb_row vc_row-fluid vc_custom_1650656313890 vc_row-has-fill\">\n<div class=\"wpb_column vc_column_container vc_col-sm-12\">\n<div class=\"vc_column-inner\">\n<div class=\"wpb_wrapper\">\n<div class=\"wpb_text_column wpb_content_element \">\n<div class=\"wpb_wrapper\">\n<p>En la ciudad de Nueva York se puede ir de compras en casi cada cuadra, a cualquier hora, sin l\u00edmites y terminar el d\u00eda exhausto, feliz y cargado de bolsas. Las grandes y reconocidas marcas tienen su lugar aqu\u00ed y se puede encontrar desde un Best Buy para electr\u00f3nica en la Quinta Avenida, frente a la Biblioteca P\u00fablica (la Biblioteca), as\u00ed como las gigantescas tiendas de H&amp;M, Century 21 y Forever 21, para los que buscan renovar su guardarropa. Ya no existen jugueter\u00edas ic\u00f3nicas como FAO Schwartz y la sucursal de Times Square, pero todav\u00eda se pueden encontrar juguetes para ni\u00f1os en la Disney Store.  <\/p>\n<p>Sin embargo, quienes piensen en hacer grandes compras, sin moverse de aqu\u00ed para all\u00e1, pueden salir de la ciudad por unas horas y elegir alguno de los centros comerciales de las afueras, como The Mills at Jersey Gardens, en Nueva Jersey, o Woodbury Common Premium Outlets, en Central Valley, en el estado de Nueva York. Es la mejor opci\u00f3n para concentrar todo en un solo tiempo y un solo lugar. <\/p>\n<p>Los complejos pertenecen al grupo Simon \u2013que gestiona los centros comerciales regionales Simon Malls, The Mills y Premium Outlets\u2013, propietario de 5 de los 10 centros comerciales m\u00e1s grandes del mundo.<\/p>\n<p>The Mills at Jersey Gardens son m\u00e1s de 200 tiendas bajo un mismo techo a las que prev\u00e9 a\u00f1adir otras 80, adem\u00e1s de restaurantes y ocio, est\u00e1 situado cerca del aeropuerto de Newark. \u201cEstar bajo techo\u201d no es algo menor en esta zona ya que en verano hace mucho calor y estar fuera de compras con aire acondicionado es un alivio. Y para el invierno, pasillos con calefacci\u00f3n, ya que el fr\u00edo es muy duro.  <\/p>\n<p>Este centro comercial cuenta con una combinaci\u00f3n de tiendas muy atractiva: outlets de marcas (como Hugo Boss); tiendas econ\u00f3micas (como Charlotte Ruse); y tiendas de marcas populares (moda r\u00e1pida, tipo H&amp;M). Una de las cosas m\u00e1s atractivas de Nueva Jersey es que es un estado en el que la ropa y los zapatos est\u00e1n exentos de impuestos. <\/p>\n<p>Ellie Perla, experta en el tema de los centros comerciales y gu\u00eda durante unas horas en la aventura consumista explica:<\/p>\n<p>\u201cLa salida de compras a Woodbury Common Premium Outlets es uno de los tours m\u00e1s solicitados y populares en Manhattan. La competencia para ir a Woodbury o The Mills por un d\u00eda est\u00e1 en las grandes y mayores atracciones tur\u00edsticas de Nueva York. No suelen competir con las tiendas de las calles de Nueva York\u201d. Tampoco tienen competencia con las compras online: si uno recurre al shopping puede probarse la ropa y encontrar ofertas que no aparecen en otros sitios o plataformas virtuales. <\/p>\n<p>Para que ir de compras sea algo placentero y la inversi\u00f3n de tiempo tenga un resultado positivo, es importante seguir ciertos consejos.<\/p>\n<p>Los errores m\u00e1s habituales que todo el mundo comete son no planificar con antelaci\u00f3n, no probarse la ropa antes, perdiendo as\u00ed tiempo con las devoluciones o no poder hacerlas, y aceptar encargos de dif\u00edcil soluci\u00f3n. Ellie Perla es muy directa en este sentido. El \u201cvoy a ver qu\u00e9 encuentro\u201d no funciona. Es imprescindible preparar y llevar una lista con lo que se quiere comprar, pararse a estudiar el plano del centro comercial para organizar la ruta y no olvidarse de los cupones de descuento: se pueden imprimir desde la p\u00e1gina web o, seg\u00fan el caso, en el Centro de Atenci\u00f3n al Cliente se puede obtener un talonario de descuentos.   <\/p>\n<p>\u201cLos latinos pasan un d\u00eda entero comprando y necesitan un d\u00eda m\u00e1s\u201d, dice Ellie y agrega: \u201cSe calcula que se necesita un promedio de 45 minutos en cada tienda\u201d.<\/p>\n<p>-Y sin pensarlo, ofrece sus consejos para ir de compras:<\/p>\n<p>-No compres para otros porque te frustrar\u00e1s y perder\u00e1s m\u00e1s tiempo.<\/p>\n<p>-No compres lo m\u00e1s barato sino lo que realmente te guste.<\/p>\n<p>-Si compras por necesidad, que sea porque donde vives es mucho m\u00e1s caro.<\/p>\n<p>-Establece la cantidad de dinero que est\u00e1s dispuesto a gastar\u2026 y trata de ajustarte a ella.<\/p>\n<p>-V\u00edstete de acuerdo al clima local y en dos piezas: te resultar\u00e1 m\u00e1s f\u00e1cil probarte la ropa. Lleva tambi\u00e9n zapatos c\u00f3modos y un bolso bandolera que te deje las manos libres para revisar los percheros. <\/p>\n<p>-Inicia el recorrido de la tienda desde atr\u00e1s hacia adelante ya que los art\u00edculos con mayores descuentos suelen estar ubicados en la parte inferior.<\/p>\n<p>-Si tienes tiempo, elige \u2013y entra\u2013 en dos o tres tiendas de marcas que no conozcas: algunas quiz\u00e1 no te gusten, pero otras quiz\u00e1 te sorprendan.<\/p>\n<p>Basta con ir al directorio de compras para hacerse una idea de las tiendas: Saks Fifth Avenue Off 5th, Neiman Marcus Last Call, Century 21, Marshalls, Michael Kors, True Religion, Nautica, Kenneth Cole, Guess, Tommy Hilfiger. Los turistas deben llevar siempre consigo un pasaporte para obtener el voucher con los descuentos en el centro de atenci\u00f3n al cliente. Armani anuncia un descuento del 70 por ciento en algunas prendas marcadas. A diferencia de The Mills, Woodbury es un centro comercial al aire libre, algo a tener en cuenta en pleno verano y en pleno invierno.   <\/p>\n<\/div>\n<\/div>\n<\/div>\n<\/div>\n<\/div>\n<\/div>\n\t\t\t\t\t\t\t\t<\/div>\n\t\t\t\t<\/div>\n\t\t\t\t<div class=\"elementor-element elementor-element-75f473b elementor-widget-divider--view-line elementor-widget elementor-widget-divider\" data-id=\"75f473b\" data-element_type=\"widget\" data-e-type=\"widget\" data-widget_type=\"divider.default\">\n\t\t\t\t<div class=\"elementor-widget-container\">\n\t\t\t\t\t\t\t<div class=\"elementor-divider\">\n\t\t\t<span class=\"elementor-divider-separator\">\n\t\t\t\t\t\t<\/span>\n\t\t<\/div>\n\t\t\t\t\t\t<\/div>\n\t\t\t\t<\/div>\n\t\t\t\t<div class=\"elementor-element elementor-element-2082073 elementor-widget elementor-widget-text-editor\" data-id=\"2082073\" data-element_type=\"widget\" data-e-type=\"widget\" data-widget_type=\"text-editor.default\">\n\t\t\t\t<div class=\"elementor-widget-container\">\n\t\t\t\t\t\t\t\t\t<p><strong>Para aparecer en nuestro Billboard en Times Square, vaya a nuestra secci\u00f3n CONTACTO.<\/strong><\/p>\n<p>As\u00ed es como funciona:<\/p>\n<p>Ya sea un cumplea\u00f1os, una propuesta de matrimonio, un aniversario o una simple declaraci\u00f3n de amor, lo tenemos cubierto. \u00a1No seas un simple rostro entre la multitud! <br \/>\u00a1Consigue tu foto o v\u00eddeo en nuestra cartelera en Times Square!<\/p>\n<p>Opci\u00f3n 1: Tu video o foto de 60 segundos se mostrar\u00e1 22 veces al d\u00eda.<br \/>Opci\u00f3n 2: Tu video o foto de 30 segundos se mostrar\u00e1 44 veces al d\u00eda.<br \/>Opci\u00f3n 3: Tu video o foto de 15 segundos se mostrar\u00e1 88 veces al d\u00eda.<\/p>\n<p>Nuestro cartel publicitario mide 31 pies por 55 pies y est\u00e1 ubicado en 1560 Broadway (Broadway y 46th Street, justo encima de la tienda Pel\u00e9).<\/p>\n<p>\u00a1No seas una cara entre la multitud!<\/p>\n\t\t\t\t\t\t\t\t<\/div>\n\t\t\t\t<\/div>\n\t\t\t\t<div class=\"elementor-element elementor-element-96791d8 elementor-widget elementor-widget-image\" data-id=\"96791d8\" data-element_type=\"widget\" data-e-type=\"widget\" data-widget_type=\"image.default\">\n\t\t\t\t<div class=\"elementor-widget-container\">\n\t\t\t\t\t\t\t\t\t\t\t\t\t\t\t<img fetchpriority=\"high\" decoding=\"async\" width=\"1024\" height=\"645\" src=\"https:\/\/welcome-to-times-square.com\/wp-content\/uploads\/2022\/04\/shopping-1024x645.png\" class=\"attachment-large size-large wp-image-6166\" alt=\"\" srcset=\"https:\/\/welcome-to-times-square.com\/wp-content\/uploads\/2022\/04\/shopping-1024x645.png 1024w, https:\/\/welcome-to-times-square.com\/wp-content\/uploads\/2022\/04\/shopping-600x378.png 600w, https:\/\/welcome-to-times-square.com\/wp-content\/uploads\/2022\/04\/shopping-300x189.png 300w, https:\/\/welcome-to-times-square.com\/wp-content\/uploads\/2022\/04\/shopping-768x484.png 768w, https:\/\/welcome-to-times-square.com\/wp-content\/uploads\/2022\/04\/shopping.png 1302w\" sizes=\"(max-width: 1024px) 100vw, 1024px\" \/>\t\t\t\t\t\t\t\t\t\t\t\t\t\t\t<\/div>\n\t\t\t\t<\/div>\n\t\t\t\t\t<\/div>\n\t\t\t\t<\/div>\n\t\t\t\t<\/div>\n\t\t","protected":false},"excerpt":{"rendered":"Shopping En la ciudad de Nueva York se puede ir de compras en casi cada cuadra, a cualquier hora, sin l\u00edmites y terminar el d\u00eda exhausto, feliz y cargado de bolsas. Las grandes y reconocidas marcas tienen su lugar aqu\u00ed y se puede encontrar desde un Best Buy para electr\u00f3nica en la Quinta Avenida, frente [...]<a href=\"https:\/\/welcome-to-times-square.com\/es\/shopping\/\" class=\"read-more wyz-secondary-color-text\">read more<span class=\"screen-reader-text\">Shopping<\/span><\/a>","protected":false},"author":53,"featured_media":0,"parent":0,"menu_order":0,"comment_status":"closed","ping_status":"closed","template":"elementor_header_footer","meta":{"footnotes":""},"class_list":["post-8888","page","type-page","status-publish","hentry"],"yoast_head":"<!-- This site is optimized with the Yoast SEO plugin v27.2 - https:\/\/yoast.com\/product\/yoast-seo-wordpress\/ -->\n<title>Shopping - times-square<\/title>\n<meta name=\"robots\" content=\"index, follow, max-snippet:-1, max-image-preview:large, max-video-preview:-1\" \/>\n<link rel=\"canonical\" href=\"https:\/\/welcome-to-times-square.com\/es\/shopping\/\" \/>\n<meta property=\"og:locale\" content=\"es_ES\" \/>\n<meta property=\"og:type\" content=\"article\" \/>\n<meta property=\"og:title\" content=\"Shopping - times-square\" \/>\n<meta property=\"og:description\" content=\"Shopping En la ciudad de Nueva York se puede ir de compras en casi cada cuadra, a cualquier hora, sin l\u00edmites y terminar el d\u00eda exhausto, feliz y cargado de bolsas. Las grandes y reconocidas marcas tienen su lugar aqu\u00ed y se puede encontrar desde un Best Buy para electr\u00f3nica en la Quinta Avenida, frente [...]read moreShopping\" \/>\n<meta property=\"og:url\" content=\"https:\/\/welcome-to-times-square.com\/es\/shopping\/\" \/>\n<meta property=\"og:site_name\" content=\"times-square\" \/>\n<meta property=\"article:modified_time\" content=\"2025-01-16T12:13:37+00:00\" \/>\n<meta property=\"og:image\" content=\"https:\/\/welcome-to-times-square.com\/wp-content\/uploads\/2022\/04\/shopping-1024x645.png\" \/>\n\t<meta property=\"og:image:width\" content=\"1024\" \/>\n\t<meta property=\"og:image:height\" content=\"645\" \/>\n\t<meta property=\"og:image:type\" content=\"image\/png\" \/>\n<meta name=\"twitter:card\" content=\"summary_large_image\" \/>\n<meta name=\"twitter:label1\" content=\"Tiempo de lectura\" \/>\n\t<meta name=\"twitter:data1\" content=\"5 minutos\" \/>\n<script type=\"application\/ld+json\" class=\"yoast-schema-graph\">{\"@context\":\"https:\/\/schema.org\",\"@graph\":[{\"@type\":\"WebPage\",\"@id\":\"https:\/\/welcome-to-times-square.com\/es\/shopping\/\",\"url\":\"https:\/\/welcome-to-times-square.com\/es\/shopping\/\",\"name\":\"Shopping - times-square\",\"isPartOf\":{\"@id\":\"https:\/\/welcome-to-times-square.com\/es\/#website\"},\"primaryImageOfPage\":{\"@id\":\"https:\/\/welcome-to-times-square.com\/es\/shopping\/#primaryimage\"},\"image\":{\"@id\":\"https:\/\/welcome-to-times-square.com\/es\/shopping\/#primaryimage\"},\"thumbnailUrl\":\"https:\/\/welcome-to-times-square.com\/wp-content\/uploads\/2022\/04\/shopping-1024x645.png\",\"datePublished\":\"2022-04-21T23:31:07+00:00\",\"dateModified\":\"2025-01-16T12:13:37+00:00\",\"breadcrumb\":{\"@id\":\"https:\/\/welcome-to-times-square.com\/es\/shopping\/#breadcrumb\"},\"inLanguage\":\"es\",\"potentialAction\":[{\"@type\":\"ReadAction\",\"target\":[\"https:\/\/welcome-to-times-square.com\/es\/shopping\/\"]}]},{\"@type\":\"ImageObject\",\"inLanguage\":\"es\",\"@id\":\"https:\/\/welcome-to-times-square.com\/es\/shopping\/#primaryimage\",\"url\":\"https:\/\/welcome-to-times-square.com\/wp-content\/uploads\/2022\/04\/shopping-1024x645.png\",\"contentUrl\":\"https:\/\/welcome-to-times-square.com\/wp-content\/uploads\/2022\/04\/shopping-1024x645.png\"},{\"@type\":\"BreadcrumbList\",\"@id\":\"https:\/\/welcome-to-times-square.com\/es\/shopping\/#breadcrumb\",\"itemListElement\":[{\"@type\":\"ListItem\",\"position\":1,\"name\":\"Home\",\"item\":\"https:\/\/welcome-to-times-square.com\/es\/\"},{\"@type\":\"ListItem\",\"position\":2,\"name\":\"Shopping\"}]},{\"@type\":\"WebSite\",\"@id\":\"https:\/\/welcome-to-times-square.com\/es\/#website\",\"url\":\"https:\/\/welcome-to-times-square.com\/es\/\",\"name\":\"times-square\",\"description\":\"times-square\",\"publisher\":{\"@id\":\"https:\/\/welcome-to-times-square.com\/es\/#organization\"},\"potentialAction\":[{\"@type\":\"SearchAction\",\"target\":{\"@type\":\"EntryPoint\",\"urlTemplate\":\"https:\/\/welcome-to-times-square.com\/es\/?s={search_term_string}\"},\"query-input\":{\"@type\":\"PropertyValueSpecification\",\"valueRequired\":true,\"valueName\":\"search_term_string\"}}],\"inLanguage\":\"es\"},{\"@type\":\"Organization\",\"@id\":\"https:\/\/welcome-to-times-square.com\/es\/#organization\",\"name\":\"times-square\",\"url\":\"https:\/\/welcome-to-times-square.com\/es\/\",\"logo\":{\"@type\":\"ImageObject\",\"inLanguage\":\"es\",\"@id\":\"https:\/\/welcome-to-times-square.com\/es\/#\/schema\/logo\/image\/\",\"url\":\"https:\/\/welcome-to-times-square.com\/wp-content\/uploads\/2024\/03\/welcome-to-time-square-logo-with-r.png\",\"contentUrl\":\"https:\/\/welcome-to-times-square.com\/wp-content\/uploads\/2024\/03\/welcome-to-time-square-logo-with-r.png\",\"width\":500,\"height\":342,\"caption\":\"times-square\"},\"image\":{\"@id\":\"https:\/\/welcome-to-times-square.com\/es\/#\/schema\/logo\/image\/\"}}]}<\/script>\n<!-- \/ Yoast SEO plugin. -->","yoast_head_json":{"title":"Shopping - times-square","robots":{"index":"index","follow":"follow","max-snippet":"max-snippet:-1","max-image-preview":"max-image-preview:large","max-video-preview":"max-video-preview:-1"},"canonical":"https:\/\/welcome-to-times-square.com\/es\/shopping\/","og_locale":"es_ES","og_type":"article","og_title":"Shopping - times-square","og_description":"Shopping En la ciudad de Nueva York se puede ir de compras en casi cada cuadra, a cualquier hora, sin l\u00edmites y terminar el d\u00eda exhausto, feliz y cargado de bolsas. Las grandes y reconocidas marcas tienen su lugar aqu\u00ed y se puede encontrar desde un Best Buy para electr\u00f3nica en la Quinta Avenida, frente [...]read moreShopping","og_url":"https:\/\/welcome-to-times-square.com\/es\/shopping\/","og_site_name":"times-square","article_modified_time":"2025-01-16T12:13:37+00:00","og_image":[{"width":1024,"height":645,"url":"https:\/\/welcome-to-times-square.com\/wp-content\/uploads\/2022\/04\/shopping-1024x645.png","type":"image\/png"}],"twitter_card":"summary_large_image","twitter_misc":{"Tiempo de lectura":"5 minutos"},"schema":{"@context":"https:\/\/schema.org","@graph":[{"@type":"WebPage","@id":"https:\/\/welcome-to-times-square.com\/es\/shopping\/","url":"https:\/\/welcome-to-times-square.com\/es\/shopping\/","name":"Shopping - times-square","isPartOf":{"@id":"https:\/\/welcome-to-times-square.com\/es\/#website"},"primaryImageOfPage":{"@id":"https:\/\/welcome-to-times-square.com\/es\/shopping\/#primaryimage"},"image":{"@id":"https:\/\/welcome-to-times-square.com\/es\/shopping\/#primaryimage"},"thumbnailUrl":"https:\/\/welcome-to-times-square.com\/wp-content\/uploads\/2022\/04\/shopping-1024x645.png","datePublished":"2022-04-21T23:31:07+00:00","dateModified":"2025-01-16T12:13:37+00:00","breadcrumb":{"@id":"https:\/\/welcome-to-times-square.com\/es\/shopping\/#breadcrumb"},"inLanguage":"es","potentialAction":[{"@type":"ReadAction","target":["https:\/\/welcome-to-times-square.com\/es\/shopping\/"]}]},{"@type":"ImageObject","inLanguage":"es","@id":"https:\/\/welcome-to-times-square.com\/es\/shopping\/#primaryimage","url":"https:\/\/welcome-to-times-square.com\/wp-content\/uploads\/2022\/04\/shopping-1024x645.png","contentUrl":"https:\/\/welcome-to-times-square.com\/wp-content\/uploads\/2022\/04\/shopping-1024x645.png"},{"@type":"BreadcrumbList","@id":"https:\/\/welcome-to-times-square.com\/es\/shopping\/#breadcrumb","itemListElement":[{"@type":"ListItem","position":1,"name":"Home","item":"https:\/\/welcome-to-times-square.com\/es\/"},{"@type":"ListItem","position":2,"name":"Shopping"}]},{"@type":"WebSite","@id":"https:\/\/welcome-to-times-square.com\/es\/#website","url":"https:\/\/welcome-to-times-square.com\/es\/","name":"times-square","description":"times-square","publisher":{"@id":"https:\/\/welcome-to-times-square.com\/es\/#organization"},"potentialAction":[{"@type":"SearchAction","target":{"@type":"EntryPoint","urlTemplate":"https:\/\/welcome-to-times-square.com\/es\/?s={search_term_string}"},"query-input":{"@type":"PropertyValueSpecification","valueRequired":true,"valueName":"search_term_string"}}],"inLanguage":"es"},{"@type":"Organization","@id":"https:\/\/welcome-to-times-square.com\/es\/#organization","name":"times-square","url":"https:\/\/welcome-to-times-square.com\/es\/","logo":{"@type":"ImageObject","inLanguage":"es","@id":"https:\/\/welcome-to-times-square.com\/es\/#\/schema\/logo\/image\/","url":"https:\/\/welcome-to-times-square.com\/wp-content\/uploads\/2024\/03\/welcome-to-time-square-logo-with-r.png","contentUrl":"https:\/\/welcome-to-times-square.com\/wp-content\/uploads\/2024\/03\/welcome-to-time-square-logo-with-r.png","width":500,"height":342,"caption":"times-square"},"image":{"@id":"https:\/\/welcome-to-times-square.com\/es\/#\/schema\/logo\/image\/"}}]}},"_hostinger_reach_plugin_has_subscription_block":false,"_hostinger_reach_plugin_is_elementor":false,"_links":{"self":[{"href":"https:\/\/welcome-to-times-square.com\/es\/wp-json\/wp\/v2\/pages\/8888","targetHints":{"allow":["GET"]}}],"collection":[{"href":"https:\/\/welcome-to-times-square.com\/es\/wp-json\/wp\/v2\/pages"}],"about":[{"href":"https:\/\/welcome-to-times-square.com\/es\/wp-json\/wp\/v2\/types\/page"}],"author":[{"embeddable":true,"href":"https:\/\/welcome-to-times-square.com\/es\/wp-json\/wp\/v2\/users\/53"}],"replies":[{"embeddable":true,"href":"https:\/\/welcome-to-times-square.com\/es\/wp-json\/wp\/v2\/comments?post=8888"}],"version-history":[{"count":2,"href":"https:\/\/welcome-to-times-square.com\/es\/wp-json\/wp\/v2\/pages\/8888\/revisions"}],"predecessor-version":[{"id":8900,"href":"https:\/\/welcome-to-times-square.com\/es\/wp-json\/wp\/v2\/pages\/8888\/revisions\/8900"}],"wp:attachment":[{"href":"https:\/\/welcome-to-times-square.com\/es\/wp-json\/wp\/v2\/media?parent=8888"}],"curies":[{"name":"wp","href":"https:\/\/api.w.org\/{rel}","templated":true}]}}