{"id":8905,"date":"2022-04-21T23:21:16","date_gmt":"2022-04-21T23:21:16","guid":{"rendered":"https:\/\/welcome-to-times-square.com\/hotels\/"},"modified":"2025-01-16T12:37:07","modified_gmt":"2025-01-16T12:37:07","slug":"hotels","status":"publish","type":"page","link":"https:\/\/welcome-to-times-square.com\/es\/hotels\/","title":{"rendered":"Hoteles"},"content":{"rendered":"\t\t<div data-elementor-type=\"wp-page\" data-elementor-id=\"8905\" class=\"elementor elementor-8905 elementor-2753\" data-elementor-post-type=\"page\">\n\t\t\t\t<div class=\"elementor-element elementor-element-530437b e-flex e-con-boxed e-con e-parent\" data-id=\"530437b\" data-element_type=\"container\" data-e-type=\"container\" data-settings=\"{&quot;background_background&quot;:&quot;classic&quot;}\">\n\t\t\t\t\t<div class=\"e-con-inner\">\n\t\t\t\t<div class=\"elementor-element elementor-element-2e7d966 elementor-widget elementor-widget-heading\" data-id=\"2e7d966\" data-element_type=\"widget\" data-e-type=\"widget\" data-widget_type=\"heading.default\">\n\t\t\t\t<div class=\"elementor-widget-container\">\n\t\t\t\t\t<h2 class=\"elementor-heading-title elementor-size-default\">Hoteles<\/h2>\t\t\t\t<\/div>\n\t\t\t\t<\/div>\n\t\t\t\t<div class=\"elementor-element elementor-element-4f1f246 elementor-widget-divider--view-line elementor-widget elementor-widget-divider\" data-id=\"4f1f246\" data-element_type=\"widget\" data-e-type=\"widget\" data-widget_type=\"divider.default\">\n\t\t\t\t<div class=\"elementor-widget-container\">\n\t\t\t\t\t\t\t<div class=\"elementor-divider\">\n\t\t\t<span class=\"elementor-divider-separator\">\n\t\t\t\t\t\t<\/span>\n\t\t<\/div>\n\t\t\t\t\t\t<\/div>\n\t\t\t\t<\/div>\n\t\t\t\t<div class=\"elementor-element elementor-element-78e1063 elementor-widget elementor-widget-text-editor\" data-id=\"78e1063\" data-element_type=\"widget\" data-e-type=\"widget\" data-widget_type=\"text-editor.default\">\n\t\t\t\t<div class=\"elementor-widget-container\">\n\t\t\t\t\t\t\t\t\t<div class=\"vc_row wpb_row vc_row-fluid vc_custom_1650656326647 vc_row-has-fill\">\n<div class=\"wpb_column vc_column_container vc_col-sm-12\">\n<div class=\"vc_column-inner\">\n<div class=\"wpb_wrapper\">\n<div class=\"wpb_text_column wpb_content_element \">\n<div class=\"wpb_wrapper\">\n<p>Miles de turistas visitan la ciudad de Nueva York cada d\u00eda y Times Square ofrece el hotel ideal para cada uno de ellos. Habitaciones que se adaptan a la disponibilidad econ\u00f3mica de cada persona pero siempre ofreciendo el mejor servicio y atenci\u00f3n. Para quienes quieran una experiencia superior, Times Square tambi\u00e9n ofrece hoteles de las cadenas m\u00e1s lujosas del mundo.  <\/p>\n<p>Para que tu viaje sea inolvidable, Times Square cuenta con una gran variedad de hoteles, brindando a los turistas lo que buscan. Ven a Nueva York a disfrutar de un viaje en familia y hospedarte en la mejor estad\u00eda. <\/p>\n<p>El Hotel Riu Plaza New York Times Square cuenta con 29 plantas y m\u00e1s de 600 habitaciones, cuenta con un dise\u00f1o vanguardista y elegante, es ideal para ser el lugar de descanso de los turistas de la Gran Manzana ya que se encuentra en el centro de Nueva York y est\u00e1 rodeado de los lugares m\u00e1s emblem\u00e1ticos como el Empire State Building, Central Park, Rockefeller Center, Carnegie Hall y las lujosas tiendas de la Quinta Avenida. Es una buena ubicaci\u00f3n si buscas conocer el ritmo de vida neoyorquino. Gracias a ello tienes acceso a las principales l\u00edneas de metro que llegan a todos los distritos de la ciudad. Algunas de las atracciones cercanas al hotel son Broadway a 0,3 km, Times Square a 0,3 km y Come From Away a 0,2 km. Las habitaciones de este hotel te ofrecen todo lo necesario para descansar tras un ajetreado d\u00eda explorando la ciudad. Disponen de aire acondicionado, servicio de habitaciones, tel\u00e9fono, servicio de limpieza, TV de pantalla plana, nevera y caja fuerte.     <\/p>\n<p>Las mejores ma\u00f1anas las pasas en el Hotel Riu Plaza Manhattan Times Square, ya que cuenta con un restaurante que prepara excelentes desayunos buffet americano para empezar el d\u00eda a tope, y por la noche las mejores cenas. Adem\u00e1s, cuenta con bar y gimnasio abierto las 24 horas. <\/p>\n<p>Este hotel es ideal para familias y ni\u00f1os, pero no se admiten mascotas.<\/p>\n<p>Si quieres viajar a Nueva York con amigos, el hotel Conrad New York Midtown es recomendable, ya que cuenta con un bar\/lounge donde podr\u00e1s encontrar los mejores c\u00f3cteles y tiene f\u00e1cil acceso a una gran variedad de restaurantes, vida nocturna y opciones de transporte. La ubicaci\u00f3n tambi\u00e9n es excelente porque se encuentra en el centro de Manhattan, a poca distancia del Carnegie Hall y Times Square, cuenta con Wi-Fi gratuito, gimnasio abierto las 24 horas, centro de negocios abierto las 24 horas, servicio a la habitaci\u00f3n, entre otros servicios.  <\/p>\n<p>Si buscas hoteles con descuento, el Holiday Inn Express New York City Times Square es una buena opci\u00f3n y cuenta con un 22% de descuento. Este hotel ofrece muy buenos servicios y es realmente econ\u00f3mico. Cuenta con desayuno buffet de muy buena calidad, wifi gratuito, aire acondicionado, gimnasio, entre otros. El servicio es excelente, adaptado para la \u00e9poca de pandemia. Hay limpieza reforzada de las habitaciones de los hu\u00e9spedes, se utiliza desinfectante comercial para limpiar la propiedad, los empleados usan mascarillas, protectores faciales o guantes, limpieza reforzada de las \u00e1reas comunes y los empleados est\u00e1n capacitados en el lavado minucioso de manos. En cuanto a la protecci\u00f3n personal, es obligatorio el uso de mascarillas en la propiedad, hay gel hidroalcoh\u00f3lico o toallitas desinfectantes en las \u00e1reas comunes, kits de higiene en las habitaciones: mascarillas, gel hidroalcoh\u00f3lico o toallitas antibacterianas y mascarillas o guantes disponibles para los hu\u00e9spedes. El n\u00famero de hu\u00e9spedes en las instalaciones compartidas es limitado y el distanciamiento f\u00edsico es obligatorio.      <\/p>\n<p>La mayor\u00eda de los hoteles cumplen con estas normas de cuidado, lo que hace de la ciudad un lugar seguro y responsable.<\/p>\n<p>Sin embargo, existen cientos de hoteles destacados y recomendados para hospedarse en la ciudad de Nueva York y con excelentes ubicaciones para visitar las mejores atracciones y disfrutar descubriendo la maravillosa ciudad con amigos, familia o tu pareja y hacer de este un viaje muy especial, con los mejores servicios.<\/p>\n<\/div>\n<\/div>\n<\/div>\n<\/div>\n<\/div>\n<\/div>\n\t\t\t\t\t\t\t\t<\/div>\n\t\t\t\t<\/div>\n\t\t\t\t<div class=\"elementor-element elementor-element-9a018b5 elementor-widget-divider--view-line elementor-widget elementor-widget-divider\" data-id=\"9a018b5\" data-element_type=\"widget\" data-e-type=\"widget\" data-widget_type=\"divider.default\">\n\t\t\t\t<div class=\"elementor-widget-container\">\n\t\t\t\t\t\t\t<div class=\"elementor-divider\">\n\t\t\t<span class=\"elementor-divider-separator\">\n\t\t\t\t\t\t<\/span>\n\t\t<\/div>\n\t\t\t\t\t\t<\/div>\n\t\t\t\t<\/div>\n\t\t\t\t<div class=\"elementor-element elementor-element-b520f4a elementor-widget elementor-widget-text-editor\" data-id=\"b520f4a\" data-element_type=\"widget\" data-e-type=\"widget\" data-widget_type=\"text-editor.default\">\n\t\t\t\t<div class=\"elementor-widget-container\">\n\t\t\t\t\t\t\t\t\t<p><strong>Para aparecer en nuestro Billboard en Times Square, vaya a nuestra secci\u00f3n CONTACTO.<\/strong><\/p>\n<p>As\u00ed es como funciona:<\/p>\n<p>Ya sea un cumplea\u00f1os, una propuesta de matrimonio, un aniversario o una simple declaraci\u00f3n de amor, lo tenemos cubierto. \u00a1No seas un simple rostro entre la multitud! <br \/>\u00a1Consigue tu foto o v\u00eddeo en nuestra cartelera en Times Square!<\/p>\n<p>Opci\u00f3n 1: Tu video o foto de 60 segundos se mostrar\u00e1 22 veces al d\u00eda.<br \/>Opci\u00f3n 2: Tu video o foto de 30 segundos se mostrar\u00e1 44 veces al d\u00eda.<br \/>Opci\u00f3n 3: Tu video o foto de 15 segundos se mostrar\u00e1 88 veces al d\u00eda.<\/p>\n<p>Nuestro cartel publicitario mide 31 pies por 55 pies y est\u00e1 ubicado en 1560 Broadway (Broadway y 46th Street, justo encima de la tienda Pel\u00e9).<\/p>\n<p>\u00a1No seas una cara entre la multitud!<\/p>\n\t\t\t\t\t\t\t\t<\/div>\n\t\t\t\t<\/div>\n\t\t\t\t<div class=\"elementor-element elementor-element-4f3e9ec elementor-widget elementor-widget-image\" data-id=\"4f3e9ec\" data-element_type=\"widget\" data-e-type=\"widget\" data-widget_type=\"image.default\">\n\t\t\t\t<div class=\"elementor-widget-container\">\n\t\t\t\t\t\t\t\t\t\t\t\t\t\t\t<img fetchpriority=\"high\" decoding=\"async\" width=\"1024\" height=\"775\" src=\"https:\/\/welcome-to-times-square.com\/wp-content\/uploads\/2022\/04\/hotels-1024x775.png\" class=\"attachment-large size-large wp-image-6161\" alt=\"\" srcset=\"https:\/\/welcome-to-times-square.com\/wp-content\/uploads\/2022\/04\/hotels-1024x775.png 1024w, https:\/\/welcome-to-times-square.com\/wp-content\/uploads\/2022\/04\/hotels-600x454.png 600w, https:\/\/welcome-to-times-square.com\/wp-content\/uploads\/2022\/04\/hotels-300x227.png 300w, https:\/\/welcome-to-times-square.com\/wp-content\/uploads\/2022\/04\/hotels-768x581.png 768w, https:\/\/welcome-to-times-square.com\/wp-content\/uploads\/2022\/04\/hotels-1536x1163.png 1536w, https:\/\/welcome-to-times-square.com\/wp-content\/uploads\/2022\/04\/hotels.png 1580w\" sizes=\"(max-width: 1024px) 100vw, 1024px\" \/>\t\t\t\t\t\t\t\t\t\t\t\t\t\t\t<\/div>\n\t\t\t\t<\/div>\n\t\t\t\t\t<\/div>\n\t\t\t\t<\/div>\n\t\t\t\t<\/div>\n\t\t","protected":false},"excerpt":{"rendered":"Hoteles Miles de turistas visitan la ciudad de Nueva York cada d\u00eda y Times Square ofrece el hotel ideal para cada uno de ellos. Habitaciones que se adaptan a la disponibilidad econ\u00f3mica de cada persona pero siempre ofreciendo el mejor servicio y atenci\u00f3n. Para quienes quieran una experiencia superior, Times Square tambi\u00e9n ofrece hoteles de [...]<a href=\"https:\/\/welcome-to-times-square.com\/es\/hotels\/\" class=\"read-more wyz-secondary-color-text\">read more<span class=\"screen-reader-text\">Hoteles<\/span><\/a>","protected":false},"author":53,"featured_media":0,"parent":0,"menu_order":0,"comment_status":"closed","ping_status":"closed","template":"elementor_header_footer","meta":{"footnotes":""},"class_list":["post-8905","page","type-page","status-publish","hentry"],"yoast_head":"<!-- This site is optimized with the Yoast SEO plugin v27.2 - https:\/\/yoast.com\/product\/yoast-seo-wordpress\/ -->\n<title>Hoteles - times-square<\/title>\n<meta name=\"robots\" content=\"index, follow, max-snippet:-1, max-image-preview:large, max-video-preview:-1\" \/>\n<link rel=\"canonical\" href=\"https:\/\/welcome-to-times-square.com\/es\/hotels\/\" \/>\n<meta property=\"og:locale\" content=\"es_ES\" \/>\n<meta property=\"og:type\" content=\"article\" \/>\n<meta property=\"og:title\" content=\"Hoteles - times-square\" \/>\n<meta property=\"og:description\" content=\"Hoteles Miles de turistas visitan la ciudad de Nueva York cada d\u00eda y Times Square ofrece el hotel ideal para cada uno de ellos. Habitaciones que se adaptan a la disponibilidad econ\u00f3mica de cada persona pero siempre ofreciendo el mejor servicio y atenci\u00f3n. Para quienes quieran una experiencia superior, Times Square tambi\u00e9n ofrece hoteles de [...]read moreHoteles\" \/>\n<meta property=\"og:url\" content=\"https:\/\/welcome-to-times-square.com\/es\/hotels\/\" \/>\n<meta property=\"og:site_name\" content=\"times-square\" \/>\n<meta property=\"article:modified_time\" content=\"2025-01-16T12:37:07+00:00\" \/>\n<meta property=\"og:image\" content=\"https:\/\/welcome-to-times-square.com\/wp-content\/uploads\/2022\/04\/hotels-1024x775.png\" \/>\n\t<meta property=\"og:image:width\" content=\"1024\" \/>\n\t<meta property=\"og:image:height\" content=\"775\" \/>\n\t<meta property=\"og:image:type\" content=\"image\/png\" \/>\n<meta name=\"twitter:card\" content=\"summary_large_image\" \/>\n<meta name=\"twitter:label1\" content=\"Tiempo de lectura\" \/>\n\t<meta name=\"twitter:data1\" content=\"4 minutos\" \/>\n<script type=\"application\/ld+json\" class=\"yoast-schema-graph\">{\"@context\":\"https:\/\/schema.org\",\"@graph\":[{\"@type\":\"WebPage\",\"@id\":\"https:\/\/welcome-to-times-square.com\/es\/hotels\/\",\"url\":\"https:\/\/welcome-to-times-square.com\/es\/hotels\/\",\"name\":\"Hoteles - times-square\",\"isPartOf\":{\"@id\":\"https:\/\/welcome-to-times-square.com\/es\/#website\"},\"primaryImageOfPage\":{\"@id\":\"https:\/\/welcome-to-times-square.com\/es\/hotels\/#primaryimage\"},\"image\":{\"@id\":\"https:\/\/welcome-to-times-square.com\/es\/hotels\/#primaryimage\"},\"thumbnailUrl\":\"https:\/\/welcome-to-times-square.com\/wp-content\/uploads\/2022\/04\/hotels-1024x775.png\",\"datePublished\":\"2022-04-21T23:21:16+00:00\",\"dateModified\":\"2025-01-16T12:37:07+00:00\",\"breadcrumb\":{\"@id\":\"https:\/\/welcome-to-times-square.com\/es\/hotels\/#breadcrumb\"},\"inLanguage\":\"es\",\"potentialAction\":[{\"@type\":\"ReadAction\",\"target\":[\"https:\/\/welcome-to-times-square.com\/es\/hotels\/\"]}]},{\"@type\":\"ImageObject\",\"inLanguage\":\"es\",\"@id\":\"https:\/\/welcome-to-times-square.com\/es\/hotels\/#primaryimage\",\"url\":\"https:\/\/welcome-to-times-square.com\/wp-content\/uploads\/2022\/04\/hotels-1024x775.png\",\"contentUrl\":\"https:\/\/welcome-to-times-square.com\/wp-content\/uploads\/2022\/04\/hotels-1024x775.png\"},{\"@type\":\"BreadcrumbList\",\"@id\":\"https:\/\/welcome-to-times-square.com\/es\/hotels\/#breadcrumb\",\"itemListElement\":[{\"@type\":\"ListItem\",\"position\":1,\"name\":\"Home\",\"item\":\"https:\/\/welcome-to-times-square.com\/es\/\"},{\"@type\":\"ListItem\",\"position\":2,\"name\":\"Hoteles\"}]},{\"@type\":\"WebSite\",\"@id\":\"https:\/\/welcome-to-times-square.com\/es\/#website\",\"url\":\"https:\/\/welcome-to-times-square.com\/es\/\",\"name\":\"times-square\",\"description\":\"times-square\",\"publisher\":{\"@id\":\"https:\/\/welcome-to-times-square.com\/es\/#organization\"},\"potentialAction\":[{\"@type\":\"SearchAction\",\"target\":{\"@type\":\"EntryPoint\",\"urlTemplate\":\"https:\/\/welcome-to-times-square.com\/es\/?s={search_term_string}\"},\"query-input\":{\"@type\":\"PropertyValueSpecification\",\"valueRequired\":true,\"valueName\":\"search_term_string\"}}],\"inLanguage\":\"es\"},{\"@type\":\"Organization\",\"@id\":\"https:\/\/welcome-to-times-square.com\/es\/#organization\",\"name\":\"times-square\",\"url\":\"https:\/\/welcome-to-times-square.com\/es\/\",\"logo\":{\"@type\":\"ImageObject\",\"inLanguage\":\"es\",\"@id\":\"https:\/\/welcome-to-times-square.com\/es\/#\/schema\/logo\/image\/\",\"url\":\"https:\/\/welcome-to-times-square.com\/wp-content\/uploads\/2024\/03\/welcome-to-time-square-logo-with-r.png\",\"contentUrl\":\"https:\/\/welcome-to-times-square.com\/wp-content\/uploads\/2024\/03\/welcome-to-time-square-logo-with-r.png\",\"width\":500,\"height\":342,\"caption\":\"times-square\"},\"image\":{\"@id\":\"https:\/\/welcome-to-times-square.com\/es\/#\/schema\/logo\/image\/\"}}]}<\/script>\n<!-- \/ Yoast SEO plugin. -->","yoast_head_json":{"title":"Hoteles - times-square","robots":{"index":"index","follow":"follow","max-snippet":"max-snippet:-1","max-image-preview":"max-image-preview:large","max-video-preview":"max-video-preview:-1"},"canonical":"https:\/\/welcome-to-times-square.com\/es\/hotels\/","og_locale":"es_ES","og_type":"article","og_title":"Hoteles - times-square","og_description":"Hoteles Miles de turistas visitan la ciudad de Nueva York cada d\u00eda y Times Square ofrece el hotel ideal para cada uno de ellos. Habitaciones que se adaptan a la disponibilidad econ\u00f3mica de cada persona pero siempre ofreciendo el mejor servicio y atenci\u00f3n. Para quienes quieran una experiencia superior, Times Square tambi\u00e9n ofrece hoteles de [...]read moreHoteles","og_url":"https:\/\/welcome-to-times-square.com\/es\/hotels\/","og_site_name":"times-square","article_modified_time":"2025-01-16T12:37:07+00:00","og_image":[{"width":1024,"height":775,"url":"https:\/\/welcome-to-times-square.com\/wp-content\/uploads\/2022\/04\/hotels-1024x775.png","type":"image\/png"}],"twitter_card":"summary_large_image","twitter_misc":{"Tiempo de lectura":"4 minutos"},"schema":{"@context":"https:\/\/schema.org","@graph":[{"@type":"WebPage","@id":"https:\/\/welcome-to-times-square.com\/es\/hotels\/","url":"https:\/\/welcome-to-times-square.com\/es\/hotels\/","name":"Hoteles - times-square","isPartOf":{"@id":"https:\/\/welcome-to-times-square.com\/es\/#website"},"primaryImageOfPage":{"@id":"https:\/\/welcome-to-times-square.com\/es\/hotels\/#primaryimage"},"image":{"@id":"https:\/\/welcome-to-times-square.com\/es\/hotels\/#primaryimage"},"thumbnailUrl":"https:\/\/welcome-to-times-square.com\/wp-content\/uploads\/2022\/04\/hotels-1024x775.png","datePublished":"2022-04-21T23:21:16+00:00","dateModified":"2025-01-16T12:37:07+00:00","breadcrumb":{"@id":"https:\/\/welcome-to-times-square.com\/es\/hotels\/#breadcrumb"},"inLanguage":"es","potentialAction":[{"@type":"ReadAction","target":["https:\/\/welcome-to-times-square.com\/es\/hotels\/"]}]},{"@type":"ImageObject","inLanguage":"es","@id":"https:\/\/welcome-to-times-square.com\/es\/hotels\/#primaryimage","url":"https:\/\/welcome-to-times-square.com\/wp-content\/uploads\/2022\/04\/hotels-1024x775.png","contentUrl":"https:\/\/welcome-to-times-square.com\/wp-content\/uploads\/2022\/04\/hotels-1024x775.png"},{"@type":"BreadcrumbList","@id":"https:\/\/welcome-to-times-square.com\/es\/hotels\/#breadcrumb","itemListElement":[{"@type":"ListItem","position":1,"name":"Home","item":"https:\/\/welcome-to-times-square.com\/es\/"},{"@type":"ListItem","position":2,"name":"Hoteles"}]},{"@type":"WebSite","@id":"https:\/\/welcome-to-times-square.com\/es\/#website","url":"https:\/\/welcome-to-times-square.com\/es\/","name":"times-square","description":"times-square","publisher":{"@id":"https:\/\/welcome-to-times-square.com\/es\/#organization"},"potentialAction":[{"@type":"SearchAction","target":{"@type":"EntryPoint","urlTemplate":"https:\/\/welcome-to-times-square.com\/es\/?s={search_term_string}"},"query-input":{"@type":"PropertyValueSpecification","valueRequired":true,"valueName":"search_term_string"}}],"inLanguage":"es"},{"@type":"Organization","@id":"https:\/\/welcome-to-times-square.com\/es\/#organization","name":"times-square","url":"https:\/\/welcome-to-times-square.com\/es\/","logo":{"@type":"ImageObject","inLanguage":"es","@id":"https:\/\/welcome-to-times-square.com\/es\/#\/schema\/logo\/image\/","url":"https:\/\/welcome-to-times-square.com\/wp-content\/uploads\/2024\/03\/welcome-to-time-square-logo-with-r.png","contentUrl":"https:\/\/welcome-to-times-square.com\/wp-content\/uploads\/2024\/03\/welcome-to-time-square-logo-with-r.png","width":500,"height":342,"caption":"times-square"},"image":{"@id":"https:\/\/welcome-to-times-square.com\/es\/#\/schema\/logo\/image\/"}}]}},"_hostinger_reach_plugin_has_subscription_block":false,"_hostinger_reach_plugin_is_elementor":false,"_links":{"self":[{"href":"https:\/\/welcome-to-times-square.com\/es\/wp-json\/wp\/v2\/pages\/8905","targetHints":{"allow":["GET"]}}],"collection":[{"href":"https:\/\/welcome-to-times-square.com\/es\/wp-json\/wp\/v2\/pages"}],"about":[{"href":"https:\/\/welcome-to-times-square.com\/es\/wp-json\/wp\/v2\/types\/page"}],"author":[{"embeddable":true,"href":"https:\/\/welcome-to-times-square.com\/es\/wp-json\/wp\/v2\/users\/53"}],"replies":[{"embeddable":true,"href":"https:\/\/welcome-to-times-square.com\/es\/wp-json\/wp\/v2\/comments?post=8905"}],"version-history":[{"count":2,"href":"https:\/\/welcome-to-times-square.com\/es\/wp-json\/wp\/v2\/pages\/8905\/revisions"}],"predecessor-version":[{"id":8915,"href":"https:\/\/welcome-to-times-square.com\/es\/wp-json\/wp\/v2\/pages\/8905\/revisions\/8915"}],"wp:attachment":[{"href":"https:\/\/welcome-to-times-square.com\/es\/wp-json\/wp\/v2\/media?parent=8905"}],"curies":[{"name":"wp","href":"https:\/\/api.w.org\/{rel}","templated":true}]}}