{"id":8937,"date":"2022-04-25T15:17:22","date_gmt":"2022-04-25T15:17:22","guid":{"rendered":"https:\/\/welcome-to-times-square.com\/deals\/"},"modified":"2025-01-17T10:00:39","modified_gmt":"2025-01-17T10:00:39","slug":"deals","status":"publish","type":"page","link":"https:\/\/welcome-to-times-square.com\/es\/deals\/","title":{"rendered":"Ofertas"},"content":{"rendered":"\t\t<div data-elementor-type=\"wp-page\" data-elementor-id=\"8937\" class=\"elementor elementor-8937 elementor-2807\" data-elementor-post-type=\"page\">\n\t\t\t\t<div class=\"elementor-element elementor-element-96efad9 e-flex e-con-boxed e-con e-parent\" data-id=\"96efad9\" data-element_type=\"container\" data-e-type=\"container\" data-settings=\"{&quot;background_background&quot;:&quot;classic&quot;}\">\n\t\t\t\t\t<div class=\"e-con-inner\">\n\t\t\t\t<div class=\"elementor-element elementor-element-6ca9d98 elementor-widget elementor-widget-heading\" data-id=\"6ca9d98\" data-element_type=\"widget\" data-e-type=\"widget\" data-widget_type=\"heading.default\">\n\t\t\t\t<div class=\"elementor-widget-container\">\n\t\t\t\t\t<h2 class=\"elementor-heading-title elementor-size-default\">Ofertas<\/h2>\t\t\t\t<\/div>\n\t\t\t\t<\/div>\n\t\t\t\t<div class=\"elementor-element elementor-element-e054c83 elementor-widget-divider--view-line elementor-widget elementor-widget-divider\" data-id=\"e054c83\" data-element_type=\"widget\" data-e-type=\"widget\" data-widget_type=\"divider.default\">\n\t\t\t\t<div class=\"elementor-widget-container\">\n\t\t\t\t\t\t\t<div class=\"elementor-divider\">\n\t\t\t<span class=\"elementor-divider-separator\">\n\t\t\t\t\t\t<\/span>\n\t\t<\/div>\n\t\t\t\t\t\t<\/div>\n\t\t\t\t<\/div>\n\t\t\t\t<div class=\"elementor-element elementor-element-2482935 elementor-widget elementor-widget-text-editor\" data-id=\"2482935\" data-element_type=\"widget\" data-e-type=\"widget\" data-widget_type=\"text-editor.default\">\n\t\t\t\t<div class=\"elementor-widget-container\">\n\t\t\t\t\t\t\t\t\t<div class=\"vc_row wpb_row vc_row-fluid vc_custom_1650656313890 vc_row-has-fill\">\n<div class=\"wpb_column vc_column_container vc_col-sm-12\">\n<div class=\"vc_column-inner\">\n<div class=\"wpb_wrapper\">\n<div class=\"wpb_text_column wpb_content_element \">\n<div class=\"wpb_wrapper\">\n<p>En Nueva York hay un calendario especial de ofertas y descuentos para que puedas planificar tu viaje y disfrutar de las ofertas anuales que pueden llegar hasta un 70% menos del valor original.<\/p>\n<p>Las fechas especiales de las ofertas est\u00e1n en orden de calendario, ver\u00e1s que la mayor\u00eda de ellas coinciden con d\u00edas festivos de Estados Unidos.<\/p>\n<p>Entre la semana del 12 y el 15 de febrero se celebra el D\u00eda de los Presidentes, un d\u00eda muy especial, cada a\u00f1o todo lo invernal se termina en esta fecha.<\/p>\n<p>El final de la temporada de ventas de primavera es entre el 28 y el 31 de mayo, llamado Memorial Day.<\/p>\n<p>Mayo es un mes precioso en Nueva York, la temperatura es muy agradable y a\u00fan no llega la temporada alta, as\u00ed que todo est\u00e1 m\u00e1s que bien.<\/p>\n<p>May is a beautiful month in New York, the temperature is very pleasant and the high season is not here yet, so everything is more deal.<\/p>\n<p>Los primeros d\u00edas de septiembre se realizan las ofertas del fin del verano, entre el 3 y el 6 de septiembre llamado Labor Day.<\/p>\n<p>En oto\u00f1o hay dos grandes temporadas de ofertas, la primera de las cuales tiene lugar a mediados de oto\u00f1o alrededor del D\u00eda de Col\u00f3n: entre el 8 y el 11 de octubre.<\/p>\n<p>Adem\u00e1s del esperado Black Friday en Nueva York, la segunda gran temporada de ofertas en Nueva York es el famoso Black Friday. Aunque la fecha oficial es el viernes posterior al D\u00eda de Acci\u00f3n de Gracias (el cuarto jueves de cada a\u00f1o), y los d\u00edas previos y el fin de semana posterior al D\u00eda de Acci\u00f3n de Gracias, las tiendas tienen grandes ofertas. <\/p>\n<p>Es una de las \u00e9pocas del a\u00f1o en las que resulta m\u00e1s barato comprar. Realmente merece la pena hacer coincidir el viaje con esta fecha tan especial, porque en noviembre hay mucho que hacer y el ambiente navide\u00f1o ya se respira en Nueva York. <\/p>\n<p>El After Holiday es entre el periodo del 26 de diciembre al 2 de enero, las ofertas y rebajas se realizan despu\u00e9s de las fiestas de fin de a\u00f1o, all\u00ed hay excelentes ofertas. <\/p>\n<p>En el caso de que tu viaje no coincida con ninguna de las fechas de liquidaci\u00f3n en Nueva York, puedes visitar Woodbury Common Premium Outlets.<\/p>\n<p>Este centro comercial en el norte del estado de Nueva York es famoso por sus descuentos durante todo el a\u00f1o en marcas premium y ropa de primera l\u00ednea. \u00a1Lo mejor es que durante las temporadas de liquidaci\u00f3n hacen a\u00fan m\u00e1s descuentos! Est\u00e1 a un par de horas de Nueva York.  <\/p>\n<p>Tambi\u00e9n se puede comprar en Macy\u2019s, Bloomingdale\u2019s, Saks Fifth Avenue. Los centros comerciales son excelentes lugares para buscar ofertas en Nueva York. <\/p>\n<p>Adem\u00e1s de ropa, puedes encontrar descuentos en perfumer\u00eda, electr\u00f3nica, hogar, deportes\u2026 Y en Saks envuelven los perfumes tan bonitos que da verg\u00fcenza abrirlos. <\/p>\n<p>Las calles comerciales donde podr\u00e1s comprar ofertas en Nueva York est\u00e1n en casi todos los barrios, all\u00ed encontrar\u00e1s multitud de tiendas.<\/p>\n<p>Sobre la calle 34 entre 5ta y 6ta avenida. En esta cuadra encontrar\u00e1s grandes tiendas de cadena como Zara, Desigual, Mango, Aeropostale, GEOX, Aldo, Forever 21, Uniqlo, una de las tiendas Levi\u2019s, Footlocker, Timberland. <\/p>\n<p>Broadway entre Canal St y Union Square. Es un tramo bastante largo de Broadway que llega hasta SoHo, donde encontrar\u00e1s muchas marcas. Encontrar\u00e1s tiendas como American Apparel, G-Star Raw, Top Shop, Michael Kors, Forever 21, Mango, Zara, &amp; Other Stories, H&amp;M, Armani Exchange, Guess, Lacoste.  <\/p>\n<p>SoHo es uno de los barrios preferidos para comprar gangas. No solo hay grandes marcas, sino tambi\u00e9n peque\u00f1as marcas y boutiques. <\/p>\n<p>En la 5\u00aa Avenida desde la calle 16 tambi\u00e9n hay una buena calle comercial. Encontrar\u00e1s tiendas de las marcas Anthropologie, GAP, Banana Republic, H&amp;M, American Apparel, Sephora, Nike, New Balance, Kate Spade, Club Monaco\u2026 Lo mejor de todo es que llegar\u00e1s hasta el Flatiron Building y durante todo el camino ver\u00e1s el Empire State Building. En este sentido, es una delicia recorrerla.  <\/p>\n<p>En Nueva York, los comercios pueden hacer descuentos cuando quieran, por lo que puedes entrar a las tiendas sin miedo aunque no veas el t\u00edpico cartel de \u201cRebajas\u201d en el escaparate, ya que en ocasiones las rebajas est\u00e1n en el interior o los carteles en los escaparates son peque\u00f1os y discretos. <\/p>\n<p>Y la verdad es que es tan f\u00e1cil como saber un poco de vocabulario de compras.<\/p>\n<p>Rebajas: ofertas y promociones, generalmente durante el cambio de temporada.<\/p>\n<p>Liquidaci\u00f3n: es una secci\u00f3n dentro de la tienda destinada a liquidaciones. En la mayor\u00eda de las ocasiones la encontrar\u00e1s al final de la temporada y son secciones que encontrar\u00e1s al final de la tienda. <\/p>\n<p>Rebaja: esta palabra hace referencia al precio rebajado que encontrar\u00e1s marcado en la etiqueta de cada prenda. Se suele poner cuando cada prenda tiene un descuento diferente entre ellas. <\/p>\n<\/div>\n<\/div>\n<\/div>\n<\/div>\n<\/div>\n<\/div>\n\t\t\t\t\t\t\t\t<\/div>\n\t\t\t\t<\/div>\n\t\t\t\t<div class=\"elementor-element elementor-element-768faf6 elementor-widget-divider--view-line elementor-widget elementor-widget-divider\" data-id=\"768faf6\" data-element_type=\"widget\" data-e-type=\"widget\" data-widget_type=\"divider.default\">\n\t\t\t\t<div class=\"elementor-widget-container\">\n\t\t\t\t\t\t\t<div class=\"elementor-divider\">\n\t\t\t<span class=\"elementor-divider-separator\">\n\t\t\t\t\t\t<\/span>\n\t\t<\/div>\n\t\t\t\t\t\t<\/div>\n\t\t\t\t<\/div>\n\t\t\t\t<div class=\"elementor-element elementor-element-bd2df9d elementor-widget elementor-widget-text-editor\" data-id=\"bd2df9d\" data-element_type=\"widget\" data-e-type=\"widget\" data-widget_type=\"text-editor.default\">\n\t\t\t\t<div class=\"elementor-widget-container\">\n\t\t\t\t\t\t\t\t\t<p><strong>Para aparecer en nuestro Billboard en Times Square, vaya a nuestra secci\u00f3n CONTACTO.<\/strong><\/p>\n<p>As\u00ed es como funciona:<\/p>\n<p>Ya sea un cumplea\u00f1os, una propuesta de matrimonio, un aniversario o una simple declaraci\u00f3n de amor, lo tenemos cubierto. \u00a1No seas un simple rostro entre la multitud! <br \/>\u00a1Consigue tu foto o v\u00eddeo en nuestra cartelera en Times Square!<\/p>\n<p>Opci\u00f3n 1: Tu video o foto de 60 segundos se mostrar\u00e1 22 veces al d\u00eda.<br \/>Opci\u00f3n 2: Tu video o foto de 30 segundos se mostrar\u00e1 44 veces al d\u00eda.<br \/>Opci\u00f3n 3: Tu video o foto de 15 segundos se mostrar\u00e1 88 veces al d\u00eda.<\/p>\n<p>Nuestro cartel publicitario mide 31 pies por 55 pies y est\u00e1 ubicado en 1560 Broadway (Broadway y 46th Street, justo encima de la tienda Pel\u00e9).<\/p>\n<p>\u00a1No seas una cara entre la multitud!<\/p>\n\t\t\t\t\t\t\t\t<\/div>\n\t\t\t\t<\/div>\n\t\t\t\t<div class=\"elementor-element elementor-element-29aba7c elementor-widget elementor-widget-image\" data-id=\"29aba7c\" data-element_type=\"widget\" data-e-type=\"widget\" data-widget_type=\"image.default\">\n\t\t\t\t<div class=\"elementor-widget-container\">\n\t\t\t\t\t\t\t\t\t\t\t\t\t\t\t<img fetchpriority=\"high\" decoding=\"async\" width=\"1024\" height=\"512\" src=\"https:\/\/welcome-to-times-square.com\/wp-content\/uploads\/2022\/04\/deals-1024x512.jpg\" class=\"attachment-large size-large wp-image-6186\" alt=\"\" srcset=\"https:\/\/welcome-to-times-square.com\/wp-content\/uploads\/2022\/04\/deals-1024x512.jpg 1024w, https:\/\/welcome-to-times-square.com\/wp-content\/uploads\/2022\/04\/deals-600x300.jpg 600w, https:\/\/welcome-to-times-square.com\/wp-content\/uploads\/2022\/04\/deals-300x150.jpg 300w, https:\/\/welcome-to-times-square.com\/wp-content\/uploads\/2022\/04\/deals-768x384.jpg 768w, https:\/\/welcome-to-times-square.com\/wp-content\/uploads\/2022\/04\/deals-1536x768.jpg 1536w, https:\/\/welcome-to-times-square.com\/wp-content\/uploads\/2022\/04\/deals.jpg 1920w\" sizes=\"(max-width: 1024px) 100vw, 1024px\" \/>\t\t\t\t\t\t\t\t\t\t\t\t\t\t\t<\/div>\n\t\t\t\t<\/div>\n\t\t\t\t\t<\/div>\n\t\t\t\t<\/div>\n\t\t\t\t<\/div>\n\t\t","protected":false},"excerpt":{"rendered":"Ofertas En Nueva York hay un calendario especial de ofertas y descuentos para que puedas planificar tu viaje y disfrutar de las ofertas anuales que pueden llegar hasta un 70% menos del valor original. Las fechas especiales de las ofertas est\u00e1n en orden de calendario, ver\u00e1s que la mayor\u00eda de ellas coinciden con d\u00edas festivos [...]<a href=\"https:\/\/welcome-to-times-square.com\/es\/deals\/\" class=\"read-more wyz-secondary-color-text\">read more<span class=\"screen-reader-text\">Ofertas<\/span><\/a>","protected":false},"author":53,"featured_media":0,"parent":0,"menu_order":0,"comment_status":"closed","ping_status":"closed","template":"elementor_header_footer","meta":{"footnotes":""},"class_list":["post-8937","page","type-page","status-publish","hentry"],"yoast_head":"<!-- This site is optimized with the Yoast SEO plugin v27.2 - https:\/\/yoast.com\/product\/yoast-seo-wordpress\/ -->\n<title>Ofertas - times-square<\/title>\n<meta name=\"description\" content=\"En Nueva York hay un calendario especial de ofertas y descuentos para que puedas planificar tu viaje y disfrutar de las ofertas anuales que pueden llegar hasta un 70% menos del valor original.\" \/>\n<meta name=\"robots\" content=\"index, follow, max-snippet:-1, max-image-preview:large, max-video-preview:-1\" \/>\n<link rel=\"canonical\" href=\"https:\/\/welcome-to-times-square.com\/es\/deals\/\" \/>\n<meta property=\"og:locale\" content=\"es_ES\" \/>\n<meta property=\"og:type\" content=\"article\" \/>\n<meta property=\"og:title\" content=\"Ofertas - times-square\" \/>\n<meta property=\"og:description\" content=\"En Nueva York hay un calendario especial de ofertas y descuentos para que puedas planificar tu viaje y disfrutar de las ofertas anuales que pueden llegar hasta un 70% menos del valor original.\" \/>\n<meta property=\"og:url\" content=\"https:\/\/welcome-to-times-square.com\/es\/deals\/\" \/>\n<meta property=\"og:site_name\" content=\"times-square\" \/>\n<meta property=\"article:modified_time\" content=\"2025-01-17T10:00:39+00:00\" \/>\n<meta property=\"og:image\" content=\"https:\/\/welcome-to-times-square.com\/wp-content\/uploads\/2022\/04\/deals.jpg\" \/>\n\t<meta property=\"og:image:width\" content=\"1920\" \/>\n\t<meta property=\"og:image:height\" content=\"960\" \/>\n\t<meta property=\"og:image:type\" content=\"image\/jpeg\" \/>\n<meta name=\"twitter:card\" content=\"summary_large_image\" \/>\n<meta name=\"twitter:label1\" content=\"Tiempo de lectura\" \/>\n\t<meta name=\"twitter:data1\" content=\"5 minutos\" \/>\n<script type=\"application\/ld+json\" class=\"yoast-schema-graph\">{\"@context\":\"https:\/\/schema.org\",\"@graph\":[{\"@type\":\"WebPage\",\"@id\":\"https:\/\/welcome-to-times-square.com\/es\/deals\/\",\"url\":\"https:\/\/welcome-to-times-square.com\/es\/deals\/\",\"name\":\"Ofertas - times-square\",\"isPartOf\":{\"@id\":\"https:\/\/welcome-to-times-square.com\/es\/#website\"},\"primaryImageOfPage\":{\"@id\":\"https:\/\/welcome-to-times-square.com\/es\/deals\/#primaryimage\"},\"image\":{\"@id\":\"https:\/\/welcome-to-times-square.com\/es\/deals\/#primaryimage\"},\"thumbnailUrl\":\"https:\/\/welcome-to-times-square.com\/wp-content\/uploads\/2022\/04\/deals-1024x512.jpg\",\"datePublished\":\"2022-04-25T15:17:22+00:00\",\"dateModified\":\"2025-01-17T10:00:39+00:00\",\"description\":\"En Nueva York hay un calendario especial de ofertas y descuentos para que puedas planificar tu viaje y disfrutar de las ofertas anuales que pueden llegar hasta un 70% menos del valor original.\",\"breadcrumb\":{\"@id\":\"https:\/\/welcome-to-times-square.com\/es\/deals\/#breadcrumb\"},\"inLanguage\":\"es\",\"potentialAction\":[{\"@type\":\"ReadAction\",\"target\":[\"https:\/\/welcome-to-times-square.com\/es\/deals\/\"]}]},{\"@type\":\"ImageObject\",\"inLanguage\":\"es\",\"@id\":\"https:\/\/welcome-to-times-square.com\/es\/deals\/#primaryimage\",\"url\":\"https:\/\/welcome-to-times-square.com\/wp-content\/uploads\/2022\/04\/deals-1024x512.jpg\",\"contentUrl\":\"https:\/\/welcome-to-times-square.com\/wp-content\/uploads\/2022\/04\/deals-1024x512.jpg\"},{\"@type\":\"BreadcrumbList\",\"@id\":\"https:\/\/welcome-to-times-square.com\/es\/deals\/#breadcrumb\",\"itemListElement\":[{\"@type\":\"ListItem\",\"position\":1,\"name\":\"Home\",\"item\":\"https:\/\/welcome-to-times-square.com\/es\/\"},{\"@type\":\"ListItem\",\"position\":2,\"name\":\"Ofertas\"}]},{\"@type\":\"WebSite\",\"@id\":\"https:\/\/welcome-to-times-square.com\/es\/#website\",\"url\":\"https:\/\/welcome-to-times-square.com\/es\/\",\"name\":\"times-square\",\"description\":\"times-square\",\"publisher\":{\"@id\":\"https:\/\/welcome-to-times-square.com\/es\/#organization\"},\"potentialAction\":[{\"@type\":\"SearchAction\",\"target\":{\"@type\":\"EntryPoint\",\"urlTemplate\":\"https:\/\/welcome-to-times-square.com\/es\/?s={search_term_string}\"},\"query-input\":{\"@type\":\"PropertyValueSpecification\",\"valueRequired\":true,\"valueName\":\"search_term_string\"}}],\"inLanguage\":\"es\"},{\"@type\":\"Organization\",\"@id\":\"https:\/\/welcome-to-times-square.com\/es\/#organization\",\"name\":\"times-square\",\"url\":\"https:\/\/welcome-to-times-square.com\/es\/\",\"logo\":{\"@type\":\"ImageObject\",\"inLanguage\":\"es\",\"@id\":\"https:\/\/welcome-to-times-square.com\/es\/#\/schema\/logo\/image\/\",\"url\":\"https:\/\/welcome-to-times-square.com\/wp-content\/uploads\/2024\/03\/welcome-to-time-square-logo-with-r.png\",\"contentUrl\":\"https:\/\/welcome-to-times-square.com\/wp-content\/uploads\/2024\/03\/welcome-to-time-square-logo-with-r.png\",\"width\":500,\"height\":342,\"caption\":\"times-square\"},\"image\":{\"@id\":\"https:\/\/welcome-to-times-square.com\/es\/#\/schema\/logo\/image\/\"}}]}<\/script>\n<!-- \/ Yoast SEO plugin. -->","yoast_head_json":{"title":"Ofertas - times-square","description":"En Nueva York hay un calendario especial de ofertas y descuentos para que puedas planificar tu viaje y disfrutar de las ofertas anuales que pueden llegar hasta un 70% menos del valor original.","robots":{"index":"index","follow":"follow","max-snippet":"max-snippet:-1","max-image-preview":"max-image-preview:large","max-video-preview":"max-video-preview:-1"},"canonical":"https:\/\/welcome-to-times-square.com\/es\/deals\/","og_locale":"es_ES","og_type":"article","og_title":"Ofertas - times-square","og_description":"En Nueva York hay un calendario especial de ofertas y descuentos para que puedas planificar tu viaje y disfrutar de las ofertas anuales que pueden llegar hasta un 70% menos del valor original.","og_url":"https:\/\/welcome-to-times-square.com\/es\/deals\/","og_site_name":"times-square","article_modified_time":"2025-01-17T10:00:39+00:00","og_image":[{"width":1920,"height":960,"url":"https:\/\/welcome-to-times-square.com\/wp-content\/uploads\/2022\/04\/deals.jpg","type":"image\/jpeg"}],"twitter_card":"summary_large_image","twitter_misc":{"Tiempo de lectura":"5 minutos"},"schema":{"@context":"https:\/\/schema.org","@graph":[{"@type":"WebPage","@id":"https:\/\/welcome-to-times-square.com\/es\/deals\/","url":"https:\/\/welcome-to-times-square.com\/es\/deals\/","name":"Ofertas - times-square","isPartOf":{"@id":"https:\/\/welcome-to-times-square.com\/es\/#website"},"primaryImageOfPage":{"@id":"https:\/\/welcome-to-times-square.com\/es\/deals\/#primaryimage"},"image":{"@id":"https:\/\/welcome-to-times-square.com\/es\/deals\/#primaryimage"},"thumbnailUrl":"https:\/\/welcome-to-times-square.com\/wp-content\/uploads\/2022\/04\/deals-1024x512.jpg","datePublished":"2022-04-25T15:17:22+00:00","dateModified":"2025-01-17T10:00:39+00:00","description":"En Nueva York hay un calendario especial de ofertas y descuentos para que puedas planificar tu viaje y disfrutar de las ofertas anuales que pueden llegar hasta un 70% menos del valor original.","breadcrumb":{"@id":"https:\/\/welcome-to-times-square.com\/es\/deals\/#breadcrumb"},"inLanguage":"es","potentialAction":[{"@type":"ReadAction","target":["https:\/\/welcome-to-times-square.com\/es\/deals\/"]}]},{"@type":"ImageObject","inLanguage":"es","@id":"https:\/\/welcome-to-times-square.com\/es\/deals\/#primaryimage","url":"https:\/\/welcome-to-times-square.com\/wp-content\/uploads\/2022\/04\/deals-1024x512.jpg","contentUrl":"https:\/\/welcome-to-times-square.com\/wp-content\/uploads\/2022\/04\/deals-1024x512.jpg"},{"@type":"BreadcrumbList","@id":"https:\/\/welcome-to-times-square.com\/es\/deals\/#breadcrumb","itemListElement":[{"@type":"ListItem","position":1,"name":"Home","item":"https:\/\/welcome-to-times-square.com\/es\/"},{"@type":"ListItem","position":2,"name":"Ofertas"}]},{"@type":"WebSite","@id":"https:\/\/welcome-to-times-square.com\/es\/#website","url":"https:\/\/welcome-to-times-square.com\/es\/","name":"times-square","description":"times-square","publisher":{"@id":"https:\/\/welcome-to-times-square.com\/es\/#organization"},"potentialAction":[{"@type":"SearchAction","target":{"@type":"EntryPoint","urlTemplate":"https:\/\/welcome-to-times-square.com\/es\/?s={search_term_string}"},"query-input":{"@type":"PropertyValueSpecification","valueRequired":true,"valueName":"search_term_string"}}],"inLanguage":"es"},{"@type":"Organization","@id":"https:\/\/welcome-to-times-square.com\/es\/#organization","name":"times-square","url":"https:\/\/welcome-to-times-square.com\/es\/","logo":{"@type":"ImageObject","inLanguage":"es","@id":"https:\/\/welcome-to-times-square.com\/es\/#\/schema\/logo\/image\/","url":"https:\/\/welcome-to-times-square.com\/wp-content\/uploads\/2024\/03\/welcome-to-time-square-logo-with-r.png","contentUrl":"https:\/\/welcome-to-times-square.com\/wp-content\/uploads\/2024\/03\/welcome-to-time-square-logo-with-r.png","width":500,"height":342,"caption":"times-square"},"image":{"@id":"https:\/\/welcome-to-times-square.com\/es\/#\/schema\/logo\/image\/"}}]}},"_hostinger_reach_plugin_has_subscription_block":false,"_hostinger_reach_plugin_is_elementor":false,"_links":{"self":[{"href":"https:\/\/welcome-to-times-square.com\/es\/wp-json\/wp\/v2\/pages\/8937","targetHints":{"allow":["GET"]}}],"collection":[{"href":"https:\/\/welcome-to-times-square.com\/es\/wp-json\/wp\/v2\/pages"}],"about":[{"href":"https:\/\/welcome-to-times-square.com\/es\/wp-json\/wp\/v2\/types\/page"}],"author":[{"embeddable":true,"href":"https:\/\/welcome-to-times-square.com\/es\/wp-json\/wp\/v2\/users\/53"}],"replies":[{"embeddable":true,"href":"https:\/\/welcome-to-times-square.com\/es\/wp-json\/wp\/v2\/comments?post=8937"}],"version-history":[{"count":2,"href":"https:\/\/welcome-to-times-square.com\/es\/wp-json\/wp\/v2\/pages\/8937\/revisions"}],"predecessor-version":[{"id":8947,"href":"https:\/\/welcome-to-times-square.com\/es\/wp-json\/wp\/v2\/pages\/8937\/revisions\/8947"}],"wp:attachment":[{"href":"https:\/\/welcome-to-times-square.com\/es\/wp-json\/wp\/v2\/media?parent=8937"}],"curies":[{"name":"wp","href":"https:\/\/api.w.org\/{rel}","templated":true}]}}