{"id":8953,"date":"2022-05-10T20:25:09","date_gmt":"2022-05-10T20:25:09","guid":{"rendered":"https:\/\/welcome-to-times-square.com\/planning-an-event-in-nyc\/"},"modified":"2025-01-17T11:00:51","modified_gmt":"2025-01-17T11:00:51","slug":"planning-an-event-in-nyc","status":"publish","type":"page","link":"https:\/\/welcome-to-times-square.com\/es\/planning-an-event-in-nyc\/","title":{"rendered":"Planificaci\u00f3n de un evento en Nueva York"},"content":{"rendered":"\t\t<div data-elementor-type=\"wp-page\" data-elementor-id=\"8953\" class=\"elementor elementor-8953 elementor-2932\" data-elementor-post-type=\"page\">\n\t\t\t\t<div class=\"elementor-element elementor-element-b6a30bc e-flex e-con-boxed e-con e-parent\" data-id=\"b6a30bc\" data-element_type=\"container\" data-e-type=\"container\" data-settings=\"{&quot;background_background&quot;:&quot;classic&quot;}\">\n\t\t\t\t\t<div class=\"e-con-inner\">\n\t\t\t\t<div class=\"elementor-element elementor-element-4aa115f elementor-widget elementor-widget-heading\" data-id=\"4aa115f\" data-element_type=\"widget\" data-e-type=\"widget\" data-widget_type=\"heading.default\">\n\t\t\t\t<div class=\"elementor-widget-container\">\n\t\t\t\t\t<h2 class=\"elementor-heading-title elementor-size-default\">Planificaci\u00f3n de un evento en Nueva York<\/h2>\t\t\t\t<\/div>\n\t\t\t\t<\/div>\n\t\t\t\t<div class=\"elementor-element elementor-element-02111df elementor-widget-divider--view-line elementor-widget elementor-widget-divider\" data-id=\"02111df\" data-element_type=\"widget\" data-e-type=\"widget\" data-widget_type=\"divider.default\">\n\t\t\t\t<div class=\"elementor-widget-container\">\n\t\t\t\t\t\t\t<div class=\"elementor-divider\">\n\t\t\t<span class=\"elementor-divider-separator\">\n\t\t\t\t\t\t<\/span>\n\t\t<\/div>\n\t\t\t\t\t\t<\/div>\n\t\t\t\t<\/div>\n\t\t\t\t<div class=\"elementor-element elementor-element-6eba364 elementor-widget elementor-widget-text-editor\" data-id=\"6eba364\" data-element_type=\"widget\" data-e-type=\"widget\" data-widget_type=\"text-editor.default\">\n\t\t\t\t<div class=\"elementor-widget-container\">\n\t\t\t\t\t\t\t\t\t<div class=\"vc_row wpb_row vc_row-fluid vc_custom_1652220902464 vc_row-has-fill\">\n<div class=\"wpb_column vc_column_container vc_col-sm-12\">\n<div class=\"vc_column-inner\">\n<div class=\"wpb_wrapper\">\n<div class=\"vc_tta-container\" data-vc-action=\"collapse\">\n<div class=\"vc_general vc_tta vc_tta-tabs vc_tta-color-grey vc_tta-style-classic vc_tta-shape-rounded vc_tta-spacing-1 vc_tta-tabs-position-top vc_tta-controls-align-left\">\n<div class=\"vc_tta-panels-container\">\n<div class=\"vc_tta-panels\">\n<div id=\"1652214027141-0740dd2c-c58f\" class=\"vc_tta-panel vc_active\" data-vc-content=\".vc_tta-panel-body\">\n<div class=\"vc_tta-panel-body\">\n<div class=\"wpb_text_column wpb_content_element \">\n<div class=\"wpb_wrapper\">\n<p>El 4 de julio es un evento de planificaci\u00f3n en el que Estados Unidos se llena de banderas, barbacoas y fuegos artificiales para celebrar su d\u00eda m\u00e1s patri\u00f3tico: el D\u00eda de la Independencia.<\/p>\n<p>Los estadounidenses conmemoran la aprobaci\u00f3n de la Declaraci\u00f3n de Independencia por el Congreso el 4 de julio de 1776, con un feriado nacional celebrado al aire libre.<\/p>\n<p>Otro gran evento para planificar es el cuarto jueves de noviembre, cuando en Estados Unidos se celebra el D\u00eda de Acci\u00f3n de Gracias, algo que solemos ver reflejado en las pel\u00edculas.<\/p>\n<p>Es una fiesta incre\u00edble y el pa\u00eds est\u00e1 paralizado, las calles est\u00e1n casi vac\u00edas y la mayor\u00eda de los comercios est\u00e1n cerrados. El d\u00eda de Acci\u00f3n de Gracias, todo el mundo vuela a casa para pasar la velada en familia. Planificando un evento, el D\u00eda de Acci\u00f3n de Gracias en Nueva York comienza con uno de los eventos m\u00e1s esperados del calendario: el Macy\u2019s Day Parade, se trata de un desfile organizado por los grandes almacenes Macy\u2019s que se lleva celebrando desde 1924. Es muy famoso, que millones de personas asisten a verlo. En el desfile participan carrozas, bailarines y m\u00fasicos, celebrando el D\u00eda de Acci\u00f3n de Gracias y la llegada de la Navidad. Tambi\u00e9n hay personajes muy famosos, como representaciones de musicales de Broadway, hay globos gigantes con forma de entra\u00f1ables personajes infantiles, como Snoopy, Hello Kitty o Garfield, y cada a\u00f1o se suman personajes modernos. Una vez terminado el desfile, otro de los eventos de la planificaci\u00f3n es que las familias se apresuran a volver a casa para preparar la cena de Acci\u00f3n de Gracias. En el origen de esta gran celebraci\u00f3n, se daban gracias a Dios, y muchas familias hoy en d\u00eda siguen acompa\u00f1ando la cena de oraci\u00f3n.       <\/p>\n<p>Pero el D\u00eda de Acci\u00f3n de Gracias tambi\u00e9n es una ocasi\u00f3n para que todos, independientemente de sus creencias religiosas, reflexionen y aprecien todo lo bueno. En ninguna mesa puede faltar el pavo asado acompa\u00f1ado de pur\u00e9 de patatas, salsa de ar\u00e1ndanos, gravy (una salsa espesa preparada con el jugo del pavo), pan de ma\u00edz, coles de Bruselas y de postre, el cl\u00e1sico pastel de calabaza, la deliciosa tarta de calabaza. <\/p>\n<p>En muchos hogares, la cena comienza alrededor de las 2 o 3 de la tarde. Despu\u00e9s de la cena, es una tradici\u00f3n ver partidos de f\u00fatbol por televisi\u00f3n. <\/p>\n<p>Otra de las cosas que se planean cuando llega el oto\u00f1o es que Nueva York se llena de calabazas, esqueletos y brujas. La \u00fanica explicaci\u00f3n maravillosa es que se acerca Halloween. Es la noche m\u00e1s terror\u00edfica del a\u00f1o que se celebra el 31 de octubre. Pero todos empiezan a pensar en el disfraz y preparan la c\u00e1mara para cazar calabazas.   <\/p>\n<p>Lo primero que debemos hacer es ir a buscar la decoraci\u00f3n de oto\u00f1o, algo que podemos hacer tanto si estamos en Nueva York la noche de Halloween como si vamos a visitar la ciudad un poco antes.<\/p>\n<p>La gran mayor\u00eda de hogares comienzan a decorarse desde principios de octubre. Los barrios residenciales son ideales para pasear, ya que se puede ver c\u00f3mo los vecinos decoran sus casas con esqueletos, espantap\u00e1jaros, telara\u00f1as, zombies, brujas, calabazas, etc. Otros lugares sorprendentes que suelen decorarse para Halloween son el Chelsea Market y el Rockefeller Center.  <\/p>\n<p>Con m\u00e1s de dos millones de espectadores (entre neoyorquinos y turistas), el Village Halloween Parade es el desfile de Halloween m\u00e1s grande del mundo y la celebraci\u00f3n de Halloween m\u00e1s conocida en Nueva York.<\/p>\n<p>Es muy parecido al desfile de Carnaval, donde m\u00e1s de sesenta mil personas desfilan por la Sexta Avenida con los disfraces m\u00e1s extravagantes e incre\u00edbles que puedas imaginar, acompa\u00f1ados de carrozas brillantes, marionetas gigantes, m\u00fasica fuerte y mucha improvisaci\u00f3n.<\/p>\n<p>Si la persona que asiste se disfraza, puede participar; si no tienes disfraz, podr\u00e1s verla el 31 de octubre a partir de las 7:00 PM en la 6ta Avenida (inicia en Spring St y sube hasta la calle 16).<\/p>\n<p>Otro evento que se est\u00e1 planeando es cuando la Gran Manzana desata la magia de la Navidad brillando bajo los fuegos artificiales y all\u00ed las multitudes se concentran en Times Square. Y, aunque el term\u00f3metro marca bajo cero, la noche se llena de visitantes. <\/p>\n<p>La famosa bola es todo un s\u00edmbolo, sube a las 18:00 horas y a las 23:59 horas desciende durante 60 segundos desde el edificio One Times Square.<\/p>\n<p>Cuando termina el descenso, durante el primer segundo del nuevo a\u00f1o, nubes de fuegos artificiales caen sobre la plaza. El \u00faltimo d\u00eda de cada a\u00f1o, se convirti\u00f3 en un ritual que grandes multitudes se reunieran en la iluminada Times Square de Nueva York para dar la bienvenida a los nuevos comienzos. A medianoche, la multitud atrae a su ser querido para un beso ceremonial.  <\/p>\n<p>Durante el \u00faltimo siglo, el s\u00edmbolo del A\u00f1o Nuevo, la bola luminosa, ha evolucionado desde una jaula de hierro y madera adornada con bombillas a lo que vemos hoy como un deslumbrante objeto de vidrio tecnicolor.<\/p>\n<\/div>\n<\/div>\n<\/div>\n<\/div>\n<\/div>\n<\/div>\n<\/div>\n<\/div>\n<\/div>\n<\/div>\n<\/div>\n<\/div>\n\t\t\t\t\t\t\t\t<\/div>\n\t\t\t\t<\/div>\n\t\t\t\t<div class=\"elementor-element elementor-element-d7a8c37 elementor-widget-divider--view-line elementor-widget elementor-widget-divider\" data-id=\"d7a8c37\" data-element_type=\"widget\" data-e-type=\"widget\" data-widget_type=\"divider.default\">\n\t\t\t\t<div class=\"elementor-widget-container\">\n\t\t\t\t\t\t\t<div class=\"elementor-divider\">\n\t\t\t<span class=\"elementor-divider-separator\">\n\t\t\t\t\t\t<\/span>\n\t\t<\/div>\n\t\t\t\t\t\t<\/div>\n\t\t\t\t<\/div>\n\t\t\t\t<div class=\"elementor-element elementor-element-d58414d elementor-widget elementor-widget-text-editor\" data-id=\"d58414d\" data-element_type=\"widget\" data-e-type=\"widget\" data-widget_type=\"text-editor.default\">\n\t\t\t\t<div class=\"elementor-widget-container\">\n\t\t\t\t\t\t\t\t\t<p><strong>Para aparecer en nuestro Billboard en Times Square, vaya a nuestra secci\u00f3n CONTACTO.<\/strong><\/p>\n<p>As\u00ed es como funciona:<\/p>\n<p>Ya sea un cumplea\u00f1os, una propuesta de matrimonio, un aniversario o una simple declaraci\u00f3n de amor, lo tenemos cubierto. \u00a1No seas un simple rostro entre la multitud! <br \/>\u00a1Consigue tu foto o v\u00eddeo en nuestra cartelera en Times Square!<\/p>\n<p>Opci\u00f3n 1: Tu video o foto de 60 segundos se mostrar\u00e1 22 veces al d\u00eda.<br \/>Opci\u00f3n 2: Tu video o foto de 30 segundos se mostrar\u00e1 44 veces al d\u00eda.<br \/>Opci\u00f3n 3: Tu video o foto de 15 segundos se mostrar\u00e1 88 veces al d\u00eda.<\/p>\n<p>Nuestro cartel publicitario mide 31 pies por 55 pies y est\u00e1 ubicado en 1560 Broadway (Broadway y 46th Street, justo encima de la tienda Pel\u00e9).<\/p>\n<p>\u00a1No seas una cara entre la multitud!<\/p>\n\t\t\t\t\t\t\t\t<\/div>\n\t\t\t\t<\/div>\n\t\t\t\t<div class=\"elementor-element elementor-element-667454c elementor-widget elementor-widget-image\" data-id=\"667454c\" data-element_type=\"widget\" data-e-type=\"widget\" data-widget_type=\"image.default\">\n\t\t\t\t<div class=\"elementor-widget-container\">\n\t\t\t\t\t\t\t\t\t\t\t\t\t\t\t<img fetchpriority=\"high\" decoding=\"async\" width=\"1024\" height=\"538\" src=\"https:\/\/welcome-to-times-square.com\/wp-content\/uploads\/2022\/05\/Planning-an-event-in-NYC-1024x538.jpg\" class=\"attachment-large size-large wp-image-6276\" alt=\"\" srcset=\"https:\/\/welcome-to-times-square.com\/wp-content\/uploads\/2022\/05\/Planning-an-event-in-NYC-1024x538.jpg 1024w, https:\/\/welcome-to-times-square.com\/wp-content\/uploads\/2022\/05\/Planning-an-event-in-NYC-600x315.jpg 600w, https:\/\/welcome-to-times-square.com\/wp-content\/uploads\/2022\/05\/Planning-an-event-in-NYC-300x158.jpg 300w, https:\/\/welcome-to-times-square.com\/wp-content\/uploads\/2022\/05\/Planning-an-event-in-NYC-768x403.jpg 768w, https:\/\/welcome-to-times-square.com\/wp-content\/uploads\/2022\/05\/Planning-an-event-in-NYC.jpg 1200w\" sizes=\"(max-width: 1024px) 100vw, 1024px\" \/>\t\t\t\t\t\t\t\t\t\t\t\t\t\t\t<\/div>\n\t\t\t\t<\/div>\n\t\t\t\t\t<\/div>\n\t\t\t\t<\/div>\n\t\t\t\t<\/div>\n\t\t","protected":false},"excerpt":{"rendered":"Planificaci\u00f3n de un evento en Nueva York El 4 de julio es un evento de planificaci\u00f3n en el que Estados Unidos se llena de banderas, barbacoas y fuegos artificiales para celebrar su d\u00eda m\u00e1s patri\u00f3tico: el D\u00eda de la Independencia. Los estadounidenses conmemoran la aprobaci\u00f3n de la Declaraci\u00f3n de Independencia por el Congreso el 4 [...]<a href=\"https:\/\/welcome-to-times-square.com\/es\/planning-an-event-in-nyc\/\" class=\"read-more wyz-secondary-color-text\">read more<span class=\"screen-reader-text\">Planificaci\u00f3n de un evento en Nueva York<\/span><\/a>","protected":false},"author":53,"featured_media":0,"parent":0,"menu_order":0,"comment_status":"closed","ping_status":"closed","template":"elementor_header_footer","meta":{"footnotes":""},"class_list":["post-8953","page","type-page","status-publish","hentry"],"yoast_head":"<!-- This site is optimized with the Yoast SEO plugin v27.2 - https:\/\/yoast.com\/product\/yoast-seo-wordpress\/ -->\n<title>Planificaci\u00f3n de un evento en Nueva York - times-square<\/title>\n<meta name=\"robots\" content=\"index, follow, max-snippet:-1, max-image-preview:large, max-video-preview:-1\" \/>\n<link rel=\"canonical\" href=\"https:\/\/welcome-to-times-square.com\/es\/planning-an-event-in-nyc\/\" \/>\n<meta property=\"og:locale\" content=\"es_ES\" \/>\n<meta property=\"og:type\" content=\"article\" \/>\n<meta property=\"og:title\" content=\"Planificaci\u00f3n de un evento en Nueva York - times-square\" \/>\n<meta property=\"og:description\" content=\"Planificaci\u00f3n de un evento en Nueva York El 4 de julio es un evento de planificaci\u00f3n en el que Estados Unidos se llena de banderas, barbacoas y fuegos artificiales para celebrar su d\u00eda m\u00e1s patri\u00f3tico: el D\u00eda de la Independencia. Los estadounidenses conmemoran la aprobaci\u00f3n de la Declaraci\u00f3n de Independencia por el Congreso el 4 [...]read morePlanificaci\u00f3n de un evento en Nueva York\" \/>\n<meta property=\"og:url\" content=\"https:\/\/welcome-to-times-square.com\/es\/planning-an-event-in-nyc\/\" \/>\n<meta property=\"og:site_name\" content=\"times-square\" \/>\n<meta property=\"article:modified_time\" content=\"2025-01-17T11:00:51+00:00\" \/>\n<meta property=\"og:image\" content=\"https:\/\/welcome-to-times-square.com\/wp-content\/uploads\/2022\/05\/Planning-an-event-in-NYC.jpg\" \/>\n\t<meta property=\"og:image:width\" content=\"1200\" \/>\n\t<meta property=\"og:image:height\" content=\"630\" \/>\n\t<meta property=\"og:image:type\" content=\"image\/jpeg\" \/>\n<meta name=\"twitter:card\" content=\"summary_large_image\" \/>\n<meta name=\"twitter:label1\" content=\"Tiempo de lectura\" \/>\n\t<meta name=\"twitter:data1\" content=\"5 minutos\" \/>\n<script type=\"application\/ld+json\" class=\"yoast-schema-graph\">{\"@context\":\"https:\/\/schema.org\",\"@graph\":[{\"@type\":\"WebPage\",\"@id\":\"https:\/\/welcome-to-times-square.com\/es\/planning-an-event-in-nyc\/\",\"url\":\"https:\/\/welcome-to-times-square.com\/es\/planning-an-event-in-nyc\/\",\"name\":\"Planificaci\u00f3n de un evento en Nueva York - times-square\",\"isPartOf\":{\"@id\":\"https:\/\/welcome-to-times-square.com\/es\/#website\"},\"primaryImageOfPage\":{\"@id\":\"https:\/\/welcome-to-times-square.com\/es\/planning-an-event-in-nyc\/#primaryimage\"},\"image\":{\"@id\":\"https:\/\/welcome-to-times-square.com\/es\/planning-an-event-in-nyc\/#primaryimage\"},\"thumbnailUrl\":\"https:\/\/welcome-to-times-square.com\/wp-content\/uploads\/2022\/05\/Planning-an-event-in-NYC-1024x538.jpg\",\"datePublished\":\"2022-05-10T20:25:09+00:00\",\"dateModified\":\"2025-01-17T11:00:51+00:00\",\"breadcrumb\":{\"@id\":\"https:\/\/welcome-to-times-square.com\/es\/planning-an-event-in-nyc\/#breadcrumb\"},\"inLanguage\":\"es\",\"potentialAction\":[{\"@type\":\"ReadAction\",\"target\":[\"https:\/\/welcome-to-times-square.com\/es\/planning-an-event-in-nyc\/\"]}]},{\"@type\":\"ImageObject\",\"inLanguage\":\"es\",\"@id\":\"https:\/\/welcome-to-times-square.com\/es\/planning-an-event-in-nyc\/#primaryimage\",\"url\":\"https:\/\/welcome-to-times-square.com\/wp-content\/uploads\/2022\/05\/Planning-an-event-in-NYC-1024x538.jpg\",\"contentUrl\":\"https:\/\/welcome-to-times-square.com\/wp-content\/uploads\/2022\/05\/Planning-an-event-in-NYC-1024x538.jpg\"},{\"@type\":\"BreadcrumbList\",\"@id\":\"https:\/\/welcome-to-times-square.com\/es\/planning-an-event-in-nyc\/#breadcrumb\",\"itemListElement\":[{\"@type\":\"ListItem\",\"position\":1,\"name\":\"Home\",\"item\":\"https:\/\/welcome-to-times-square.com\/es\/\"},{\"@type\":\"ListItem\",\"position\":2,\"name\":\"Planificaci\u00f3n de un evento en Nueva York\"}]},{\"@type\":\"WebSite\",\"@id\":\"https:\/\/welcome-to-times-square.com\/es\/#website\",\"url\":\"https:\/\/welcome-to-times-square.com\/es\/\",\"name\":\"times-square\",\"description\":\"times-square\",\"publisher\":{\"@id\":\"https:\/\/welcome-to-times-square.com\/es\/#organization\"},\"potentialAction\":[{\"@type\":\"SearchAction\",\"target\":{\"@type\":\"EntryPoint\",\"urlTemplate\":\"https:\/\/welcome-to-times-square.com\/es\/?s={search_term_string}\"},\"query-input\":{\"@type\":\"PropertyValueSpecification\",\"valueRequired\":true,\"valueName\":\"search_term_string\"}}],\"inLanguage\":\"es\"},{\"@type\":\"Organization\",\"@id\":\"https:\/\/welcome-to-times-square.com\/es\/#organization\",\"name\":\"times-square\",\"url\":\"https:\/\/welcome-to-times-square.com\/es\/\",\"logo\":{\"@type\":\"ImageObject\",\"inLanguage\":\"es\",\"@id\":\"https:\/\/welcome-to-times-square.com\/es\/#\/schema\/logo\/image\/\",\"url\":\"https:\/\/welcome-to-times-square.com\/wp-content\/uploads\/2024\/03\/welcome-to-time-square-logo-with-r.png\",\"contentUrl\":\"https:\/\/welcome-to-times-square.com\/wp-content\/uploads\/2024\/03\/welcome-to-time-square-logo-with-r.png\",\"width\":500,\"height\":342,\"caption\":\"times-square\"},\"image\":{\"@id\":\"https:\/\/welcome-to-times-square.com\/es\/#\/schema\/logo\/image\/\"}}]}<\/script>\n<!-- \/ Yoast SEO plugin. -->","yoast_head_json":{"title":"Planificaci\u00f3n de un evento en Nueva York - times-square","robots":{"index":"index","follow":"follow","max-snippet":"max-snippet:-1","max-image-preview":"max-image-preview:large","max-video-preview":"max-video-preview:-1"},"canonical":"https:\/\/welcome-to-times-square.com\/es\/planning-an-event-in-nyc\/","og_locale":"es_ES","og_type":"article","og_title":"Planificaci\u00f3n de un evento en Nueva York - times-square","og_description":"Planificaci\u00f3n de un evento en Nueva York El 4 de julio es un evento de planificaci\u00f3n en el que Estados Unidos se llena de banderas, barbacoas y fuegos artificiales para celebrar su d\u00eda m\u00e1s patri\u00f3tico: el D\u00eda de la Independencia. Los estadounidenses conmemoran la aprobaci\u00f3n de la Declaraci\u00f3n de Independencia por el Congreso el 4 [...]read morePlanificaci\u00f3n de un evento en Nueva York","og_url":"https:\/\/welcome-to-times-square.com\/es\/planning-an-event-in-nyc\/","og_site_name":"times-square","article_modified_time":"2025-01-17T11:00:51+00:00","og_image":[{"width":1200,"height":630,"url":"https:\/\/welcome-to-times-square.com\/wp-content\/uploads\/2022\/05\/Planning-an-event-in-NYC.jpg","type":"image\/jpeg"}],"twitter_card":"summary_large_image","twitter_misc":{"Tiempo de lectura":"5 minutos"},"schema":{"@context":"https:\/\/schema.org","@graph":[{"@type":"WebPage","@id":"https:\/\/welcome-to-times-square.com\/es\/planning-an-event-in-nyc\/","url":"https:\/\/welcome-to-times-square.com\/es\/planning-an-event-in-nyc\/","name":"Planificaci\u00f3n de un evento en Nueva York - times-square","isPartOf":{"@id":"https:\/\/welcome-to-times-square.com\/es\/#website"},"primaryImageOfPage":{"@id":"https:\/\/welcome-to-times-square.com\/es\/planning-an-event-in-nyc\/#primaryimage"},"image":{"@id":"https:\/\/welcome-to-times-square.com\/es\/planning-an-event-in-nyc\/#primaryimage"},"thumbnailUrl":"https:\/\/welcome-to-times-square.com\/wp-content\/uploads\/2022\/05\/Planning-an-event-in-NYC-1024x538.jpg","datePublished":"2022-05-10T20:25:09+00:00","dateModified":"2025-01-17T11:00:51+00:00","breadcrumb":{"@id":"https:\/\/welcome-to-times-square.com\/es\/planning-an-event-in-nyc\/#breadcrumb"},"inLanguage":"es","potentialAction":[{"@type":"ReadAction","target":["https:\/\/welcome-to-times-square.com\/es\/planning-an-event-in-nyc\/"]}]},{"@type":"ImageObject","inLanguage":"es","@id":"https:\/\/welcome-to-times-square.com\/es\/planning-an-event-in-nyc\/#primaryimage","url":"https:\/\/welcome-to-times-square.com\/wp-content\/uploads\/2022\/05\/Planning-an-event-in-NYC-1024x538.jpg","contentUrl":"https:\/\/welcome-to-times-square.com\/wp-content\/uploads\/2022\/05\/Planning-an-event-in-NYC-1024x538.jpg"},{"@type":"BreadcrumbList","@id":"https:\/\/welcome-to-times-square.com\/es\/planning-an-event-in-nyc\/#breadcrumb","itemListElement":[{"@type":"ListItem","position":1,"name":"Home","item":"https:\/\/welcome-to-times-square.com\/es\/"},{"@type":"ListItem","position":2,"name":"Planificaci\u00f3n de un evento en Nueva York"}]},{"@type":"WebSite","@id":"https:\/\/welcome-to-times-square.com\/es\/#website","url":"https:\/\/welcome-to-times-square.com\/es\/","name":"times-square","description":"times-square","publisher":{"@id":"https:\/\/welcome-to-times-square.com\/es\/#organization"},"potentialAction":[{"@type":"SearchAction","target":{"@type":"EntryPoint","urlTemplate":"https:\/\/welcome-to-times-square.com\/es\/?s={search_term_string}"},"query-input":{"@type":"PropertyValueSpecification","valueRequired":true,"valueName":"search_term_string"}}],"inLanguage":"es"},{"@type":"Organization","@id":"https:\/\/welcome-to-times-square.com\/es\/#organization","name":"times-square","url":"https:\/\/welcome-to-times-square.com\/es\/","logo":{"@type":"ImageObject","inLanguage":"es","@id":"https:\/\/welcome-to-times-square.com\/es\/#\/schema\/logo\/image\/","url":"https:\/\/welcome-to-times-square.com\/wp-content\/uploads\/2024\/03\/welcome-to-time-square-logo-with-r.png","contentUrl":"https:\/\/welcome-to-times-square.com\/wp-content\/uploads\/2024\/03\/welcome-to-time-square-logo-with-r.png","width":500,"height":342,"caption":"times-square"},"image":{"@id":"https:\/\/welcome-to-times-square.com\/es\/#\/schema\/logo\/image\/"}}]}},"_hostinger_reach_plugin_has_subscription_block":false,"_hostinger_reach_plugin_is_elementor":false,"_links":{"self":[{"href":"https:\/\/welcome-to-times-square.com\/es\/wp-json\/wp\/v2\/pages\/8953","targetHints":{"allow":["GET"]}}],"collection":[{"href":"https:\/\/welcome-to-times-square.com\/es\/wp-json\/wp\/v2\/pages"}],"about":[{"href":"https:\/\/welcome-to-times-square.com\/es\/wp-json\/wp\/v2\/types\/page"}],"author":[{"embeddable":true,"href":"https:\/\/welcome-to-times-square.com\/es\/wp-json\/wp\/v2\/users\/53"}],"replies":[{"embeddable":true,"href":"https:\/\/welcome-to-times-square.com\/es\/wp-json\/wp\/v2\/comments?post=8953"}],"version-history":[{"count":2,"href":"https:\/\/welcome-to-times-square.com\/es\/wp-json\/wp\/v2\/pages\/8953\/revisions"}],"predecessor-version":[{"id":8993,"href":"https:\/\/welcome-to-times-square.com\/es\/wp-json\/wp\/v2\/pages\/8953\/revisions\/8993"}],"wp:attachment":[{"href":"https:\/\/welcome-to-times-square.com\/es\/wp-json\/wp\/v2\/media?parent=8953"}],"curies":[{"name":"wp","href":"https:\/\/api.w.org\/{rel}","templated":true}]}}