{"id":8958,"date":"2022-04-27T19:06:40","date_gmt":"2022-04-27T19:06:40","guid":{"rendered":"https:\/\/welcome-to-times-square.com\/visitortips\/"},"modified":"2025-01-17T10:32:11","modified_gmt":"2025-01-17T10:32:11","slug":"visitortips","status":"publish","type":"page","link":"https:\/\/welcome-to-times-square.com\/es\/visitortips\/","title":{"rendered":"Consejos para visitantes"},"content":{"rendered":"\t\t<div data-elementor-type=\"wp-page\" data-elementor-id=\"8958\" class=\"elementor elementor-8958 elementor-2829\" data-elementor-post-type=\"page\">\n\t\t\t\t<div class=\"elementor-element elementor-element-a7e514d e-flex e-con-boxed e-con e-parent\" data-id=\"a7e514d\" data-element_type=\"container\" data-e-type=\"container\" data-settings=\"{&quot;background_background&quot;:&quot;classic&quot;}\">\n\t\t\t\t\t<div class=\"e-con-inner\">\n\t\t\t\t<div class=\"elementor-element elementor-element-bbaf489 elementor-widget elementor-widget-heading\" data-id=\"bbaf489\" data-element_type=\"widget\" data-e-type=\"widget\" data-widget_type=\"heading.default\">\n\t\t\t\t<div class=\"elementor-widget-container\">\n\t\t\t\t\t<h2 class=\"elementor-heading-title elementor-size-default\">Consejos para visitantes<\/h2>\t\t\t\t<\/div>\n\t\t\t\t<\/div>\n\t\t\t\t<div class=\"elementor-element elementor-element-98dd7f0 elementor-widget-divider--view-line elementor-widget elementor-widget-divider\" data-id=\"98dd7f0\" data-element_type=\"widget\" data-e-type=\"widget\" data-widget_type=\"divider.default\">\n\t\t\t\t<div class=\"elementor-widget-container\">\n\t\t\t\t\t\t\t<div class=\"elementor-divider\">\n\t\t\t<span class=\"elementor-divider-separator\">\n\t\t\t\t\t\t<\/span>\n\t\t<\/div>\n\t\t\t\t\t\t<\/div>\n\t\t\t\t<\/div>\n\t\t\t\t<div class=\"elementor-element elementor-element-2b82bc1 elementor-widget elementor-widget-text-editor\" data-id=\"2b82bc1\" data-element_type=\"widget\" data-e-type=\"widget\" data-widget_type=\"text-editor.default\">\n\t\t\t\t<div class=\"elementor-widget-container\">\n\t\t\t\t\t\t\t\t\t<div class=\"vc_row wpb_row vc_row-fluid vc_custom_1651092060602 vc_row-has-fill\">\n<div class=\"wpb_column vc_column_container vc_col-sm-12\">\n<div class=\"vc_column-inner\">\n<div class=\"wpb_wrapper\">\n<div class=\"vc_tta-container\" data-vc-action=\"collapse\">\n<div class=\"vc_general vc_tta vc_tta-tabs vc_tta-color-grey vc_tta-style-modern vc_tta-shape-rounded vc_tta-spacing-1 vc_tta-tabs-position-top vc_tta-controls-align-left vc_custom_1651098040467\">\n<div class=\"vc_tta-panels-container\">\n<div class=\"vc_tta-panels\">\n<div id=\"1651091635865-054572bc-1eb7\" class=\"vc_tta-panel vc_active\" data-vc-content=\".vc_tta-panel-body\">\n<div class=\"vc_tta-panel-body\">\n<div class=\"wpb_text_column wpb_content_element \">\n<div class=\"wpb_wrapper\">\n<p>Los mejores consejos para visitar la ciudad de Nueva York recomiendan explorar el Bronx como un neoyorquino y su amplia variedad de atracciones que ofrece este destino.<\/p>\n<p>En el norte de Manhattan, el Bronx lo tiene todo para ofrecer, desde el Zool\u00f3gico del Bronx hasta el famoso Yankee Stadium. T\u00f3mese un tiempo para pasear por el Grand Concourse o s\u00fabase a un ferry desde Manhattan hasta un id\u00edlico lugar frente al mar llamado Clason Point. All\u00ed puede explorar barrios vibrantes y hermosos como Riverdale, donde los turistas pueden disfrutar de una famosa cerveza Guinness en An Beal Bocht, un aut\u00e9ntico pub irland\u00e9s; Arthur Avenue, la primera Little Italy de la ciudad; y Mott Haven, donde The Lit. Bar es una parada obligada para los amantes de los libros, y Chocobar Cortes es una visita obligada para los fan\u00e1ticos del chocolate.   <\/p>\n<p>El Bronx es uno de los lugares m\u00e1s famosos por el Yankee Stadium, el Zool\u00f3gico del Bronx, el Jard\u00edn Bot\u00e1nico de Nueva York y por ser la cuna del hip hop, pero tambi\u00e9n cabe destacar que tiene muchas experiencias locales aut\u00e9nticas y \u00fanicas para disfrutar y explorar. Desde las ubicaciones frente al mar como City Island y Orchard Beach, hasta Arthur Avenue y Little Italy, los murales y restaurantes de River Avenue y 161st Street, que bordean el Yankee Stadium, los parques y jardines en expansi\u00f3n y el disfrute de la extraordinaria cocina \u00e9tnica en todo el distrito, el Bronx se destaca como un destino extraordinario para experimentar Nueva York como un neoyorquino.  <\/p>\n<p>Una opci\u00f3n \u00fanica y encantadora para alojarse en el Bronx es el maravilloso hotel boutique Opera House, ubicado en un teatro hist\u00f3rico renovado que alguna vez alberg\u00f3 a leyendas del entretenimiento como Harry Houdini y los Hermanos Marx. El hotel cuenta con 60 habitaciones, gimnasio, desayuno incluido, servicio de conserjer\u00eda y est\u00e1 ubicado cerca de dos estaciones de metro: 149th Street-Grand Concourse y Third Avenue-149th Street. <\/p>\n<p>El Bronx es un lugar cargado de historia, donde George Washington se aloj\u00f3 en el siglo XVIII, el poeta Edgar Allan Poe vivi\u00f3 en el siglo XIX y aqu\u00ed naci\u00f3 la m\u00fasica hip-hop en el siglo XX. El distrito tambi\u00e9n cuenta con 7.000 acres de zonas verdes (alrededor del 25 por ciento de su superficie total), desde jardines majestuosos como Wave Hill y el Jard\u00edn Bot\u00e1nico de Nueva York hasta el parque Van Cortlandt, famoso por su fondo, un gran lugar para recibir consejos de los visitantes. <\/p>\n<p>Otro consejo para los visitantes es que el Bronx tambi\u00e9n cuenta con numerosos restaurantes, muchos de ellos acogedores establecimientos familiares que ofrecen aut\u00e9ntica cocina de todo el mundo, ya sea un men\u00fa colombiano, en La Masa; comida mexicana, en Taquer\u00eda Tlaxcalli o comida italiana en Arthur Avenue. El logo rojo y blanco de Michelin se puede encontrar en la puerta de SUYO Gastrofusion, un espacio elegante y sofisticado donde el men\u00fa latino-asi\u00e1tico incluye empanadas de pollo tailandesas y panko ripe. El Bronx tambi\u00e9n se ha convertido en un destino de comida de \u00c1frica occidental, gracias a vibrantes comunidades de inmigrantes como Little Ghana. Adem\u00e1s, aprovecha para probar la cocina ghanesa en Papaye, las especialidades togolesas en Bognan International y no dejes de visitar Grin para probar comida de Costa de Marfil.   <\/p>\n<p>Childable los consejos del visitante de Broadway, donde podr\u00e1 asistir a ver el espect\u00e1culo de El Rey Le\u00f3n es una aclamada adaptaci\u00f3n teatral de la cl\u00e1sica pel\u00edcula de Disney de 1994 y del libro de Roger Allers e Irene Mecchi, que da vida a la historia de Simba, el pr\u00edncipe de los leones africanos, que lucha contra su malvado t\u00edo Scar por el trono, una vez que este mata a su padre. Pero antes de que Simba pueda tomar su lugar leg\u00edtimo en el Ciclo de la Vida; crece con sus dos amigos amantes de la diversi\u00f3n, Tim\u00f3n y Pumba. Juntos ense\u00f1an a Simba su filosof\u00eda de vida, Hakuna Matata. Otro musical aclamado es El Fantasma de la \u00d3pera es uno de los musicales de Broadway de gran \u00e9xito que ha sido galardonado con 7 Premios Tony, gracias a la maravillosa adaptaci\u00f3n de la popular novela de Gast\u00f3n Leroux.   <\/p>\n<p>Adem\u00e1s, otro de los puntos fuertes de The Mills at Jersey Gardens son m\u00e1s de 200 tiendas bajo un mismo techo a las que se prev\u00e9 a\u00f1adir otras 80, adem\u00e1s de restaurantes y ocio, y que se encuentra cerca del aeropuerto de Newark. \u201cEstar bajo techo\u201d no es algo menor en esta zona ya que en verano hace mucho calor y estar fuera de compras con aire acondicionado es un alivio. Y para el invierno, pasillos con calefacci\u00f3n, ya que el fr\u00edo es muy duro.  <\/p>\n<\/div>\n<\/div>\n<\/div>\n<\/div>\n<\/div>\n<\/div>\n<\/div>\n<\/div>\n<\/div>\n<\/div>\n<\/div>\n<\/div>\n\t\t\t\t\t\t\t\t<\/div>\n\t\t\t\t<\/div>\n\t\t\t\t<div class=\"elementor-element elementor-element-3c0a951 elementor-widget-divider--view-line elementor-widget elementor-widget-divider\" data-id=\"3c0a951\" data-element_type=\"widget\" data-e-type=\"widget\" data-widget_type=\"divider.default\">\n\t\t\t\t<div class=\"elementor-widget-container\">\n\t\t\t\t\t\t\t<div class=\"elementor-divider\">\n\t\t\t<span class=\"elementor-divider-separator\">\n\t\t\t\t\t\t<\/span>\n\t\t<\/div>\n\t\t\t\t\t\t<\/div>\n\t\t\t\t<\/div>\n\t\t\t\t<div class=\"elementor-element elementor-element-732b94c elementor-widget elementor-widget-text-editor\" data-id=\"732b94c\" data-element_type=\"widget\" data-e-type=\"widget\" data-widget_type=\"text-editor.default\">\n\t\t\t\t<div class=\"elementor-widget-container\">\n\t\t\t\t\t\t\t\t\t<p><strong>Para aparecer en nuestro Billboard en Times Square, vaya a nuestra secci\u00f3n CONTACTO.<\/strong><\/p>\n<p>As\u00ed es como funciona:<\/p>\n<p>Ya sea un cumplea\u00f1os, una propuesta de matrimonio, un aniversario o una simple declaraci\u00f3n de amor, lo tenemos cubierto. \u00a1No seas un simple rostro entre la multitud! <br \/>\u00a1Consigue tu foto o v\u00eddeo en nuestra cartelera en Times Square!<\/p>\n<p>Opci\u00f3n 1: Tu video o foto de 60 segundos se mostrar\u00e1 22 veces al d\u00eda.<br \/>Opci\u00f3n 2: Tu video o foto de 30 segundos se mostrar\u00e1 44 veces al d\u00eda.<br \/>Opci\u00f3n 3: Tu video o foto de 15 segundos se mostrar\u00e1 88 veces al d\u00eda.<\/p>\n<p>Nuestro cartel publicitario mide 31 pies por 55 pies y est\u00e1 ubicado en 1560 Broadway (Broadway y 46th Street, justo encima de la tienda Pel\u00e9).<\/p>\n<p>\u00a1No seas una cara entre la multitud!<\/p>\n\t\t\t\t\t\t\t\t<\/div>\n\t\t\t\t<\/div>\n\t\t\t\t<div class=\"elementor-element elementor-element-8fd3fb8 elementor-widget elementor-widget-image\" data-id=\"8fd3fb8\" data-element_type=\"widget\" data-e-type=\"widget\" data-widget_type=\"image.default\">\n\t\t\t\t<div class=\"elementor-widget-container\">\n\t\t\t\t\t\t\t\t\t\t\t\t\t\t\t<img fetchpriority=\"high\" decoding=\"async\" width=\"1024\" height=\"578\" src=\"https:\/\/welcome-to-times-square.com\/wp-content\/uploads\/2022\/04\/visitor-tips-1024x578.png\" class=\"attachment-large size-large wp-image-6191\" alt=\"\" srcset=\"https:\/\/welcome-to-times-square.com\/wp-content\/uploads\/2022\/04\/visitor-tips-1024x578.png 1024w, https:\/\/welcome-to-times-square.com\/wp-content\/uploads\/2022\/04\/visitor-tips-600x339.png 600w, https:\/\/welcome-to-times-square.com\/wp-content\/uploads\/2022\/04\/visitor-tips-300x169.png 300w, https:\/\/welcome-to-times-square.com\/wp-content\/uploads\/2022\/04\/visitor-tips-768x434.png 768w, https:\/\/welcome-to-times-square.com\/wp-content\/uploads\/2022\/04\/visitor-tips-1536x867.png 1536w, https:\/\/welcome-to-times-square.com\/wp-content\/uploads\/2022\/04\/visitor-tips-2048x1156.png 2048w\" sizes=\"(max-width: 1024px) 100vw, 1024px\" \/>\t\t\t\t\t\t\t\t\t\t\t\t\t\t\t<\/div>\n\t\t\t\t<\/div>\n\t\t\t\t\t<\/div>\n\t\t\t\t<\/div>\n\t\t\t\t<\/div>\n\t\t","protected":false},"excerpt":{"rendered":"Consejos para visitantes Los mejores consejos para visitar la ciudad de Nueva York recomiendan explorar el Bronx como un neoyorquino y su amplia variedad de atracciones que ofrece este destino. En el norte de Manhattan, el Bronx lo tiene todo para ofrecer, desde el Zool\u00f3gico del Bronx hasta el famoso Yankee Stadium. T\u00f3mese un tiempo [...]<a href=\"https:\/\/welcome-to-times-square.com\/es\/visitortips\/\" class=\"read-more wyz-secondary-color-text\">read more<span class=\"screen-reader-text\">Consejos para visitantes<\/span><\/a>","protected":false},"author":53,"featured_media":0,"parent":0,"menu_order":0,"comment_status":"closed","ping_status":"closed","template":"elementor_header_footer","meta":{"footnotes":""},"class_list":["post-8958","page","type-page","status-publish","hentry"],"yoast_head":"<!-- This site is optimized with the Yoast SEO plugin v27.2 - https:\/\/yoast.com\/product\/yoast-seo-wordpress\/ -->\n<title>Consejos para visitantes - times-square<\/title>\n<meta name=\"robots\" content=\"index, follow, max-snippet:-1, max-image-preview:large, max-video-preview:-1\" \/>\n<link rel=\"canonical\" href=\"https:\/\/welcome-to-times-square.com\/es\/visitortips\/\" \/>\n<meta property=\"og:locale\" content=\"es_ES\" \/>\n<meta property=\"og:type\" content=\"article\" \/>\n<meta property=\"og:title\" content=\"Consejos para visitantes - times-square\" \/>\n<meta property=\"og:description\" content=\"Consejos para visitantes Los mejores consejos para visitar la ciudad de Nueva York recomiendan explorar el Bronx como un neoyorquino y su amplia variedad de atracciones que ofrece este destino. En el norte de Manhattan, el Bronx lo tiene todo para ofrecer, desde el Zool\u00f3gico del Bronx hasta el famoso Yankee Stadium. T\u00f3mese un tiempo [...]read moreConsejos para visitantes\" \/>\n<meta property=\"og:url\" content=\"https:\/\/welcome-to-times-square.com\/es\/visitortips\/\" \/>\n<meta property=\"og:site_name\" content=\"times-square\" \/>\n<meta property=\"article:modified_time\" content=\"2025-01-17T10:32:11+00:00\" \/>\n<meta property=\"og:image\" content=\"https:\/\/welcome-to-times-square.com\/wp-content\/uploads\/2022\/04\/visitor-tips-1024x578.png\" \/>\n\t<meta property=\"og:image:width\" content=\"1024\" \/>\n\t<meta property=\"og:image:height\" content=\"578\" \/>\n\t<meta property=\"og:image:type\" content=\"image\/png\" \/>\n<meta name=\"twitter:card\" content=\"summary_large_image\" \/>\n<meta name=\"twitter:label1\" content=\"Tiempo de lectura\" \/>\n\t<meta name=\"twitter:data1\" content=\"4 minutos\" \/>\n<script type=\"application\/ld+json\" class=\"yoast-schema-graph\">{\"@context\":\"https:\/\/schema.org\",\"@graph\":[{\"@type\":\"WebPage\",\"@id\":\"https:\/\/welcome-to-times-square.com\/es\/visitortips\/\",\"url\":\"https:\/\/welcome-to-times-square.com\/es\/visitortips\/\",\"name\":\"Consejos para visitantes - times-square\",\"isPartOf\":{\"@id\":\"https:\/\/welcome-to-times-square.com\/es\/#website\"},\"primaryImageOfPage\":{\"@id\":\"https:\/\/welcome-to-times-square.com\/es\/visitortips\/#primaryimage\"},\"image\":{\"@id\":\"https:\/\/welcome-to-times-square.com\/es\/visitortips\/#primaryimage\"},\"thumbnailUrl\":\"https:\/\/welcome-to-times-square.com\/wp-content\/uploads\/2022\/04\/visitor-tips-1024x578.png\",\"datePublished\":\"2022-04-27T19:06:40+00:00\",\"dateModified\":\"2025-01-17T10:32:11+00:00\",\"breadcrumb\":{\"@id\":\"https:\/\/welcome-to-times-square.com\/es\/visitortips\/#breadcrumb\"},\"inLanguage\":\"es\",\"potentialAction\":[{\"@type\":\"ReadAction\",\"target\":[\"https:\/\/welcome-to-times-square.com\/es\/visitortips\/\"]}]},{\"@type\":\"ImageObject\",\"inLanguage\":\"es\",\"@id\":\"https:\/\/welcome-to-times-square.com\/es\/visitortips\/#primaryimage\",\"url\":\"https:\/\/welcome-to-times-square.com\/wp-content\/uploads\/2022\/04\/visitor-tips-1024x578.png\",\"contentUrl\":\"https:\/\/welcome-to-times-square.com\/wp-content\/uploads\/2022\/04\/visitor-tips-1024x578.png\"},{\"@type\":\"BreadcrumbList\",\"@id\":\"https:\/\/welcome-to-times-square.com\/es\/visitortips\/#breadcrumb\",\"itemListElement\":[{\"@type\":\"ListItem\",\"position\":1,\"name\":\"Home\",\"item\":\"https:\/\/welcome-to-times-square.com\/es\/\"},{\"@type\":\"ListItem\",\"position\":2,\"name\":\"Consejos para visitantes\"}]},{\"@type\":\"WebSite\",\"@id\":\"https:\/\/welcome-to-times-square.com\/es\/#website\",\"url\":\"https:\/\/welcome-to-times-square.com\/es\/\",\"name\":\"times-square\",\"description\":\"times-square\",\"publisher\":{\"@id\":\"https:\/\/welcome-to-times-square.com\/es\/#organization\"},\"potentialAction\":[{\"@type\":\"SearchAction\",\"target\":{\"@type\":\"EntryPoint\",\"urlTemplate\":\"https:\/\/welcome-to-times-square.com\/es\/?s={search_term_string}\"},\"query-input\":{\"@type\":\"PropertyValueSpecification\",\"valueRequired\":true,\"valueName\":\"search_term_string\"}}],\"inLanguage\":\"es\"},{\"@type\":\"Organization\",\"@id\":\"https:\/\/welcome-to-times-square.com\/es\/#organization\",\"name\":\"times-square\",\"url\":\"https:\/\/welcome-to-times-square.com\/es\/\",\"logo\":{\"@type\":\"ImageObject\",\"inLanguage\":\"es\",\"@id\":\"https:\/\/welcome-to-times-square.com\/es\/#\/schema\/logo\/image\/\",\"url\":\"https:\/\/welcome-to-times-square.com\/wp-content\/uploads\/2024\/03\/welcome-to-time-square-logo-with-r.png\",\"contentUrl\":\"https:\/\/welcome-to-times-square.com\/wp-content\/uploads\/2024\/03\/welcome-to-time-square-logo-with-r.png\",\"width\":500,\"height\":342,\"caption\":\"times-square\"},\"image\":{\"@id\":\"https:\/\/welcome-to-times-square.com\/es\/#\/schema\/logo\/image\/\"}}]}<\/script>\n<!-- \/ Yoast SEO plugin. -->","yoast_head_json":{"title":"Consejos para visitantes - times-square","robots":{"index":"index","follow":"follow","max-snippet":"max-snippet:-1","max-image-preview":"max-image-preview:large","max-video-preview":"max-video-preview:-1"},"canonical":"https:\/\/welcome-to-times-square.com\/es\/visitortips\/","og_locale":"es_ES","og_type":"article","og_title":"Consejos para visitantes - times-square","og_description":"Consejos para visitantes Los mejores consejos para visitar la ciudad de Nueva York recomiendan explorar el Bronx como un neoyorquino y su amplia variedad de atracciones que ofrece este destino. En el norte de Manhattan, el Bronx lo tiene todo para ofrecer, desde el Zool\u00f3gico del Bronx hasta el famoso Yankee Stadium. T\u00f3mese un tiempo [...]read moreConsejos para visitantes","og_url":"https:\/\/welcome-to-times-square.com\/es\/visitortips\/","og_site_name":"times-square","article_modified_time":"2025-01-17T10:32:11+00:00","og_image":[{"width":1024,"height":578,"url":"https:\/\/welcome-to-times-square.com\/wp-content\/uploads\/2022\/04\/visitor-tips-1024x578.png","type":"image\/png"}],"twitter_card":"summary_large_image","twitter_misc":{"Tiempo de lectura":"4 minutos"},"schema":{"@context":"https:\/\/schema.org","@graph":[{"@type":"WebPage","@id":"https:\/\/welcome-to-times-square.com\/es\/visitortips\/","url":"https:\/\/welcome-to-times-square.com\/es\/visitortips\/","name":"Consejos para visitantes - times-square","isPartOf":{"@id":"https:\/\/welcome-to-times-square.com\/es\/#website"},"primaryImageOfPage":{"@id":"https:\/\/welcome-to-times-square.com\/es\/visitortips\/#primaryimage"},"image":{"@id":"https:\/\/welcome-to-times-square.com\/es\/visitortips\/#primaryimage"},"thumbnailUrl":"https:\/\/welcome-to-times-square.com\/wp-content\/uploads\/2022\/04\/visitor-tips-1024x578.png","datePublished":"2022-04-27T19:06:40+00:00","dateModified":"2025-01-17T10:32:11+00:00","breadcrumb":{"@id":"https:\/\/welcome-to-times-square.com\/es\/visitortips\/#breadcrumb"},"inLanguage":"es","potentialAction":[{"@type":"ReadAction","target":["https:\/\/welcome-to-times-square.com\/es\/visitortips\/"]}]},{"@type":"ImageObject","inLanguage":"es","@id":"https:\/\/welcome-to-times-square.com\/es\/visitortips\/#primaryimage","url":"https:\/\/welcome-to-times-square.com\/wp-content\/uploads\/2022\/04\/visitor-tips-1024x578.png","contentUrl":"https:\/\/welcome-to-times-square.com\/wp-content\/uploads\/2022\/04\/visitor-tips-1024x578.png"},{"@type":"BreadcrumbList","@id":"https:\/\/welcome-to-times-square.com\/es\/visitortips\/#breadcrumb","itemListElement":[{"@type":"ListItem","position":1,"name":"Home","item":"https:\/\/welcome-to-times-square.com\/es\/"},{"@type":"ListItem","position":2,"name":"Consejos para visitantes"}]},{"@type":"WebSite","@id":"https:\/\/welcome-to-times-square.com\/es\/#website","url":"https:\/\/welcome-to-times-square.com\/es\/","name":"times-square","description":"times-square","publisher":{"@id":"https:\/\/welcome-to-times-square.com\/es\/#organization"},"potentialAction":[{"@type":"SearchAction","target":{"@type":"EntryPoint","urlTemplate":"https:\/\/welcome-to-times-square.com\/es\/?s={search_term_string}"},"query-input":{"@type":"PropertyValueSpecification","valueRequired":true,"valueName":"search_term_string"}}],"inLanguage":"es"},{"@type":"Organization","@id":"https:\/\/welcome-to-times-square.com\/es\/#organization","name":"times-square","url":"https:\/\/welcome-to-times-square.com\/es\/","logo":{"@type":"ImageObject","inLanguage":"es","@id":"https:\/\/welcome-to-times-square.com\/es\/#\/schema\/logo\/image\/","url":"https:\/\/welcome-to-times-square.com\/wp-content\/uploads\/2024\/03\/welcome-to-time-square-logo-with-r.png","contentUrl":"https:\/\/welcome-to-times-square.com\/wp-content\/uploads\/2024\/03\/welcome-to-time-square-logo-with-r.png","width":500,"height":342,"caption":"times-square"},"image":{"@id":"https:\/\/welcome-to-times-square.com\/es\/#\/schema\/logo\/image\/"}}]}},"_hostinger_reach_plugin_has_subscription_block":false,"_hostinger_reach_plugin_is_elementor":false,"_links":{"self":[{"href":"https:\/\/welcome-to-times-square.com\/es\/wp-json\/wp\/v2\/pages\/8958","targetHints":{"allow":["GET"]}}],"collection":[{"href":"https:\/\/welcome-to-times-square.com\/es\/wp-json\/wp\/v2\/pages"}],"about":[{"href":"https:\/\/welcome-to-times-square.com\/es\/wp-json\/wp\/v2\/types\/page"}],"author":[{"embeddable":true,"href":"https:\/\/welcome-to-times-square.com\/es\/wp-json\/wp\/v2\/users\/53"}],"replies":[{"embeddable":true,"href":"https:\/\/welcome-to-times-square.com\/es\/wp-json\/wp\/v2\/comments?post=8958"}],"version-history":[{"count":2,"href":"https:\/\/welcome-to-times-square.com\/es\/wp-json\/wp\/v2\/pages\/8958\/revisions"}],"predecessor-version":[{"id":8972,"href":"https:\/\/welcome-to-times-square.com\/es\/wp-json\/wp\/v2\/pages\/8958\/revisions\/8972"}],"wp:attachment":[{"href":"https:\/\/welcome-to-times-square.com\/es\/wp-json\/wp\/v2\/media?parent=8958"}],"curies":[{"name":"wp","href":"https:\/\/api.w.org\/{rel}","templated":true}]}}