{"id":8977,"date":"2022-04-27T19:05:53","date_gmt":"2022-04-27T19:05:53","guid":{"rendered":"https:\/\/welcome-to-times-square.com\/visitorfaq\/"},"modified":"2025-01-17T10:59:52","modified_gmt":"2025-01-17T10:59:52","slug":"visitorfaq","status":"publish","type":"page","link":"https:\/\/welcome-to-times-square.com\/es\/visitorfaq\/","title":{"rendered":"Preguntas frecuentes de los visitantes"},"content":{"rendered":"\t\t<div data-elementor-type=\"wp-page\" data-elementor-id=\"8977\" class=\"elementor elementor-8977 elementor-2830\" data-elementor-post-type=\"page\">\n\t\t\t\t<div class=\"elementor-element elementor-element-9b40b4e e-flex e-con-boxed e-con e-parent\" data-id=\"9b40b4e\" data-element_type=\"container\" data-e-type=\"container\" data-settings=\"{&quot;background_background&quot;:&quot;classic&quot;}\">\n\t\t\t\t\t<div class=\"e-con-inner\">\n\t\t\t\t<div class=\"elementor-element elementor-element-a75fb83 elementor-widget elementor-widget-heading\" data-id=\"a75fb83\" data-element_type=\"widget\" data-e-type=\"widget\" data-widget_type=\"heading.default\">\n\t\t\t\t<div class=\"elementor-widget-container\">\n\t\t\t\t\t<h2 class=\"elementor-heading-title elementor-size-default\">Preguntas frecuentes de los visitantes<\/h2>\t\t\t\t<\/div>\n\t\t\t\t<\/div>\n\t\t\t\t<div class=\"elementor-element elementor-element-1e178c4 elementor-widget-divider--view-line elementor-widget elementor-widget-divider\" data-id=\"1e178c4\" data-element_type=\"widget\" data-e-type=\"widget\" data-widget_type=\"divider.default\">\n\t\t\t\t<div class=\"elementor-widget-container\">\n\t\t\t\t\t\t\t<div class=\"elementor-divider\">\n\t\t\t<span class=\"elementor-divider-separator\">\n\t\t\t\t\t\t<\/span>\n\t\t<\/div>\n\t\t\t\t\t\t<\/div>\n\t\t\t\t<\/div>\n\t\t\t\t<div class=\"elementor-element elementor-element-a0ad9c3 elementor-widget elementor-widget-text-editor\" data-id=\"a0ad9c3\" data-element_type=\"widget\" data-e-type=\"widget\" data-widget_type=\"text-editor.default\">\n\t\t\t\t<div class=\"elementor-widget-container\">\n\t\t\t\t\t\t\t\t\t<div class=\"vc_row wpb_row vc_row-fluid vc_custom_1651092795173 vc_row-has-fill\">\n<div class=\"wpb_column vc_column_container vc_col-sm-12\">\n<div class=\"vc_column-inner\">\n<div class=\"wpb_wrapper\">\n<div class=\"vc_tta-container\" data-vc-action=\"collapse\">\n<div class=\"vc_general vc_tta vc_tta-tabs vc_tta-color-grey vc_tta-style-classic vc_tta-shape-rounded vc_tta-spacing-1 vc_tta-tabs-position-top vc_tta-controls-align-left vc_custom_1651098037020\">\n<div class=\"vc_tta-panels-container\">\n<div class=\"vc_tta-panels\">\n<div id=\"1651092594463-356d3df9-d74a\" class=\"vc_tta-panel vc_active\" data-vc-content=\".vc_tta-panel-body\">\n<div class=\"vc_tta-panel-body\">\n<div class=\"wpb_text_column wpb_content_element \">\n<div class=\"wpb_wrapper\">\n<p>Para los ciudadanos y turistas es importante tener todas las preguntas frecuentes de los visitantes para optimizar los tiempos de viaje en Nueva York. No hay mejor herramienta que el conocimiento y aqu\u00ed te ofrecemos las diferentes actividades para hacer de Nueva York una experiencia inolvidable, adem\u00e1s de Times Square. <\/p>\n<p>Quinta Avenida: Tambi\u00e9n llamada la Avenida de los Millonarios por sus exorbitantes valores, es una de las calles comerciales m\u00e1s importantes de Nueva York y donde se ubican las tiendas de las marcas m\u00e1s famosas. La zona comercial m\u00e1s visitada es la m\u00e1s cercana a Central Park. <\/p>\n<p>La tienda m\u00e1s concurrida suele ser la de Apple, conocida por su dise\u00f1o y por ofrecer ordenadores con conexi\u00f3n a internet gratuita, algo muy de agradecer por los turistas.<\/p>\n<p>Otra zona comercial importante es la que va desde Washington Square hasta el Flatiron Building, el primer rascacielos de Nueva York.<\/p>\n<p>El centro neur\u00e1lgico de la zona es la plaza, que se encuentra en la intersecci\u00f3n de Broadway y la 7\u00aa Avenida, en Midtown Manhattan. All\u00ed se encuentran las famosas escaleras rojas, los carteles luminosos, las megatiendas de muchas cadenas, etc. A pesar de lo que indica su nombre, no se trata de una plaza al uso, ya que la avenida Broadway cruza la zona en diagonal, por lo que Times Square est\u00e1 formada por dos cuadrados triangulares.  <\/p>\n<p>Otra de las atracciones tur\u00edsticas m\u00e1s famosas es la conocida plaza neoyorquina, que es uno de los atractivos m\u00e1s deslumbrantes para los turistas y uno de los m\u00e1s visitados del mundo. Luces, sonidos y vallas publicitarias. Cualquiera que la visite puede encontrarse con artistas famosos de diferentes pa\u00edses del mundo. Lo m\u00e1s importante en este centro tur\u00edstico es estar atento a todo lo que sucede a tu alrededor y no perderte ning\u00fan detalle. Odiada y querida a partes iguales, por ella pasan a diario miles de personas -y personajes- de lo m\u00e1s variopintos. Ubicada en el centro de Manhattan, no deja indiferente a nadie.     <\/p>\n<p>Un gran lugar de inter\u00e9s para los visitantes es la Estatua de la Libertad, all\u00ed te subes a un crucero y navegas por las aguas del r\u00edo Hudson hasta los pies de la Estatua, esta es una experiencia inigualable. Con un gu\u00eda tur\u00edstico hist\u00f3rico, llegar\u00e1s a la Isla de la Libertad para ver de cerca esta obra maestra de la ingenier\u00eda, este s\u00edmbolo de lo que representa Estados Unidos. <\/p>\n<p>Otra de las preguntas m\u00e1s frecuentes de los visitantes es el paseo en helic\u00f3ptero, ver Manhattan desde arriba resiste cualquier tipo de cr\u00edtica o descripci\u00f3n. Los principales atractivos de una ciudad se pueden ver desde un punto de vista \u00fanico. <\/p>\n<p>Misa Gospel, una gran faq para los visitantes, all\u00ed vivir\u00e1s una de las experiencias sensoriales de asistir a una misa en Harlem, es algo \u00fanico que no se vive en otra parte del mundo. Particular de esta zona de Nueva York, la cultura de todo un barrio se desarrolla en estas peque\u00f1as estructuras religiosas. <\/p>\n<p>Unos a\u00f1os despu\u00e9s de la apertura del One World Observatory, el horizonte de la ciudad recibi\u00f3 a Edge at Hudson Yards en 2020, que tambi\u00e9n present\u00f3 recientemente una nueva e impresionante forma de ver el horizonte con City Climb, la aventura de rascacielos para aquellos que buscan disfrutar de una vista desde 365 metros sobre el suelo.<\/p>\n<p>El oto\u00f1o pasado, Summit One Vanderbilt inaugur\u00f3 el quinto observatorio. Adem\u00e1s, debut\u00f3 una nueva atracci\u00f3n virtual que ofrece una vista \u00fanica: RiseNY, una experiencia inmersiva e interactiva que brinda a los visitantes la oportunidad de ver la ciudad virtualmente mientras est\u00e1n suspendidos a 9 metros en el aire. <\/p>\n<p>El 6 de abril, el Museo Whitney celebr\u00f3 su 80.\u00aa Bienal Whitney, Quiet as It\u2019s Kept, que cont\u00f3 con una variedad de artistas intergeneracionales que exhibieron una constelaci\u00f3n de arte e ideas que est\u00e1n presentes en la actualidad.<\/p>\n<p>Una pregunta muy importante para los visitantes es Makina Caf\u00e9, el primer restaurante m\u00f3vil et\u00edope-eritreo de la ciudad, un restaurante de servicio completo en Sunnyside, Queens. Eisenberg\u2019s Sandwich Shop, un local de s\u00e1ndwiches de Manhattan con 91 a\u00f1os de antig\u00fcedad, volver\u00e1 a abrir con un nuevo nombre, S&amp;P. <\/p>\n<p>Por otro lado, la aclamada Clinton Hall abri\u00f3 su sexta cervecer\u00eda en Empire Outlets. Ofrece una s\u00f3lida selecci\u00f3n de cerveza artesanal, vino, c\u00f3cteles y gastronom\u00eda. <\/p>\n<p>Otra de las preguntas frecuentes de los visitantes es \u2018Le Pavillon\u2019, un espacio impresionante, creado por el chef Daniel Boulud, con un servicio amable e impecable, mariscos de calidad y una gran variedad de platos de verduras. Durante la pandemia, Boulud tambi\u00e9n renov\u00f3 ampliamente su querido restaurante \u2018Daniel\u2019. <\/p>\n<p>Preguntas frecuentes de los visitantes, hay muchos hoteles que tienen m\u00e1s historia en Nueva York, en algunos de estos lugares pasaron figuras como Marilyn Monroe, JFK, Sid Vicious o Bob Dylan.<\/p>\n<p>El hotel Plaza entrar\u00eda quiz\u00e1s en la categor\u00eda de los hoteles m\u00e1s emblem\u00e1ticos de Midtown New York. Ofrecen camas king size con vistas a Central Park y a la tienda Apple m\u00e1s famosa del mundo. Son innumerables las leyendas que rodean a este hotel desde que fuera inaugurado en 1907 siguiendo el dise\u00f1o de Henry Janeway Hardenbergh, un cl\u00e1sico de la ciudad que tambi\u00e9n dise\u00f1\u00f3 el Waldorf Astoria o el Dakota. Pero decir que Con la muerte pis\u00e1ndole los talones a Hitchcock empieza en el hall del hotel ya hay motivos suficientes para intentar sacar la cabeza y hacer un par de fotos.   <\/p>\n<\/div>\n<\/div>\n<\/div>\n<\/div>\n<\/div>\n<\/div>\n<\/div>\n<\/div>\n<\/div>\n<\/div>\n<\/div>\n<\/div>\n\t\t\t\t\t\t\t\t<\/div>\n\t\t\t\t<\/div>\n\t\t\t\t<div class=\"elementor-element elementor-element-8c36d66 elementor-widget-divider--view-line elementor-widget elementor-widget-divider\" data-id=\"8c36d66\" data-element_type=\"widget\" data-e-type=\"widget\" data-widget_type=\"divider.default\">\n\t\t\t\t<div class=\"elementor-widget-container\">\n\t\t\t\t\t\t\t<div class=\"elementor-divider\">\n\t\t\t<span class=\"elementor-divider-separator\">\n\t\t\t\t\t\t<\/span>\n\t\t<\/div>\n\t\t\t\t\t\t<\/div>\n\t\t\t\t<\/div>\n\t\t\t\t<div class=\"elementor-element elementor-element-9884656 elementor-widget elementor-widget-text-editor\" data-id=\"9884656\" data-element_type=\"widget\" data-e-type=\"widget\" data-widget_type=\"text-editor.default\">\n\t\t\t\t<div class=\"elementor-widget-container\">\n\t\t\t\t\t\t\t\t\t<p><strong>Para aparecer en nuestro Billboard en Times Square, vaya a nuestra secci\u00f3n CONTACTO.<\/strong><\/p>\n<p>As\u00ed es como funciona:<\/p>\n<p>Ya sea un cumplea\u00f1os, una propuesta de matrimonio, un aniversario o una simple declaraci\u00f3n de amor, lo tenemos cubierto. \u00a1No seas un simple rostro entre la multitud! <br \/>\u00a1Consigue tu foto o v\u00eddeo en nuestra cartelera en Times Square!<\/p>\n<p>Opci\u00f3n 1: Tu video o foto de 60 segundos se mostrar\u00e1 22 veces al d\u00eda.<br \/>Opci\u00f3n 2: Tu video o foto de 30 segundos se mostrar\u00e1 44 veces al d\u00eda.<br \/>Opci\u00f3n 3: Tu video o foto de 15 segundos se mostrar\u00e1 88 veces al d\u00eda.<\/p>\n<p>Nuestro cartel publicitario mide 31 pies por 55 pies y est\u00e1 ubicado en 1560 Broadway (Broadway y 46th Street, justo encima de la tienda Pel\u00e9).<\/p>\n<p>\u00a1No seas una cara entre la multitud!<\/p>\n\t\t\t\t\t\t\t\t<\/div>\n\t\t\t\t<\/div>\n\t\t\t\t<div class=\"elementor-element elementor-element-ab80097 elementor-widget elementor-widget-image\" data-id=\"ab80097\" data-element_type=\"widget\" data-e-type=\"widget\" data-widget_type=\"image.default\">\n\t\t\t\t<div class=\"elementor-widget-container\">\n\t\t\t\t\t\t\t\t\t\t\t\t\t\t\t<img fetchpriority=\"high\" decoding=\"async\" width=\"1024\" height=\"353\" src=\"https:\/\/welcome-to-times-square.com\/wp-content\/uploads\/2022\/04\/visitor-faq-1024x353.png\" class=\"attachment-large size-large wp-image-6196\" alt=\"\" srcset=\"https:\/\/welcome-to-times-square.com\/wp-content\/uploads\/2022\/04\/visitor-faq-1024x353.png 1024w, https:\/\/welcome-to-times-square.com\/wp-content\/uploads\/2022\/04\/visitor-faq-600x207.png 600w, https:\/\/welcome-to-times-square.com\/wp-content\/uploads\/2022\/04\/visitor-faq-300x104.png 300w, https:\/\/welcome-to-times-square.com\/wp-content\/uploads\/2022\/04\/visitor-faq-768x265.png 768w, https:\/\/welcome-to-times-square.com\/wp-content\/uploads\/2022\/04\/visitor-faq-1536x530.png 1536w, https:\/\/welcome-to-times-square.com\/wp-content\/uploads\/2022\/04\/visitor-faq-2048x707.png 2048w\" sizes=\"(max-width: 1024px) 100vw, 1024px\" \/>\t\t\t\t\t\t\t\t\t\t\t\t\t\t\t<\/div>\n\t\t\t\t<\/div>\n\t\t\t\t\t<\/div>\n\t\t\t\t<\/div>\n\t\t\t\t<\/div>\n\t\t","protected":false},"excerpt":{"rendered":"Preguntas frecuentes de los visitantes Para los ciudadanos y turistas es importante tener todas las preguntas frecuentes de los visitantes para optimizar los tiempos de viaje en Nueva York. No hay mejor herramienta que el conocimiento y aqu\u00ed te ofrecemos las diferentes actividades para hacer de Nueva York una experiencia inolvidable, adem\u00e1s de Times Square. [...]<a href=\"https:\/\/welcome-to-times-square.com\/es\/visitorfaq\/\" class=\"read-more wyz-secondary-color-text\">read more<span class=\"screen-reader-text\">Preguntas frecuentes de los visitantes<\/span><\/a>","protected":false},"author":53,"featured_media":0,"parent":0,"menu_order":0,"comment_status":"closed","ping_status":"closed","template":"elementor_header_footer","meta":{"footnotes":""},"class_list":["post-8977","page","type-page","status-publish","hentry"],"yoast_head":"<!-- This site is optimized with the Yoast SEO plugin v27.2 - https:\/\/yoast.com\/product\/yoast-seo-wordpress\/ -->\n<title>Preguntas frecuentes de los visitantes - times-square<\/title>\n<meta name=\"robots\" content=\"index, follow, max-snippet:-1, max-image-preview:large, max-video-preview:-1\" \/>\n<link rel=\"canonical\" href=\"https:\/\/welcome-to-times-square.com\/es\/visitorfaq\/\" \/>\n<meta property=\"og:locale\" content=\"es_ES\" \/>\n<meta property=\"og:type\" content=\"article\" \/>\n<meta property=\"og:title\" content=\"Preguntas frecuentes de los visitantes - times-square\" \/>\n<meta property=\"og:description\" content=\"Preguntas frecuentes de los visitantes Para los ciudadanos y turistas es importante tener todas las preguntas frecuentes de los visitantes para optimizar los tiempos de viaje en Nueva York. No hay mejor herramienta que el conocimiento y aqu\u00ed te ofrecemos las diferentes actividades para hacer de Nueva York una experiencia inolvidable, adem\u00e1s de Times Square. [...]read morePreguntas frecuentes de los visitantes\" \/>\n<meta property=\"og:url\" content=\"https:\/\/welcome-to-times-square.com\/es\/visitorfaq\/\" \/>\n<meta property=\"og:site_name\" content=\"times-square\" \/>\n<meta property=\"article:modified_time\" content=\"2025-01-17T10:59:52+00:00\" \/>\n<meta property=\"og:image\" content=\"https:\/\/welcome-to-times-square.com\/wp-content\/uploads\/2022\/04\/visitor-faq-1024x353.png\" \/>\n\t<meta property=\"og:image:width\" content=\"1024\" \/>\n\t<meta property=\"og:image:height\" content=\"353\" \/>\n\t<meta property=\"og:image:type\" content=\"image\/png\" \/>\n<meta name=\"twitter:card\" content=\"summary_large_image\" \/>\n<meta name=\"twitter:label1\" content=\"Tiempo de lectura\" \/>\n\t<meta name=\"twitter:data1\" content=\"5 minutos\" \/>\n<script type=\"application\/ld+json\" class=\"yoast-schema-graph\">{\"@context\":\"https:\/\/schema.org\",\"@graph\":[{\"@type\":\"WebPage\",\"@id\":\"https:\/\/welcome-to-times-square.com\/es\/visitorfaq\/\",\"url\":\"https:\/\/welcome-to-times-square.com\/es\/visitorfaq\/\",\"name\":\"Preguntas frecuentes de los visitantes - times-square\",\"isPartOf\":{\"@id\":\"https:\/\/welcome-to-times-square.com\/es\/#website\"},\"primaryImageOfPage\":{\"@id\":\"https:\/\/welcome-to-times-square.com\/es\/visitorfaq\/#primaryimage\"},\"image\":{\"@id\":\"https:\/\/welcome-to-times-square.com\/es\/visitorfaq\/#primaryimage\"},\"thumbnailUrl\":\"https:\/\/welcome-to-times-square.com\/wp-content\/uploads\/2022\/04\/visitor-faq-1024x353.png\",\"datePublished\":\"2022-04-27T19:05:53+00:00\",\"dateModified\":\"2025-01-17T10:59:52+00:00\",\"breadcrumb\":{\"@id\":\"https:\/\/welcome-to-times-square.com\/es\/visitorfaq\/#breadcrumb\"},\"inLanguage\":\"es\",\"potentialAction\":[{\"@type\":\"ReadAction\",\"target\":[\"https:\/\/welcome-to-times-square.com\/es\/visitorfaq\/\"]}]},{\"@type\":\"ImageObject\",\"inLanguage\":\"es\",\"@id\":\"https:\/\/welcome-to-times-square.com\/es\/visitorfaq\/#primaryimage\",\"url\":\"https:\/\/welcome-to-times-square.com\/wp-content\/uploads\/2022\/04\/visitor-faq-1024x353.png\",\"contentUrl\":\"https:\/\/welcome-to-times-square.com\/wp-content\/uploads\/2022\/04\/visitor-faq-1024x353.png\"},{\"@type\":\"BreadcrumbList\",\"@id\":\"https:\/\/welcome-to-times-square.com\/es\/visitorfaq\/#breadcrumb\",\"itemListElement\":[{\"@type\":\"ListItem\",\"position\":1,\"name\":\"Home\",\"item\":\"https:\/\/welcome-to-times-square.com\/es\/\"},{\"@type\":\"ListItem\",\"position\":2,\"name\":\"Preguntas frecuentes de los visitantes\"}]},{\"@type\":\"WebSite\",\"@id\":\"https:\/\/welcome-to-times-square.com\/es\/#website\",\"url\":\"https:\/\/welcome-to-times-square.com\/es\/\",\"name\":\"times-square\",\"description\":\"times-square\",\"publisher\":{\"@id\":\"https:\/\/welcome-to-times-square.com\/es\/#organization\"},\"potentialAction\":[{\"@type\":\"SearchAction\",\"target\":{\"@type\":\"EntryPoint\",\"urlTemplate\":\"https:\/\/welcome-to-times-square.com\/es\/?s={search_term_string}\"},\"query-input\":{\"@type\":\"PropertyValueSpecification\",\"valueRequired\":true,\"valueName\":\"search_term_string\"}}],\"inLanguage\":\"es\"},{\"@type\":\"Organization\",\"@id\":\"https:\/\/welcome-to-times-square.com\/es\/#organization\",\"name\":\"times-square\",\"url\":\"https:\/\/welcome-to-times-square.com\/es\/\",\"logo\":{\"@type\":\"ImageObject\",\"inLanguage\":\"es\",\"@id\":\"https:\/\/welcome-to-times-square.com\/es\/#\/schema\/logo\/image\/\",\"url\":\"https:\/\/welcome-to-times-square.com\/wp-content\/uploads\/2024\/03\/welcome-to-time-square-logo-with-r.png\",\"contentUrl\":\"https:\/\/welcome-to-times-square.com\/wp-content\/uploads\/2024\/03\/welcome-to-time-square-logo-with-r.png\",\"width\":500,\"height\":342,\"caption\":\"times-square\"},\"image\":{\"@id\":\"https:\/\/welcome-to-times-square.com\/es\/#\/schema\/logo\/image\/\"}}]}<\/script>\n<!-- \/ Yoast SEO plugin. -->","yoast_head_json":{"title":"Preguntas frecuentes de los visitantes - times-square","robots":{"index":"index","follow":"follow","max-snippet":"max-snippet:-1","max-image-preview":"max-image-preview:large","max-video-preview":"max-video-preview:-1"},"canonical":"https:\/\/welcome-to-times-square.com\/es\/visitorfaq\/","og_locale":"es_ES","og_type":"article","og_title":"Preguntas frecuentes de los visitantes - times-square","og_description":"Preguntas frecuentes de los visitantes Para los ciudadanos y turistas es importante tener todas las preguntas frecuentes de los visitantes para optimizar los tiempos de viaje en Nueva York. No hay mejor herramienta que el conocimiento y aqu\u00ed te ofrecemos las diferentes actividades para hacer de Nueva York una experiencia inolvidable, adem\u00e1s de Times Square. [...]read morePreguntas frecuentes de los visitantes","og_url":"https:\/\/welcome-to-times-square.com\/es\/visitorfaq\/","og_site_name":"times-square","article_modified_time":"2025-01-17T10:59:52+00:00","og_image":[{"width":1024,"height":353,"url":"https:\/\/welcome-to-times-square.com\/wp-content\/uploads\/2022\/04\/visitor-faq-1024x353.png","type":"image\/png"}],"twitter_card":"summary_large_image","twitter_misc":{"Tiempo de lectura":"5 minutos"},"schema":{"@context":"https:\/\/schema.org","@graph":[{"@type":"WebPage","@id":"https:\/\/welcome-to-times-square.com\/es\/visitorfaq\/","url":"https:\/\/welcome-to-times-square.com\/es\/visitorfaq\/","name":"Preguntas frecuentes de los visitantes - times-square","isPartOf":{"@id":"https:\/\/welcome-to-times-square.com\/es\/#website"},"primaryImageOfPage":{"@id":"https:\/\/welcome-to-times-square.com\/es\/visitorfaq\/#primaryimage"},"image":{"@id":"https:\/\/welcome-to-times-square.com\/es\/visitorfaq\/#primaryimage"},"thumbnailUrl":"https:\/\/welcome-to-times-square.com\/wp-content\/uploads\/2022\/04\/visitor-faq-1024x353.png","datePublished":"2022-04-27T19:05:53+00:00","dateModified":"2025-01-17T10:59:52+00:00","breadcrumb":{"@id":"https:\/\/welcome-to-times-square.com\/es\/visitorfaq\/#breadcrumb"},"inLanguage":"es","potentialAction":[{"@type":"ReadAction","target":["https:\/\/welcome-to-times-square.com\/es\/visitorfaq\/"]}]},{"@type":"ImageObject","inLanguage":"es","@id":"https:\/\/welcome-to-times-square.com\/es\/visitorfaq\/#primaryimage","url":"https:\/\/welcome-to-times-square.com\/wp-content\/uploads\/2022\/04\/visitor-faq-1024x353.png","contentUrl":"https:\/\/welcome-to-times-square.com\/wp-content\/uploads\/2022\/04\/visitor-faq-1024x353.png"},{"@type":"BreadcrumbList","@id":"https:\/\/welcome-to-times-square.com\/es\/visitorfaq\/#breadcrumb","itemListElement":[{"@type":"ListItem","position":1,"name":"Home","item":"https:\/\/welcome-to-times-square.com\/es\/"},{"@type":"ListItem","position":2,"name":"Preguntas frecuentes de los visitantes"}]},{"@type":"WebSite","@id":"https:\/\/welcome-to-times-square.com\/es\/#website","url":"https:\/\/welcome-to-times-square.com\/es\/","name":"times-square","description":"times-square","publisher":{"@id":"https:\/\/welcome-to-times-square.com\/es\/#organization"},"potentialAction":[{"@type":"SearchAction","target":{"@type":"EntryPoint","urlTemplate":"https:\/\/welcome-to-times-square.com\/es\/?s={search_term_string}"},"query-input":{"@type":"PropertyValueSpecification","valueRequired":true,"valueName":"search_term_string"}}],"inLanguage":"es"},{"@type":"Organization","@id":"https:\/\/welcome-to-times-square.com\/es\/#organization","name":"times-square","url":"https:\/\/welcome-to-times-square.com\/es\/","logo":{"@type":"ImageObject","inLanguage":"es","@id":"https:\/\/welcome-to-times-square.com\/es\/#\/schema\/logo\/image\/","url":"https:\/\/welcome-to-times-square.com\/wp-content\/uploads\/2024\/03\/welcome-to-time-square-logo-with-r.png","contentUrl":"https:\/\/welcome-to-times-square.com\/wp-content\/uploads\/2024\/03\/welcome-to-time-square-logo-with-r.png","width":500,"height":342,"caption":"times-square"},"image":{"@id":"https:\/\/welcome-to-times-square.com\/es\/#\/schema\/logo\/image\/"}}]}},"_hostinger_reach_plugin_has_subscription_block":false,"_hostinger_reach_plugin_is_elementor":false,"_links":{"self":[{"href":"https:\/\/welcome-to-times-square.com\/es\/wp-json\/wp\/v2\/pages\/8977","targetHints":{"allow":["GET"]}}],"collection":[{"href":"https:\/\/welcome-to-times-square.com\/es\/wp-json\/wp\/v2\/pages"}],"about":[{"href":"https:\/\/welcome-to-times-square.com\/es\/wp-json\/wp\/v2\/types\/page"}],"author":[{"embeddable":true,"href":"https:\/\/welcome-to-times-square.com\/es\/wp-json\/wp\/v2\/users\/53"}],"replies":[{"embeddable":true,"href":"https:\/\/welcome-to-times-square.com\/es\/wp-json\/wp\/v2\/comments?post=8977"}],"version-history":[{"count":2,"href":"https:\/\/welcome-to-times-square.com\/es\/wp-json\/wp\/v2\/pages\/8977\/revisions"}],"predecessor-version":[{"id":8991,"href":"https:\/\/welcome-to-times-square.com\/es\/wp-json\/wp\/v2\/pages\/8977\/revisions\/8991"}],"wp:attachment":[{"href":"https:\/\/welcome-to-times-square.com\/es\/wp-json\/wp\/v2\/media?parent=8977"}],"curies":[{"name":"wp","href":"https:\/\/api.w.org\/{rel}","templated":true}]}}