{"id":8998,"date":"2022-05-10T20:25:15","date_gmt":"2022-05-10T20:25:15","guid":{"rendered":"https:\/\/welcome-to-times-square.com\/seasonal-events\/"},"modified":"2025-01-17T11:43:44","modified_gmt":"2025-01-17T11:43:44","slug":"seasonal-events","status":"publish","type":"page","link":"https:\/\/welcome-to-times-square.com\/es\/seasonal-events\/","title":{"rendered":"Eventos de temporada"},"content":{"rendered":"\t\t<div data-elementor-type=\"wp-page\" data-elementor-id=\"8998\" class=\"elementor elementor-8998 elementor-2929\" data-elementor-post-type=\"page\">\n\t\t\t\t<div class=\"elementor-element elementor-element-c183f3e e-flex e-con-boxed e-con e-parent\" data-id=\"c183f3e\" data-element_type=\"container\" data-e-type=\"container\" data-settings=\"{&quot;background_background&quot;:&quot;classic&quot;}\">\n\t\t\t\t\t<div class=\"e-con-inner\">\n\t\t\t\t<div class=\"elementor-element elementor-element-aa575a2 elementor-widget elementor-widget-heading\" data-id=\"aa575a2\" data-element_type=\"widget\" data-e-type=\"widget\" data-widget_type=\"heading.default\">\n\t\t\t\t<div class=\"elementor-widget-container\">\n\t\t\t\t\t<h2 class=\"elementor-heading-title elementor-size-default\">Eventos de temporada<\/h2>\t\t\t\t<\/div>\n\t\t\t\t<\/div>\n\t\t\t\t<div class=\"elementor-element elementor-element-0d9214c elementor-widget-divider--view-line elementor-widget elementor-widget-divider\" data-id=\"0d9214c\" data-element_type=\"widget\" data-e-type=\"widget\" data-widget_type=\"divider.default\">\n\t\t\t\t<div class=\"elementor-widget-container\">\n\t\t\t\t\t\t\t<div class=\"elementor-divider\">\n\t\t\t<span class=\"elementor-divider-separator\">\n\t\t\t\t\t\t<\/span>\n\t\t<\/div>\n\t\t\t\t\t\t<\/div>\n\t\t\t\t<\/div>\n\t\t\t\t<div class=\"elementor-element elementor-element-aff9f01 elementor-widget elementor-widget-text-editor\" data-id=\"aff9f01\" data-element_type=\"widget\" data-e-type=\"widget\" data-widget_type=\"text-editor.default\">\n\t\t\t\t<div class=\"elementor-widget-container\">\n\t\t\t\t\t\t\t\t\t<div class=\"vc_row wpb_row vc_row-fluid vc_custom_1652220603510 vc_row-has-fill\">\n<div class=\"wpb_column vc_column_container vc_col-sm-12\">\n<div class=\"vc_column-inner\">\n<div class=\"wpb_wrapper\">\n<div class=\"vc_tta-container\" data-vc-action=\"collapse\">\n<div class=\"vc_general vc_tta vc_tta-tabs vc_tta-color-grey vc_tta-style-classic vc_tta-shape-rounded vc_tta-spacing-1 vc_tta-tabs-position-top vc_tta-controls-align-left\">\n<div class=\"vc_tta-panels-container\">\n<div class=\"vc_tta-panels\">\n<div id=\"1652214011896-ec5c9b43-8aad\" class=\"vc_tta-panel vc_active\" data-vc-content=\".vc_tta-panel-body\">\n<div class=\"vc_tta-panel-body\">\n<div class=\"wpb_text_column wpb_content_element \">\n<div class=\"wpb_wrapper\">\n<p>Uno de los eventos de la temporada es la cuenta regresiva de Nochevieja, una enorme bola de cristal desciende sobre millones de personas de todo el mundo que vienen a celebrarlo. Esta tradici\u00f3n comenz\u00f3 en el peri\u00f3dico New York Times en 1907: la ca\u00edda de la bola. <\/p>\n<p>Desde abajo no se ve mucho, pero hasta un mill\u00f3n de personas se re\u00fanen para esperar el a\u00f1o nuevo. Como parte de la celebraci\u00f3n se realizan conciertos de figuras tan famosas como Lady Gaga y Justin Bieber. Si quieres ser parte de esta gran tradici\u00f3n neoyorquina, tienes que llegar muy temprano para poder ubicarte entre las calles 42 y 47.  <\/p>\n<p>A las 15 horas se empieza a llenar la zona principal y a las 23 horas no entra ni una sola aguja. Se recomienda llevar comida y bebida, pues es posible que si se alejan de su lugar a comprar algo no puedan regresar por estar abarrotado de gente. <\/p>\n<p>El Empire State es el segundo lugar m\u00e1s popular de Nueva York para despedir el a\u00f1o, un gran evento de temporada. El edificio se llena de luces y es el centro del espect\u00e1culo de fuegos artificiales m\u00e1s atractivo de la ciudad. <\/p>\n<p>El observatorio est\u00e1 abierto todos los d\u00edas del a\u00f1o, por lo que una gran idea es recibir el a\u00f1o all\u00ed. Para poder hacerlo, hay que comprar las entradas con bastante antelaci\u00f3n. <\/p>\n<p>Otro evento de temporada en Nueva York es el calendario de semanas de la moda en febrero con desfiles, medidas de bioseguridad m\u00e1s estrictas y la participaci\u00f3n de importantes marcas y dise\u00f1adores para la industria de la moda.<\/p>\n<p>La programaci\u00f3n oto\u00f1o-invierno cuenta con una iniciativa bianual de dise\u00f1adores masculinos y emergentes creada por Agentry PR, en la que alrededor de 10 marcas presentan sus nuevas propuestas para la siguiente temporada.<\/p>\n<p>Otro evento de temporada es el lanzamiento de la programaci\u00f3n Backyard at Hudson Yards, con eventos gratuitos al aire libre. Por primera vez, Backyard at Hudson Yards albergar\u00e1 una serie de conciertos de 10 semanas organizada por The Bowery Presents, en la que participar\u00e1n artistas emergentes de la actualidad. <\/p>\n<p>Los conciertos de verano en el escenario Wells Fargo se unir\u00e1n a la programaci\u00f3n m\u00e1s popular de Backyard en a\u00f1os, que incluye: torneos deportivos en vivo en la pantalla gigante de 30 pies; programaci\u00f3n y clases para ni\u00f1os llenas de diversi\u00f3n a cargo de CAMP y Union Square Play; clases de fitness SoulCycle; una multitud de opciones para cenar al aire libre con una selecci\u00f3n rotativa de camiones de comida, as\u00ed como JIBS, el bar de la marina y la choza de langosta en el coraz\u00f3n de Manhattan que se convirti\u00f3 en una de las mesas m\u00e1s populares de la ciudad la temporada pasada; hay una serie de proyecciones de pel\u00edculas al aire libre para cerrar la temporada; y mucho m\u00e1s.<\/p>\n<p>Otro evento de temporada es el 4 de julio, una de las fiestas m\u00e1s importantes del a\u00f1o en Estados Unidos y en Nueva York se celebra por todo lo alto. Si vas a estar en Nueva York a principios de julio y quieres saber c\u00f3mo pasar este d\u00eda como un aut\u00e9ntico neoyorquino, no puedes dejar de celebrar este gran d\u00eda. El 4 de julio en Nueva York se celebra una de las festividades m\u00e1s importantes del pa\u00eds, el D\u00eda de la Independencia, el aniversario de la proclamaci\u00f3n de Estados Unidos como pa\u00eds independiente el 4 de julio de 1776. Con la firma de la Declaraci\u00f3n de Independencia se marca la nueva historia de Estados Unidos como pa\u00eds independiente y los neoyorquinos celebran el d\u00eda nacional con fiestas, fuegos artificiales y, por supuesto, mucha bandera de las barras y estrellas. Nuestro gran consejo es que puedas disfrutar de este d\u00eda para descubrir el aut\u00e9ntico Nueva York, con menos visitas a atracciones y monumentos y m\u00e1s actividades propias de esta festividad tan especial, como fuegos artificiales, picnics u horas de relax en la playa.    <\/p>\n<p>Son muy recomendables los paseos especiales en barco que permiten contemplar los famosos e incre\u00edbles fuegos artificiales de Macy\u2019s sobre Nueva York desde un punto de observaci\u00f3n inmejorable. En cualquier caso, son muchos los eventos y fiestas especiales que tienen lugar este d\u00eda en Nueva York, por lo que encontrar\u00e1s muchas propuestas geniales. <\/p>\n<p>Podr\u00e1s recorrer el skyline de Manhattan en un espectacular crucero circular de Circle Line. Disfruta del atardecer, las espectaculares luces del skyline de la ciudad y los coloridos fuegos artificiales sobre el agua durante esta noche memorable. <\/p>\n<p>Otra de las actividades favoritas de los neoyorquinos para celebrar el 4 de julio es aprovechar el d\u00eda libre y el calor para hacer una barbacoa o un picnic en alg\u00fan parque. Puedes asistir este d\u00eda a Sheep Meadow (la principal zona verde de Central Park) donde encontrar\u00e1s a cientos de personas disfrutando de un picnic al aire libre con sus familiares y amigos. <\/p>\n<\/div>\n<\/div>\n<\/div>\n<\/div>\n<\/div>\n<\/div>\n<\/div>\n<\/div>\n<\/div>\n<\/div>\n<\/div>\n<\/div>\n\t\t\t\t\t\t\t\t<\/div>\n\t\t\t\t<\/div>\n\t\t\t\t<div class=\"elementor-element elementor-element-f4a5dea elementor-widget-divider--view-line elementor-widget elementor-widget-divider\" data-id=\"f4a5dea\" data-element_type=\"widget\" data-e-type=\"widget\" data-widget_type=\"divider.default\">\n\t\t\t\t<div class=\"elementor-widget-container\">\n\t\t\t\t\t\t\t<div class=\"elementor-divider\">\n\t\t\t<span class=\"elementor-divider-separator\">\n\t\t\t\t\t\t<\/span>\n\t\t<\/div>\n\t\t\t\t\t\t<\/div>\n\t\t\t\t<\/div>\n\t\t\t\t<div class=\"elementor-element elementor-element-c2f2353 elementor-widget elementor-widget-text-editor\" data-id=\"c2f2353\" data-element_type=\"widget\" data-e-type=\"widget\" data-widget_type=\"text-editor.default\">\n\t\t\t\t<div class=\"elementor-widget-container\">\n\t\t\t\t\t\t\t\t\t<p><strong>Para aparecer en nuestro Billboard en Times Square, vaya a nuestra secci\u00f3n CONTACTO.<\/strong><\/p>\n<p>As\u00ed es como funciona:<\/p>\n<p>Ya sea un cumplea\u00f1os, una propuesta de matrimonio, un aniversario o una simple declaraci\u00f3n de amor, lo tenemos cubierto. \u00a1No seas un simple rostro entre la multitud! <br \/>\u00a1Consigue tu foto o v\u00eddeo en nuestra cartelera en Times Square!<\/p>\n<p>Opci\u00f3n 1: Tu video o foto de 60 segundos se mostrar\u00e1 22 veces al d\u00eda.<br \/>Opci\u00f3n 2: Tu video o foto de 30 segundos se mostrar\u00e1 44 veces al d\u00eda.<br \/>Opci\u00f3n 3: Tu video o foto de 15 segundos se mostrar\u00e1 88 veces al d\u00eda.<\/p>\n<p>Nuestro cartel publicitario mide 31 pies por 55 pies y est\u00e1 ubicado en 1560 Broadway (Broadway y 46th Street, justo encima de la tienda Pel\u00e9).<\/p>\n<p>\u00a1No seas una cara entre la multitud!<\/p>\n\t\t\t\t\t\t\t\t<\/div>\n\t\t\t\t<\/div>\n\t\t\t\t<div class=\"elementor-element elementor-element-2e400a3 elementor-widget elementor-widget-image\" data-id=\"2e400a3\" data-element_type=\"widget\" data-e-type=\"widget\" data-widget_type=\"image.default\">\n\t\t\t\t<div class=\"elementor-widget-container\">\n\t\t\t\t\t\t\t\t\t\t\t\t\t\t\t<img fetchpriority=\"high\" decoding=\"async\" width=\"740\" height=\"416\" src=\"https:\/\/welcome-to-times-square.com\/wp-content\/uploads\/2022\/05\/seasonal-events.png\" class=\"attachment-large size-large wp-image-6266\" alt=\"\" srcset=\"https:\/\/welcome-to-times-square.com\/wp-content\/uploads\/2022\/05\/seasonal-events.png 740w, https:\/\/welcome-to-times-square.com\/wp-content\/uploads\/2022\/05\/seasonal-events-600x337.png 600w, https:\/\/welcome-to-times-square.com\/wp-content\/uploads\/2022\/05\/seasonal-events-300x169.png 300w\" sizes=\"(max-width: 740px) 100vw, 740px\" \/>\t\t\t\t\t\t\t\t\t\t\t\t\t\t\t<\/div>\n\t\t\t\t<\/div>\n\t\t\t\t\t<\/div>\n\t\t\t\t<\/div>\n\t\t\t\t<\/div>\n\t\t","protected":false},"excerpt":{"rendered":"Eventos de temporada Uno de los eventos de la temporada es la cuenta regresiva de Nochevieja, una enorme bola de cristal desciende sobre millones de personas de todo el mundo que vienen a celebrarlo. Esta tradici\u00f3n comenz\u00f3 en el peri\u00f3dico New York Times en 1907: la ca\u00edda de la bola. Desde abajo no se ve [...]<a href=\"https:\/\/welcome-to-times-square.com\/es\/seasonal-events\/\" class=\"read-more wyz-secondary-color-text\">read more<span class=\"screen-reader-text\">Eventos de temporada<\/span><\/a>","protected":false},"author":53,"featured_media":0,"parent":0,"menu_order":0,"comment_status":"closed","ping_status":"closed","template":"elementor_header_footer","meta":{"footnotes":""},"class_list":["post-8998","page","type-page","status-publish","hentry"],"yoast_head":"<!-- This site is optimized with the Yoast SEO plugin v27.2 - https:\/\/yoast.com\/product\/yoast-seo-wordpress\/ -->\n<title>Eventos de temporada - times-square<\/title>\n<meta name=\"robots\" content=\"index, follow, max-snippet:-1, max-image-preview:large, max-video-preview:-1\" \/>\n<link rel=\"canonical\" href=\"https:\/\/welcome-to-times-square.com\/es\/seasonal-events\/\" \/>\n<meta property=\"og:locale\" content=\"es_ES\" \/>\n<meta property=\"og:type\" content=\"article\" \/>\n<meta property=\"og:title\" content=\"Eventos de temporada - times-square\" \/>\n<meta property=\"og:description\" content=\"Eventos de temporada Uno de los eventos de la temporada es la cuenta regresiva de Nochevieja, una enorme bola de cristal desciende sobre millones de personas de todo el mundo que vienen a celebrarlo. Esta tradici\u00f3n comenz\u00f3 en el peri\u00f3dico New York Times en 1907: la ca\u00edda de la bola. Desde abajo no se ve [...]read moreEventos de temporada\" \/>\n<meta property=\"og:url\" content=\"https:\/\/welcome-to-times-square.com\/es\/seasonal-events\/\" \/>\n<meta property=\"og:site_name\" content=\"times-square\" \/>\n<meta property=\"article:modified_time\" content=\"2025-01-17T11:43:44+00:00\" \/>\n<meta property=\"og:image\" content=\"https:\/\/welcome-to-times-square.com\/wp-content\/uploads\/2022\/05\/seasonal-events.png\" \/>\n\t<meta property=\"og:image:width\" content=\"740\" \/>\n\t<meta property=\"og:image:height\" content=\"416\" \/>\n\t<meta property=\"og:image:type\" content=\"image\/png\" \/>\n<meta name=\"twitter:card\" content=\"summary_large_image\" \/>\n<meta name=\"twitter:label1\" content=\"Tiempo de lectura\" \/>\n\t<meta name=\"twitter:data1\" content=\"5 minutos\" \/>\n<script type=\"application\/ld+json\" class=\"yoast-schema-graph\">{\"@context\":\"https:\/\/schema.org\",\"@graph\":[{\"@type\":\"WebPage\",\"@id\":\"https:\/\/welcome-to-times-square.com\/es\/seasonal-events\/\",\"url\":\"https:\/\/welcome-to-times-square.com\/es\/seasonal-events\/\",\"name\":\"Eventos de temporada - times-square\",\"isPartOf\":{\"@id\":\"https:\/\/welcome-to-times-square.com\/es\/#website\"},\"primaryImageOfPage\":{\"@id\":\"https:\/\/welcome-to-times-square.com\/es\/seasonal-events\/#primaryimage\"},\"image\":{\"@id\":\"https:\/\/welcome-to-times-square.com\/es\/seasonal-events\/#primaryimage\"},\"thumbnailUrl\":\"https:\/\/welcome-to-times-square.com\/wp-content\/uploads\/2022\/05\/seasonal-events.png\",\"datePublished\":\"2022-05-10T20:25:15+00:00\",\"dateModified\":\"2025-01-17T11:43:44+00:00\",\"breadcrumb\":{\"@id\":\"https:\/\/welcome-to-times-square.com\/es\/seasonal-events\/#breadcrumb\"},\"inLanguage\":\"es\",\"potentialAction\":[{\"@type\":\"ReadAction\",\"target\":[\"https:\/\/welcome-to-times-square.com\/es\/seasonal-events\/\"]}]},{\"@type\":\"ImageObject\",\"inLanguage\":\"es\",\"@id\":\"https:\/\/welcome-to-times-square.com\/es\/seasonal-events\/#primaryimage\",\"url\":\"https:\/\/welcome-to-times-square.com\/wp-content\/uploads\/2022\/05\/seasonal-events.png\",\"contentUrl\":\"https:\/\/welcome-to-times-square.com\/wp-content\/uploads\/2022\/05\/seasonal-events.png\"},{\"@type\":\"BreadcrumbList\",\"@id\":\"https:\/\/welcome-to-times-square.com\/es\/seasonal-events\/#breadcrumb\",\"itemListElement\":[{\"@type\":\"ListItem\",\"position\":1,\"name\":\"Home\",\"item\":\"https:\/\/welcome-to-times-square.com\/es\/\"},{\"@type\":\"ListItem\",\"position\":2,\"name\":\"Eventos de temporada\"}]},{\"@type\":\"WebSite\",\"@id\":\"https:\/\/welcome-to-times-square.com\/es\/#website\",\"url\":\"https:\/\/welcome-to-times-square.com\/es\/\",\"name\":\"times-square\",\"description\":\"times-square\",\"publisher\":{\"@id\":\"https:\/\/welcome-to-times-square.com\/es\/#organization\"},\"potentialAction\":[{\"@type\":\"SearchAction\",\"target\":{\"@type\":\"EntryPoint\",\"urlTemplate\":\"https:\/\/welcome-to-times-square.com\/es\/?s={search_term_string}\"},\"query-input\":{\"@type\":\"PropertyValueSpecification\",\"valueRequired\":true,\"valueName\":\"search_term_string\"}}],\"inLanguage\":\"es\"},{\"@type\":\"Organization\",\"@id\":\"https:\/\/welcome-to-times-square.com\/es\/#organization\",\"name\":\"times-square\",\"url\":\"https:\/\/welcome-to-times-square.com\/es\/\",\"logo\":{\"@type\":\"ImageObject\",\"inLanguage\":\"es\",\"@id\":\"https:\/\/welcome-to-times-square.com\/es\/#\/schema\/logo\/image\/\",\"url\":\"https:\/\/welcome-to-times-square.com\/wp-content\/uploads\/2024\/03\/welcome-to-time-square-logo-with-r.png\",\"contentUrl\":\"https:\/\/welcome-to-times-square.com\/wp-content\/uploads\/2024\/03\/welcome-to-time-square-logo-with-r.png\",\"width\":500,\"height\":342,\"caption\":\"times-square\"},\"image\":{\"@id\":\"https:\/\/welcome-to-times-square.com\/es\/#\/schema\/logo\/image\/\"}}]}<\/script>\n<!-- \/ Yoast SEO plugin. -->","yoast_head_json":{"title":"Eventos de temporada - times-square","robots":{"index":"index","follow":"follow","max-snippet":"max-snippet:-1","max-image-preview":"max-image-preview:large","max-video-preview":"max-video-preview:-1"},"canonical":"https:\/\/welcome-to-times-square.com\/es\/seasonal-events\/","og_locale":"es_ES","og_type":"article","og_title":"Eventos de temporada - times-square","og_description":"Eventos de temporada Uno de los eventos de la temporada es la cuenta regresiva de Nochevieja, una enorme bola de cristal desciende sobre millones de personas de todo el mundo que vienen a celebrarlo. Esta tradici\u00f3n comenz\u00f3 en el peri\u00f3dico New York Times en 1907: la ca\u00edda de la bola. Desde abajo no se ve [...]read moreEventos de temporada","og_url":"https:\/\/welcome-to-times-square.com\/es\/seasonal-events\/","og_site_name":"times-square","article_modified_time":"2025-01-17T11:43:44+00:00","og_image":[{"width":740,"height":416,"url":"https:\/\/welcome-to-times-square.com\/wp-content\/uploads\/2022\/05\/seasonal-events.png","type":"image\/png"}],"twitter_card":"summary_large_image","twitter_misc":{"Tiempo de lectura":"5 minutos"},"schema":{"@context":"https:\/\/schema.org","@graph":[{"@type":"WebPage","@id":"https:\/\/welcome-to-times-square.com\/es\/seasonal-events\/","url":"https:\/\/welcome-to-times-square.com\/es\/seasonal-events\/","name":"Eventos de temporada - times-square","isPartOf":{"@id":"https:\/\/welcome-to-times-square.com\/es\/#website"},"primaryImageOfPage":{"@id":"https:\/\/welcome-to-times-square.com\/es\/seasonal-events\/#primaryimage"},"image":{"@id":"https:\/\/welcome-to-times-square.com\/es\/seasonal-events\/#primaryimage"},"thumbnailUrl":"https:\/\/welcome-to-times-square.com\/wp-content\/uploads\/2022\/05\/seasonal-events.png","datePublished":"2022-05-10T20:25:15+00:00","dateModified":"2025-01-17T11:43:44+00:00","breadcrumb":{"@id":"https:\/\/welcome-to-times-square.com\/es\/seasonal-events\/#breadcrumb"},"inLanguage":"es","potentialAction":[{"@type":"ReadAction","target":["https:\/\/welcome-to-times-square.com\/es\/seasonal-events\/"]}]},{"@type":"ImageObject","inLanguage":"es","@id":"https:\/\/welcome-to-times-square.com\/es\/seasonal-events\/#primaryimage","url":"https:\/\/welcome-to-times-square.com\/wp-content\/uploads\/2022\/05\/seasonal-events.png","contentUrl":"https:\/\/welcome-to-times-square.com\/wp-content\/uploads\/2022\/05\/seasonal-events.png"},{"@type":"BreadcrumbList","@id":"https:\/\/welcome-to-times-square.com\/es\/seasonal-events\/#breadcrumb","itemListElement":[{"@type":"ListItem","position":1,"name":"Home","item":"https:\/\/welcome-to-times-square.com\/es\/"},{"@type":"ListItem","position":2,"name":"Eventos de temporada"}]},{"@type":"WebSite","@id":"https:\/\/welcome-to-times-square.com\/es\/#website","url":"https:\/\/welcome-to-times-square.com\/es\/","name":"times-square","description":"times-square","publisher":{"@id":"https:\/\/welcome-to-times-square.com\/es\/#organization"},"potentialAction":[{"@type":"SearchAction","target":{"@type":"EntryPoint","urlTemplate":"https:\/\/welcome-to-times-square.com\/es\/?s={search_term_string}"},"query-input":{"@type":"PropertyValueSpecification","valueRequired":true,"valueName":"search_term_string"}}],"inLanguage":"es"},{"@type":"Organization","@id":"https:\/\/welcome-to-times-square.com\/es\/#organization","name":"times-square","url":"https:\/\/welcome-to-times-square.com\/es\/","logo":{"@type":"ImageObject","inLanguage":"es","@id":"https:\/\/welcome-to-times-square.com\/es\/#\/schema\/logo\/image\/","url":"https:\/\/welcome-to-times-square.com\/wp-content\/uploads\/2024\/03\/welcome-to-time-square-logo-with-r.png","contentUrl":"https:\/\/welcome-to-times-square.com\/wp-content\/uploads\/2024\/03\/welcome-to-time-square-logo-with-r.png","width":500,"height":342,"caption":"times-square"},"image":{"@id":"https:\/\/welcome-to-times-square.com\/es\/#\/schema\/logo\/image\/"}}]}},"_hostinger_reach_plugin_has_subscription_block":false,"_hostinger_reach_plugin_is_elementor":false,"_links":{"self":[{"href":"https:\/\/welcome-to-times-square.com\/es\/wp-json\/wp\/v2\/pages\/8998","targetHints":{"allow":["GET"]}}],"collection":[{"href":"https:\/\/welcome-to-times-square.com\/es\/wp-json\/wp\/v2\/pages"}],"about":[{"href":"https:\/\/welcome-to-times-square.com\/es\/wp-json\/wp\/v2\/types\/page"}],"author":[{"embeddable":true,"href":"https:\/\/welcome-to-times-square.com\/es\/wp-json\/wp\/v2\/users\/53"}],"replies":[{"embeddable":true,"href":"https:\/\/welcome-to-times-square.com\/es\/wp-json\/wp\/v2\/comments?post=8998"}],"version-history":[{"count":2,"href":"https:\/\/welcome-to-times-square.com\/es\/wp-json\/wp\/v2\/pages\/8998\/revisions"}],"predecessor-version":[{"id":9032,"href":"https:\/\/welcome-to-times-square.com\/es\/wp-json\/wp\/v2\/pages\/8998\/revisions\/9032"}],"wp:attachment":[{"href":"https:\/\/welcome-to-times-square.com\/es\/wp-json\/wp\/v2\/media?parent=8998"}],"curies":[{"name":"wp","href":"https:\/\/api.w.org\/{rel}","templated":true}]}}