{"id":9003,"date":"2022-05-10T20:25:12","date_gmt":"2022-05-10T20:25:12","guid":{"rendered":"https:\/\/welcome-to-times-square.com\/how-to-buy-broadway-tickets\/"},"modified":"2025-01-17T11:31:41","modified_gmt":"2025-01-17T11:31:41","slug":"how-to-buy-broadway-tickets","status":"publish","type":"page","link":"https:\/\/welcome-to-times-square.com\/es\/how-to-buy-broadway-tickets\/","title":{"rendered":"C\u00f3mo comprar entradas para Broadway"},"content":{"rendered":"\t\t<div data-elementor-type=\"wp-page\" data-elementor-id=\"9003\" class=\"elementor elementor-9003 elementor-2931\" data-elementor-post-type=\"page\">\n\t\t\t\t<div class=\"elementor-element elementor-element-64b00cd e-flex e-con-boxed e-con e-parent\" data-id=\"64b00cd\" data-element_type=\"container\" data-e-type=\"container\" data-settings=\"{&quot;background_background&quot;:&quot;classic&quot;}\">\n\t\t\t\t\t<div class=\"e-con-inner\">\n\t\t\t\t<div class=\"elementor-element elementor-element-7f02e0b elementor-widget elementor-widget-heading\" data-id=\"7f02e0b\" data-element_type=\"widget\" data-e-type=\"widget\" data-widget_type=\"heading.default\">\n\t\t\t\t<div class=\"elementor-widget-container\">\n\t\t\t\t\t<h2 class=\"elementor-heading-title elementor-size-default\">C\u00f3mo comprar entradas para Broadway <\/h2>\t\t\t\t<\/div>\n\t\t\t\t<\/div>\n\t\t\t\t<div class=\"elementor-element elementor-element-f100a9d elementor-widget-divider--view-line elementor-widget elementor-widget-divider\" data-id=\"f100a9d\" data-element_type=\"widget\" data-e-type=\"widget\" data-widget_type=\"divider.default\">\n\t\t\t\t<div class=\"elementor-widget-container\">\n\t\t\t\t\t\t\t<div class=\"elementor-divider\">\n\t\t\t<span class=\"elementor-divider-separator\">\n\t\t\t\t\t\t<\/span>\n\t\t<\/div>\n\t\t\t\t\t\t<\/div>\n\t\t\t\t<\/div>\n\t\t\t\t<div class=\"elementor-element elementor-element-d8fb8aa elementor-widget elementor-widget-text-editor\" data-id=\"d8fb8aa\" data-element_type=\"widget\" data-e-type=\"widget\" data-widget_type=\"text-editor.default\">\n\t\t\t\t<div class=\"elementor-widget-container\">\n\t\t\t\t\t\t\t\t\t<div class=\"vc_row wpb_row vc_row-fluid vc_custom_1652219967843 vc_row-has-fill\">\n<div class=\"wpb_column vc_column_container vc_col-sm-12\">\n<div class=\"vc_column-inner\">\n<div class=\"wpb_wrapper\">\n<div class=\"vc_tta-container\" data-vc-action=\"collapse\">\n<div class=\"vc_general vc_tta vc_tta-tabs vc_tta-color-grey vc_tta-style-classic vc_tta-shape-rounded vc_tta-spacing-1 vc_tta-tabs-position-top vc_tta-controls-align-left\">\n<div class=\"vc_tta-panels-container\">\n<div class=\"vc_tta-panels\">\n<div id=\"1652214022225-4f22a324-9861\" class=\"vc_tta-panel vc_active\" data-vc-content=\".vc_tta-panel-body\">\n<div class=\"vc_tta-panel-body\">\n<div class=\"wpb_text_column wpb_content_element \">\n<div class=\"wpb_wrapper\">\n<p>Uno de los planes m\u00e1s maravillosos e imprescindibles que hacer en Nueva York es asistir a un musical en Broadway, el famoso bulevar repleto de teatros que recorre el centro de Manhattan y Times Square.<\/p>\n<p>Son cientos de actuaciones anuales y muchos de los actores de Hollywood han pisado sus escenarios para sorprendernos con su talento y tambi\u00e9n donde grandes actores (aunque no sean tan conocidos) trabajan duro en cada actuaci\u00f3n para consagrarse.<\/p>\n<p>El Rey Le\u00f3n es uno de los musicales cl\u00e1sicos de Broadway, se trata de una adaptaci\u00f3n de la famosa pel\u00edcula animada de Disney y en muchas ocasiones ha sido reconocido como el mejor musical de todos los tiempos. Con impresionantes escenarios y m\u00fasica de Elton John, ha sido galardonado con seis premios Tony y un premio Evening Standard. Desde 1997 es el musical m\u00e1s vendido en Nueva York. Es ideal para todos los p\u00fablicos, lo disfrutar\u00e1n por igual ni\u00f1os y adultos.   <\/p>\n<p>Este espect\u00e1culo se presenta en el Teatro Minskoff (200 W 45th St, Nueva York, 10036), con una duraci\u00f3n de 2 horas y 30 minutos con intervalo.<\/p>\n<p>Aladdin en Broadway es magia, es una adaptaci\u00f3n teatral musical de la pel\u00edcula animada de Disney de los 90, todo es sorprendente y extraordinario. Cuenta con una puesta en escena excepcional, una caracterizaci\u00f3n impecable de los personajes, canciones nuevas y un gran humor del Genio, este es uno de los musicales de Broadway que m\u00e1s furor tiene en el p\u00fablico. Puedes verlo en el Teatro New Amsterdam.  <\/p>\n<p>El musical Aladdin es uno de los musicales neoyorkinos m\u00e1s impresionantes que tienes que ver, la duraci\u00f3n es de 2 horas y media.<\/p>\n<p>La grandiosa y maravillosa escena del n\u00famero \u201cUn mundo ideal\u201d, donde los protagonistas vuelan sobre la ciudad a bordo de una alfombra m\u00e1gica, es simplemente magn\u00edfica.<\/p>\n<p>Otra de las grandes producciones musicales de Broadway para las que puedes adquirir entradas es Chicago Broadway. Un cl\u00e1sico que nos transporta cada temporada a los locos a\u00f1os 20. Tiene como tel\u00f3n de fondo la m\u00fasica jazz y la ley seca que favorec\u00eda las actividades clandestinas, la corrupci\u00f3n y los asesinatos en la gran ciudad, este espect\u00e1culo, a diferencia de los antes mencionados, est\u00e1 dirigido a un p\u00fablico m\u00e1s adulto. Tal es su \u00e9xito que ha ganado 6 premios Tony y la grabaci\u00f3n de los temas musicales gan\u00f3 un premio Grammy tambi\u00e9n. Este maravilloso musical se encuentra en el Teatro Ambassador (219 West 49th Street, entre Broadway y 8th Avenue) con una duraci\u00f3n de 2 horas y 30 minutos con intermedio.    <\/p>\n<p>En 1986 se estren\u00f3 El Fantasma de la \u00d3pera y siempre se han vendido entradas durante varias temporadas seguidas, pues se trata de uno de los musicales de Broadway m\u00e1s exitosos que ha sido galardonado con 7 Premios Tony (incluido el de Mejor Musical del A\u00f1o) gracias a la maravillosa adaptaci\u00f3n de la popular novela de Gast\u00f3n Leroux. Ambientada en el siglo XIX en la \u00d3pera de Par\u00eds, cuenta la historia de un hombre deforme que se esconde en el s\u00f3tano de la \u00f3pera y que tiene atemorizados a los trabajadores del teatro con sus cr\u00edmenes. El fantasma se enamora de una joven bailarina llamada Christine, la adopta como su musa y le ense\u00f1a a cantar para convertirse en la protagonista de la \u00f3pera. Sin embargo, cuando descubre que su amor es imposible, jura venganza.   <\/p>\n<p>Cuenta con una ambientaci\u00f3n enigm\u00e1tica y fantasmal, el vestuario de los actores y la soberbia banda sonora hacen de El Fantasma de la \u00d3pera un cl\u00e1sico que no te puedes perder en tu viaje a Nueva York. El p\u00fablico pueden ser adultos, aunque pueden acceder ni\u00f1os mayores de 4 a\u00f1os, aunque hay algunos efectos especiales y escenas que pueden asustar a los m\u00e1s peque\u00f1os. Est\u00e1 ubicada en el Teatro Majestic (245 W 44th St, Nueva York, 10036), su duraci\u00f3n es de 2 horas y 30 minutos con intermedio.  <\/p>\n<p>Puedes comprar entradas de Broadway en diferentes plataformas online como Ticketmaster, Hellotickets (en espa\u00f1ol), TodayTix, que tambi\u00e9n cuenta con una app muy recomendable para participar en los sorteos de Broadway, y en la p\u00e1gina web oficial de cada espect\u00e1culo. No olvides consultar tambi\u00e9n la p\u00e1gina oficial del espect\u00e1culo para comparar precios. Otra forma de comprar entradas de Broadway con descuento son las rush tickets, entradas con descuento para el mismo d\u00eda de la funci\u00f3n. Es una tradici\u00f3n que empez\u00f3 con el musical Rent, que en su momento fue todo un fen\u00f3meno que era casi imposible conseguir entradas. Para dar la oportunidad de verlo a los j\u00f3venes sin tantos medios, decidieron ofrecer entradas para las primeras filas a un precio muy bajo para las primeras personas que se presentaran en taquilla por la ma\u00f1ana. Desde entonces, otros teatros han adoptado el rush ticket que permite comprar entradas con descuento el mismo d\u00eda de la obra si te levantas temprano y vas en persona a la taquilla. Otra opci\u00f3n similar a las rush tickets es la taquilla TKTS. Los teatros venden entradas de Broadway con descuento (hasta un 50%) para funciones del mismo d\u00eda o del d\u00eda siguiente por la ma\u00f1ana. La taquilla m\u00e1s famosa de TKTS la encontrar\u00e1s bajo las escaleras rojas de Times Square. En la web de TKTS tienes las direcciones y horarios.         <\/p>\n<\/div>\n<\/div>\n<\/div>\n<\/div>\n<\/div>\n<\/div>\n<\/div>\n<\/div>\n<\/div>\n<\/div>\n<\/div>\n<\/div>\n\t\t\t\t\t\t\t\t<\/div>\n\t\t\t\t<\/div>\n\t\t\t\t<div class=\"elementor-element elementor-element-7b8fe6a elementor-widget-divider--view-line elementor-widget elementor-widget-divider\" data-id=\"7b8fe6a\" data-element_type=\"widget\" data-e-type=\"widget\" data-widget_type=\"divider.default\">\n\t\t\t\t<div class=\"elementor-widget-container\">\n\t\t\t\t\t\t\t<div class=\"elementor-divider\">\n\t\t\t<span class=\"elementor-divider-separator\">\n\t\t\t\t\t\t<\/span>\n\t\t<\/div>\n\t\t\t\t\t\t<\/div>\n\t\t\t\t<\/div>\n\t\t\t\t<div class=\"elementor-element elementor-element-51b9ffe elementor-widget elementor-widget-text-editor\" data-id=\"51b9ffe\" data-element_type=\"widget\" data-e-type=\"widget\" data-widget_type=\"text-editor.default\">\n\t\t\t\t<div class=\"elementor-widget-container\">\n\t\t\t\t\t\t\t\t\t<p><strong>Para aparecer en nuestro Billboard en Times Square, vaya a nuestra secci\u00f3n CONTACTO.<\/strong><\/p>\n<p>As\u00ed es como funciona:<\/p>\n<p>Ya sea un cumplea\u00f1os, una propuesta de matrimonio, un aniversario o una simple declaraci\u00f3n de amor, lo tenemos cubierto. \u00a1No seas un simple rostro entre la multitud! <br \/>\u00a1Consigue tu foto o v\u00eddeo en nuestra cartelera en Times Square!<\/p>\n<p>Opci\u00f3n 1: Tu video o foto de 60 segundos se mostrar\u00e1 22 veces al d\u00eda.<br \/>Opci\u00f3n 2: Tu video o foto de 30 segundos se mostrar\u00e1 44 veces al d\u00eda.<br \/>Opci\u00f3n 3: Tu video o foto de 15 segundos se mostrar\u00e1 88 veces al d\u00eda.<\/p>\n<p>Nuestro cartel publicitario mide 31 pies por 55 pies y est\u00e1 ubicado en 1560 Broadway (Broadway y 46th Street, justo encima de la tienda Pel\u00e9).<\/p>\n<p>\u00a1No seas una cara entre la multitud!<\/p>\n\t\t\t\t\t\t\t\t<\/div>\n\t\t\t\t<\/div>\n\t\t\t\t<div class=\"elementor-element elementor-element-9ffef36 elementor-widget elementor-widget-image\" data-id=\"9ffef36\" data-element_type=\"widget\" data-e-type=\"widget\" data-widget_type=\"image.default\">\n\t\t\t\t<div class=\"elementor-widget-container\">\n\t\t\t\t\t\t\t\t\t\t\t\t\t\t\t<img fetchpriority=\"high\" decoding=\"async\" width=\"1024\" height=\"683\" src=\"https:\/\/welcome-to-times-square.com\/wp-content\/uploads\/2022\/05\/how-to-buy-broadway-tickets-1024x683.jpg\" class=\"attachment-large size-large wp-image-6271\" alt=\"\" srcset=\"https:\/\/welcome-to-times-square.com\/wp-content\/uploads\/2022\/05\/how-to-buy-broadway-tickets-1024x683.jpg 1024w, https:\/\/welcome-to-times-square.com\/wp-content\/uploads\/2022\/05\/how-to-buy-broadway-tickets-600x400.jpg 600w, https:\/\/welcome-to-times-square.com\/wp-content\/uploads\/2022\/05\/how-to-buy-broadway-tickets-300x200.jpg 300w, https:\/\/welcome-to-times-square.com\/wp-content\/uploads\/2022\/05\/how-to-buy-broadway-tickets-768x512.jpg 768w, https:\/\/welcome-to-times-square.com\/wp-content\/uploads\/2022\/05\/how-to-buy-broadway-tickets-1536x1024.jpg 1536w, https:\/\/welcome-to-times-square.com\/wp-content\/uploads\/2022\/05\/how-to-buy-broadway-tickets.jpg 2048w\" sizes=\"(max-width: 1024px) 100vw, 1024px\" \/>\t\t\t\t\t\t\t\t\t\t\t\t\t\t\t<\/div>\n\t\t\t\t<\/div>\n\t\t\t\t\t<\/div>\n\t\t\t\t<\/div>\n\t\t\t\t<\/div>\n\t\t","protected":false},"excerpt":{"rendered":"C\u00f3mo comprar entradas para Broadway Uno de los planes m\u00e1s maravillosos e imprescindibles que hacer en Nueva York es asistir a un musical en Broadway, el famoso bulevar repleto de teatros que recorre el centro de Manhattan y Times Square. Son cientos de actuaciones anuales y muchos de los actores de Hollywood han pisado sus [...]<a href=\"https:\/\/welcome-to-times-square.com\/es\/how-to-buy-broadway-tickets\/\" class=\"read-more wyz-secondary-color-text\">read more<span class=\"screen-reader-text\">C\u00f3mo comprar entradas para Broadway<\/span><\/a>","protected":false},"author":53,"featured_media":0,"parent":0,"menu_order":0,"comment_status":"closed","ping_status":"closed","template":"elementor_header_footer","meta":{"footnotes":""},"class_list":["post-9003","page","type-page","status-publish","hentry"],"yoast_head":"<!-- This site is optimized with the Yoast SEO plugin v27.2 - https:\/\/yoast.com\/product\/yoast-seo-wordpress\/ -->\n<title>C\u00f3mo comprar entradas para Broadway - times-square<\/title>\n<meta name=\"robots\" content=\"index, follow, max-snippet:-1, max-image-preview:large, max-video-preview:-1\" \/>\n<link rel=\"canonical\" href=\"https:\/\/welcome-to-times-square.com\/es\/how-to-buy-broadway-tickets\/\" \/>\n<meta property=\"og:locale\" content=\"es_ES\" \/>\n<meta property=\"og:type\" content=\"article\" \/>\n<meta property=\"og:title\" content=\"C\u00f3mo comprar entradas para Broadway - times-square\" \/>\n<meta property=\"og:description\" content=\"C\u00f3mo comprar entradas para Broadway Uno de los planes m\u00e1s maravillosos e imprescindibles que hacer en Nueva York es asistir a un musical en Broadway, el famoso bulevar repleto de teatros que recorre el centro de Manhattan y Times Square. Son cientos de actuaciones anuales y muchos de los actores de Hollywood han pisado sus [...]read moreC\u00f3mo comprar entradas para Broadway\" \/>\n<meta property=\"og:url\" content=\"https:\/\/welcome-to-times-square.com\/es\/how-to-buy-broadway-tickets\/\" \/>\n<meta property=\"og:site_name\" content=\"times-square\" \/>\n<meta property=\"article:modified_time\" content=\"2025-01-17T11:31:41+00:00\" \/>\n<meta property=\"og:image\" content=\"https:\/\/welcome-to-times-square.com\/wp-content\/uploads\/2022\/05\/how-to-buy-broadway-tickets.jpg\" \/>\n\t<meta property=\"og:image:width\" content=\"2048\" \/>\n\t<meta property=\"og:image:height\" content=\"1365\" \/>\n\t<meta property=\"og:image:type\" content=\"image\/jpeg\" \/>\n<meta name=\"twitter:card\" content=\"summary_large_image\" \/>\n<meta name=\"twitter:label1\" content=\"Tiempo de lectura\" \/>\n\t<meta name=\"twitter:data1\" content=\"5 minutos\" \/>\n<script type=\"application\/ld+json\" class=\"yoast-schema-graph\">{\"@context\":\"https:\/\/schema.org\",\"@graph\":[{\"@type\":\"WebPage\",\"@id\":\"https:\/\/welcome-to-times-square.com\/es\/how-to-buy-broadway-tickets\/\",\"url\":\"https:\/\/welcome-to-times-square.com\/es\/how-to-buy-broadway-tickets\/\",\"name\":\"C\u00f3mo comprar entradas para Broadway - times-square\",\"isPartOf\":{\"@id\":\"https:\/\/welcome-to-times-square.com\/es\/#website\"},\"primaryImageOfPage\":{\"@id\":\"https:\/\/welcome-to-times-square.com\/es\/how-to-buy-broadway-tickets\/#primaryimage\"},\"image\":{\"@id\":\"https:\/\/welcome-to-times-square.com\/es\/how-to-buy-broadway-tickets\/#primaryimage\"},\"thumbnailUrl\":\"https:\/\/welcome-to-times-square.com\/wp-content\/uploads\/2022\/05\/how-to-buy-broadway-tickets-1024x683.jpg\",\"datePublished\":\"2022-05-10T20:25:12+00:00\",\"dateModified\":\"2025-01-17T11:31:41+00:00\",\"breadcrumb\":{\"@id\":\"https:\/\/welcome-to-times-square.com\/es\/how-to-buy-broadway-tickets\/#breadcrumb\"},\"inLanguage\":\"es\",\"potentialAction\":[{\"@type\":\"ReadAction\",\"target\":[\"https:\/\/welcome-to-times-square.com\/es\/how-to-buy-broadway-tickets\/\"]}]},{\"@type\":\"ImageObject\",\"inLanguage\":\"es\",\"@id\":\"https:\/\/welcome-to-times-square.com\/es\/how-to-buy-broadway-tickets\/#primaryimage\",\"url\":\"https:\/\/welcome-to-times-square.com\/wp-content\/uploads\/2022\/05\/how-to-buy-broadway-tickets-1024x683.jpg\",\"contentUrl\":\"https:\/\/welcome-to-times-square.com\/wp-content\/uploads\/2022\/05\/how-to-buy-broadway-tickets-1024x683.jpg\"},{\"@type\":\"BreadcrumbList\",\"@id\":\"https:\/\/welcome-to-times-square.com\/es\/how-to-buy-broadway-tickets\/#breadcrumb\",\"itemListElement\":[{\"@type\":\"ListItem\",\"position\":1,\"name\":\"Home\",\"item\":\"https:\/\/welcome-to-times-square.com\/es\/\"},{\"@type\":\"ListItem\",\"position\":2,\"name\":\"C\u00f3mo comprar entradas para Broadway\"}]},{\"@type\":\"WebSite\",\"@id\":\"https:\/\/welcome-to-times-square.com\/es\/#website\",\"url\":\"https:\/\/welcome-to-times-square.com\/es\/\",\"name\":\"times-square\",\"description\":\"times-square\",\"publisher\":{\"@id\":\"https:\/\/welcome-to-times-square.com\/es\/#organization\"},\"potentialAction\":[{\"@type\":\"SearchAction\",\"target\":{\"@type\":\"EntryPoint\",\"urlTemplate\":\"https:\/\/welcome-to-times-square.com\/es\/?s={search_term_string}\"},\"query-input\":{\"@type\":\"PropertyValueSpecification\",\"valueRequired\":true,\"valueName\":\"search_term_string\"}}],\"inLanguage\":\"es\"},{\"@type\":\"Organization\",\"@id\":\"https:\/\/welcome-to-times-square.com\/es\/#organization\",\"name\":\"times-square\",\"url\":\"https:\/\/welcome-to-times-square.com\/es\/\",\"logo\":{\"@type\":\"ImageObject\",\"inLanguage\":\"es\",\"@id\":\"https:\/\/welcome-to-times-square.com\/es\/#\/schema\/logo\/image\/\",\"url\":\"https:\/\/welcome-to-times-square.com\/wp-content\/uploads\/2024\/03\/welcome-to-time-square-logo-with-r.png\",\"contentUrl\":\"https:\/\/welcome-to-times-square.com\/wp-content\/uploads\/2024\/03\/welcome-to-time-square-logo-with-r.png\",\"width\":500,\"height\":342,\"caption\":\"times-square\"},\"image\":{\"@id\":\"https:\/\/welcome-to-times-square.com\/es\/#\/schema\/logo\/image\/\"}}]}<\/script>\n<!-- \/ Yoast SEO plugin. -->","yoast_head_json":{"title":"C\u00f3mo comprar entradas para Broadway - times-square","robots":{"index":"index","follow":"follow","max-snippet":"max-snippet:-1","max-image-preview":"max-image-preview:large","max-video-preview":"max-video-preview:-1"},"canonical":"https:\/\/welcome-to-times-square.com\/es\/how-to-buy-broadway-tickets\/","og_locale":"es_ES","og_type":"article","og_title":"C\u00f3mo comprar entradas para Broadway - times-square","og_description":"C\u00f3mo comprar entradas para Broadway Uno de los planes m\u00e1s maravillosos e imprescindibles que hacer en Nueva York es asistir a un musical en Broadway, el famoso bulevar repleto de teatros que recorre el centro de Manhattan y Times Square. Son cientos de actuaciones anuales y muchos de los actores de Hollywood han pisado sus [...]read moreC\u00f3mo comprar entradas para Broadway","og_url":"https:\/\/welcome-to-times-square.com\/es\/how-to-buy-broadway-tickets\/","og_site_name":"times-square","article_modified_time":"2025-01-17T11:31:41+00:00","og_image":[{"width":2048,"height":1365,"url":"https:\/\/welcome-to-times-square.com\/wp-content\/uploads\/2022\/05\/how-to-buy-broadway-tickets.jpg","type":"image\/jpeg"}],"twitter_card":"summary_large_image","twitter_misc":{"Tiempo de lectura":"5 minutos"},"schema":{"@context":"https:\/\/schema.org","@graph":[{"@type":"WebPage","@id":"https:\/\/welcome-to-times-square.com\/es\/how-to-buy-broadway-tickets\/","url":"https:\/\/welcome-to-times-square.com\/es\/how-to-buy-broadway-tickets\/","name":"C\u00f3mo comprar entradas para Broadway - times-square","isPartOf":{"@id":"https:\/\/welcome-to-times-square.com\/es\/#website"},"primaryImageOfPage":{"@id":"https:\/\/welcome-to-times-square.com\/es\/how-to-buy-broadway-tickets\/#primaryimage"},"image":{"@id":"https:\/\/welcome-to-times-square.com\/es\/how-to-buy-broadway-tickets\/#primaryimage"},"thumbnailUrl":"https:\/\/welcome-to-times-square.com\/wp-content\/uploads\/2022\/05\/how-to-buy-broadway-tickets-1024x683.jpg","datePublished":"2022-05-10T20:25:12+00:00","dateModified":"2025-01-17T11:31:41+00:00","breadcrumb":{"@id":"https:\/\/welcome-to-times-square.com\/es\/how-to-buy-broadway-tickets\/#breadcrumb"},"inLanguage":"es","potentialAction":[{"@type":"ReadAction","target":["https:\/\/welcome-to-times-square.com\/es\/how-to-buy-broadway-tickets\/"]}]},{"@type":"ImageObject","inLanguage":"es","@id":"https:\/\/welcome-to-times-square.com\/es\/how-to-buy-broadway-tickets\/#primaryimage","url":"https:\/\/welcome-to-times-square.com\/wp-content\/uploads\/2022\/05\/how-to-buy-broadway-tickets-1024x683.jpg","contentUrl":"https:\/\/welcome-to-times-square.com\/wp-content\/uploads\/2022\/05\/how-to-buy-broadway-tickets-1024x683.jpg"},{"@type":"BreadcrumbList","@id":"https:\/\/welcome-to-times-square.com\/es\/how-to-buy-broadway-tickets\/#breadcrumb","itemListElement":[{"@type":"ListItem","position":1,"name":"Home","item":"https:\/\/welcome-to-times-square.com\/es\/"},{"@type":"ListItem","position":2,"name":"C\u00f3mo comprar entradas para Broadway"}]},{"@type":"WebSite","@id":"https:\/\/welcome-to-times-square.com\/es\/#website","url":"https:\/\/welcome-to-times-square.com\/es\/","name":"times-square","description":"times-square","publisher":{"@id":"https:\/\/welcome-to-times-square.com\/es\/#organization"},"potentialAction":[{"@type":"SearchAction","target":{"@type":"EntryPoint","urlTemplate":"https:\/\/welcome-to-times-square.com\/es\/?s={search_term_string}"},"query-input":{"@type":"PropertyValueSpecification","valueRequired":true,"valueName":"search_term_string"}}],"inLanguage":"es"},{"@type":"Organization","@id":"https:\/\/welcome-to-times-square.com\/es\/#organization","name":"times-square","url":"https:\/\/welcome-to-times-square.com\/es\/","logo":{"@type":"ImageObject","inLanguage":"es","@id":"https:\/\/welcome-to-times-square.com\/es\/#\/schema\/logo\/image\/","url":"https:\/\/welcome-to-times-square.com\/wp-content\/uploads\/2024\/03\/welcome-to-time-square-logo-with-r.png","contentUrl":"https:\/\/welcome-to-times-square.com\/wp-content\/uploads\/2024\/03\/welcome-to-time-square-logo-with-r.png","width":500,"height":342,"caption":"times-square"},"image":{"@id":"https:\/\/welcome-to-times-square.com\/es\/#\/schema\/logo\/image\/"}}]}},"_hostinger_reach_plugin_has_subscription_block":false,"_hostinger_reach_plugin_is_elementor":false,"_links":{"self":[{"href":"https:\/\/welcome-to-times-square.com\/es\/wp-json\/wp\/v2\/pages\/9003","targetHints":{"allow":["GET"]}}],"collection":[{"href":"https:\/\/welcome-to-times-square.com\/es\/wp-json\/wp\/v2\/pages"}],"about":[{"href":"https:\/\/welcome-to-times-square.com\/es\/wp-json\/wp\/v2\/types\/page"}],"author":[{"embeddable":true,"href":"https:\/\/welcome-to-times-square.com\/es\/wp-json\/wp\/v2\/users\/53"}],"replies":[{"embeddable":true,"href":"https:\/\/welcome-to-times-square.com\/es\/wp-json\/wp\/v2\/comments?post=9003"}],"version-history":[{"count":2,"href":"https:\/\/welcome-to-times-square.com\/es\/wp-json\/wp\/v2\/pages\/9003\/revisions"}],"predecessor-version":[{"id":9021,"href":"https:\/\/welcome-to-times-square.com\/es\/wp-json\/wp\/v2\/pages\/9003\/revisions\/9021"}],"wp:attachment":[{"href":"https:\/\/welcome-to-times-square.com\/es\/wp-json\/wp\/v2\/media?parent=9003"}],"curies":[{"name":"wp","href":"https:\/\/api.w.org\/{rel}","templated":true}]}}