{"id":9026,"date":"2022-05-02T21:05:07","date_gmt":"2022-05-02T21:05:07","guid":{"rendered":"https:\/\/welcome-to-times-square.com\/resources-guidance-and-information-on-covid-19\/"},"modified":"2025-01-17T12:00:42","modified_gmt":"2025-01-17T12:00:42","slug":"resources-guidance-and-information-on-covid-19","status":"publish","type":"page","link":"https:\/\/welcome-to-times-square.com\/es\/resources-guidance-and-information-on-covid-19\/","title":{"rendered":"Recursos, orientaci\u00f3n e informaci\u00f3n sobre el covid 19"},"content":{"rendered":"\t\t<div data-elementor-type=\"wp-page\" data-elementor-id=\"9026\" class=\"elementor elementor-9026 elementor-2881\" data-elementor-post-type=\"page\">\n\t\t\t\t<div class=\"elementor-element elementor-element-0d322f1 e-flex e-con-boxed e-con e-parent\" data-id=\"0d322f1\" data-element_type=\"container\" data-e-type=\"container\" data-settings=\"{&quot;background_background&quot;:&quot;classic&quot;}\">\n\t\t\t\t\t<div class=\"e-con-inner\">\n\t\t\t\t<div class=\"elementor-element elementor-element-07983dc elementor-widget elementor-widget-heading\" data-id=\"07983dc\" data-element_type=\"widget\" data-e-type=\"widget\" data-widget_type=\"heading.default\">\n\t\t\t\t<div class=\"elementor-widget-container\">\n\t\t\t\t\t<h2 class=\"elementor-heading-title elementor-size-default\">Recursos, orientaci\u00f3n e informaci\u00f3n sobre el covid 19<\/h2>\t\t\t\t<\/div>\n\t\t\t\t<\/div>\n\t\t\t\t<div class=\"elementor-element elementor-element-2034ee5 elementor-widget-divider--view-line elementor-widget elementor-widget-divider\" data-id=\"2034ee5\" data-element_type=\"widget\" data-e-type=\"widget\" data-widget_type=\"divider.default\">\n\t\t\t\t<div class=\"elementor-widget-container\">\n\t\t\t\t\t\t\t<div class=\"elementor-divider\">\n\t\t\t<span class=\"elementor-divider-separator\">\n\t\t\t\t\t\t<\/span>\n\t\t<\/div>\n\t\t\t\t\t\t<\/div>\n\t\t\t\t<\/div>\n\t\t\t\t<div class=\"elementor-element elementor-element-16e6466 elementor-widget elementor-widget-text-editor\" data-id=\"16e6466\" data-element_type=\"widget\" data-e-type=\"widget\" data-widget_type=\"text-editor.default\">\n\t\t\t\t<div class=\"elementor-widget-container\">\n\t\t\t\t\t\t\t\t\t<div class=\"vc_row wpb_row vc_row-fluid vc_custom_1652220044133 vc_row-has-fill\">\n<div class=\"wpb_column vc_column_container vc_col-sm-12\">\n<div class=\"vc_column-inner\">\n<div class=\"wpb_wrapper\">\n<div class=\"vc_tta-container\" data-vc-action=\"collapse\">\n<div class=\"vc_general vc_tta vc_tta-tabs vc_tta-color-grey vc_tta-style-classic vc_tta-shape-rounded vc_tta-spacing-1 vc_tta-tabs-position-top vc_tta-controls-align-left\">\n<div class=\"vc_tta-panels-container\">\n<div class=\"vc_tta-panels\">\n<div id=\"1651526533003-d472749e-da22\" class=\"vc_tta-panel vc_active\" data-vc-content=\".vc_tta-panel-body\">\n<div class=\"vc_tta-panel-body\">\n<div class=\"wpb_text_column wpb_content_element \">\n<div class=\"wpb_wrapper\">\n<p>Recursos, orientaci\u00f3n e informaci\u00f3n sobre la COVID-19. Las vacunas son una herramienta fundamental para garantizar su protecci\u00f3n y la de su comunidad contra casos graves de COVID-19, hospitalizaciones y muertes. Se ha demostrado que son seguras y actualmente protegen a millones de neoyorquinos vacunados contra la COVID-19. <\/p>\n<p>La vacunaci\u00f3n es m\u00e1s segura que el riesgo de enfermarse y de sufrir los efectos secundarios a largo plazo de la COVID-19. Incluso las personas que han tenido la COVID-19 en el pasado deber\u00edan vacunarse. <\/p>\n<p>La vacuna de Pfizer contra la COVID-19 est\u00e1 disponible para ni\u00f1os de entre 5 y 11 a\u00f1os. La dosis de vacuna para este grupo de edad es menor que la dosis administrada a personas de 12 a\u00f1os o m\u00e1s. <\/p>\n<p>Los ni\u00f1os pueden vacunarse en el consultorio de su m\u00e9dico, farmacias y centros de vacunaci\u00f3n de toda la ciudad.<\/p>\n<p>Actualmente, hay dosis de refuerzo de la vacuna disponibles para los neoyorquinos mayores de 18 a\u00f1os. Estas dosis refuerzan la inmunidad de la serie de vacunaci\u00f3n inicial. <\/p>\n<p>A ninguna persona se le negar\u00e1 el acceso a una dosis de refuerzo en Nueva York, siempre que tenga 18 a\u00f1os de edad o m\u00e1s y haya recibido su segunda dosis de la vacuna Pfizer o Moderna hace al menos seis meses, o una dosis de Johnson &amp; Johnson hace al menos dos meses.<\/p>\n<p>La dosis de refuerzo puede ser cualquiera de las tres vacunas autorizadas o aprobadas. Si no est\u00e1 seguro de recibir una dosis de refuerzo o de qu\u00e9 tipo de vacuna deber\u00eda recibir, hable con su proveedor de atenci\u00f3n m\u00e9dica. <\/p>\n<p>Se pueden programar citas para una prueba r\u00e1pida gratuita del virus COVID-19 en los sitios COVID-in-Express del Departamento de Salud en toda la ciudad de Nueva York. Los resultados de la prueba est\u00e1n disponibles dentro de las 24 horas o menos despu\u00e9s de su visita. Esto significa que la mayor\u00eda de los pacientes recibir\u00e1n sus resultados el mismo d\u00eda de su visita. Todas las pruebas que se realizan en estos lugares son pruebas de laboratorio de diagn\u00f3stico por PCR, que son el tipo de prueba m\u00e1s preciso disponible.   <\/p>\n<p>Las pruebas de COVID-19 en los sitios de COVID Express son gratuitas para todos los neoyorquinos, independientemente de su estado migratorio.<\/p>\n<p>Si el resultado de la prueba es positivo, recibir\u00e1 una llamada de la cl\u00ednica y le dar\u00e1n ciertas recomendaciones, como esperar 90 d\u00edas antes de volver a hacerse la prueba desde que tuvo los primeros s\u00edntomas (o desde que recibi\u00f3 su primer resultado positivo, por lo que no ha tenido s\u00edntomas). Las personas pueden dar positivo durante semanas o meses despu\u00e9s de la infecci\u00f3n, aunque ya no sean contagiosas. Se cancelar\u00e1 cualquier cita realizada dentro de los 90 d\u00edas posteriores a recibir un resultado positivo en la prueba.  <\/p>\n<p>Si el paciente se ha recuperado de COVID-19 y ahora tiene nuevos s\u00edntomas de COVID-19, debe consultar a un proveedor de atenci\u00f3n m\u00e9dica, especialmente si tuvo contacto cercano con alguien que actualmente tiene COVID-19.<\/p>\n<p>El riesgo de contraer una infecci\u00f3n transmitida por el aire, como la COVID-19, el sarampi\u00f3n, la tuberculosis y probablemente muchas otras infecciones respiratorias, incluida la gripe, depende en gran medida de la cantidad de virus infecciosos (o bacterias en el caso de la gripe o tuberculosis) que se encuentran en el aire que respiramos. La cantidad de estos g\u00e9rmenes en el aire interior depende de dos cosas: la velocidad a la que las personas infectadas exhalan g\u00e9rmenes en una habitaci\u00f3n y la velocidad a la que los g\u00e9rmenes infecciosos se eliminan del aire.  <\/p>\n<p>Otra gu\u00eda e informaci\u00f3n sobre el COVID-19 es que la ventilaci\u00f3n y la filtraci\u00f3n del aire pueden eliminar los microbios que flotan en los espacios interiores, ya sea expuls\u00e1ndolos del edificio y reemplazando el aire con aire fresco del exterior o atrap\u00e1ndolos en un filtro que hace circular el aire hacia el interior. Con dos cambios de aire por hora, que es lo que se hace generalmente en los edificios grandes, se eliminan poco m\u00e1s de la mitad de los microbios existentes cada 30 minutos. Con seis cambios de aire por hora, lo que es t\u00edpico en las habitaciones de los hospitales y las aulas con varios filtros de aire HEPA port\u00e1tiles, se eliminan poco m\u00e1s de la mitad de los g\u00e9rmenes cada 10 minutos.  <\/p>\n<p>La FDA ha autorizado inyecciones adicionales para los estadounidenses mayores y aquellos con ciertas inmunodeficiencias. Esto es lo que saben los cient\u00edficos sobre qui\u00e9n necesita dosis y cu\u00e1ndo. <\/p>\n<p>La autorizaci\u00f3n de la FDA permite que cualquier persona mayor de 50 a\u00f1os reciba una segunda dosis de refuerzo. Pero los expertos afirman que la poca investigaci\u00f3n realizada hasta ahora solo recomienda una cuarta inyecci\u00f3n para las personas mayores de 65 a\u00f1os o aquellas con enfermedades subyacentes que las ponen en alto riesgo. <\/p>\n<\/div>\n<\/div>\n<\/div>\n<\/div>\n<\/div>\n<\/div>\n<\/div>\n<\/div>\n<\/div>\n<\/div>\n<\/div>\n<\/div>\n\t\t\t\t\t\t\t\t<\/div>\n\t\t\t\t<\/div>\n\t\t\t\t<div class=\"elementor-element elementor-element-6a1892b elementor-widget-divider--view-line elementor-widget elementor-widget-divider\" data-id=\"6a1892b\" data-element_type=\"widget\" data-e-type=\"widget\" data-widget_type=\"divider.default\">\n\t\t\t\t<div class=\"elementor-widget-container\">\n\t\t\t\t\t\t\t<div class=\"elementor-divider\">\n\t\t\t<span class=\"elementor-divider-separator\">\n\t\t\t\t\t\t<\/span>\n\t\t<\/div>\n\t\t\t\t\t\t<\/div>\n\t\t\t\t<\/div>\n\t\t\t\t<div class=\"elementor-element elementor-element-32c9f09 elementor-widget elementor-widget-text-editor\" data-id=\"32c9f09\" data-element_type=\"widget\" data-e-type=\"widget\" data-widget_type=\"text-editor.default\">\n\t\t\t\t<div class=\"elementor-widget-container\">\n\t\t\t\t\t\t\t\t\t<p><strong>Para aparecer en nuestro Billboard en Times Square, vaya a nuestra secci\u00f3n CONTACTO.<\/strong><\/p>\n<p>As\u00ed es como funciona:<\/p>\n<p>Ya sea un cumplea\u00f1os, una propuesta de matrimonio, un aniversario o una simple declaraci\u00f3n de amor, lo tenemos cubierto. \u00a1No seas un simple rostro entre la multitud! <br \/>\u00a1Consigue tu foto o v\u00eddeo en nuestra cartelera en Times Square!<\/p>\n<p>Opci\u00f3n 1: Tu video o foto de 60 segundos se mostrar\u00e1 22 veces al d\u00eda.<br \/>Opci\u00f3n 2: Tu video o foto de 30 segundos se mostrar\u00e1 44 veces al d\u00eda.<br \/>Opci\u00f3n 3: Tu video o foto de 15 segundos se mostrar\u00e1 88 veces al d\u00eda.<\/p>\n<p>Nuestro cartel publicitario mide 31 pies por 55 pies y est\u00e1 ubicado en 1560 Broadway (Broadway y 46th Street, justo encima de la tienda Pel\u00e9).<\/p>\n<p>\u00a1No seas una cara entre la multitud!<\/p>\n\t\t\t\t\t\t\t\t<\/div>\n\t\t\t\t<\/div>\n\t\t\t\t<div class=\"elementor-element elementor-element-ac251be elementor-widget elementor-widget-image\" data-id=\"ac251be\" data-element_type=\"widget\" data-e-type=\"widget\" data-widget_type=\"image.default\">\n\t\t\t\t<div class=\"elementor-widget-container\">\n\t\t\t\t\t\t\t\t\t\t\t\t\t\t\t<img fetchpriority=\"high\" decoding=\"async\" width=\"1024\" height=\"625\" src=\"https:\/\/welcome-to-times-square.com\/wp-content\/uploads\/2022\/05\/Resources-guidance-and-information-on-covid-19-1024x625.png\" class=\"attachment-large size-large wp-image-6236\" alt=\"\" srcset=\"https:\/\/welcome-to-times-square.com\/wp-content\/uploads\/2022\/05\/Resources-guidance-and-information-on-covid-19-1024x625.png 1024w, https:\/\/welcome-to-times-square.com\/wp-content\/uploads\/2022\/05\/Resources-guidance-and-information-on-covid-19-600x366.png 600w, https:\/\/welcome-to-times-square.com\/wp-content\/uploads\/2022\/05\/Resources-guidance-and-information-on-covid-19-300x183.png 300w, https:\/\/welcome-to-times-square.com\/wp-content\/uploads\/2022\/05\/Resources-guidance-and-information-on-covid-19-768x468.png 768w, https:\/\/welcome-to-times-square.com\/wp-content\/uploads\/2022\/05\/Resources-guidance-and-information-on-covid-19.png 1128w\" sizes=\"(max-width: 1024px) 100vw, 1024px\" \/>\t\t\t\t\t\t\t\t\t\t\t\t\t\t\t<\/div>\n\t\t\t\t<\/div>\n\t\t\t\t\t<\/div>\n\t\t\t\t<\/div>\n\t\t\t\t<\/div>\n\t\t","protected":false},"excerpt":{"rendered":"Recursos, orientaci\u00f3n e informaci\u00f3n sobre el covid 19 Recursos, orientaci\u00f3n e informaci\u00f3n sobre la COVID-19. Las vacunas son una herramienta fundamental para garantizar su protecci\u00f3n y la de su comunidad contra casos graves de COVID-19, hospitalizaciones y muertes. Se ha demostrado que son seguras y actualmente protegen a millones de neoyorquinos vacunados contra la COVID-19. [...]<a href=\"https:\/\/welcome-to-times-square.com\/es\/resources-guidance-and-information-on-covid-19\/\" class=\"read-more wyz-secondary-color-text\">read more<span class=\"screen-reader-text\">Recursos, orientaci\u00f3n e informaci\u00f3n sobre el covid 19<\/span><\/a>","protected":false},"author":53,"featured_media":0,"parent":0,"menu_order":0,"comment_status":"closed","ping_status":"closed","template":"elementor_header_footer","meta":{"footnotes":""},"class_list":["post-9026","page","type-page","status-publish","hentry"],"yoast_head":"<!-- This site is optimized with the Yoast SEO plugin v27.2 - https:\/\/yoast.com\/product\/yoast-seo-wordpress\/ -->\n<title>Recursos, orientaci\u00f3n e informaci\u00f3n sobre el covid 19 - times-square<\/title>\n<meta name=\"robots\" content=\"index, follow, max-snippet:-1, max-image-preview:large, max-video-preview:-1\" \/>\n<link rel=\"canonical\" href=\"https:\/\/welcome-to-times-square.com\/es\/resources-guidance-and-information-on-covid-19\/\" \/>\n<meta property=\"og:locale\" content=\"es_ES\" \/>\n<meta property=\"og:type\" content=\"article\" \/>\n<meta property=\"og:title\" content=\"Recursos, orientaci\u00f3n e informaci\u00f3n sobre el covid 19 - times-square\" \/>\n<meta property=\"og:description\" content=\"Recursos, orientaci\u00f3n e informaci\u00f3n sobre el covid 19 Recursos, orientaci\u00f3n e informaci\u00f3n sobre la COVID-19. Las vacunas son una herramienta fundamental para garantizar su protecci\u00f3n y la de su comunidad contra casos graves de COVID-19, hospitalizaciones y muertes. Se ha demostrado que son seguras y actualmente protegen a millones de neoyorquinos vacunados contra la COVID-19. [...]read moreRecursos, orientaci\u00f3n e informaci\u00f3n sobre el covid 19\" \/>\n<meta property=\"og:url\" content=\"https:\/\/welcome-to-times-square.com\/es\/resources-guidance-and-information-on-covid-19\/\" \/>\n<meta property=\"og:site_name\" content=\"times-square\" \/>\n<meta property=\"article:modified_time\" content=\"2025-01-17T12:00:42+00:00\" \/>\n<meta property=\"og:image\" content=\"https:\/\/welcome-to-times-square.com\/wp-content\/uploads\/2022\/05\/Resources-guidance-and-information-on-covid-19-1024x625.png\" \/>\n\t<meta property=\"og:image:width\" content=\"1024\" \/>\n\t<meta property=\"og:image:height\" content=\"625\" \/>\n\t<meta property=\"og:image:type\" content=\"image\/png\" \/>\n<meta name=\"twitter:card\" content=\"summary_large_image\" \/>\n<meta name=\"twitter:label1\" content=\"Tiempo de lectura\" \/>\n\t<meta name=\"twitter:data1\" content=\"4 minutos\" \/>\n<script type=\"application\/ld+json\" class=\"yoast-schema-graph\">{\"@context\":\"https:\/\/schema.org\",\"@graph\":[{\"@type\":\"WebPage\",\"@id\":\"https:\/\/welcome-to-times-square.com\/es\/resources-guidance-and-information-on-covid-19\/\",\"url\":\"https:\/\/welcome-to-times-square.com\/es\/resources-guidance-and-information-on-covid-19\/\",\"name\":\"Recursos, orientaci\u00f3n e informaci\u00f3n sobre el covid 19 - times-square\",\"isPartOf\":{\"@id\":\"https:\/\/welcome-to-times-square.com\/es\/#website\"},\"primaryImageOfPage\":{\"@id\":\"https:\/\/welcome-to-times-square.com\/es\/resources-guidance-and-information-on-covid-19\/#primaryimage\"},\"image\":{\"@id\":\"https:\/\/welcome-to-times-square.com\/es\/resources-guidance-and-information-on-covid-19\/#primaryimage\"},\"thumbnailUrl\":\"https:\/\/welcome-to-times-square.com\/wp-content\/uploads\/2022\/05\/Resources-guidance-and-information-on-covid-19-1024x625.png\",\"datePublished\":\"2022-05-02T21:05:07+00:00\",\"dateModified\":\"2025-01-17T12:00:42+00:00\",\"breadcrumb\":{\"@id\":\"https:\/\/welcome-to-times-square.com\/es\/resources-guidance-and-information-on-covid-19\/#breadcrumb\"},\"inLanguage\":\"es\",\"potentialAction\":[{\"@type\":\"ReadAction\",\"target\":[\"https:\/\/welcome-to-times-square.com\/es\/resources-guidance-and-information-on-covid-19\/\"]}]},{\"@type\":\"ImageObject\",\"inLanguage\":\"es\",\"@id\":\"https:\/\/welcome-to-times-square.com\/es\/resources-guidance-and-information-on-covid-19\/#primaryimage\",\"url\":\"https:\/\/welcome-to-times-square.com\/wp-content\/uploads\/2022\/05\/Resources-guidance-and-information-on-covid-19-1024x625.png\",\"contentUrl\":\"https:\/\/welcome-to-times-square.com\/wp-content\/uploads\/2022\/05\/Resources-guidance-and-information-on-covid-19-1024x625.png\"},{\"@type\":\"BreadcrumbList\",\"@id\":\"https:\/\/welcome-to-times-square.com\/es\/resources-guidance-and-information-on-covid-19\/#breadcrumb\",\"itemListElement\":[{\"@type\":\"ListItem\",\"position\":1,\"name\":\"Home\",\"item\":\"https:\/\/welcome-to-times-square.com\/es\/\"},{\"@type\":\"ListItem\",\"position\":2,\"name\":\"Recursos, orientaci\u00f3n e informaci\u00f3n sobre el covid 19\"}]},{\"@type\":\"WebSite\",\"@id\":\"https:\/\/welcome-to-times-square.com\/es\/#website\",\"url\":\"https:\/\/welcome-to-times-square.com\/es\/\",\"name\":\"times-square\",\"description\":\"times-square\",\"publisher\":{\"@id\":\"https:\/\/welcome-to-times-square.com\/es\/#organization\"},\"potentialAction\":[{\"@type\":\"SearchAction\",\"target\":{\"@type\":\"EntryPoint\",\"urlTemplate\":\"https:\/\/welcome-to-times-square.com\/es\/?s={search_term_string}\"},\"query-input\":{\"@type\":\"PropertyValueSpecification\",\"valueRequired\":true,\"valueName\":\"search_term_string\"}}],\"inLanguage\":\"es\"},{\"@type\":\"Organization\",\"@id\":\"https:\/\/welcome-to-times-square.com\/es\/#organization\",\"name\":\"times-square\",\"url\":\"https:\/\/welcome-to-times-square.com\/es\/\",\"logo\":{\"@type\":\"ImageObject\",\"inLanguage\":\"es\",\"@id\":\"https:\/\/welcome-to-times-square.com\/es\/#\/schema\/logo\/image\/\",\"url\":\"https:\/\/welcome-to-times-square.com\/wp-content\/uploads\/2024\/03\/welcome-to-time-square-logo-with-r.png\",\"contentUrl\":\"https:\/\/welcome-to-times-square.com\/wp-content\/uploads\/2024\/03\/welcome-to-time-square-logo-with-r.png\",\"width\":500,\"height\":342,\"caption\":\"times-square\"},\"image\":{\"@id\":\"https:\/\/welcome-to-times-square.com\/es\/#\/schema\/logo\/image\/\"}}]}<\/script>\n<!-- \/ Yoast SEO plugin. -->","yoast_head_json":{"title":"Recursos, orientaci\u00f3n e informaci\u00f3n sobre el covid 19 - times-square","robots":{"index":"index","follow":"follow","max-snippet":"max-snippet:-1","max-image-preview":"max-image-preview:large","max-video-preview":"max-video-preview:-1"},"canonical":"https:\/\/welcome-to-times-square.com\/es\/resources-guidance-and-information-on-covid-19\/","og_locale":"es_ES","og_type":"article","og_title":"Recursos, orientaci\u00f3n e informaci\u00f3n sobre el covid 19 - times-square","og_description":"Recursos, orientaci\u00f3n e informaci\u00f3n sobre el covid 19 Recursos, orientaci\u00f3n e informaci\u00f3n sobre la COVID-19. Las vacunas son una herramienta fundamental para garantizar su protecci\u00f3n y la de su comunidad contra casos graves de COVID-19, hospitalizaciones y muertes. Se ha demostrado que son seguras y actualmente protegen a millones de neoyorquinos vacunados contra la COVID-19. [...]read moreRecursos, orientaci\u00f3n e informaci\u00f3n sobre el covid 19","og_url":"https:\/\/welcome-to-times-square.com\/es\/resources-guidance-and-information-on-covid-19\/","og_site_name":"times-square","article_modified_time":"2025-01-17T12:00:42+00:00","og_image":[{"width":1024,"height":625,"url":"https:\/\/welcome-to-times-square.com\/wp-content\/uploads\/2022\/05\/Resources-guidance-and-information-on-covid-19-1024x625.png","type":"image\/png"}],"twitter_card":"summary_large_image","twitter_misc":{"Tiempo de lectura":"4 minutos"},"schema":{"@context":"https:\/\/schema.org","@graph":[{"@type":"WebPage","@id":"https:\/\/welcome-to-times-square.com\/es\/resources-guidance-and-information-on-covid-19\/","url":"https:\/\/welcome-to-times-square.com\/es\/resources-guidance-and-information-on-covid-19\/","name":"Recursos, orientaci\u00f3n e informaci\u00f3n sobre el covid 19 - times-square","isPartOf":{"@id":"https:\/\/welcome-to-times-square.com\/es\/#website"},"primaryImageOfPage":{"@id":"https:\/\/welcome-to-times-square.com\/es\/resources-guidance-and-information-on-covid-19\/#primaryimage"},"image":{"@id":"https:\/\/welcome-to-times-square.com\/es\/resources-guidance-and-information-on-covid-19\/#primaryimage"},"thumbnailUrl":"https:\/\/welcome-to-times-square.com\/wp-content\/uploads\/2022\/05\/Resources-guidance-and-information-on-covid-19-1024x625.png","datePublished":"2022-05-02T21:05:07+00:00","dateModified":"2025-01-17T12:00:42+00:00","breadcrumb":{"@id":"https:\/\/welcome-to-times-square.com\/es\/resources-guidance-and-information-on-covid-19\/#breadcrumb"},"inLanguage":"es","potentialAction":[{"@type":"ReadAction","target":["https:\/\/welcome-to-times-square.com\/es\/resources-guidance-and-information-on-covid-19\/"]}]},{"@type":"ImageObject","inLanguage":"es","@id":"https:\/\/welcome-to-times-square.com\/es\/resources-guidance-and-information-on-covid-19\/#primaryimage","url":"https:\/\/welcome-to-times-square.com\/wp-content\/uploads\/2022\/05\/Resources-guidance-and-information-on-covid-19-1024x625.png","contentUrl":"https:\/\/welcome-to-times-square.com\/wp-content\/uploads\/2022\/05\/Resources-guidance-and-information-on-covid-19-1024x625.png"},{"@type":"BreadcrumbList","@id":"https:\/\/welcome-to-times-square.com\/es\/resources-guidance-and-information-on-covid-19\/#breadcrumb","itemListElement":[{"@type":"ListItem","position":1,"name":"Home","item":"https:\/\/welcome-to-times-square.com\/es\/"},{"@type":"ListItem","position":2,"name":"Recursos, orientaci\u00f3n e informaci\u00f3n sobre el covid 19"}]},{"@type":"WebSite","@id":"https:\/\/welcome-to-times-square.com\/es\/#website","url":"https:\/\/welcome-to-times-square.com\/es\/","name":"times-square","description":"times-square","publisher":{"@id":"https:\/\/welcome-to-times-square.com\/es\/#organization"},"potentialAction":[{"@type":"SearchAction","target":{"@type":"EntryPoint","urlTemplate":"https:\/\/welcome-to-times-square.com\/es\/?s={search_term_string}"},"query-input":{"@type":"PropertyValueSpecification","valueRequired":true,"valueName":"search_term_string"}}],"inLanguage":"es"},{"@type":"Organization","@id":"https:\/\/welcome-to-times-square.com\/es\/#organization","name":"times-square","url":"https:\/\/welcome-to-times-square.com\/es\/","logo":{"@type":"ImageObject","inLanguage":"es","@id":"https:\/\/welcome-to-times-square.com\/es\/#\/schema\/logo\/image\/","url":"https:\/\/welcome-to-times-square.com\/wp-content\/uploads\/2024\/03\/welcome-to-time-square-logo-with-r.png","contentUrl":"https:\/\/welcome-to-times-square.com\/wp-content\/uploads\/2024\/03\/welcome-to-time-square-logo-with-r.png","width":500,"height":342,"caption":"times-square"},"image":{"@id":"https:\/\/welcome-to-times-square.com\/es\/#\/schema\/logo\/image\/"}}]}},"_hostinger_reach_plugin_has_subscription_block":false,"_hostinger_reach_plugin_is_elementor":false,"_links":{"self":[{"href":"https:\/\/welcome-to-times-square.com\/es\/wp-json\/wp\/v2\/pages\/9026","targetHints":{"allow":["GET"]}}],"collection":[{"href":"https:\/\/welcome-to-times-square.com\/es\/wp-json\/wp\/v2\/pages"}],"about":[{"href":"https:\/\/welcome-to-times-square.com\/es\/wp-json\/wp\/v2\/types\/page"}],"author":[{"embeddable":true,"href":"https:\/\/welcome-to-times-square.com\/es\/wp-json\/wp\/v2\/users\/53"}],"replies":[{"embeddable":true,"href":"https:\/\/welcome-to-times-square.com\/es\/wp-json\/wp\/v2\/comments?post=9026"}],"version-history":[{"count":2,"href":"https:\/\/welcome-to-times-square.com\/es\/wp-json\/wp\/v2\/pages\/9026\/revisions"}],"predecessor-version":[{"id":9047,"href":"https:\/\/welcome-to-times-square.com\/es\/wp-json\/wp\/v2\/pages\/9026\/revisions\/9047"}],"wp:attachment":[{"href":"https:\/\/welcome-to-times-square.com\/es\/wp-json\/wp\/v2\/media?parent=9026"}],"curies":[{"name":"wp","href":"https:\/\/api.w.org\/{rel}","templated":true}]}}