{"id":9039,"date":"2022-05-10T20:25:13","date_gmt":"2022-05-10T20:25:13","guid":{"rendered":"https:\/\/welcome-to-times-square.com\/a-taste-of-times-square\/"},"modified":"2025-01-17T12:47:45","modified_gmt":"2025-01-17T12:47:45","slug":"a-taste-of-times-square","status":"publish","type":"page","link":"https:\/\/welcome-to-times-square.com\/es\/a-taste-of-times-square\/","title":{"rendered":"Un sabor a Times Square"},"content":{"rendered":"\t\t<div data-elementor-type=\"wp-page\" data-elementor-id=\"9039\" class=\"elementor elementor-9039 elementor-2930\" data-elementor-post-type=\"page\">\n\t\t\t\t<div class=\"elementor-element elementor-element-42dac68 e-flex e-con-boxed e-con e-parent\" data-id=\"42dac68\" data-element_type=\"container\" data-e-type=\"container\" data-settings=\"{&quot;background_background&quot;:&quot;classic&quot;}\">\n\t\t\t\t\t<div class=\"e-con-inner\">\n\t\t\t\t<div class=\"elementor-element elementor-element-e940f2c elementor-widget elementor-widget-heading\" data-id=\"e940f2c\" data-element_type=\"widget\" data-e-type=\"widget\" data-widget_type=\"heading.default\">\n\t\t\t\t<div class=\"elementor-widget-container\">\n\t\t\t\t\t<h2 class=\"elementor-heading-title elementor-size-default\">Un sabor a Times Square<\/h2>\t\t\t\t<\/div>\n\t\t\t\t<\/div>\n\t\t\t\t<div class=\"elementor-element elementor-element-ee2ef11 elementor-widget-divider--view-line elementor-widget elementor-widget-divider\" data-id=\"ee2ef11\" data-element_type=\"widget\" data-e-type=\"widget\" data-widget_type=\"divider.default\">\n\t\t\t\t<div class=\"elementor-widget-container\">\n\t\t\t\t\t\t\t<div class=\"elementor-divider\">\n\t\t\t<span class=\"elementor-divider-separator\">\n\t\t\t\t\t\t<\/span>\n\t\t<\/div>\n\t\t\t\t\t\t<\/div>\n\t\t\t\t<\/div>\n\t\t\t\t<div class=\"elementor-element elementor-element-ae3d1ba elementor-widget elementor-widget-text-editor\" data-id=\"ae3d1ba\" data-element_type=\"widget\" data-e-type=\"widget\" data-widget_type=\"text-editor.default\">\n\t\t\t\t<div class=\"elementor-widget-container\">\n\t\t\t\t\t\t\t\t\t<div class=\"vc_row wpb_row vc_row-fluid vc_custom_1652220524696 vc_row-has-fill\">\n<div class=\"wpb_column vc_column_container vc_col-sm-12\">\n<div class=\"vc_column-inner\">\n<div class=\"wpb_wrapper\">\n<div class=\"vc_tta-container\" data-vc-action=\"collapse\">\n<div class=\"vc_general vc_tta vc_tta-tabs vc_tta-color-grey vc_tta-style-classic vc_tta-shape-rounded vc_tta-spacing-1 vc_tta-tabs-position-top vc_tta-controls-align-left\">\n<div class=\"vc_tta-panels-container\">\n<div class=\"vc_tta-panels\">\n<div id=\"1652214017249-6e849582-de04\" class=\"vc_tta-panel vc_active\" data-vc-content=\".vc_tta-panel-body\">\n<div class=\"vc_tta-panel-body\">\n<div class=\"wpb_text_column wpb_content_element \">\n<div class=\"wpb_wrapper\">\n<p>En los alrededores de Times Square hay tantos restaurantes y bares como personas paseando por sus calles. Hay ofertas gastron\u00f3micas para todos los gustos y para todas las edades. Desde los platos m\u00e1s tradicionales e hist\u00f3ricos, hasta las nuevas delicias gourmet de los chefs m\u00e1s innovadores. Times Square invita a disfrutar con la barriga llena.   <\/p>\n<p>Taste of Times Square es una de las celebraciones anuales de Times Square de los incre\u00edbles y maravillosos restaurantes de la ciudad de Nueva York, con todo su sabor y variedad de platos. El COVID-19 ha detenido el festival anual de comida y m\u00fasica al aire libre, que suele durar varias cuadras, pero gracias al avance de la ciencia, este a\u00f1o fue posible celebrar y promover los negocios locales, y en junio volver\u00e1n los festivales con men\u00fas especiales de precio fijo de tres platos por $35 en los restaurantes participantes.  <\/p>\n<p>Taste of Times Square, los comensales y clientes habituales podr\u00e1n salir y experimentar los mejores restaurantes de Times Square, podr\u00e1n probar la excelente comida y disfrutar con la confianza de saber que est\u00e1n tomando todas las medidas adecuadas para proteger la salud y la seguridad de los clientes y el personal. Incluso podr\u00e1s ver algunas actuaciones sorpresa entre las 5:30 p. m. y las 7:00 p. m. de Hell\u2019s Kitchen Happiness Krewe.   <\/p>\n<p>Se ofrecer\u00e1n men\u00fas de precio fijo de Taste of Times Square para comidas en el interior, comidas al aire libre, comida para llevar y entrega a domicilio desde los restaurantes participantes correspondientes.<\/p>\n<p>Sabor de Times Square, las cenas en el interior de los restaurantes se han reanudado en la ciudad de Times Square, ahora sin necesidad de llevar mascarillas ni carn\u00e9 de vacunaci\u00f3n, las terrazas para comer al aire libre, instaladas en antiguos aparcamientos, se han convertido en los lugares favoritos de neoyorquinos y turistas.<\/p>\n<p>Mientras tanto, la ciudad est\u00e1 ampliando su programa Calles Abiertas, que cierra las carreteras a los veh\u00edculos y las abre a los peatones.<\/p>\n<p>Taste of Times Square, la expansi\u00f3n de este programa, originalmente iba a ser un espacio para que la gente hiciera ejercicio, pero en parte pretende aumentar el tr\u00e1fico peatonal a lo largo de corredores comerciales en dificultades y dar a los barrios de bajos ingresos oportunidades similares a las de los enclaves m\u00e1s ricos y de mayor perfil.<\/p>\n<p>Los restaurantes mexicanos tienen mucho que contar, Casa Carmen es uno de los m\u00e1s recientes en la ciudad y el legado culinario de Carmen \u201cTitita\u201d Ram\u00edrez Degollado est\u00e1 a la vanguardia para seguir difundiendo esta gran cultura gastron\u00f3mica.<\/p>\n<p>Taste of Times Square, la pizza es muy importante para los neoyorquinos, algunas de las pizzer\u00edas m\u00e1s destacadas recomendadas por los clientes son: Capizzi, Uncle Paul\u2019s Pizza NY, Lombardi\u2019s Pizza, Juliana\u2019s Pizza, Kest\u00e9 Pizza &amp; Vino, John\u2019s of Bleecker Street, Grimaldi\u2019s, entre otras.<\/p>\n<p>Taste of Times Square, las pizzer\u00edas de Nueva York se destacan por su gran variedad de sabores de pizza. Puedes encontrar desde las m\u00e1s sencillas hasta las m\u00e1s ex\u00f3ticas. Las hay de queso mozzarella, pepperoni, queso ricotta, pollo y cheddar, pollo con salsa b\u00fafalo, cebolla, lasa\u00f1a, barbacoa, espinaca, pi\u00f1a, tocino, berenjena, napolitana, entre otras variedades. Y tambi\u00e9n hay opciones veganas.   <\/p>\n<p>Taste of Times Square, Hard Rock Caf\u00e9, ubicado en el centro de la ciudad de Nueva York y en el coraz\u00f3n de Times Square, Hard Rock Caf\u00e9 New York deleitar\u00e1 sus sentidos con comidas y bebidas tentadoras y una impresionante colecci\u00f3n de recuerdos musicales. Times Square, tambi\u00e9n llamada \u00abLa encrucijada del mundo\u00bb, es el hogar de la ca\u00edda de la bola de Nochevieja, Broadway Theatre. <\/p>\n<p>Taste of Times Square, el Skylark no puede faltar en la lista de los mejores rooftop-bars de Times Square. Se divide de la siguiente manera: la planta superior es la azotea y las otras dos plantas forman el sal\u00f3n. Su decoraci\u00f3n es incre\u00edble y entender\u00e1s por qu\u00e9 merece la pena visitar cada uno de los tres niveles una vez al a\u00f1o. En cualquiera de los tres niveles disfrutar\u00e1s de unas magn\u00edficas vistas de la ciudad.   <\/p>\n<p>Sabor a Times Square, la azotea del CATCH se ha convertido en un destino habitual para muchos neoyorquinos que buscan un lugar agradable y tranquilo donde disfrutar de buena comida y un c\u00f3ctel, huyendo de las masificadas azoteas del centro. Como pod\u00e9is comprobar, el local tiene el equilibrio ideal entre lo elegante y lo moderno, con un toque industrial actual muy en la l\u00ednea de Meatpacking. El local incluye un rooftop bar con vistas al skyline de Manhattan, una sala interior para los meses m\u00e1s fr\u00edos del duro invierno y un bonito y rico restaurante, perfecto para una velada rom\u00e1ntica. Adem\u00e1s, por la noche es habitual encontrar DJs que pinchan m\u00fasica en directo. En nuestra opini\u00f3n, sin duda una combinaci\u00f3n ganadora.    <\/p>\n<\/div>\n<\/div>\n<\/div>\n<\/div>\n<\/div>\n<\/div>\n<\/div>\n<\/div>\n<\/div>\n<\/div>\n<\/div>\n<\/div>\n\t\t\t\t\t\t\t\t<\/div>\n\t\t\t\t<\/div>\n\t\t\t\t<div class=\"elementor-element elementor-element-7eff627 elementor-widget-divider--view-line elementor-widget elementor-widget-divider\" data-id=\"7eff627\" data-element_type=\"widget\" data-e-type=\"widget\" data-widget_type=\"divider.default\">\n\t\t\t\t<div class=\"elementor-widget-container\">\n\t\t\t\t\t\t\t<div class=\"elementor-divider\">\n\t\t\t<span class=\"elementor-divider-separator\">\n\t\t\t\t\t\t<\/span>\n\t\t<\/div>\n\t\t\t\t\t\t<\/div>\n\t\t\t\t<\/div>\n\t\t\t\t<div class=\"elementor-element elementor-element-7323ed4 elementor-widget elementor-widget-text-editor\" data-id=\"7323ed4\" data-element_type=\"widget\" data-e-type=\"widget\" data-widget_type=\"text-editor.default\">\n\t\t\t\t<div class=\"elementor-widget-container\">\n\t\t\t\t\t\t\t\t\t<p><strong>Para aparecer en nuestro Billboard en Times Square, vaya a nuestra secci\u00f3n CONTACTO.<\/strong><\/p>\n<p>As\u00ed es como funciona:<\/p>\n<p>Ya sea un cumplea\u00f1os, una propuesta de matrimonio, un aniversario o una simple declaraci\u00f3n de amor, lo tenemos cubierto. \u00a1No seas un simple rostro entre la multitud! <br \/>\u00a1Consigue tu foto o v\u00eddeo en nuestra cartelera en Times Square!<\/p>\n<p>Opci\u00f3n 1: Tu video o foto de 60 segundos se mostrar\u00e1 22 veces al d\u00eda.<br \/>Opci\u00f3n 2: Tu video o foto de 30 segundos se mostrar\u00e1 44 veces al d\u00eda.<br \/>Opci\u00f3n 3: Tu video o foto de 15 segundos se mostrar\u00e1 88 veces al d\u00eda.<\/p>\n<p>Nuestro cartel publicitario mide 31 pies por 55 pies y est\u00e1 ubicado en 1560 Broadway (Broadway y 46th Street, justo encima de la tienda Pel\u00e9).<\/p>\n<p>\u00a1No seas una cara entre la multitud!<\/p>\n\t\t\t\t\t\t\t\t<\/div>\n\t\t\t\t<\/div>\n\t\t\t\t\t<\/div>\n\t\t\t\t<\/div>\n\t\t\t\t<\/div>\n\t\t","protected":false},"excerpt":{"rendered":"Un sabor a Times Square En los alrededores de Times Square hay tantos restaurantes y bares como personas paseando por sus calles. Hay ofertas gastron\u00f3micas para todos los gustos y para todas las edades. Desde los platos m\u00e1s tradicionales e hist\u00f3ricos, hasta las nuevas delicias gourmet de los chefs m\u00e1s innovadores. Times Square invita a [...]<a href=\"https:\/\/welcome-to-times-square.com\/es\/a-taste-of-times-square\/\" class=\"read-more wyz-secondary-color-text\">read more<span class=\"screen-reader-text\">Un sabor a Times Square<\/span><\/a>","protected":false},"author":53,"featured_media":0,"parent":0,"menu_order":0,"comment_status":"closed","ping_status":"closed","template":"elementor_header_footer","meta":{"footnotes":""},"class_list":["post-9039","page","type-page","status-publish","hentry"],"yoast_head":"<!-- This site is optimized with the Yoast SEO plugin v27.2 - https:\/\/yoast.com\/product\/yoast-seo-wordpress\/ -->\n<title>Un sabor a Times Square - times-square<\/title>\n<meta name=\"robots\" content=\"index, follow, max-snippet:-1, max-image-preview:large, max-video-preview:-1\" \/>\n<link rel=\"canonical\" href=\"https:\/\/welcome-to-times-square.com\/es\/a-taste-of-times-square\/\" \/>\n<meta property=\"og:locale\" content=\"es_ES\" \/>\n<meta property=\"og:type\" content=\"article\" \/>\n<meta property=\"og:title\" content=\"Un sabor a Times Square - times-square\" \/>\n<meta property=\"og:description\" content=\"Un sabor a Times Square En los alrededores de Times Square hay tantos restaurantes y bares como personas paseando por sus calles. Hay ofertas gastron\u00f3micas para todos los gustos y para todas las edades. Desde los platos m\u00e1s tradicionales e hist\u00f3ricos, hasta las nuevas delicias gourmet de los chefs m\u00e1s innovadores. Times Square invita a [...]read moreUn sabor a Times Square\" \/>\n<meta property=\"og:url\" content=\"https:\/\/welcome-to-times-square.com\/es\/a-taste-of-times-square\/\" \/>\n<meta property=\"og:site_name\" content=\"times-square\" \/>\n<meta property=\"article:modified_time\" content=\"2025-01-17T12:47:45+00:00\" \/>\n<meta name=\"twitter:card\" content=\"summary_large_image\" \/>\n<meta name=\"twitter:label1\" content=\"Tiempo de lectura\" \/>\n\t<meta name=\"twitter:data1\" content=\"4 minutos\" \/>\n<script type=\"application\/ld+json\" class=\"yoast-schema-graph\">{\"@context\":\"https:\/\/schema.org\",\"@graph\":[{\"@type\":\"WebPage\",\"@id\":\"https:\/\/welcome-to-times-square.com\/es\/a-taste-of-times-square\/\",\"url\":\"https:\/\/welcome-to-times-square.com\/es\/a-taste-of-times-square\/\",\"name\":\"Un sabor a Times Square - times-square\",\"isPartOf\":{\"@id\":\"https:\/\/welcome-to-times-square.com\/es\/#website\"},\"datePublished\":\"2022-05-10T20:25:13+00:00\",\"dateModified\":\"2025-01-17T12:47:45+00:00\",\"breadcrumb\":{\"@id\":\"https:\/\/welcome-to-times-square.com\/es\/a-taste-of-times-square\/#breadcrumb\"},\"inLanguage\":\"es\",\"potentialAction\":[{\"@type\":\"ReadAction\",\"target\":[\"https:\/\/welcome-to-times-square.com\/es\/a-taste-of-times-square\/\"]}]},{\"@type\":\"BreadcrumbList\",\"@id\":\"https:\/\/welcome-to-times-square.com\/es\/a-taste-of-times-square\/#breadcrumb\",\"itemListElement\":[{\"@type\":\"ListItem\",\"position\":1,\"name\":\"Home\",\"item\":\"https:\/\/welcome-to-times-square.com\/es\/\"},{\"@type\":\"ListItem\",\"position\":2,\"name\":\"Un sabor a Times Square\"}]},{\"@type\":\"WebSite\",\"@id\":\"https:\/\/welcome-to-times-square.com\/es\/#website\",\"url\":\"https:\/\/welcome-to-times-square.com\/es\/\",\"name\":\"times-square\",\"description\":\"times-square\",\"publisher\":{\"@id\":\"https:\/\/welcome-to-times-square.com\/es\/#organization\"},\"potentialAction\":[{\"@type\":\"SearchAction\",\"target\":{\"@type\":\"EntryPoint\",\"urlTemplate\":\"https:\/\/welcome-to-times-square.com\/es\/?s={search_term_string}\"},\"query-input\":{\"@type\":\"PropertyValueSpecification\",\"valueRequired\":true,\"valueName\":\"search_term_string\"}}],\"inLanguage\":\"es\"},{\"@type\":\"Organization\",\"@id\":\"https:\/\/welcome-to-times-square.com\/es\/#organization\",\"name\":\"times-square\",\"url\":\"https:\/\/welcome-to-times-square.com\/es\/\",\"logo\":{\"@type\":\"ImageObject\",\"inLanguage\":\"es\",\"@id\":\"https:\/\/welcome-to-times-square.com\/es\/#\/schema\/logo\/image\/\",\"url\":\"https:\/\/welcome-to-times-square.com\/wp-content\/uploads\/2024\/03\/welcome-to-time-square-logo-with-r.png\",\"contentUrl\":\"https:\/\/welcome-to-times-square.com\/wp-content\/uploads\/2024\/03\/welcome-to-time-square-logo-with-r.png\",\"width\":500,\"height\":342,\"caption\":\"times-square\"},\"image\":{\"@id\":\"https:\/\/welcome-to-times-square.com\/es\/#\/schema\/logo\/image\/\"}}]}<\/script>\n<!-- \/ Yoast SEO plugin. -->","yoast_head_json":{"title":"Un sabor a Times Square - times-square","robots":{"index":"index","follow":"follow","max-snippet":"max-snippet:-1","max-image-preview":"max-image-preview:large","max-video-preview":"max-video-preview:-1"},"canonical":"https:\/\/welcome-to-times-square.com\/es\/a-taste-of-times-square\/","og_locale":"es_ES","og_type":"article","og_title":"Un sabor a Times Square - times-square","og_description":"Un sabor a Times Square En los alrededores de Times Square hay tantos restaurantes y bares como personas paseando por sus calles. Hay ofertas gastron\u00f3micas para todos los gustos y para todas las edades. Desde los platos m\u00e1s tradicionales e hist\u00f3ricos, hasta las nuevas delicias gourmet de los chefs m\u00e1s innovadores. Times Square invita a [...]read moreUn sabor a Times Square","og_url":"https:\/\/welcome-to-times-square.com\/es\/a-taste-of-times-square\/","og_site_name":"times-square","article_modified_time":"2025-01-17T12:47:45+00:00","twitter_card":"summary_large_image","twitter_misc":{"Tiempo de lectura":"4 minutos"},"schema":{"@context":"https:\/\/schema.org","@graph":[{"@type":"WebPage","@id":"https:\/\/welcome-to-times-square.com\/es\/a-taste-of-times-square\/","url":"https:\/\/welcome-to-times-square.com\/es\/a-taste-of-times-square\/","name":"Un sabor a Times Square - times-square","isPartOf":{"@id":"https:\/\/welcome-to-times-square.com\/es\/#website"},"datePublished":"2022-05-10T20:25:13+00:00","dateModified":"2025-01-17T12:47:45+00:00","breadcrumb":{"@id":"https:\/\/welcome-to-times-square.com\/es\/a-taste-of-times-square\/#breadcrumb"},"inLanguage":"es","potentialAction":[{"@type":"ReadAction","target":["https:\/\/welcome-to-times-square.com\/es\/a-taste-of-times-square\/"]}]},{"@type":"BreadcrumbList","@id":"https:\/\/welcome-to-times-square.com\/es\/a-taste-of-times-square\/#breadcrumb","itemListElement":[{"@type":"ListItem","position":1,"name":"Home","item":"https:\/\/welcome-to-times-square.com\/es\/"},{"@type":"ListItem","position":2,"name":"Un sabor a Times Square"}]},{"@type":"WebSite","@id":"https:\/\/welcome-to-times-square.com\/es\/#website","url":"https:\/\/welcome-to-times-square.com\/es\/","name":"times-square","description":"times-square","publisher":{"@id":"https:\/\/welcome-to-times-square.com\/es\/#organization"},"potentialAction":[{"@type":"SearchAction","target":{"@type":"EntryPoint","urlTemplate":"https:\/\/welcome-to-times-square.com\/es\/?s={search_term_string}"},"query-input":{"@type":"PropertyValueSpecification","valueRequired":true,"valueName":"search_term_string"}}],"inLanguage":"es"},{"@type":"Organization","@id":"https:\/\/welcome-to-times-square.com\/es\/#organization","name":"times-square","url":"https:\/\/welcome-to-times-square.com\/es\/","logo":{"@type":"ImageObject","inLanguage":"es","@id":"https:\/\/welcome-to-times-square.com\/es\/#\/schema\/logo\/image\/","url":"https:\/\/welcome-to-times-square.com\/wp-content\/uploads\/2024\/03\/welcome-to-time-square-logo-with-r.png","contentUrl":"https:\/\/welcome-to-times-square.com\/wp-content\/uploads\/2024\/03\/welcome-to-time-square-logo-with-r.png","width":500,"height":342,"caption":"times-square"},"image":{"@id":"https:\/\/welcome-to-times-square.com\/es\/#\/schema\/logo\/image\/"}}]}},"_hostinger_reach_plugin_has_subscription_block":false,"_hostinger_reach_plugin_is_elementor":false,"_links":{"self":[{"href":"https:\/\/welcome-to-times-square.com\/es\/wp-json\/wp\/v2\/pages\/9039","targetHints":{"allow":["GET"]}}],"collection":[{"href":"https:\/\/welcome-to-times-square.com\/es\/wp-json\/wp\/v2\/pages"}],"about":[{"href":"https:\/\/welcome-to-times-square.com\/es\/wp-json\/wp\/v2\/types\/page"}],"author":[{"embeddable":true,"href":"https:\/\/welcome-to-times-square.com\/es\/wp-json\/wp\/v2\/users\/53"}],"replies":[{"embeddable":true,"href":"https:\/\/welcome-to-times-square.com\/es\/wp-json\/wp\/v2\/comments?post=9039"}],"version-history":[{"count":0,"href":"https:\/\/welcome-to-times-square.com\/es\/wp-json\/wp\/v2\/pages\/9039\/revisions"}],"wp:attachment":[{"href":"https:\/\/welcome-to-times-square.com\/es\/wp-json\/wp\/v2\/media?parent=9039"}],"curies":[{"name":"wp","href":"https:\/\/api.w.org\/{rel}","templated":true}]}}