{"id":9052,"date":"2022-05-02T21:18:28","date_gmt":"2022-05-02T21:18:28","guid":{"rendered":"https:\/\/welcome-to-times-square.com\/history-of-times-square\/"},"modified":"2025-09-12T14:07:16","modified_gmt":"2025-09-12T14:07:16","slug":"history-of-times-square","status":"publish","type":"page","link":"https:\/\/welcome-to-times-square.com\/es\/history-of-times-square\/","title":{"rendered":"Historia de Times Square"},"content":{"rendered":"\t\t<div data-elementor-type=\"wp-page\" data-elementor-id=\"9052\" class=\"elementor elementor-9052 elementor-2884\" data-elementor-post-type=\"page\">\n\t\t\t\t<div class=\"elementor-element elementor-element-67403a9 e-flex e-con-boxed e-con e-parent\" data-id=\"67403a9\" data-element_type=\"container\" data-e-type=\"container\" data-settings=\"{&quot;background_background&quot;:&quot;classic&quot;}\">\n\t\t\t\t\t<div class=\"e-con-inner\">\n\t\t\t\t<div class=\"elementor-element elementor-element-42c7c90 elementor-widget elementor-widget-heading\" data-id=\"42c7c90\" data-element_type=\"widget\" data-e-type=\"widget\" data-widget_type=\"heading.default\">\n\t\t\t\t<div class=\"elementor-widget-container\">\n\t\t\t\t\t<h2 class=\"elementor-heading-title elementor-size-default\">Historia de Times Square<\/h2>\t\t\t\t<\/div>\n\t\t\t\t<\/div>\n\t\t\t\t<div class=\"elementor-element elementor-element-3b04843 elementor-widget-divider--view-line elementor-widget elementor-widget-divider\" data-id=\"3b04843\" data-element_type=\"widget\" data-e-type=\"widget\" data-widget_type=\"divider.default\">\n\t\t\t\t<div class=\"elementor-widget-container\">\n\t\t\t\t\t\t\t<div class=\"elementor-divider\">\n\t\t\t<span class=\"elementor-divider-separator\">\n\t\t\t\t\t\t<\/span>\n\t\t<\/div>\n\t\t\t\t\t\t<\/div>\n\t\t\t\t<\/div>\n\t\t\t\t<div class=\"elementor-element elementor-element-2dc70aa elementor-widget elementor-widget-text-editor\" data-id=\"2dc70aa\" data-element_type=\"widget\" data-e-type=\"widget\" data-widget_type=\"text-editor.default\">\n\t\t\t\t<div class=\"elementor-widget-container\">\n\t\t\t\t\t\t\t\t\t<div class=\"vc_row wpb_row vc_row-fluid vc_custom_1652220116103 vc_row-has-fill\"><div class=\"wpb_column vc_column_container vc_col-sm-12\"><div class=\"vc_column-inner\"><div class=\"wpb_wrapper\"><div class=\"vc_tta-container\" data-vc-action=\"collapse\"><div class=\"vc_general vc_tta vc_tta-tabs vc_tta-color-grey vc_tta-style-classic vc_tta-shape-rounded vc_tta-spacing-1 vc_tta-tabs-position-top vc_tta-controls-align-left\"><div class=\"vc_tta-panels-container\"><div class=\"vc_tta-panels\"><div id=\"1651526556988-7f2d79f0-76fe\" class=\"vc_tta-panel vc_active\" data-vc-content=\".vc_tta-panel-body\"><div class=\"vc_tta-panel-body\"><div class=\"wpb_text_column wpb_content_element \"><div class=\"wpb_wrapper\"><p>El origen de este lugar fue conocido como Long Acre Square, pero pas\u00f3 a llamarse Times Square tras ubicarse en 1904, en la intersecci\u00f3n de la calle 42, las oficinas del New York Times. En 1913, las oficinas del peri\u00f3dico se trasladaron al 229 de la calle 43, y el edificio pas\u00f3 a llamarse 1 Times Square en 1961. <\/p><p>Historia de Times Square, a principios del siglo XX, Times Square se convirti\u00f3 en uno de los lugares m\u00e1s importantes de la ciudad de Nueva York, con la construcci\u00f3n de teatros, restaurantes y hoteles de lujo y primera clase. El sitio comenz\u00f3 a cambiar en los a\u00f1os 30 donde se convirti\u00f3 en un lugar peligroso con prostituci\u00f3n, delincuencia y drogas, esto perdur\u00f3 por m\u00e1s de medio siglo. <\/p><p>Historia de Times Square Durante la d\u00e9cada de 1980, <a href=\"https:\/\/www.britannica.com\/biography\/Ed-Koch\">los alcaldes Ed Koch<\/a> y <a href=\"https:\/\/www.britannica.com\/biography\/David-Dinkins\">David Dinkins<\/a> iniciaron un proyecto de reurbanizaci\u00f3n del centro de Manhattan que inclu\u00eda Times Square. En los a\u00f1os 90, el alcalde Rudolph Giuliani abord\u00f3 el proyecto de limpieza de la zona con el cierre de teatros pornogr\u00e1ficos, sex-shops y la compra de los nueve teatros hist\u00f3ricos de la calle 42 por el <a href=\"https:\/\/en.wikipedia.org\/wiki\/New_York_(state)\">Estado de Nueva York<\/a>. Times Square est\u00e1 situada entre la 7\u00aa Avenida y Broadway, y las calles 42 y 47, y actualmente es el coraz\u00f3n de la ciudad en general y del distrito teatral de Nueva York en particular.  <\/p><p>Toda la zona est\u00e1 iluminada d\u00eda y noche por grandes carteles luminosos y enormes pantallas de televisi\u00f3n, lo que la ha hecho famosa en todo el mundo, al igual que el descenso de la bola de cristal cada 31 de diciembre desde lo alto del 1 de Times Square anunciando el nuevo a\u00f1o. Hasta dos millones de personas acudieron a Times Square para dar la bienvenida al a\u00f1o 2000 con el descenso de la Millennial Crystal Ball de Waterford, una enorme bola de cristal de Swarovski fabricada espec\u00edficamente para este evento. <\/p><p>El extremo norte de la plaza, entre las calles 46 y 47, se conoce como Plaza Duffy en honor del padre Francis P. Duffy, capell\u00e1n del <a href=\"https:\/\/en.wikipedia.org\/wiki\/69th_Infantry_Regiment_(New_York)\">Regimiento de Infanter\u00eda de Nueva York<\/a> durante la Segunda Guerra Mundial. En la taquilla TKTS, situada en el centro de la Plaza Duffy, se pueden adquirir entradas a mitad de precio para espect\u00e1culos de Broadway para el mismo d\u00eda. Las taquillas, renovadas en 2008, est\u00e1n cubiertas en su tejado con amplios pelda\u00f1os en forma de escalera que permiten a los visitantes sentarse o disfrutar de una vista panor\u00e1mica.  <\/p><p>El 25 de mayo de 2009, el <a href=\"https:\/\/council.nyc.gov\/\">ayuntamiento de Nueva York<\/a> cerr\u00f3 temporalmente al tr\u00e1fico peatonal el tramo de Broadway que atraviesa Times Square. El experimento fue un gran \u00e9xito y se ha convertido en una plaza peatonal permanente donde el lugar es m\u00e1s agradable con nuevos bancos met\u00e1licos, sillas y mesas. <\/p><p>Times Square tiene su propia estaci\u00f3n de polic\u00eda, su empresa de limpieza de calles y su oficina de turismo que tiene toda la informaci\u00f3n sobre la ciudad, y tambi\u00e9n es un peque\u00f1o museo dedicado a esta importante plaza.<\/p><p>Times Square no ser\u00eda reconocible sin sus sorprendentes carteles luminosos. Una imagen que es admirada por dos millones de personas que pasan por esta plaza cada d\u00eda y muchos millones m\u00e1s en el mundo que la disfrutan a trav\u00e9s de fotograf\u00edas, pinturas, cine y televisi\u00f3n. Times Square comenz\u00f3 a llenarse de grandes anuncios en 1916, cuando el Ayuntamiento impuls\u00f3 su instalaci\u00f3n en esta parte de la ciudad. Desde entonces son muchos los que han pasado por aqu\u00ed, algunos de ellos verdaderas obras de arte. Adem\u00e1s, jugaron un papel importante en la remodelaci\u00f3n de la plaza durante su \u00e9poca m\u00e1s decadente: como medida de presi\u00f3n a los gobernantes de la ciudad, una noche sus vecinos apagaron todos los carteles durante 15 minutos. La medida tuvo excelentes resultados y la negociaci\u00f3n se llev\u00f3 a cabo. Hoy, una ordenanza municipal obliga a los edificios de esta zona a ceder su fachada para la instalaci\u00f3n de dichos anuncios.      <\/p><p>Times Square es la zona m\u00e1s llamativa de la ciudad y nuestro lugar favorito para buscar alojamiento, as\u00ed como para cenar y tomar una copa. Busques lo que busques, en <a href=\"https:\/\/welcome-to-times-square.com\/es\/\">Times<\/a> Square lo encontrar\u00e1s. <\/p><p>Los tours por Times Square se agotan r\u00e1pidamente, por lo que es mejor anticiparse y comprar entradas para disfrutar de todo lo que sucede en este maravilloso lugar.<\/p><p>Por primera vez en la historia, para la edici\u00f3n 2020 (durante la pandemia) se cre\u00f3 una aplicaci\u00f3n de pelota con el objetivo de acompa\u00f1ar a las personas durante el 31 de diciembre y los d\u00edas previos a trav\u00e9s de una experiencia virtual inmersiva que se desarrolla en el epicentro de Times Square.<\/p><\/div><\/div><\/div><\/div><\/div><\/div><\/div><\/div><\/div><\/div><\/div><\/div>\t\t\t\t\t\t\t\t<\/div>\n\t\t\t\t<\/div>\n\t\t\t\t<div class=\"elementor-element elementor-element-b316454 elementor-widget-divider--view-line elementor-widget elementor-widget-divider\" data-id=\"b316454\" data-element_type=\"widget\" data-e-type=\"widget\" data-widget_type=\"divider.default\">\n\t\t\t\t<div class=\"elementor-widget-container\">\n\t\t\t\t\t\t\t<div class=\"elementor-divider\">\n\t\t\t<span class=\"elementor-divider-separator\">\n\t\t\t\t\t\t<\/span>\n\t\t<\/div>\n\t\t\t\t\t\t<\/div>\n\t\t\t\t<\/div>\n\t\t\t\t<div class=\"elementor-element elementor-element-82959a3 elementor-widget elementor-widget-text-editor\" data-id=\"82959a3\" data-element_type=\"widget\" data-e-type=\"widget\" data-widget_type=\"text-editor.default\">\n\t\t\t\t<div class=\"elementor-widget-container\">\n\t\t\t\t\t\t\t\t\t<p><strong>Para aparecer en nuestro Billboard en Times Square, vaya a nuestra secci\u00f3n CONTACTO.<\/strong><\/p><p>As\u00ed es como funciona:<\/p><p>Ya sea un cumplea\u00f1os, una propuesta de matrimonio, un aniversario o una simple declaraci\u00f3n de amor, lo tenemos cubierto. \u00a1No seas una cara en la multitud!<br>\u00a1Pon tu foto o v\u00eddeo en nuestra <a href=\"https:\/\/welcome-to-times-square.com\/es\/billboard\/\">valla publicitaria en Times Square<\/a>!<\/p><p>Opci\u00f3n 1: Tu video o foto de 60 segundos se mostrar\u00e1 22 veces al d\u00eda.<br>Opci\u00f3n 2: Tu video o foto de 30 segundos se mostrar\u00e1 44 veces al d\u00eda.<br>Opci\u00f3n 3: Tu video o foto de 15 segundos se mostrar\u00e1 88 veces al d\u00eda.<\/p><p>Nuestro cartel publicitario mide 31 pies por 55 pies y est\u00e1 ubicado en 1560 Broadway (Broadway y 46th Street, justo encima de la tienda Pel\u00e9).<\/p><p>\u00a1No seas una cara entre la multitud!<\/p>\t\t\t\t\t\t\t\t<\/div>\n\t\t\t\t<\/div>\n\t\t\t\t<div class=\"elementor-element elementor-element-02068a6 elementor-widget elementor-widget-image\" data-id=\"02068a6\" data-element_type=\"widget\" data-e-type=\"widget\" data-widget_type=\"image.default\">\n\t\t\t\t<div class=\"elementor-widget-container\">\n\t\t\t\t\t\t\t\t\t\t\t\t\t\t\t<img fetchpriority=\"high\" decoding=\"async\" width=\"1024\" height=\"645\" src=\"https:\/\/welcome-to-times-square.com\/wp-content\/uploads\/2022\/04\/shopping-1024x645.png\" class=\"attachment-large size-large wp-image-6166\" alt=\"\" srcset=\"https:\/\/welcome-to-times-square.com\/wp-content\/uploads\/2022\/04\/shopping-1024x645.png 1024w, https:\/\/welcome-to-times-square.com\/wp-content\/uploads\/2022\/04\/shopping-600x378.png 600w, https:\/\/welcome-to-times-square.com\/wp-content\/uploads\/2022\/04\/shopping-300x189.png 300w, https:\/\/welcome-to-times-square.com\/wp-content\/uploads\/2022\/04\/shopping-768x484.png 768w, https:\/\/welcome-to-times-square.com\/wp-content\/uploads\/2022\/04\/shopping.png 1302w\" sizes=\"(max-width: 1024px) 100vw, 1024px\" \/>\t\t\t\t\t\t\t\t\t\t\t\t\t\t\t<\/div>\n\t\t\t\t<\/div>\n\t\t\t\t\t<\/div>\n\t\t\t\t<\/div>\n\t\t\t\t<\/div>\n\t\t","protected":false},"excerpt":{"rendered":"Historia de Times Square El origen de este lugar fue conocido como Long Acre Square, pero pas\u00f3 a llamarse Times Square tras ubicarse en 1904, en la intersecci\u00f3n de la calle 42, las oficinas del New York Times. En 1913, las oficinas del peri\u00f3dico se trasladaron al 229 de la calle 43, y el edificio [...]<a href=\"https:\/\/welcome-to-times-square.com\/es\/history-of-times-square\/\" class=\"read-more wyz-secondary-color-text\">read more<span class=\"screen-reader-text\">Historia de Times Square<\/span><\/a>","protected":false},"author":53,"featured_media":0,"parent":0,"menu_order":0,"comment_status":"closed","ping_status":"closed","template":"elementor_header_footer","meta":{"footnotes":""},"class_list":["post-9052","page","type-page","status-publish","hentry"],"yoast_head":"<!-- This site is optimized with the Yoast SEO plugin v27.2 - https:\/\/yoast.com\/product\/yoast-seo-wordpress\/ -->\n<title>Historia de Times Square - times-square<\/title>\n<meta name=\"robots\" content=\"index, follow, max-snippet:-1, max-image-preview:large, max-video-preview:-1\" \/>\n<link rel=\"canonical\" href=\"https:\/\/welcome-to-times-square.com\/es\/history-of-times-square\/\" \/>\n<meta property=\"og:locale\" content=\"es_ES\" \/>\n<meta property=\"og:type\" content=\"article\" \/>\n<meta property=\"og:title\" content=\"Historia de Times Square - times-square\" \/>\n<meta property=\"og:description\" content=\"Historia de Times Square El origen de este lugar fue conocido como Long Acre Square, pero pas\u00f3 a llamarse Times Square tras ubicarse en 1904, en la intersecci\u00f3n de la calle 42, las oficinas del New York Times. En 1913, las oficinas del peri\u00f3dico se trasladaron al 229 de la calle 43, y el edificio [...]read moreHistoria de Times Square\" \/>\n<meta property=\"og:url\" content=\"https:\/\/welcome-to-times-square.com\/es\/history-of-times-square\/\" \/>\n<meta property=\"og:site_name\" content=\"times-square\" \/>\n<meta property=\"article:modified_time\" content=\"2025-09-12T14:07:16+00:00\" \/>\n<meta property=\"og:image\" content=\"https:\/\/welcome-to-times-square.com\/wp-content\/uploads\/2022\/04\/shopping-1024x645.png\" \/>\n\t<meta property=\"og:image:width\" content=\"1024\" \/>\n\t<meta property=\"og:image:height\" content=\"645\" \/>\n\t<meta property=\"og:image:type\" content=\"image\/png\" \/>\n<meta name=\"twitter:card\" content=\"summary_large_image\" \/>\n<meta name=\"twitter:label1\" content=\"Tiempo de lectura\" \/>\n\t<meta name=\"twitter:data1\" content=\"4 minutos\" \/>\n<script type=\"application\/ld+json\" class=\"yoast-schema-graph\">{\"@context\":\"https:\/\/schema.org\",\"@graph\":[{\"@type\":\"WebPage\",\"@id\":\"https:\/\/welcome-to-times-square.com\/es\/history-of-times-square\/\",\"url\":\"https:\/\/welcome-to-times-square.com\/es\/history-of-times-square\/\",\"name\":\"Historia de Times Square - times-square\",\"isPartOf\":{\"@id\":\"https:\/\/welcome-to-times-square.com\/es\/#website\"},\"primaryImageOfPage\":{\"@id\":\"https:\/\/welcome-to-times-square.com\/es\/history-of-times-square\/#primaryimage\"},\"image\":{\"@id\":\"https:\/\/welcome-to-times-square.com\/es\/history-of-times-square\/#primaryimage\"},\"thumbnailUrl\":\"https:\/\/welcome-to-times-square.com\/wp-content\/uploads\/2022\/04\/shopping-1024x645.png\",\"datePublished\":\"2022-05-02T21:18:28+00:00\",\"dateModified\":\"2025-09-12T14:07:16+00:00\",\"breadcrumb\":{\"@id\":\"https:\/\/welcome-to-times-square.com\/es\/history-of-times-square\/#breadcrumb\"},\"inLanguage\":\"es\",\"potentialAction\":[{\"@type\":\"ReadAction\",\"target\":[\"https:\/\/welcome-to-times-square.com\/es\/history-of-times-square\/\"]}]},{\"@type\":\"ImageObject\",\"inLanguage\":\"es\",\"@id\":\"https:\/\/welcome-to-times-square.com\/es\/history-of-times-square\/#primaryimage\",\"url\":\"https:\/\/welcome-to-times-square.com\/wp-content\/uploads\/2022\/04\/shopping-1024x645.png\",\"contentUrl\":\"https:\/\/welcome-to-times-square.com\/wp-content\/uploads\/2022\/04\/shopping-1024x645.png\"},{\"@type\":\"BreadcrumbList\",\"@id\":\"https:\/\/welcome-to-times-square.com\/es\/history-of-times-square\/#breadcrumb\",\"itemListElement\":[{\"@type\":\"ListItem\",\"position\":1,\"name\":\"Home\",\"item\":\"https:\/\/welcome-to-times-square.com\/es\/\"},{\"@type\":\"ListItem\",\"position\":2,\"name\":\"Historia de Times Square\"}]},{\"@type\":\"WebSite\",\"@id\":\"https:\/\/welcome-to-times-square.com\/es\/#website\",\"url\":\"https:\/\/welcome-to-times-square.com\/es\/\",\"name\":\"times-square\",\"description\":\"times-square\",\"publisher\":{\"@id\":\"https:\/\/welcome-to-times-square.com\/es\/#organization\"},\"potentialAction\":[{\"@type\":\"SearchAction\",\"target\":{\"@type\":\"EntryPoint\",\"urlTemplate\":\"https:\/\/welcome-to-times-square.com\/es\/?s={search_term_string}\"},\"query-input\":{\"@type\":\"PropertyValueSpecification\",\"valueRequired\":true,\"valueName\":\"search_term_string\"}}],\"inLanguage\":\"es\"},{\"@type\":\"Organization\",\"@id\":\"https:\/\/welcome-to-times-square.com\/es\/#organization\",\"name\":\"times-square\",\"url\":\"https:\/\/welcome-to-times-square.com\/es\/\",\"logo\":{\"@type\":\"ImageObject\",\"inLanguage\":\"es\",\"@id\":\"https:\/\/welcome-to-times-square.com\/es\/#\/schema\/logo\/image\/\",\"url\":\"https:\/\/welcome-to-times-square.com\/wp-content\/uploads\/2024\/03\/welcome-to-time-square-logo-with-r.png\",\"contentUrl\":\"https:\/\/welcome-to-times-square.com\/wp-content\/uploads\/2024\/03\/welcome-to-time-square-logo-with-r.png\",\"width\":500,\"height\":342,\"caption\":\"times-square\"},\"image\":{\"@id\":\"https:\/\/welcome-to-times-square.com\/es\/#\/schema\/logo\/image\/\"}}]}<\/script>\n<!-- \/ Yoast SEO plugin. -->","yoast_head_json":{"title":"Historia de Times Square - times-square","robots":{"index":"index","follow":"follow","max-snippet":"max-snippet:-1","max-image-preview":"max-image-preview:large","max-video-preview":"max-video-preview:-1"},"canonical":"https:\/\/welcome-to-times-square.com\/es\/history-of-times-square\/","og_locale":"es_ES","og_type":"article","og_title":"Historia de Times Square - times-square","og_description":"Historia de Times Square El origen de este lugar fue conocido como Long Acre Square, pero pas\u00f3 a llamarse Times Square tras ubicarse en 1904, en la intersecci\u00f3n de la calle 42, las oficinas del New York Times. En 1913, las oficinas del peri\u00f3dico se trasladaron al 229 de la calle 43, y el edificio [...]read moreHistoria de Times Square","og_url":"https:\/\/welcome-to-times-square.com\/es\/history-of-times-square\/","og_site_name":"times-square","article_modified_time":"2025-09-12T14:07:16+00:00","og_image":[{"width":1024,"height":645,"url":"https:\/\/welcome-to-times-square.com\/wp-content\/uploads\/2022\/04\/shopping-1024x645.png","type":"image\/png"}],"twitter_card":"summary_large_image","twitter_misc":{"Tiempo de lectura":"4 minutos"},"schema":{"@context":"https:\/\/schema.org","@graph":[{"@type":"WebPage","@id":"https:\/\/welcome-to-times-square.com\/es\/history-of-times-square\/","url":"https:\/\/welcome-to-times-square.com\/es\/history-of-times-square\/","name":"Historia de Times Square - times-square","isPartOf":{"@id":"https:\/\/welcome-to-times-square.com\/es\/#website"},"primaryImageOfPage":{"@id":"https:\/\/welcome-to-times-square.com\/es\/history-of-times-square\/#primaryimage"},"image":{"@id":"https:\/\/welcome-to-times-square.com\/es\/history-of-times-square\/#primaryimage"},"thumbnailUrl":"https:\/\/welcome-to-times-square.com\/wp-content\/uploads\/2022\/04\/shopping-1024x645.png","datePublished":"2022-05-02T21:18:28+00:00","dateModified":"2025-09-12T14:07:16+00:00","breadcrumb":{"@id":"https:\/\/welcome-to-times-square.com\/es\/history-of-times-square\/#breadcrumb"},"inLanguage":"es","potentialAction":[{"@type":"ReadAction","target":["https:\/\/welcome-to-times-square.com\/es\/history-of-times-square\/"]}]},{"@type":"ImageObject","inLanguage":"es","@id":"https:\/\/welcome-to-times-square.com\/es\/history-of-times-square\/#primaryimage","url":"https:\/\/welcome-to-times-square.com\/wp-content\/uploads\/2022\/04\/shopping-1024x645.png","contentUrl":"https:\/\/welcome-to-times-square.com\/wp-content\/uploads\/2022\/04\/shopping-1024x645.png"},{"@type":"BreadcrumbList","@id":"https:\/\/welcome-to-times-square.com\/es\/history-of-times-square\/#breadcrumb","itemListElement":[{"@type":"ListItem","position":1,"name":"Home","item":"https:\/\/welcome-to-times-square.com\/es\/"},{"@type":"ListItem","position":2,"name":"Historia de Times Square"}]},{"@type":"WebSite","@id":"https:\/\/welcome-to-times-square.com\/es\/#website","url":"https:\/\/welcome-to-times-square.com\/es\/","name":"times-square","description":"times-square","publisher":{"@id":"https:\/\/welcome-to-times-square.com\/es\/#organization"},"potentialAction":[{"@type":"SearchAction","target":{"@type":"EntryPoint","urlTemplate":"https:\/\/welcome-to-times-square.com\/es\/?s={search_term_string}"},"query-input":{"@type":"PropertyValueSpecification","valueRequired":true,"valueName":"search_term_string"}}],"inLanguage":"es"},{"@type":"Organization","@id":"https:\/\/welcome-to-times-square.com\/es\/#organization","name":"times-square","url":"https:\/\/welcome-to-times-square.com\/es\/","logo":{"@type":"ImageObject","inLanguage":"es","@id":"https:\/\/welcome-to-times-square.com\/es\/#\/schema\/logo\/image\/","url":"https:\/\/welcome-to-times-square.com\/wp-content\/uploads\/2024\/03\/welcome-to-time-square-logo-with-r.png","contentUrl":"https:\/\/welcome-to-times-square.com\/wp-content\/uploads\/2024\/03\/welcome-to-time-square-logo-with-r.png","width":500,"height":342,"caption":"times-square"},"image":{"@id":"https:\/\/welcome-to-times-square.com\/es\/#\/schema\/logo\/image\/"}}]}},"_hostinger_reach_plugin_has_subscription_block":false,"_hostinger_reach_plugin_is_elementor":false,"_links":{"self":[{"href":"https:\/\/welcome-to-times-square.com\/es\/wp-json\/wp\/v2\/pages\/9052","targetHints":{"allow":["GET"]}}],"collection":[{"href":"https:\/\/welcome-to-times-square.com\/es\/wp-json\/wp\/v2\/pages"}],"about":[{"href":"https:\/\/welcome-to-times-square.com\/es\/wp-json\/wp\/v2\/types\/page"}],"author":[{"embeddable":true,"href":"https:\/\/welcome-to-times-square.com\/es\/wp-json\/wp\/v2\/users\/53"}],"replies":[{"embeddable":true,"href":"https:\/\/welcome-to-times-square.com\/es\/wp-json\/wp\/v2\/comments?post=9052"}],"version-history":[{"count":3,"href":"https:\/\/welcome-to-times-square.com\/es\/wp-json\/wp\/v2\/pages\/9052\/revisions"}],"predecessor-version":[{"id":14819,"href":"https:\/\/welcome-to-times-square.com\/es\/wp-json\/wp\/v2\/pages\/9052\/revisions\/14819"}],"wp:attachment":[{"href":"https:\/\/welcome-to-times-square.com\/es\/wp-json\/wp\/v2\/media?parent=9052"}],"curies":[{"name":"wp","href":"https:\/\/api.w.org\/{rel}","templated":true}]}}