{"id":9071,"date":"2022-05-02T21:12:23","date_gmt":"2022-05-02T21:12:23","guid":{"rendered":"https:\/\/welcome-to-times-square.com\/times-square-transformation\/"},"modified":"2025-01-17T12:40:08","modified_gmt":"2025-01-17T12:40:08","slug":"times-square-transformation","status":"publish","type":"page","link":"https:\/\/welcome-to-times-square.com\/es\/times-square-transformation\/","title":{"rendered":"Transformaci\u00f3n de Times Square"},"content":{"rendered":"\t\t<div data-elementor-type=\"wp-page\" data-elementor-id=\"9071\" class=\"elementor elementor-9071 elementor-2883\" data-elementor-post-type=\"page\">\n\t\t\t\t<div class=\"elementor-element elementor-element-754e7cb e-flex e-con-boxed e-con e-parent\" data-id=\"754e7cb\" data-element_type=\"container\" data-e-type=\"container\" data-settings=\"{&quot;background_background&quot;:&quot;classic&quot;}\">\n\t\t\t\t\t<div class=\"e-con-inner\">\n\t\t\t\t<div class=\"elementor-element elementor-element-0a58eeb elementor-widget elementor-widget-heading\" data-id=\"0a58eeb\" data-element_type=\"widget\" data-e-type=\"widget\" data-widget_type=\"heading.default\">\n\t\t\t\t<div class=\"elementor-widget-container\">\n\t\t\t\t\t<h2 class=\"elementor-heading-title elementor-size-default\">Transformaci\u00f3n de Times Square<\/h2>\t\t\t\t<\/div>\n\t\t\t\t<\/div>\n\t\t\t\t<div class=\"elementor-element elementor-element-24e136b elementor-widget-divider--view-line elementor-widget elementor-widget-divider\" data-id=\"24e136b\" data-element_type=\"widget\" data-e-type=\"widget\" data-widget_type=\"divider.default\">\n\t\t\t\t<div class=\"elementor-widget-container\">\n\t\t\t\t\t\t\t<div class=\"elementor-divider\">\n\t\t\t<span class=\"elementor-divider-separator\">\n\t\t\t\t\t\t<\/span>\n\t\t<\/div>\n\t\t\t\t\t\t<\/div>\n\t\t\t\t<\/div>\n\t\t\t\t<div class=\"elementor-element elementor-element-3d2bc82 elementor-widget elementor-widget-text-editor\" data-id=\"3d2bc82\" data-element_type=\"widget\" data-e-type=\"widget\" data-widget_type=\"text-editor.default\">\n\t\t\t\t<div class=\"elementor-widget-container\">\n\t\t\t\t\t\t\t\t\t<div class=\"vc_row wpb_row vc_row-fluid vc_custom_1652220209371 vc_row-has-fill\">\n<div class=\"wpb_column vc_column_container vc_col-sm-12\">\n<div class=\"vc_column-inner\">\n<div class=\"wpb_wrapper\">\n<div class=\"vc_tta-container\" data-vc-action=\"collapse\">\n<div class=\"vc_general vc_tta vc_tta-tabs vc_tta-color-grey vc_tta-style-classic vc_tta-shape-rounded vc_tta-spacing-1 vc_tta-tabs-position-top vc_tta-controls-align-left\">\n<div class=\"vc_tta-panels-container\">\n<div class=\"vc_tta-panels\">\n<div id=\"1651526543987-0c06fb34-52b8\" class=\"vc_tta-panel vc_active\" data-vc-content=\".vc_tta-panel-body\">\n<div class=\"vc_tta-panel-body\">\n<div class=\"wpb_text_column wpb_content_element \">\n<div class=\"wpb_wrapper\">\n<p>La transformaci\u00f3n de Times Square ha llegado a su fin despu\u00e9s de 8 a\u00f1os, liderada por el estudio de arquitectura Sn\u00f8hetta. El proceso fue muy largo y complejo, pero el esp\u00edritu de uno de los lugares m\u00e1s emblem\u00e1ticos de Nueva York cambi\u00f3 por completo, ya que pas\u00f3 de ser uno de los lugares m\u00e1s congestionados e insoportables de la Gran Manzana a un espacio p\u00fablico amable y de encuentro. <\/p>\n<p>La transformaci\u00f3n de Times Square, que agreg\u00f3 m\u00e1s de 10.000 pies cuadrados de espacio exclusivo para peatones, fue el dise\u00f1o de Sn\u00f8hetta, que reinvent\u00f3 por completo el segmento de Broadway entre las calles 42 y 47. Se agregaron \u00e1reas para sentarse, incluidos bancos de granito, para que las personas se sintieran m\u00e1s c\u00f3modas. <\/p>\n<p>Times Square Transformation est\u00e1 ubicado en el coraz\u00f3n del distrito teatral de Nueva York. El sitio ya ha tenido un impacto significativo en la seguridad p\u00fablica, la econom\u00eda y la experiencia del usuario desde la primera parte de la implementaci\u00f3n del gran plan de Sn\u00f8hetta durante el a\u00f1o 2014. Seg\u00fan los arquitectos, desde entonces los accidentes de peatones han disminuido en un 40% y los accidentes de veh\u00edculos en un 20%. Los edificios ic\u00f3nicos de Times Square y sus espectaculares letreros crean un espacio exterior en el coraz\u00f3n de Manhattan.  <\/p>\n<p>El estudio de arquitectura Sn\u00f8hetta complet\u00f3 la Transformaci\u00f3n de Times Square en Nueva York, duplicando casi las \u00e1reas peatonales en el lugar m\u00e1s transitado de los Estados Unidos. El proyecto incluy\u00f3 la reconfiguraci\u00f3n urbana y el tratamiento paisaj\u00edstico de 5,18 acres (2,1 hect\u00e1reas) en la intersecci\u00f3n de Broadway y la 7ma Avenida en el centro de Manhattan. Con la inauguraci\u00f3n el d\u00eda 19, la Transformaci\u00f3n de Times Square, que ya lleva ocho a\u00f1os en funcionamiento, ha sido declarada oficialmente completa.  <\/p>\n<p>La firma noruega con filial en Estados Unidos, Sn\u00f8hetta, ha redise\u00f1ado un amplio tramo de Broadway entre las calles 42 y 47, creando cinco plazas entre cada una de las calles.<\/p>\n<p>La transformaci\u00f3n de Times Square transforma radicalmente la plaza 2.1, que ha creado espacios para peatones en el centro de Manhattan, transformando una intersecci\u00f3n notoriamente congestionada en un espacio c\u00edvico de clase mundial. Con sutiles gestos de dise\u00f1o dentro del \u00e1mbito p\u00fablico, integran mejoras cruciales de servicios p\u00fablicos e infraestructura por encima y por debajo del nivel del suelo, al tiempo que duplican la cantidad de espacio para peatones en la plaza. <\/p>\n<p>El dise\u00f1o de las nuevas plazas de Times Square Transformation permite a las personas moverse de forma natural y c\u00f3moda por el centro de Manhattan. Con un impacto muy positivo en la seguridad p\u00fablica, la calidad del aire y la producci\u00f3n econ\u00f3mica, el proyecto es un modelo de c\u00f3mo el dise\u00f1o cuidadosamente considerado de nuestros paisajes urbanos puede mejorar la salud y el bienestar de sus usuarios, proporcionando un espacio importante para la activaci\u00f3n democr\u00e1tica. Concebido como un proyecto cuyo \u00e9xito Times Square Transformation se medir\u00eda no solo por su nueva est\u00e9tica sino tambi\u00e9n por sus beneficios f\u00edsicos, psicol\u00f3gicos y econ\u00f3micos a largo plazo para su comunidad local y global, la nueva plaza de Broadway ha reinventado Times Square como un escenario contempor\u00e1neo para el espect\u00e1culo de la vida p\u00fablica, revitalizando su lugar en el coraz\u00f3n de la ciudad de Nueva York.  <\/p>\n<p>El Departamento de Transporte de la Ciudad de Nueva York, el Departamento de Dise\u00f1o y Construcci\u00f3n, Sn\u00f8hetta y Times Square Alliance celebran la finalizaci\u00f3n de la Transformaci\u00f3n de Times Square, mientras la renovada \u201cEncrucijada del Mundo\u201d asume su papel como escenario de la vida p\u00fablica y la libertad de expresi\u00f3n.<\/p>\n<p>Con una media de m\u00e1s de 45 millones de visitantes al a\u00f1o, Times Square es el destino m\u00e1s visitado de Nueva York y de Estados Unidos. Tras el cierre de Broadway al tr\u00e1fico en 2009, el dise\u00f1o de Sn\u00f8hetta despej\u00f3 la plaza para convertirla en peatonal permanente, tras varias d\u00e9cadas en las que la antigua infraestructura estaba abarrotada. Adem\u00e1s, la propuesta cre\u00f3 al mismo tiempo un plano de suelo unificador de edificio a edificio. Diez bancos de granito de 15 metros de largo permiten a los peatones moverse por la zona con mayor comodidad, complementando la energ\u00eda de las luces y la emoci\u00f3n de las fachadas.   <\/p>\n<p>Desde su finalizaci\u00f3n en 2016, la Transformaci\u00f3n de Times Square ha duplicado la cantidad de espacio peatonal en el coraz\u00f3n de Manhattan. El dise\u00f1o ha transformado Times Square, uno de los espacios m\u00e1s notoriamente congestionados de Nueva York, en una plaza c\u00edvica radicalmente abierta, al tiempo que integra mejoras cruciales en la infraestructura de instalaciones y eventos. \u201cConcebida como la Transformaci\u00f3n de Times Square, cuyo \u00e9xito se medir\u00eda no solo por su nueva est\u00e9tica, sino tambi\u00e9n por sus beneficios f\u00edsicos, psicol\u00f3gicos y econ\u00f3micos a largo plazo, la reinvenci\u00f3n de Times Square es un modelo de c\u00f3mo el dise\u00f1o de nuestros paisajes urbanos puede mejorar la salud y el bienestar de sus usuarios, al tiempo que proporciona un elemento importante para la reuni\u00f3n p\u00fablica\u201d.  <\/p>\n<\/div>\n<\/div>\n<\/div>\n<\/div>\n<\/div>\n<\/div>\n<\/div>\n<\/div>\n<\/div>\n<\/div>\n<\/div>\n<\/div>\n\t\t\t\t\t\t\t\t<\/div>\n\t\t\t\t<\/div>\n\t\t\t\t<div class=\"elementor-element elementor-element-dd1ac98 elementor-widget-divider--view-line elementor-widget elementor-widget-divider\" data-id=\"dd1ac98\" data-element_type=\"widget\" data-e-type=\"widget\" data-widget_type=\"divider.default\">\n\t\t\t\t<div class=\"elementor-widget-container\">\n\t\t\t\t\t\t\t<div class=\"elementor-divider\">\n\t\t\t<span class=\"elementor-divider-separator\">\n\t\t\t\t\t\t<\/span>\n\t\t<\/div>\n\t\t\t\t\t\t<\/div>\n\t\t\t\t<\/div>\n\t\t\t\t<div class=\"elementor-element elementor-element-d344346 elementor-widget elementor-widget-text-editor\" data-id=\"d344346\" data-element_type=\"widget\" data-e-type=\"widget\" data-widget_type=\"text-editor.default\">\n\t\t\t\t<div class=\"elementor-widget-container\">\n\t\t\t\t\t\t\t\t\t<p><strong>Para aparecer en nuestro Billboard en Times Square, vaya a nuestra secci\u00f3n CONTACTO.<\/strong><\/p>\n<p>As\u00ed es como funciona:<\/p>\n<p>Ya sea un cumplea\u00f1os, una propuesta de matrimonio, un aniversario o una simple declaraci\u00f3n de amor, lo tenemos cubierto. \u00a1No seas un simple rostro entre la multitud! <br \/>\u00a1Consigue tu foto o v\u00eddeo en nuestra cartelera en Times Square!<\/p>\n<p>Opci\u00f3n 1: Tu video o foto de 60 segundos se mostrar\u00e1 22 veces al d\u00eda.<br \/>Opci\u00f3n 2: Tu video o foto de 30 segundos se mostrar\u00e1 44 veces al d\u00eda.<br \/>Opci\u00f3n 3: Tu video o foto de 15 segundos se mostrar\u00e1 88 veces al d\u00eda.<\/p>\n<p>Nuestro cartel publicitario mide 31 pies por 55 pies y est\u00e1 ubicado en 1560 Broadway (Broadway y 46th Street, justo encima de la tienda Pel\u00e9).<\/p>\n<p>\u00a1No seas una cara entre la multitud!<\/p>\n\t\t\t\t\t\t\t\t<\/div>\n\t\t\t\t<\/div>\n\t\t\t\t\t<\/div>\n\t\t\t\t<\/div>\n\t\t\t\t<\/div>\n\t\t","protected":false},"excerpt":{"rendered":"Transformaci\u00f3n de Times Square La transformaci\u00f3n de Times Square ha llegado a su fin despu\u00e9s de 8 a\u00f1os, liderada por el estudio de arquitectura Sn\u00f8hetta. El proceso fue muy largo y complejo, pero el esp\u00edritu de uno de los lugares m\u00e1s emblem\u00e1ticos de Nueva York cambi\u00f3 por completo, ya que pas\u00f3 de ser uno de [...]<a href=\"https:\/\/welcome-to-times-square.com\/es\/times-square-transformation\/\" class=\"read-more wyz-secondary-color-text\">read more<span class=\"screen-reader-text\">Transformaci\u00f3n de Times Square<\/span><\/a>","protected":false},"author":53,"featured_media":0,"parent":0,"menu_order":0,"comment_status":"closed","ping_status":"closed","template":"elementor_header_footer","meta":{"footnotes":""},"class_list":["post-9071","page","type-page","status-publish","hentry"],"yoast_head":"<!-- This site is optimized with the Yoast SEO plugin v27.2 - https:\/\/yoast.com\/product\/yoast-seo-wordpress\/ -->\n<title>Transformaci\u00f3n de Times Square - times-square<\/title>\n<meta name=\"robots\" content=\"index, follow, max-snippet:-1, max-image-preview:large, max-video-preview:-1\" \/>\n<link rel=\"canonical\" href=\"https:\/\/welcome-to-times-square.com\/es\/times-square-transformation\/\" \/>\n<meta property=\"og:locale\" content=\"es_ES\" \/>\n<meta property=\"og:type\" content=\"article\" \/>\n<meta property=\"og:title\" content=\"Transformaci\u00f3n de Times Square - times-square\" \/>\n<meta property=\"og:description\" content=\"Transformaci\u00f3n de Times Square La transformaci\u00f3n de Times Square ha llegado a su fin despu\u00e9s de 8 a\u00f1os, liderada por el estudio de arquitectura Sn\u00f8hetta. El proceso fue muy largo y complejo, pero el esp\u00edritu de uno de los lugares m\u00e1s emblem\u00e1ticos de Nueva York cambi\u00f3 por completo, ya que pas\u00f3 de ser uno de [...]read moreTransformaci\u00f3n de Times Square\" \/>\n<meta property=\"og:url\" content=\"https:\/\/welcome-to-times-square.com\/es\/times-square-transformation\/\" \/>\n<meta property=\"og:site_name\" content=\"times-square\" \/>\n<meta property=\"article:modified_time\" content=\"2025-01-17T12:40:08+00:00\" \/>\n<meta name=\"twitter:card\" content=\"summary_large_image\" \/>\n<meta name=\"twitter:label1\" content=\"Tiempo de lectura\" \/>\n\t<meta name=\"twitter:data1\" content=\"4 minutos\" \/>\n<script type=\"application\/ld+json\" class=\"yoast-schema-graph\">{\"@context\":\"https:\/\/schema.org\",\"@graph\":[{\"@type\":\"WebPage\",\"@id\":\"https:\/\/welcome-to-times-square.com\/es\/times-square-transformation\/\",\"url\":\"https:\/\/welcome-to-times-square.com\/es\/times-square-transformation\/\",\"name\":\"Transformaci\u00f3n de Times Square - times-square\",\"isPartOf\":{\"@id\":\"https:\/\/welcome-to-times-square.com\/es\/#website\"},\"datePublished\":\"2022-05-02T21:12:23+00:00\",\"dateModified\":\"2025-01-17T12:40:08+00:00\",\"breadcrumb\":{\"@id\":\"https:\/\/welcome-to-times-square.com\/es\/times-square-transformation\/#breadcrumb\"},\"inLanguage\":\"es\",\"potentialAction\":[{\"@type\":\"ReadAction\",\"target\":[\"https:\/\/welcome-to-times-square.com\/es\/times-square-transformation\/\"]}]},{\"@type\":\"BreadcrumbList\",\"@id\":\"https:\/\/welcome-to-times-square.com\/es\/times-square-transformation\/#breadcrumb\",\"itemListElement\":[{\"@type\":\"ListItem\",\"position\":1,\"name\":\"Home\",\"item\":\"https:\/\/welcome-to-times-square.com\/es\/\"},{\"@type\":\"ListItem\",\"position\":2,\"name\":\"Transformaci\u00f3n de Times Square\"}]},{\"@type\":\"WebSite\",\"@id\":\"https:\/\/welcome-to-times-square.com\/es\/#website\",\"url\":\"https:\/\/welcome-to-times-square.com\/es\/\",\"name\":\"times-square\",\"description\":\"times-square\",\"publisher\":{\"@id\":\"https:\/\/welcome-to-times-square.com\/es\/#organization\"},\"potentialAction\":[{\"@type\":\"SearchAction\",\"target\":{\"@type\":\"EntryPoint\",\"urlTemplate\":\"https:\/\/welcome-to-times-square.com\/es\/?s={search_term_string}\"},\"query-input\":{\"@type\":\"PropertyValueSpecification\",\"valueRequired\":true,\"valueName\":\"search_term_string\"}}],\"inLanguage\":\"es\"},{\"@type\":\"Organization\",\"@id\":\"https:\/\/welcome-to-times-square.com\/es\/#organization\",\"name\":\"times-square\",\"url\":\"https:\/\/welcome-to-times-square.com\/es\/\",\"logo\":{\"@type\":\"ImageObject\",\"inLanguage\":\"es\",\"@id\":\"https:\/\/welcome-to-times-square.com\/es\/#\/schema\/logo\/image\/\",\"url\":\"https:\/\/welcome-to-times-square.com\/wp-content\/uploads\/2024\/03\/welcome-to-time-square-logo-with-r.png\",\"contentUrl\":\"https:\/\/welcome-to-times-square.com\/wp-content\/uploads\/2024\/03\/welcome-to-time-square-logo-with-r.png\",\"width\":500,\"height\":342,\"caption\":\"times-square\"},\"image\":{\"@id\":\"https:\/\/welcome-to-times-square.com\/es\/#\/schema\/logo\/image\/\"}}]}<\/script>\n<!-- \/ Yoast SEO plugin. -->","yoast_head_json":{"title":"Transformaci\u00f3n de Times Square - times-square","robots":{"index":"index","follow":"follow","max-snippet":"max-snippet:-1","max-image-preview":"max-image-preview:large","max-video-preview":"max-video-preview:-1"},"canonical":"https:\/\/welcome-to-times-square.com\/es\/times-square-transformation\/","og_locale":"es_ES","og_type":"article","og_title":"Transformaci\u00f3n de Times Square - times-square","og_description":"Transformaci\u00f3n de Times Square La transformaci\u00f3n de Times Square ha llegado a su fin despu\u00e9s de 8 a\u00f1os, liderada por el estudio de arquitectura Sn\u00f8hetta. El proceso fue muy largo y complejo, pero el esp\u00edritu de uno de los lugares m\u00e1s emblem\u00e1ticos de Nueva York cambi\u00f3 por completo, ya que pas\u00f3 de ser uno de [...]read moreTransformaci\u00f3n de Times Square","og_url":"https:\/\/welcome-to-times-square.com\/es\/times-square-transformation\/","og_site_name":"times-square","article_modified_time":"2025-01-17T12:40:08+00:00","twitter_card":"summary_large_image","twitter_misc":{"Tiempo de lectura":"4 minutos"},"schema":{"@context":"https:\/\/schema.org","@graph":[{"@type":"WebPage","@id":"https:\/\/welcome-to-times-square.com\/es\/times-square-transformation\/","url":"https:\/\/welcome-to-times-square.com\/es\/times-square-transformation\/","name":"Transformaci\u00f3n de Times Square - times-square","isPartOf":{"@id":"https:\/\/welcome-to-times-square.com\/es\/#website"},"datePublished":"2022-05-02T21:12:23+00:00","dateModified":"2025-01-17T12:40:08+00:00","breadcrumb":{"@id":"https:\/\/welcome-to-times-square.com\/es\/times-square-transformation\/#breadcrumb"},"inLanguage":"es","potentialAction":[{"@type":"ReadAction","target":["https:\/\/welcome-to-times-square.com\/es\/times-square-transformation\/"]}]},{"@type":"BreadcrumbList","@id":"https:\/\/welcome-to-times-square.com\/es\/times-square-transformation\/#breadcrumb","itemListElement":[{"@type":"ListItem","position":1,"name":"Home","item":"https:\/\/welcome-to-times-square.com\/es\/"},{"@type":"ListItem","position":2,"name":"Transformaci\u00f3n de Times Square"}]},{"@type":"WebSite","@id":"https:\/\/welcome-to-times-square.com\/es\/#website","url":"https:\/\/welcome-to-times-square.com\/es\/","name":"times-square","description":"times-square","publisher":{"@id":"https:\/\/welcome-to-times-square.com\/es\/#organization"},"potentialAction":[{"@type":"SearchAction","target":{"@type":"EntryPoint","urlTemplate":"https:\/\/welcome-to-times-square.com\/es\/?s={search_term_string}"},"query-input":{"@type":"PropertyValueSpecification","valueRequired":true,"valueName":"search_term_string"}}],"inLanguage":"es"},{"@type":"Organization","@id":"https:\/\/welcome-to-times-square.com\/es\/#organization","name":"times-square","url":"https:\/\/welcome-to-times-square.com\/es\/","logo":{"@type":"ImageObject","inLanguage":"es","@id":"https:\/\/welcome-to-times-square.com\/es\/#\/schema\/logo\/image\/","url":"https:\/\/welcome-to-times-square.com\/wp-content\/uploads\/2024\/03\/welcome-to-time-square-logo-with-r.png","contentUrl":"https:\/\/welcome-to-times-square.com\/wp-content\/uploads\/2024\/03\/welcome-to-time-square-logo-with-r.png","width":500,"height":342,"caption":"times-square"},"image":{"@id":"https:\/\/welcome-to-times-square.com\/es\/#\/schema\/logo\/image\/"}}]}},"_hostinger_reach_plugin_has_subscription_block":false,"_hostinger_reach_plugin_is_elementor":false,"_links":{"self":[{"href":"https:\/\/welcome-to-times-square.com\/es\/wp-json\/wp\/v2\/pages\/9071","targetHints":{"allow":["GET"]}}],"collection":[{"href":"https:\/\/welcome-to-times-square.com\/es\/wp-json\/wp\/v2\/pages"}],"about":[{"href":"https:\/\/welcome-to-times-square.com\/es\/wp-json\/wp\/v2\/types\/page"}],"author":[{"embeddable":true,"href":"https:\/\/welcome-to-times-square.com\/es\/wp-json\/wp\/v2\/users\/53"}],"replies":[{"embeddable":true,"href":"https:\/\/welcome-to-times-square.com\/es\/wp-json\/wp\/v2\/comments?post=9071"}],"version-history":[{"count":2,"href":"https:\/\/welcome-to-times-square.com\/es\/wp-json\/wp\/v2\/pages\/9071\/revisions"}],"predecessor-version":[{"id":9085,"href":"https:\/\/welcome-to-times-square.com\/es\/wp-json\/wp\/v2\/pages\/9071\/revisions\/9085"}],"wp:attachment":[{"href":"https:\/\/welcome-to-times-square.com\/es\/wp-json\/wp\/v2\/media?parent=9071"}],"curies":[{"name":"wp","href":"https:\/\/api.w.org\/{rel}","templated":true}]}}