{"id":9166,"date":"2022-05-02T21:10:06","date_gmt":"2022-05-02T21:10:06","guid":{"rendered":"https:\/\/welcome-to-times-square.com\/live-work\/"},"modified":"2025-01-17T13:30:47","modified_gmt":"2025-01-17T13:30:47","slug":"live-work","status":"publish","type":"page","link":"https:\/\/welcome-to-times-square.com\/es\/live-work\/","title":{"rendered":"Vivir y trabajar en Nueva York"},"content":{"rendered":"\t\t<div data-elementor-type=\"wp-page\" data-elementor-id=\"9166\" class=\"elementor elementor-9166 elementor-2882\" data-elementor-post-type=\"page\">\n\t\t\t\t<div class=\"elementor-element elementor-element-e4fa080 e-flex e-con-boxed e-con e-parent\" data-id=\"e4fa080\" data-element_type=\"container\" data-e-type=\"container\" data-settings=\"{&quot;background_background&quot;:&quot;classic&quot;}\">\n\t\t\t\t\t<div class=\"e-con-inner\">\n\t\t\t\t<div class=\"elementor-element elementor-element-6544198 elementor-widget elementor-widget-heading\" data-id=\"6544198\" data-element_type=\"widget\" data-e-type=\"widget\" data-widget_type=\"heading.default\">\n\t\t\t\t<div class=\"elementor-widget-container\">\n\t\t\t\t\t<h2 class=\"elementor-heading-title elementor-size-default\">Vivir y trabajar en Nueva York<\/h2>\t\t\t\t<\/div>\n\t\t\t\t<\/div>\n\t\t\t\t<div class=\"elementor-element elementor-element-d8f4a4b elementor-widget-divider--view-line elementor-widget elementor-widget-divider\" data-id=\"d8f4a4b\" data-element_type=\"widget\" data-e-type=\"widget\" data-widget_type=\"divider.default\">\n\t\t\t\t<div class=\"elementor-widget-container\">\n\t\t\t\t\t\t\t<div class=\"elementor-divider\">\n\t\t\t<span class=\"elementor-divider-separator\">\n\t\t\t\t\t\t<\/span>\n\t\t<\/div>\n\t\t\t\t\t\t<\/div>\n\t\t\t\t<\/div>\n\t\t\t\t<div class=\"elementor-element elementor-element-48af05e elementor-widget elementor-widget-text-editor\" data-id=\"48af05e\" data-element_type=\"widget\" data-e-type=\"widget\" data-widget_type=\"text-editor.default\">\n\t\t\t\t<div class=\"elementor-widget-container\">\n\t\t\t\t\t\t\t\t\t<div class=\"vc_row wpb_row vc_row-fluid vc_custom_1652220423392 vc_row-has-fill\">\n<div class=\"wpb_column vc_column_container vc_col-sm-12\">\n<div class=\"vc_column-inner\">\n<div class=\"wpb_wrapper\">\n<div class=\"vc_tta-container\" data-vc-action=\"collapse\">\n<div class=\"vc_general vc_tta vc_tta-tabs vc_tta-color-grey vc_tta-style-classic vc_tta-shape-rounded vc_tta-spacing-1 vc_tta-tabs-position-top vc_tta-controls-align-left\">\n<div class=\"vc_tta-panels-container\">\n<div class=\"vc_tta-panels\">\n<div id=\"1651526539539-451fae82-432e\" class=\"vc_tta-panel vc_active\" data-vc-content=\".vc_tta-panel-body\">\n<div class=\"vc_tta-panel-body\">\n<div class=\"wpb_text_column wpb_content_element \">\n<div class=\"wpb_wrapper\">\n<p>Times Square es el centro de la ciudad de Nueva York, que captura y celebra las culturas art\u00edsticas, creativas, populares y diversas de la ciudad, por la que pasan millones de turistas maravillados por las llamativas luces LED y es el hogar de m\u00e1s de 5.800 residentes, con otros 172.000 trabajadores de oficina que viajan diariamente al trabajo. Con una amplia variedad de opciones para comer y hacer compras, aqu\u00ed hay algo para todos, y se ofrece un conjunto \u00fanico de servicios. El programa Crossroads, el programa de beneficios gratuito de Alliance, le brinda acceso exclusivo a ofertas, eventos e informaci\u00f3n privilegiada del vecindario para vivir y trabajar. Y Neighborhood Resources brinda informaci\u00f3n sobre c\u00f3mo acceder a una variedad de recursos de la ciudad y m\u00e1s, incluida la realizaci\u00f3n de consultas al 311 o quejas sobre la calidad de vida.   <\/p>\n<p>Para alquilar apartamentos en Nueva York tienes que demostrar que el salario anual es de 40 o 45 veces el precio del alquiler de la propiedad. Se asegurar\u00e1n de que puedas hacer frente al pago revisando tu contrato y tu n\u00f3mina. Suelen hacer comprobaciones adicionales o contactar con personas que puedan dar fe de ello. En total tendr\u00e1s que pagar tres meses por adelantado: un mes de dep\u00f3sito de seguridad, el primer mes de alquiler y el \u00faltimo.   <\/p>\n<p>Para empezar a buscar piso en alquiler, el mejor momento es entre 4 y 8 semanas antes de la mudanza. Normalmente se ofrecen contratos de un a\u00f1o, pero nunca m\u00e1s de dos. <\/p>\n<p>Existen distintas formas de encontrar un apartamento en la ciudad, puedes acudir a una agencia, utilizar Google, echar un vistazo a los clasificados de Craigslist o responder a uno de esos carteles de \u201cse alquila\u201d que hay en las fachadas de los edificios. Las dos \u00faltimas opciones son menos restrictivas y pueden ser alternativas m\u00e1s f\u00e1ciles, pero ten cuidado con las estafas. Para estancias m\u00e1s cortas (un par de meses) puedes echar un vistazo a Airbnb. No olvides que si buscas un apartamento a trav\u00e9s de una inmobiliaria, tienes que pagar un mes de alquiler como comisi\u00f3n por sus servicios.   <\/p>\n<p>Para Vivir y Trabajar en Nueva York, necesitas una visa de trabajo o una Green Card, que solo pueden emitir las autoridades correspondientes (en este caso, la embajada o consulado de Estados Unidos en el pa\u00eds en el que resides) antes de viajar a Estados Unidos. .USA Necesitas una empresa con sede en Estados Unidos que te patrocine. Esto significa que cuando aplicas para un trabajo con una empresa estadounidense, esta tiene que patrocinar tu solicitud de visa en Nueva York. Sin un patrocinador es dif\u00edcil conseguir un trabajo en Estados Unidos.   <\/p>\n<p>Otra forma de obtener una visa que te permita vivir y trabajar en Estados Unidos es a trav\u00e9s de la loter\u00eda de Green Card. El gobierno estadounidense otorga 50.000 visas de inmigrante al a\u00f1o. Otra opci\u00f3n es iniciar tu propio negocio en Estados Unidos, pero ten en cuenta que necesitas mucho capital para hacerlo.  <\/p>\n<p>El coste de vivir y trabajar en Nueva York es elevado. Se caracteriza por ser una ciudad cara, por lo que puede ser \u00fatil saber aproximadamente cu\u00e1nto gastar\u00e1s al mes. <\/p>\n<p>Un estudio a un precio razonable te costar\u00e1 unos 2.100 d\u00f3lares al mes en Manhattan, y un apartamento de una habitaci\u00f3n entre 2.700 y 3.000 d\u00f3lares. En Brooklyn es dif\u00edcil encontrar un estudio por menos de 1.500 d\u00f3lares. En Nueva York mucha gente comparte casa para vivir y trabajar, as\u00ed que si eliges esa opci\u00f3n pagar\u00e1s entre 800 y 1.000 d\u00f3lares por una habitaci\u00f3n en un apartamento compartido en Queens o Brooklyn.  <\/p>\n<p>Al alquiler hay que sumarle los gastos de gas y electricidad, que normalmente suman otros 100-200 d\u00f3lares al mes. Para mudarse a la ciudad tambi\u00e9n hace falta un tel\u00e9fono m\u00f3vil, y los contratos m\u00e1s baratos cuestan entre 40 y 80 d\u00f3lares. Si adem\u00e1s quieres tener acceso a internet, es muy posible que acabes pagando unos 120 d\u00f3lares al mes.  <\/p>\n<p>Otra cosa que definitivamente necesitar\u00e1s para desplazarte es una MetroCard. Una tarjeta v\u00e1lida por 30 d\u00edas te costar\u00e1 $127 y te permitir\u00e1 viajar ilimitadamente en el metro y los autobuses metropolitanos. <\/p>\n<p>La cesta de la compra tambi\u00e9n puede resultar cara, pero eso depende mucho de cada persona y de la zona en la que se instale. En Manhattan, los supermercados suelen ser caros. A veces, un servicio de comida para llevar puede ser m\u00e1s barato que comprar comida en una tienda. Un servicio de comida asi\u00e1tica para llevar puede costarte 6 d\u00f3lares y, a menudo, tendr\u00e1s suficiente para comer al d\u00eda siguiente. Calcula que gastar\u00e1s unos 50-100 d\u00f3lares semanales por cabeza en compras de comida. Lo que no est\u00e1 incluido es el seguro m\u00e9dico por una raz\u00f3n: es algo muy personal. Si la persona piensa quedarse en Nueva York solo unos meses, la aseguradora nacional puede cubrirlo. Si la persona trabaja en Nueva York, la empresa que la emplea puede contribuir al pago del seguro m\u00e9dico, pero no todas lo hacen. Los costes por servicios m\u00e9dicos en Estados Unidos son muy elevados, por lo que hay que asegurarse de que est\u00e9 cubierto durante la estancia para disfrutarla sin preocupaciones.        <\/p>\n<\/div>\n<\/div>\n<\/div>\n<\/div>\n<\/div>\n<\/div>\n<\/div>\n<\/div>\n<\/div>\n<\/div>\n<\/div>\n<\/div>\n\t\t\t\t\t\t\t\t<\/div>\n\t\t\t\t<\/div>\n\t\t\t\t<div class=\"elementor-element elementor-element-73ce83c elementor-widget-divider--view-line elementor-widget elementor-widget-divider\" data-id=\"73ce83c\" data-element_type=\"widget\" data-e-type=\"widget\" data-widget_type=\"divider.default\">\n\t\t\t\t<div class=\"elementor-widget-container\">\n\t\t\t\t\t\t\t<div class=\"elementor-divider\">\n\t\t\t<span class=\"elementor-divider-separator\">\n\t\t\t\t\t\t<\/span>\n\t\t<\/div>\n\t\t\t\t\t\t<\/div>\n\t\t\t\t<\/div>\n\t\t\t\t<div class=\"elementor-element elementor-element-adc2672 elementor-widget elementor-widget-text-editor\" data-id=\"adc2672\" data-element_type=\"widget\" data-e-type=\"widget\" data-widget_type=\"text-editor.default\">\n\t\t\t\t<div class=\"elementor-widget-container\">\n\t\t\t\t\t\t\t\t\t<p><strong>Para aparecer en nuestro Billboard en Times Square, vaya a nuestra secci\u00f3n CONTACTO.<\/strong><\/p>\n<p>As\u00ed es como funciona:<\/p>\n<p>Ya sea un cumplea\u00f1os, una propuesta de matrimonio, un aniversario o una simple declaraci\u00f3n de amor, lo tenemos cubierto. \u00a1No seas un simple rostro entre la multitud! <br \/>\u00a1Consigue tu foto o v\u00eddeo en nuestra cartelera en Times Square!<\/p>\n<p>Opci\u00f3n 1: Tu video o foto de 60 segundos se mostrar\u00e1 22 veces al d\u00eda.<br \/>Opci\u00f3n 2: Tu video o foto de 30 segundos se mostrar\u00e1 44 veces al d\u00eda.<br \/>Opci\u00f3n 3: Tu video o foto de 15 segundos se mostrar\u00e1 88 veces al d\u00eda.<\/p>\n<p>Nuestro cartel publicitario mide 31 pies por 55 pies y est\u00e1 ubicado en 1560 Broadway (Broadway y 46th Street, justo encima de la tienda Pel\u00e9).<\/p>\n<p>\u00a1No seas una cara entre la multitud!<\/p>\n\t\t\t\t\t\t\t\t<\/div>\n\t\t\t\t<\/div>\n\t\t\t\t<div class=\"elementor-element elementor-element-a267a0f elementor-widget elementor-widget-image\" data-id=\"a267a0f\" data-element_type=\"widget\" data-e-type=\"widget\" data-widget_type=\"image.default\">\n\t\t\t\t<div class=\"elementor-widget-container\">\n\t\t\t\t\t\t\t\t\t\t\t\t\t\t\t<img fetchpriority=\"high\" decoding=\"async\" width=\"1024\" height=\"613\" src=\"https:\/\/welcome-to-times-square.com\/wp-content\/uploads\/2022\/05\/Live-and-Work-in-NYC-1024x613.png\" class=\"attachment-large size-large wp-image-6241\" alt=\"\" srcset=\"https:\/\/welcome-to-times-square.com\/wp-content\/uploads\/2022\/05\/Live-and-Work-in-NYC-1024x613.png 1024w, https:\/\/welcome-to-times-square.com\/wp-content\/uploads\/2022\/05\/Live-and-Work-in-NYC-600x359.png 600w, https:\/\/welcome-to-times-square.com\/wp-content\/uploads\/2022\/05\/Live-and-Work-in-NYC-300x179.png 300w, https:\/\/welcome-to-times-square.com\/wp-content\/uploads\/2022\/05\/Live-and-Work-in-NYC-768x459.png 768w, https:\/\/welcome-to-times-square.com\/wp-content\/uploads\/2022\/05\/Live-and-Work-in-NYC-1536x919.png 1536w, https:\/\/welcome-to-times-square.com\/wp-content\/uploads\/2022\/05\/Live-and-Work-in-NYC.png 1648w\" sizes=\"(max-width: 1024px) 100vw, 1024px\" \/>\t\t\t\t\t\t\t\t\t\t\t\t\t\t\t<\/div>\n\t\t\t\t<\/div>\n\t\t\t\t\t<\/div>\n\t\t\t\t<\/div>\n\t\t\t\t<\/div>\n\t\t","protected":false},"excerpt":{"rendered":"Vivir y trabajar en Nueva York Times Square es el centro de la ciudad de Nueva York, que captura y celebra las culturas art\u00edsticas, creativas, populares y diversas de la ciudad, por la que pasan millones de turistas maravillados por las llamativas luces LED y es el hogar de m\u00e1s de 5.800 residentes, con otros [...]<a href=\"https:\/\/welcome-to-times-square.com\/es\/live-work\/\" class=\"read-more wyz-secondary-color-text\">read more<span class=\"screen-reader-text\">Vivir y trabajar en Nueva York<\/span><\/a>","protected":false},"author":53,"featured_media":0,"parent":0,"menu_order":0,"comment_status":"closed","ping_status":"closed","template":"elementor_header_footer","meta":{"footnotes":""},"class_list":["post-9166","page","type-page","status-publish","hentry"],"yoast_head":"<!-- This site is optimized with the Yoast SEO plugin v27.2 - https:\/\/yoast.com\/product\/yoast-seo-wordpress\/ -->\n<title>Vivir y trabajar en Nueva York - times-square<\/title>\n<meta name=\"robots\" content=\"index, follow, max-snippet:-1, max-image-preview:large, max-video-preview:-1\" \/>\n<link rel=\"canonical\" href=\"https:\/\/welcome-to-times-square.com\/es\/live-work\/\" \/>\n<meta property=\"og:locale\" content=\"es_ES\" \/>\n<meta property=\"og:type\" content=\"article\" \/>\n<meta property=\"og:title\" content=\"Vivir y trabajar en Nueva York - times-square\" \/>\n<meta property=\"og:description\" content=\"Vivir y trabajar en Nueva York Times Square es el centro de la ciudad de Nueva York, que captura y celebra las culturas art\u00edsticas, creativas, populares y diversas de la ciudad, por la que pasan millones de turistas maravillados por las llamativas luces LED y es el hogar de m\u00e1s de 5.800 residentes, con otros [...]read moreVivir y trabajar en Nueva York\" \/>\n<meta property=\"og:url\" content=\"https:\/\/welcome-to-times-square.com\/es\/live-work\/\" \/>\n<meta property=\"og:site_name\" content=\"times-square\" \/>\n<meta property=\"article:modified_time\" content=\"2025-01-17T13:30:47+00:00\" \/>\n<meta property=\"og:image\" content=\"https:\/\/welcome-to-times-square.com\/wp-content\/uploads\/2022\/05\/Live-and-Work-in-NYC-1024x613.png\" \/>\n\t<meta property=\"og:image:width\" content=\"1024\" \/>\n\t<meta property=\"og:image:height\" content=\"613\" \/>\n\t<meta property=\"og:image:type\" content=\"image\/png\" \/>\n<meta name=\"twitter:card\" content=\"summary_large_image\" \/>\n<meta name=\"twitter:label1\" content=\"Tiempo de lectura\" \/>\n\t<meta name=\"twitter:data1\" content=\"5 minutos\" \/>\n<script type=\"application\/ld+json\" class=\"yoast-schema-graph\">{\"@context\":\"https:\/\/schema.org\",\"@graph\":[{\"@type\":\"WebPage\",\"@id\":\"https:\/\/welcome-to-times-square.com\/es\/live-work\/\",\"url\":\"https:\/\/welcome-to-times-square.com\/es\/live-work\/\",\"name\":\"Vivir y trabajar en Nueva York - times-square\",\"isPartOf\":{\"@id\":\"https:\/\/welcome-to-times-square.com\/es\/#website\"},\"primaryImageOfPage\":{\"@id\":\"https:\/\/welcome-to-times-square.com\/es\/live-work\/#primaryimage\"},\"image\":{\"@id\":\"https:\/\/welcome-to-times-square.com\/es\/live-work\/#primaryimage\"},\"thumbnailUrl\":\"https:\/\/welcome-to-times-square.com\/wp-content\/uploads\/2022\/05\/Live-and-Work-in-NYC-1024x613.png\",\"datePublished\":\"2022-05-02T21:10:06+00:00\",\"dateModified\":\"2025-01-17T13:30:47+00:00\",\"breadcrumb\":{\"@id\":\"https:\/\/welcome-to-times-square.com\/es\/live-work\/#breadcrumb\"},\"inLanguage\":\"es\",\"potentialAction\":[{\"@type\":\"ReadAction\",\"target\":[\"https:\/\/welcome-to-times-square.com\/es\/live-work\/\"]}]},{\"@type\":\"ImageObject\",\"inLanguage\":\"es\",\"@id\":\"https:\/\/welcome-to-times-square.com\/es\/live-work\/#primaryimage\",\"url\":\"https:\/\/welcome-to-times-square.com\/wp-content\/uploads\/2022\/05\/Live-and-Work-in-NYC-1024x613.png\",\"contentUrl\":\"https:\/\/welcome-to-times-square.com\/wp-content\/uploads\/2022\/05\/Live-and-Work-in-NYC-1024x613.png\"},{\"@type\":\"BreadcrumbList\",\"@id\":\"https:\/\/welcome-to-times-square.com\/es\/live-work\/#breadcrumb\",\"itemListElement\":[{\"@type\":\"ListItem\",\"position\":1,\"name\":\"Home\",\"item\":\"https:\/\/welcome-to-times-square.com\/es\/\"},{\"@type\":\"ListItem\",\"position\":2,\"name\":\"Vivir y trabajar en Nueva York\"}]},{\"@type\":\"WebSite\",\"@id\":\"https:\/\/welcome-to-times-square.com\/es\/#website\",\"url\":\"https:\/\/welcome-to-times-square.com\/es\/\",\"name\":\"times-square\",\"description\":\"times-square\",\"publisher\":{\"@id\":\"https:\/\/welcome-to-times-square.com\/es\/#organization\"},\"potentialAction\":[{\"@type\":\"SearchAction\",\"target\":{\"@type\":\"EntryPoint\",\"urlTemplate\":\"https:\/\/welcome-to-times-square.com\/es\/?s={search_term_string}\"},\"query-input\":{\"@type\":\"PropertyValueSpecification\",\"valueRequired\":true,\"valueName\":\"search_term_string\"}}],\"inLanguage\":\"es\"},{\"@type\":\"Organization\",\"@id\":\"https:\/\/welcome-to-times-square.com\/es\/#organization\",\"name\":\"times-square\",\"url\":\"https:\/\/welcome-to-times-square.com\/es\/\",\"logo\":{\"@type\":\"ImageObject\",\"inLanguage\":\"es\",\"@id\":\"https:\/\/welcome-to-times-square.com\/es\/#\/schema\/logo\/image\/\",\"url\":\"https:\/\/welcome-to-times-square.com\/wp-content\/uploads\/2024\/03\/welcome-to-time-square-logo-with-r.png\",\"contentUrl\":\"https:\/\/welcome-to-times-square.com\/wp-content\/uploads\/2024\/03\/welcome-to-time-square-logo-with-r.png\",\"width\":500,\"height\":342,\"caption\":\"times-square\"},\"image\":{\"@id\":\"https:\/\/welcome-to-times-square.com\/es\/#\/schema\/logo\/image\/\"}}]}<\/script>\n<!-- \/ Yoast SEO plugin. -->","yoast_head_json":{"title":"Vivir y trabajar en Nueva York - times-square","robots":{"index":"index","follow":"follow","max-snippet":"max-snippet:-1","max-image-preview":"max-image-preview:large","max-video-preview":"max-video-preview:-1"},"canonical":"https:\/\/welcome-to-times-square.com\/es\/live-work\/","og_locale":"es_ES","og_type":"article","og_title":"Vivir y trabajar en Nueva York - times-square","og_description":"Vivir y trabajar en Nueva York Times Square es el centro de la ciudad de Nueva York, que captura y celebra las culturas art\u00edsticas, creativas, populares y diversas de la ciudad, por la que pasan millones de turistas maravillados por las llamativas luces LED y es el hogar de m\u00e1s de 5.800 residentes, con otros [...]read moreVivir y trabajar en Nueva York","og_url":"https:\/\/welcome-to-times-square.com\/es\/live-work\/","og_site_name":"times-square","article_modified_time":"2025-01-17T13:30:47+00:00","og_image":[{"width":1024,"height":613,"url":"https:\/\/welcome-to-times-square.com\/wp-content\/uploads\/2022\/05\/Live-and-Work-in-NYC-1024x613.png","type":"image\/png"}],"twitter_card":"summary_large_image","twitter_misc":{"Tiempo de lectura":"5 minutos"},"schema":{"@context":"https:\/\/schema.org","@graph":[{"@type":"WebPage","@id":"https:\/\/welcome-to-times-square.com\/es\/live-work\/","url":"https:\/\/welcome-to-times-square.com\/es\/live-work\/","name":"Vivir y trabajar en Nueva York - times-square","isPartOf":{"@id":"https:\/\/welcome-to-times-square.com\/es\/#website"},"primaryImageOfPage":{"@id":"https:\/\/welcome-to-times-square.com\/es\/live-work\/#primaryimage"},"image":{"@id":"https:\/\/welcome-to-times-square.com\/es\/live-work\/#primaryimage"},"thumbnailUrl":"https:\/\/welcome-to-times-square.com\/wp-content\/uploads\/2022\/05\/Live-and-Work-in-NYC-1024x613.png","datePublished":"2022-05-02T21:10:06+00:00","dateModified":"2025-01-17T13:30:47+00:00","breadcrumb":{"@id":"https:\/\/welcome-to-times-square.com\/es\/live-work\/#breadcrumb"},"inLanguage":"es","potentialAction":[{"@type":"ReadAction","target":["https:\/\/welcome-to-times-square.com\/es\/live-work\/"]}]},{"@type":"ImageObject","inLanguage":"es","@id":"https:\/\/welcome-to-times-square.com\/es\/live-work\/#primaryimage","url":"https:\/\/welcome-to-times-square.com\/wp-content\/uploads\/2022\/05\/Live-and-Work-in-NYC-1024x613.png","contentUrl":"https:\/\/welcome-to-times-square.com\/wp-content\/uploads\/2022\/05\/Live-and-Work-in-NYC-1024x613.png"},{"@type":"BreadcrumbList","@id":"https:\/\/welcome-to-times-square.com\/es\/live-work\/#breadcrumb","itemListElement":[{"@type":"ListItem","position":1,"name":"Home","item":"https:\/\/welcome-to-times-square.com\/es\/"},{"@type":"ListItem","position":2,"name":"Vivir y trabajar en Nueva York"}]},{"@type":"WebSite","@id":"https:\/\/welcome-to-times-square.com\/es\/#website","url":"https:\/\/welcome-to-times-square.com\/es\/","name":"times-square","description":"times-square","publisher":{"@id":"https:\/\/welcome-to-times-square.com\/es\/#organization"},"potentialAction":[{"@type":"SearchAction","target":{"@type":"EntryPoint","urlTemplate":"https:\/\/welcome-to-times-square.com\/es\/?s={search_term_string}"},"query-input":{"@type":"PropertyValueSpecification","valueRequired":true,"valueName":"search_term_string"}}],"inLanguage":"es"},{"@type":"Organization","@id":"https:\/\/welcome-to-times-square.com\/es\/#organization","name":"times-square","url":"https:\/\/welcome-to-times-square.com\/es\/","logo":{"@type":"ImageObject","inLanguage":"es","@id":"https:\/\/welcome-to-times-square.com\/es\/#\/schema\/logo\/image\/","url":"https:\/\/welcome-to-times-square.com\/wp-content\/uploads\/2024\/03\/welcome-to-time-square-logo-with-r.png","contentUrl":"https:\/\/welcome-to-times-square.com\/wp-content\/uploads\/2024\/03\/welcome-to-time-square-logo-with-r.png","width":500,"height":342,"caption":"times-square"},"image":{"@id":"https:\/\/welcome-to-times-square.com\/es\/#\/schema\/logo\/image\/"}}]}},"_hostinger_reach_plugin_has_subscription_block":false,"_hostinger_reach_plugin_is_elementor":false,"_links":{"self":[{"href":"https:\/\/welcome-to-times-square.com\/es\/wp-json\/wp\/v2\/pages\/9166","targetHints":{"allow":["GET"]}}],"collection":[{"href":"https:\/\/welcome-to-times-square.com\/es\/wp-json\/wp\/v2\/pages"}],"about":[{"href":"https:\/\/welcome-to-times-square.com\/es\/wp-json\/wp\/v2\/types\/page"}],"author":[{"embeddable":true,"href":"https:\/\/welcome-to-times-square.com\/es\/wp-json\/wp\/v2\/users\/53"}],"replies":[{"embeddable":true,"href":"https:\/\/welcome-to-times-square.com\/es\/wp-json\/wp\/v2\/comments?post=9166"}],"version-history":[{"count":0,"href":"https:\/\/welcome-to-times-square.com\/es\/wp-json\/wp\/v2\/pages\/9166\/revisions"}],"wp:attachment":[{"href":"https:\/\/welcome-to-times-square.com\/es\/wp-json\/wp\/v2\/media?parent=9166"}],"curies":[{"name":"wp","href":"https:\/\/api.w.org\/{rel}","templated":true}]}}