{"id":9186,"date":"2021-09-05T09:09:40","date_gmt":"2021-09-05T09:09:40","guid":{"rendered":"https:\/\/welcome-to-times-square.com\/visitor-tips\/"},"modified":"2025-01-17T13:59:45","modified_gmt":"2025-01-17T13:59:45","slug":"visitor-tips","status":"publish","type":"page","link":"https:\/\/welcome-to-times-square.com\/es\/visitor-tips\/","title":{"rendered":"Visitor Tips"},"content":{"rendered":"<p>[vc_row full_width=\u00bbstretch_row\u00bb css=\u00bb.vc_custom_1627402630091{margin-top: 28px !important;margin-right: 0px !important;margin-bottom: 0px !important;margin-left: 0px !important;padding-top: 0px !important;padding-right: 0px !important;padding-bottom: 0px !important;padding-left: 0px !important;}\u00bb el_class=\u00bbmain-97676&#8243;][vc_column css=\u00bb.vc_custom_1626939874126{margin: 0px !important;padding: 0px !important;border: 0px initial !important;}\u00bb][vc_row_inner equal_height=\u00bbyes\u00bb el_class=\u00bbtext-banner11&#8243;][vc_column_inner width=\u00bb1\/2&#8243; css=\u00bb.vc_custom_1626940693197{margin-top: 0px !important;margin-right: 0px !important;margin-bottom: 0px !important;margin-left: 0px !important;padding-top: 20px !important;padding-right: 20px !important;padding-bottom: 20px !important;padding-left: 20px !important;background-image: url(https:\/\/welcome-to-times-square.com\/wp-content\/uploads\/2021\/07\/dd1.jpg?id=1431) !important;background-position: center !important;background-repeat: no-repeat !important;background-size: cover !important;}\u00bb][vc_column_text]<\/p>\n<h2>Consejos para visitantes<\/h2>\n<p>[\/vc_column_text][vc_column_text]Broadway, vibrante y culturalmente rico, representa uno de los teatros comerciales en vivo de m\u00e1s alto nivel del mundo. El Distrito Teatral, con sus majestuosos teatros, brillantes carteles publicitarios y luces deslumbrantes, es una visita obligada cuando se est\u00e1 en la ciudad. Deja una experiencia inolvidable. El viaje a la Gran Manzana no est\u00e1 completo sin asistir al menos a un espect\u00e1culo de Broadway. La experiencia de ver actuaciones en vivo en un teatro de Broadway no se puede replicar en ning\u00fan otro lugar.[\/vc_column_text][\/vc_column_inner][vc_column_inner width=\u00bb1\/2&#8243; css=\u00bb.vc_custom_1626939926058{margin: 0px !important;padding: 0px !important;}\u00bb][vc_images_carousel images=\u00bb1421,1423&#8243; img_size=\u00bbfull\u00bb onclick=\u00bblink_no\u00bb speed=\u00bb2000&#8243; autoplay=\u00bbyes\u00bb hide_prev_next_buttons=\u00bbyes\u00bb wrap=\u00bbyes\u00bb css=\u00bb.vc_custom_1626942472084{margin-top: 0px !important;margin-right: 0px !important;margin-bottom: 0px !important;margin-left: 0px !important;padding-top: 0px !important;padding-right: 0px !important;padding-bottom: 0px !important;padding-left: 0px !important;}\u00bb][\/vc_column_inner][\/vc_row_inner][\/vc_column][\/vc_row][vc_row full_width=\u00bbstretch_row\u00bb css=\u00bb.vc_custom_1627402678677{margin-top: 0px !important;padding-top: 0px !important;padding-bottom: 20px !important;background-image: url(https:\/\/welcome-to-times-square.com\/wp-content\/uploads\/2021\/07\/bg676.jpg?id=417) !important;background-position: center !important;background-repeat: no-repeat !important;background-size: cover !important;}\u00bb el_class=\u00bbmain-title312&#8243;][vc_column width=\u00bb1\/2&#8243;][vc_column_text]<\/p>\n<h2 style=\"text-align: left;\">VISITOR TIPS<\/h2>\n<p>[\/vc_column_text][\/vc_column][vc_column width=\u00bb1\/2&#8243;][vc_column_text]<\/p>\n<h2 style=\"text-align: right; font-size: 16px !important;\"><a style=\"color: #c00;\" href=\"https:\/\/welcome-to-times-square.com\/es\/\"> HOME <\/a> \/ VISITOR TIPS<\/h2>\n<p>[\/vc_column_text][\/vc_column][\/vc_row][vc_row full_width=\u00bbstretch_row\u00bb css=\u00bb.vc_custom_1630833483185{padding-top: 20px !important;padding-bottom: 20px !important;background-color: #f2f2f2 !important;}\u00bb el_class=\u00bbtext3232&#8243;][vc_column][vc_column_text]<\/p>\n<h3>Prep\u00e1rate mentalmente para Broadway Experience<\/h3>\n<p>[\/vc_column_text][vc_column_text]\u00c9l afirma que debes saber para mejorar tu experiencia en Broadway.[\/vc_column_text][vc_column_text]<\/p>\n<ul>\n<li><strong>Noche de estreno<\/strong>: Es la primera presentaci\u00f3n de una obra de teatro o musical despu\u00e9s de que terminan las funciones de preestreno.<\/li>\n<li><strong>Orquesta<\/strong>: El nivel del suelo de los asientos que est\u00e1 m\u00e1s cerca del escenario y es uno de los m\u00e1s caros del teatro.<\/li>\n<li><strong>Mezzanine<\/strong>: La primera secci\u00f3n de asientos elevada en un teatro, que cuelga sobre la orquesta para una vista excelente.<\/li>\n<li><strong>Balc\u00f3n<\/strong>: Es la \u00faltima secci\u00f3n de asientos en cualquier teatro y la m\u00e1s alejada del escenario.<\/li>\n<li><strong>Sala<\/strong>: Puede referirse a todo el auditorio o solo a la parte delantera del teatro, incluido el vest\u00edbulo y la boleter\u00eda.<\/li>\n<li><strong>Will Call<\/strong>: Lugar en la boleter\u00eda de un teatro donde puede retirar boletos comprados con anticipaci\u00f3n.<\/li>\n<li><strong>SRO<\/strong>: SRO o Standing Room Only. Significa que no tiene un asiento designado y es posible que deba permanecer de pie durante la presentaci\u00f3n.<\/li>\n<\/ul>\n<p>\u00a1Que se rompa una pierna! En lugar de buena suerte, cuando le desea a alguien que \u00abse rompa una pierna\u00bb, le est\u00e1 deseando un aplauso atronador.[\/vc_column_text][vc_column_text]<\/p>\n<h3 style=\"font-size: 24px; color: #000;\">Visitando teatros<\/h3>\n<p>[\/vc_column_text][vc_row_inner equal_height=\u00bbyes\u00bb el_class=\u00bbtext-l13&#8243;][vc_column_inner el_class=\u00bbbb12&#8243; width=\u00bb1\/3&#8243; css=\u00bb.vc_custom_1630834429154{background-color: #cc0000 !important;border-radius: 5px !important;}\u00bb][vc_column_text]<\/p>\n<h4>C\u00f3mo elegir el espect\u00e1culo de Broadway adecuado<\/h4>\n<p>La elecci\u00f3n del espect\u00e1culo que quieres ver marca el comienzo de tu experiencia en Broadway. Broadway ofrece una amplia gama de g\u00e9neros, tanto en obras de teatro como en musicales. Ofrece fantas\u00eda, romance, drama y comedia. Sirve para todos los gustos, por lo que, para que la experiencia en Broadway sea especial, es muy importante elegir el espect\u00e1culo adecuado. Haz una peque\u00f1a investigaci\u00f3n en Internet y haz tu elecci\u00f3n.[\/vc_column_text][\/vc_column_inner][vc_column_inner el_class=\u00bbbb12&#8243; width=\u00bb1\/3&#8243; css=\u00bb.vc_custom_1630834441317{background-color: #cc0000 !important;border-radius: 5px !important;}\u00bb][vc_column_text]<\/p>\n<h4>Conozca el teatro<\/h4>\n<p>Debe tener en cuenta ciertas consideraciones antes de reservar sus asientos, especialmente si lo acompa\u00f1an personas mayores. Debe comprobar si el teatro tiene escaleras mec\u00e1nicas, ascensores, sillas de ruedas, etc. Es importante conocer el plano de asientos del teatro para elegir el mejor asiento seg\u00fan sus necesidades. Por lo tanto, consulte la gu\u00eda de asientos de su teatro y elija los asientos adecuados.[\/vc_column_text][\/vc_column_inner][vc_column_inner el_class=\u00bbbb12&#8243; width=\u00bb1\/3&#8243; css=\u00bb.vc_custom_1630834453445{background-color: #cc0000 !important;border-radius: 5px !important;}\u00bb][vc_column_text]<\/p>\n<h4>Comprar entradas<\/h4>\n<p>Comprar entradas online es la forma m\u00e1s sencilla. Para hacerlo, se puede hacerlo a trav\u00e9s del sitio web oficial del teatro o del espect\u00e1culo. Si est\u00e1s cerca o no te sientes c\u00f3modo con las transacciones online, puedes reservar entradas en la taquilla del teatro. Tambi\u00e9n se pueden utilizar aplicaciones de terceros como Headout para reservar entradas de Broadway online, que tambi\u00e9n ofrecen grandes descuentos y devoluci\u00f3n de dinero, entre otros beneficios para el cliente.[\/vc_column_text][\/vc_column_inner][\/vc_row_inner][vc_row_inner equal_height=\u00bbyes\u00bb el_class=\u00bbtext-l13&#8243;][vc_column_inner width=\u00bb1\/3&#8243;][vc_single_image image=\u00bb1483&#8243; img_size=\u00bbfull\u00bb][\/vc_column_inner][vc_column_inner el_class=\u00bbbb12&#8243; width=\u00bb1\/3&#8243; css=\u00bb.vc_custom_1630834441317{background-color: #cc0000 !important;border-radius: 5px !important;}\u00bb][vc_column_text]<\/p>\n<h4>Vestirse para Broadway<\/h4>\n<p>No hay un c\u00f3digo de vestimenta decretado, pero si te vistes elegante para tu primer espect\u00e1culo de Broadway, la experiencia ser\u00e1 a\u00fan mejor. Recorrer las salas con siglos de antig\u00fcedad y disfrutar de musicales escritos hace a\u00f1os le suma encanto y una experiencia \u00fanica.[\/vc_column_text][\/vc_column_inner][vc_column_inner el_class=\u00bbbb12&#8243; width=\u00bb1\/3&#8243; css=\u00bb.vc_custom_1630834453445{background-color: #cc0000 !important;border-radius: 5px !important;}\u00bb][vc_column_text]<\/p>\n<h4>Disfrute de bocados r\u00e1pidos<\/h4>\n<p>Los precios de los alimentos disponibles en los teatros de Broadway son exorbitantes, por lo que antes de que comience el espect\u00e1culo, puede tomar un bocado r\u00e1pido en cualquiera de los fabulosos restaurantes disponibles en el Distrito Teatral y Times Square.[\/vc_column_text][\/vc_column_inner][\/vc_row_inner][\/vc_column][\/vc_row][vc_row el_class=\u00bbtext676511&#8243;][vc_column][vc_column_text]<\/p>\n<h3>Etiquetas del teatro de Broadway que debes conocer<\/h3>\n<p>[\/vc_column_text][vc_column_text]Algunas normas de etiqueta teatrales comunes que se espera que siga un visitante cuando asiste a una actuaci\u00f3n de Broadway son:[\/vc_column_text][vc_column_text]<\/p>\n<ul>\n<li>Aplaude despu\u00e9s de la actuaci\u00f3n o al final de un acto.<\/li>\n<li>Evita hablar durante la actuaci\u00f3n, ya que distrae a los int\u00e9rpretes.<\/li>\n<li>No cantes durante los n\u00fameros musicales, a menos que el int\u00e9rprete te anime a hacerlo.<\/li>\n<li>Aunque no te haya gustado el espect\u00e1culo, mant\u00e9n tu opini\u00f3n sobre el mismo neutral o positiva. Montar un espect\u00e1culo de Broadway no es f\u00e1cil y no querr\u00e1s ser grosero criticando abiertamente el espect\u00e1culo.<\/li>\n<\/ul>\n<p>[\/vc_column_text][\/vc_column][\/vc_row][vc_row][vc_column][vc_raw_html]JTNDJTIxLS0lMjBNZXRhJTIwUGl4ZWwlMjBDb2RlJTIwLS0lM0UlMEElM0NzY3JpcHQlM0UlMEElMjFmdW5jdGlvbiUyOGYlMkNiJTJDZSUyQ3YlMkNuJTJDdCUyQ3MlMjklMEElN0JpZiUyOGYuZmJxJTI5cmV0dXJuJTNCbiUzRGYuZmJxJTNEZnVuY3Rpb24lMjglMjklN0JuLmNhbGxNZXRob2QlM0YlMEFuLmNhbGxNZXRob2QuYXBwbHklMjhuJTJDYXJndW1lbnRzJTI5JTNBbi5xdWV1ZS5wdXNoJTI4YXJndW1lbnRzJTI5JTdEJTNCJTBBaWYlMjglMjFmLl9mYnElMjlmLl9mYnElM0RuJTNCbi5wdXNoJTNEbiUzQm4ubG9hZGVkJTNEJTIxMCUzQm4udmVyc2lvbiUzRCUyNzIuMCUyNyUzQiUwQW4ucXVldWUlM0QlNUIlNUQlM0J0JTNEYi5jcmVhdGVFbGVtZW50JTI4ZSUyOSUzQnQuYXN5bmMlM0QlMjEwJTNCJTBBdC5zcmMlM0R2JTNCcyUzRGIuZ2V0RWxlbWVudHNCeVRhZ05hbWUlMjhlJTI5JTVCMCU1RCUzQiUwQXMucGFyZW50Tm9kZS5pbnNlcnRCZWZvcmUlMjh0JTJDcyUyOSU3RCUyOHdpbmRvdyUyQyUyMGRvY3VtZW50JTJDJTI3c2NyaXB0JTI3JTJDJTBBJTI3aHR0cHMlM0ElMkYlMkZjb25uZWN0LmZhY2Vib29rLm5ldCUyRmVuX1VTJTJGZmJldmVudHMuanMlMjclMjklM0IlMEFmYnElMjglMjdpbml0JTI3JTJDJTIwJTI3MTc1MTgxMTAwODYyNDAzOSUyNyUyOSUzQiUwQWZicSUyOCUyN3RyYWNrJTI3JTJDJTIwJTI3UGFnZVZpZXclMjclMjklM0IlMEElM0MlMkZzY3JpcHQlM0UlMEElM0Nub3NjcmlwdCUzRSUzQ2ltZyUyMGhlaWdodCUzRCUyMjElMjIlMjB3aWR0aCUzRCUyMjElMjIlMjBzdHlsZSUzRCUyMmRpc3BsYXklM0Fub25lJTIyJTBBc3JjJTNEJTIyaHR0cHMlM0ElMkYlMkZ3d3cuZmFjZWJvb2suY29tJTJGdHIlM0ZpZCUzRDE3NTE4MTEwMDg2MjQwMzklMjZldiUzRFBhZ2VWaWV3JTI2bm9zY3JpcHQlM0QxJTIyJTBBJTJGJTNFJTNDJTJGbm9zY3JpcHQlM0UlMEElM0MlMjEtLSUyMEVuZCUyME1ldGElMjBQaXhlbCUyMENvZGUlMjAtLSUzRQ==[\/vc_raw_html][\/vc_column][\/vc_row]<\/p>\n","protected":false},"excerpt":{"rendered":"[vc_row full_width=\"stretch_row\" css=\".vc_custom_1627402630091{margin-top: 28px !important;margin-right: 0px !important;margin-bottom: 0px !important;margin-left: 0px !important;padding-top: 0px !important;padding-right: 0px !important;padding-bottom: 0px !important;padding-left: 0px !important;}\" el_class=\"main-97676\"][vc_column css=\".vc_custom_1626939874126{margin: 0px !important;padding: 0px !important;border: 0px initial !important;}\"][vc_row_inner equal_height=\"yes\" el_class=\"text-banner11\"][vc_column_inner width=\"1\/2\" css=\".vc_custom_1626940693197{margin-top: 0px !important;margin-right: 0px !important;margin-bottom: 0px !important;margin-left: 0px !important;padding-top: 20px !important;padding-right: 20px !important;padding-bottom: 20px !important;padding-left: 20px !important;background-image: url(https:\/\/welcome-to-times-square.com\/wp-content\/uploads\/2021\/07\/dd1.jpg?id=1431) !important;background-position: center !important;background-repeat: no-repeat !important;background-size: cover [...]<a href=\"https:\/\/welcome-to-times-square.com\/es\/visitor-tips\/\" class=\"read-more wyz-secondary-color-text\">read more<span class=\"screen-reader-text\">Visitor Tips<\/span><\/a>","protected":false},"author":53,"featured_media":0,"parent":0,"menu_order":0,"comment_status":"closed","ping_status":"closed","template":"","meta":{"footnotes":""},"class_list":["post-9186","page","type-page","status-publish","hentry"],"yoast_head":"<!-- This site is optimized with the Yoast SEO plugin v27.2 - https:\/\/yoast.com\/product\/yoast-seo-wordpress\/ -->\n<title>Visitor Tips - times-square<\/title>\n<meta name=\"robots\" content=\"index, follow, max-snippet:-1, max-image-preview:large, max-video-preview:-1\" \/>\n<link rel=\"canonical\" href=\"https:\/\/welcome-to-times-square.com\/es\/visitor-tips\/\" \/>\n<meta property=\"og:locale\" content=\"es_ES\" \/>\n<meta property=\"og:type\" content=\"article\" \/>\n<meta property=\"og:title\" content=\"Visitor Tips - times-square\" \/>\n<meta property=\"og:description\" content=\"[vc_row full_width=\u00bbstretch_row\u00bb css=\u00bb.vc_custom_1627402630091{margin-top: 28px !important;margin-right: 0px !important;margin-bottom: 0px !important;margin-left: 0px !important;padding-top: 0px !important;padding-right: 0px !important;padding-bottom: 0px !important;padding-left: 0px !important;}\u00bb el_class=\u00bbmain-97676&#8243;][vc_column css=\u00bb.vc_custom_1626939874126{margin: 0px !important;padding: 0px !important;border: 0px initial !important;}\u00bb][vc_row_inner equal_height=\u00bbyes\u00bb el_class=\u00bbtext-banner11&#8243;][vc_column_inner width=\u00bb1\/2&#8243; css=\u00bb.vc_custom_1626940693197{margin-top: 0px !important;margin-right: 0px !important;margin-bottom: 0px !important;margin-left: 0px !important;padding-top: 20px !important;padding-right: 20px !important;padding-bottom: 20px !important;padding-left: 20px !important;background-image: url(https:\/\/welcome-to-times-square.com\/wp-content\/uploads\/2021\/07\/dd1.jpg?id=1431) !important;background-position: center !important;background-repeat: no-repeat !important;background-size: cover [...]read moreVisitor Tips\" \/>\n<meta property=\"og:url\" content=\"https:\/\/welcome-to-times-square.com\/es\/visitor-tips\/\" \/>\n<meta property=\"og:site_name\" content=\"times-square\" \/>\n<meta property=\"article:modified_time\" content=\"2025-01-17T13:59:45+00:00\" \/>\n<meta name=\"twitter:card\" content=\"summary_large_image\" \/>\n<meta name=\"twitter:label1\" content=\"Tiempo de lectura\" \/>\n\t<meta name=\"twitter:data1\" content=\"7 minutos\" \/>\n<script type=\"application\/ld+json\" class=\"yoast-schema-graph\">{\"@context\":\"https:\/\/schema.org\",\"@graph\":[{\"@type\":\"WebPage\",\"@id\":\"https:\/\/welcome-to-times-square.com\/es\/visitor-tips\/\",\"url\":\"https:\/\/welcome-to-times-square.com\/es\/visitor-tips\/\",\"name\":\"Visitor Tips - times-square\",\"isPartOf\":{\"@id\":\"https:\/\/welcome-to-times-square.com\/es\/#website\"},\"datePublished\":\"2021-09-05T09:09:40+00:00\",\"dateModified\":\"2025-01-17T13:59:45+00:00\",\"breadcrumb\":{\"@id\":\"https:\/\/welcome-to-times-square.com\/es\/visitor-tips\/#breadcrumb\"},\"inLanguage\":\"es\",\"potentialAction\":[{\"@type\":\"ReadAction\",\"target\":[\"https:\/\/welcome-to-times-square.com\/es\/visitor-tips\/\"]}]},{\"@type\":\"BreadcrumbList\",\"@id\":\"https:\/\/welcome-to-times-square.com\/es\/visitor-tips\/#breadcrumb\",\"itemListElement\":[{\"@type\":\"ListItem\",\"position\":1,\"name\":\"Home\",\"item\":\"https:\/\/welcome-to-times-square.com\/es\/\"},{\"@type\":\"ListItem\",\"position\":2,\"name\":\"Visitor Tips\"}]},{\"@type\":\"WebSite\",\"@id\":\"https:\/\/welcome-to-times-square.com\/es\/#website\",\"url\":\"https:\/\/welcome-to-times-square.com\/es\/\",\"name\":\"times-square\",\"description\":\"times-square\",\"publisher\":{\"@id\":\"https:\/\/welcome-to-times-square.com\/es\/#organization\"},\"potentialAction\":[{\"@type\":\"SearchAction\",\"target\":{\"@type\":\"EntryPoint\",\"urlTemplate\":\"https:\/\/welcome-to-times-square.com\/es\/?s={search_term_string}\"},\"query-input\":{\"@type\":\"PropertyValueSpecification\",\"valueRequired\":true,\"valueName\":\"search_term_string\"}}],\"inLanguage\":\"es\"},{\"@type\":\"Organization\",\"@id\":\"https:\/\/welcome-to-times-square.com\/es\/#organization\",\"name\":\"times-square\",\"url\":\"https:\/\/welcome-to-times-square.com\/es\/\",\"logo\":{\"@type\":\"ImageObject\",\"inLanguage\":\"es\",\"@id\":\"https:\/\/welcome-to-times-square.com\/es\/#\/schema\/logo\/image\/\",\"url\":\"https:\/\/welcome-to-times-square.com\/wp-content\/uploads\/2024\/03\/welcome-to-time-square-logo-with-r.png\",\"contentUrl\":\"https:\/\/welcome-to-times-square.com\/wp-content\/uploads\/2024\/03\/welcome-to-time-square-logo-with-r.png\",\"width\":500,\"height\":342,\"caption\":\"times-square\"},\"image\":{\"@id\":\"https:\/\/welcome-to-times-square.com\/es\/#\/schema\/logo\/image\/\"}}]}<\/script>\n<!-- \/ Yoast SEO plugin. -->","yoast_head_json":{"title":"Visitor Tips - times-square","robots":{"index":"index","follow":"follow","max-snippet":"max-snippet:-1","max-image-preview":"max-image-preview:large","max-video-preview":"max-video-preview:-1"},"canonical":"https:\/\/welcome-to-times-square.com\/es\/visitor-tips\/","og_locale":"es_ES","og_type":"article","og_title":"Visitor Tips - times-square","og_description":"[vc_row full_width=\u00bbstretch_row\u00bb css=\u00bb.vc_custom_1627402630091{margin-top: 28px !important;margin-right: 0px !important;margin-bottom: 0px !important;margin-left: 0px !important;padding-top: 0px !important;padding-right: 0px !important;padding-bottom: 0px !important;padding-left: 0px !important;}\u00bb el_class=\u00bbmain-97676&#8243;][vc_column css=\u00bb.vc_custom_1626939874126{margin: 0px !important;padding: 0px !important;border: 0px initial !important;}\u00bb][vc_row_inner equal_height=\u00bbyes\u00bb el_class=\u00bbtext-banner11&#8243;][vc_column_inner width=\u00bb1\/2&#8243; css=\u00bb.vc_custom_1626940693197{margin-top: 0px !important;margin-right: 0px !important;margin-bottom: 0px !important;margin-left: 0px !important;padding-top: 20px !important;padding-right: 20px !important;padding-bottom: 20px !important;padding-left: 20px !important;background-image: url(https:\/\/welcome-to-times-square.com\/wp-content\/uploads\/2021\/07\/dd1.jpg?id=1431) !important;background-position: center !important;background-repeat: no-repeat !important;background-size: cover [...]read moreVisitor Tips","og_url":"https:\/\/welcome-to-times-square.com\/es\/visitor-tips\/","og_site_name":"times-square","article_modified_time":"2025-01-17T13:59:45+00:00","twitter_card":"summary_large_image","twitter_misc":{"Tiempo de lectura":"7 minutos"},"schema":{"@context":"https:\/\/schema.org","@graph":[{"@type":"WebPage","@id":"https:\/\/welcome-to-times-square.com\/es\/visitor-tips\/","url":"https:\/\/welcome-to-times-square.com\/es\/visitor-tips\/","name":"Visitor Tips - times-square","isPartOf":{"@id":"https:\/\/welcome-to-times-square.com\/es\/#website"},"datePublished":"2021-09-05T09:09:40+00:00","dateModified":"2025-01-17T13:59:45+00:00","breadcrumb":{"@id":"https:\/\/welcome-to-times-square.com\/es\/visitor-tips\/#breadcrumb"},"inLanguage":"es","potentialAction":[{"@type":"ReadAction","target":["https:\/\/welcome-to-times-square.com\/es\/visitor-tips\/"]}]},{"@type":"BreadcrumbList","@id":"https:\/\/welcome-to-times-square.com\/es\/visitor-tips\/#breadcrumb","itemListElement":[{"@type":"ListItem","position":1,"name":"Home","item":"https:\/\/welcome-to-times-square.com\/es\/"},{"@type":"ListItem","position":2,"name":"Visitor Tips"}]},{"@type":"WebSite","@id":"https:\/\/welcome-to-times-square.com\/es\/#website","url":"https:\/\/welcome-to-times-square.com\/es\/","name":"times-square","description":"times-square","publisher":{"@id":"https:\/\/welcome-to-times-square.com\/es\/#organization"},"potentialAction":[{"@type":"SearchAction","target":{"@type":"EntryPoint","urlTemplate":"https:\/\/welcome-to-times-square.com\/es\/?s={search_term_string}"},"query-input":{"@type":"PropertyValueSpecification","valueRequired":true,"valueName":"search_term_string"}}],"inLanguage":"es"},{"@type":"Organization","@id":"https:\/\/welcome-to-times-square.com\/es\/#organization","name":"times-square","url":"https:\/\/welcome-to-times-square.com\/es\/","logo":{"@type":"ImageObject","inLanguage":"es","@id":"https:\/\/welcome-to-times-square.com\/es\/#\/schema\/logo\/image\/","url":"https:\/\/welcome-to-times-square.com\/wp-content\/uploads\/2024\/03\/welcome-to-time-square-logo-with-r.png","contentUrl":"https:\/\/welcome-to-times-square.com\/wp-content\/uploads\/2024\/03\/welcome-to-time-square-logo-with-r.png","width":500,"height":342,"caption":"times-square"},"image":{"@id":"https:\/\/welcome-to-times-square.com\/es\/#\/schema\/logo\/image\/"}}]}},"_hostinger_reach_plugin_has_subscription_block":false,"_hostinger_reach_plugin_is_elementor":false,"_links":{"self":[{"href":"https:\/\/welcome-to-times-square.com\/es\/wp-json\/wp\/v2\/pages\/9186","targetHints":{"allow":["GET"]}}],"collection":[{"href":"https:\/\/welcome-to-times-square.com\/es\/wp-json\/wp\/v2\/pages"}],"about":[{"href":"https:\/\/welcome-to-times-square.com\/es\/wp-json\/wp\/v2\/types\/page"}],"author":[{"embeddable":true,"href":"https:\/\/welcome-to-times-square.com\/es\/wp-json\/wp\/v2\/users\/53"}],"replies":[{"embeddable":true,"href":"https:\/\/welcome-to-times-square.com\/es\/wp-json\/wp\/v2\/comments?post=9186"}],"version-history":[{"count":1,"href":"https:\/\/welcome-to-times-square.com\/es\/wp-json\/wp\/v2\/pages\/9186\/revisions"}],"predecessor-version":[{"id":9202,"href":"https:\/\/welcome-to-times-square.com\/es\/wp-json\/wp\/v2\/pages\/9186\/revisions\/9202"}],"wp:attachment":[{"href":"https:\/\/welcome-to-times-square.com\/es\/wp-json\/wp\/v2\/media?parent=9186"}],"curies":[{"name":"wp","href":"https:\/\/api.w.org\/{rel}","templated":true}]}}