{"id":9268,"date":"2021-09-02T12:50:38","date_gmt":"2021-09-02T12:50:38","guid":{"rendered":"https:\/\/welcome-to-times-square.com\/broadway-tickets\/"},"modified":"2025-01-20T08:22:19","modified_gmt":"2025-01-20T08:22:19","slug":"broadway-tickets","status":"publish","type":"page","link":"https:\/\/welcome-to-times-square.com\/es\/broadway-tickets\/","title":{"rendered":"Entradas para Broadway"},"content":{"rendered":"\t\t<div data-elementor-type=\"wp-page\" data-elementor-id=\"9268\" class=\"elementor elementor-9268 elementor-1692\" data-elementor-post-type=\"page\">\n\t\t\t\t<div class=\"elementor-element elementor-element-f3ddbde e-flex e-con-boxed e-con e-parent\" data-id=\"f3ddbde\" data-element_type=\"container\" data-e-type=\"container\" data-settings=\"{&quot;background_background&quot;:&quot;classic&quot;}\">\n\t\t\t\t\t<div class=\"e-con-inner\">\n\t\t\t\t<div class=\"elementor-element elementor-element-2af2c2f elementor-widget elementor-widget-heading\" data-id=\"2af2c2f\" data-element_type=\"widget\" data-e-type=\"widget\" data-widget_type=\"heading.default\">\n\t\t\t\t<div class=\"elementor-widget-container\">\n\t\t\t\t\t<h2 class=\"elementor-heading-title elementor-size-default\">C\u00f3mo comprar entradas para Broadway<\/h2>\t\t\t\t<\/div>\n\t\t\t\t<\/div>\n\t\t\t\t<div class=\"elementor-element elementor-element-a09f7cf elementor-widget-divider--view-line elementor-widget elementor-widget-divider\" data-id=\"a09f7cf\" data-element_type=\"widget\" data-e-type=\"widget\" data-widget_type=\"divider.default\">\n\t\t\t\t<div class=\"elementor-widget-container\">\n\t\t\t\t\t\t\t<div class=\"elementor-divider\">\n\t\t\t<span class=\"elementor-divider-separator\">\n\t\t\t\t\t\t<\/span>\n\t\t<\/div>\n\t\t\t\t\t\t<\/div>\n\t\t\t\t<\/div>\n\t\t\t\t<div class=\"elementor-element elementor-element-88beda0 elementor-widget elementor-widget-text-editor\" data-id=\"88beda0\" data-element_type=\"widget\" data-e-type=\"widget\" data-widget_type=\"text-editor.default\">\n\t\t\t\t<div class=\"elementor-widget-container\">\n\t\t\t\t\t\t\t\t\t<p>Ya es oficial que los musicales, obras de teatro y otros espect\u00e1culos en vivo m\u00e1s populares han regresado y que la Gran V\u00eda Blanca ha vuelto a funcionar. El gobernador de Nueva York, Andrew Cuomo, ha permitido que los teatros vuelvan a abrir para presentaciones en vivo a partir del 14 de septiembre. <\/p>\n<p>Debido a las m\u00faltiples opciones, comprar entradas para espect\u00e1culos de Broadway puede resultar abrumador. Sin embargo, un poco de planificaci\u00f3n anticipada facilita la compra de entradas para Broadway y la obtenci\u00f3n de codiciados asientos para algunos de los espect\u00e1culos m\u00e1s exitosos. <\/p>\n<p><strong>ENTRADAS PARA BROADWAY<\/strong><\/p>\n<h3>Algunas de las formas m\u00e1s populares de comprar entradas para disfrutar de espect\u00e1culos en vivo de Broadway son:<\/h3>\n<ul>\n<li><strong>Entradas a trav\u00e9s de la Web<\/strong><br \/>www.Broadway.org, la fuente de informaci\u00f3n oficial en l\u00ednea sobre Broadway, es el mejor lugar para comprar entradas para Broadway. Aqu\u00ed encontrar\u00e1 una lista completa de los espect\u00e1culos actuales y futuros de Broadway. Tambi\u00e9n le proporcionar\u00e1 enlaces directos a las taquillas oficiales de cada espect\u00e1culo y teatro que ofrecen entradas a todos los precios.  <\/li>\n<li>\n<p><strong>Dir\u00edgete a las taquillas con descuento de TKTS<\/strong><br \/>Hacer cola el d\u00eda del espect\u00e1culo es la forma tradicional y cl\u00e1sica de comprar entradas con grandes descuentos en TKTS en Duffy Square. Los mayores \u00e9xitos de Broadway est\u00e1n a la venta en las taquillas, en su mayor\u00eda con un 50 por ciento de descuento. La taquilla de Time Square tambi\u00e9n tiene una ventanilla de \u201cPlay Express\u201d que reduce el tiempo de espera, siempre que no quieras ver un musical.  <\/p>\n<\/li>\n<\/ul>\n<p>TDF tambi\u00e9n opera otras dos cabinas en la ciudad. La primera est\u00e1 en el atrio David Rubenstein del Lincoln Center y la otra en South Street Seaport. Cuanto antes compre las entradas en TKTS, mejor, pero a veces los bloques de buenos asientos se liberan m\u00e1s cerca de la hora de apertura del tel\u00f3n. Para obtener informaci\u00f3n actualizada, puede utilizar la aplicaci\u00f3n TKTS o visitar su sitio web. El precio de las entradas en TKTS es sustancialmente m\u00e1s bajo que el de otros sitios web.    <\/p>\n<ul>\n<li>\n<p><strong>Compra tus entradas online o desde tu m\u00f3vil<\/strong><br \/>Comprar en TKTS requiere esperar en persona y, a menudo, la espera es larga. Internet es la mejor alternativa que te ayudar\u00e1 a comprar tus entradas con semanas de antelaci\u00f3n. La aplicaci\u00f3n TodayTix te ayudar\u00e1 a encontrar entradas con descuento desde tu m\u00f3vil con bastante antelaci\u00f3n.  <\/p>\n<\/li>\n<\/ul>\n<p>Adem\u00e1s, hay dos vendedores de entradas que tambi\u00e9n utilizan casi todos los teatros de Broadway para vender entradas en l\u00ednea o por tel\u00e9fono. Uno es Telecharge al (800) 432-7250 y el otro es Ticketmaster al (866) 870-2717. <\/p>\n<p>Consulte la p\u00e1gina del espect\u00e1culo en el sitio web Broadway.org para verificar la oficina de venta de entradas oficial para el espect\u00e1culo o los espect\u00e1culos que desea comprar.<\/p>\n<p>TDF tambi\u00e9n opera otras dos cabinas en la ciudad. La primera est\u00e1 en el atrio David Rubenstein del Lincoln Center y la otra en South Street Seaport. Cuanto antes compren las entradas en TKTS, mejor, pero a veces los bloques de buenos asientos se liberan m\u00e1s cerca de la hora de apertura del tel\u00f3n. Para obtener informaci\u00f3n actualizada, puede utilizar la aplicaci\u00f3n TKTS o visitar su sitio web. El precio de las entradas en TKTS es sustancialmente m\u00e1s bajo que el de otros sitios web.    <\/p>\n<p><strong>Entradas \u201cde loter\u00eda\u201d o \u201cde urgencia\u201d<\/strong><br \/>Muchos teatros ofrecen entradas de urgencia especiales para el mismo d\u00eda a un precio muy razonable para espect\u00e1culos que ya se han agotado. Las entradas de urgencia para espect\u00e1culos de Broadway se pueden comprar por tan solo $20 por entrada. Se pueden comprar en la boleter\u00eda del teatro el d\u00eda de la funci\u00f3n. Algunos teatros tambi\u00e9n ofrecen entradas de urgencia m\u00f3viles a trav\u00e9s de TodayTix.   <\/p>\n<p>Algunas producciones ofrecen entradas baratas para el mismo d\u00eda a trav\u00e9s del m\u00e9todo de loter\u00eda en persona. Los nombres se sortean en la taquilla unas horas antes de que suban las cortinas. Sin embargo, ahora la mayor\u00eda de los espect\u00e1culos de Broadway realizan loter\u00edas de forma digital a trav\u00e9s de TodayTix o por su cuenta. Puede consultar los pr\u00e1cticos listados de Broadway for Broke People para averiguar qu\u00e9 teatros ofrecen entradas urgentes y loter\u00edas.   <\/p>\n<ul>\n<li><strong>Hazte miembro<\/strong><br \/>La mayor\u00eda de las compa\u00f1\u00edas de teatro ofrecen paquetes de membres\u00eda. Puedes pagar una cuota por adelantado y, a cambio, obtendr\u00e1s entradas con descuento durante todo el a\u00f1o. Esto tambi\u00e9n te permite comprar entradas antes de que salgan a la venta. Es muy \u00fatil cuando los teatros tienen espect\u00e1culos con mucha anticipaci\u00f3n. Tambi\u00e9n puedes obtener una membres\u00eda anual con TDF. Te permitir\u00e1 aprovechar las ofertas de entradas con mucha anticipaci\u00f3n.     <\/li>\n<li><strong>Bono: Para j\u00f3venes<\/strong><br \/>Los teatros sin fines de lucro tienen programas que incentivan a un p\u00fablico m\u00e1s joven. Al unirse al programa Hiptix, las personas de entre 18 y 40 a\u00f1os pueden comprar entradas en Roundabout Theater Company por solo $30. El programa LincTix del Lincoln Center Theater para j\u00f3venes de entre 21 y 35 a\u00f1os ofrece entradas a $32 para todos los espect\u00e1culos. De manera similar, el Manhattan Theatre Club ofrece entradas a $30 para los espectadores de 35 a\u00f1os o menos.   <\/li>\n<\/ul>\n\t\t\t\t\t\t\t\t<\/div>\n\t\t\t\t<\/div>\n\t\t\t\t<div class=\"elementor-element elementor-element-5b7d56e elementor-widget-divider--view-line elementor-widget elementor-widget-divider\" data-id=\"5b7d56e\" data-element_type=\"widget\" data-e-type=\"widget\" data-widget_type=\"divider.default\">\n\t\t\t\t<div class=\"elementor-widget-container\">\n\t\t\t\t\t\t\t<div class=\"elementor-divider\">\n\t\t\t<span class=\"elementor-divider-separator\">\n\t\t\t\t\t\t<\/span>\n\t\t<\/div>\n\t\t\t\t\t\t<\/div>\n\t\t\t\t<\/div>\n\t\t\t\t<div class=\"elementor-element elementor-element-2a620ff elementor-widget elementor-widget-text-editor\" data-id=\"2a620ff\" data-element_type=\"widget\" data-e-type=\"widget\" data-widget_type=\"text-editor.default\">\n\t\t\t\t<div class=\"elementor-widget-container\">\n\t\t\t\t\t\t\t\t\t<p><strong>Para aparecer en nuestro Billboard en Times Square, vaya a nuestra secci\u00f3n CONTACTO.<\/strong><\/p>\n<p>As\u00ed es como funciona:<\/p>\n<p>Ya sea un cumplea\u00f1os, una propuesta de matrimonio, un aniversario o una simple declaraci\u00f3n de amor, lo tenemos cubierto. \u00a1No seas un simple rostro entre la multitud! <br \/>\u00a1Consigue tu foto o v\u00eddeo en nuestra cartelera en Times Square!<\/p>\n<p>Opci\u00f3n 1: Tu video o foto de 60 segundos se mostrar\u00e1 22 veces al d\u00eda.<br \/>Opci\u00f3n 2: Tu video o foto de 30 segundos se mostrar\u00e1 44 veces al d\u00eda.<br \/>Opci\u00f3n 3: Tu video o foto de 15 segundos se mostrar\u00e1 88 veces al d\u00eda.<\/p>\n<p>Nuestro cartel publicitario mide 31 pies por 55 pies y est\u00e1 ubicado en 1560 Broadway (Broadway y 46th Street, justo encima de la tienda Pel\u00e9).<\/p>\n<p>\u00a1No seas una cara entre la multitud!<\/p>\n\t\t\t\t\t\t\t\t<\/div>\n\t\t\t\t<\/div>\n\t\t\t\t\t<\/div>\n\t\t\t\t<\/div>\n\t\t\t\t<\/div>\n\t\t","protected":false},"excerpt":{"rendered":"C\u00f3mo comprar entradas para Broadway Ya es oficial que los musicales, obras de teatro y otros espect\u00e1culos en vivo m\u00e1s populares han regresado y que la Gran V\u00eda Blanca ha vuelto a funcionar. El gobernador de Nueva York, Andrew Cuomo, ha permitido que los teatros vuelvan a abrir para presentaciones en vivo a partir del [...]<a href=\"https:\/\/welcome-to-times-square.com\/es\/broadway-tickets\/\" class=\"read-more wyz-secondary-color-text\">read more<span class=\"screen-reader-text\">Entradas para Broadway<\/span><\/a>","protected":false},"author":53,"featured_media":0,"parent":0,"menu_order":0,"comment_status":"closed","ping_status":"closed","template":"elementor_header_footer","meta":{"footnotes":""},"class_list":["post-9268","page","type-page","status-publish","hentry"],"yoast_head":"<!-- This site is optimized with the Yoast SEO plugin v27.2 - https:\/\/yoast.com\/product\/yoast-seo-wordpress\/ -->\n<title>Entradas para Broadway - times-square<\/title>\n<meta name=\"robots\" content=\"index, follow, max-snippet:-1, max-image-preview:large, max-video-preview:-1\" \/>\n<link rel=\"canonical\" href=\"https:\/\/welcome-to-times-square.com\/es\/broadway-tickets\/\" \/>\n<meta property=\"og:locale\" content=\"es_ES\" \/>\n<meta property=\"og:type\" content=\"article\" \/>\n<meta property=\"og:title\" content=\"Entradas para Broadway - times-square\" \/>\n<meta property=\"og:description\" content=\"C\u00f3mo comprar entradas para Broadway Ya es oficial que los musicales, obras de teatro y otros espect\u00e1culos en vivo m\u00e1s populares han regresado y que la Gran V\u00eda Blanca ha vuelto a funcionar. El gobernador de Nueva York, Andrew Cuomo, ha permitido que los teatros vuelvan a abrir para presentaciones en vivo a partir del [...]read moreEntradas para Broadway\" \/>\n<meta property=\"og:url\" content=\"https:\/\/welcome-to-times-square.com\/es\/broadway-tickets\/\" \/>\n<meta property=\"og:site_name\" content=\"times-square\" \/>\n<meta property=\"article:modified_time\" content=\"2025-01-20T08:22:19+00:00\" \/>\n<meta name=\"twitter:card\" content=\"summary_large_image\" \/>\n<meta name=\"twitter:label1\" content=\"Tiempo de lectura\" \/>\n\t<meta name=\"twitter:data1\" content=\"4 minutos\" \/>\n<script type=\"application\/ld+json\" class=\"yoast-schema-graph\">{\"@context\":\"https:\/\/schema.org\",\"@graph\":[{\"@type\":\"WebPage\",\"@id\":\"https:\/\/welcome-to-times-square.com\/es\/broadway-tickets\/\",\"url\":\"https:\/\/welcome-to-times-square.com\/es\/broadway-tickets\/\",\"name\":\"Entradas para Broadway - times-square\",\"isPartOf\":{\"@id\":\"https:\/\/welcome-to-times-square.com\/es\/#website\"},\"datePublished\":\"2021-09-02T12:50:38+00:00\",\"dateModified\":\"2025-01-20T08:22:19+00:00\",\"breadcrumb\":{\"@id\":\"https:\/\/welcome-to-times-square.com\/es\/broadway-tickets\/#breadcrumb\"},\"inLanguage\":\"es\",\"potentialAction\":[{\"@type\":\"ReadAction\",\"target\":[\"https:\/\/welcome-to-times-square.com\/es\/broadway-tickets\/\"]}]},{\"@type\":\"BreadcrumbList\",\"@id\":\"https:\/\/welcome-to-times-square.com\/es\/broadway-tickets\/#breadcrumb\",\"itemListElement\":[{\"@type\":\"ListItem\",\"position\":1,\"name\":\"Home\",\"item\":\"https:\/\/welcome-to-times-square.com\/es\/\"},{\"@type\":\"ListItem\",\"position\":2,\"name\":\"Entradas para Broadway\"}]},{\"@type\":\"WebSite\",\"@id\":\"https:\/\/welcome-to-times-square.com\/es\/#website\",\"url\":\"https:\/\/welcome-to-times-square.com\/es\/\",\"name\":\"times-square\",\"description\":\"times-square\",\"publisher\":{\"@id\":\"https:\/\/welcome-to-times-square.com\/es\/#organization\"},\"potentialAction\":[{\"@type\":\"SearchAction\",\"target\":{\"@type\":\"EntryPoint\",\"urlTemplate\":\"https:\/\/welcome-to-times-square.com\/es\/?s={search_term_string}\"},\"query-input\":{\"@type\":\"PropertyValueSpecification\",\"valueRequired\":true,\"valueName\":\"search_term_string\"}}],\"inLanguage\":\"es\"},{\"@type\":\"Organization\",\"@id\":\"https:\/\/welcome-to-times-square.com\/es\/#organization\",\"name\":\"times-square\",\"url\":\"https:\/\/welcome-to-times-square.com\/es\/\",\"logo\":{\"@type\":\"ImageObject\",\"inLanguage\":\"es\",\"@id\":\"https:\/\/welcome-to-times-square.com\/es\/#\/schema\/logo\/image\/\",\"url\":\"https:\/\/welcome-to-times-square.com\/wp-content\/uploads\/2024\/03\/welcome-to-time-square-logo-with-r.png\",\"contentUrl\":\"https:\/\/welcome-to-times-square.com\/wp-content\/uploads\/2024\/03\/welcome-to-time-square-logo-with-r.png\",\"width\":500,\"height\":342,\"caption\":\"times-square\"},\"image\":{\"@id\":\"https:\/\/welcome-to-times-square.com\/es\/#\/schema\/logo\/image\/\"}}]}<\/script>\n<!-- \/ Yoast SEO plugin. -->","yoast_head_json":{"title":"Entradas para Broadway - times-square","robots":{"index":"index","follow":"follow","max-snippet":"max-snippet:-1","max-image-preview":"max-image-preview:large","max-video-preview":"max-video-preview:-1"},"canonical":"https:\/\/welcome-to-times-square.com\/es\/broadway-tickets\/","og_locale":"es_ES","og_type":"article","og_title":"Entradas para Broadway - times-square","og_description":"C\u00f3mo comprar entradas para Broadway Ya es oficial que los musicales, obras de teatro y otros espect\u00e1culos en vivo m\u00e1s populares han regresado y que la Gran V\u00eda Blanca ha vuelto a funcionar. El gobernador de Nueva York, Andrew Cuomo, ha permitido que los teatros vuelvan a abrir para presentaciones en vivo a partir del [...]read moreEntradas para Broadway","og_url":"https:\/\/welcome-to-times-square.com\/es\/broadway-tickets\/","og_site_name":"times-square","article_modified_time":"2025-01-20T08:22:19+00:00","twitter_card":"summary_large_image","twitter_misc":{"Tiempo de lectura":"4 minutos"},"schema":{"@context":"https:\/\/schema.org","@graph":[{"@type":"WebPage","@id":"https:\/\/welcome-to-times-square.com\/es\/broadway-tickets\/","url":"https:\/\/welcome-to-times-square.com\/es\/broadway-tickets\/","name":"Entradas para Broadway - times-square","isPartOf":{"@id":"https:\/\/welcome-to-times-square.com\/es\/#website"},"datePublished":"2021-09-02T12:50:38+00:00","dateModified":"2025-01-20T08:22:19+00:00","breadcrumb":{"@id":"https:\/\/welcome-to-times-square.com\/es\/broadway-tickets\/#breadcrumb"},"inLanguage":"es","potentialAction":[{"@type":"ReadAction","target":["https:\/\/welcome-to-times-square.com\/es\/broadway-tickets\/"]}]},{"@type":"BreadcrumbList","@id":"https:\/\/welcome-to-times-square.com\/es\/broadway-tickets\/#breadcrumb","itemListElement":[{"@type":"ListItem","position":1,"name":"Home","item":"https:\/\/welcome-to-times-square.com\/es\/"},{"@type":"ListItem","position":2,"name":"Entradas para Broadway"}]},{"@type":"WebSite","@id":"https:\/\/welcome-to-times-square.com\/es\/#website","url":"https:\/\/welcome-to-times-square.com\/es\/","name":"times-square","description":"times-square","publisher":{"@id":"https:\/\/welcome-to-times-square.com\/es\/#organization"},"potentialAction":[{"@type":"SearchAction","target":{"@type":"EntryPoint","urlTemplate":"https:\/\/welcome-to-times-square.com\/es\/?s={search_term_string}"},"query-input":{"@type":"PropertyValueSpecification","valueRequired":true,"valueName":"search_term_string"}}],"inLanguage":"es"},{"@type":"Organization","@id":"https:\/\/welcome-to-times-square.com\/es\/#organization","name":"times-square","url":"https:\/\/welcome-to-times-square.com\/es\/","logo":{"@type":"ImageObject","inLanguage":"es","@id":"https:\/\/welcome-to-times-square.com\/es\/#\/schema\/logo\/image\/","url":"https:\/\/welcome-to-times-square.com\/wp-content\/uploads\/2024\/03\/welcome-to-time-square-logo-with-r.png","contentUrl":"https:\/\/welcome-to-times-square.com\/wp-content\/uploads\/2024\/03\/welcome-to-time-square-logo-with-r.png","width":500,"height":342,"caption":"times-square"},"image":{"@id":"https:\/\/welcome-to-times-square.com\/es\/#\/schema\/logo\/image\/"}}]}},"_hostinger_reach_plugin_has_subscription_block":false,"_hostinger_reach_plugin_is_elementor":false,"_links":{"self":[{"href":"https:\/\/welcome-to-times-square.com\/es\/wp-json\/wp\/v2\/pages\/9268","targetHints":{"allow":["GET"]}}],"collection":[{"href":"https:\/\/welcome-to-times-square.com\/es\/wp-json\/wp\/v2\/pages"}],"about":[{"href":"https:\/\/welcome-to-times-square.com\/es\/wp-json\/wp\/v2\/types\/page"}],"author":[{"embeddable":true,"href":"https:\/\/welcome-to-times-square.com\/es\/wp-json\/wp\/v2\/users\/53"}],"replies":[{"embeddable":true,"href":"https:\/\/welcome-to-times-square.com\/es\/wp-json\/wp\/v2\/comments?post=9268"}],"version-history":[{"count":2,"href":"https:\/\/welcome-to-times-square.com\/es\/wp-json\/wp\/v2\/pages\/9268\/revisions"}],"predecessor-version":[{"id":9278,"href":"https:\/\/welcome-to-times-square.com\/es\/wp-json\/wp\/v2\/pages\/9268\/revisions\/9278"}],"wp:attachment":[{"href":"https:\/\/welcome-to-times-square.com\/es\/wp-json\/wp\/v2\/media?parent=9268"}],"curies":[{"name":"wp","href":"https:\/\/api.w.org\/{rel}","templated":true}]}}