{"id":9303,"date":"2021-09-04T15:04:00","date_gmt":"2021-09-04T15:04:00","guid":{"rendered":"https:\/\/welcome-to-times-square.com\/sponsor-seasonal-events\/"},"modified":"2025-01-20T11:41:17","modified_gmt":"2025-01-20T11:41:17","slug":"sponsor-seasonal-events","status":"publish","type":"page","link":"https:\/\/welcome-to-times-square.com\/es\/sponsor-seasonal-events\/","title":{"rendered":"Patrocinador de eventos de temporada"},"content":{"rendered":"<p>[vc_row full_width=\u00bbstretch_row\u00bb css=\u00bb.vc_custom_1627402630091{margin-top: 28px !important;margin-right: 0px !important;margin-bottom: 0px !important;margin-left: 0px !important;padding-top: 0px !important;padding-right: 0px !important;padding-bottom: 0px !important;padding-left: 0px !important;}\u00bb el_class=\u00bbmain-97676&#8243;][vc_column css=\u00bb.vc_custom_1626939874126{margin: 0px !important;padding: 0px !important;border: 0px initial !important;}\u00bb][vc_row_inner equal_height=\u00bbyes\u00bb el_class=\u00bbtext-banner11&#8243;][vc_column_inner width=\u00bb1\/2&#8243; css=\u00bb.vc_custom_1626940693197{margin-top: 0px !important;margin-right: 0px !important;margin-bottom: 0px !important;margin-left: 0px !important;padding-top: 20px !important;padding-right: 20px !important;padding-bottom: 20px !important;padding-left: 20px !important;background-image: url(https:\/\/welcome-to-times-square.com\/wp-content\/uploads\/2021\/07\/dd1.jpg?id=1431) !important;background-position: center !important;background-repeat: no-repeat !important;background-size: cover !important;}\u00bb][vc_column_text css=\u00bb.vc_custom_1630769236051{margin-top: -50px !important;}\u00bb]<\/p>\n<h2>Patrocinador de eventos de temporada<\/h2>\n<p>[\/vc_column_text][vc_column_text]Times Square es el lugar m\u00e1s emblem\u00e1tico del mundo para la publicidad exterior, donde todas las grandes marcas compiten por un lugar. Las empresas sacan a relucir sus mejores mensajes y creatividades para atraer a los visitantes. Las enormes vallas publicitarias y las luces intermitentes son la mejor plataforma para la publicidad. Es la meca de la publicidad. Siempre que pensamos en Times Square, nos vienen a la mente las enormes luces, los anuncios gigantes y los carteles. Times Square se ha convertido en el epicentro de las grandes empresas que muestran sus marcas a los millones de turistas que visitan la Gran Manzana. Con m\u00e1s de 100 millones de personas que pasan por all\u00ed cada a\u00f1o, no hay otro lugar mejor que Times Square para anunciarse. Debido a la enorme cantidad de turistas que pasan por all\u00ed, una sola valla publicitaria puede conseguir millones de impresiones cada d\u00eda.<br \/>\n[\/vc_column_text][\/vc_column_inner][vc_column_inner width=\u00bb1\/2&#8243; css=\u00bb.vc_custom_1626939926058{margin: 0px !important;padding: 0px !important;}\u00bb][vc_images_carousel images=\u00bb1421,1423&#8243; img_size=\u00bbfull\u00bb onclick=\u00bblink_no\u00bb speed=\u00bb2000&#8243; autoplay=\u00bbyes\u00bb hide_prev_next_buttons=\u00bbyes\u00bb wrap=\u00bbyes\u00bb css=\u00bb.vc_custom_1626942472084{margin-top: 0px !important;margin-right: 0px !important;margin-bottom: 0px !important;margin-left: 0px !important;padding-top: 0px !important;padding-right: 0px !important;padding-bottom: 0px !important;padding-left: 0px !important;}\u00bb][\/vc_column_inner][\/vc_row_inner][\/vc_column][\/vc_row][vc_row full_width=\u00bbstretch_row\u00bb css=\u00bb.vc_custom_1627402678677{margin-top: 0px !important;padding-top: 0px !important;padding-bottom: 20px !important;background-image: url(https:\/\/welcome-to-times-square.com\/wp-content\/uploads\/2021\/07\/bg676.jpg?id=417) !important;background-position: center !important;background-repeat: no-repeat !important;background-size: cover !important;}\u00bb el_class=\u00bbmain-title312&#8243;][vc_column width=\u00bb1\/2&#8243;][vc_column_text]<\/p>\n<h2 style=\"text-align: left;\">PATROCINAR EVENTOS DE TEMPORADA<\/h2>\n<p>[\/vc_column_text][\/vc_column][vc_column width=\u00bb1\/2&#8243;][vc_column_text]<\/p>\n<h2 style=\"text-align: right; font-size: 16px !important;\"> <a style=\"color: #c00;\" href=\"https:\/\/welcome-to-times-square.com\/es\/\">INICIO<\/a> \/ PATROCINAR EVENTOS DE TEMPORADA<\/h2>\n<p>[\/vc_column_text][\/vc_column][\/vc_row][vc_row full_width=\u00bbstretch_row\u00bb css=\u00bb.vc_custom_1630687359548{padding-top: 20px !important;padding-bottom: 20px !important;background-color: #f3f3f3 !important;}\u00bb el_class=\u00bbtext-b131&#8243;][vc_column][vc_column_text el_class=\u00bbmm54&#8243; css=\u00bb.vc_custom_1630768939014{border-bottom-width: 1px !important;border-bottom-color: #ffffff !important;border-bottom-style: solid !important;}\u00bb]<\/p>\n<h4>Costos de publicidad en Times Square<\/h4>\n<p>La publicidad en Times Square es accesible para las empresas, independientemente de su tama\u00f1o. Las empresas pueden anunciarse a trav\u00e9s de vallas publicitarias digitales, quioscos solares o vallas publicitarias est\u00e1ticas, seg\u00fan sus necesidades. Aunque Times Square ocupa solo el 0,1 % de la superficie total de Nueva York, genera el 10 % de la producci\u00f3n econ\u00f3mica de la ciudad. El coste de la publicidad en Times Square depende de factores como el formato del medio elegido, la duraci\u00f3n del programa y la cuota de voz. Un anuncio en vallas publicitarias puede oscilar entre 5.000 y m\u00e1s de 50.000 d\u00f3lares para un programa de un solo d\u00eda.[\/vc_column_text][vc_column_text el_class=\u00bbmm54&#8243; css=\u00bb.vc_custom_1630769137170{border-bottom-width: 1px !important;border-bottom-color: #ffffff !important;border-bottom-style: solid !important;}\u00bb]<\/p>\n<h4>Publicidad de temporada en Times Square<\/h4>\n<p>En Times Square se celebran numerosos eventos estacionales de fama mundial que atraen a millones de turistas de todo el mundo. Esto ofrece a las empresas una excelente oportunidad para publicitar sus marcas. Estos eventos pueden generar enormes ingresos para las empresas. Algunos de los principales eventos estacionales en Times Square son:[\/vc_column_text][vc_column_text el_class=\u00bbmm54&#8243;]<\/p>\n<ol>\n<li><strong>D\u00eda de San Valent\u00edn:<\/strong> Times Square es el lugar preferido por las parejas para celebrar su amor y hacer que el d\u00eda sea especial y \u00fanico. Miles de personas acuden al destino de ensue\u00f1o para honrar su amor y celebrar su romance con propuestas de matrimonio y promesas de renovaci\u00f3n frente al atractivo Coraz\u00f3n de San Valent\u00edn. <\/li>\n<li>Esta ocasi\u00f3n ofrece una gran oportunidad para patrocinar propuestas, ceremonias de renovaci\u00f3n de votos y bodas.<\/li>\n<li><strong>Taste of Times Square:<\/strong> En junio, la gente espera con ansias el festival anual de m\u00fasica y comida al aire libre \u201cTaste of Times Square\u201d. Lo organiza Time Square Alliance con los mejores restaurantes del distrito. Miles de residentes y turistas se re\u00fanen para disfrutar de los platos exclusivos preparados por los mejores chefs. El megafestival brinda oportunidades para patrocinar programas y grupos de m\u00fasica y entretenimiento junto con una variedad de activaciones de marca durante una celebraci\u00f3n de una semana de duraci\u00f3n.   <\/li>\n<li><strong>Solsticio en Times Square:<\/strong> atrae a miles de entusiastas de la salud y yoguis a clases de yoga gratuitas. Los visitantes interesados en el fitness, la salud y el bienestar pueden recibir una activaci\u00f3n personalizada de la marca para atraerlos. Es una gran plataforma y una oportunidad enorme para que las marcas ganen exposici\u00f3n, ya que el evento tiene m\u00e1s de mil millones de impresiones en los medios de comunicaci\u00f3n en todo el mundo.  <\/li>\n<\/ol>\n<p>[\/vc_column_text][\/vc_column][\/vc_row][vc_row][vc_column][\/vc_column][\/vc_row]<\/p>\n","protected":false},"excerpt":{"rendered":"[vc_row full_width=\"stretch_row\" css=\".vc_custom_1627402630091{margin-top: 28px !important;margin-right: 0px !important;margin-bottom: 0px !important;margin-left: 0px !important;padding-top: 0px !important;padding-right: 0px !important;padding-bottom: 0px !important;padding-left: 0px !important;}\" el_class=\"main-97676\"][vc_column css=\".vc_custom_1626939874126{margin: 0px !important;padding: 0px !important;border: 0px initial !important;}\"][vc_row_inner equal_height=\"yes\" el_class=\"text-banner11\"][vc_column_inner width=\"1\/2\" css=\".vc_custom_1626940693197{margin-top: 0px !important;margin-right: 0px !important;margin-bottom: 0px !important;margin-left: 0px !important;padding-top: 20px !important;padding-right: 20px !important;padding-bottom: 20px !important;padding-left: 20px !important;background-image: url(https:\/\/welcome-to-times-square.com\/wp-content\/uploads\/2021\/07\/dd1.jpg?id=1431) !important;background-position: center !important;background-repeat: no-repeat !important;background-size: cover [...]<a href=\"https:\/\/welcome-to-times-square.com\/es\/sponsor-seasonal-events\/\" class=\"read-more wyz-secondary-color-text\">read more<span class=\"screen-reader-text\">Patrocinador de eventos de temporada<\/span><\/a>","protected":false},"author":53,"featured_media":0,"parent":0,"menu_order":0,"comment_status":"closed","ping_status":"closed","template":"","meta":{"footnotes":""},"class_list":["post-9303","page","type-page","status-publish","hentry"],"yoast_head":"<!-- This site is optimized with the Yoast SEO plugin v27.2 - https:\/\/yoast.com\/product\/yoast-seo-wordpress\/ -->\n<title>Patrocinador de eventos de temporada - times-square<\/title>\n<meta name=\"robots\" content=\"index, follow, max-snippet:-1, max-image-preview:large, max-video-preview:-1\" \/>\n<link rel=\"canonical\" href=\"https:\/\/welcome-to-times-square.com\/es\/sponsor-seasonal-events\/\" \/>\n<meta property=\"og:locale\" content=\"es_ES\" \/>\n<meta property=\"og:type\" content=\"article\" \/>\n<meta property=\"og:title\" content=\"Patrocinador de eventos de temporada - times-square\" \/>\n<meta property=\"og:description\" content=\"[vc_row full_width=\u00bbstretch_row\u00bb css=\u00bb.vc_custom_1627402630091{margin-top: 28px !important;margin-right: 0px !important;margin-bottom: 0px !important;margin-left: 0px !important;padding-top: 0px !important;padding-right: 0px !important;padding-bottom: 0px !important;padding-left: 0px !important;}\u00bb el_class=\u00bbmain-97676&#8243;][vc_column css=\u00bb.vc_custom_1626939874126{margin: 0px !important;padding: 0px !important;border: 0px initial !important;}\u00bb][vc_row_inner equal_height=\u00bbyes\u00bb el_class=\u00bbtext-banner11&#8243;][vc_column_inner width=\u00bb1\/2&#8243; css=\u00bb.vc_custom_1626940693197{margin-top: 0px !important;margin-right: 0px !important;margin-bottom: 0px !important;margin-left: 0px !important;padding-top: 20px !important;padding-right: 20px !important;padding-bottom: 20px !important;padding-left: 20px !important;background-image: url(https:\/\/welcome-to-times-square.com\/wp-content\/uploads\/2021\/07\/dd1.jpg?id=1431) !important;background-position: center !important;background-repeat: no-repeat !important;background-size: cover [...]read morePatrocinador de eventos de temporada\" \/>\n<meta property=\"og:url\" content=\"https:\/\/welcome-to-times-square.com\/es\/sponsor-seasonal-events\/\" \/>\n<meta property=\"og:site_name\" content=\"times-square\" \/>\n<meta property=\"article:modified_time\" content=\"2025-01-20T11:41:17+00:00\" \/>\n<meta name=\"twitter:card\" content=\"summary_large_image\" \/>\n<meta name=\"twitter:label1\" content=\"Tiempo de lectura\" \/>\n\t<meta name=\"twitter:data1\" content=\"3 minutos\" \/>\n<script type=\"application\/ld+json\" class=\"yoast-schema-graph\">{\"@context\":\"https:\/\/schema.org\",\"@graph\":[{\"@type\":\"WebPage\",\"@id\":\"https:\/\/welcome-to-times-square.com\/es\/sponsor-seasonal-events\/\",\"url\":\"https:\/\/welcome-to-times-square.com\/es\/sponsor-seasonal-events\/\",\"name\":\"Patrocinador de eventos de temporada - times-square\",\"isPartOf\":{\"@id\":\"https:\/\/welcome-to-times-square.com\/es\/#website\"},\"datePublished\":\"2021-09-04T15:04:00+00:00\",\"dateModified\":\"2025-01-20T11:41:17+00:00\",\"breadcrumb\":{\"@id\":\"https:\/\/welcome-to-times-square.com\/es\/sponsor-seasonal-events\/#breadcrumb\"},\"inLanguage\":\"es\",\"potentialAction\":[{\"@type\":\"ReadAction\",\"target\":[\"https:\/\/welcome-to-times-square.com\/es\/sponsor-seasonal-events\/\"]}]},{\"@type\":\"BreadcrumbList\",\"@id\":\"https:\/\/welcome-to-times-square.com\/es\/sponsor-seasonal-events\/#breadcrumb\",\"itemListElement\":[{\"@type\":\"ListItem\",\"position\":1,\"name\":\"Home\",\"item\":\"https:\/\/welcome-to-times-square.com\/es\/\"},{\"@type\":\"ListItem\",\"position\":2,\"name\":\"Patrocinador de eventos de temporada\"}]},{\"@type\":\"WebSite\",\"@id\":\"https:\/\/welcome-to-times-square.com\/es\/#website\",\"url\":\"https:\/\/welcome-to-times-square.com\/es\/\",\"name\":\"times-square\",\"description\":\"times-square\",\"publisher\":{\"@id\":\"https:\/\/welcome-to-times-square.com\/es\/#organization\"},\"potentialAction\":[{\"@type\":\"SearchAction\",\"target\":{\"@type\":\"EntryPoint\",\"urlTemplate\":\"https:\/\/welcome-to-times-square.com\/es\/?s={search_term_string}\"},\"query-input\":{\"@type\":\"PropertyValueSpecification\",\"valueRequired\":true,\"valueName\":\"search_term_string\"}}],\"inLanguage\":\"es\"},{\"@type\":\"Organization\",\"@id\":\"https:\/\/welcome-to-times-square.com\/es\/#organization\",\"name\":\"times-square\",\"url\":\"https:\/\/welcome-to-times-square.com\/es\/\",\"logo\":{\"@type\":\"ImageObject\",\"inLanguage\":\"es\",\"@id\":\"https:\/\/welcome-to-times-square.com\/es\/#\/schema\/logo\/image\/\",\"url\":\"https:\/\/welcome-to-times-square.com\/wp-content\/uploads\/2024\/03\/welcome-to-time-square-logo-with-r.png\",\"contentUrl\":\"https:\/\/welcome-to-times-square.com\/wp-content\/uploads\/2024\/03\/welcome-to-time-square-logo-with-r.png\",\"width\":500,\"height\":342,\"caption\":\"times-square\"},\"image\":{\"@id\":\"https:\/\/welcome-to-times-square.com\/es\/#\/schema\/logo\/image\/\"}}]}<\/script>\n<!-- \/ Yoast SEO plugin. -->","yoast_head_json":{"title":"Patrocinador de eventos de temporada - times-square","robots":{"index":"index","follow":"follow","max-snippet":"max-snippet:-1","max-image-preview":"max-image-preview:large","max-video-preview":"max-video-preview:-1"},"canonical":"https:\/\/welcome-to-times-square.com\/es\/sponsor-seasonal-events\/","og_locale":"es_ES","og_type":"article","og_title":"Patrocinador de eventos de temporada - times-square","og_description":"[vc_row full_width=\u00bbstretch_row\u00bb css=\u00bb.vc_custom_1627402630091{margin-top: 28px !important;margin-right: 0px !important;margin-bottom: 0px !important;margin-left: 0px !important;padding-top: 0px !important;padding-right: 0px !important;padding-bottom: 0px !important;padding-left: 0px !important;}\u00bb el_class=\u00bbmain-97676&#8243;][vc_column css=\u00bb.vc_custom_1626939874126{margin: 0px !important;padding: 0px !important;border: 0px initial !important;}\u00bb][vc_row_inner equal_height=\u00bbyes\u00bb el_class=\u00bbtext-banner11&#8243;][vc_column_inner width=\u00bb1\/2&#8243; css=\u00bb.vc_custom_1626940693197{margin-top: 0px !important;margin-right: 0px !important;margin-bottom: 0px !important;margin-left: 0px !important;padding-top: 20px !important;padding-right: 20px !important;padding-bottom: 20px !important;padding-left: 20px !important;background-image: url(https:\/\/welcome-to-times-square.com\/wp-content\/uploads\/2021\/07\/dd1.jpg?id=1431) !important;background-position: center !important;background-repeat: no-repeat !important;background-size: cover [...]read morePatrocinador de eventos de temporada","og_url":"https:\/\/welcome-to-times-square.com\/es\/sponsor-seasonal-events\/","og_site_name":"times-square","article_modified_time":"2025-01-20T11:41:17+00:00","twitter_card":"summary_large_image","twitter_misc":{"Tiempo de lectura":"3 minutos"},"schema":{"@context":"https:\/\/schema.org","@graph":[{"@type":"WebPage","@id":"https:\/\/welcome-to-times-square.com\/es\/sponsor-seasonal-events\/","url":"https:\/\/welcome-to-times-square.com\/es\/sponsor-seasonal-events\/","name":"Patrocinador de eventos de temporada - times-square","isPartOf":{"@id":"https:\/\/welcome-to-times-square.com\/es\/#website"},"datePublished":"2021-09-04T15:04:00+00:00","dateModified":"2025-01-20T11:41:17+00:00","breadcrumb":{"@id":"https:\/\/welcome-to-times-square.com\/es\/sponsor-seasonal-events\/#breadcrumb"},"inLanguage":"es","potentialAction":[{"@type":"ReadAction","target":["https:\/\/welcome-to-times-square.com\/es\/sponsor-seasonal-events\/"]}]},{"@type":"BreadcrumbList","@id":"https:\/\/welcome-to-times-square.com\/es\/sponsor-seasonal-events\/#breadcrumb","itemListElement":[{"@type":"ListItem","position":1,"name":"Home","item":"https:\/\/welcome-to-times-square.com\/es\/"},{"@type":"ListItem","position":2,"name":"Patrocinador de eventos de temporada"}]},{"@type":"WebSite","@id":"https:\/\/welcome-to-times-square.com\/es\/#website","url":"https:\/\/welcome-to-times-square.com\/es\/","name":"times-square","description":"times-square","publisher":{"@id":"https:\/\/welcome-to-times-square.com\/es\/#organization"},"potentialAction":[{"@type":"SearchAction","target":{"@type":"EntryPoint","urlTemplate":"https:\/\/welcome-to-times-square.com\/es\/?s={search_term_string}"},"query-input":{"@type":"PropertyValueSpecification","valueRequired":true,"valueName":"search_term_string"}}],"inLanguage":"es"},{"@type":"Organization","@id":"https:\/\/welcome-to-times-square.com\/es\/#organization","name":"times-square","url":"https:\/\/welcome-to-times-square.com\/es\/","logo":{"@type":"ImageObject","inLanguage":"es","@id":"https:\/\/welcome-to-times-square.com\/es\/#\/schema\/logo\/image\/","url":"https:\/\/welcome-to-times-square.com\/wp-content\/uploads\/2024\/03\/welcome-to-time-square-logo-with-r.png","contentUrl":"https:\/\/welcome-to-times-square.com\/wp-content\/uploads\/2024\/03\/welcome-to-time-square-logo-with-r.png","width":500,"height":342,"caption":"times-square"},"image":{"@id":"https:\/\/welcome-to-times-square.com\/es\/#\/schema\/logo\/image\/"}}]}},"_hostinger_reach_plugin_has_subscription_block":false,"_hostinger_reach_plugin_is_elementor":false,"_links":{"self":[{"href":"https:\/\/welcome-to-times-square.com\/es\/wp-json\/wp\/v2\/pages\/9303","targetHints":{"allow":["GET"]}}],"collection":[{"href":"https:\/\/welcome-to-times-square.com\/es\/wp-json\/wp\/v2\/pages"}],"about":[{"href":"https:\/\/welcome-to-times-square.com\/es\/wp-json\/wp\/v2\/types\/page"}],"author":[{"embeddable":true,"href":"https:\/\/welcome-to-times-square.com\/es\/wp-json\/wp\/v2\/users\/53"}],"replies":[{"embeddable":true,"href":"https:\/\/welcome-to-times-square.com\/es\/wp-json\/wp\/v2\/comments?post=9303"}],"version-history":[{"count":3,"href":"https:\/\/welcome-to-times-square.com\/es\/wp-json\/wp\/v2\/pages\/9303\/revisions"}],"predecessor-version":[{"id":9321,"href":"https:\/\/welcome-to-times-square.com\/es\/wp-json\/wp\/v2\/pages\/9303\/revisions\/9321"}],"wp:attachment":[{"href":"https:\/\/welcome-to-times-square.com\/es\/wp-json\/wp\/v2\/media?parent=9303"}],"curies":[{"name":"wp","href":"https:\/\/api.w.org\/{rel}","templated":true}]}}