{"id":8814,"date":"2022-04-21T22:53:05","date_gmt":"2022-04-21T22:53:05","guid":{"rendered":"https:\/\/welcome-to-times-square.com\/dining\/"},"modified":"2025-01-16T10:08:43","modified_gmt":"2025-01-16T10:08:43","slug":"dining","status":"publish","type":"page","link":"https:\/\/welcome-to-times-square.com\/fr\/dining\/","title":{"rendered":"Restauration"},"content":{"rendered":"\t\t<div data-elementor-type=\"wp-page\" data-elementor-id=\"8814\" class=\"elementor elementor-8814 elementor-2737\" data-elementor-post-type=\"page\">\n\t\t\t\t<div class=\"elementor-element elementor-element-d3dee06 e-flex e-con-boxed e-con e-parent\" data-id=\"d3dee06\" data-element_type=\"container\" data-e-type=\"container\" data-settings=\"{&quot;background_background&quot;:&quot;classic&quot;}\">\n\t\t\t\t\t<div class=\"e-con-inner\">\n\t\t\t\t<div class=\"elementor-element elementor-element-71ffd47 elementor-widget elementor-widget-heading\" data-id=\"71ffd47\" data-element_type=\"widget\" data-e-type=\"widget\" data-widget_type=\"heading.default\">\n\t\t\t\t<div class=\"elementor-widget-container\">\n\t\t\t\t\t<h2 class=\"elementor-heading-title elementor-size-default\">Restauration<\/h2>\t\t\t\t<\/div>\n\t\t\t\t<\/div>\n\t\t\t\t<div class=\"elementor-element elementor-element-cd1cce5 elementor-widget-divider--view-line elementor-widget elementor-widget-divider\" data-id=\"cd1cce5\" data-element_type=\"widget\" data-e-type=\"widget\" data-widget_type=\"divider.default\">\n\t\t\t\t<div class=\"elementor-widget-container\">\n\t\t\t\t\t\t\t<div class=\"elementor-divider\">\n\t\t\t<span class=\"elementor-divider-separator\">\n\t\t\t\t\t\t<\/span>\n\t\t<\/div>\n\t\t\t\t\t\t<\/div>\n\t\t\t\t<\/div>\n\t\t\t\t<div class=\"elementor-element elementor-element-bc9c556 elementor-widget elementor-widget-text-editor\" data-id=\"bc9c556\" data-element_type=\"widget\" data-e-type=\"widget\" data-widget_type=\"text-editor.default\">\n\t\t\t\t<div class=\"elementor-widget-container\">\n\t\t\t\t\t\t\t\t\t<div class=\"vc_row wpb_row vc_row-fluid vc_custom_1650656343119 vc_row-has-fill\">\n<div class=\"wpb_column vc_column_container vc_col-sm-12\">\n<div class=\"vc_column-inner\">\n<div class=\"wpb_wrapper\">\n<div class=\"wpb_text_column wpb_content_element \">\n<div class=\"wpb_wrapper\">\n<p>Il y a autant de restaurants et de bars autour de Times Square que de personnes qui passent dans ses rues.<\/p>\n<p>Il y a des offres gastronomiques pour tous les go\u00fbts et pour tous les \u00e2ges. Des plats les plus traditionnels et historiques aux nouveaux d\u00e9lices gastronomiques des chefs les plus innovants. Times Square vous invite \u00e0 vous r\u00e9galer le ventre plein, m\u00eame si vous avez peu d&rsquo;argent et peu de temps pour d\u00e9guster un plat \u00e9labor\u00e9.  <\/p>\n<p>New York est une ville qui ne se repose jamais et qui dispose d&rsquo;une excellente vari\u00e9t\u00e9 d&rsquo;offres culturelles et d&rsquo;attractions touristiques \u00e0 ne pas manquer. En g\u00e9n\u00e9ral, les touristes doivent choisir ce qu&rsquo;ils font et ce qu&rsquo;ils ne font pas, en fonction du temps dont ils disposent. Souvent, manger quelque chose de rapide dans la rue est une bonne option pour profiter au maximum de la journ\u00e9e.  <\/p>\n<p>Les aliments les moins chers et les plus typiques que l&rsquo;on trouve \u00e0 chaque coin de rue de New York sont les hot-dogs, les bagels, les pizzas et m\u00eame quelques d\u00e9licieux hamburgers, qui font partie de la tradition de la ville.<\/p>\n<p>\u00c0 presque tous les coins de rue de Manhattan, vous pouvez manger ces fast-foods au meilleur go\u00fbt et aux valeurs les plus accessibles.<\/p>\n<p>Le prix d&rsquo;un hot-dog est d&rsquo;environ 2 dollars am\u00e9ricains, mais il est toujours conseill\u00e9 de demander avant de commander, car il n&rsquo;est pas habituel que le montant apparaisse et cela peut entra\u00eener une certaine g\u00eane.<\/p>\n<p>La pizza est une autre option que l&rsquo;on trouve g\u00e9n\u00e9ralement dans les fast-foods, les magasins ou m\u00eame les supermarch\u00e9s. La qualit\u00e9 est assez similaire dans tous les endroits, puisque les portions sont grandes et la pr\u00e9paration acceptable, bien qu&rsquo;il n&rsquo;y ait pas une grande vari\u00e9t\u00e9 de saveurs \u00e0 choisir. Le prix d&rsquo;une portion est d&rsquo;environ 3 USD.  <\/p>\n<p>Pour les amateurs de caf\u00e9, New York est le cadre id\u00e9al, car il est tr\u00e8s courant de voir des personnes de tous \u00e2ges marcher dans la rue avec un grand verre \u00e0 emporter. M\u00eame pour ceux qui pr\u00e9f\u00e8rent les boissons froides, les grands smoothies aux fruits avec beaucoup de glace sont une option facile \u00e0 trouver dans les magasins \u00e0 emporter qui aident \u00e0 lutter contre les journ\u00e9es tr\u00e8s chaudes. <\/p>\n<p>Il est vrai que si l&rsquo;on peut trouver ce type de nourriture partout, il existe certains secteurs de la ville o\u00f9 vous trouverez une carte plus sp\u00e9cifique et les sp\u00e9cialit\u00e9s typiques d&rsquo;une r\u00e9gion du monde. Il s&rsquo;agit notamment du quartier chinois et de la Petite Italie. <\/p>\n<p>Chinatown est un quartier de la ville de New York, c\u00e9l\u00e8bre pour \u00eatre une enclave avec une grande population d&rsquo;immigrants chinois. Manhattan est l&rsquo;un des neuf quartiers connus sous cette d\u00e9nomination aux \u00c9tats-Unis, avec une densit\u00e9 de population de pr\u00e8s d&rsquo;un million d&rsquo;habitants. C&rsquo;est l\u00e0 que vous pourrez d\u00e9guster la plus grande vari\u00e9t\u00e9 de plats asiatiques, principalement issus de l&rsquo;ancienne culture chinoise et de l&rsquo;Asie du Sud-Est. Les plats les plus courants sont les dumplings asiatiques, les brioches au porc et les nouilles coup\u00e9es \u00e0 la main.   <\/p>\n<p>De plus, les trottoirs anim\u00e9s sont bord\u00e9s de boutiques de souvenirs, de boutiques de th\u00e9 \u00e0 bulles et de march\u00e9s o\u00f9 l&rsquo;on trouve de tout, du poisson frais et s\u00e9ch\u00e9 aux herbes et aux \u00e9pices.<\/p>\n<p>Cette zone a une superficie approximative de 1,5 kilom\u00e8tre du nord au sud et de 3 kilom\u00e8tres d&rsquo;est en ouest dans l&rsquo;\u00eele de Manhattan, bien que les touristes ne visitent que le vieux centre de Chinatown, les intersections des rues Canal avec Mott et Mulberry, ainsi que l&rsquo;intersection des rues Pell et Doyers.<\/p>\n<p>Pour sa part, Little Italy est un quartier ainsi nomm\u00e9 parce qu&rsquo;il \u00e9tait \u00e0 l&rsquo;origine peupl\u00e9 d&rsquo;un grand nombre d&rsquo;immigr\u00e9s italiens. Bien qu&rsquo;il ait eu autrefois une plus grande superficie, il se limite actuellement \u00e0 la section de Mulberry Street entre Broome et Canal. Cette zone regorge de restaurants dont les clients sont principalement des touristes qui veulent appr\u00e9cier le go\u00fbt des bonnes pizzas et des p\u00e2tes typiques.  <\/p>\n<p>La \u00ab\u00a0f\u00eate de San Gennaro\u00a0\u00bb est tr\u00e8s typique de la Petite Italie et se d\u00e9roule pendant onze jours en septembre.<\/p>\n<p>Pour ceux qui veulent go\u00fbter aux nouveaux d\u00e9lices gastronomiques et aux chefs les plus novateurs, Times Square regorge de restaurants touristiques, c\u00e9l\u00e8bres et bien not\u00e9s par les critiques gastronomiques, tels que le Planet Hollywood et le Hard Rock Caf\u00e9. Dans ces cas, les prix sont g\u00e9n\u00e9ralement assez \u00e9lev\u00e9s et beaucoup offrent une grande vari\u00e9t\u00e9 de plats typiquement am\u00e9ricains, avec une d\u00e9coration magnifique et un environnement soign\u00e9 impressionnant. <\/p>\n<\/div>\n<\/div>\n<\/div>\n<\/div>\n<\/div>\n<\/div>\n\t\t\t\t\t\t\t\t<\/div>\n\t\t\t\t<\/div>\n\t\t\t\t<div class=\"elementor-element elementor-element-947fa8b elementor-widget-divider--view-line elementor-widget elementor-widget-divider\" data-id=\"947fa8b\" data-element_type=\"widget\" data-e-type=\"widget\" data-widget_type=\"divider.default\">\n\t\t\t\t<div class=\"elementor-widget-container\">\n\t\t\t\t\t\t\t<div class=\"elementor-divider\">\n\t\t\t<span class=\"elementor-divider-separator\">\n\t\t\t\t\t\t<\/span>\n\t\t<\/div>\n\t\t\t\t\t\t<\/div>\n\t\t\t\t<\/div>\n\t\t\t\t<div class=\"elementor-element elementor-element-d9c1978 elementor-widget elementor-widget-text-editor\" data-id=\"d9c1978\" data-element_type=\"widget\" data-e-type=\"widget\" data-widget_type=\"text-editor.default\">\n\t\t\t\t<div class=\"elementor-widget-container\">\n\t\t\t\t\t\t\t\t\t<p><strong>Pour figurer sur notre panneau d&rsquo;affichage \u00e0 Times Square, veuillez consulter notre section CONTACT.<\/strong><\/p>\n<p>Voici comment cela fonctionne :<\/p>\n<p>Qu&rsquo;il s&rsquo;agisse d&rsquo;un anniversaire, d&rsquo;une demande en mariage, d&rsquo;un anniversaire ou d&rsquo;une simple d\u00e9claration d&rsquo;amour, nous avons tout pr\u00e9vu. Ne soyez pas un visage dans la foule ! <br \/>Affichez votre photo ou votre vid\u00e9o sur notre panneau d&rsquo;affichage \u00e0 Times Square !<\/p>\n<p>Option 1 : Votre vid\u00e9o\/photo de 60 secondes sera affich\u00e9e 22 fois par jour.<br \/>Option 2 : Votre vid\u00e9o\/photo de 30 secondes sera affich\u00e9e 44 fois par jour<br \/>Option 3 : Votre vid\u00e9o\/photo de 15 secondes sera affich\u00e9e 88 fois par jour.<\/p>\n<p>Notre panneau d&rsquo;affichage mesure 31 pieds x 55 pieds et est situ\u00e9 au 1560 Broadway (\u00e0 l&rsquo;angle de Broadway et de la 46e rue, juste au-dessus du magasin Pel\u00e9).<\/p>\n<p>Ne soyez pas un visage dans la foule !<\/p>\n\t\t\t\t\t\t\t\t<\/div>\n\t\t\t\t<\/div>\n\t\t\t\t<div class=\"elementor-element elementor-element-e6adae7 elementor-widget elementor-widget-image\" data-id=\"e6adae7\" data-element_type=\"widget\" data-e-type=\"widget\" data-widget_type=\"image.default\">\n\t\t\t\t<div class=\"elementor-widget-container\">\n\t\t\t\t\t\t\t\t\t\t\t\t\t\t\t<img fetchpriority=\"high\" decoding=\"async\" width=\"1024\" height=\"500\" src=\"https:\/\/welcome-to-times-square.com\/wp-content\/uploads\/2022\/04\/dining-1024x500.jpg\" class=\"attachment-large size-large wp-image-6142\" alt=\"\" srcset=\"https:\/\/welcome-to-times-square.com\/wp-content\/uploads\/2022\/04\/dining-1024x500.jpg 1024w, https:\/\/welcome-to-times-square.com\/wp-content\/uploads\/2022\/04\/dining-600x293.jpg 600w, https:\/\/welcome-to-times-square.com\/wp-content\/uploads\/2022\/04\/dining-300x147.jpg 300w, https:\/\/welcome-to-times-square.com\/wp-content\/uploads\/2022\/04\/dining-768x375.jpg 768w, https:\/\/welcome-to-times-square.com\/wp-content\/uploads\/2022\/04\/dining-1536x750.jpg 1536w, https:\/\/welcome-to-times-square.com\/wp-content\/uploads\/2022\/04\/dining.jpg 1918w\" sizes=\"(max-width: 1024px) 100vw, 1024px\" \/>\t\t\t\t\t\t\t\t\t\t\t\t\t\t\t<\/div>\n\t\t\t\t<\/div>\n\t\t\t\t\t<\/div>\n\t\t\t\t<\/div>\n\t\t\t\t<\/div>\n\t\t","protected":false},"excerpt":{"rendered":"Restauration Il y a autant de restaurants et de bars autour de Times Square que de personnes qui passent dans ses rues. Il y a des offres gastronomiques pour tous les go\u00fbts et pour tous les \u00e2ges. Des plats les plus traditionnels et historiques aux nouveaux d\u00e9lices gastronomiques des chefs les plus innovants. Times Square [...]<a href=\"https:\/\/welcome-to-times-square.com\/fr\/dining\/\" class=\"read-more wyz-secondary-color-text\">read more<span class=\"screen-reader-text\">Restauration<\/span><\/a>","protected":false},"author":53,"featured_media":0,"parent":0,"menu_order":0,"comment_status":"closed","ping_status":"closed","template":"elementor_header_footer","meta":{"footnotes":""},"class_list":["post-8814","page","type-page","status-publish","hentry"],"yoast_head":"<!-- This site is optimized with the Yoast SEO plugin v27.2 - https:\/\/yoast.com\/product\/yoast-seo-wordpress\/ -->\n<title>Restauration - times-square<\/title>\n<meta name=\"description\" content=\"Il y a des offres gastronomiques pour tous les go\u00fbts et pour tous les \u00e2ges. Des plats les plus traditionnels et historiques aux nouveaux d\u00e9lices gastronomiques des chefs les plus innovants. Times Square vous invite \u00e0 vous r\u00e9galer le ventre plein, m\u00eame si vous avez peu d&#039;argent et peu de temps pour d\u00e9guster un plat \u00e9labor\u00e9.\" \/>\n<meta name=\"robots\" content=\"index, follow, max-snippet:-1, max-image-preview:large, max-video-preview:-1\" \/>\n<link rel=\"canonical\" href=\"https:\/\/welcome-to-times-square.com\/fr\/dining\/\" \/>\n<meta property=\"og:locale\" content=\"fr_FR\" \/>\n<meta property=\"og:type\" content=\"article\" \/>\n<meta property=\"og:title\" content=\"Restauration - times-square\" \/>\n<meta property=\"og:description\" content=\"Il y a des offres gastronomiques pour tous les go\u00fbts et pour tous les \u00e2ges. Des plats les plus traditionnels et historiques aux nouveaux d\u00e9lices gastronomiques des chefs les plus innovants. Times Square vous invite \u00e0 vous r\u00e9galer le ventre plein, m\u00eame si vous avez peu d&#039;argent et peu de temps pour d\u00e9guster un plat \u00e9labor\u00e9.\" \/>\n<meta property=\"og:url\" content=\"https:\/\/welcome-to-times-square.com\/fr\/dining\/\" \/>\n<meta property=\"og:site_name\" content=\"times-square\" \/>\n<meta property=\"article:modified_time\" content=\"2025-01-16T10:08:43+00:00\" \/>\n<meta property=\"og:image\" content=\"https:\/\/welcome-to-times-square.com\/wp-content\/uploads\/2022\/04\/dining.jpg\" \/>\n\t<meta property=\"og:image:width\" content=\"1918\" \/>\n\t<meta property=\"og:image:height\" content=\"937\" \/>\n\t<meta property=\"og:image:type\" content=\"image\/jpeg\" \/>\n<meta name=\"twitter:card\" content=\"summary_large_image\" \/>\n<meta name=\"twitter:label1\" content=\"Dur\u00e9e de lecture estim\u00e9e\" \/>\n\t<meta name=\"twitter:data1\" content=\"4 minutes\" \/>\n<script type=\"application\/ld+json\" class=\"yoast-schema-graph\">{\"@context\":\"https:\/\/schema.org\",\"@graph\":[{\"@type\":\"WebPage\",\"@id\":\"https:\/\/welcome-to-times-square.com\/fr\/dining\/\",\"url\":\"https:\/\/welcome-to-times-square.com\/fr\/dining\/\",\"name\":\"Restauration - times-square\",\"isPartOf\":{\"@id\":\"https:\/\/welcome-to-times-square.com\/fr\/#website\"},\"primaryImageOfPage\":{\"@id\":\"https:\/\/welcome-to-times-square.com\/fr\/dining\/#primaryimage\"},\"image\":{\"@id\":\"https:\/\/welcome-to-times-square.com\/fr\/dining\/#primaryimage\"},\"thumbnailUrl\":\"https:\/\/welcome-to-times-square.com\/wp-content\/uploads\/2022\/04\/dining-1024x500.jpg\",\"datePublished\":\"2022-04-21T22:53:05+00:00\",\"dateModified\":\"2025-01-16T10:08:43+00:00\",\"description\":\"Il y a des offres gastronomiques pour tous les go\u00fbts et pour tous les \u00e2ges. Des plats les plus traditionnels et historiques aux nouveaux d\u00e9lices gastronomiques des chefs les plus innovants. Times Square vous invite \u00e0 vous r\u00e9galer le ventre plein, m\u00eame si vous avez peu d'argent et peu de temps pour d\u00e9guster un plat \u00e9labor\u00e9.\",\"breadcrumb\":{\"@id\":\"https:\/\/welcome-to-times-square.com\/fr\/dining\/#breadcrumb\"},\"inLanguage\":\"fr-FR\",\"potentialAction\":[{\"@type\":\"ReadAction\",\"target\":[\"https:\/\/welcome-to-times-square.com\/fr\/dining\/\"]}]},{\"@type\":\"ImageObject\",\"inLanguage\":\"fr-FR\",\"@id\":\"https:\/\/welcome-to-times-square.com\/fr\/dining\/#primaryimage\",\"url\":\"https:\/\/welcome-to-times-square.com\/wp-content\/uploads\/2022\/04\/dining-1024x500.jpg\",\"contentUrl\":\"https:\/\/welcome-to-times-square.com\/wp-content\/uploads\/2022\/04\/dining-1024x500.jpg\"},{\"@type\":\"BreadcrumbList\",\"@id\":\"https:\/\/welcome-to-times-square.com\/fr\/dining\/#breadcrumb\",\"itemListElement\":[{\"@type\":\"ListItem\",\"position\":1,\"name\":\"Home\",\"item\":\"https:\/\/welcome-to-times-square.com\/fr\/\"},{\"@type\":\"ListItem\",\"position\":2,\"name\":\"Restauration\"}]},{\"@type\":\"WebSite\",\"@id\":\"https:\/\/welcome-to-times-square.com\/fr\/#website\",\"url\":\"https:\/\/welcome-to-times-square.com\/fr\/\",\"name\":\"times-square\",\"description\":\"times-square\",\"publisher\":{\"@id\":\"https:\/\/welcome-to-times-square.com\/fr\/#organization\"},\"potentialAction\":[{\"@type\":\"SearchAction\",\"target\":{\"@type\":\"EntryPoint\",\"urlTemplate\":\"https:\/\/welcome-to-times-square.com\/fr\/?s={search_term_string}\"},\"query-input\":{\"@type\":\"PropertyValueSpecification\",\"valueRequired\":true,\"valueName\":\"search_term_string\"}}],\"inLanguage\":\"fr-FR\"},{\"@type\":\"Organization\",\"@id\":\"https:\/\/welcome-to-times-square.com\/fr\/#organization\",\"name\":\"times-square\",\"url\":\"https:\/\/welcome-to-times-square.com\/fr\/\",\"logo\":{\"@type\":\"ImageObject\",\"inLanguage\":\"fr-FR\",\"@id\":\"https:\/\/welcome-to-times-square.com\/fr\/#\/schema\/logo\/image\/\",\"url\":\"https:\/\/welcome-to-times-square.com\/wp-content\/uploads\/2024\/03\/welcome-to-time-square-logo-with-r.png\",\"contentUrl\":\"https:\/\/welcome-to-times-square.com\/wp-content\/uploads\/2024\/03\/welcome-to-time-square-logo-with-r.png\",\"width\":500,\"height\":342,\"caption\":\"times-square\"},\"image\":{\"@id\":\"https:\/\/welcome-to-times-square.com\/fr\/#\/schema\/logo\/image\/\"}}]}<\/script>\n<!-- \/ Yoast SEO plugin. -->","yoast_head_json":{"title":"Restauration - times-square","description":"Il y a des offres gastronomiques pour tous les go\u00fbts et pour tous les \u00e2ges. Des plats les plus traditionnels et historiques aux nouveaux d\u00e9lices gastronomiques des chefs les plus innovants. Times Square vous invite \u00e0 vous r\u00e9galer le ventre plein, m\u00eame si vous avez peu d'argent et peu de temps pour d\u00e9guster un plat \u00e9labor\u00e9.","robots":{"index":"index","follow":"follow","max-snippet":"max-snippet:-1","max-image-preview":"max-image-preview:large","max-video-preview":"max-video-preview:-1"},"canonical":"https:\/\/welcome-to-times-square.com\/fr\/dining\/","og_locale":"fr_FR","og_type":"article","og_title":"Restauration - times-square","og_description":"Il y a des offres gastronomiques pour tous les go\u00fbts et pour tous les \u00e2ges. Des plats les plus traditionnels et historiques aux nouveaux d\u00e9lices gastronomiques des chefs les plus innovants. Times Square vous invite \u00e0 vous r\u00e9galer le ventre plein, m\u00eame si vous avez peu d'argent et peu de temps pour d\u00e9guster un plat \u00e9labor\u00e9.","og_url":"https:\/\/welcome-to-times-square.com\/fr\/dining\/","og_site_name":"times-square","article_modified_time":"2025-01-16T10:08:43+00:00","og_image":[{"width":1918,"height":937,"url":"https:\/\/welcome-to-times-square.com\/wp-content\/uploads\/2022\/04\/dining.jpg","type":"image\/jpeg"}],"twitter_card":"summary_large_image","twitter_misc":{"Dur\u00e9e de lecture estim\u00e9e":"4 minutes"},"schema":{"@context":"https:\/\/schema.org","@graph":[{"@type":"WebPage","@id":"https:\/\/welcome-to-times-square.com\/fr\/dining\/","url":"https:\/\/welcome-to-times-square.com\/fr\/dining\/","name":"Restauration - times-square","isPartOf":{"@id":"https:\/\/welcome-to-times-square.com\/fr\/#website"},"primaryImageOfPage":{"@id":"https:\/\/welcome-to-times-square.com\/fr\/dining\/#primaryimage"},"image":{"@id":"https:\/\/welcome-to-times-square.com\/fr\/dining\/#primaryimage"},"thumbnailUrl":"https:\/\/welcome-to-times-square.com\/wp-content\/uploads\/2022\/04\/dining-1024x500.jpg","datePublished":"2022-04-21T22:53:05+00:00","dateModified":"2025-01-16T10:08:43+00:00","description":"Il y a des offres gastronomiques pour tous les go\u00fbts et pour tous les \u00e2ges. Des plats les plus traditionnels et historiques aux nouveaux d\u00e9lices gastronomiques des chefs les plus innovants. Times Square vous invite \u00e0 vous r\u00e9galer le ventre plein, m\u00eame si vous avez peu d'argent et peu de temps pour d\u00e9guster un plat \u00e9labor\u00e9.","breadcrumb":{"@id":"https:\/\/welcome-to-times-square.com\/fr\/dining\/#breadcrumb"},"inLanguage":"fr-FR","potentialAction":[{"@type":"ReadAction","target":["https:\/\/welcome-to-times-square.com\/fr\/dining\/"]}]},{"@type":"ImageObject","inLanguage":"fr-FR","@id":"https:\/\/welcome-to-times-square.com\/fr\/dining\/#primaryimage","url":"https:\/\/welcome-to-times-square.com\/wp-content\/uploads\/2022\/04\/dining-1024x500.jpg","contentUrl":"https:\/\/welcome-to-times-square.com\/wp-content\/uploads\/2022\/04\/dining-1024x500.jpg"},{"@type":"BreadcrumbList","@id":"https:\/\/welcome-to-times-square.com\/fr\/dining\/#breadcrumb","itemListElement":[{"@type":"ListItem","position":1,"name":"Home","item":"https:\/\/welcome-to-times-square.com\/fr\/"},{"@type":"ListItem","position":2,"name":"Restauration"}]},{"@type":"WebSite","@id":"https:\/\/welcome-to-times-square.com\/fr\/#website","url":"https:\/\/welcome-to-times-square.com\/fr\/","name":"times-square","description":"times-square","publisher":{"@id":"https:\/\/welcome-to-times-square.com\/fr\/#organization"},"potentialAction":[{"@type":"SearchAction","target":{"@type":"EntryPoint","urlTemplate":"https:\/\/welcome-to-times-square.com\/fr\/?s={search_term_string}"},"query-input":{"@type":"PropertyValueSpecification","valueRequired":true,"valueName":"search_term_string"}}],"inLanguage":"fr-FR"},{"@type":"Organization","@id":"https:\/\/welcome-to-times-square.com\/fr\/#organization","name":"times-square","url":"https:\/\/welcome-to-times-square.com\/fr\/","logo":{"@type":"ImageObject","inLanguage":"fr-FR","@id":"https:\/\/welcome-to-times-square.com\/fr\/#\/schema\/logo\/image\/","url":"https:\/\/welcome-to-times-square.com\/wp-content\/uploads\/2024\/03\/welcome-to-time-square-logo-with-r.png","contentUrl":"https:\/\/welcome-to-times-square.com\/wp-content\/uploads\/2024\/03\/welcome-to-time-square-logo-with-r.png","width":500,"height":342,"caption":"times-square"},"image":{"@id":"https:\/\/welcome-to-times-square.com\/fr\/#\/schema\/logo\/image\/"}}]}},"_hostinger_reach_plugin_has_subscription_block":false,"_hostinger_reach_plugin_is_elementor":false,"_links":{"self":[{"href":"https:\/\/welcome-to-times-square.com\/fr\/wp-json\/wp\/v2\/pages\/8814","targetHints":{"allow":["GET"]}}],"collection":[{"href":"https:\/\/welcome-to-times-square.com\/fr\/wp-json\/wp\/v2\/pages"}],"about":[{"href":"https:\/\/welcome-to-times-square.com\/fr\/wp-json\/wp\/v2\/types\/page"}],"author":[{"embeddable":true,"href":"https:\/\/welcome-to-times-square.com\/fr\/wp-json\/wp\/v2\/users\/53"}],"replies":[{"embeddable":true,"href":"https:\/\/welcome-to-times-square.com\/fr\/wp-json\/wp\/v2\/comments?post=8814"}],"version-history":[{"count":2,"href":"https:\/\/welcome-to-times-square.com\/fr\/wp-json\/wp\/v2\/pages\/8814\/revisions"}],"predecessor-version":[{"id":8820,"href":"https:\/\/welcome-to-times-square.com\/fr\/wp-json\/wp\/v2\/pages\/8814\/revisions\/8820"}],"wp:attachment":[{"href":"https:\/\/welcome-to-times-square.com\/fr\/wp-json\/wp\/v2\/media?parent=8814"}],"curies":[{"name":"wp","href":"https:\/\/api.w.org\/{rel}","templated":true}]}}