{"id":8827,"date":"2022-04-21T20:42:43","date_gmt":"2022-04-21T20:42:43","guid":{"rendered":"https:\/\/welcome-to-times-square.com\/broadway\/"},"modified":"2025-01-16T10:40:21","modified_gmt":"2025-01-16T10:40:21","slug":"broadway","status":"publish","type":"page","link":"https:\/\/welcome-to-times-square.com\/fr\/broadway\/","title":{"rendered":"Broadway"},"content":{"rendered":"\t\t<div data-elementor-type=\"wp-page\" data-elementor-id=\"8827\" class=\"elementor elementor-8827 elementor-2723\" data-elementor-post-type=\"page\">\n\t\t\t\t<div class=\"elementor-element elementor-element-579ae8b e-flex e-con-boxed e-con e-parent\" data-id=\"579ae8b\" data-element_type=\"container\" data-e-type=\"container\" data-settings=\"{&quot;background_background&quot;:&quot;classic&quot;}\">\n\t\t\t\t\t<div class=\"e-con-inner\">\n\t\t\t\t<div class=\"elementor-element elementor-element-58f64c5 elementor-widget elementor-widget-heading\" data-id=\"58f64c5\" data-element_type=\"widget\" data-e-type=\"widget\" data-widget_type=\"heading.default\">\n\t\t\t\t<div class=\"elementor-widget-container\">\n\t\t\t\t\t<h2 class=\"elementor-heading-title elementor-size-default\">Broadway<\/h2>\t\t\t\t<\/div>\n\t\t\t\t<\/div>\n\t\t\t\t<div class=\"elementor-element elementor-element-504852b elementor-widget-divider--view-line elementor-widget elementor-widget-divider\" data-id=\"504852b\" data-element_type=\"widget\" data-e-type=\"widget\" data-widget_type=\"divider.default\">\n\t\t\t\t<div class=\"elementor-widget-container\">\n\t\t\t\t\t\t\t<div class=\"elementor-divider\">\n\t\t\t<span class=\"elementor-divider-separator\">\n\t\t\t\t\t\t<\/span>\n\t\t<\/div>\n\t\t\t\t\t\t<\/div>\n\t\t\t\t<\/div>\n\t\t\t\t<div class=\"elementor-element elementor-element-9a3acf2 elementor-widget elementor-widget-text-editor\" data-id=\"9a3acf2\" data-element_type=\"widget\" data-e-type=\"widget\" data-widget_type=\"text-editor.default\">\n\t\t\t\t<div class=\"elementor-widget-container\">\n\t\t\t\t\t\t\t\t\t<div class=\"vc_row wpb_row vc_row-fluid vc_custom_1650656373458 vc_row-has-fill\">\n<div class=\"wpb_column vc_column_container vc_col-sm-12\">\n<div class=\"vc_column-inner\">\n<div class=\"wpb_wrapper\">\n<div class=\"wpb_text_column wpb_content_element \">\n<div class=\"wpb_wrapper\">\n<p>L&rsquo;une des plus grandes attractions de la ville de New York est Broadway, o\u00f9 vous trouverez les meilleures et les plus \u00e9blouissantes offres th\u00e9\u00e2trales du monde. Vous trouverez ici toutes les informations n\u00e9cessaires pour conna\u00eetre, visiter ce circuit th\u00e9\u00e2tral et profiter des spectacles que vous aimez le plus. <\/p>\n<p>New York est le symbole du spectacle. Il faut profiter de sa visite dans la ville pour assister \u00e0 des spectacles incroyables. Vous pouvez consulter certaines des nombreuses listes des meilleures com\u00e9dies musicales, pour savoir laquelle choisir, bien que les plus remarquables soient : \u00ab Le Roi Lion \u00bb, qui est \u00e0 l\u2019affiche depuis 1997, est la meilleure de toutes. Et c\u2019est pourquoi il n\u2019y a g\u00e9n\u00e9ralement pas de billets pour celui-ci au TKTS, que vous trouverez sur les escaliers rouges de Times Square : derri\u00e8re eux, il y a des petits casiers \u00e0 c\u00f4t\u00e9 d\u2019un panneau o\u00f9 vous pouvez voir les spectacles disponibles ce jour-l\u00e0 et les prix, r\u00e9duits, des billets qui peuvent \u00eatre achet\u00e9s pour le m\u00eame jour. Vous pouvez \u00e9galement profiter d\u2019\u00ab Aladdin \u00bb, bas\u00e9 sur le film de Disney, il a des effets sp\u00e9ciaux incroyables comme le g\u00e9nie sortant d\u2019une lampe, un authentique tapis volant et une mise en sc\u00e8ne de pleurs d\u2019\u00e9motion ; mais il y a aussi les classiques \u00ab Chicago \u00bb ou \u00ab Le Fant\u00f4me de l&rsquo;Op\u00e9ra \u00bb, ainsi que des plus modernes, comme \u00ab Harry Potter et l&rsquo;Enfant Maudit \u00bb, qui a frapp\u00e9 Broadway en 2021.    <\/p>\n<p>Cela fait 50 ans que GREASE a \u00e9t\u00e9 pr\u00e9sent\u00e9 en premi\u00e8re au Majestic Theater de New York. Le 14 f\u00e9vrier 1972, le monde a pu voir pour la premi\u00e8re fois cette production qui, six ans plus tard, en 1978, a \u00e9t\u00e9 port\u00e9e sur grand \u00e9cran. C&rsquo;est pr\u00e9cis\u00e9ment la version cin\u00e9matographique de la com\u00e9die musicale qui a fait conna\u00eetre GREASE au niveau international, g\u00e9n\u00e9rant un grand impact culturel et social dans le monde entier.  <\/p>\n<p>La com\u00e9die musicale \u00ab Le Fant\u00f4me de l\u2019Op\u00e9ra \u00bb c\u00e9l\u00e8bre ses 34 ans \u00e0 l\u2019affiche de la Mecque du th\u00e9\u00e2tre, Broadway.<\/p>\n<p>C&rsquo;est le 26 janvier 1988 que cette mise en sc\u00e8ne l\u00e8ve le rideau au Majestic Theater de New York, au c\u0153ur du quartier des th\u00e9\u00e2tres.<\/p>\n<p>Depuis, plusieurs acteurs se sont succ\u00e9d\u00e9s pour donner vie au Fant\u00f4me, personnage principal de l&rsquo;histoire et amoureux de la jeune danseuse et chanteuse d&rsquo;op\u00e9ra Christine Daa\u00e9.<\/p>\n<p>Inspir\u00e9 du livre de Gast\u00f3n Leroux \u00ab Le fant\u00f4me de l\u2019op\u00e9ra \u00bb, dans lequel une jeune danseuse et chanteuse d\u2019op\u00e9ra en herbe, Christine Daa\u00e9, devient la muse et l\u2019\u00e9trange obsession d\u2019un fant\u00f4me de l\u2019Op\u00e9ra de Paris. C\u2019est une histoire d\u2019amour intemporelle, et je pense qu\u2019elle a un peu de tout. Vous avez cet homme qui est tomb\u00e9 amoureux de quelqu\u2019un. Il n\u2019est pas de ce monde et la femme est attir\u00e9e par quelqu\u2019un avec qui elle a plus de liens \u00bb, explique Crawford.   <\/p>\n<p>Il y a le combat pour l\u2019amour. Il y a une intrigue. Il y a des rebondissements. Il y a un peu de tout. Et je pense que c&rsquo;est pour cela que \u00ab\u00a0Le fantasme de l&rsquo;op\u00e9ra\u00a0\u00bb a la capacit\u00e9 de r\u00e9sister au pas du temps\u00a0\u00bb, a ajout\u00e9 l&rsquo;acteur.<\/p>\n<p>Miranda est charg\u00e9e de la bande sonore de \u00ab Encanto \u00bb, entr\u00e9e dans le monde du spectacle de Broadway avec deux com\u00e9dies musicales, \u00ab In the Heights \u00bb et \u00ab Hamilton \u00bb, qui a accumul\u00e9 16 nominations aux prix Tony, la plus grande distinction du circuit th\u00e9\u00e2tral.<\/p>\n<p>La canci\u00f3n \u201cWe Don\u2019t Talk About Bruno\u201d, de la banda sonora de la pel\u00edcula \u201cEncanto\u201d, resiste firme por tercera semana consecutiva al frente de Billboard Hot 100, la principal lista de popularidad musical en Estados Unidos. El tema interpretado por Carolina Gait\u00e1n, Mauro Castillo, Adassa, Rhenzy Feliz, Diane Guerrero, Stephanie Beatriz y el elenco del filme inspirado en el folclor colombiano sigue igualando registros hist\u00f3ricos de pel\u00edculas de Disney. <\/p>\n<\/div>\n<\/div>\n<\/div>\n<\/div>\n<\/div>\n<\/div>\n\t\t\t\t\t\t\t\t<\/div>\n\t\t\t\t<\/div>\n\t\t\t\t<div class=\"elementor-element elementor-element-d0af643 elementor-widget-divider--view-line elementor-widget elementor-widget-divider\" data-id=\"d0af643\" data-element_type=\"widget\" data-e-type=\"widget\" data-widget_type=\"divider.default\">\n\t\t\t\t<div class=\"elementor-widget-container\">\n\t\t\t\t\t\t\t<div class=\"elementor-divider\">\n\t\t\t<span class=\"elementor-divider-separator\">\n\t\t\t\t\t\t<\/span>\n\t\t<\/div>\n\t\t\t\t\t\t<\/div>\n\t\t\t\t<\/div>\n\t\t\t\t<div class=\"elementor-element elementor-element-6d56304 elementor-widget elementor-widget-text-editor\" data-id=\"6d56304\" data-element_type=\"widget\" data-e-type=\"widget\" data-widget_type=\"text-editor.default\">\n\t\t\t\t<div class=\"elementor-widget-container\">\n\t\t\t\t\t\t\t\t\t<p><strong>Pour figurer sur notre panneau d&rsquo;affichage \u00e0 Times Square, veuillez consulter notre section CONTACT.<\/strong><\/p>\n<p>Voici comment cela fonctionne :<\/p>\n<p>Qu&rsquo;il s&rsquo;agisse d&rsquo;un anniversaire, d&rsquo;une demande en mariage, d&rsquo;un anniversaire ou d&rsquo;une simple d\u00e9claration d&rsquo;amour, nous avons tout pr\u00e9vu. Ne soyez pas un visage dans la foule ! <br \/>Affichez votre photo ou votre vid\u00e9o sur notre panneau d&rsquo;affichage \u00e0 Times Square !<\/p>\n<p>Option 1 : Votre vid\u00e9o\/photo de 60 secondes sera affich\u00e9e 22 fois par jour.<br \/>Option 2 : Votre vid\u00e9o\/photo de 30 secondes sera affich\u00e9e 44 fois par jour<br \/>Option 3 : Votre vid\u00e9o\/photo de 15 secondes sera affich\u00e9e 88 fois par jour.<\/p>\n<p>Notre panneau d&rsquo;affichage mesure 31 pieds x 55 pieds et est situ\u00e9 au 1560 Broadway (\u00e0 l&rsquo;angle de Broadway et de la 46e rue, juste au-dessus du magasin Pel\u00e9).<\/p>\n<p>Ne soyez pas un visage dans la foule !<\/p>\n\t\t\t\t\t\t\t\t<\/div>\n\t\t\t\t<\/div>\n\t\t\t\t<div class=\"elementor-element elementor-element-020f897 elementor-widget elementor-widget-image\" data-id=\"020f897\" data-element_type=\"widget\" data-e-type=\"widget\" data-widget_type=\"image.default\">\n\t\t\t\t<div class=\"elementor-widget-container\">\n\t\t\t\t\t\t\t\t\t\t\t\t\t\t\t<img fetchpriority=\"high\" decoding=\"async\" width=\"1024\" height=\"685\" src=\"https:\/\/welcome-to-times-square.com\/wp-content\/uploads\/2022\/04\/broadway-1024x685.jpg\" class=\"attachment-large size-large wp-image-6147\" alt=\"\" srcset=\"https:\/\/welcome-to-times-square.com\/wp-content\/uploads\/2022\/04\/broadway-1024x685.jpg 1024w, https:\/\/welcome-to-times-square.com\/wp-content\/uploads\/2022\/04\/broadway-600x402.jpg 600w, https:\/\/welcome-to-times-square.com\/wp-content\/uploads\/2022\/04\/broadway-300x201.jpg 300w, https:\/\/welcome-to-times-square.com\/wp-content\/uploads\/2022\/04\/broadway-768x514.jpg 768w, https:\/\/welcome-to-times-square.com\/wp-content\/uploads\/2022\/04\/broadway-1536x1028.jpg 1536w, https:\/\/welcome-to-times-square.com\/wp-content\/uploads\/2022\/04\/broadway.jpg 1600w\" sizes=\"(max-width: 1024px) 100vw, 1024px\" \/>\t\t\t\t\t\t\t\t\t\t\t\t\t\t\t<\/div>\n\t\t\t\t<\/div>\n\t\t\t\t\t<\/div>\n\t\t\t\t<\/div>\n\t\t\t\t<\/div>\n\t\t","protected":false},"excerpt":{"rendered":"Broadway L'une des plus grandes attractions de la ville de New York est Broadway, o\u00f9 vous trouverez les meilleures et les plus \u00e9blouissantes offres th\u00e9\u00e2trales du monde. Vous trouverez ici toutes les informations n\u00e9cessaires pour conna\u00eetre, visiter ce circuit th\u00e9\u00e2tral et profiter des spectacles que vous aimez le plus. New York est le symbole du [...]<a href=\"https:\/\/welcome-to-times-square.com\/fr\/broadway\/\" class=\"read-more wyz-secondary-color-text\">read more<span class=\"screen-reader-text\">Broadway<\/span><\/a>","protected":false},"author":53,"featured_media":0,"parent":0,"menu_order":0,"comment_status":"closed","ping_status":"closed","template":"elementor_header_footer","meta":{"footnotes":""},"class_list":["post-8827","page","type-page","status-publish","hentry"],"yoast_head":"<!-- This site is optimized with the Yoast SEO plugin v27.2 - https:\/\/yoast.com\/product\/yoast-seo-wordpress\/ -->\n<title>Broadway - times-square<\/title>\n<meta name=\"robots\" content=\"index, follow, max-snippet:-1, max-image-preview:large, max-video-preview:-1\" \/>\n<link rel=\"canonical\" href=\"https:\/\/welcome-to-times-square.com\/fr\/broadway\/\" \/>\n<meta property=\"og:locale\" content=\"fr_FR\" \/>\n<meta property=\"og:type\" content=\"article\" \/>\n<meta property=\"og:title\" content=\"Broadway - times-square\" \/>\n<meta property=\"og:description\" content=\"Broadway L&rsquo;une des plus grandes attractions de la ville de New York est Broadway, o\u00f9 vous trouverez les meilleures et les plus \u00e9blouissantes offres th\u00e9\u00e2trales du monde. Vous trouverez ici toutes les informations n\u00e9cessaires pour conna\u00eetre, visiter ce circuit th\u00e9\u00e2tral et profiter des spectacles que vous aimez le plus. New York est le symbole du [...]read moreBroadway\" \/>\n<meta property=\"og:url\" content=\"https:\/\/welcome-to-times-square.com\/fr\/broadway\/\" \/>\n<meta property=\"og:site_name\" content=\"times-square\" \/>\n<meta property=\"article:modified_time\" content=\"2025-01-16T10:40:21+00:00\" \/>\n<meta property=\"og:image\" content=\"https:\/\/welcome-to-times-square.com\/wp-content\/uploads\/2022\/04\/broadway.jpg\" \/>\n\t<meta property=\"og:image:width\" content=\"1600\" \/>\n\t<meta property=\"og:image:height\" content=\"1071\" \/>\n\t<meta property=\"og:image:type\" content=\"image\/jpeg\" \/>\n<meta name=\"twitter:card\" content=\"summary_large_image\" \/>\n<meta name=\"twitter:label1\" content=\"Dur\u00e9e de lecture estim\u00e9e\" \/>\n\t<meta name=\"twitter:data1\" content=\"4 minutes\" \/>\n<script type=\"application\/ld+json\" class=\"yoast-schema-graph\">{\"@context\":\"https:\/\/schema.org\",\"@graph\":[{\"@type\":\"WebPage\",\"@id\":\"https:\/\/welcome-to-times-square.com\/fr\/broadway\/\",\"url\":\"https:\/\/welcome-to-times-square.com\/fr\/broadway\/\",\"name\":\"Broadway - times-square\",\"isPartOf\":{\"@id\":\"https:\/\/welcome-to-times-square.com\/fr\/#website\"},\"primaryImageOfPage\":{\"@id\":\"https:\/\/welcome-to-times-square.com\/fr\/broadway\/#primaryimage\"},\"image\":{\"@id\":\"https:\/\/welcome-to-times-square.com\/fr\/broadway\/#primaryimage\"},\"thumbnailUrl\":\"https:\/\/welcome-to-times-square.com\/wp-content\/uploads\/2022\/04\/broadway-1024x685.jpg\",\"datePublished\":\"2022-04-21T20:42:43+00:00\",\"dateModified\":\"2025-01-16T10:40:21+00:00\",\"breadcrumb\":{\"@id\":\"https:\/\/welcome-to-times-square.com\/fr\/broadway\/#breadcrumb\"},\"inLanguage\":\"fr-FR\",\"potentialAction\":[{\"@type\":\"ReadAction\",\"target\":[\"https:\/\/welcome-to-times-square.com\/fr\/broadway\/\"]}]},{\"@type\":\"ImageObject\",\"inLanguage\":\"fr-FR\",\"@id\":\"https:\/\/welcome-to-times-square.com\/fr\/broadway\/#primaryimage\",\"url\":\"https:\/\/welcome-to-times-square.com\/wp-content\/uploads\/2022\/04\/broadway-1024x685.jpg\",\"contentUrl\":\"https:\/\/welcome-to-times-square.com\/wp-content\/uploads\/2022\/04\/broadway-1024x685.jpg\"},{\"@type\":\"BreadcrumbList\",\"@id\":\"https:\/\/welcome-to-times-square.com\/fr\/broadway\/#breadcrumb\",\"itemListElement\":[{\"@type\":\"ListItem\",\"position\":1,\"name\":\"Home\",\"item\":\"https:\/\/welcome-to-times-square.com\/fr\/\"},{\"@type\":\"ListItem\",\"position\":2,\"name\":\"Broadway\"}]},{\"@type\":\"WebSite\",\"@id\":\"https:\/\/welcome-to-times-square.com\/fr\/#website\",\"url\":\"https:\/\/welcome-to-times-square.com\/fr\/\",\"name\":\"times-square\",\"description\":\"times-square\",\"publisher\":{\"@id\":\"https:\/\/welcome-to-times-square.com\/fr\/#organization\"},\"potentialAction\":[{\"@type\":\"SearchAction\",\"target\":{\"@type\":\"EntryPoint\",\"urlTemplate\":\"https:\/\/welcome-to-times-square.com\/fr\/?s={search_term_string}\"},\"query-input\":{\"@type\":\"PropertyValueSpecification\",\"valueRequired\":true,\"valueName\":\"search_term_string\"}}],\"inLanguage\":\"fr-FR\"},{\"@type\":\"Organization\",\"@id\":\"https:\/\/welcome-to-times-square.com\/fr\/#organization\",\"name\":\"times-square\",\"url\":\"https:\/\/welcome-to-times-square.com\/fr\/\",\"logo\":{\"@type\":\"ImageObject\",\"inLanguage\":\"fr-FR\",\"@id\":\"https:\/\/welcome-to-times-square.com\/fr\/#\/schema\/logo\/image\/\",\"url\":\"https:\/\/welcome-to-times-square.com\/wp-content\/uploads\/2024\/03\/welcome-to-time-square-logo-with-r.png\",\"contentUrl\":\"https:\/\/welcome-to-times-square.com\/wp-content\/uploads\/2024\/03\/welcome-to-time-square-logo-with-r.png\",\"width\":500,\"height\":342,\"caption\":\"times-square\"},\"image\":{\"@id\":\"https:\/\/welcome-to-times-square.com\/fr\/#\/schema\/logo\/image\/\"}}]}<\/script>\n<!-- \/ Yoast SEO plugin. -->","yoast_head_json":{"title":"Broadway - times-square","robots":{"index":"index","follow":"follow","max-snippet":"max-snippet:-1","max-image-preview":"max-image-preview:large","max-video-preview":"max-video-preview:-1"},"canonical":"https:\/\/welcome-to-times-square.com\/fr\/broadway\/","og_locale":"fr_FR","og_type":"article","og_title":"Broadway - times-square","og_description":"Broadway L&rsquo;une des plus grandes attractions de la ville de New York est Broadway, o\u00f9 vous trouverez les meilleures et les plus \u00e9blouissantes offres th\u00e9\u00e2trales du monde. Vous trouverez ici toutes les informations n\u00e9cessaires pour conna\u00eetre, visiter ce circuit th\u00e9\u00e2tral et profiter des spectacles que vous aimez le plus. New York est le symbole du [...]read moreBroadway","og_url":"https:\/\/welcome-to-times-square.com\/fr\/broadway\/","og_site_name":"times-square","article_modified_time":"2025-01-16T10:40:21+00:00","og_image":[{"width":1600,"height":1071,"url":"https:\/\/welcome-to-times-square.com\/wp-content\/uploads\/2022\/04\/broadway.jpg","type":"image\/jpeg"}],"twitter_card":"summary_large_image","twitter_misc":{"Dur\u00e9e de lecture estim\u00e9e":"4 minutes"},"schema":{"@context":"https:\/\/schema.org","@graph":[{"@type":"WebPage","@id":"https:\/\/welcome-to-times-square.com\/fr\/broadway\/","url":"https:\/\/welcome-to-times-square.com\/fr\/broadway\/","name":"Broadway - times-square","isPartOf":{"@id":"https:\/\/welcome-to-times-square.com\/fr\/#website"},"primaryImageOfPage":{"@id":"https:\/\/welcome-to-times-square.com\/fr\/broadway\/#primaryimage"},"image":{"@id":"https:\/\/welcome-to-times-square.com\/fr\/broadway\/#primaryimage"},"thumbnailUrl":"https:\/\/welcome-to-times-square.com\/wp-content\/uploads\/2022\/04\/broadway-1024x685.jpg","datePublished":"2022-04-21T20:42:43+00:00","dateModified":"2025-01-16T10:40:21+00:00","breadcrumb":{"@id":"https:\/\/welcome-to-times-square.com\/fr\/broadway\/#breadcrumb"},"inLanguage":"fr-FR","potentialAction":[{"@type":"ReadAction","target":["https:\/\/welcome-to-times-square.com\/fr\/broadway\/"]}]},{"@type":"ImageObject","inLanguage":"fr-FR","@id":"https:\/\/welcome-to-times-square.com\/fr\/broadway\/#primaryimage","url":"https:\/\/welcome-to-times-square.com\/wp-content\/uploads\/2022\/04\/broadway-1024x685.jpg","contentUrl":"https:\/\/welcome-to-times-square.com\/wp-content\/uploads\/2022\/04\/broadway-1024x685.jpg"},{"@type":"BreadcrumbList","@id":"https:\/\/welcome-to-times-square.com\/fr\/broadway\/#breadcrumb","itemListElement":[{"@type":"ListItem","position":1,"name":"Home","item":"https:\/\/welcome-to-times-square.com\/fr\/"},{"@type":"ListItem","position":2,"name":"Broadway"}]},{"@type":"WebSite","@id":"https:\/\/welcome-to-times-square.com\/fr\/#website","url":"https:\/\/welcome-to-times-square.com\/fr\/","name":"times-square","description":"times-square","publisher":{"@id":"https:\/\/welcome-to-times-square.com\/fr\/#organization"},"potentialAction":[{"@type":"SearchAction","target":{"@type":"EntryPoint","urlTemplate":"https:\/\/welcome-to-times-square.com\/fr\/?s={search_term_string}"},"query-input":{"@type":"PropertyValueSpecification","valueRequired":true,"valueName":"search_term_string"}}],"inLanguage":"fr-FR"},{"@type":"Organization","@id":"https:\/\/welcome-to-times-square.com\/fr\/#organization","name":"times-square","url":"https:\/\/welcome-to-times-square.com\/fr\/","logo":{"@type":"ImageObject","inLanguage":"fr-FR","@id":"https:\/\/welcome-to-times-square.com\/fr\/#\/schema\/logo\/image\/","url":"https:\/\/welcome-to-times-square.com\/wp-content\/uploads\/2024\/03\/welcome-to-time-square-logo-with-r.png","contentUrl":"https:\/\/welcome-to-times-square.com\/wp-content\/uploads\/2024\/03\/welcome-to-time-square-logo-with-r.png","width":500,"height":342,"caption":"times-square"},"image":{"@id":"https:\/\/welcome-to-times-square.com\/fr\/#\/schema\/logo\/image\/"}}]}},"_hostinger_reach_plugin_has_subscription_block":false,"_hostinger_reach_plugin_is_elementor":false,"_links":{"self":[{"href":"https:\/\/welcome-to-times-square.com\/fr\/wp-json\/wp\/v2\/pages\/8827","targetHints":{"allow":["GET"]}}],"collection":[{"href":"https:\/\/welcome-to-times-square.com\/fr\/wp-json\/wp\/v2\/pages"}],"about":[{"href":"https:\/\/welcome-to-times-square.com\/fr\/wp-json\/wp\/v2\/types\/page"}],"author":[{"embeddable":true,"href":"https:\/\/welcome-to-times-square.com\/fr\/wp-json\/wp\/v2\/users\/53"}],"replies":[{"embeddable":true,"href":"https:\/\/welcome-to-times-square.com\/fr\/wp-json\/wp\/v2\/comments?post=8827"}],"version-history":[{"count":2,"href":"https:\/\/welcome-to-times-square.com\/fr\/wp-json\/wp\/v2\/pages\/8827\/revisions"}],"predecessor-version":[{"id":8835,"href":"https:\/\/welcome-to-times-square.com\/fr\/wp-json\/wp\/v2\/pages\/8827\/revisions\/8835"}],"wp:attachment":[{"href":"https:\/\/welcome-to-times-square.com\/fr\/wp-json\/wp\/v2\/media?parent=8827"}],"curies":[{"name":"wp","href":"https:\/\/api.w.org\/{rel}","templated":true}]}}