{"id":8869,"date":"2022-04-21T20:50:20","date_gmt":"2022-04-21T20:50:20","guid":{"rendered":"https:\/\/welcome-to-times-square.com\/entertaiment\/"},"modified":"2025-01-16T11:10:59","modified_gmt":"2025-01-16T11:10:59","slug":"entertaiment","status":"publish","type":"page","link":"https:\/\/welcome-to-times-square.com\/fr\/entertaiment\/","title":{"rendered":"Entertainment"},"content":{"rendered":"\t\t<div data-elementor-type=\"wp-page\" data-elementor-id=\"8869\" class=\"elementor elementor-8869 elementor-2724\" data-elementor-post-type=\"page\">\n\t\t\t\t<div class=\"elementor-element elementor-element-dea4015 e-flex e-con-boxed e-con e-parent\" data-id=\"dea4015\" data-element_type=\"container\" data-e-type=\"container\" data-settings=\"{&quot;background_background&quot;:&quot;classic&quot;}\">\n\t\t\t\t\t<div class=\"e-con-inner\">\n\t\t\t\t<div class=\"elementor-element elementor-element-2ba7a58 elementor-widget elementor-widget-heading\" data-id=\"2ba7a58\" data-element_type=\"widget\" data-e-type=\"widget\" data-widget_type=\"heading.default\">\n\t\t\t\t<div class=\"elementor-widget-container\">\n\t\t\t\t\t<h2 class=\"elementor-heading-title elementor-size-default\">Entertaiment<\/h2>\t\t\t\t<\/div>\n\t\t\t\t<\/div>\n\t\t\t\t<div class=\"elementor-element elementor-element-476d8d6 elementor-widget-divider--view-line elementor-widget elementor-widget-divider\" data-id=\"476d8d6\" data-element_type=\"widget\" data-e-type=\"widget\" data-widget_type=\"divider.default\">\n\t\t\t\t<div class=\"elementor-widget-container\">\n\t\t\t\t\t\t\t<div class=\"elementor-divider\">\n\t\t\t<span class=\"elementor-divider-separator\">\n\t\t\t\t\t\t<\/span>\n\t\t<\/div>\n\t\t\t\t\t\t<\/div>\n\t\t\t\t<\/div>\n\t\t\t\t<div class=\"elementor-element elementor-element-47af605 elementor-widget elementor-widget-text-editor\" data-id=\"47af605\" data-element_type=\"widget\" data-e-type=\"widget\" data-widget_type=\"text-editor.default\">\n\t\t\t\t<div class=\"elementor-widget-container\">\n\t\t\t\t\t\t\t\t\t<div class=\"vc_row wpb_row vc_row-fluid vc_custom_1650656361411 vc_row-has-fill\">\n<div class=\"wpb_column vc_column_container vc_col-sm-12\">\n<div class=\"vc_column-inner\">\n<div class=\"wpb_wrapper\">\n<div class=\"wpb_text_column wpb_content_element \">\n<div class=\"wpb_wrapper\">\n<p>Pamela Anderson, 54 ans, a d\u00e9but\u00e9 sa carri\u00e8re de huit semaines \u00e0 Broadway en incarnant la rus\u00e9e Roxie Hart dans la com\u00e9die musicale embl\u00e9matique de Bob Fosse et Fred Ebb, o\u00f9 elle a \u00e9t\u00e9 accueillie avec des \u00e9loges ind\u00e9fectibles. Le public a accueilli Anderson avec le genre d&rsquo;euphorie que peu de spectacles ont connu au cours de cette saison difficile, sans parler d&rsquo;une production vieille de 25 ans comme Chicago. <\/p>\n<p>Chicago raconte l&rsquo;histoire de Roxie, une adult\u00e8re des ann\u00e9es 1920 qui assassine son amant et devient la favorite des tablo\u00efds tout en plaidant pour sa propre d\u00e9fense, un r\u00f4le parfait pour l&rsquo;ic\u00f4ne du divertissement.<\/p>\n<p>Le succ\u00e8s de Chicago est tel qu\u2019il a remport\u00e9 6 Tony Awards et l\u2019enregistrement des th\u00e8mes de la com\u00e9die musicale a \u00e9galement remport\u00e9 un Grammy Award.<\/p>\n<p>Le Roi Lion est une adaptation sc\u00e9nique acclam\u00e9e du film et du livre classiques de Disney de 1994 de Roger Allers et Irene Mecchi, qui donne vie \u00e0 l&rsquo;histoire de Simba, le prince des lions africains, qui combat son oncle mal\u00e9fique Scar pour le tr\u00f4ne, apr\u00e8s avoir tu\u00e9 son p\u00e8re. Mais avant que Simba ne puisse prendre la place qui lui revient dans le \u00ab cycle de la vie \u00bb, il grandit avec ses deux amis qui aiment s&rsquo;amuser, Timon et Pumbaa. Ensemble, ils enseignent \u00e0 Simba leur philosophie de vie, \u00ab Hakuna Matata \u00bb (Pas de soucis). La com\u00e9die musicale comprend des musiques d&rsquo;Elton John et Tim Rice et la chanson oscaris\u00e9e \u00ab Can You Feel the Love Tonight \u00bb.    <\/p>\n<p>Les chansons suppl\u00e9mentaires sont sign\u00e9es Hans Zimmer, Lebo M, Mark Mancina et Jay Rifkin. Ce festin visuel est c\u00e9l\u00e8bre pour la fusion complexe animal-marionnette-humain de la r\u00e9alisatrice Julie Taymor, et est appr\u00e9ci\u00e9 par un public de tous \u00e2ges. <\/p>\n<p>Harry Potter et l&rsquo;Enfant Maudit, son intrigue ne reproduit aucun des films, mais c&rsquo;est une intrigue que l&rsquo;on ne peut voir que dans la com\u00e9die musicale. Le sc\u00e9nario a \u00e9t\u00e9 \u00e9crit par J. K. Rowling elle-m\u00eame et se d\u00e9roule 17 ans apr\u00e8s que Harry ait vaincu Voldemort. Potter est maintenant un employ\u00e9 du minist\u00e8re de la Magie, mari\u00e9 et p\u00e8re de trois enfants. Ce point de d\u00e9part est le d\u00e9but d&rsquo;une pi\u00e8ce qui a remport\u00e9 plusieurs Tony Awards, dont celui de la meilleure com\u00e9die musicale, et d\u00e9tient le record de ventes de billets en une semaine dans toute l&rsquo;histoire de Broadway. Le d\u00e9cor de la com\u00e9die musicale, les effets sp\u00e9ciaux et sa bande sonore sont magnifiques et constituent un grand divertissement. Mais surtout, parce qu&rsquo;elle compl\u00e8te l&rsquo;histoire d&rsquo;Harry Potter d&rsquo;une mani\u00e8re qu&rsquo;aucun autre film, spin-off ou roman n&rsquo;a fait.     <\/p>\n<p>Moulin Rouge est une exp\u00e9rience sensationnelle pleine de couleurs, de lumi\u00e8res et d&rsquo;\u00e9motions qui vous plongera dans le Paris boh\u00e8me de 1900. Il raconte l&rsquo;histoire d&rsquo;amour romantique entre le jeune \u00e9crivain Christian et Satine, la star du cabaret. La com\u00e9die musicale conserve toute l&rsquo;essence du film car la sc\u00e9nographie de la com\u00e9die musicale comporte m\u00eame le moulin \u00e0 vent rouge symbolique, l&rsquo;\u00e9l\u00e9phant g\u00e9ant et toute la saveur du cabaret, mais elle est \u00e9galement modernis\u00e9e en ajoutant des chansons r\u00e9centes \u00e0 son r\u00e9pertoire, ce qui vous permet de vous identifier davantage \u00e0 l&rsquo;histoire. et c&rsquo;est un pur divertissement.   <\/p>\n<p>Hamilton raconte l\u2019histoire d\u2019Alexander Hamilton, un orphelin des Cara\u00efbes qui, apr\u00e8s une s\u00e9rie d\u2019\u00e9v\u00e9nements, finit par arriver aux \u00c9tats-Unis et devient un personnage important de la guerre d\u2019ind\u00e9pendance am\u00e9ricaine et du premier gouvernement du pays. L\u2019histoire est racont\u00e9e de mani\u00e8re non conventionnelle \u00e0 travers une mise en sc\u00e8ne interactive o\u00f9 abondent des effets sonores et lumineux spectaculaires, ce qui en fait un grand divertissement. De plus, il s\u2019agit d\u2019une \u0153uvre dans laquelle il y a peu de dialogues et tout se fait \u00e0 travers des chansons. Chacune d\u2019entre elles est unique dans cette com\u00e9die musicale.   <\/p>\n<p>Aladdin est l&rsquo;adaptation sc\u00e9nique du film d&rsquo;animation populaire et classique de Disney des ann\u00e9es 90.<\/p>\n<p>L&rsquo;histoire commence quand Aladdin, un jeune voleur d&rsquo;Agrabah, trouve une lampe magique avec laquelle il ne peut faire que trois v\u0153ux pour arranger sa vie et ainsi \u00e9chapper \u00e0 la pauvret\u00e9. Avec l&rsquo;un d&rsquo;eux, il veut devenir prince pour conqu\u00e9rir Jazmin, la belle fille du sultan dont il est tomb\u00e9 amoureux, mais le vizir royal mal\u00e9fique a d&rsquo;autres plans pour le g\u00e9nie de la lampe qui mettront en danger tous les habitants de la ville. La sc\u00e8ne du num\u00e9ro \u00ab\u00a0Un monde id\u00e9al\u00a0\u00bb, o\u00f9 les protagonistes survolent la ville \u00e0 bord d&rsquo;un tapis magique, est tout simplement magnifique, un grand divertissement pour toute la famille.   <\/p>\n<p>Le Fant\u00f4me de l&rsquo;Op\u00e9ra est l&rsquo;une des com\u00e9dies musicales de Broadway \u00e0 grand succ\u00e8s qui a \u00e9t\u00e9 r\u00e9compens\u00e9e par 7 Tony Awards (dont celui de la meilleure com\u00e9die musicale de l&rsquo;ann\u00e9e) gr\u00e2ce \u00e0 la merveilleuse adaptation du roman populaire de Gaston Leroux.<\/p>\n<p>L&rsquo;action se d\u00e9roule au XIXe si\u00e8cle \u00e0 l&rsquo;Op\u00e9ra de Paris et raconte l&rsquo;histoire d&rsquo;un homme difforme qui se cache dans les sous-sols de l&rsquo;op\u00e9ra et qui effraie les employ\u00e9s du th\u00e9\u00e2tre par ses crimes. Mais le fant\u00f4me tombe amoureux d&rsquo;une jeune ballerine nomm\u00e9e Christine, l&rsquo;adopte comme muse et lui apprend \u00e0 chanter pour devenir la premi\u00e8re dame de l&rsquo;op\u00e9ra. Cependant, lorsqu&rsquo;il d\u00e9couvre que son amour est impossible, il jure de se venger.  <\/p>\n<p>Il n\u2019est pas \u00e9tonnant qu\u2019il s\u2019agisse du spectacle de Broadway le plus ancien et que 80 millions de personnes dans le monde l\u2019aient d\u00e9j\u00e0 vu.<\/p>\n<\/div>\n<\/div>\n<\/div>\n<\/div>\n<\/div>\n<\/div>\n\t\t\t\t\t\t\t\t<\/div>\n\t\t\t\t<\/div>\n\t\t\t\t<div class=\"elementor-element elementor-element-09147c1 elementor-widget-divider--view-line elementor-widget elementor-widget-divider\" data-id=\"09147c1\" data-element_type=\"widget\" data-e-type=\"widget\" data-widget_type=\"divider.default\">\n\t\t\t\t<div class=\"elementor-widget-container\">\n\t\t\t\t\t\t\t<div class=\"elementor-divider\">\n\t\t\t<span class=\"elementor-divider-separator\">\n\t\t\t\t\t\t<\/span>\n\t\t<\/div>\n\t\t\t\t\t\t<\/div>\n\t\t\t\t<\/div>\n\t\t\t\t<div class=\"elementor-element elementor-element-9eff9da elementor-widget elementor-widget-text-editor\" data-id=\"9eff9da\" data-element_type=\"widget\" data-e-type=\"widget\" data-widget_type=\"text-editor.default\">\n\t\t\t\t<div class=\"elementor-widget-container\">\n\t\t\t\t\t\t\t\t\t<p><strong>Pour figurer sur notre panneau d&rsquo;affichage \u00e0 Times Square, veuillez consulter notre section CONTACT.<\/strong><\/p>\n<p>Voici comment cela fonctionne :<\/p>\n<p>Qu&rsquo;il s&rsquo;agisse d&rsquo;un anniversaire, d&rsquo;une demande en mariage, d&rsquo;un anniversaire ou d&rsquo;une simple d\u00e9claration d&rsquo;amour, nous avons tout pr\u00e9vu. Ne soyez pas un visage dans la foule ! <br \/>Affichez votre photo ou votre vid\u00e9o sur notre panneau d&rsquo;affichage \u00e0 Times Square !<\/p>\n<p>Option 1 : Votre vid\u00e9o\/photo de 60 secondes sera affich\u00e9e 22 fois par jour.<br \/>Option 2 : Votre vid\u00e9o\/photo de 30 secondes sera affich\u00e9e 44 fois par jour<br \/>Option 3 : Votre vid\u00e9o\/photo de 15 secondes sera affich\u00e9e 88 fois par jour.<\/p>\n<p>Notre panneau d&rsquo;affichage mesure 31 pieds x 55 pieds et est situ\u00e9 au 1560 Broadway (\u00e0 l&rsquo;angle de Broadway et de la 46e rue, juste au-dessus du magasin Pel\u00e9).<\/p>\n<p>Ne soyez pas un visage dans la foule !<\/p>\n\t\t\t\t\t\t\t\t<\/div>\n\t\t\t\t<\/div>\n\t\t\t\t<div class=\"elementor-element elementor-element-a11b766 elementor-widget elementor-widget-image\" data-id=\"a11b766\" data-element_type=\"widget\" data-e-type=\"widget\" data-widget_type=\"image.default\">\n\t\t\t\t<div class=\"elementor-widget-container\">\n\t\t\t\t\t\t\t\t\t\t\t\t\t\t\t<img fetchpriority=\"high\" decoding=\"async\" width=\"1024\" height=\"768\" src=\"https:\/\/welcome-to-times-square.com\/wp-content\/uploads\/2022\/04\/entertaiment-1024x768.jpg\" class=\"attachment-large size-large wp-image-6152\" alt=\"\" srcset=\"https:\/\/welcome-to-times-square.com\/wp-content\/uploads\/2022\/04\/entertaiment-1024x768.jpg 1024w, https:\/\/welcome-to-times-square.com\/wp-content\/uploads\/2022\/04\/entertaiment-600x450.jpg 600w, https:\/\/welcome-to-times-square.com\/wp-content\/uploads\/2022\/04\/entertaiment-300x225.jpg 300w, https:\/\/welcome-to-times-square.com\/wp-content\/uploads\/2022\/04\/entertaiment-768x576.jpg 768w, https:\/\/welcome-to-times-square.com\/wp-content\/uploads\/2022\/04\/entertaiment.jpg 1500w\" sizes=\"(max-width: 1024px) 100vw, 1024px\" \/>\t\t\t\t\t\t\t\t\t\t\t\t\t\t\t<\/div>\n\t\t\t\t<\/div>\n\t\t\t\t\t<\/div>\n\t\t\t\t<\/div>\n\t\t\t\t<\/div>\n\t\t","protected":false},"excerpt":{"rendered":"Entertaiment Pamela Anderson, 54 ans, a d\u00e9but\u00e9 sa carri\u00e8re de huit semaines \u00e0 Broadway en incarnant la rus\u00e9e Roxie Hart dans la com\u00e9die musicale embl\u00e9matique de Bob Fosse et Fred Ebb, o\u00f9 elle a \u00e9t\u00e9 accueillie avec des \u00e9loges ind\u00e9fectibles. Le public a accueilli Anderson avec le genre d'euphorie que peu de spectacles ont connu [...]<a href=\"https:\/\/welcome-to-times-square.com\/fr\/entertaiment\/\" class=\"read-more wyz-secondary-color-text\">read more<span class=\"screen-reader-text\">Entertainment<\/span><\/a>","protected":false},"author":53,"featured_media":0,"parent":0,"menu_order":0,"comment_status":"closed","ping_status":"closed","template":"elementor_header_footer","meta":{"footnotes":""},"class_list":["post-8869","page","type-page","status-publish","hentry"],"yoast_head":"<!-- This site is optimized with the Yoast SEO plugin v27.2 - https:\/\/yoast.com\/product\/yoast-seo-wordpress\/ -->\n<title>Entertainment - times-square<\/title>\n<meta name=\"robots\" content=\"index, follow, max-snippet:-1, max-image-preview:large, max-video-preview:-1\" \/>\n<link rel=\"canonical\" href=\"https:\/\/welcome-to-times-square.com\/fr\/entertaiment\/\" \/>\n<meta property=\"og:locale\" content=\"fr_FR\" \/>\n<meta property=\"og:type\" content=\"article\" \/>\n<meta property=\"og:title\" content=\"Entertainment - times-square\" \/>\n<meta property=\"og:description\" content=\"Entertaiment Pamela Anderson, 54 ans, a d\u00e9but\u00e9 sa carri\u00e8re de huit semaines \u00e0 Broadway en incarnant la rus\u00e9e Roxie Hart dans la com\u00e9die musicale embl\u00e9matique de Bob Fosse et Fred Ebb, o\u00f9 elle a \u00e9t\u00e9 accueillie avec des \u00e9loges ind\u00e9fectibles. Le public a accueilli Anderson avec le genre d&rsquo;euphorie que peu de spectacles ont connu [...]read moreEntertainment\" \/>\n<meta property=\"og:url\" content=\"https:\/\/welcome-to-times-square.com\/fr\/entertaiment\/\" \/>\n<meta property=\"og:site_name\" content=\"times-square\" \/>\n<meta property=\"article:modified_time\" content=\"2025-01-16T11:10:59+00:00\" \/>\n<meta property=\"og:image\" content=\"https:\/\/welcome-to-times-square.com\/wp-content\/uploads\/2022\/04\/entertaiment.jpg\" \/>\n\t<meta property=\"og:image:width\" content=\"1500\" \/>\n\t<meta property=\"og:image:height\" content=\"1125\" \/>\n\t<meta property=\"og:image:type\" content=\"image\/jpeg\" \/>\n<meta name=\"twitter:card\" content=\"summary_large_image\" \/>\n<meta name=\"twitter:label1\" content=\"Dur\u00e9e de lecture estim\u00e9e\" \/>\n\t<meta name=\"twitter:data1\" content=\"5 minutes\" \/>\n<script type=\"application\/ld+json\" class=\"yoast-schema-graph\">{\"@context\":\"https:\/\/schema.org\",\"@graph\":[{\"@type\":\"WebPage\",\"@id\":\"https:\/\/welcome-to-times-square.com\/fr\/entertaiment\/\",\"url\":\"https:\/\/welcome-to-times-square.com\/fr\/entertaiment\/\",\"name\":\"Entertainment - times-square\",\"isPartOf\":{\"@id\":\"https:\/\/welcome-to-times-square.com\/fr\/#website\"},\"primaryImageOfPage\":{\"@id\":\"https:\/\/welcome-to-times-square.com\/fr\/entertaiment\/#primaryimage\"},\"image\":{\"@id\":\"https:\/\/welcome-to-times-square.com\/fr\/entertaiment\/#primaryimage\"},\"thumbnailUrl\":\"https:\/\/welcome-to-times-square.com\/wp-content\/uploads\/2022\/04\/entertaiment-1024x768.jpg\",\"datePublished\":\"2022-04-21T20:50:20+00:00\",\"dateModified\":\"2025-01-16T11:10:59+00:00\",\"breadcrumb\":{\"@id\":\"https:\/\/welcome-to-times-square.com\/fr\/entertaiment\/#breadcrumb\"},\"inLanguage\":\"fr-FR\",\"potentialAction\":[{\"@type\":\"ReadAction\",\"target\":[\"https:\/\/welcome-to-times-square.com\/fr\/entertaiment\/\"]}]},{\"@type\":\"ImageObject\",\"inLanguage\":\"fr-FR\",\"@id\":\"https:\/\/welcome-to-times-square.com\/fr\/entertaiment\/#primaryimage\",\"url\":\"https:\/\/welcome-to-times-square.com\/wp-content\/uploads\/2022\/04\/entertaiment-1024x768.jpg\",\"contentUrl\":\"https:\/\/welcome-to-times-square.com\/wp-content\/uploads\/2022\/04\/entertaiment-1024x768.jpg\"},{\"@type\":\"BreadcrumbList\",\"@id\":\"https:\/\/welcome-to-times-square.com\/fr\/entertaiment\/#breadcrumb\",\"itemListElement\":[{\"@type\":\"ListItem\",\"position\":1,\"name\":\"Home\",\"item\":\"https:\/\/welcome-to-times-square.com\/fr\/\"},{\"@type\":\"ListItem\",\"position\":2,\"name\":\"Entertainment\"}]},{\"@type\":\"WebSite\",\"@id\":\"https:\/\/welcome-to-times-square.com\/fr\/#website\",\"url\":\"https:\/\/welcome-to-times-square.com\/fr\/\",\"name\":\"times-square\",\"description\":\"times-square\",\"publisher\":{\"@id\":\"https:\/\/welcome-to-times-square.com\/fr\/#organization\"},\"potentialAction\":[{\"@type\":\"SearchAction\",\"target\":{\"@type\":\"EntryPoint\",\"urlTemplate\":\"https:\/\/welcome-to-times-square.com\/fr\/?s={search_term_string}\"},\"query-input\":{\"@type\":\"PropertyValueSpecification\",\"valueRequired\":true,\"valueName\":\"search_term_string\"}}],\"inLanguage\":\"fr-FR\"},{\"@type\":\"Organization\",\"@id\":\"https:\/\/welcome-to-times-square.com\/fr\/#organization\",\"name\":\"times-square\",\"url\":\"https:\/\/welcome-to-times-square.com\/fr\/\",\"logo\":{\"@type\":\"ImageObject\",\"inLanguage\":\"fr-FR\",\"@id\":\"https:\/\/welcome-to-times-square.com\/fr\/#\/schema\/logo\/image\/\",\"url\":\"https:\/\/welcome-to-times-square.com\/wp-content\/uploads\/2024\/03\/welcome-to-time-square-logo-with-r.png\",\"contentUrl\":\"https:\/\/welcome-to-times-square.com\/wp-content\/uploads\/2024\/03\/welcome-to-time-square-logo-with-r.png\",\"width\":500,\"height\":342,\"caption\":\"times-square\"},\"image\":{\"@id\":\"https:\/\/welcome-to-times-square.com\/fr\/#\/schema\/logo\/image\/\"}}]}<\/script>\n<!-- \/ Yoast SEO plugin. -->","yoast_head_json":{"title":"Entertainment - times-square","robots":{"index":"index","follow":"follow","max-snippet":"max-snippet:-1","max-image-preview":"max-image-preview:large","max-video-preview":"max-video-preview:-1"},"canonical":"https:\/\/welcome-to-times-square.com\/fr\/entertaiment\/","og_locale":"fr_FR","og_type":"article","og_title":"Entertainment - times-square","og_description":"Entertaiment Pamela Anderson, 54 ans, a d\u00e9but\u00e9 sa carri\u00e8re de huit semaines \u00e0 Broadway en incarnant la rus\u00e9e Roxie Hart dans la com\u00e9die musicale embl\u00e9matique de Bob Fosse et Fred Ebb, o\u00f9 elle a \u00e9t\u00e9 accueillie avec des \u00e9loges ind\u00e9fectibles. Le public a accueilli Anderson avec le genre d&rsquo;euphorie que peu de spectacles ont connu [...]read moreEntertainment","og_url":"https:\/\/welcome-to-times-square.com\/fr\/entertaiment\/","og_site_name":"times-square","article_modified_time":"2025-01-16T11:10:59+00:00","og_image":[{"width":1500,"height":1125,"url":"https:\/\/welcome-to-times-square.com\/wp-content\/uploads\/2022\/04\/entertaiment.jpg","type":"image\/jpeg"}],"twitter_card":"summary_large_image","twitter_misc":{"Dur\u00e9e de lecture estim\u00e9e":"5 minutes"},"schema":{"@context":"https:\/\/schema.org","@graph":[{"@type":"WebPage","@id":"https:\/\/welcome-to-times-square.com\/fr\/entertaiment\/","url":"https:\/\/welcome-to-times-square.com\/fr\/entertaiment\/","name":"Entertainment - times-square","isPartOf":{"@id":"https:\/\/welcome-to-times-square.com\/fr\/#website"},"primaryImageOfPage":{"@id":"https:\/\/welcome-to-times-square.com\/fr\/entertaiment\/#primaryimage"},"image":{"@id":"https:\/\/welcome-to-times-square.com\/fr\/entertaiment\/#primaryimage"},"thumbnailUrl":"https:\/\/welcome-to-times-square.com\/wp-content\/uploads\/2022\/04\/entertaiment-1024x768.jpg","datePublished":"2022-04-21T20:50:20+00:00","dateModified":"2025-01-16T11:10:59+00:00","breadcrumb":{"@id":"https:\/\/welcome-to-times-square.com\/fr\/entertaiment\/#breadcrumb"},"inLanguage":"fr-FR","potentialAction":[{"@type":"ReadAction","target":["https:\/\/welcome-to-times-square.com\/fr\/entertaiment\/"]}]},{"@type":"ImageObject","inLanguage":"fr-FR","@id":"https:\/\/welcome-to-times-square.com\/fr\/entertaiment\/#primaryimage","url":"https:\/\/welcome-to-times-square.com\/wp-content\/uploads\/2022\/04\/entertaiment-1024x768.jpg","contentUrl":"https:\/\/welcome-to-times-square.com\/wp-content\/uploads\/2022\/04\/entertaiment-1024x768.jpg"},{"@type":"BreadcrumbList","@id":"https:\/\/welcome-to-times-square.com\/fr\/entertaiment\/#breadcrumb","itemListElement":[{"@type":"ListItem","position":1,"name":"Home","item":"https:\/\/welcome-to-times-square.com\/fr\/"},{"@type":"ListItem","position":2,"name":"Entertainment"}]},{"@type":"WebSite","@id":"https:\/\/welcome-to-times-square.com\/fr\/#website","url":"https:\/\/welcome-to-times-square.com\/fr\/","name":"times-square","description":"times-square","publisher":{"@id":"https:\/\/welcome-to-times-square.com\/fr\/#organization"},"potentialAction":[{"@type":"SearchAction","target":{"@type":"EntryPoint","urlTemplate":"https:\/\/welcome-to-times-square.com\/fr\/?s={search_term_string}"},"query-input":{"@type":"PropertyValueSpecification","valueRequired":true,"valueName":"search_term_string"}}],"inLanguage":"fr-FR"},{"@type":"Organization","@id":"https:\/\/welcome-to-times-square.com\/fr\/#organization","name":"times-square","url":"https:\/\/welcome-to-times-square.com\/fr\/","logo":{"@type":"ImageObject","inLanguage":"fr-FR","@id":"https:\/\/welcome-to-times-square.com\/fr\/#\/schema\/logo\/image\/","url":"https:\/\/welcome-to-times-square.com\/wp-content\/uploads\/2024\/03\/welcome-to-time-square-logo-with-r.png","contentUrl":"https:\/\/welcome-to-times-square.com\/wp-content\/uploads\/2024\/03\/welcome-to-time-square-logo-with-r.png","width":500,"height":342,"caption":"times-square"},"image":{"@id":"https:\/\/welcome-to-times-square.com\/fr\/#\/schema\/logo\/image\/"}}]}},"_hostinger_reach_plugin_has_subscription_block":false,"_hostinger_reach_plugin_is_elementor":false,"_links":{"self":[{"href":"https:\/\/welcome-to-times-square.com\/fr\/wp-json\/wp\/v2\/pages\/8869","targetHints":{"allow":["GET"]}}],"collection":[{"href":"https:\/\/welcome-to-times-square.com\/fr\/wp-json\/wp\/v2\/pages"}],"about":[{"href":"https:\/\/welcome-to-times-square.com\/fr\/wp-json\/wp\/v2\/types\/page"}],"author":[{"embeddable":true,"href":"https:\/\/welcome-to-times-square.com\/fr\/wp-json\/wp\/v2\/users\/53"}],"replies":[{"embeddable":true,"href":"https:\/\/welcome-to-times-square.com\/fr\/wp-json\/wp\/v2\/comments?post=8869"}],"version-history":[{"count":2,"href":"https:\/\/welcome-to-times-square.com\/fr\/wp-json\/wp\/v2\/pages\/8869\/revisions"}],"predecessor-version":[{"id":8875,"href":"https:\/\/welcome-to-times-square.com\/fr\/wp-json\/wp\/v2\/pages\/8869\/revisions\/8875"}],"wp:attachment":[{"href":"https:\/\/welcome-to-times-square.com\/fr\/wp-json\/wp\/v2\/media?parent=8869"}],"curies":[{"name":"wp","href":"https:\/\/api.w.org\/{rel}","templated":true}]}}