{"id":8884,"date":"2022-04-21T23:31:07","date_gmt":"2022-04-21T23:31:07","guid":{"rendered":"https:\/\/welcome-to-times-square.com\/shopping\/"},"modified":"2025-01-16T11:48:32","modified_gmt":"2025-01-16T11:48:32","slug":"shopping","status":"publish","type":"page","link":"https:\/\/welcome-to-times-square.com\/fr\/shopping\/","title":{"rendered":"Shopping"},"content":{"rendered":"\t\t<div data-elementor-type=\"wp-page\" data-elementor-id=\"8884\" class=\"elementor elementor-8884 elementor-2758\" data-elementor-post-type=\"page\">\n\t\t\t\t<div class=\"elementor-element elementor-element-b86bd75 e-flex e-con-boxed e-con e-parent\" data-id=\"b86bd75\" data-element_type=\"container\" data-e-type=\"container\" data-settings=\"{&quot;background_background&quot;:&quot;classic&quot;}\">\n\t\t\t\t\t<div class=\"e-con-inner\">\n\t\t\t\t<div class=\"elementor-element elementor-element-c71d7ee elementor-widget elementor-widget-heading\" data-id=\"c71d7ee\" data-element_type=\"widget\" data-e-type=\"widget\" data-widget_type=\"heading.default\">\n\t\t\t\t<div class=\"elementor-widget-container\">\n\t\t\t\t\t<h2 class=\"elementor-heading-title elementor-size-default\">Shopping<\/h2>\t\t\t\t<\/div>\n\t\t\t\t<\/div>\n\t\t\t\t<div class=\"elementor-element elementor-element-67a6023 elementor-widget-divider--view-line elementor-widget elementor-widget-divider\" data-id=\"67a6023\" data-element_type=\"widget\" data-e-type=\"widget\" data-widget_type=\"divider.default\">\n\t\t\t\t<div class=\"elementor-widget-container\">\n\t\t\t\t\t\t\t<div class=\"elementor-divider\">\n\t\t\t<span class=\"elementor-divider-separator\">\n\t\t\t\t\t\t<\/span>\n\t\t<\/div>\n\t\t\t\t\t\t<\/div>\n\t\t\t\t<\/div>\n\t\t\t\t<div class=\"elementor-element elementor-element-c87480d elementor-widget elementor-widget-text-editor\" data-id=\"c87480d\" data-element_type=\"widget\" data-e-type=\"widget\" data-widget_type=\"text-editor.default\">\n\t\t\t\t<div class=\"elementor-widget-container\">\n\t\t\t\t\t\t\t\t\t<div class=\"vc_row wpb_row vc_row-fluid vc_custom_1650656313890 vc_row-has-fill\">\n<div class=\"wpb_column vc_column_container vc_col-sm-12\">\n<div class=\"vc_column-inner\">\n<div class=\"wpb_wrapper\">\n<div class=\"wpb_text_column wpb_content_element \">\n<div class=\"wpb_wrapper\">\n<p>\u00c0 New York, vous pouvez faire du shopping dans presque tous les quartiers, \u00e0 tout moment, sans limite et terminer la journ\u00e9e \u00e9puis\u00e9, heureux et charg\u00e9 de sacs. Les grandes marques reconnues ont leur place ici et vous pourrez retrouver un Best Buy pour l&rsquo;\u00e9lectronique sur la Cinqui\u00e8me Avenue, en face de la Biblioth\u00e8que Publique (la Biblioth\u00e8que), ainsi que les magasins g\u00e9ants de H&amp;M, Century 21 et Forever 21, pour ceux qui cherchent \u00e0 renouveler leur garde-robe. Les magasins de jouets embl\u00e9matiques comme FAO Schwartz et la succursale de Times Square ont disparu, mais on peut toujours trouver des jouets pour enfants au Disney Store.<\/p>\n<p>Cependant, ceux qui pensent \u00e0 des achats importants, sans se d\u00e9placer d&rsquo;un endroit \u00e0 l&rsquo;autre, peuvent quitter la ville pendant quelques heures et choisir l&rsquo;un des centres commerciaux de la p\u00e9riph\u00e9rie, comme The Mills at Jersey Gardens, dans le New Jersey, ou Woodbury Common Premium Outlets, \u00e0 Central Valley, dans l&rsquo;\u00c9tat de New York. C&rsquo;est la meilleure option pour tout concentrer en un seul moment et en un seul endroit.<\/p>\n<p>Les complexes appartiennent au groupe Simon \u2013 qui g\u00e8re les centres commerciaux r\u00e9gionaux Simon Malls, The Mills et Premium Outlets \u2013, propri\u00e9taire de 5 des 10 plus grands centres commerciaux du monde.<\/p>\n<p>The Mills at Jersey Gardens, c&rsquo;est plus de 200 magasins sous un m\u00eame toit auxquels il est pr\u00e9vu d&rsquo;en ajouter 80 autres, en plus des restaurants et des divertissements, il est situ\u00e9 \u00e0 proximit\u00e9 de l&rsquo;a\u00e9roport de Newark. \u00ab \u00catre \u00e0 l\u2019int\u00e9rieur \u00bb n\u2019est pas une mince affaire dans ce quartier car en \u00e9t\u00e9 il fait tr\u00e8s chaud et faire du shopping avec la climatisation est un soulagement. Et pour l&rsquo;hiver, des couloirs chauff\u00e9s, car le froid est tr\u00e8s dur.<\/p>\n<p>Ce centre commercial propose une combinaison tr\u00e8s attrayante de magasins : des magasins de marque (comme Hugo Boss) ; des magasins abordables (comme Charlotte Ruse) ; et des magasins de marques populaires (fast fashion, type H&amp;M). L\u2019une des choses les plus attrayantes du New Jersey est que c\u2019est un \u00c9tat dans lequel les v\u00eatements et les chaussures sont exon\u00e9r\u00e9s de taxes.<\/p>\n<p>Ellie Perla, experte dans le domaine des centres commerciaux et guide pendant quelques heures dans l&rsquo;aventure consum\u00e9riste, explique :<\/p>\n<p>\u00ab La sortie shopping \u00e0 Woodbury Common Premium Outlets est l\u2019une des visites les plus demand\u00e9es et les plus populaires de Manhattan. La concurrence pour aller \u00e0 Woodbury ou \u00e0 The Mills pendant une journ\u00e9e se situe dans les grandes et plus grandes attractions touristiques de New York. Elles ne rivalisent g\u00e9n\u00e9ralement pas avec les boutiques des rues de New York. \u00bb Ils n\u2019ont pas non plus de concurrence avec les achats en ligne : si l\u2019on a recours au shopping, on peut essayer les v\u00eatements et trouver des offres qui n\u2019apparaissent pas sur d\u2019autres sites ou plateformes virtuelles.<\/p>\n<p>Pour que faire du shopping soit quelque chose d&rsquo;agr\u00e9able et que l&rsquo;investissement en temps ait un r\u00e9sultat positif, il est important de suivre certains conseils.<\/p>\n<p>Les erreurs les plus courantes que tout le monde commet sont de ne pas planifier \u00e0 l&rsquo;avance, de ne pas essayer les v\u00eatements \u00e0 l&rsquo;avance, de perdre ainsi du temps avec les retours ou de ne pas pouvoir les effectuer, et d&rsquo;accepter des commandes difficiles \u00e0 r\u00e9soudre. Ellie Perla is very direct in this regard. Le \u00ab je vais voir ce que je trouve \u00bb ne fonctionne pas. Il est indispensable de pr\u00e9parer et d&#8217;emporter avec soi une liste de ce que l&rsquo;on souhaite acheter, de s&rsquo;arr\u00eater pour \u00e9tudier le plan du centre commercial pour organiser l&rsquo;itin\u00e9raire et de ne pas oublier les bons de r\u00e9duction : ils peuvent \u00eatre imprim\u00e9s \u00e0 partir du site Internet ou, selon le cas, au Centre de Service Client. Le Client peut obtenir un livret de r\u00e9duction.<\/p>\n<p>\u00ab Les Latinos passent une journ\u00e9e enti\u00e8re \u00e0 faire du shopping et ont besoin d&rsquo;une journ\u00e9e suppl\u00e9mentaire \u00bb, explique Ellie, ajoutant : \u00ab On calcule qu&rsquo;il faut en moyenne 45 minutes dans chaque magasin. \u00bb<\/p>\n<p>-Et sans r\u00e9fl\u00e9chir, il propose ses conseils pour faire ses courses :<\/p>\n<p>-N&rsquo;achetez pas pour les autres car vous serez frustr\u00e9 et perdrez plus de temps.<\/p>\n<p>-N\u2019achetez pas ce qui est moins cher, mais ce que vous aimez vraiment.<\/p>\n<p>-Si vous achetez par n\u00e9cessit\u00e9, laissez faire, car l\u00e0 o\u00f9 vous vivez, c&rsquo;est beaucoup plus cher.<\/p>\n<p>-\u00c9tablissez le montant d\u2019argent que vous \u00eates pr\u00eat \u00e0 d\u00e9penser\u2026 et essayez de vous y adapter.<\/p>\n<p>-Habillez-vous en fonction du climat local et en deux pi\u00e8ces : cela facilitera l&rsquo;essayage des v\u00eatements. Portez \u00e9galement des chaussures confortables et un sac \u00e0 bandouli\u00e8re qui vous lib\u00e8re les mains pour v\u00e9rifier les porte-manteaux.<\/p>\n<p>-Commencez la visite du magasin de l&rsquo;arri\u00e8re vers l&rsquo;avant puisque les articles avec les plus grandes remises sont g\u00e9n\u00e9ralement situ\u00e9s en bas.<\/p>\n<p>-Si vous avez le temps, choisissez \u2013et entrez\u2013 deux ou trois magasins de marques que vous ne connaissez pas : certaines ne vous plairont peut-\u00eatre pas, mais d\u2019autres pourraient vous surprendre.<\/p>\n<p>Il suffit d&rsquo;aller sur l&rsquo;annuaire des magasins pour avoir une id\u00e9e des magasins : Saks Fifth Avenue Off 5th, Neiman Marcus Last Call, Century 21, Marshalls, Michael Kors, True Religion, Nautica, Kenneth Cole, Guess, Tommy Hilfiger. Les touristes doivent toujours \u00eatre munis d&rsquo;un passeport pour obtenir le bon avec les r\u00e9ductions au centre de service client. Armani annonce une r\u00e9duction de 70 % sur certains v\u00eatements de marque. Contrairement \u00e0 The Mills, Woodbury est un centre commercial \u00e0 ciel ouvert, ce qui est \u00e0 consid\u00e9rer au plus fort de l&rsquo;\u00e9t\u00e9 et au milieu de l&rsquo;hiver.<\/p>\n<\/div>\n<\/div>\n<\/div>\n<\/div>\n<\/div>\n<\/div>\n\t\t\t\t\t\t\t\t<\/div>\n\t\t\t\t<\/div>\n\t\t\t\t<div class=\"elementor-element elementor-element-75f473b elementor-widget-divider--view-line elementor-widget elementor-widget-divider\" data-id=\"75f473b\" data-element_type=\"widget\" data-e-type=\"widget\" data-widget_type=\"divider.default\">\n\t\t\t\t<div class=\"elementor-widget-container\">\n\t\t\t\t\t\t\t<div class=\"elementor-divider\">\n\t\t\t<span class=\"elementor-divider-separator\">\n\t\t\t\t\t\t<\/span>\n\t\t<\/div>\n\t\t\t\t\t\t<\/div>\n\t\t\t\t<\/div>\n\t\t\t\t<div class=\"elementor-element elementor-element-2082073 elementor-widget elementor-widget-text-editor\" data-id=\"2082073\" data-element_type=\"widget\" data-e-type=\"widget\" data-widget_type=\"text-editor.default\">\n\t\t\t\t<div class=\"elementor-widget-container\">\n\t\t\t\t\t\t\t\t\t<p><strong>Pour figurer sur notre panneau d&rsquo;affichage \u00e0 Times Square, veuillez consulter notre section CONTACT.<\/strong><\/p>\n<p>Voici comment cela fonctionne :<\/p>\n<p>Qu&rsquo;il s&rsquo;agisse d&rsquo;un anniversaire, d&rsquo;une demande en mariage, d&rsquo;un anniversaire ou d&rsquo;une simple d\u00e9claration d&rsquo;amour, nous avons ce qu&rsquo;il vous faut. Ne soyez pas un visage dans la foule !<br \/>Affichez votre photo ou votre vid\u00e9o sur notre panneau d&rsquo;affichage \u00e0 Times Square !<\/p>\n<p>Option 1 : Votre vid\u00e9o\/photo de 60 secondes sera affich\u00e9e 22 fois par jour.<br \/>Option 2 : Votre vid\u00e9o\/photo de 30 secondes sera affich\u00e9e 44 fois par jour<br \/>Option 3 : Votre vid\u00e9o\/photo de 15 secondes sera affich\u00e9e 88 fois par jour.<\/p>\n<p>Notre panneau d&rsquo;affichage mesure 31 pieds x 55 pieds et est situ\u00e9 au 1560 Broadway (\u00e0 l&rsquo;angle de Broadway et de la 46e rue, juste au-dessus du magasin Pel\u00e9).<\/p>\n<p>Ne soyez pas un visage dans la foule !<\/p>\n\t\t\t\t\t\t\t\t<\/div>\n\t\t\t\t<\/div>\n\t\t\t\t<div class=\"elementor-element elementor-element-96791d8 elementor-widget elementor-widget-image\" data-id=\"96791d8\" data-element_type=\"widget\" data-e-type=\"widget\" data-widget_type=\"image.default\">\n\t\t\t\t<div class=\"elementor-widget-container\">\n\t\t\t\t\t\t\t\t\t\t\t\t\t\t\t<img fetchpriority=\"high\" decoding=\"async\" width=\"1024\" height=\"645\" src=\"https:\/\/welcome-to-times-square.com\/wp-content\/uploads\/2022\/04\/shopping-1024x645.png\" class=\"attachment-large size-large wp-image-6162\" alt=\"\" srcset=\"https:\/\/welcome-to-times-square.com\/wp-content\/uploads\/2022\/04\/shopping-1024x645.png 1024w, https:\/\/welcome-to-times-square.com\/wp-content\/uploads\/2022\/04\/shopping-600x378.png 600w, https:\/\/welcome-to-times-square.com\/wp-content\/uploads\/2022\/04\/shopping-300x189.png 300w, https:\/\/welcome-to-times-square.com\/wp-content\/uploads\/2022\/04\/shopping-768x484.png 768w, https:\/\/welcome-to-times-square.com\/wp-content\/uploads\/2022\/04\/shopping.png 1302w\" sizes=\"(max-width: 1024px) 100vw, 1024px\" \/>\t\t\t\t\t\t\t\t\t\t\t\t\t\t\t<\/div>\n\t\t\t\t<\/div>\n\t\t\t\t\t<\/div>\n\t\t\t\t<\/div>\n\t\t\t\t<\/div>\n\t\t","protected":false},"excerpt":{"rendered":"Shopping \u00c0 New York, vous pouvez faire du shopping dans presque tous les quartiers, \u00e0 tout moment, sans limite et terminer la journ\u00e9e \u00e9puis\u00e9, heureux et charg\u00e9 de sacs. Les grandes marques reconnues ont leur place ici et vous pourrez retrouver un Best Buy pour l'\u00e9lectronique sur la Cinqui\u00e8me Avenue, en face de la Biblioth\u00e8que [...]<a href=\"https:\/\/welcome-to-times-square.com\/fr\/shopping\/\" class=\"read-more wyz-secondary-color-text\">read more<span class=\"screen-reader-text\">Shopping<\/span><\/a>","protected":false},"author":53,"featured_media":0,"parent":0,"menu_order":0,"comment_status":"closed","ping_status":"closed","template":"elementor_header_footer","meta":{"footnotes":""},"class_list":["post-8884","page","type-page","status-publish","hentry"],"yoast_head":"<!-- This site is optimized with the Yoast SEO plugin v27.2 - https:\/\/yoast.com\/product\/yoast-seo-wordpress\/ -->\n<title>Shopping - times-square<\/title>\n<meta name=\"robots\" content=\"index, follow, max-snippet:-1, max-image-preview:large, max-video-preview:-1\" \/>\n<link rel=\"canonical\" href=\"https:\/\/welcome-to-times-square.com\/fr\/shopping\/\" \/>\n<meta property=\"og:locale\" content=\"fr_FR\" \/>\n<meta property=\"og:type\" content=\"article\" \/>\n<meta property=\"og:title\" content=\"Shopping - times-square\" \/>\n<meta property=\"og:description\" content=\"Shopping \u00c0 New York, vous pouvez faire du shopping dans presque tous les quartiers, \u00e0 tout moment, sans limite et terminer la journ\u00e9e \u00e9puis\u00e9, heureux et charg\u00e9 de sacs. Les grandes marques reconnues ont leur place ici et vous pourrez retrouver un Best Buy pour l&rsquo;\u00e9lectronique sur la Cinqui\u00e8me Avenue, en face de la Biblioth\u00e8que [...]read moreShopping\" \/>\n<meta property=\"og:url\" content=\"https:\/\/welcome-to-times-square.com\/fr\/shopping\/\" \/>\n<meta property=\"og:site_name\" content=\"times-square\" \/>\n<meta property=\"article:modified_time\" content=\"2025-01-16T11:48:32+00:00\" \/>\n<meta property=\"og:image\" content=\"https:\/\/welcome-to-times-square.com\/wp-content\/uploads\/2022\/04\/shopping-1024x645.png\" \/>\n\t<meta property=\"og:image:width\" content=\"1024\" \/>\n\t<meta property=\"og:image:height\" content=\"645\" \/>\n\t<meta property=\"og:image:type\" content=\"image\/png\" \/>\n<meta name=\"twitter:card\" content=\"summary_large_image\" \/>\n<meta name=\"twitter:label1\" content=\"Dur\u00e9e de lecture estim\u00e9e\" \/>\n\t<meta name=\"twitter:data1\" content=\"5 minutes\" \/>\n<script type=\"application\/ld+json\" class=\"yoast-schema-graph\">{\"@context\":\"https:\/\/schema.org\",\"@graph\":[{\"@type\":\"WebPage\",\"@id\":\"https:\/\/welcome-to-times-square.com\/fr\/shopping\/\",\"url\":\"https:\/\/welcome-to-times-square.com\/fr\/shopping\/\",\"name\":\"Shopping - times-square\",\"isPartOf\":{\"@id\":\"https:\/\/welcome-to-times-square.com\/fr\/#website\"},\"primaryImageOfPage\":{\"@id\":\"https:\/\/welcome-to-times-square.com\/fr\/shopping\/#primaryimage\"},\"image\":{\"@id\":\"https:\/\/welcome-to-times-square.com\/fr\/shopping\/#primaryimage\"},\"thumbnailUrl\":\"https:\/\/welcome-to-times-square.com\/wp-content\/uploads\/2022\/04\/shopping-1024x645.png\",\"datePublished\":\"2022-04-21T23:31:07+00:00\",\"dateModified\":\"2025-01-16T11:48:32+00:00\",\"breadcrumb\":{\"@id\":\"https:\/\/welcome-to-times-square.com\/fr\/shopping\/#breadcrumb\"},\"inLanguage\":\"fr-FR\",\"potentialAction\":[{\"@type\":\"ReadAction\",\"target\":[\"https:\/\/welcome-to-times-square.com\/fr\/shopping\/\"]}]},{\"@type\":\"ImageObject\",\"inLanguage\":\"fr-FR\",\"@id\":\"https:\/\/welcome-to-times-square.com\/fr\/shopping\/#primaryimage\",\"url\":\"https:\/\/welcome-to-times-square.com\/wp-content\/uploads\/2022\/04\/shopping-1024x645.png\",\"contentUrl\":\"https:\/\/welcome-to-times-square.com\/wp-content\/uploads\/2022\/04\/shopping-1024x645.png\"},{\"@type\":\"BreadcrumbList\",\"@id\":\"https:\/\/welcome-to-times-square.com\/fr\/shopping\/#breadcrumb\",\"itemListElement\":[{\"@type\":\"ListItem\",\"position\":1,\"name\":\"Home\",\"item\":\"https:\/\/welcome-to-times-square.com\/fr\/\"},{\"@type\":\"ListItem\",\"position\":2,\"name\":\"Shopping\"}]},{\"@type\":\"WebSite\",\"@id\":\"https:\/\/welcome-to-times-square.com\/fr\/#website\",\"url\":\"https:\/\/welcome-to-times-square.com\/fr\/\",\"name\":\"times-square\",\"description\":\"times-square\",\"publisher\":{\"@id\":\"https:\/\/welcome-to-times-square.com\/fr\/#organization\"},\"potentialAction\":[{\"@type\":\"SearchAction\",\"target\":{\"@type\":\"EntryPoint\",\"urlTemplate\":\"https:\/\/welcome-to-times-square.com\/fr\/?s={search_term_string}\"},\"query-input\":{\"@type\":\"PropertyValueSpecification\",\"valueRequired\":true,\"valueName\":\"search_term_string\"}}],\"inLanguage\":\"fr-FR\"},{\"@type\":\"Organization\",\"@id\":\"https:\/\/welcome-to-times-square.com\/fr\/#organization\",\"name\":\"times-square\",\"url\":\"https:\/\/welcome-to-times-square.com\/fr\/\",\"logo\":{\"@type\":\"ImageObject\",\"inLanguage\":\"fr-FR\",\"@id\":\"https:\/\/welcome-to-times-square.com\/fr\/#\/schema\/logo\/image\/\",\"url\":\"https:\/\/welcome-to-times-square.com\/wp-content\/uploads\/2024\/03\/welcome-to-time-square-logo-with-r.png\",\"contentUrl\":\"https:\/\/welcome-to-times-square.com\/wp-content\/uploads\/2024\/03\/welcome-to-time-square-logo-with-r.png\",\"width\":500,\"height\":342,\"caption\":\"times-square\"},\"image\":{\"@id\":\"https:\/\/welcome-to-times-square.com\/fr\/#\/schema\/logo\/image\/\"}}]}<\/script>\n<!-- \/ Yoast SEO plugin. -->","yoast_head_json":{"title":"Shopping - times-square","robots":{"index":"index","follow":"follow","max-snippet":"max-snippet:-1","max-image-preview":"max-image-preview:large","max-video-preview":"max-video-preview:-1"},"canonical":"https:\/\/welcome-to-times-square.com\/fr\/shopping\/","og_locale":"fr_FR","og_type":"article","og_title":"Shopping - times-square","og_description":"Shopping \u00c0 New York, vous pouvez faire du shopping dans presque tous les quartiers, \u00e0 tout moment, sans limite et terminer la journ\u00e9e \u00e9puis\u00e9, heureux et charg\u00e9 de sacs. Les grandes marques reconnues ont leur place ici et vous pourrez retrouver un Best Buy pour l&rsquo;\u00e9lectronique sur la Cinqui\u00e8me Avenue, en face de la Biblioth\u00e8que [...]read moreShopping","og_url":"https:\/\/welcome-to-times-square.com\/fr\/shopping\/","og_site_name":"times-square","article_modified_time":"2025-01-16T11:48:32+00:00","og_image":[{"width":1024,"height":645,"url":"https:\/\/welcome-to-times-square.com\/wp-content\/uploads\/2022\/04\/shopping-1024x645.png","type":"image\/png"}],"twitter_card":"summary_large_image","twitter_misc":{"Dur\u00e9e de lecture estim\u00e9e":"5 minutes"},"schema":{"@context":"https:\/\/schema.org","@graph":[{"@type":"WebPage","@id":"https:\/\/welcome-to-times-square.com\/fr\/shopping\/","url":"https:\/\/welcome-to-times-square.com\/fr\/shopping\/","name":"Shopping - times-square","isPartOf":{"@id":"https:\/\/welcome-to-times-square.com\/fr\/#website"},"primaryImageOfPage":{"@id":"https:\/\/welcome-to-times-square.com\/fr\/shopping\/#primaryimage"},"image":{"@id":"https:\/\/welcome-to-times-square.com\/fr\/shopping\/#primaryimage"},"thumbnailUrl":"https:\/\/welcome-to-times-square.com\/wp-content\/uploads\/2022\/04\/shopping-1024x645.png","datePublished":"2022-04-21T23:31:07+00:00","dateModified":"2025-01-16T11:48:32+00:00","breadcrumb":{"@id":"https:\/\/welcome-to-times-square.com\/fr\/shopping\/#breadcrumb"},"inLanguage":"fr-FR","potentialAction":[{"@type":"ReadAction","target":["https:\/\/welcome-to-times-square.com\/fr\/shopping\/"]}]},{"@type":"ImageObject","inLanguage":"fr-FR","@id":"https:\/\/welcome-to-times-square.com\/fr\/shopping\/#primaryimage","url":"https:\/\/welcome-to-times-square.com\/wp-content\/uploads\/2022\/04\/shopping-1024x645.png","contentUrl":"https:\/\/welcome-to-times-square.com\/wp-content\/uploads\/2022\/04\/shopping-1024x645.png"},{"@type":"BreadcrumbList","@id":"https:\/\/welcome-to-times-square.com\/fr\/shopping\/#breadcrumb","itemListElement":[{"@type":"ListItem","position":1,"name":"Home","item":"https:\/\/welcome-to-times-square.com\/fr\/"},{"@type":"ListItem","position":2,"name":"Shopping"}]},{"@type":"WebSite","@id":"https:\/\/welcome-to-times-square.com\/fr\/#website","url":"https:\/\/welcome-to-times-square.com\/fr\/","name":"times-square","description":"times-square","publisher":{"@id":"https:\/\/welcome-to-times-square.com\/fr\/#organization"},"potentialAction":[{"@type":"SearchAction","target":{"@type":"EntryPoint","urlTemplate":"https:\/\/welcome-to-times-square.com\/fr\/?s={search_term_string}"},"query-input":{"@type":"PropertyValueSpecification","valueRequired":true,"valueName":"search_term_string"}}],"inLanguage":"fr-FR"},{"@type":"Organization","@id":"https:\/\/welcome-to-times-square.com\/fr\/#organization","name":"times-square","url":"https:\/\/welcome-to-times-square.com\/fr\/","logo":{"@type":"ImageObject","inLanguage":"fr-FR","@id":"https:\/\/welcome-to-times-square.com\/fr\/#\/schema\/logo\/image\/","url":"https:\/\/welcome-to-times-square.com\/wp-content\/uploads\/2024\/03\/welcome-to-time-square-logo-with-r.png","contentUrl":"https:\/\/welcome-to-times-square.com\/wp-content\/uploads\/2024\/03\/welcome-to-time-square-logo-with-r.png","width":500,"height":342,"caption":"times-square"},"image":{"@id":"https:\/\/welcome-to-times-square.com\/fr\/#\/schema\/logo\/image\/"}}]}},"_hostinger_reach_plugin_has_subscription_block":false,"_hostinger_reach_plugin_is_elementor":false,"_links":{"self":[{"href":"https:\/\/welcome-to-times-square.com\/fr\/wp-json\/wp\/v2\/pages\/8884","targetHints":{"allow":["GET"]}}],"collection":[{"href":"https:\/\/welcome-to-times-square.com\/fr\/wp-json\/wp\/v2\/pages"}],"about":[{"href":"https:\/\/welcome-to-times-square.com\/fr\/wp-json\/wp\/v2\/types\/page"}],"author":[{"embeddable":true,"href":"https:\/\/welcome-to-times-square.com\/fr\/wp-json\/wp\/v2\/users\/53"}],"replies":[{"embeddable":true,"href":"https:\/\/welcome-to-times-square.com\/fr\/wp-json\/wp\/v2\/comments?post=8884"}],"version-history":[{"count":2,"href":"https:\/\/welcome-to-times-square.com\/fr\/wp-json\/wp\/v2\/pages\/8884\/revisions"}],"predecessor-version":[{"id":8892,"href":"https:\/\/welcome-to-times-square.com\/fr\/wp-json\/wp\/v2\/pages\/8884\/revisions\/8892"}],"wp:attachment":[{"href":"https:\/\/welcome-to-times-square.com\/fr\/wp-json\/wp\/v2\/media?parent=8884"}],"curies":[{"name":"wp","href":"https:\/\/api.w.org\/{rel}","templated":true}]}}