{"id":8901,"date":"2022-04-21T23:21:16","date_gmt":"2022-04-21T23:21:16","guid":{"rendered":"https:\/\/welcome-to-times-square.com\/hotels\/"},"modified":"2025-01-16T12:18:33","modified_gmt":"2025-01-16T12:18:33","slug":"hotels","status":"publish","type":"page","link":"https:\/\/welcome-to-times-square.com\/fr\/hotels\/","title":{"rendered":"H\u00f4tels"},"content":{"rendered":"\t\t<div data-elementor-type=\"wp-page\" data-elementor-id=\"8901\" class=\"elementor elementor-8901 elementor-2753\" data-elementor-post-type=\"page\">\n\t\t\t\t<div class=\"elementor-element elementor-element-530437b e-flex e-con-boxed e-con e-parent\" data-id=\"530437b\" data-element_type=\"container\" data-e-type=\"container\" data-settings=\"{&quot;background_background&quot;:&quot;classic&quot;}\">\n\t\t\t\t\t<div class=\"e-con-inner\">\n\t\t\t\t<div class=\"elementor-element elementor-element-2e7d966 elementor-widget elementor-widget-heading\" data-id=\"2e7d966\" data-element_type=\"widget\" data-e-type=\"widget\" data-widget_type=\"heading.default\">\n\t\t\t\t<div class=\"elementor-widget-container\">\n\t\t\t\t\t<h2 class=\"elementor-heading-title elementor-size-default\">H\u00f4tels<\/h2>\t\t\t\t<\/div>\n\t\t\t\t<\/div>\n\t\t\t\t<div class=\"elementor-element elementor-element-4f1f246 elementor-widget-divider--view-line elementor-widget elementor-widget-divider\" data-id=\"4f1f246\" data-element_type=\"widget\" data-e-type=\"widget\" data-widget_type=\"divider.default\">\n\t\t\t\t<div class=\"elementor-widget-container\">\n\t\t\t\t\t\t\t<div class=\"elementor-divider\">\n\t\t\t<span class=\"elementor-divider-separator\">\n\t\t\t\t\t\t<\/span>\n\t\t<\/div>\n\t\t\t\t\t\t<\/div>\n\t\t\t\t<\/div>\n\t\t\t\t<div class=\"elementor-element elementor-element-78e1063 elementor-widget elementor-widget-text-editor\" data-id=\"78e1063\" data-element_type=\"widget\" data-e-type=\"widget\" data-widget_type=\"text-editor.default\">\n\t\t\t\t<div class=\"elementor-widget-container\">\n\t\t\t\t\t\t\t\t\t<div class=\"vc_row wpb_row vc_row-fluid vc_custom_1650656326647 vc_row-has-fill\">\n<div class=\"wpb_column vc_column_container vc_col-sm-12\">\n<div class=\"vc_column-inner\">\n<div class=\"wpb_wrapper\">\n<div class=\"wpb_text_column wpb_content_element \">\n<div class=\"wpb_wrapper\">\n<p>Des milliers de touristes visitent New York chaque jour et Times Square propose l&rsquo;h\u00f4tel id\u00e9al pour chacun d&rsquo;entre eux. Des chambres qui s&rsquo;adaptent \u00e0 la disponibilit\u00e9 \u00e9conomique de chaque personne mais offrent toujours le meilleur service et la meilleure attention. Pour ceux qui souhaitent une exp\u00e9rience sup\u00e9rieure, Times Square propose \u00e9galement des h\u00f4tels des cha\u00eenes les plus luxueuses du monde.  <\/p>\n<p>Pour rendre votre s\u00e9jour inoubliable, Times Square dispose d&rsquo;une grande vari\u00e9t\u00e9 d&rsquo;h\u00f4tels, offrant aux touristes ce qu&rsquo;ils recherchent. Venez \u00e0 New York pour profiter d&rsquo;un voyage en famille et passer le meilleur s\u00e9jour possible. <\/p>\n<p>L&rsquo;H\u00f4tel Riu Plaza New York Times Square compte 29 \u00e9tages et plus de 600 chambres, il a un design avant-gardiste et \u00e9l\u00e9gant, il est id\u00e9al pour \u00eatre le lieu de repos des touristes de la Grosse Pomme car il est situ\u00e9 dans le centre de New York et Il est entour\u00e9 des lieux les plus embl\u00e9matiques tels que l&rsquo;Empire State Building, Central Park, le Rockefeller Center, le Carnegie Hall et les boutiques de luxe de la Cinqui\u00e8me Avenue. C&rsquo;est un bon emplacement si vous cherchez \u00e0 conna\u00eetre le rythme de vie new-yorkais. Gr\u00e2ce \u00e0 cela, vous avez acc\u00e8s aux principales lignes de m\u00e9tro qui rejoignent tous les quartiers de la ville. Certaines des attractions \u00e0 proximit\u00e9 de l&rsquo;h\u00f4tel sont Broadway \u00e0 0,3 km, Times Square \u00e0 0,3 km et Come From Away \u00e0 0,2 km. Les chambres de cet h\u00f4tel vous offrent tout ce dont vous avez besoin pour vous reposer apr\u00e8s une journ\u00e9e bien remplie \u00e0 explorer la ville. Elles disposent de la climatisation, d&rsquo;un room service, d&rsquo;un t\u00e9l\u00e9phone, d&rsquo;un service de m\u00e9nage, d&rsquo;une t\u00e9l\u00e9vision \u00e0 \u00e9cran plat, d&rsquo;un r\u00e9frig\u00e9rateur et d&rsquo;un coffre-fort.     <\/p>\n<p>Vous passerez les meilleures matin\u00e9es \u00e0 l&rsquo;H\u00f4tel Riu Plaza Manhattan Times Square, car il dispose d&rsquo;un restaurant qui pr\u00e9pare d&rsquo;excellents petits-d\u00e9jeuners buffet am\u00e9ricains pour bien commencer la journ\u00e9e, et le soir, les meilleurs d\u00eeners. Il dispose \u00e9galement d&rsquo;un bar et d&rsquo;une salle de sport ouverte 24h\/24. <\/p>\n<p>Cet h\u00f4tel est adapt\u00e9 aux familles et aux enfants, mais les animaux ne sont pas admis.<\/p>\n<p>Si vous souhaitez voyager \u00e0 New York avec des amis, l&rsquo;h\u00f4tel Conrad New York Midtown est recommand\u00e9, car il dispose d&rsquo;un bar\/salon o\u00f9 vous pourrez trouver les meilleurs cocktails et offre un acc\u00e8s facile \u00e0 une grande vari\u00e9t\u00e9 de restaurants, de lieux de vie nocturne et de transports. L&#8217;emplacement est \u00e9galement excellent car il est situ\u00e9 au centre de Manhattan, \u00e0 une courte distance du Carnegie Hall et de Times Square, il dispose d&rsquo;une connexion Wi-Fi gratuite, d&rsquo;une salle de sport ouverte 24h\/24, d&rsquo;un centre d&rsquo;affaires ouvert 24h\/24, d&rsquo;un room service, entre autres services.  <\/p>\n<p>Si vous recherchez des h\u00f4tels discount, le Holiday Inn Express New York City Times Square est une bonne option et propose une r\u00e9duction de 22 %. Cet h\u00f4tel offre de tr\u00e8s bons services et est vraiment bon march\u00e9. Il propose un petit-d\u00e9jeuner buffet de tr\u00e8s bonne qualit\u00e9, une connexion Wi-Fi gratuite, la climatisation, une salle de sport, entre autres. Le service est excellent, adapt\u00e9 \u00e0 la p\u00e9riode de pand\u00e9mie. Il y a un nettoyage renforc\u00e9 des chambres, un d\u00e9sinfectant commercial est utilis\u00e9 pour nettoyer la propri\u00e9t\u00e9, les employ\u00e9s portent des masques, des \u00e9crans faciaux ou des gants, un nettoyage renforc\u00e9 des espaces communs et des employ\u00e9s form\u00e9s au lavage minutieux des mains. Concernant la protection individuelle, il est obligatoire de porter des masques dans l&rsquo;\u00e9tablissement, il y a du d\u00e9sinfectant pour les mains ou des lingettes d\u00e9sinfectantes dans les espaces communs, des kits d&rsquo;hygi\u00e8ne dans les chambres : masques, d\u00e9sinfectant pour les mains ou lingettes antibact\u00e9riennes et masques ou gants \u00e0 disposition des clients. Le nombre de clients dans les installations communes est limit\u00e9 et la distanciation physique est obligatoire.      <\/p>\n<p>La plupart des h\u00f4tels respectent ces r\u00e8gles de soins, ce qui fait de la ville un endroit s\u00fbr et responsable.<\/p>\n<p>Cependant, il existe des centaines d&rsquo;h\u00f4tels exceptionnels et recommand\u00e9s o\u00f9 s\u00e9journer \u00e0 New York et avec d&rsquo;excellents emplacements pour visiter les meilleures attractions et profiter de la d\u00e9couverte de la merveilleuse ville avec des amis, de la famille ou de votre partenaire et faire de ce voyage un voyage tr\u00e8s sp\u00e9cial, avec les meilleurs services.<\/p>\n<\/div>\n<\/div>\n<\/div>\n<\/div>\n<\/div>\n<\/div>\n\t\t\t\t\t\t\t\t<\/div>\n\t\t\t\t<\/div>\n\t\t\t\t<div class=\"elementor-element elementor-element-9a018b5 elementor-widget-divider--view-line elementor-widget elementor-widget-divider\" data-id=\"9a018b5\" data-element_type=\"widget\" data-e-type=\"widget\" data-widget_type=\"divider.default\">\n\t\t\t\t<div class=\"elementor-widget-container\">\n\t\t\t\t\t\t\t<div class=\"elementor-divider\">\n\t\t\t<span class=\"elementor-divider-separator\">\n\t\t\t\t\t\t<\/span>\n\t\t<\/div>\n\t\t\t\t\t\t<\/div>\n\t\t\t\t<\/div>\n\t\t\t\t<div class=\"elementor-element elementor-element-b520f4a elementor-widget elementor-widget-text-editor\" data-id=\"b520f4a\" data-element_type=\"widget\" data-e-type=\"widget\" data-widget_type=\"text-editor.default\">\n\t\t\t\t<div class=\"elementor-widget-container\">\n\t\t\t\t\t\t\t\t\t<p><strong>Pour figurer sur notre panneau d&rsquo;affichage \u00e0 Times Square, veuillez consulter notre section CONTACT.<\/strong><\/p>\n<p>Voici comment cela fonctionne :<\/p>\n<p>Qu&rsquo;il s&rsquo;agisse d&rsquo;un anniversaire, d&rsquo;une demande en mariage, d&rsquo;un anniversaire ou d&rsquo;une simple d\u00e9claration d&rsquo;amour, nous avons ce qu&rsquo;il vous faut. Ne soyez pas un visage dans la foule !<br \/>Affichez votre photo ou votre vid\u00e9o sur notre panneau d&rsquo;affichage \u00e0 Times Square !<\/p>\n<p>Option 1 : Votre vid\u00e9o\/photo de 60 secondes sera affich\u00e9e 22 fois par jour.<br \/>Option 2 : Votre vid\u00e9o\/photo de 30 secondes sera affich\u00e9e 44 fois par jour<br \/>Option 3 : Votre vid\u00e9o\/photo de 15 secondes sera affich\u00e9e 88 fois par jour.<\/p>\n<p>Notre panneau d&rsquo;affichage mesure 31 pieds x 55 pieds et est situ\u00e9 au 1560 Broadway (\u00e0 l&rsquo;angle de Broadway et de la 46e rue, juste au-dessus du magasin Pel\u00e9).<\/p>\n<p>Ne soyez pas un visage dans la foule !<\/p>\n\t\t\t\t\t\t\t\t<\/div>\n\t\t\t\t<\/div>\n\t\t\t\t<div class=\"elementor-element elementor-element-4f3e9ec elementor-widget elementor-widget-image\" data-id=\"4f3e9ec\" data-element_type=\"widget\" data-e-type=\"widget\" data-widget_type=\"image.default\">\n\t\t\t\t<div class=\"elementor-widget-container\">\n\t\t\t\t\t\t\t\t\t\t\t\t\t\t\t<img fetchpriority=\"high\" decoding=\"async\" width=\"1024\" height=\"775\" src=\"https:\/\/welcome-to-times-square.com\/wp-content\/uploads\/2022\/04\/hotels-1024x775.png\" class=\"attachment-large size-large wp-image-6157\" alt=\"\" srcset=\"https:\/\/welcome-to-times-square.com\/wp-content\/uploads\/2022\/04\/hotels-1024x775.png 1024w, https:\/\/welcome-to-times-square.com\/wp-content\/uploads\/2022\/04\/hotels-600x454.png 600w, https:\/\/welcome-to-times-square.com\/wp-content\/uploads\/2022\/04\/hotels-300x227.png 300w, https:\/\/welcome-to-times-square.com\/wp-content\/uploads\/2022\/04\/hotels-768x581.png 768w, https:\/\/welcome-to-times-square.com\/wp-content\/uploads\/2022\/04\/hotels-1536x1163.png 1536w, https:\/\/welcome-to-times-square.com\/wp-content\/uploads\/2022\/04\/hotels.png 1580w\" sizes=\"(max-width: 1024px) 100vw, 1024px\" \/>\t\t\t\t\t\t\t\t\t\t\t\t\t\t\t<\/div>\n\t\t\t\t<\/div>\n\t\t\t\t\t<\/div>\n\t\t\t\t<\/div>\n\t\t\t\t<\/div>\n\t\t","protected":false},"excerpt":{"rendered":"H\u00f4tels Des milliers de touristes visitent New York chaque jour et Times Square propose l'h\u00f4tel id\u00e9al pour chacun d'entre eux. Des chambres qui s'adaptent \u00e0 la disponibilit\u00e9 \u00e9conomique de chaque personne mais offrent toujours le meilleur service et la meilleure attention. Pour ceux qui souhaitent une exp\u00e9rience sup\u00e9rieure, Times Square propose \u00e9galement des h\u00f4tels des [...]<a href=\"https:\/\/welcome-to-times-square.com\/fr\/hotels\/\" class=\"read-more wyz-secondary-color-text\">read more<span class=\"screen-reader-text\">H\u00f4tels<\/span><\/a>","protected":false},"author":53,"featured_media":0,"parent":0,"menu_order":0,"comment_status":"closed","ping_status":"closed","template":"elementor_header_footer","meta":{"footnotes":""},"class_list":["post-8901","page","type-page","status-publish","hentry"],"yoast_head":"<!-- This site is optimized with the Yoast SEO plugin v27.2 - https:\/\/yoast.com\/product\/yoast-seo-wordpress\/ -->\n<title>H\u00f4tels - times-square<\/title>\n<meta name=\"robots\" content=\"index, follow, max-snippet:-1, max-image-preview:large, max-video-preview:-1\" \/>\n<link rel=\"canonical\" href=\"https:\/\/welcome-to-times-square.com\/fr\/hotels\/\" \/>\n<meta property=\"og:locale\" content=\"fr_FR\" \/>\n<meta property=\"og:type\" content=\"article\" \/>\n<meta property=\"og:title\" content=\"H\u00f4tels - times-square\" \/>\n<meta property=\"og:description\" content=\"H\u00f4tels Des milliers de touristes visitent New York chaque jour et Times Square propose l&rsquo;h\u00f4tel id\u00e9al pour chacun d&rsquo;entre eux. Des chambres qui s&rsquo;adaptent \u00e0 la disponibilit\u00e9 \u00e9conomique de chaque personne mais offrent toujours le meilleur service et la meilleure attention. Pour ceux qui souhaitent une exp\u00e9rience sup\u00e9rieure, Times Square propose \u00e9galement des h\u00f4tels des [...]read moreH\u00f4tels\" \/>\n<meta property=\"og:url\" content=\"https:\/\/welcome-to-times-square.com\/fr\/hotels\/\" \/>\n<meta property=\"og:site_name\" content=\"times-square\" \/>\n<meta property=\"article:modified_time\" content=\"2025-01-16T12:18:33+00:00\" \/>\n<meta property=\"og:image\" content=\"https:\/\/welcome-to-times-square.com\/wp-content\/uploads\/2022\/04\/hotels-1024x775.png\" \/>\n\t<meta property=\"og:image:width\" content=\"1024\" \/>\n\t<meta property=\"og:image:height\" content=\"775\" \/>\n\t<meta property=\"og:image:type\" content=\"image\/png\" \/>\n<meta name=\"twitter:card\" content=\"summary_large_image\" \/>\n<meta name=\"twitter:label1\" content=\"Dur\u00e9e de lecture estim\u00e9e\" \/>\n\t<meta name=\"twitter:data1\" content=\"4 minutes\" \/>\n<script type=\"application\/ld+json\" class=\"yoast-schema-graph\">{\"@context\":\"https:\/\/schema.org\",\"@graph\":[{\"@type\":\"WebPage\",\"@id\":\"https:\/\/welcome-to-times-square.com\/fr\/hotels\/\",\"url\":\"https:\/\/welcome-to-times-square.com\/fr\/hotels\/\",\"name\":\"H\u00f4tels - times-square\",\"isPartOf\":{\"@id\":\"https:\/\/welcome-to-times-square.com\/fr\/#website\"},\"primaryImageOfPage\":{\"@id\":\"https:\/\/welcome-to-times-square.com\/fr\/hotels\/#primaryimage\"},\"image\":{\"@id\":\"https:\/\/welcome-to-times-square.com\/fr\/hotels\/#primaryimage\"},\"thumbnailUrl\":\"https:\/\/welcome-to-times-square.com\/wp-content\/uploads\/2022\/04\/hotels-1024x775.png\",\"datePublished\":\"2022-04-21T23:21:16+00:00\",\"dateModified\":\"2025-01-16T12:18:33+00:00\",\"breadcrumb\":{\"@id\":\"https:\/\/welcome-to-times-square.com\/fr\/hotels\/#breadcrumb\"},\"inLanguage\":\"fr-FR\",\"potentialAction\":[{\"@type\":\"ReadAction\",\"target\":[\"https:\/\/welcome-to-times-square.com\/fr\/hotels\/\"]}]},{\"@type\":\"ImageObject\",\"inLanguage\":\"fr-FR\",\"@id\":\"https:\/\/welcome-to-times-square.com\/fr\/hotels\/#primaryimage\",\"url\":\"https:\/\/welcome-to-times-square.com\/wp-content\/uploads\/2022\/04\/hotels-1024x775.png\",\"contentUrl\":\"https:\/\/welcome-to-times-square.com\/wp-content\/uploads\/2022\/04\/hotels-1024x775.png\"},{\"@type\":\"BreadcrumbList\",\"@id\":\"https:\/\/welcome-to-times-square.com\/fr\/hotels\/#breadcrumb\",\"itemListElement\":[{\"@type\":\"ListItem\",\"position\":1,\"name\":\"Home\",\"item\":\"https:\/\/welcome-to-times-square.com\/fr\/\"},{\"@type\":\"ListItem\",\"position\":2,\"name\":\"H\u00f4tels\"}]},{\"@type\":\"WebSite\",\"@id\":\"https:\/\/welcome-to-times-square.com\/fr\/#website\",\"url\":\"https:\/\/welcome-to-times-square.com\/fr\/\",\"name\":\"times-square\",\"description\":\"times-square\",\"publisher\":{\"@id\":\"https:\/\/welcome-to-times-square.com\/fr\/#organization\"},\"potentialAction\":[{\"@type\":\"SearchAction\",\"target\":{\"@type\":\"EntryPoint\",\"urlTemplate\":\"https:\/\/welcome-to-times-square.com\/fr\/?s={search_term_string}\"},\"query-input\":{\"@type\":\"PropertyValueSpecification\",\"valueRequired\":true,\"valueName\":\"search_term_string\"}}],\"inLanguage\":\"fr-FR\"},{\"@type\":\"Organization\",\"@id\":\"https:\/\/welcome-to-times-square.com\/fr\/#organization\",\"name\":\"times-square\",\"url\":\"https:\/\/welcome-to-times-square.com\/fr\/\",\"logo\":{\"@type\":\"ImageObject\",\"inLanguage\":\"fr-FR\",\"@id\":\"https:\/\/welcome-to-times-square.com\/fr\/#\/schema\/logo\/image\/\",\"url\":\"https:\/\/welcome-to-times-square.com\/wp-content\/uploads\/2024\/03\/welcome-to-time-square-logo-with-r.png\",\"contentUrl\":\"https:\/\/welcome-to-times-square.com\/wp-content\/uploads\/2024\/03\/welcome-to-time-square-logo-with-r.png\",\"width\":500,\"height\":342,\"caption\":\"times-square\"},\"image\":{\"@id\":\"https:\/\/welcome-to-times-square.com\/fr\/#\/schema\/logo\/image\/\"}}]}<\/script>\n<!-- \/ Yoast SEO plugin. -->","yoast_head_json":{"title":"H\u00f4tels - times-square","robots":{"index":"index","follow":"follow","max-snippet":"max-snippet:-1","max-image-preview":"max-image-preview:large","max-video-preview":"max-video-preview:-1"},"canonical":"https:\/\/welcome-to-times-square.com\/fr\/hotels\/","og_locale":"fr_FR","og_type":"article","og_title":"H\u00f4tels - times-square","og_description":"H\u00f4tels Des milliers de touristes visitent New York chaque jour et Times Square propose l&rsquo;h\u00f4tel id\u00e9al pour chacun d&rsquo;entre eux. Des chambres qui s&rsquo;adaptent \u00e0 la disponibilit\u00e9 \u00e9conomique de chaque personne mais offrent toujours le meilleur service et la meilleure attention. Pour ceux qui souhaitent une exp\u00e9rience sup\u00e9rieure, Times Square propose \u00e9galement des h\u00f4tels des [...]read moreH\u00f4tels","og_url":"https:\/\/welcome-to-times-square.com\/fr\/hotels\/","og_site_name":"times-square","article_modified_time":"2025-01-16T12:18:33+00:00","og_image":[{"width":1024,"height":775,"url":"https:\/\/welcome-to-times-square.com\/wp-content\/uploads\/2022\/04\/hotels-1024x775.png","type":"image\/png"}],"twitter_card":"summary_large_image","twitter_misc":{"Dur\u00e9e de lecture estim\u00e9e":"4 minutes"},"schema":{"@context":"https:\/\/schema.org","@graph":[{"@type":"WebPage","@id":"https:\/\/welcome-to-times-square.com\/fr\/hotels\/","url":"https:\/\/welcome-to-times-square.com\/fr\/hotels\/","name":"H\u00f4tels - times-square","isPartOf":{"@id":"https:\/\/welcome-to-times-square.com\/fr\/#website"},"primaryImageOfPage":{"@id":"https:\/\/welcome-to-times-square.com\/fr\/hotels\/#primaryimage"},"image":{"@id":"https:\/\/welcome-to-times-square.com\/fr\/hotels\/#primaryimage"},"thumbnailUrl":"https:\/\/welcome-to-times-square.com\/wp-content\/uploads\/2022\/04\/hotels-1024x775.png","datePublished":"2022-04-21T23:21:16+00:00","dateModified":"2025-01-16T12:18:33+00:00","breadcrumb":{"@id":"https:\/\/welcome-to-times-square.com\/fr\/hotels\/#breadcrumb"},"inLanguage":"fr-FR","potentialAction":[{"@type":"ReadAction","target":["https:\/\/welcome-to-times-square.com\/fr\/hotels\/"]}]},{"@type":"ImageObject","inLanguage":"fr-FR","@id":"https:\/\/welcome-to-times-square.com\/fr\/hotels\/#primaryimage","url":"https:\/\/welcome-to-times-square.com\/wp-content\/uploads\/2022\/04\/hotels-1024x775.png","contentUrl":"https:\/\/welcome-to-times-square.com\/wp-content\/uploads\/2022\/04\/hotels-1024x775.png"},{"@type":"BreadcrumbList","@id":"https:\/\/welcome-to-times-square.com\/fr\/hotels\/#breadcrumb","itemListElement":[{"@type":"ListItem","position":1,"name":"Home","item":"https:\/\/welcome-to-times-square.com\/fr\/"},{"@type":"ListItem","position":2,"name":"H\u00f4tels"}]},{"@type":"WebSite","@id":"https:\/\/welcome-to-times-square.com\/fr\/#website","url":"https:\/\/welcome-to-times-square.com\/fr\/","name":"times-square","description":"times-square","publisher":{"@id":"https:\/\/welcome-to-times-square.com\/fr\/#organization"},"potentialAction":[{"@type":"SearchAction","target":{"@type":"EntryPoint","urlTemplate":"https:\/\/welcome-to-times-square.com\/fr\/?s={search_term_string}"},"query-input":{"@type":"PropertyValueSpecification","valueRequired":true,"valueName":"search_term_string"}}],"inLanguage":"fr-FR"},{"@type":"Organization","@id":"https:\/\/welcome-to-times-square.com\/fr\/#organization","name":"times-square","url":"https:\/\/welcome-to-times-square.com\/fr\/","logo":{"@type":"ImageObject","inLanguage":"fr-FR","@id":"https:\/\/welcome-to-times-square.com\/fr\/#\/schema\/logo\/image\/","url":"https:\/\/welcome-to-times-square.com\/wp-content\/uploads\/2024\/03\/welcome-to-time-square-logo-with-r.png","contentUrl":"https:\/\/welcome-to-times-square.com\/wp-content\/uploads\/2024\/03\/welcome-to-time-square-logo-with-r.png","width":500,"height":342,"caption":"times-square"},"image":{"@id":"https:\/\/welcome-to-times-square.com\/fr\/#\/schema\/logo\/image\/"}}]}},"_hostinger_reach_plugin_has_subscription_block":false,"_hostinger_reach_plugin_is_elementor":false,"_links":{"self":[{"href":"https:\/\/welcome-to-times-square.com\/fr\/wp-json\/wp\/v2\/pages\/8901","targetHints":{"allow":["GET"]}}],"collection":[{"href":"https:\/\/welcome-to-times-square.com\/fr\/wp-json\/wp\/v2\/pages"}],"about":[{"href":"https:\/\/welcome-to-times-square.com\/fr\/wp-json\/wp\/v2\/types\/page"}],"author":[{"embeddable":true,"href":"https:\/\/welcome-to-times-square.com\/fr\/wp-json\/wp\/v2\/users\/53"}],"replies":[{"embeddable":true,"href":"https:\/\/welcome-to-times-square.com\/fr\/wp-json\/wp\/v2\/comments?post=8901"}],"version-history":[{"count":2,"href":"https:\/\/welcome-to-times-square.com\/fr\/wp-json\/wp\/v2\/pages\/8901\/revisions"}],"predecessor-version":[{"id":8907,"href":"https:\/\/welcome-to-times-square.com\/fr\/wp-json\/wp\/v2\/pages\/8901\/revisions\/8907"}],"wp:attachment":[{"href":"https:\/\/welcome-to-times-square.com\/fr\/wp-json\/wp\/v2\/media?parent=8901"}],"curies":[{"name":"wp","href":"https:\/\/api.w.org\/{rel}","templated":true}]}}