{"id":8933,"date":"2022-04-25T15:17:22","date_gmt":"2022-04-25T15:17:22","guid":{"rendered":"https:\/\/welcome-to-times-square.com\/deals\/"},"modified":"2025-01-17T09:32:55","modified_gmt":"2025-01-17T09:32:55","slug":"deals","status":"publish","type":"page","link":"https:\/\/welcome-to-times-square.com\/fr\/deals\/","title":{"rendered":"Offres"},"content":{"rendered":"\t\t<div data-elementor-type=\"wp-page\" data-elementor-id=\"8933\" class=\"elementor elementor-8933 elementor-2807\" data-elementor-post-type=\"page\">\n\t\t\t\t<div class=\"elementor-element elementor-element-96efad9 e-flex e-con-boxed e-con e-parent\" data-id=\"96efad9\" data-element_type=\"container\" data-e-type=\"container\" data-settings=\"{&quot;background_background&quot;:&quot;classic&quot;}\">\n\t\t\t\t\t<div class=\"e-con-inner\">\n\t\t\t\t<div class=\"elementor-element elementor-element-6ca9d98 elementor-widget elementor-widget-heading\" data-id=\"6ca9d98\" data-element_type=\"widget\" data-e-type=\"widget\" data-widget_type=\"heading.default\">\n\t\t\t\t<div class=\"elementor-widget-container\">\n\t\t\t\t\t<h2 class=\"elementor-heading-title elementor-size-default\">Offres<\/h2>\t\t\t\t<\/div>\n\t\t\t\t<\/div>\n\t\t\t\t<div class=\"elementor-element elementor-element-e054c83 elementor-widget-divider--view-line elementor-widget elementor-widget-divider\" data-id=\"e054c83\" data-element_type=\"widget\" data-e-type=\"widget\" data-widget_type=\"divider.default\">\n\t\t\t\t<div class=\"elementor-widget-container\">\n\t\t\t\t\t\t\t<div class=\"elementor-divider\">\n\t\t\t<span class=\"elementor-divider-separator\">\n\t\t\t\t\t\t<\/span>\n\t\t<\/div>\n\t\t\t\t\t\t<\/div>\n\t\t\t\t<\/div>\n\t\t\t\t<div class=\"elementor-element elementor-element-2482935 elementor-widget elementor-widget-text-editor\" data-id=\"2482935\" data-element_type=\"widget\" data-e-type=\"widget\" data-widget_type=\"text-editor.default\">\n\t\t\t\t<div class=\"elementor-widget-container\">\n\t\t\t\t\t\t\t\t\t<div class=\"vc_row wpb_row vc_row-fluid vc_custom_1650656313890 vc_row-has-fill\">\n<div class=\"wpb_column vc_column_container vc_col-sm-12\">\n<div class=\"vc_column-inner\">\n<div class=\"wpb_wrapper\">\n<div class=\"wpb_text_column wpb_content_element \">\n<div class=\"wpb_wrapper\">\n<p>\u00c0 New York, il existe un calendrier sp\u00e9cial d&rsquo;offres et de r\u00e9ductions pour que vous puissiez planifier votre voyage et profiter des offres annuelles qui peuvent atteindre jusqu&rsquo;\u00e0 70 % de moins que la valeur d&rsquo;origine.<\/p>\n<p>Les dates sp\u00e9ciales des offres sont class\u00e9es par ordre calendaire, vous verrez que la plupart d&rsquo;entre elles co\u00efncident avec les jours f\u00e9ri\u00e9s am\u00e9ricains.<\/p>\n<p>Entre la semaine du 12 et du 15 f\u00e9vrier, c\u2019est le President\u2019s Day, un jour tr\u00e8s sp\u00e9cial, chaque ann\u00e9e tout l\u2019hiver se termine \u00e0 cette date.<\/p>\n<p>La fin de la saison des soldes de printemps se situe entre le 28 et le 31 mai, appel\u00e9 Memorial Day.<\/p>\n<p>Mai est un beau mois \u00e0 New York, la temp\u00e9rature est tr\u00e8s agr\u00e9able et la haute saison n&rsquo;est pas encore l\u00e0, donc tout est plus abordable.<\/p>\n<p>Les soldes d&rsquo;\u00e9t\u00e9 sont l&rsquo;une des plus attendues, les premiers jours de juillet co\u00efncident avec les offres de la rentr\u00e9e scolaire et le 4 juillet, cela se passe entre le 1er et le 5 juillet.<\/p>\n<p>Les premiers jours de septembre sont r\u00e9alis\u00e9s les bons plans de la fin de l&rsquo;\u00e9t\u00e9, entre le 3 et le 6 septembre, jour appel\u00e9 F\u00eate du Travail.<\/p>\n<p>En automne, il y a deux grandes saisons de bonnes affaires, la premi\u00e8re ayant lieu \u00e0 la mi-automne, autour du jour de Christophe Colomb : entre le 8 et le 11 octobre.<\/p>\n<p>Il y a aussi le tr\u00e8s attendu Black Friday \u00e0 New York, la deuxi\u00e8me grande saison des bonnes affaires \u00e0 New York est le fameux Black Friday. Bien que la date officielle soit le vendredi apr\u00e8s Thanksgiving (le quatri\u00e8me jeudi de chaque ann\u00e9e), et les jours avant et le week-end apr\u00e8s Thanksgiving, les magasins proposent de bonnes affaires. <\/p>\n<p>C&rsquo;est l&rsquo;une des p\u00e9riodes de l&rsquo;ann\u00e9e o\u00f9 les achats sont les moins chers. Cela vaut vraiment la peine de faire co\u00efncider le voyage avec cette date tr\u00e8s sp\u00e9ciale, car en novembre, il y a beaucoup \u00e0 faire et l&rsquo;ambiance de No\u00ebl se fait d\u00e9j\u00e0 sentir \u00e0 New York. <\/p>\n<p>L&rsquo;After Holiday se situe entre la p\u00e9riode du 26 d\u00e9cembre et le 2 janvier, les promotions et les soldes se font apr\u00e8s les f\u00eates de fin d&rsquo;ann\u00e9e. On y trouve d&rsquo;excellentes affaires. <\/p>\n<p>Si votre voyage ne co\u00efncide pas avec l&rsquo;une des dates de liquidation \u00e0 New York, vous pouvez visiter Woodbury Common Premium Outlets.<\/p>\n<p>Ce centre commercial du nord de l\u2019\u00c9tat de New York est r\u00e9put\u00e9 pour ses r\u00e9ductions tout au long de l\u2019ann\u00e9e sur les marques haut de gamme et les v\u00eatements haut de gamme. Le plus, c\u2019est que pendant les p\u00e9riodes de soldes, ils font encore plus de r\u00e9ductions ! Il se trouve \u00e0 quelques heures de New York.  <\/p>\n<p>Vous pouvez \u00e9galement l&rsquo;acheter chez Macy&rsquo;s, Bloomingdale&rsquo;s, Saks Fifth Avenue. Les centres commerciaux sont d&rsquo;excellents endroits pour faire de bonnes affaires \u00e0 New York. <\/p>\n<p>En plus des v\u00eatements, vous pouvez trouver des r\u00e9ductions sur les parfums, l&rsquo;\u00e9lectronique, la maison, les articles de sport. Et chez Saks, les parfums sont emball\u00e9s de mani\u00e8re si jolie qu&rsquo;il est g\u00eanant de les d\u00e9baller. <\/p>\n<p>Les rues commer\u00e7antes o\u00f9 vous pourrez faire de bonnes affaires \u00e0 New York se trouvent dans presque tous les quartiers, vous y trouverez une multitude de magasins.<\/p>\n<p>Sur la 34e rue entre la 5e et la 6e avenue. Dans ce bloc, vous trouverez de grandes cha\u00eenes de magasins telles que Zara, Desigual, Mango, Aeropostale, GEOX, Aldo, Forever 21, Uniqlo, l&rsquo;un des magasins Levi&rsquo;s, Footlocker, Timberland. <\/p>\n<p>Broadway entre Canal St et Union Square. C&rsquo;est un tron\u00e7on assez long de Broadway qui va jusqu&rsquo;\u00e0 SoHo, o\u00f9 vous trouverez de nombreuses marques. Vous y trouverez des magasins comme American Apparel, G-Star Raw, Top Shop, Michael Kors, Forever 21, Mango, Zara, &amp; Other Stories, H&amp;M, Armani Exchange, Guess, Lacoste.  <\/p>\n<p>SoHo est l&rsquo;un des quartiers pr\u00e9f\u00e9r\u00e9s pour faire de bonnes affaires. On y trouve non seulement de grandes marques, mais aussi des petites marques et des boutiques. <\/p>\n<p>Sur la 5e avenue, \u00e0 partir de la 16e rue, se trouve \u00e9galement une bonne rue commer\u00e7ante. Vous y trouverez des magasins des marques Anthropologie, GAP, Banana Republic, H&amp;M, American Apparel, Sephora, Nike, New Balance, Kate Spade, Club Monaco\u2026 Le meilleur de tout, c\u2019est que vous arriverez jusqu\u2019au Flatiron Building et tout au long du chemin vous verrez l\u2019Empire State Building. En ce sens, c\u2019est un d\u00e9lice de voyager.  <\/p>\n<p>\u00c0 New York, les commerces peuvent faire des remises quand ils le souhaitent. Vous pouvez donc entrer dans les magasins sans crainte m\u00eame si vous ne voyez pas le panneau \u00ab Soldes \u00bb typique dans la vitrine, car parfois les soldes se font \u00e0 l\u2019int\u00e9rieur ou les panneaux dans les vitrines sont petits et discrets. <\/p>\n<p>Et la v\u00e9rit\u00e9 c\u2019est que c\u2019est aussi simple que de conna\u00eetre un peu de vocabulaire li\u00e9 au shopping.<\/p>\n<p>Soldes : offres et promotions, g\u00e9n\u00e9ralement lors des changements de saison.<\/p>\n<p>Liquidation : il s&rsquo;agit d&rsquo;une section du magasin r\u00e9serv\u00e9e aux liquidations. La plupart du temps, vous les trouverez \u00e0 la fin de la saison et ce sont des sections que vous trouverez \u00e0 la fin du magasin. <\/p>\n<p>Markdown : ce mot fait r\u00e9f\u00e9rence au prix r\u00e9duit que vous trouverez marqu\u00e9 sur l&rsquo;\u00e9tiquette de chaque v\u00eatement. Il est g\u00e9n\u00e9ralement utilis\u00e9 lorsque chaque v\u00eatement b\u00e9n\u00e9ficie d&rsquo;une remise diff\u00e9rente entre eux. <\/p>\n<\/div>\n<\/div>\n<\/div>\n<\/div>\n<\/div>\n<\/div>\n\t\t\t\t\t\t\t\t<\/div>\n\t\t\t\t<\/div>\n\t\t\t\t<div class=\"elementor-element elementor-element-768faf6 elementor-widget-divider--view-line elementor-widget elementor-widget-divider\" data-id=\"768faf6\" data-element_type=\"widget\" data-e-type=\"widget\" data-widget_type=\"divider.default\">\n\t\t\t\t<div class=\"elementor-widget-container\">\n\t\t\t\t\t\t\t<div class=\"elementor-divider\">\n\t\t\t<span class=\"elementor-divider-separator\">\n\t\t\t\t\t\t<\/span>\n\t\t<\/div>\n\t\t\t\t\t\t<\/div>\n\t\t\t\t<\/div>\n\t\t\t\t<div class=\"elementor-element elementor-element-bd2df9d elementor-widget elementor-widget-text-editor\" data-id=\"bd2df9d\" data-element_type=\"widget\" data-e-type=\"widget\" data-widget_type=\"text-editor.default\">\n\t\t\t\t<div class=\"elementor-widget-container\">\n\t\t\t\t\t\t\t\t\t<p><strong>Pour figurer sur notre panneau d&rsquo;affichage \u00e0 Times Square, veuillez consulter notre section CONTACT.<\/strong><\/p>\n<p>Voici comment cela fonctionne :<\/p>\n<p>Qu&rsquo;il s&rsquo;agisse d&rsquo;un anniversaire, d&rsquo;une demande en mariage, d&rsquo;un anniversaire ou d&rsquo;une simple d\u00e9claration d&rsquo;amour, nous avons tout pr\u00e9vu. Ne soyez pas un visage dans la foule ! <br \/>Affichez votre photo ou votre vid\u00e9o sur notre panneau d&rsquo;affichage \u00e0 Times Square !<\/p>\n<p>Option 1 : Votre vid\u00e9o\/photo de 60 secondes sera affich\u00e9e 22 fois par jour.<br \/>Option 2 : Votre vid\u00e9o\/photo de 30 secondes sera affich\u00e9e 44 fois par jour<br \/>Option 3 : Votre vid\u00e9o\/photo de 15 secondes sera affich\u00e9e 88 fois par jour.<\/p>\n<p>Notre panneau d&rsquo;affichage mesure 31 pieds x 55 pieds et est situ\u00e9 au 1560 Broadway (\u00e0 l&rsquo;angle de Broadway et de la 46e rue, juste au-dessus du magasin Pel\u00e9).<\/p>\n<p>Ne soyez pas un visage dans la foule !<\/p>\n\t\t\t\t\t\t\t\t<\/div>\n\t\t\t\t<\/div>\n\t\t\t\t<div class=\"elementor-element elementor-element-29aba7c elementor-widget elementor-widget-image\" data-id=\"29aba7c\" data-element_type=\"widget\" data-e-type=\"widget\" data-widget_type=\"image.default\">\n\t\t\t\t<div class=\"elementor-widget-container\">\n\t\t\t\t\t\t\t\t\t\t\t\t\t\t\t<img fetchpriority=\"high\" decoding=\"async\" width=\"1024\" height=\"512\" src=\"https:\/\/welcome-to-times-square.com\/wp-content\/uploads\/2022\/04\/deals-1024x512.jpg\" class=\"attachment-large size-large wp-image-6182\" alt=\"\" srcset=\"https:\/\/welcome-to-times-square.com\/wp-content\/uploads\/2022\/04\/deals-1024x512.jpg 1024w, https:\/\/welcome-to-times-square.com\/wp-content\/uploads\/2022\/04\/deals-600x300.jpg 600w, https:\/\/welcome-to-times-square.com\/wp-content\/uploads\/2022\/04\/deals-300x150.jpg 300w, https:\/\/welcome-to-times-square.com\/wp-content\/uploads\/2022\/04\/deals-768x384.jpg 768w, https:\/\/welcome-to-times-square.com\/wp-content\/uploads\/2022\/04\/deals-1536x768.jpg 1536w, https:\/\/welcome-to-times-square.com\/wp-content\/uploads\/2022\/04\/deals.jpg 1920w\" sizes=\"(max-width: 1024px) 100vw, 1024px\" \/>\t\t\t\t\t\t\t\t\t\t\t\t\t\t\t<\/div>\n\t\t\t\t<\/div>\n\t\t\t\t\t<\/div>\n\t\t\t\t<\/div>\n\t\t\t\t<\/div>\n\t\t","protected":false},"excerpt":{"rendered":"Offres \u00c0 New York, il existe un calendrier sp\u00e9cial d'offres et de r\u00e9ductions pour que vous puissiez planifier votre voyage et profiter des offres annuelles qui peuvent atteindre jusqu'\u00e0 70 % de moins que la valeur d'origine. Les dates sp\u00e9ciales des offres sont class\u00e9es par ordre calendaire, vous verrez que la plupart d'entre elles co\u00efncident [...]<a href=\"https:\/\/welcome-to-times-square.com\/fr\/deals\/\" class=\"read-more wyz-secondary-color-text\">read more<span class=\"screen-reader-text\">Offres<\/span><\/a>","protected":false},"author":53,"featured_media":0,"parent":0,"menu_order":0,"comment_status":"closed","ping_status":"closed","template":"elementor_header_footer","meta":{"footnotes":""},"class_list":["post-8933","page","type-page","status-publish","hentry"],"yoast_head":"<!-- This site is optimized with the Yoast SEO plugin v27.2 - https:\/\/yoast.com\/product\/yoast-seo-wordpress\/ -->\n<title>Offres - times-square<\/title>\n<meta name=\"description\" content=\"\u00c0 New York, il existe un calendrier sp\u00e9cial d&#039;offres et de r\u00e9ductions pour que vous puissiez planifier votre voyage et profiter des offres annuelles qui peuvent atteindre jusqu&#039;\u00e0 70 % de moins que la valeur d&#039;origine.\" \/>\n<meta name=\"robots\" content=\"index, follow, max-snippet:-1, max-image-preview:large, max-video-preview:-1\" \/>\n<link rel=\"canonical\" href=\"https:\/\/welcome-to-times-square.com\/fr\/deals\/\" \/>\n<meta property=\"og:locale\" content=\"fr_FR\" \/>\n<meta property=\"og:type\" content=\"article\" \/>\n<meta property=\"og:title\" content=\"Offres - times-square\" \/>\n<meta property=\"og:description\" content=\"\u00c0 New York, il existe un calendrier sp\u00e9cial d&#039;offres et de r\u00e9ductions pour que vous puissiez planifier votre voyage et profiter des offres annuelles qui peuvent atteindre jusqu&#039;\u00e0 70 % de moins que la valeur d&#039;origine.\" \/>\n<meta property=\"og:url\" content=\"https:\/\/welcome-to-times-square.com\/fr\/deals\/\" \/>\n<meta property=\"og:site_name\" content=\"times-square\" \/>\n<meta property=\"article:modified_time\" content=\"2025-01-17T09:32:55+00:00\" \/>\n<meta property=\"og:image\" content=\"https:\/\/welcome-to-times-square.com\/wp-content\/uploads\/2022\/04\/deals.jpg\" \/>\n\t<meta property=\"og:image:width\" content=\"1920\" \/>\n\t<meta property=\"og:image:height\" content=\"960\" \/>\n\t<meta property=\"og:image:type\" content=\"image\/jpeg\" \/>\n<meta name=\"twitter:card\" content=\"summary_large_image\" \/>\n<meta name=\"twitter:label1\" content=\"Dur\u00e9e de lecture estim\u00e9e\" \/>\n\t<meta name=\"twitter:data1\" content=\"5 minutes\" \/>\n<script type=\"application\/ld+json\" class=\"yoast-schema-graph\">{\"@context\":\"https:\/\/schema.org\",\"@graph\":[{\"@type\":\"WebPage\",\"@id\":\"https:\/\/welcome-to-times-square.com\/fr\/deals\/\",\"url\":\"https:\/\/welcome-to-times-square.com\/fr\/deals\/\",\"name\":\"Offres - times-square\",\"isPartOf\":{\"@id\":\"https:\/\/welcome-to-times-square.com\/fr\/#website\"},\"primaryImageOfPage\":{\"@id\":\"https:\/\/welcome-to-times-square.com\/fr\/deals\/#primaryimage\"},\"image\":{\"@id\":\"https:\/\/welcome-to-times-square.com\/fr\/deals\/#primaryimage\"},\"thumbnailUrl\":\"https:\/\/welcome-to-times-square.com\/wp-content\/uploads\/2022\/04\/deals-1024x512.jpg\",\"datePublished\":\"2022-04-25T15:17:22+00:00\",\"dateModified\":\"2025-01-17T09:32:55+00:00\",\"description\":\"\u00c0 New York, il existe un calendrier sp\u00e9cial d'offres et de r\u00e9ductions pour que vous puissiez planifier votre voyage et profiter des offres annuelles qui peuvent atteindre jusqu'\u00e0 70 % de moins que la valeur d'origine.\",\"breadcrumb\":{\"@id\":\"https:\/\/welcome-to-times-square.com\/fr\/deals\/#breadcrumb\"},\"inLanguage\":\"fr-FR\",\"potentialAction\":[{\"@type\":\"ReadAction\",\"target\":[\"https:\/\/welcome-to-times-square.com\/fr\/deals\/\"]}]},{\"@type\":\"ImageObject\",\"inLanguage\":\"fr-FR\",\"@id\":\"https:\/\/welcome-to-times-square.com\/fr\/deals\/#primaryimage\",\"url\":\"https:\/\/welcome-to-times-square.com\/wp-content\/uploads\/2022\/04\/deals-1024x512.jpg\",\"contentUrl\":\"https:\/\/welcome-to-times-square.com\/wp-content\/uploads\/2022\/04\/deals-1024x512.jpg\"},{\"@type\":\"BreadcrumbList\",\"@id\":\"https:\/\/welcome-to-times-square.com\/fr\/deals\/#breadcrumb\",\"itemListElement\":[{\"@type\":\"ListItem\",\"position\":1,\"name\":\"Home\",\"item\":\"https:\/\/welcome-to-times-square.com\/fr\/\"},{\"@type\":\"ListItem\",\"position\":2,\"name\":\"Offres\"}]},{\"@type\":\"WebSite\",\"@id\":\"https:\/\/welcome-to-times-square.com\/fr\/#website\",\"url\":\"https:\/\/welcome-to-times-square.com\/fr\/\",\"name\":\"times-square\",\"description\":\"times-square\",\"publisher\":{\"@id\":\"https:\/\/welcome-to-times-square.com\/fr\/#organization\"},\"potentialAction\":[{\"@type\":\"SearchAction\",\"target\":{\"@type\":\"EntryPoint\",\"urlTemplate\":\"https:\/\/welcome-to-times-square.com\/fr\/?s={search_term_string}\"},\"query-input\":{\"@type\":\"PropertyValueSpecification\",\"valueRequired\":true,\"valueName\":\"search_term_string\"}}],\"inLanguage\":\"fr-FR\"},{\"@type\":\"Organization\",\"@id\":\"https:\/\/welcome-to-times-square.com\/fr\/#organization\",\"name\":\"times-square\",\"url\":\"https:\/\/welcome-to-times-square.com\/fr\/\",\"logo\":{\"@type\":\"ImageObject\",\"inLanguage\":\"fr-FR\",\"@id\":\"https:\/\/welcome-to-times-square.com\/fr\/#\/schema\/logo\/image\/\",\"url\":\"https:\/\/welcome-to-times-square.com\/wp-content\/uploads\/2024\/03\/welcome-to-time-square-logo-with-r.png\",\"contentUrl\":\"https:\/\/welcome-to-times-square.com\/wp-content\/uploads\/2024\/03\/welcome-to-time-square-logo-with-r.png\",\"width\":500,\"height\":342,\"caption\":\"times-square\"},\"image\":{\"@id\":\"https:\/\/welcome-to-times-square.com\/fr\/#\/schema\/logo\/image\/\"}}]}<\/script>\n<!-- \/ Yoast SEO plugin. -->","yoast_head_json":{"title":"Offres - times-square","description":"\u00c0 New York, il existe un calendrier sp\u00e9cial d'offres et de r\u00e9ductions pour que vous puissiez planifier votre voyage et profiter des offres annuelles qui peuvent atteindre jusqu'\u00e0 70 % de moins que la valeur d'origine.","robots":{"index":"index","follow":"follow","max-snippet":"max-snippet:-1","max-image-preview":"max-image-preview:large","max-video-preview":"max-video-preview:-1"},"canonical":"https:\/\/welcome-to-times-square.com\/fr\/deals\/","og_locale":"fr_FR","og_type":"article","og_title":"Offres - times-square","og_description":"\u00c0 New York, il existe un calendrier sp\u00e9cial d'offres et de r\u00e9ductions pour que vous puissiez planifier votre voyage et profiter des offres annuelles qui peuvent atteindre jusqu'\u00e0 70 % de moins que la valeur d'origine.","og_url":"https:\/\/welcome-to-times-square.com\/fr\/deals\/","og_site_name":"times-square","article_modified_time":"2025-01-17T09:32:55+00:00","og_image":[{"width":1920,"height":960,"url":"https:\/\/welcome-to-times-square.com\/wp-content\/uploads\/2022\/04\/deals.jpg","type":"image\/jpeg"}],"twitter_card":"summary_large_image","twitter_misc":{"Dur\u00e9e de lecture estim\u00e9e":"5 minutes"},"schema":{"@context":"https:\/\/schema.org","@graph":[{"@type":"WebPage","@id":"https:\/\/welcome-to-times-square.com\/fr\/deals\/","url":"https:\/\/welcome-to-times-square.com\/fr\/deals\/","name":"Offres - times-square","isPartOf":{"@id":"https:\/\/welcome-to-times-square.com\/fr\/#website"},"primaryImageOfPage":{"@id":"https:\/\/welcome-to-times-square.com\/fr\/deals\/#primaryimage"},"image":{"@id":"https:\/\/welcome-to-times-square.com\/fr\/deals\/#primaryimage"},"thumbnailUrl":"https:\/\/welcome-to-times-square.com\/wp-content\/uploads\/2022\/04\/deals-1024x512.jpg","datePublished":"2022-04-25T15:17:22+00:00","dateModified":"2025-01-17T09:32:55+00:00","description":"\u00c0 New York, il existe un calendrier sp\u00e9cial d'offres et de r\u00e9ductions pour que vous puissiez planifier votre voyage et profiter des offres annuelles qui peuvent atteindre jusqu'\u00e0 70 % de moins que la valeur d'origine.","breadcrumb":{"@id":"https:\/\/welcome-to-times-square.com\/fr\/deals\/#breadcrumb"},"inLanguage":"fr-FR","potentialAction":[{"@type":"ReadAction","target":["https:\/\/welcome-to-times-square.com\/fr\/deals\/"]}]},{"@type":"ImageObject","inLanguage":"fr-FR","@id":"https:\/\/welcome-to-times-square.com\/fr\/deals\/#primaryimage","url":"https:\/\/welcome-to-times-square.com\/wp-content\/uploads\/2022\/04\/deals-1024x512.jpg","contentUrl":"https:\/\/welcome-to-times-square.com\/wp-content\/uploads\/2022\/04\/deals-1024x512.jpg"},{"@type":"BreadcrumbList","@id":"https:\/\/welcome-to-times-square.com\/fr\/deals\/#breadcrumb","itemListElement":[{"@type":"ListItem","position":1,"name":"Home","item":"https:\/\/welcome-to-times-square.com\/fr\/"},{"@type":"ListItem","position":2,"name":"Offres"}]},{"@type":"WebSite","@id":"https:\/\/welcome-to-times-square.com\/fr\/#website","url":"https:\/\/welcome-to-times-square.com\/fr\/","name":"times-square","description":"times-square","publisher":{"@id":"https:\/\/welcome-to-times-square.com\/fr\/#organization"},"potentialAction":[{"@type":"SearchAction","target":{"@type":"EntryPoint","urlTemplate":"https:\/\/welcome-to-times-square.com\/fr\/?s={search_term_string}"},"query-input":{"@type":"PropertyValueSpecification","valueRequired":true,"valueName":"search_term_string"}}],"inLanguage":"fr-FR"},{"@type":"Organization","@id":"https:\/\/welcome-to-times-square.com\/fr\/#organization","name":"times-square","url":"https:\/\/welcome-to-times-square.com\/fr\/","logo":{"@type":"ImageObject","inLanguage":"fr-FR","@id":"https:\/\/welcome-to-times-square.com\/fr\/#\/schema\/logo\/image\/","url":"https:\/\/welcome-to-times-square.com\/wp-content\/uploads\/2024\/03\/welcome-to-time-square-logo-with-r.png","contentUrl":"https:\/\/welcome-to-times-square.com\/wp-content\/uploads\/2024\/03\/welcome-to-time-square-logo-with-r.png","width":500,"height":342,"caption":"times-square"},"image":{"@id":"https:\/\/welcome-to-times-square.com\/fr\/#\/schema\/logo\/image\/"}}]}},"_hostinger_reach_plugin_has_subscription_block":false,"_hostinger_reach_plugin_is_elementor":false,"_links":{"self":[{"href":"https:\/\/welcome-to-times-square.com\/fr\/wp-json\/wp\/v2\/pages\/8933","targetHints":{"allow":["GET"]}}],"collection":[{"href":"https:\/\/welcome-to-times-square.com\/fr\/wp-json\/wp\/v2\/pages"}],"about":[{"href":"https:\/\/welcome-to-times-square.com\/fr\/wp-json\/wp\/v2\/types\/page"}],"author":[{"embeddable":true,"href":"https:\/\/welcome-to-times-square.com\/fr\/wp-json\/wp\/v2\/users\/53"}],"replies":[{"embeddable":true,"href":"https:\/\/welcome-to-times-square.com\/fr\/wp-json\/wp\/v2\/comments?post=8933"}],"version-history":[{"count":2,"href":"https:\/\/welcome-to-times-square.com\/fr\/wp-json\/wp\/v2\/pages\/8933\/revisions"}],"predecessor-version":[{"id":8939,"href":"https:\/\/welcome-to-times-square.com\/fr\/wp-json\/wp\/v2\/pages\/8933\/revisions\/8939"}],"wp:attachment":[{"href":"https:\/\/welcome-to-times-square.com\/fr\/wp-json\/wp\/v2\/media?parent=8933"}],"curies":[{"name":"wp","href":"https:\/\/api.w.org\/{rel}","templated":true}]}}