{"id":8949,"date":"2022-05-10T20:25:09","date_gmt":"2022-05-10T20:25:09","guid":{"rendered":"https:\/\/welcome-to-times-square.com\/planning-an-event-in-nyc\/"},"modified":"2025-01-17T10:16:50","modified_gmt":"2025-01-17T10:16:50","slug":"planning-an-event-in-nyc","status":"publish","type":"page","link":"https:\/\/welcome-to-times-square.com\/fr\/planning-an-event-in-nyc\/","title":{"rendered":"Planifier un \u00e9v\u00e9nement \u00e0 New York"},"content":{"rendered":"\t\t<div data-elementor-type=\"wp-page\" data-elementor-id=\"8949\" class=\"elementor elementor-8949 elementor-2932\" data-elementor-post-type=\"page\">\n\t\t\t\t<div class=\"elementor-element elementor-element-b6a30bc e-flex e-con-boxed e-con e-parent\" data-id=\"b6a30bc\" data-element_type=\"container\" data-e-type=\"container\" data-settings=\"{&quot;background_background&quot;:&quot;classic&quot;}\">\n\t\t\t\t\t<div class=\"e-con-inner\">\n\t\t\t\t<div class=\"elementor-element elementor-element-4aa115f elementor-widget elementor-widget-heading\" data-id=\"4aa115f\" data-element_type=\"widget\" data-e-type=\"widget\" data-widget_type=\"heading.default\">\n\t\t\t\t<div class=\"elementor-widget-container\">\n\t\t\t\t\t<h2 class=\"elementor-heading-title elementor-size-default\">Planifier un \u00e9v\u00e9nement \u00e0 New York<\/h2>\t\t\t\t<\/div>\n\t\t\t\t<\/div>\n\t\t\t\t<div class=\"elementor-element elementor-element-02111df elementor-widget-divider--view-line elementor-widget elementor-widget-divider\" data-id=\"02111df\" data-element_type=\"widget\" data-e-type=\"widget\" data-widget_type=\"divider.default\">\n\t\t\t\t<div class=\"elementor-widget-container\">\n\t\t\t\t\t\t\t<div class=\"elementor-divider\">\n\t\t\t<span class=\"elementor-divider-separator\">\n\t\t\t\t\t\t<\/span>\n\t\t<\/div>\n\t\t\t\t\t\t<\/div>\n\t\t\t\t<\/div>\n\t\t\t\t<div class=\"elementor-element elementor-element-6eba364 elementor-widget elementor-widget-text-editor\" data-id=\"6eba364\" data-element_type=\"widget\" data-e-type=\"widget\" data-widget_type=\"text-editor.default\">\n\t\t\t\t<div class=\"elementor-widget-container\">\n\t\t\t\t\t\t\t\t\t<div class=\"vc_row wpb_row vc_row-fluid vc_custom_1652220902464 vc_row-has-fill\">\n<div class=\"wpb_column vc_column_container vc_col-sm-12\">\n<div class=\"vc_column-inner\">\n<div class=\"wpb_wrapper\">\n<div class=\"vc_tta-container\" data-vc-action=\"collapse\">\n<div class=\"vc_general vc_tta vc_tta-tabs vc_tta-color-grey vc_tta-style-classic vc_tta-shape-rounded vc_tta-spacing-1 vc_tta-tabs-position-top vc_tta-controls-align-left\">\n<div class=\"vc_tta-panels-container\">\n<div class=\"vc_tta-panels\">\n<div id=\"1652214027141-0740dd2c-c58f\" class=\"vc_tta-panel vc_active\" data-vc-content=\".vc_tta-panel-body\">\n<div class=\"vc_tta-panel-body\">\n<div class=\"wpb_text_column wpb_content_element \">\n<div class=\"wpb_wrapper\">\n<p>Le 4 juillet est un \u00e9v\u00e9nement de planification o\u00f9 les \u00c9tats-Unis se remplissent de drapeaux, de barbecues et de feux d&rsquo;artifice pour c\u00e9l\u00e9brer leur jour le plus patriotique : le jour de l&rsquo;ind\u00e9pendance.<\/p>\n<p>Les Am\u00e9ricains comm\u00e9morent l&rsquo;adoption de la D\u00e9claration d&rsquo;ind\u00e9pendance par le Congr\u00e8s le 4 juillet 1776, avec une f\u00eate nationale organis\u00e9e en plein air.<\/p>\n<p>Un autre grand \u00e9v\u00e9nement de planification est celui de Thanksgiving, c\u00e9l\u00e9br\u00e9 le quatri\u00e8me jeudi de novembre aux \u00c9tats-Unis, que nous voyons g\u00e9n\u00e9ralement refl\u00e9t\u00e9 dans les films.<\/p>\n<p>C\u2019est une f\u00eate incroyable et le pays est paralys\u00e9, les rues sont presque vides et la plupart des magasins sont ferm\u00e9s. Le jour de Thanksgiving, tout le monde rentre chez soi pour passer la soir\u00e9e en famille. En planifiant un \u00e9v\u00e9nement, Thanksgiving \u00e0 New York commence par l\u2019un des \u00e9v\u00e9nements les plus attendus du calendrier : la Macy\u2019s Day Parade, c\u2019est un d\u00e9fil\u00e9 organis\u00e9 par le grand magasin Macy\u2019s qui se tient depuis 1924. Il est tr\u00e8s c\u00e9l\u00e8bre, que des millions de personnes viennent voir. Des chars, des danseurs et des musiciens participent au d\u00e9fil\u00e9, c\u00e9l\u00e9brant Thanksgiving et l\u2019arriv\u00e9e de No\u00ebl. Il y a aussi des personnages tr\u00e8s c\u00e9l\u00e8bres, comme des repr\u00e9sentations de com\u00e9dies musicales de Broadway, il y a des ballons g\u00e9ants en forme de personnages d\u2019enfants attachants, comme Snoopy, Hello Kitty ou Garfield, et des personnages modernes sont ajout\u00e9s chaque ann\u00e9e. Une fois le d\u00e9fil\u00e9 termin\u00e9, un autre \u00e9v\u00e9nement de planification est que les familles se pr\u00e9cipitent chez elles pour pr\u00e9parer le d\u00eener de Thanksgiving. A l\u2019origine de cette grande c\u00e9l\u00e9bration, des remerciements ont \u00e9t\u00e9 rendus \u00e0 Dieu, et de nombreuses familles continuent aujourd\u2019hui \u00e0 accompagner le d\u00eener de pri\u00e8re.       <\/p>\n<p>Mais Thanksgiving est aussi une occasion pour chacun, quelles que soient ses croyances religieuses, de r\u00e9fl\u00e9chir et d&rsquo;appr\u00e9cier tout ce qui est bon. Aucune table ne peut se passer de la dinde r\u00f4tie accompagn\u00e9e de pur\u00e9e de pommes de terre, de sauce aux canneberges, de gravy (une sauce \u00e9paisse pr\u00e9par\u00e9e avec du jus de dinde), de pain de ma\u00efs, de choux de Bruxelles et en dessert, la classique tarte \u00e0 la citrouille, la d\u00e9licieuse tarte \u00e0 la citrouille. <\/p>\n<p>Dans de nombreux foyers, le d\u00eener commence vers 14 ou 15 heures. Apr\u00e8s le d\u00eener, il est de tradition de regarder les matchs de football \u00e0 la t\u00e9l\u00e9vision. <\/p>\n<p>Un autre \u00e9v\u00e9nement \u00e0 planifier est l&rsquo;arriv\u00e9e de l&rsquo;automne, lorsque New York se remplit de citrouilles, de squelettes et de sorci\u00e8res. La seule explication merveilleuse est que Halloween approche. C&rsquo;est la nuit la plus terrifiante de l&rsquo;ann\u00e9e qui est c\u00e9l\u00e9br\u00e9e le 31 octobre. Mais tout le monde commence \u00e0 penser au costume et \u00e0 pr\u00e9parer l&rsquo;appareil photo pour chasser les citrouilles.   <\/p>\n<p>La premi\u00e8re chose \u00e0 faire est d&rsquo;aller chercher des d\u00e9corations d&rsquo;automne, ce qui peut \u00eatre fait que vous soyez \u00e0 New York le soir d&rsquo;Halloween ou si vous visitez la ville un peu avant.<\/p>\n<p>La grande majorit\u00e9 des maisons commencent \u00e0 se d\u00e9corer \u00e0 partir du d\u00e9but du mois d&rsquo;octobre. Les quartiers r\u00e9sidentiels sont id\u00e9aux pour se promener, car on peut voir comment les voisins d\u00e9corent leurs maisons avec des squelettes, des \u00e9pouvantails, des toiles d&rsquo;araign\u00e9es, des zombies, des sorci\u00e8res, des citrouilles, etc. D&rsquo;autres endroits \u00e9tonnants qui sont souvent d\u00e9cor\u00e9s pour Halloween sont le Chelsea Market et le Rockefeller Center.  <\/p>\n<p>Avec plus de deux millions de spectateurs (entre New-Yorkais et touristes), la Village Halloween Parade est la plus grande parade d&rsquo;Halloween au monde et la c\u00e9l\u00e9bration d&rsquo;Halloween la plus connue \u00e0 New York.<\/p>\n<p>Cela ressemble beaucoup au d\u00e9fil\u00e9 du Carnaval, o\u00f9 plus de soixante mille personnes d\u00e9filent sur la 6e Avenue dans les costumes les plus extravagants et incroyables que vous puissiez imaginer, accompagn\u00e9es de chars \u00e9tincelants, de marionnettes gigantesques, de musique forte et de beaucoup d\u2019improvisation.<\/p>\n<p>Si la personne qui y assiste se d\u00e9guise, elle peut participer ; Si vous n\u2019avez pas de costume, vous pourrez la voir le 31 octobre \u00e0 partir de 19h00 sur la 6e Avenue (commence \u00e0 Spring St et monte jusqu\u2019\u00e0 la 16e Rue).<\/p>\n<p>Un autre \u00e9v\u00e9nement \u00e0 ne pas manquer est celui o\u00f9 la Grosse Pomme embrase la magie de No\u00ebl sous des feux d&rsquo;artifice et o\u00f9 la foule se concentre sur Times Square. Et, bien que le thermom\u00e8tre soit en dessous de z\u00e9ro, la nuit est remplie de visiteurs. <\/p>\n<p>La c\u00e9l\u00e8bre boule est tout un symbole, elle s&rsquo;\u00e9l\u00e8ve \u00e0 18h00 et \u00e0 23h59 elle descend pendant 60 secondes du b\u00e2timent One Times Square.<\/p>\n<p>Lorsque la descente prend fin, pendant la premi\u00e8re seconde de la nouvelle ann\u00e9e, des nuages de feux d\u2019artifice pleuvent sur la place. Le dernier jour de chaque ann\u00e9e, il est devenu un rituel pour une foule nombreuse de se rassembler sur Times Square, \u00e0 New York, pour accueillir un nouveau d\u00e9part. \u00c0 minuit, la foule attire son bien-aim\u00e9 vers elle pour un baiser c\u00e9r\u00e9monial.  <\/p>\n<p>Au cours du si\u00e8cle dernier, le symbole du Nouvel An, la boule lumineuse, a \u00e9volu\u00e9 d&rsquo;une cage en fer et en bois orn\u00e9e d&rsquo;ampoules \u00e0 ce que nous voyons aujourd&rsquo;hui comme un objet en verre technicolor \u00e9blouissant.<\/p>\n<\/div>\n<\/div>\n<\/div>\n<\/div>\n<\/div>\n<\/div>\n<\/div>\n<\/div>\n<\/div>\n<\/div>\n<\/div>\n<\/div>\n\t\t\t\t\t\t\t\t<\/div>\n\t\t\t\t<\/div>\n\t\t\t\t<div class=\"elementor-element elementor-element-d7a8c37 elementor-widget-divider--view-line elementor-widget elementor-widget-divider\" data-id=\"d7a8c37\" data-element_type=\"widget\" data-e-type=\"widget\" data-widget_type=\"divider.default\">\n\t\t\t\t<div class=\"elementor-widget-container\">\n\t\t\t\t\t\t\t<div class=\"elementor-divider\">\n\t\t\t<span class=\"elementor-divider-separator\">\n\t\t\t\t\t\t<\/span>\n\t\t<\/div>\n\t\t\t\t\t\t<\/div>\n\t\t\t\t<\/div>\n\t\t\t\t<div class=\"elementor-element elementor-element-d58414d elementor-widget elementor-widget-text-editor\" data-id=\"d58414d\" data-element_type=\"widget\" data-e-type=\"widget\" data-widget_type=\"text-editor.default\">\n\t\t\t\t<div class=\"elementor-widget-container\">\n\t\t\t\t\t\t\t\t\t<p><strong>Pour figurer sur notre panneau d&rsquo;affichage \u00e0 Times Square, veuillez consulter notre section CONTACT.<\/strong><\/p>\n<p>Voici comment cela fonctionne :<\/p>\n<p>Qu&rsquo;il s&rsquo;agisse d&rsquo;un anniversaire, d&rsquo;une demande en mariage, d&rsquo;un anniversaire ou d&rsquo;une simple d\u00e9claration d&rsquo;amour, nous avons tout pr\u00e9vu. Ne soyez pas un visage dans la foule ! <br \/>Affichez votre photo ou votre vid\u00e9o sur notre panneau d&rsquo;affichage \u00e0 Times Square !<\/p>\n<p>Option 1 : Votre vid\u00e9o\/photo de 60 secondes sera affich\u00e9e 22 fois par jour.<br \/>Option 2 : Votre vid\u00e9o\/photo de 30 secondes sera affich\u00e9e 44 fois par jour<br \/>Option 3 : Votre vid\u00e9o\/photo de 15 secondes sera affich\u00e9e 88 fois par jour.<\/p>\n<p>Notre panneau d&rsquo;affichage mesure 31 pieds x 55 pieds et est situ\u00e9 au 1560 Broadway (\u00e0 l&rsquo;angle de Broadway et de la 46e rue, juste au-dessus du magasin Pel\u00e9).<\/p>\n<p>Ne soyez pas un visage dans la foule !<\/p>\n\t\t\t\t\t\t\t\t<\/div>\n\t\t\t\t<\/div>\n\t\t\t\t<div class=\"elementor-element elementor-element-667454c elementor-widget elementor-widget-image\" data-id=\"667454c\" data-element_type=\"widget\" data-e-type=\"widget\" data-widget_type=\"image.default\">\n\t\t\t\t<div class=\"elementor-widget-container\">\n\t\t\t\t\t\t\t\t\t\t\t\t\t\t\t<img fetchpriority=\"high\" decoding=\"async\" width=\"1024\" height=\"538\" src=\"https:\/\/welcome-to-times-square.com\/wp-content\/uploads\/2022\/05\/Planning-an-event-in-NYC-1024x538.jpg\" class=\"attachment-large size-large wp-image-6272\" alt=\"\" srcset=\"https:\/\/welcome-to-times-square.com\/wp-content\/uploads\/2022\/05\/Planning-an-event-in-NYC-1024x538.jpg 1024w, https:\/\/welcome-to-times-square.com\/wp-content\/uploads\/2022\/05\/Planning-an-event-in-NYC-600x315.jpg 600w, https:\/\/welcome-to-times-square.com\/wp-content\/uploads\/2022\/05\/Planning-an-event-in-NYC-300x158.jpg 300w, https:\/\/welcome-to-times-square.com\/wp-content\/uploads\/2022\/05\/Planning-an-event-in-NYC-768x403.jpg 768w, https:\/\/welcome-to-times-square.com\/wp-content\/uploads\/2022\/05\/Planning-an-event-in-NYC.jpg 1200w\" sizes=\"(max-width: 1024px) 100vw, 1024px\" \/>\t\t\t\t\t\t\t\t\t\t\t\t\t\t\t<\/div>\n\t\t\t\t<\/div>\n\t\t\t\t\t<\/div>\n\t\t\t\t<\/div>\n\t\t\t\t<\/div>\n\t\t","protected":false},"excerpt":{"rendered":"Planifier un \u00e9v\u00e9nement \u00e0 New York Le 4 juillet est un \u00e9v\u00e9nement de planification o\u00f9 les \u00c9tats-Unis se remplissent de drapeaux, de barbecues et de feux d'artifice pour c\u00e9l\u00e9brer leur jour le plus patriotique : le jour de l'ind\u00e9pendance. Les Am\u00e9ricains comm\u00e9morent l'adoption de la D\u00e9claration d'ind\u00e9pendance par le Congr\u00e8s le 4 juillet 1776, avec [...]<a href=\"https:\/\/welcome-to-times-square.com\/fr\/planning-an-event-in-nyc\/\" class=\"read-more wyz-secondary-color-text\">read more<span class=\"screen-reader-text\">Planifier un \u00e9v\u00e9nement \u00e0 New York<\/span><\/a>","protected":false},"author":53,"featured_media":0,"parent":0,"menu_order":0,"comment_status":"closed","ping_status":"closed","template":"elementor_header_footer","meta":{"footnotes":""},"class_list":["post-8949","page","type-page","status-publish","hentry"],"yoast_head":"<!-- This site is optimized with the Yoast SEO plugin v27.2 - https:\/\/yoast.com\/product\/yoast-seo-wordpress\/ -->\n<title>Planifier un \u00e9v\u00e9nement \u00e0 New York - times-square<\/title>\n<meta name=\"robots\" content=\"index, follow, max-snippet:-1, max-image-preview:large, max-video-preview:-1\" \/>\n<link rel=\"canonical\" href=\"https:\/\/welcome-to-times-square.com\/fr\/planning-an-event-in-nyc\/\" \/>\n<meta property=\"og:locale\" content=\"fr_FR\" \/>\n<meta property=\"og:type\" content=\"article\" \/>\n<meta property=\"og:title\" content=\"Planifier un \u00e9v\u00e9nement \u00e0 New York - times-square\" \/>\n<meta property=\"og:description\" content=\"Planifier un \u00e9v\u00e9nement \u00e0 New York Le 4 juillet est un \u00e9v\u00e9nement de planification o\u00f9 les \u00c9tats-Unis se remplissent de drapeaux, de barbecues et de feux d&rsquo;artifice pour c\u00e9l\u00e9brer leur jour le plus patriotique : le jour de l&rsquo;ind\u00e9pendance. Les Am\u00e9ricains comm\u00e9morent l&rsquo;adoption de la D\u00e9claration d&rsquo;ind\u00e9pendance par le Congr\u00e8s le 4 juillet 1776, avec [...]read morePlanifier un \u00e9v\u00e9nement \u00e0 New York\" \/>\n<meta property=\"og:url\" content=\"https:\/\/welcome-to-times-square.com\/fr\/planning-an-event-in-nyc\/\" \/>\n<meta property=\"og:site_name\" content=\"times-square\" \/>\n<meta property=\"article:modified_time\" content=\"2025-01-17T10:16:50+00:00\" \/>\n<meta property=\"og:image\" content=\"https:\/\/welcome-to-times-square.com\/wp-content\/uploads\/2022\/05\/Planning-an-event-in-NYC.jpg\" \/>\n\t<meta property=\"og:image:width\" content=\"1200\" \/>\n\t<meta property=\"og:image:height\" content=\"630\" \/>\n\t<meta property=\"og:image:type\" content=\"image\/jpeg\" \/>\n<meta name=\"twitter:card\" content=\"summary_large_image\" \/>\n<meta name=\"twitter:label1\" content=\"Dur\u00e9e de lecture estim\u00e9e\" \/>\n\t<meta name=\"twitter:data1\" content=\"5 minutes\" \/>\n<script type=\"application\/ld+json\" class=\"yoast-schema-graph\">{\"@context\":\"https:\/\/schema.org\",\"@graph\":[{\"@type\":\"WebPage\",\"@id\":\"https:\/\/welcome-to-times-square.com\/fr\/planning-an-event-in-nyc\/\",\"url\":\"https:\/\/welcome-to-times-square.com\/fr\/planning-an-event-in-nyc\/\",\"name\":\"Planifier un \u00e9v\u00e9nement \u00e0 New York - times-square\",\"isPartOf\":{\"@id\":\"https:\/\/welcome-to-times-square.com\/fr\/#website\"},\"primaryImageOfPage\":{\"@id\":\"https:\/\/welcome-to-times-square.com\/fr\/planning-an-event-in-nyc\/#primaryimage\"},\"image\":{\"@id\":\"https:\/\/welcome-to-times-square.com\/fr\/planning-an-event-in-nyc\/#primaryimage\"},\"thumbnailUrl\":\"https:\/\/welcome-to-times-square.com\/wp-content\/uploads\/2022\/05\/Planning-an-event-in-NYC-1024x538.jpg\",\"datePublished\":\"2022-05-10T20:25:09+00:00\",\"dateModified\":\"2025-01-17T10:16:50+00:00\",\"breadcrumb\":{\"@id\":\"https:\/\/welcome-to-times-square.com\/fr\/planning-an-event-in-nyc\/#breadcrumb\"},\"inLanguage\":\"fr-FR\",\"potentialAction\":[{\"@type\":\"ReadAction\",\"target\":[\"https:\/\/welcome-to-times-square.com\/fr\/planning-an-event-in-nyc\/\"]}]},{\"@type\":\"ImageObject\",\"inLanguage\":\"fr-FR\",\"@id\":\"https:\/\/welcome-to-times-square.com\/fr\/planning-an-event-in-nyc\/#primaryimage\",\"url\":\"https:\/\/welcome-to-times-square.com\/wp-content\/uploads\/2022\/05\/Planning-an-event-in-NYC-1024x538.jpg\",\"contentUrl\":\"https:\/\/welcome-to-times-square.com\/wp-content\/uploads\/2022\/05\/Planning-an-event-in-NYC-1024x538.jpg\"},{\"@type\":\"BreadcrumbList\",\"@id\":\"https:\/\/welcome-to-times-square.com\/fr\/planning-an-event-in-nyc\/#breadcrumb\",\"itemListElement\":[{\"@type\":\"ListItem\",\"position\":1,\"name\":\"Home\",\"item\":\"https:\/\/welcome-to-times-square.com\/fr\/\"},{\"@type\":\"ListItem\",\"position\":2,\"name\":\"Planifier un \u00e9v\u00e9nement \u00e0 New York\"}]},{\"@type\":\"WebSite\",\"@id\":\"https:\/\/welcome-to-times-square.com\/fr\/#website\",\"url\":\"https:\/\/welcome-to-times-square.com\/fr\/\",\"name\":\"times-square\",\"description\":\"times-square\",\"publisher\":{\"@id\":\"https:\/\/welcome-to-times-square.com\/fr\/#organization\"},\"potentialAction\":[{\"@type\":\"SearchAction\",\"target\":{\"@type\":\"EntryPoint\",\"urlTemplate\":\"https:\/\/welcome-to-times-square.com\/fr\/?s={search_term_string}\"},\"query-input\":{\"@type\":\"PropertyValueSpecification\",\"valueRequired\":true,\"valueName\":\"search_term_string\"}}],\"inLanguage\":\"fr-FR\"},{\"@type\":\"Organization\",\"@id\":\"https:\/\/welcome-to-times-square.com\/fr\/#organization\",\"name\":\"times-square\",\"url\":\"https:\/\/welcome-to-times-square.com\/fr\/\",\"logo\":{\"@type\":\"ImageObject\",\"inLanguage\":\"fr-FR\",\"@id\":\"https:\/\/welcome-to-times-square.com\/fr\/#\/schema\/logo\/image\/\",\"url\":\"https:\/\/welcome-to-times-square.com\/wp-content\/uploads\/2024\/03\/welcome-to-time-square-logo-with-r.png\",\"contentUrl\":\"https:\/\/welcome-to-times-square.com\/wp-content\/uploads\/2024\/03\/welcome-to-time-square-logo-with-r.png\",\"width\":500,\"height\":342,\"caption\":\"times-square\"},\"image\":{\"@id\":\"https:\/\/welcome-to-times-square.com\/fr\/#\/schema\/logo\/image\/\"}}]}<\/script>\n<!-- \/ Yoast SEO plugin. -->","yoast_head_json":{"title":"Planifier un \u00e9v\u00e9nement \u00e0 New York - times-square","robots":{"index":"index","follow":"follow","max-snippet":"max-snippet:-1","max-image-preview":"max-image-preview:large","max-video-preview":"max-video-preview:-1"},"canonical":"https:\/\/welcome-to-times-square.com\/fr\/planning-an-event-in-nyc\/","og_locale":"fr_FR","og_type":"article","og_title":"Planifier un \u00e9v\u00e9nement \u00e0 New York - times-square","og_description":"Planifier un \u00e9v\u00e9nement \u00e0 New York Le 4 juillet est un \u00e9v\u00e9nement de planification o\u00f9 les \u00c9tats-Unis se remplissent de drapeaux, de barbecues et de feux d&rsquo;artifice pour c\u00e9l\u00e9brer leur jour le plus patriotique : le jour de l&rsquo;ind\u00e9pendance. Les Am\u00e9ricains comm\u00e9morent l&rsquo;adoption de la D\u00e9claration d&rsquo;ind\u00e9pendance par le Congr\u00e8s le 4 juillet 1776, avec [...]read morePlanifier un \u00e9v\u00e9nement \u00e0 New York","og_url":"https:\/\/welcome-to-times-square.com\/fr\/planning-an-event-in-nyc\/","og_site_name":"times-square","article_modified_time":"2025-01-17T10:16:50+00:00","og_image":[{"width":1200,"height":630,"url":"https:\/\/welcome-to-times-square.com\/wp-content\/uploads\/2022\/05\/Planning-an-event-in-NYC.jpg","type":"image\/jpeg"}],"twitter_card":"summary_large_image","twitter_misc":{"Dur\u00e9e de lecture estim\u00e9e":"5 minutes"},"schema":{"@context":"https:\/\/schema.org","@graph":[{"@type":"WebPage","@id":"https:\/\/welcome-to-times-square.com\/fr\/planning-an-event-in-nyc\/","url":"https:\/\/welcome-to-times-square.com\/fr\/planning-an-event-in-nyc\/","name":"Planifier un \u00e9v\u00e9nement \u00e0 New York - times-square","isPartOf":{"@id":"https:\/\/welcome-to-times-square.com\/fr\/#website"},"primaryImageOfPage":{"@id":"https:\/\/welcome-to-times-square.com\/fr\/planning-an-event-in-nyc\/#primaryimage"},"image":{"@id":"https:\/\/welcome-to-times-square.com\/fr\/planning-an-event-in-nyc\/#primaryimage"},"thumbnailUrl":"https:\/\/welcome-to-times-square.com\/wp-content\/uploads\/2022\/05\/Planning-an-event-in-NYC-1024x538.jpg","datePublished":"2022-05-10T20:25:09+00:00","dateModified":"2025-01-17T10:16:50+00:00","breadcrumb":{"@id":"https:\/\/welcome-to-times-square.com\/fr\/planning-an-event-in-nyc\/#breadcrumb"},"inLanguage":"fr-FR","potentialAction":[{"@type":"ReadAction","target":["https:\/\/welcome-to-times-square.com\/fr\/planning-an-event-in-nyc\/"]}]},{"@type":"ImageObject","inLanguage":"fr-FR","@id":"https:\/\/welcome-to-times-square.com\/fr\/planning-an-event-in-nyc\/#primaryimage","url":"https:\/\/welcome-to-times-square.com\/wp-content\/uploads\/2022\/05\/Planning-an-event-in-NYC-1024x538.jpg","contentUrl":"https:\/\/welcome-to-times-square.com\/wp-content\/uploads\/2022\/05\/Planning-an-event-in-NYC-1024x538.jpg"},{"@type":"BreadcrumbList","@id":"https:\/\/welcome-to-times-square.com\/fr\/planning-an-event-in-nyc\/#breadcrumb","itemListElement":[{"@type":"ListItem","position":1,"name":"Home","item":"https:\/\/welcome-to-times-square.com\/fr\/"},{"@type":"ListItem","position":2,"name":"Planifier un \u00e9v\u00e9nement \u00e0 New York"}]},{"@type":"WebSite","@id":"https:\/\/welcome-to-times-square.com\/fr\/#website","url":"https:\/\/welcome-to-times-square.com\/fr\/","name":"times-square","description":"times-square","publisher":{"@id":"https:\/\/welcome-to-times-square.com\/fr\/#organization"},"potentialAction":[{"@type":"SearchAction","target":{"@type":"EntryPoint","urlTemplate":"https:\/\/welcome-to-times-square.com\/fr\/?s={search_term_string}"},"query-input":{"@type":"PropertyValueSpecification","valueRequired":true,"valueName":"search_term_string"}}],"inLanguage":"fr-FR"},{"@type":"Organization","@id":"https:\/\/welcome-to-times-square.com\/fr\/#organization","name":"times-square","url":"https:\/\/welcome-to-times-square.com\/fr\/","logo":{"@type":"ImageObject","inLanguage":"fr-FR","@id":"https:\/\/welcome-to-times-square.com\/fr\/#\/schema\/logo\/image\/","url":"https:\/\/welcome-to-times-square.com\/wp-content\/uploads\/2024\/03\/welcome-to-time-square-logo-with-r.png","contentUrl":"https:\/\/welcome-to-times-square.com\/wp-content\/uploads\/2024\/03\/welcome-to-time-square-logo-with-r.png","width":500,"height":342,"caption":"times-square"},"image":{"@id":"https:\/\/welcome-to-times-square.com\/fr\/#\/schema\/logo\/image\/"}}]}},"_hostinger_reach_plugin_has_subscription_block":false,"_hostinger_reach_plugin_is_elementor":false,"_links":{"self":[{"href":"https:\/\/welcome-to-times-square.com\/fr\/wp-json\/wp\/v2\/pages\/8949","targetHints":{"allow":["GET"]}}],"collection":[{"href":"https:\/\/welcome-to-times-square.com\/fr\/wp-json\/wp\/v2\/pages"}],"about":[{"href":"https:\/\/welcome-to-times-square.com\/fr\/wp-json\/wp\/v2\/types\/page"}],"author":[{"embeddable":true,"href":"https:\/\/welcome-to-times-square.com\/fr\/wp-json\/wp\/v2\/users\/53"}],"replies":[{"embeddable":true,"href":"https:\/\/welcome-to-times-square.com\/fr\/wp-json\/wp\/v2\/comments?post=8949"}],"version-history":[{"count":2,"href":"https:\/\/welcome-to-times-square.com\/fr\/wp-json\/wp\/v2\/pages\/8949\/revisions"}],"predecessor-version":[{"id":8962,"href":"https:\/\/welcome-to-times-square.com\/fr\/wp-json\/wp\/v2\/pages\/8949\/revisions\/8962"}],"wp:attachment":[{"href":"https:\/\/welcome-to-times-square.com\/fr\/wp-json\/wp\/v2\/media?parent=8949"}],"curies":[{"name":"wp","href":"https:\/\/api.w.org\/{rel}","templated":true}]}}