{"id":8954,"date":"2022-04-27T19:06:40","date_gmt":"2022-04-27T19:06:40","guid":{"rendered":"https:\/\/welcome-to-times-square.com\/visitortips\/"},"modified":"2025-01-17T10:13:52","modified_gmt":"2025-01-17T10:13:52","slug":"visitortips","status":"publish","type":"page","link":"https:\/\/welcome-to-times-square.com\/fr\/visitortips\/","title":{"rendered":"Conseils aux visiteurs"},"content":{"rendered":"\t\t<div data-elementor-type=\"wp-page\" data-elementor-id=\"8954\" class=\"elementor elementor-8954 elementor-2829\" data-elementor-post-type=\"page\">\n\t\t\t\t<div class=\"elementor-element elementor-element-a7e514d e-flex e-con-boxed e-con e-parent\" data-id=\"a7e514d\" data-element_type=\"container\" data-e-type=\"container\" data-settings=\"{&quot;background_background&quot;:&quot;classic&quot;}\">\n\t\t\t\t\t<div class=\"e-con-inner\">\n\t\t\t\t<div class=\"elementor-element elementor-element-bbaf489 elementor-widget elementor-widget-heading\" data-id=\"bbaf489\" data-element_type=\"widget\" data-e-type=\"widget\" data-widget_type=\"heading.default\">\n\t\t\t\t<div class=\"elementor-widget-container\">\n\t\t\t\t\t<h2 class=\"elementor-heading-title elementor-size-default\">Conseils aux visiteurs<\/h2>\t\t\t\t<\/div>\n\t\t\t\t<\/div>\n\t\t\t\t<div class=\"elementor-element elementor-element-98dd7f0 elementor-widget-divider--view-line elementor-widget elementor-widget-divider\" data-id=\"98dd7f0\" data-element_type=\"widget\" data-e-type=\"widget\" data-widget_type=\"divider.default\">\n\t\t\t\t<div class=\"elementor-widget-container\">\n\t\t\t\t\t\t\t<div class=\"elementor-divider\">\n\t\t\t<span class=\"elementor-divider-separator\">\n\t\t\t\t\t\t<\/span>\n\t\t<\/div>\n\t\t\t\t\t\t<\/div>\n\t\t\t\t<\/div>\n\t\t\t\t<div class=\"elementor-element elementor-element-2b82bc1 elementor-widget elementor-widget-text-editor\" data-id=\"2b82bc1\" data-element_type=\"widget\" data-e-type=\"widget\" data-widget_type=\"text-editor.default\">\n\t\t\t\t<div class=\"elementor-widget-container\">\n\t\t\t\t\t\t\t\t\t<div class=\"vc_row wpb_row vc_row-fluid vc_custom_1651092060602 vc_row-has-fill\">\n<div class=\"wpb_column vc_column_container vc_col-sm-12\">\n<div class=\"vc_column-inner\">\n<div class=\"wpb_wrapper\">\n<div class=\"vc_tta-container\" data-vc-action=\"collapse\">\n<div class=\"vc_general vc_tta vc_tta-tabs vc_tta-color-grey vc_tta-style-modern vc_tta-shape-rounded vc_tta-spacing-1 vc_tta-tabs-position-top vc_tta-controls-align-left vc_custom_1651098040467\">\n<div class=\"vc_tta-panels-container\">\n<div class=\"vc_tta-panels\">\n<div id=\"1651091635865-054572bc-1eb7\" class=\"vc_tta-panel vc_active\" data-vc-content=\".vc_tta-panel-body\">\n<div class=\"vc_tta-panel-body\">\n<div class=\"wpb_text_column wpb_content_element \">\n<div class=\"wpb_wrapper\">\n<p>Les meilleurs conseils aux visiteurs de New York recommandent d&rsquo;explorer le Bronx comme un New Yorker et sa grande vari\u00e9t\u00e9 d&rsquo;attractions que cette destination offre.<\/p>\n<p>Au nord de Manhattan, le Bronx a tout \u00e0 offrir, du zoo du Bronx au c\u00e9l\u00e8bre Yankee Stadium. Prenez le temps de vous promener dans le Grand Concourse ou montez \u00e0 bord d&rsquo;un ferry depuis Manhattan jusqu&rsquo;\u00e0 un endroit idyllique au bord de l&rsquo;eau appel\u00e9 Clason Point. Vous pourrez y explorer des quartiers anim\u00e9s et magnifiques comme Riverdale, o\u00f9 les touristes peuvent d\u00e9guster une c\u00e9l\u00e8bre bi\u00e8re Guinness au An Beal Bocht, un authentique pub irlandais ; Arthur Avenue, la premi\u00e8re Little Italy de la ville ; et Mott Haven, o\u00f9 The Lit. Bar est un incontournable pour les amoureux de livres, et Chocobar Cortes est un incontournable pour les amateurs de chocolat.   <\/p>\n<p>Le Bronx est l&rsquo;un des endroits les plus c\u00e9l\u00e8bres pour le Yankee Stadium, le zoo du Bronx, le jardin botanique de New York et pour \u00eatre le berceau du hip-hop, mais il convient \u00e9galement de noter qu&rsquo;il propose de nombreuses exp\u00e9riences locales authentiques et uniques \u00e0 d\u00e9couvrir. Des sites au bord de l&rsquo;eau comme City Island et Orchard Beach, \u00e0 Arthur Avenue et Little Italy, en passant par les peintures murales et les restaurants de River Avenue et de la 161st Street, qui bordent le Yankee Stadium, les parcs et jardins tentaculaires et le plaisir de la cuisine ethnique extraordinaire dans tout l&rsquo;arrondissement, le Bronx se distingue comme une destination extraordinaire pour d\u00e9couvrir New York comme un New-Yorkais.  <\/p>\n<p>Une option d&rsquo;h\u00e9bergement unique et charmante dans le Bronx est le merveilleux h\u00f4tel-boutique Opera House, situ\u00e9 dans un th\u00e9\u00e2tre historique r\u00e9nov\u00e9 qui abritait autrefois des l\u00e9gendes du divertissement comme Harry Houdini et les Marx Brothers. L&rsquo;h\u00f4tel dispose de 60 chambres, d&rsquo;une salle de sport, du petit-d\u00e9jeuner inclus, d&rsquo;un service de conciergerie et est situ\u00e9 \u00e0 proximit\u00e9 de deux stations de m\u00e9tro : 149th Street-Grand Concourse et Third Avenue-149th Street. <\/p>\n<p>Le Bronx est un lieu charg\u00e9 d&rsquo;histoire : George Washington y a s\u00e9journ\u00e9 au XVIIIe si\u00e8cle, le po\u00e8te Edgar Allan Poe y a v\u00e9cu au XIXe si\u00e8cle et la musique hip-hop y est n\u00e9e au XXe si\u00e8cle. Le quartier compte \u00e9galement 7 000 hectares de parcs (environ 25 % de sa superficie totale), des jardins majestueux comme Wave Hill et le jardin botanique de New York au parc Van Cortlandt, c\u00e9l\u00e8bre pour son histoire, un endroit id\u00e9al pour obtenir des conseils aux visiteurs. <\/p>\n<p>Un autre conseil pour les visiteurs est que le Bronx compte \u00e9galement de nombreux restaurants, dont beaucoup sont des \u00e9tablissements familiaux chaleureux qui proposent une cuisine authentique du monde entier, que ce soit un menu colombien, \u00e0 La Masa, de la cuisine mexicaine, \u00e0 la Taqueria Tlaxcalli ou de la cuisine italienne sur Arthur Avenue. Le logo Michelin rouge et blanc se trouve sur la porte du SUYO Gastrofusion, un espace \u00e9l\u00e9gant et sophistiqu\u00e9 o\u00f9 le menu latino-asiatique comprend des empanadas au poulet tha\u00ef et du panko Ripe. Le Bronx est \u00e9galement devenu une destination pour la cuisine ouest-africaine, gr\u00e2ce \u00e0 des communaut\u00e9s d&rsquo;immigrants dynamiques comme Little Ghana. Profitez \u00e9galement de l&rsquo;occasion pour go\u00fbter \u00e0 la cuisine ghan\u00e9enne au Papaye, aux sp\u00e9cialit\u00e9s togolaises au Bognan International et n&rsquo;oubliez pas de visiter Grin pour la cuisine de la C\u00f4te d&rsquo;Ivoire.   <\/p>\n<p>Childable est un des meilleurs endroits pour les visiteurs de Broadway, o\u00f9 vous pourrez assister au spectacle du Roi Lion, une adaptation th\u00e9\u00e2trale acclam\u00e9e du film classique de Disney de 1994 et du livre de Roger Allers et Irene Mecchi, qui donne vie \u00e0 l&rsquo;histoire de Simba, le prince des lions africains, qui se bat contre son oncle mal\u00e9fique Scar pour le tr\u00f4ne, une fois qu&rsquo;il a tu\u00e9 son p\u00e8re. Mais avant que Simba ne puisse prendre la place qui lui revient dans le Cycle de la Vie, il grandit avec ses deux amis qui aiment s&rsquo;amuser, Timon et Pumbaa. Ensemble, ils enseignent \u00e0 Simba sa philosophie de vie, Hakuna Matata. Une autre com\u00e9die musicale acclam\u00e9e est Le Fant\u00f4me de l&rsquo;Op\u00e9ra, l&rsquo;une des com\u00e9dies musicales de Broadway \u00e0 succ\u00e8s qui a \u00e9t\u00e9 r\u00e9compens\u00e9e par 7 Tony Awards, gr\u00e2ce \u00e0 la merveilleuse adaptation du roman populaire de Gaston Leroux.   <\/p>\n<p>De plus, un autre conseil aux visiteurs est que The Mills at Jersey Gardens regroupe plus de 200 magasins sous un m\u00eame toit auxquels il est pr\u00e9vu d&rsquo;ajouter 80 autres, en plus des restaurants et des divertissements, il est situ\u00e9 \u00e0 proximit\u00e9 de l&rsquo;a\u00e9roport de Newark. \u00ab \u00catre \u00e0 l\u2019int\u00e9rieur \u00bb n\u2019est pas une mince affaire dans ce quartier car en \u00e9t\u00e9 il fait tr\u00e8s chaud et faire du shopping avec la climatisation est un soulagement. Et pour l&rsquo;hiver, des couloirs chauff\u00e9s, car le froid est tr\u00e8s dur.<\/p>\n<\/div>\n<\/div>\n<\/div>\n<\/div>\n<\/div>\n<\/div>\n<\/div>\n<\/div>\n<\/div>\n<\/div>\n<\/div>\n<\/div>\n\t\t\t\t\t\t\t\t<\/div>\n\t\t\t\t<\/div>\n\t\t\t\t<div class=\"elementor-element elementor-element-3c0a951 elementor-widget-divider--view-line elementor-widget elementor-widget-divider\" data-id=\"3c0a951\" data-element_type=\"widget\" data-e-type=\"widget\" data-widget_type=\"divider.default\">\n\t\t\t\t<div class=\"elementor-widget-container\">\n\t\t\t\t\t\t\t<div class=\"elementor-divider\">\n\t\t\t<span class=\"elementor-divider-separator\">\n\t\t\t\t\t\t<\/span>\n\t\t<\/div>\n\t\t\t\t\t\t<\/div>\n\t\t\t\t<\/div>\n\t\t\t\t<div class=\"elementor-element elementor-element-732b94c elementor-widget elementor-widget-text-editor\" data-id=\"732b94c\" data-element_type=\"widget\" data-e-type=\"widget\" data-widget_type=\"text-editor.default\">\n\t\t\t\t<div class=\"elementor-widget-container\">\n\t\t\t\t\t\t\t\t\t<p><strong>Pour figurer sur notre panneau d&rsquo;affichage \u00e0 Times Square, veuillez consulter notre section CONTACT.<\/strong><\/p>\n<p>Voici comment cela fonctionne :<\/p>\n<p>Qu&rsquo;il s&rsquo;agisse d&rsquo;un anniversaire, d&rsquo;une demande en mariage, d&rsquo;un anniversaire ou d&rsquo;une simple d\u00e9claration d&rsquo;amour, nous avons tout pr\u00e9vu. Ne soyez pas un visage dans la foule ! <br \/>Affichez votre photo ou votre vid\u00e9o sur notre panneau d&rsquo;affichage \u00e0 Times Square !<\/p>\n<p>Option 1 : Votre vid\u00e9o\/photo de 60 secondes sera affich\u00e9e 22 fois par jour.<br \/>Option 2 : Votre vid\u00e9o\/photo de 30 secondes sera affich\u00e9e 44 fois par jour<br \/>Option 3 : Votre vid\u00e9o\/photo de 15 secondes sera affich\u00e9e 88 fois par jour.<\/p>\n<p>Notre panneau d&rsquo;affichage mesure 31 pieds x 55 pieds et est situ\u00e9 au 1560 Broadway (\u00e0 l&rsquo;angle de Broadway et de la 46e rue, juste au-dessus du magasin Pel\u00e9).<\/p>\n<p>Ne soyez pas un visage dans la foule !<\/p>\n\t\t\t\t\t\t\t\t<\/div>\n\t\t\t\t<\/div>\n\t\t\t\t<div class=\"elementor-element elementor-element-8fd3fb8 elementor-widget elementor-widget-image\" data-id=\"8fd3fb8\" data-element_type=\"widget\" data-e-type=\"widget\" data-widget_type=\"image.default\">\n\t\t\t\t<div class=\"elementor-widget-container\">\n\t\t\t\t\t\t\t\t\t\t\t\t\t\t\t<img fetchpriority=\"high\" decoding=\"async\" width=\"1024\" height=\"578\" src=\"https:\/\/welcome-to-times-square.com\/wp-content\/uploads\/2022\/04\/visitor-tips-1024x578.png\" class=\"attachment-large size-large wp-image-6187\" alt=\"\" srcset=\"https:\/\/welcome-to-times-square.com\/wp-content\/uploads\/2022\/04\/visitor-tips-1024x578.png 1024w, https:\/\/welcome-to-times-square.com\/wp-content\/uploads\/2022\/04\/visitor-tips-600x339.png 600w, https:\/\/welcome-to-times-square.com\/wp-content\/uploads\/2022\/04\/visitor-tips-300x169.png 300w, https:\/\/welcome-to-times-square.com\/wp-content\/uploads\/2022\/04\/visitor-tips-768x434.png 768w, https:\/\/welcome-to-times-square.com\/wp-content\/uploads\/2022\/04\/visitor-tips-1536x867.png 1536w, https:\/\/welcome-to-times-square.com\/wp-content\/uploads\/2022\/04\/visitor-tips-2048x1156.png 2048w\" sizes=\"(max-width: 1024px) 100vw, 1024px\" \/>\t\t\t\t\t\t\t\t\t\t\t\t\t\t\t<\/div>\n\t\t\t\t<\/div>\n\t\t\t\t\t<\/div>\n\t\t\t\t<\/div>\n\t\t\t\t<\/div>\n\t\t","protected":false},"excerpt":{"rendered":"Conseils aux visiteurs Les meilleurs conseils aux visiteurs de New York recommandent d'explorer le Bronx comme un New Yorker et sa grande vari\u00e9t\u00e9 d'attractions que cette destination offre. Au nord de Manhattan, le Bronx a tout \u00e0 offrir, du zoo du Bronx au c\u00e9l\u00e8bre Yankee Stadium. Prenez le temps de vous promener dans le Grand [...]<a href=\"https:\/\/welcome-to-times-square.com\/fr\/visitortips\/\" class=\"read-more wyz-secondary-color-text\">read more<span class=\"screen-reader-text\">Conseils aux visiteurs<\/span><\/a>","protected":false},"author":53,"featured_media":0,"parent":0,"menu_order":0,"comment_status":"closed","ping_status":"closed","template":"elementor_header_footer","meta":{"footnotes":""},"class_list":["post-8954","page","type-page","status-publish","hentry"],"yoast_head":"<!-- This site is optimized with the Yoast SEO plugin v27.2 - https:\/\/yoast.com\/product\/yoast-seo-wordpress\/ -->\n<title>Conseils aux visiteurs - times-square<\/title>\n<meta name=\"robots\" content=\"index, follow, max-snippet:-1, max-image-preview:large, max-video-preview:-1\" \/>\n<link rel=\"canonical\" href=\"https:\/\/welcome-to-times-square.com\/fr\/visitortips\/\" \/>\n<meta property=\"og:locale\" content=\"fr_FR\" \/>\n<meta property=\"og:type\" content=\"article\" \/>\n<meta property=\"og:title\" content=\"Conseils aux visiteurs - times-square\" \/>\n<meta property=\"og:description\" content=\"Conseils aux visiteurs Les meilleurs conseils aux visiteurs de New York recommandent d&rsquo;explorer le Bronx comme un New Yorker et sa grande vari\u00e9t\u00e9 d&rsquo;attractions que cette destination offre. Au nord de Manhattan, le Bronx a tout \u00e0 offrir, du zoo du Bronx au c\u00e9l\u00e8bre Yankee Stadium. Prenez le temps de vous promener dans le Grand [...]read moreConseils aux visiteurs\" \/>\n<meta property=\"og:url\" content=\"https:\/\/welcome-to-times-square.com\/fr\/visitortips\/\" \/>\n<meta property=\"og:site_name\" content=\"times-square\" \/>\n<meta property=\"article:modified_time\" content=\"2025-01-17T10:13:52+00:00\" \/>\n<meta property=\"og:image\" content=\"https:\/\/welcome-to-times-square.com\/wp-content\/uploads\/2022\/04\/visitor-tips-1024x578.png\" \/>\n\t<meta property=\"og:image:width\" content=\"1024\" \/>\n\t<meta property=\"og:image:height\" content=\"578\" \/>\n\t<meta property=\"og:image:type\" content=\"image\/png\" \/>\n<meta name=\"twitter:card\" content=\"summary_large_image\" \/>\n<meta name=\"twitter:label1\" content=\"Dur\u00e9e de lecture estim\u00e9e\" \/>\n\t<meta name=\"twitter:data1\" content=\"4 minutes\" \/>\n<script type=\"application\/ld+json\" class=\"yoast-schema-graph\">{\"@context\":\"https:\/\/schema.org\",\"@graph\":[{\"@type\":\"WebPage\",\"@id\":\"https:\/\/welcome-to-times-square.com\/fr\/visitortips\/\",\"url\":\"https:\/\/welcome-to-times-square.com\/fr\/visitortips\/\",\"name\":\"Conseils aux visiteurs - times-square\",\"isPartOf\":{\"@id\":\"https:\/\/welcome-to-times-square.com\/fr\/#website\"},\"primaryImageOfPage\":{\"@id\":\"https:\/\/welcome-to-times-square.com\/fr\/visitortips\/#primaryimage\"},\"image\":{\"@id\":\"https:\/\/welcome-to-times-square.com\/fr\/visitortips\/#primaryimage\"},\"thumbnailUrl\":\"https:\/\/welcome-to-times-square.com\/wp-content\/uploads\/2022\/04\/visitor-tips-1024x578.png\",\"datePublished\":\"2022-04-27T19:06:40+00:00\",\"dateModified\":\"2025-01-17T10:13:52+00:00\",\"breadcrumb\":{\"@id\":\"https:\/\/welcome-to-times-square.com\/fr\/visitortips\/#breadcrumb\"},\"inLanguage\":\"fr-FR\",\"potentialAction\":[{\"@type\":\"ReadAction\",\"target\":[\"https:\/\/welcome-to-times-square.com\/fr\/visitortips\/\"]}]},{\"@type\":\"ImageObject\",\"inLanguage\":\"fr-FR\",\"@id\":\"https:\/\/welcome-to-times-square.com\/fr\/visitortips\/#primaryimage\",\"url\":\"https:\/\/welcome-to-times-square.com\/wp-content\/uploads\/2022\/04\/visitor-tips-1024x578.png\",\"contentUrl\":\"https:\/\/welcome-to-times-square.com\/wp-content\/uploads\/2022\/04\/visitor-tips-1024x578.png\"},{\"@type\":\"BreadcrumbList\",\"@id\":\"https:\/\/welcome-to-times-square.com\/fr\/visitortips\/#breadcrumb\",\"itemListElement\":[{\"@type\":\"ListItem\",\"position\":1,\"name\":\"Home\",\"item\":\"https:\/\/welcome-to-times-square.com\/fr\/\"},{\"@type\":\"ListItem\",\"position\":2,\"name\":\"Conseils aux visiteurs\"}]},{\"@type\":\"WebSite\",\"@id\":\"https:\/\/welcome-to-times-square.com\/fr\/#website\",\"url\":\"https:\/\/welcome-to-times-square.com\/fr\/\",\"name\":\"times-square\",\"description\":\"times-square\",\"publisher\":{\"@id\":\"https:\/\/welcome-to-times-square.com\/fr\/#organization\"},\"potentialAction\":[{\"@type\":\"SearchAction\",\"target\":{\"@type\":\"EntryPoint\",\"urlTemplate\":\"https:\/\/welcome-to-times-square.com\/fr\/?s={search_term_string}\"},\"query-input\":{\"@type\":\"PropertyValueSpecification\",\"valueRequired\":true,\"valueName\":\"search_term_string\"}}],\"inLanguage\":\"fr-FR\"},{\"@type\":\"Organization\",\"@id\":\"https:\/\/welcome-to-times-square.com\/fr\/#organization\",\"name\":\"times-square\",\"url\":\"https:\/\/welcome-to-times-square.com\/fr\/\",\"logo\":{\"@type\":\"ImageObject\",\"inLanguage\":\"fr-FR\",\"@id\":\"https:\/\/welcome-to-times-square.com\/fr\/#\/schema\/logo\/image\/\",\"url\":\"https:\/\/welcome-to-times-square.com\/wp-content\/uploads\/2024\/03\/welcome-to-time-square-logo-with-r.png\",\"contentUrl\":\"https:\/\/welcome-to-times-square.com\/wp-content\/uploads\/2024\/03\/welcome-to-time-square-logo-with-r.png\",\"width\":500,\"height\":342,\"caption\":\"times-square\"},\"image\":{\"@id\":\"https:\/\/welcome-to-times-square.com\/fr\/#\/schema\/logo\/image\/\"}}]}<\/script>\n<!-- \/ Yoast SEO plugin. -->","yoast_head_json":{"title":"Conseils aux visiteurs - times-square","robots":{"index":"index","follow":"follow","max-snippet":"max-snippet:-1","max-image-preview":"max-image-preview:large","max-video-preview":"max-video-preview:-1"},"canonical":"https:\/\/welcome-to-times-square.com\/fr\/visitortips\/","og_locale":"fr_FR","og_type":"article","og_title":"Conseils aux visiteurs - times-square","og_description":"Conseils aux visiteurs Les meilleurs conseils aux visiteurs de New York recommandent d&rsquo;explorer le Bronx comme un New Yorker et sa grande vari\u00e9t\u00e9 d&rsquo;attractions que cette destination offre. Au nord de Manhattan, le Bronx a tout \u00e0 offrir, du zoo du Bronx au c\u00e9l\u00e8bre Yankee Stadium. Prenez le temps de vous promener dans le Grand [...]read moreConseils aux visiteurs","og_url":"https:\/\/welcome-to-times-square.com\/fr\/visitortips\/","og_site_name":"times-square","article_modified_time":"2025-01-17T10:13:52+00:00","og_image":[{"width":1024,"height":578,"url":"https:\/\/welcome-to-times-square.com\/wp-content\/uploads\/2022\/04\/visitor-tips-1024x578.png","type":"image\/png"}],"twitter_card":"summary_large_image","twitter_misc":{"Dur\u00e9e de lecture estim\u00e9e":"4 minutes"},"schema":{"@context":"https:\/\/schema.org","@graph":[{"@type":"WebPage","@id":"https:\/\/welcome-to-times-square.com\/fr\/visitortips\/","url":"https:\/\/welcome-to-times-square.com\/fr\/visitortips\/","name":"Conseils aux visiteurs - times-square","isPartOf":{"@id":"https:\/\/welcome-to-times-square.com\/fr\/#website"},"primaryImageOfPage":{"@id":"https:\/\/welcome-to-times-square.com\/fr\/visitortips\/#primaryimage"},"image":{"@id":"https:\/\/welcome-to-times-square.com\/fr\/visitortips\/#primaryimage"},"thumbnailUrl":"https:\/\/welcome-to-times-square.com\/wp-content\/uploads\/2022\/04\/visitor-tips-1024x578.png","datePublished":"2022-04-27T19:06:40+00:00","dateModified":"2025-01-17T10:13:52+00:00","breadcrumb":{"@id":"https:\/\/welcome-to-times-square.com\/fr\/visitortips\/#breadcrumb"},"inLanguage":"fr-FR","potentialAction":[{"@type":"ReadAction","target":["https:\/\/welcome-to-times-square.com\/fr\/visitortips\/"]}]},{"@type":"ImageObject","inLanguage":"fr-FR","@id":"https:\/\/welcome-to-times-square.com\/fr\/visitortips\/#primaryimage","url":"https:\/\/welcome-to-times-square.com\/wp-content\/uploads\/2022\/04\/visitor-tips-1024x578.png","contentUrl":"https:\/\/welcome-to-times-square.com\/wp-content\/uploads\/2022\/04\/visitor-tips-1024x578.png"},{"@type":"BreadcrumbList","@id":"https:\/\/welcome-to-times-square.com\/fr\/visitortips\/#breadcrumb","itemListElement":[{"@type":"ListItem","position":1,"name":"Home","item":"https:\/\/welcome-to-times-square.com\/fr\/"},{"@type":"ListItem","position":2,"name":"Conseils aux visiteurs"}]},{"@type":"WebSite","@id":"https:\/\/welcome-to-times-square.com\/fr\/#website","url":"https:\/\/welcome-to-times-square.com\/fr\/","name":"times-square","description":"times-square","publisher":{"@id":"https:\/\/welcome-to-times-square.com\/fr\/#organization"},"potentialAction":[{"@type":"SearchAction","target":{"@type":"EntryPoint","urlTemplate":"https:\/\/welcome-to-times-square.com\/fr\/?s={search_term_string}"},"query-input":{"@type":"PropertyValueSpecification","valueRequired":true,"valueName":"search_term_string"}}],"inLanguage":"fr-FR"},{"@type":"Organization","@id":"https:\/\/welcome-to-times-square.com\/fr\/#organization","name":"times-square","url":"https:\/\/welcome-to-times-square.com\/fr\/","logo":{"@type":"ImageObject","inLanguage":"fr-FR","@id":"https:\/\/welcome-to-times-square.com\/fr\/#\/schema\/logo\/image\/","url":"https:\/\/welcome-to-times-square.com\/wp-content\/uploads\/2024\/03\/welcome-to-time-square-logo-with-r.png","contentUrl":"https:\/\/welcome-to-times-square.com\/wp-content\/uploads\/2024\/03\/welcome-to-time-square-logo-with-r.png","width":500,"height":342,"caption":"times-square"},"image":{"@id":"https:\/\/welcome-to-times-square.com\/fr\/#\/schema\/logo\/image\/"}}]}},"_hostinger_reach_plugin_has_subscription_block":false,"_hostinger_reach_plugin_is_elementor":false,"_links":{"self":[{"href":"https:\/\/welcome-to-times-square.com\/fr\/wp-json\/wp\/v2\/pages\/8954","targetHints":{"allow":["GET"]}}],"collection":[{"href":"https:\/\/welcome-to-times-square.com\/fr\/wp-json\/wp\/v2\/pages"}],"about":[{"href":"https:\/\/welcome-to-times-square.com\/fr\/wp-json\/wp\/v2\/types\/page"}],"author":[{"embeddable":true,"href":"https:\/\/welcome-to-times-square.com\/fr\/wp-json\/wp\/v2\/users\/53"}],"replies":[{"embeddable":true,"href":"https:\/\/welcome-to-times-square.com\/fr\/wp-json\/wp\/v2\/comments?post=8954"}],"version-history":[{"count":2,"href":"https:\/\/welcome-to-times-square.com\/fr\/wp-json\/wp\/v2\/pages\/8954\/revisions"}],"predecessor-version":[{"id":8960,"href":"https:\/\/welcome-to-times-square.com\/fr\/wp-json\/wp\/v2\/pages\/8954\/revisions\/8960"}],"wp:attachment":[{"href":"https:\/\/welcome-to-times-square.com\/fr\/wp-json\/wp\/v2\/media?parent=8954"}],"curies":[{"name":"wp","href":"https:\/\/api.w.org\/{rel}","templated":true}]}}