{"id":8973,"date":"2022-04-27T19:05:53","date_gmt":"2022-04-27T19:05:53","guid":{"rendered":"https:\/\/welcome-to-times-square.com\/visitorfaq\/"},"modified":"2025-01-17T10:39:23","modified_gmt":"2025-01-17T10:39:23","slug":"visitorfaq","status":"publish","type":"page","link":"https:\/\/welcome-to-times-square.com\/fr\/visitorfaq\/","title":{"rendered":"FAQ visiteurs"},"content":{"rendered":"\t\t<div data-elementor-type=\"wp-page\" data-elementor-id=\"8973\" class=\"elementor elementor-8973 elementor-2830\" data-elementor-post-type=\"page\">\n\t\t\t\t<div class=\"elementor-element elementor-element-9b40b4e e-flex e-con-boxed e-con e-parent\" data-id=\"9b40b4e\" data-element_type=\"container\" data-e-type=\"container\" data-settings=\"{&quot;background_background&quot;:&quot;classic&quot;}\">\n\t\t\t\t\t<div class=\"e-con-inner\">\n\t\t\t\t<div class=\"elementor-element elementor-element-a75fb83 elementor-widget elementor-widget-heading\" data-id=\"a75fb83\" data-element_type=\"widget\" data-e-type=\"widget\" data-widget_type=\"heading.default\">\n\t\t\t\t<div class=\"elementor-widget-container\">\n\t\t\t\t\t<h2 class=\"elementor-heading-title elementor-size-default\">FAQ visiteurs<\/h2>\t\t\t\t<\/div>\n\t\t\t\t<\/div>\n\t\t\t\t<div class=\"elementor-element elementor-element-1e178c4 elementor-widget-divider--view-line elementor-widget elementor-widget-divider\" data-id=\"1e178c4\" data-element_type=\"widget\" data-e-type=\"widget\" data-widget_type=\"divider.default\">\n\t\t\t\t<div class=\"elementor-widget-container\">\n\t\t\t\t\t\t\t<div class=\"elementor-divider\">\n\t\t\t<span class=\"elementor-divider-separator\">\n\t\t\t\t\t\t<\/span>\n\t\t<\/div>\n\t\t\t\t\t\t<\/div>\n\t\t\t\t<\/div>\n\t\t\t\t<div class=\"elementor-element elementor-element-a0ad9c3 elementor-widget elementor-widget-text-editor\" data-id=\"a0ad9c3\" data-element_type=\"widget\" data-e-type=\"widget\" data-widget_type=\"text-editor.default\">\n\t\t\t\t<div class=\"elementor-widget-container\">\n\t\t\t\t\t\t\t\t\t<div class=\"vc_row wpb_row vc_row-fluid vc_custom_1651092795173 vc_row-has-fill\">\n<div class=\"wpb_column vc_column_container vc_col-sm-12\">\n<div class=\"vc_column-inner\">\n<div class=\"wpb_wrapper\">\n<div class=\"vc_tta-container\" data-vc-action=\"collapse\">\n<div class=\"vc_general vc_tta vc_tta-tabs vc_tta-color-grey vc_tta-style-classic vc_tta-shape-rounded vc_tta-spacing-1 vc_tta-tabs-position-top vc_tta-controls-align-left vc_custom_1651098037020\">\n<div class=\"vc_tta-panels-container\">\n<div class=\"vc_tta-panels\">\n<div id=\"1651092594463-356d3df9-d74a\" class=\"vc_tta-panel vc_active\" data-vc-content=\".vc_tta-panel-body\">\n<div class=\"vc_tta-panel-body\">\n<div class=\"wpb_text_column wpb_content_element \">\n<div class=\"wpb_wrapper\">\n<p>Pour les citoyens et les touristes, il est important de conna\u00eetre toutes les questions fr\u00e9quentes des visiteurs afin d&rsquo;optimiser les temps de d\u00e9placement \u00e0 New York. Il n&rsquo;y a pas de meilleur outil que la connaissance et nous vous proposons ici les diff\u00e9rentes activit\u00e9s pour faire de New York une exp\u00e9rience inoubliable, en plus de Times Square. <\/p>\n<p>Fifth Avenue : \u00c9galement appel\u00e9e l&rsquo;avenue des millionnaires en raison de ses valeurs exorbitantes, c&rsquo;est l&rsquo;une des rues commer\u00e7antes les plus importantes de New York et o\u00f9 se trouvent les magasins des marques les plus c\u00e9l\u00e8bres. La zone commerciale la plus visit\u00e9e est la plus proche de Central Park. <\/p>\n<p>Le magasin le plus fr\u00e9quent\u00e9 est g\u00e9n\u00e9ralement l&rsquo;Apple Store, connu pour son design et pour proposer des ordinateurs avec connexion Internet gratuite, quelque chose de tr\u00e8s appr\u00e9ci\u00e9 des touristes.<\/p>\n<p>Une autre zone commerciale importante est celle qui va de Washington Square au Flatiron Building, le premier gratte-ciel de New York.<\/p>\n<p>Le centre n\u00e9vralgique du quartier est la place, qui se trouve \u00e0 l&rsquo;intersection de Broadway et de la 7e Avenue, dans le Midtown Manhattan. C&rsquo;est l\u00e0 que se trouvent les c\u00e9l\u00e8bres escaliers rouges, les enseignes lumineuses, les m\u00e9gastores de nombreuses cha\u00eenes, etc. Malgr\u00e9 ce que son nom indique, ce n&rsquo;est pas une place typique puisque Broadway Avenue traverse le quartier en diagonale, de sorte que Times Square est compos\u00e9 de deux places triangulaires.  <\/p>\n<p>Une autre des attractions touristiques les plus c\u00e9l\u00e8bres est la c\u00e9l\u00e8bre place de New York, qui est l&rsquo;une des attractions touristiques les plus \u00e9blouissantes et l&rsquo;une des plus visit\u00e9es au monde. Lumi\u00e8res, sons et panneaux d&rsquo;affichage. Quiconque la visite peut rencontrer des artistes c\u00e9l\u00e8bres de diff\u00e9rents pays du monde. Le plus important dans ce centre touristique est d&rsquo;\u00eatre attentif \u00e0 tout ce qui se passe autour de vous et de ne manquer aucun d\u00e9tail. D\u00e9test\u00e9 et aim\u00e9 \u00e0 parts \u00e9gales, des milliers de personnes -et de personnages- des plus vari\u00e9s le traversent quotidiennement. Situ\u00e9 au centre de Manhattan, il ne laisse personne indiff\u00e9rent.     <\/p>\n<p>La Statue de la Libert\u00e9 est une attraction incontournable pour les visiteurs. Vous embarquerez pour une croisi\u00e8re et naviguerez sur les eaux de l&rsquo;Hudson jusqu&rsquo;aux pieds de la Statue. C&rsquo;est une exp\u00e9rience sans pareille. Avec un guide historique, vous arriverez \u00e0 Liberty Island pour voir de pr\u00e8s ce chef-d&rsquo;\u0153uvre d&rsquo;ing\u00e9nierie, ce symbole de ce que repr\u00e9sentent les \u00c9tats-Unis. <\/p>\n<p>Une autre des questions les plus fr\u00e9quemment pos\u00e9es par les visiteurs est le tour en h\u00e9licopt\u00e8re. Voir Manhattan d&rsquo;en haut r\u00e9siste \u00e0 tout type de critique ou de description. Les principales attractions d&rsquo;une ville peuvent \u00eatre vues d&rsquo;un point de vue unique. <\/p>\n<p>Messe Gospel, une grande foire aux questions des visiteurs, vous y vivrez une des exp\u00e9riences sensorielles d&rsquo;assister \u00e0 une messe \u00e0 Harlem, c&rsquo;est quelque chose d&rsquo;unique qui ne se vit pas dans une autre partie du monde. Particuli\u00e8re \u00e0 cette zone de New York, la culture de tout un quartier se d\u00e9roule dans ces petites structures religieuses. <\/p>\n<p>Quelques ann\u00e9es apr\u00e8s l&rsquo;ouverture du One World Observatory, l&rsquo;horizon de la ville a accueilli Edge at Hudson Yards en 2020, qui a \u00e9galement r\u00e9cemment introduit une nouvelle fa\u00e7on \u00e9tonnante de voir l&rsquo;horizon avec City Climb, l&rsquo;aventure du gratte-ciel pour ceux qui cherchent \u00e0 profiter d&rsquo;une vue \u00e0 365 m\u00e8tres au-dessus du sol.<\/p>\n<p>L\u2019automne dernier, Summit One Vanderbilt a inaugur\u00e9 son cinqui\u00e8me observatoire. De plus, une nouvelle attraction virtuelle offrant une vue unique a fait ses d\u00e9buts : RiseNY, une exp\u00e9rience immersive et interactive qui donne aux visiteurs la possibilit\u00e9 de voir la ville virtuellement tout en \u00e9tant suspendus \u00e0 9 m\u00e8tres dans les airs. <\/p>\n<p>Le 6 avril, le Whitney Museum a c\u00e9l\u00e9br\u00e9 sa 80e Whitney Biennale, Quiet as It\u2019s Kept, mettant en vedette une vari\u00e9t\u00e9 d\u2019artistes interg\u00e9n\u00e9rationnels pr\u00e9sentant une constellation d\u2019art et d\u2019id\u00e9es qui sont pr\u00e9sents aujourd\u2019hui.<\/p>\n<p>Une question tr\u00e8s importante pour les visiteurs est le Makina Caf\u00e9, le premier restaurant \u00e9thiopien-\u00e9rythr\u00e9en mobile de la ville, qui est un restaurant \u00e0 service complet \u00e0 Sunnyside, dans le Queens. Eisenberg&rsquo;s Sandwich Shop, un restaurant de sandwichs de Manhattan ouvert depuis 91 ans, rouvrira ses portes sous un nouveau nom, S&amp;P. <\/p>\n<p>D&rsquo;autre part, le c\u00e9l\u00e8bre Clinton Hall a ouvert sa sixi\u00e8me brasserie dans les Empire Outlets. Ils proposent une solide s\u00e9lection de bi\u00e8res artisanales, de vins, de cocktails et de plats. <\/p>\n<p>Autre FAQ des visiteurs, \u00ab Le Pavillon \u00bb est un espace impressionnant, cr\u00e9\u00e9 par le chef Daniel Boulud, avec un service amical et impeccable, des fruits de mer de qualit\u00e9 et une grande vari\u00e9t\u00e9 de plats de l\u00e9gumes. Pendant la pand\u00e9mie, Boulud a \u00e9galement r\u00e9nov\u00e9 en profondeur son restaurant bien-aim\u00e9 \u00ab Daniel \u00bb. <\/p>\n<p>FAQ visiteurs, il existe de nombreux h\u00f4tels qui ont plus d&rsquo;histoire \u00e0 New York dans certains de ces endroits pass\u00e9s par des personnages comme Marilyn Monroe, JFK, Sid Vicious ou Bob Dylan.<\/p>\n<p>L\u2019h\u00f4tel Plaza fait sans doute partie des h\u00f4tels les plus embl\u00e9matiques de Midtown \u00e0 New York. Il propose des lits king-size avec vue sur Central Park et le magasin Apple le plus c\u00e9l\u00e8bre du monde. De nombreuses l\u00e9gendes entourent cet h\u00f4tel depuis son ouverture en 1907, d\u2019apr\u00e8s les plans de Henry Janeway Hardenbergh, un classique de la ville qui a \u00e9galement con\u00e7u le Waldorf Astoria ou le Dakota. Mais dire que la mort d\u2019Hitchcock commence dans le hall de l\u2019h\u00f4tel, c\u2019est d\u00e9j\u00e0 assez pour essayer de sortir la t\u00eate pour prendre quelques photos.   <\/p>\n<\/div>\n<\/div>\n<\/div>\n<\/div>\n<\/div>\n<\/div>\n<\/div>\n<\/div>\n<\/div>\n<\/div>\n<\/div>\n<\/div>\n\t\t\t\t\t\t\t\t<\/div>\n\t\t\t\t<\/div>\n\t\t\t\t<div class=\"elementor-element elementor-element-8c36d66 elementor-widget-divider--view-line elementor-widget elementor-widget-divider\" data-id=\"8c36d66\" data-element_type=\"widget\" data-e-type=\"widget\" data-widget_type=\"divider.default\">\n\t\t\t\t<div class=\"elementor-widget-container\">\n\t\t\t\t\t\t\t<div class=\"elementor-divider\">\n\t\t\t<span class=\"elementor-divider-separator\">\n\t\t\t\t\t\t<\/span>\n\t\t<\/div>\n\t\t\t\t\t\t<\/div>\n\t\t\t\t<\/div>\n\t\t\t\t<div class=\"elementor-element elementor-element-9884656 elementor-widget elementor-widget-text-editor\" data-id=\"9884656\" data-element_type=\"widget\" data-e-type=\"widget\" data-widget_type=\"text-editor.default\">\n\t\t\t\t<div class=\"elementor-widget-container\">\n\t\t\t\t\t\t\t\t\t<p><strong>Pour figurer sur notre panneau d&rsquo;affichage \u00e0 Times Square, veuillez consulter notre section CONTACT.<\/strong><\/p>\n<p>Voici comment cela fonctionne :<\/p>\n<p>Qu&rsquo;il s&rsquo;agisse d&rsquo;un anniversaire, d&rsquo;une demande en mariage, d&rsquo;un anniversaire ou d&rsquo;une simple d\u00e9claration d&rsquo;amour, nous avons tout pr\u00e9vu. Ne soyez pas un visage dans la foule ! <br \/>Affichez votre photo ou votre vid\u00e9o sur notre panneau d&rsquo;affichage \u00e0 Times Square !<\/p>\n<p>Option 1 : Votre vid\u00e9o\/photo de 60 secondes sera affich\u00e9e 22 fois par jour.<br \/>Option 2 : Votre vid\u00e9o\/photo de 30 secondes sera affich\u00e9e 44 fois par jour<br \/>Option 3 : Votre vid\u00e9o\/photo de 15 secondes sera affich\u00e9e 88 fois par jour.<\/p>\n<p>Notre panneau d&rsquo;affichage mesure 31 pieds x 55 pieds et est situ\u00e9 au 1560 Broadway (\u00e0 l&rsquo;angle de Broadway et de la 46e rue, juste au-dessus du magasin Pel\u00e9).<\/p>\n<p>Ne soyez pas un visage dans la foule !<\/p>\n\t\t\t\t\t\t\t\t<\/div>\n\t\t\t\t<\/div>\n\t\t\t\t<div class=\"elementor-element elementor-element-ab80097 elementor-widget elementor-widget-image\" data-id=\"ab80097\" data-element_type=\"widget\" data-e-type=\"widget\" data-widget_type=\"image.default\">\n\t\t\t\t<div class=\"elementor-widget-container\">\n\t\t\t\t\t\t\t\t\t\t\t\t\t\t\t<img fetchpriority=\"high\" decoding=\"async\" width=\"1024\" height=\"353\" src=\"https:\/\/welcome-to-times-square.com\/wp-content\/uploads\/2022\/04\/visitor-faq-1024x353.png\" class=\"attachment-large size-large wp-image-6192\" alt=\"\" srcset=\"https:\/\/welcome-to-times-square.com\/wp-content\/uploads\/2022\/04\/visitor-faq-1024x353.png 1024w, https:\/\/welcome-to-times-square.com\/wp-content\/uploads\/2022\/04\/visitor-faq-600x207.png 600w, https:\/\/welcome-to-times-square.com\/wp-content\/uploads\/2022\/04\/visitor-faq-300x104.png 300w, https:\/\/welcome-to-times-square.com\/wp-content\/uploads\/2022\/04\/visitor-faq-768x265.png 768w, https:\/\/welcome-to-times-square.com\/wp-content\/uploads\/2022\/04\/visitor-faq-1536x530.png 1536w, https:\/\/welcome-to-times-square.com\/wp-content\/uploads\/2022\/04\/visitor-faq-2048x707.png 2048w\" sizes=\"(max-width: 1024px) 100vw, 1024px\" \/>\t\t\t\t\t\t\t\t\t\t\t\t\t\t\t<\/div>\n\t\t\t\t<\/div>\n\t\t\t\t\t<\/div>\n\t\t\t\t<\/div>\n\t\t\t\t<\/div>\n\t\t","protected":false},"excerpt":{"rendered":"FAQ visiteurs Pour les citoyens et les touristes, il est important de conna\u00eetre toutes les questions fr\u00e9quentes des visiteurs afin d'optimiser les temps de d\u00e9placement \u00e0 New York. Il n'y a pas de meilleur outil que la connaissance et nous vous proposons ici les diff\u00e9rentes activit\u00e9s pour faire de New York une exp\u00e9rience inoubliable, en [...]<a href=\"https:\/\/welcome-to-times-square.com\/fr\/visitorfaq\/\" class=\"read-more wyz-secondary-color-text\">read more<span class=\"screen-reader-text\">FAQ visiteurs<\/span><\/a>","protected":false},"author":53,"featured_media":0,"parent":0,"menu_order":0,"comment_status":"closed","ping_status":"closed","template":"elementor_header_footer","meta":{"footnotes":""},"class_list":["post-8973","page","type-page","status-publish","hentry"],"yoast_head":"<!-- This site is optimized with the Yoast SEO plugin v27.2 - https:\/\/yoast.com\/product\/yoast-seo-wordpress\/ -->\n<title>FAQ visiteurs - times-square<\/title>\n<meta name=\"robots\" content=\"index, follow, max-snippet:-1, max-image-preview:large, max-video-preview:-1\" \/>\n<link rel=\"canonical\" href=\"https:\/\/welcome-to-times-square.com\/fr\/visitorfaq\/\" \/>\n<meta property=\"og:locale\" content=\"fr_FR\" \/>\n<meta property=\"og:type\" content=\"article\" \/>\n<meta property=\"og:title\" content=\"FAQ visiteurs - times-square\" \/>\n<meta property=\"og:description\" content=\"FAQ visiteurs Pour les citoyens et les touristes, il est important de conna\u00eetre toutes les questions fr\u00e9quentes des visiteurs afin d&rsquo;optimiser les temps de d\u00e9placement \u00e0 New York. Il n&rsquo;y a pas de meilleur outil que la connaissance et nous vous proposons ici les diff\u00e9rentes activit\u00e9s pour faire de New York une exp\u00e9rience inoubliable, en [...]read moreFAQ visiteurs\" \/>\n<meta property=\"og:url\" content=\"https:\/\/welcome-to-times-square.com\/fr\/visitorfaq\/\" \/>\n<meta property=\"og:site_name\" content=\"times-square\" \/>\n<meta property=\"article:modified_time\" content=\"2025-01-17T10:39:23+00:00\" \/>\n<meta property=\"og:image\" content=\"https:\/\/welcome-to-times-square.com\/wp-content\/uploads\/2022\/04\/visitor-faq-1024x353.png\" \/>\n\t<meta property=\"og:image:width\" content=\"1024\" \/>\n\t<meta property=\"og:image:height\" content=\"353\" \/>\n\t<meta property=\"og:image:type\" content=\"image\/png\" \/>\n<meta name=\"twitter:card\" content=\"summary_large_image\" \/>\n<meta name=\"twitter:label1\" content=\"Dur\u00e9e de lecture estim\u00e9e\" \/>\n\t<meta name=\"twitter:data1\" content=\"5 minutes\" \/>\n<script type=\"application\/ld+json\" class=\"yoast-schema-graph\">{\"@context\":\"https:\/\/schema.org\",\"@graph\":[{\"@type\":\"WebPage\",\"@id\":\"https:\/\/welcome-to-times-square.com\/fr\/visitorfaq\/\",\"url\":\"https:\/\/welcome-to-times-square.com\/fr\/visitorfaq\/\",\"name\":\"FAQ visiteurs - times-square\",\"isPartOf\":{\"@id\":\"https:\/\/welcome-to-times-square.com\/fr\/#website\"},\"primaryImageOfPage\":{\"@id\":\"https:\/\/welcome-to-times-square.com\/fr\/visitorfaq\/#primaryimage\"},\"image\":{\"@id\":\"https:\/\/welcome-to-times-square.com\/fr\/visitorfaq\/#primaryimage\"},\"thumbnailUrl\":\"https:\/\/welcome-to-times-square.com\/wp-content\/uploads\/2022\/04\/visitor-faq-1024x353.png\",\"datePublished\":\"2022-04-27T19:05:53+00:00\",\"dateModified\":\"2025-01-17T10:39:23+00:00\",\"breadcrumb\":{\"@id\":\"https:\/\/welcome-to-times-square.com\/fr\/visitorfaq\/#breadcrumb\"},\"inLanguage\":\"fr-FR\",\"potentialAction\":[{\"@type\":\"ReadAction\",\"target\":[\"https:\/\/welcome-to-times-square.com\/fr\/visitorfaq\/\"]}]},{\"@type\":\"ImageObject\",\"inLanguage\":\"fr-FR\",\"@id\":\"https:\/\/welcome-to-times-square.com\/fr\/visitorfaq\/#primaryimage\",\"url\":\"https:\/\/welcome-to-times-square.com\/wp-content\/uploads\/2022\/04\/visitor-faq-1024x353.png\",\"contentUrl\":\"https:\/\/welcome-to-times-square.com\/wp-content\/uploads\/2022\/04\/visitor-faq-1024x353.png\"},{\"@type\":\"BreadcrumbList\",\"@id\":\"https:\/\/welcome-to-times-square.com\/fr\/visitorfaq\/#breadcrumb\",\"itemListElement\":[{\"@type\":\"ListItem\",\"position\":1,\"name\":\"Home\",\"item\":\"https:\/\/welcome-to-times-square.com\/fr\/\"},{\"@type\":\"ListItem\",\"position\":2,\"name\":\"FAQ visiteurs\"}]},{\"@type\":\"WebSite\",\"@id\":\"https:\/\/welcome-to-times-square.com\/fr\/#website\",\"url\":\"https:\/\/welcome-to-times-square.com\/fr\/\",\"name\":\"times-square\",\"description\":\"times-square\",\"publisher\":{\"@id\":\"https:\/\/welcome-to-times-square.com\/fr\/#organization\"},\"potentialAction\":[{\"@type\":\"SearchAction\",\"target\":{\"@type\":\"EntryPoint\",\"urlTemplate\":\"https:\/\/welcome-to-times-square.com\/fr\/?s={search_term_string}\"},\"query-input\":{\"@type\":\"PropertyValueSpecification\",\"valueRequired\":true,\"valueName\":\"search_term_string\"}}],\"inLanguage\":\"fr-FR\"},{\"@type\":\"Organization\",\"@id\":\"https:\/\/welcome-to-times-square.com\/fr\/#organization\",\"name\":\"times-square\",\"url\":\"https:\/\/welcome-to-times-square.com\/fr\/\",\"logo\":{\"@type\":\"ImageObject\",\"inLanguage\":\"fr-FR\",\"@id\":\"https:\/\/welcome-to-times-square.com\/fr\/#\/schema\/logo\/image\/\",\"url\":\"https:\/\/welcome-to-times-square.com\/wp-content\/uploads\/2024\/03\/welcome-to-time-square-logo-with-r.png\",\"contentUrl\":\"https:\/\/welcome-to-times-square.com\/wp-content\/uploads\/2024\/03\/welcome-to-time-square-logo-with-r.png\",\"width\":500,\"height\":342,\"caption\":\"times-square\"},\"image\":{\"@id\":\"https:\/\/welcome-to-times-square.com\/fr\/#\/schema\/logo\/image\/\"}}]}<\/script>\n<!-- \/ Yoast SEO plugin. -->","yoast_head_json":{"title":"FAQ visiteurs - times-square","robots":{"index":"index","follow":"follow","max-snippet":"max-snippet:-1","max-image-preview":"max-image-preview:large","max-video-preview":"max-video-preview:-1"},"canonical":"https:\/\/welcome-to-times-square.com\/fr\/visitorfaq\/","og_locale":"fr_FR","og_type":"article","og_title":"FAQ visiteurs - times-square","og_description":"FAQ visiteurs Pour les citoyens et les touristes, il est important de conna\u00eetre toutes les questions fr\u00e9quentes des visiteurs afin d&rsquo;optimiser les temps de d\u00e9placement \u00e0 New York. Il n&rsquo;y a pas de meilleur outil que la connaissance et nous vous proposons ici les diff\u00e9rentes activit\u00e9s pour faire de New York une exp\u00e9rience inoubliable, en [...]read moreFAQ visiteurs","og_url":"https:\/\/welcome-to-times-square.com\/fr\/visitorfaq\/","og_site_name":"times-square","article_modified_time":"2025-01-17T10:39:23+00:00","og_image":[{"width":1024,"height":353,"url":"https:\/\/welcome-to-times-square.com\/wp-content\/uploads\/2022\/04\/visitor-faq-1024x353.png","type":"image\/png"}],"twitter_card":"summary_large_image","twitter_misc":{"Dur\u00e9e de lecture estim\u00e9e":"5 minutes"},"schema":{"@context":"https:\/\/schema.org","@graph":[{"@type":"WebPage","@id":"https:\/\/welcome-to-times-square.com\/fr\/visitorfaq\/","url":"https:\/\/welcome-to-times-square.com\/fr\/visitorfaq\/","name":"FAQ visiteurs - times-square","isPartOf":{"@id":"https:\/\/welcome-to-times-square.com\/fr\/#website"},"primaryImageOfPage":{"@id":"https:\/\/welcome-to-times-square.com\/fr\/visitorfaq\/#primaryimage"},"image":{"@id":"https:\/\/welcome-to-times-square.com\/fr\/visitorfaq\/#primaryimage"},"thumbnailUrl":"https:\/\/welcome-to-times-square.com\/wp-content\/uploads\/2022\/04\/visitor-faq-1024x353.png","datePublished":"2022-04-27T19:05:53+00:00","dateModified":"2025-01-17T10:39:23+00:00","breadcrumb":{"@id":"https:\/\/welcome-to-times-square.com\/fr\/visitorfaq\/#breadcrumb"},"inLanguage":"fr-FR","potentialAction":[{"@type":"ReadAction","target":["https:\/\/welcome-to-times-square.com\/fr\/visitorfaq\/"]}]},{"@type":"ImageObject","inLanguage":"fr-FR","@id":"https:\/\/welcome-to-times-square.com\/fr\/visitorfaq\/#primaryimage","url":"https:\/\/welcome-to-times-square.com\/wp-content\/uploads\/2022\/04\/visitor-faq-1024x353.png","contentUrl":"https:\/\/welcome-to-times-square.com\/wp-content\/uploads\/2022\/04\/visitor-faq-1024x353.png"},{"@type":"BreadcrumbList","@id":"https:\/\/welcome-to-times-square.com\/fr\/visitorfaq\/#breadcrumb","itemListElement":[{"@type":"ListItem","position":1,"name":"Home","item":"https:\/\/welcome-to-times-square.com\/fr\/"},{"@type":"ListItem","position":2,"name":"FAQ visiteurs"}]},{"@type":"WebSite","@id":"https:\/\/welcome-to-times-square.com\/fr\/#website","url":"https:\/\/welcome-to-times-square.com\/fr\/","name":"times-square","description":"times-square","publisher":{"@id":"https:\/\/welcome-to-times-square.com\/fr\/#organization"},"potentialAction":[{"@type":"SearchAction","target":{"@type":"EntryPoint","urlTemplate":"https:\/\/welcome-to-times-square.com\/fr\/?s={search_term_string}"},"query-input":{"@type":"PropertyValueSpecification","valueRequired":true,"valueName":"search_term_string"}}],"inLanguage":"fr-FR"},{"@type":"Organization","@id":"https:\/\/welcome-to-times-square.com\/fr\/#organization","name":"times-square","url":"https:\/\/welcome-to-times-square.com\/fr\/","logo":{"@type":"ImageObject","inLanguage":"fr-FR","@id":"https:\/\/welcome-to-times-square.com\/fr\/#\/schema\/logo\/image\/","url":"https:\/\/welcome-to-times-square.com\/wp-content\/uploads\/2024\/03\/welcome-to-time-square-logo-with-r.png","contentUrl":"https:\/\/welcome-to-times-square.com\/wp-content\/uploads\/2024\/03\/welcome-to-time-square-logo-with-r.png","width":500,"height":342,"caption":"times-square"},"image":{"@id":"https:\/\/welcome-to-times-square.com\/fr\/#\/schema\/logo\/image\/"}}]}},"_hostinger_reach_plugin_has_subscription_block":false,"_hostinger_reach_plugin_is_elementor":false,"_links":{"self":[{"href":"https:\/\/welcome-to-times-square.com\/fr\/wp-json\/wp\/v2\/pages\/8973","targetHints":{"allow":["GET"]}}],"collection":[{"href":"https:\/\/welcome-to-times-square.com\/fr\/wp-json\/wp\/v2\/pages"}],"about":[{"href":"https:\/\/welcome-to-times-square.com\/fr\/wp-json\/wp\/v2\/types\/page"}],"author":[{"embeddable":true,"href":"https:\/\/welcome-to-times-square.com\/fr\/wp-json\/wp\/v2\/users\/53"}],"replies":[{"embeddable":true,"href":"https:\/\/welcome-to-times-square.com\/fr\/wp-json\/wp\/v2\/comments?post=8973"}],"version-history":[{"count":2,"href":"https:\/\/welcome-to-times-square.com\/fr\/wp-json\/wp\/v2\/pages\/8973\/revisions"}],"predecessor-version":[{"id":8981,"href":"https:\/\/welcome-to-times-square.com\/fr\/wp-json\/wp\/v2\/pages\/8973\/revisions\/8981"}],"wp:attachment":[{"href":"https:\/\/welcome-to-times-square.com\/fr\/wp-json\/wp\/v2\/media?parent=8973"}],"curies":[{"name":"wp","href":"https:\/\/api.w.org\/{rel}","templated":true}]}}