{"id":8994,"date":"2022-05-10T20:25:15","date_gmt":"2022-05-10T20:25:15","guid":{"rendered":"https:\/\/welcome-to-times-square.com\/seasonal-events\/"},"modified":"2025-01-17T11:12:44","modified_gmt":"2025-01-17T11:12:44","slug":"seasonal-events","status":"publish","type":"page","link":"https:\/\/welcome-to-times-square.com\/fr\/seasonal-events\/","title":{"rendered":"\u00c9v\u00e9nements saisonniers"},"content":{"rendered":"\t\t<div data-elementor-type=\"wp-page\" data-elementor-id=\"8994\" class=\"elementor elementor-8994 elementor-2929\" data-elementor-post-type=\"page\">\n\t\t\t\t<div class=\"elementor-element elementor-element-c183f3e e-flex e-con-boxed e-con e-parent\" data-id=\"c183f3e\" data-element_type=\"container\" data-e-type=\"container\" data-settings=\"{&quot;background_background&quot;:&quot;classic&quot;}\">\n\t\t\t\t\t<div class=\"e-con-inner\">\n\t\t\t\t<div class=\"elementor-element elementor-element-aa575a2 elementor-widget elementor-widget-heading\" data-id=\"aa575a2\" data-element_type=\"widget\" data-e-type=\"widget\" data-widget_type=\"heading.default\">\n\t\t\t\t<div class=\"elementor-widget-container\">\n\t\t\t\t\t<h2 class=\"elementor-heading-title elementor-size-default\">\u00c9v\u00e9nements saisonniers<\/h2>\t\t\t\t<\/div>\n\t\t\t\t<\/div>\n\t\t\t\t<div class=\"elementor-element elementor-element-0d9214c elementor-widget-divider--view-line elementor-widget elementor-widget-divider\" data-id=\"0d9214c\" data-element_type=\"widget\" data-e-type=\"widget\" data-widget_type=\"divider.default\">\n\t\t\t\t<div class=\"elementor-widget-container\">\n\t\t\t\t\t\t\t<div class=\"elementor-divider\">\n\t\t\t<span class=\"elementor-divider-separator\">\n\t\t\t\t\t\t<\/span>\n\t\t<\/div>\n\t\t\t\t\t\t<\/div>\n\t\t\t\t<\/div>\n\t\t\t\t<div class=\"elementor-element elementor-element-aff9f01 elementor-widget elementor-widget-text-editor\" data-id=\"aff9f01\" data-element_type=\"widget\" data-e-type=\"widget\" data-widget_type=\"text-editor.default\">\n\t\t\t\t<div class=\"elementor-widget-container\">\n\t\t\t\t\t\t\t\t\t<div class=\"vc_row wpb_row vc_row-fluid vc_custom_1652220603510 vc_row-has-fill\">\n<div class=\"wpb_column vc_column_container vc_col-sm-12\">\n<div class=\"vc_column-inner\">\n<div class=\"wpb_wrapper\">\n<div class=\"vc_tta-container\" data-vc-action=\"collapse\">\n<div class=\"vc_general vc_tta vc_tta-tabs vc_tta-color-grey vc_tta-style-classic vc_tta-shape-rounded vc_tta-spacing-1 vc_tta-tabs-position-top vc_tta-controls-align-left\">\n<div class=\"vc_tta-panels-container\">\n<div class=\"vc_tta-panels\">\n<div id=\"1652214011896-ec5c9b43-8aad\" class=\"vc_tta-panel vc_active\" data-vc-content=\".vc_tta-panel-body\">\n<div class=\"vc_tta-panel-body\">\n<div class=\"wpb_text_column wpb_content_element \">\n<div class=\"wpb_wrapper\">\n<p>L\u2019un des \u00e9v\u00e9nements de la saison est le compte \u00e0 rebours du r\u00e9veillon du Nouvel An, une \u00e9norme boule de cristal descend sur des millions de personnes venues du monde entier pour le c\u00e9l\u00e9brer. Cette tradition a commenc\u00e9 dans le journal New York Times en 1907 : le l\u00e2cher de la boule. <\/p>\n<p>Situ\u00e9 en contrebas, on ne voit pas grand chose, mais jusqu\u2019\u00e0 un million de personnes se rassemblent pour attendre la nouvelle ann\u00e9e. Dans le cadre de la c\u00e9l\u00e9bration, des concerts de personnalit\u00e9s aussi c\u00e9l\u00e8bres que Lady Gaga et Justin Bieber sont organis\u00e9s. Si vous voulez faire partie de cette grande tradition new-yorkaise, vous devez arriver tr\u00e8s t\u00f4t pour pouvoir vous trouver entre les 42e et 47e rues.  <\/p>\n<p>\u00c0 15 heures, la zone principale commence \u00e0 se remplir et \u00e0 23 heures, plus une seule aiguille n&rsquo;y entre. Il est recommand\u00e9 d&rsquo;apporter de la nourriture et des boissons, car il est possible que s&rsquo;ils s&rsquo;\u00e9loignent de leur lieu pour acheter quelque chose, ils ne puissent pas revenir car il d\u00e9borde de monde. <\/p>\n<p>L&rsquo;Empire State est le deuxi\u00e8me endroit le plus populaire de New York pour dire au revoir \u00e0 l&rsquo;ann\u00e9e, un grand \u00e9v\u00e9nement saisonnier. Le b\u00e2timent est rempli de lumi\u00e8res et est le centre du spectacle de feux d&rsquo;artifice le plus attrayant de la ville. <\/p>\n<p>L&rsquo;observatoire est ouvert tous les jours de l&rsquo;ann\u00e9e, c&rsquo;est donc une bonne id\u00e9e d&rsquo;y venir toute l&rsquo;ann\u00e9e. Pour cela, il faut acheter ses billets bien \u00e0 l&rsquo;avance. <\/p>\n<p>Un autre \u00e9v\u00e9nement saisonnier \u00e0 New York est le calendrier des semaines de la mode en f\u00e9vrier avec des d\u00e9fil\u00e9s de mode, des mesures de bios\u00e9curit\u00e9 plus strictes et la participation de marques et de cr\u00e9ateurs importants pour l&rsquo;industrie de la mode.<\/p>\n<p>La programmation automne-hiver comprend une initiative biannuelle de cr\u00e9ateurs masculins et \u00e9mergents cr\u00e9\u00e9e par Agentry PR, dans laquelle une dizaine de marques pr\u00e9sentent leurs nouvelles propositions pour la saison suivante.<\/p>\n<p>Autre \u00e9v\u00e9nement saisonnier, Hudson Yards a lanc\u00e9 sa programmation Backyard at Hudson Yards avec des \u00e9v\u00e9nements ext\u00e9rieurs gratuits. Pour la premi\u00e8re fois, Backyard at Hudson Yards accueillera une s\u00e9rie de concerts de 10 semaines organis\u00e9e par The Bowery Presents mettant en vedette les artistes \u00e9mergents d&rsquo;aujourd&rsquo;hui. <\/p>\n<p>Les concerts d&rsquo;\u00e9t\u00e9 sur la sc\u00e8ne Wells Fargo seront accompagn\u00e9s de la programmation la plus populaire de Backyard depuis des ann\u00e9es, notamment : des tournois sportifs en direct sur le grand \u00e9cran de 30 pieds ; des programmes et des cours amusants pour enfants par CAMP et Union Square Play ; des cours de fitness SoulCycle ; une multitude d&rsquo;options de restauration en plein air avec une s\u00e9lection tournante de food trucks, ainsi que JIBS, le bar de la marina et la cabane \u00e0 homards au c\u0153ur de Manhattan qui est devenu l&rsquo;une des tables les plus populaires de la ville la saison derni\u00e8re ; il y a une s\u00e9rie de projections de films en plein air pour cl\u00f4turer la saison ; et bien plus encore.<\/p>\n<p>Un autre \u00e9v\u00e9nement saisonnier est le 4 juillet, l&rsquo;une des f\u00eates les plus importantes de l&rsquo;ann\u00e9e aux \u00c9tats-Unis et \u00e0 New York, elle est c\u00e9l\u00e9br\u00e9e avec style. Si vous allez \u00e0 New York au d\u00e9but du mois de juillet et que vous voulez savoir comment passer cette journ\u00e9e comme un vrai New-Yorkais, vous ne pouvez pas manquer de c\u00e9l\u00e9brer ce grand jour. Le 4 juillet \u00e0 New York, on c\u00e9l\u00e8bre l&rsquo;une des festivit\u00e9s les plus importantes du pays, le Jour de l&rsquo;Ind\u00e9pendance, l&rsquo;anniversaire de la proclamation des \u00c9tats-Unis comme pays ind\u00e9pendant le 4 juillet 1776. Avec la signature de la D\u00e9claration d&rsquo;Ind\u00e9pendance, la nouvelle histoire des \u00c9tats-Unis en tant que pays ind\u00e9pendant et les New-Yorkais c\u00e9l\u00e8brent la f\u00eate nationale avec des f\u00eates, des feux d&rsquo;artifice et, bien s\u00fbr, beaucoup d&rsquo;\u00e9toiles et de rayures. Notre grand conseil est que vous puissiez profiter de cette journ\u00e9e pour d\u00e9couvrir le New York authentique, avec moins de visites d&rsquo;attractions et de monuments et plus d&rsquo;activit\u00e9s typiques de cette f\u00eate tr\u00e8s sp\u00e9ciale, comme des feux d&rsquo;artifice, des pique-niques ou des heures de d\u00e9tente sur la plage.    <\/p>\n<p>Il est fortement recommand\u00e9 de faire des excursions sp\u00e9ciales en bateau qui vous permettront de voir les c\u00e9l\u00e8bres et incroyables feux d\u2019artifice de Macy\u2019s au-dessus de New York depuis un point de vue imbattable. Dans tous les cas, de nombreux \u00e9v\u00e9nements et f\u00eates sp\u00e9ciaux ont lieu ce jour-l\u00e0 \u00e0 New York, vous trouverez donc de nombreuses propositions int\u00e9ressantes. <\/p>\n<p>Vous pouvez visiter les gratte-ciel de Manhattan lors d&rsquo;une croisi\u00e8re circulaire spectaculaire de la Circle Line. Profitez du coucher de soleil, des lumi\u00e8res spectaculaires de la ville et des feux d&rsquo;artifice color\u00e9s au-dessus de l&rsquo;eau pendant cette nuit m\u00e9morable. <\/p>\n<p>Une autre des activit\u00e9s pr\u00e9f\u00e9r\u00e9es des New-Yorkais pour c\u00e9l\u00e9brer le 4 juillet est de profiter du jour de cong\u00e9 et de la chaleur pour faire un barbecue ou un pique-nique dans un parc. Vous pouvez vous rendre \u00e0 Sheep Meadow (le principal espace vert de Central Park) ce jour-l\u00e0 o\u00f9 vous trouverez des centaines de personnes profitant d\u2019un pique-nique en plein air avec leur famille et leurs amis. <\/p>\n<\/div>\n<\/div>\n<\/div>\n<\/div>\n<\/div>\n<\/div>\n<\/div>\n<\/div>\n<\/div>\n<\/div>\n<\/div>\n<\/div>\n\t\t\t\t\t\t\t\t<\/div>\n\t\t\t\t<\/div>\n\t\t\t\t<div class=\"elementor-element elementor-element-f4a5dea elementor-widget-divider--view-line elementor-widget elementor-widget-divider\" data-id=\"f4a5dea\" data-element_type=\"widget\" data-e-type=\"widget\" data-widget_type=\"divider.default\">\n\t\t\t\t<div class=\"elementor-widget-container\">\n\t\t\t\t\t\t\t<div class=\"elementor-divider\">\n\t\t\t<span class=\"elementor-divider-separator\">\n\t\t\t\t\t\t<\/span>\n\t\t<\/div>\n\t\t\t\t\t\t<\/div>\n\t\t\t\t<\/div>\n\t\t\t\t<div class=\"elementor-element elementor-element-c2f2353 elementor-widget elementor-widget-text-editor\" data-id=\"c2f2353\" data-element_type=\"widget\" data-e-type=\"widget\" data-widget_type=\"text-editor.default\">\n\t\t\t\t<div class=\"elementor-widget-container\">\n\t\t\t\t\t\t\t\t\t<p><strong>Pour figurer sur notre panneau d&rsquo;affichage \u00e0 Times Square, veuillez consulter notre section CONTACT.<\/strong><\/p>\n<p>Voici comment cela fonctionne :<\/p>\n<p>Qu&rsquo;il s&rsquo;agisse d&rsquo;un anniversaire, d&rsquo;une demande en mariage, d&rsquo;un anniversaire ou d&rsquo;une simple d\u00e9claration d&rsquo;amour, nous avons tout pr\u00e9vu. Ne soyez pas un visage dans la foule ! <br \/>Affichez votre photo ou votre vid\u00e9o sur notre panneau d&rsquo;affichage \u00e0 Times Square !<\/p>\n<p>Option 1 : Votre vid\u00e9o\/photo de 60 secondes sera affich\u00e9e 22 fois par jour.<br \/>Option 2 : Votre vid\u00e9o\/photo de 30 secondes sera affich\u00e9e 44 fois par jour<br \/>Option 3 : Votre vid\u00e9o\/photo de 15 secondes sera affich\u00e9e 88 fois par jour.<\/p>\n<p>Notre panneau d&rsquo;affichage mesure 31 pieds x 55 pieds et est situ\u00e9 au 1560 Broadway (\u00e0 l&rsquo;angle de Broadway et de la 46e rue, juste au-dessus du magasin Pel\u00e9).<\/p>\n<p>Ne soyez pas un visage dans la foule !<\/p>\n\t\t\t\t\t\t\t\t<\/div>\n\t\t\t\t<\/div>\n\t\t\t\t<div class=\"elementor-element elementor-element-2e400a3 elementor-widget elementor-widget-image\" data-id=\"2e400a3\" data-element_type=\"widget\" data-e-type=\"widget\" data-widget_type=\"image.default\">\n\t\t\t\t<div class=\"elementor-widget-container\">\n\t\t\t\t\t\t\t\t\t\t\t\t\t\t\t<img fetchpriority=\"high\" decoding=\"async\" width=\"740\" height=\"416\" src=\"https:\/\/welcome-to-times-square.com\/wp-content\/uploads\/2022\/05\/seasonal-events.png\" class=\"attachment-large size-large wp-image-6262\" alt=\"\" srcset=\"https:\/\/welcome-to-times-square.com\/wp-content\/uploads\/2022\/05\/seasonal-events.png 740w, https:\/\/welcome-to-times-square.com\/wp-content\/uploads\/2022\/05\/seasonal-events-600x337.png 600w, https:\/\/welcome-to-times-square.com\/wp-content\/uploads\/2022\/05\/seasonal-events-300x169.png 300w\" sizes=\"(max-width: 740px) 100vw, 740px\" \/>\t\t\t\t\t\t\t\t\t\t\t\t\t\t\t<\/div>\n\t\t\t\t<\/div>\n\t\t\t\t\t<\/div>\n\t\t\t\t<\/div>\n\t\t\t\t<\/div>\n\t\t","protected":false},"excerpt":{"rendered":"\u00c9v\u00e9nements saisonniers L\u2019un des \u00e9v\u00e9nements de la saison est le compte \u00e0 rebours du r\u00e9veillon du Nouvel An, une \u00e9norme boule de cristal descend sur des millions de personnes venues du monde entier pour le c\u00e9l\u00e9brer. Cette tradition a commenc\u00e9 dans le journal New York Times en 1907 : le l\u00e2cher de la boule. Situ\u00e9 [...]<a href=\"https:\/\/welcome-to-times-square.com\/fr\/seasonal-events\/\" class=\"read-more wyz-secondary-color-text\">read more<span class=\"screen-reader-text\">\u00c9v\u00e9nements saisonniers<\/span><\/a>","protected":false},"author":53,"featured_media":0,"parent":0,"menu_order":0,"comment_status":"closed","ping_status":"closed","template":"elementor_header_footer","meta":{"footnotes":""},"class_list":["post-8994","page","type-page","status-publish","hentry"],"yoast_head":"<!-- This site is optimized with the Yoast SEO plugin v27.2 - https:\/\/yoast.com\/product\/yoast-seo-wordpress\/ -->\n<title>\u00c9v\u00e9nements saisonniers - times-square<\/title>\n<meta name=\"robots\" content=\"index, follow, max-snippet:-1, max-image-preview:large, max-video-preview:-1\" \/>\n<link rel=\"canonical\" href=\"https:\/\/welcome-to-times-square.com\/fr\/seasonal-events\/\" \/>\n<meta property=\"og:locale\" content=\"fr_FR\" \/>\n<meta property=\"og:type\" content=\"article\" \/>\n<meta property=\"og:title\" content=\"\u00c9v\u00e9nements saisonniers - times-square\" \/>\n<meta property=\"og:description\" content=\"\u00c9v\u00e9nements saisonniers L\u2019un des \u00e9v\u00e9nements de la saison est le compte \u00e0 rebours du r\u00e9veillon du Nouvel An, une \u00e9norme boule de cristal descend sur des millions de personnes venues du monde entier pour le c\u00e9l\u00e9brer. Cette tradition a commenc\u00e9 dans le journal New York Times en 1907 : le l\u00e2cher de la boule. Situ\u00e9 [...]read more\u00c9v\u00e9nements saisonniers\" \/>\n<meta property=\"og:url\" content=\"https:\/\/welcome-to-times-square.com\/fr\/seasonal-events\/\" \/>\n<meta property=\"og:site_name\" content=\"times-square\" \/>\n<meta property=\"article:modified_time\" content=\"2025-01-17T11:12:44+00:00\" \/>\n<meta property=\"og:image\" content=\"https:\/\/welcome-to-times-square.com\/wp-content\/uploads\/2022\/05\/seasonal-events.png\" \/>\n\t<meta property=\"og:image:width\" content=\"740\" \/>\n\t<meta property=\"og:image:height\" content=\"416\" \/>\n\t<meta property=\"og:image:type\" content=\"image\/png\" \/>\n<meta name=\"twitter:card\" content=\"summary_large_image\" \/>\n<meta name=\"twitter:label1\" content=\"Dur\u00e9e de lecture estim\u00e9e\" \/>\n\t<meta name=\"twitter:data1\" content=\"5 minutes\" \/>\n<script type=\"application\/ld+json\" class=\"yoast-schema-graph\">{\"@context\":\"https:\/\/schema.org\",\"@graph\":[{\"@type\":\"WebPage\",\"@id\":\"https:\/\/welcome-to-times-square.com\/fr\/seasonal-events\/\",\"url\":\"https:\/\/welcome-to-times-square.com\/fr\/seasonal-events\/\",\"name\":\"\u00c9v\u00e9nements saisonniers - times-square\",\"isPartOf\":{\"@id\":\"https:\/\/welcome-to-times-square.com\/fr\/#website\"},\"primaryImageOfPage\":{\"@id\":\"https:\/\/welcome-to-times-square.com\/fr\/seasonal-events\/#primaryimage\"},\"image\":{\"@id\":\"https:\/\/welcome-to-times-square.com\/fr\/seasonal-events\/#primaryimage\"},\"thumbnailUrl\":\"https:\/\/welcome-to-times-square.com\/wp-content\/uploads\/2022\/05\/seasonal-events.png\",\"datePublished\":\"2022-05-10T20:25:15+00:00\",\"dateModified\":\"2025-01-17T11:12:44+00:00\",\"breadcrumb\":{\"@id\":\"https:\/\/welcome-to-times-square.com\/fr\/seasonal-events\/#breadcrumb\"},\"inLanguage\":\"fr-FR\",\"potentialAction\":[{\"@type\":\"ReadAction\",\"target\":[\"https:\/\/welcome-to-times-square.com\/fr\/seasonal-events\/\"]}]},{\"@type\":\"ImageObject\",\"inLanguage\":\"fr-FR\",\"@id\":\"https:\/\/welcome-to-times-square.com\/fr\/seasonal-events\/#primaryimage\",\"url\":\"https:\/\/welcome-to-times-square.com\/wp-content\/uploads\/2022\/05\/seasonal-events.png\",\"contentUrl\":\"https:\/\/welcome-to-times-square.com\/wp-content\/uploads\/2022\/05\/seasonal-events.png\"},{\"@type\":\"BreadcrumbList\",\"@id\":\"https:\/\/welcome-to-times-square.com\/fr\/seasonal-events\/#breadcrumb\",\"itemListElement\":[{\"@type\":\"ListItem\",\"position\":1,\"name\":\"Home\",\"item\":\"https:\/\/welcome-to-times-square.com\/fr\/\"},{\"@type\":\"ListItem\",\"position\":2,\"name\":\"\u00c9v\u00e9nements saisonniers\"}]},{\"@type\":\"WebSite\",\"@id\":\"https:\/\/welcome-to-times-square.com\/fr\/#website\",\"url\":\"https:\/\/welcome-to-times-square.com\/fr\/\",\"name\":\"times-square\",\"description\":\"times-square\",\"publisher\":{\"@id\":\"https:\/\/welcome-to-times-square.com\/fr\/#organization\"},\"potentialAction\":[{\"@type\":\"SearchAction\",\"target\":{\"@type\":\"EntryPoint\",\"urlTemplate\":\"https:\/\/welcome-to-times-square.com\/fr\/?s={search_term_string}\"},\"query-input\":{\"@type\":\"PropertyValueSpecification\",\"valueRequired\":true,\"valueName\":\"search_term_string\"}}],\"inLanguage\":\"fr-FR\"},{\"@type\":\"Organization\",\"@id\":\"https:\/\/welcome-to-times-square.com\/fr\/#organization\",\"name\":\"times-square\",\"url\":\"https:\/\/welcome-to-times-square.com\/fr\/\",\"logo\":{\"@type\":\"ImageObject\",\"inLanguage\":\"fr-FR\",\"@id\":\"https:\/\/welcome-to-times-square.com\/fr\/#\/schema\/logo\/image\/\",\"url\":\"https:\/\/welcome-to-times-square.com\/wp-content\/uploads\/2024\/03\/welcome-to-time-square-logo-with-r.png\",\"contentUrl\":\"https:\/\/welcome-to-times-square.com\/wp-content\/uploads\/2024\/03\/welcome-to-time-square-logo-with-r.png\",\"width\":500,\"height\":342,\"caption\":\"times-square\"},\"image\":{\"@id\":\"https:\/\/welcome-to-times-square.com\/fr\/#\/schema\/logo\/image\/\"}}]}<\/script>\n<!-- \/ Yoast SEO plugin. -->","yoast_head_json":{"title":"\u00c9v\u00e9nements saisonniers - times-square","robots":{"index":"index","follow":"follow","max-snippet":"max-snippet:-1","max-image-preview":"max-image-preview:large","max-video-preview":"max-video-preview:-1"},"canonical":"https:\/\/welcome-to-times-square.com\/fr\/seasonal-events\/","og_locale":"fr_FR","og_type":"article","og_title":"\u00c9v\u00e9nements saisonniers - times-square","og_description":"\u00c9v\u00e9nements saisonniers L\u2019un des \u00e9v\u00e9nements de la saison est le compte \u00e0 rebours du r\u00e9veillon du Nouvel An, une \u00e9norme boule de cristal descend sur des millions de personnes venues du monde entier pour le c\u00e9l\u00e9brer. Cette tradition a commenc\u00e9 dans le journal New York Times en 1907 : le l\u00e2cher de la boule. Situ\u00e9 [...]read more\u00c9v\u00e9nements saisonniers","og_url":"https:\/\/welcome-to-times-square.com\/fr\/seasonal-events\/","og_site_name":"times-square","article_modified_time":"2025-01-17T11:12:44+00:00","og_image":[{"width":740,"height":416,"url":"https:\/\/welcome-to-times-square.com\/wp-content\/uploads\/2022\/05\/seasonal-events.png","type":"image\/png"}],"twitter_card":"summary_large_image","twitter_misc":{"Dur\u00e9e de lecture estim\u00e9e":"5 minutes"},"schema":{"@context":"https:\/\/schema.org","@graph":[{"@type":"WebPage","@id":"https:\/\/welcome-to-times-square.com\/fr\/seasonal-events\/","url":"https:\/\/welcome-to-times-square.com\/fr\/seasonal-events\/","name":"\u00c9v\u00e9nements saisonniers - times-square","isPartOf":{"@id":"https:\/\/welcome-to-times-square.com\/fr\/#website"},"primaryImageOfPage":{"@id":"https:\/\/welcome-to-times-square.com\/fr\/seasonal-events\/#primaryimage"},"image":{"@id":"https:\/\/welcome-to-times-square.com\/fr\/seasonal-events\/#primaryimage"},"thumbnailUrl":"https:\/\/welcome-to-times-square.com\/wp-content\/uploads\/2022\/05\/seasonal-events.png","datePublished":"2022-05-10T20:25:15+00:00","dateModified":"2025-01-17T11:12:44+00:00","breadcrumb":{"@id":"https:\/\/welcome-to-times-square.com\/fr\/seasonal-events\/#breadcrumb"},"inLanguage":"fr-FR","potentialAction":[{"@type":"ReadAction","target":["https:\/\/welcome-to-times-square.com\/fr\/seasonal-events\/"]}]},{"@type":"ImageObject","inLanguage":"fr-FR","@id":"https:\/\/welcome-to-times-square.com\/fr\/seasonal-events\/#primaryimage","url":"https:\/\/welcome-to-times-square.com\/wp-content\/uploads\/2022\/05\/seasonal-events.png","contentUrl":"https:\/\/welcome-to-times-square.com\/wp-content\/uploads\/2022\/05\/seasonal-events.png"},{"@type":"BreadcrumbList","@id":"https:\/\/welcome-to-times-square.com\/fr\/seasonal-events\/#breadcrumb","itemListElement":[{"@type":"ListItem","position":1,"name":"Home","item":"https:\/\/welcome-to-times-square.com\/fr\/"},{"@type":"ListItem","position":2,"name":"\u00c9v\u00e9nements saisonniers"}]},{"@type":"WebSite","@id":"https:\/\/welcome-to-times-square.com\/fr\/#website","url":"https:\/\/welcome-to-times-square.com\/fr\/","name":"times-square","description":"times-square","publisher":{"@id":"https:\/\/welcome-to-times-square.com\/fr\/#organization"},"potentialAction":[{"@type":"SearchAction","target":{"@type":"EntryPoint","urlTemplate":"https:\/\/welcome-to-times-square.com\/fr\/?s={search_term_string}"},"query-input":{"@type":"PropertyValueSpecification","valueRequired":true,"valueName":"search_term_string"}}],"inLanguage":"fr-FR"},{"@type":"Organization","@id":"https:\/\/welcome-to-times-square.com\/fr\/#organization","name":"times-square","url":"https:\/\/welcome-to-times-square.com\/fr\/","logo":{"@type":"ImageObject","inLanguage":"fr-FR","@id":"https:\/\/welcome-to-times-square.com\/fr\/#\/schema\/logo\/image\/","url":"https:\/\/welcome-to-times-square.com\/wp-content\/uploads\/2024\/03\/welcome-to-time-square-logo-with-r.png","contentUrl":"https:\/\/welcome-to-times-square.com\/wp-content\/uploads\/2024\/03\/welcome-to-time-square-logo-with-r.png","width":500,"height":342,"caption":"times-square"},"image":{"@id":"https:\/\/welcome-to-times-square.com\/fr\/#\/schema\/logo\/image\/"}}]}},"_hostinger_reach_plugin_has_subscription_block":false,"_hostinger_reach_plugin_is_elementor":false,"_links":{"self":[{"href":"https:\/\/welcome-to-times-square.com\/fr\/wp-json\/wp\/v2\/pages\/8994","targetHints":{"allow":["GET"]}}],"collection":[{"href":"https:\/\/welcome-to-times-square.com\/fr\/wp-json\/wp\/v2\/pages"}],"about":[{"href":"https:\/\/welcome-to-times-square.com\/fr\/wp-json\/wp\/v2\/types\/page"}],"author":[{"embeddable":true,"href":"https:\/\/welcome-to-times-square.com\/fr\/wp-json\/wp\/v2\/users\/53"}],"replies":[{"embeddable":true,"href":"https:\/\/welcome-to-times-square.com\/fr\/wp-json\/wp\/v2\/comments?post=8994"}],"version-history":[{"count":2,"href":"https:\/\/welcome-to-times-square.com\/fr\/wp-json\/wp\/v2\/pages\/8994\/revisions"}],"predecessor-version":[{"id":9007,"href":"https:\/\/welcome-to-times-square.com\/fr\/wp-json\/wp\/v2\/pages\/8994\/revisions\/9007"}],"wp:attachment":[{"href":"https:\/\/welcome-to-times-square.com\/fr\/wp-json\/wp\/v2\/media?parent=8994"}],"curies":[{"name":"wp","href":"https:\/\/api.w.org\/{rel}","templated":true}]}}