{"id":8999,"date":"2022-05-10T20:25:12","date_gmt":"2022-05-10T20:25:12","guid":{"rendered":"https:\/\/welcome-to-times-square.com\/how-to-buy-broadway-tickets\/"},"modified":"2025-01-17T11:10:39","modified_gmt":"2025-01-17T11:10:39","slug":"how-to-buy-broadway-tickets","status":"publish","type":"page","link":"https:\/\/welcome-to-times-square.com\/fr\/how-to-buy-broadway-tickets\/","title":{"rendered":"Comment acheter des billets pour Broadway"},"content":{"rendered":"\t\t<div data-elementor-type=\"wp-page\" data-elementor-id=\"8999\" class=\"elementor elementor-8999 elementor-2931\" data-elementor-post-type=\"page\">\n\t\t\t\t<div class=\"elementor-element elementor-element-64b00cd e-flex e-con-boxed e-con e-parent\" data-id=\"64b00cd\" data-element_type=\"container\" data-e-type=\"container\" data-settings=\"{&quot;background_background&quot;:&quot;classic&quot;}\">\n\t\t\t\t\t<div class=\"e-con-inner\">\n\t\t\t\t<div class=\"elementor-element elementor-element-7f02e0b elementor-widget elementor-widget-heading\" data-id=\"7f02e0b\" data-element_type=\"widget\" data-e-type=\"widget\" data-widget_type=\"heading.default\">\n\t\t\t\t<div class=\"elementor-widget-container\">\n\t\t\t\t\t<h2 class=\"elementor-heading-title elementor-size-default\">Comment acheter des billets pour Broadway <\/h2>\t\t\t\t<\/div>\n\t\t\t\t<\/div>\n\t\t\t\t<div class=\"elementor-element elementor-element-f100a9d elementor-widget-divider--view-line elementor-widget elementor-widget-divider\" data-id=\"f100a9d\" data-element_type=\"widget\" data-e-type=\"widget\" data-widget_type=\"divider.default\">\n\t\t\t\t<div class=\"elementor-widget-container\">\n\t\t\t\t\t\t\t<div class=\"elementor-divider\">\n\t\t\t<span class=\"elementor-divider-separator\">\n\t\t\t\t\t\t<\/span>\n\t\t<\/div>\n\t\t\t\t\t\t<\/div>\n\t\t\t\t<\/div>\n\t\t\t\t<div class=\"elementor-element elementor-element-d8fb8aa elementor-widget elementor-widget-text-editor\" data-id=\"d8fb8aa\" data-element_type=\"widget\" data-e-type=\"widget\" data-widget_type=\"text-editor.default\">\n\t\t\t\t<div class=\"elementor-widget-container\">\n\t\t\t\t\t\t\t\t\t<div class=\"vc_row wpb_row vc_row-fluid vc_custom_1652219967843 vc_row-has-fill\">\n<div class=\"wpb_column vc_column_container vc_col-sm-12\">\n<div class=\"vc_column-inner\">\n<div class=\"wpb_wrapper\">\n<div class=\"vc_tta-container\" data-vc-action=\"collapse\">\n<div class=\"vc_general vc_tta vc_tta-tabs vc_tta-color-grey vc_tta-style-classic vc_tta-shape-rounded vc_tta-spacing-1 vc_tta-tabs-position-top vc_tta-controls-align-left\">\n<div class=\"vc_tta-panels-container\">\n<div class=\"vc_tta-panels\">\n<div id=\"1652214022225-4f22a324-9861\" class=\"vc_tta-panel vc_active\" data-vc-content=\".vc_tta-panel-body\">\n<div class=\"vc_tta-panel-body\">\n<div class=\"wpb_text_column wpb_content_element \">\n<div class=\"wpb_wrapper\">\n<p>L\u2019un des projets les plus merveilleux et incontournables \u00e0 faire \u00e0 New York est d\u2019assister \u00e0 une com\u00e9die musicale \u00e0 Broadway, le c\u00e9l\u00e8bre boulevard rempli de th\u00e9\u00e2tres qui traverse le centre de Manhattan et Times Square.<\/p>\n<p>Il y a des centaines de repr\u00e9sentations annuelles et de nombreux acteurs d&rsquo;Hollywood sont mont\u00e9s sur leurs sc\u00e8nes pour nous surprendre par leur talent et aussi o\u00f9 de grands acteurs (bien qu&rsquo;ils ne soient pas aussi connus) travaillent dur \u00e0 chaque repr\u00e9sentation pour devenir consacr\u00e9s.<\/p>\n<p>Le Roi Lion est l&rsquo;une des com\u00e9dies musicales classiques de Broadway, c&rsquo;est une adaptation du c\u00e9l\u00e8bre film d&rsquo;animation de Disney et a \u00e9t\u00e9 reconnue \u00e0 de nombreuses reprises comme la meilleure com\u00e9die musicale de tous les temps. Avec des d\u00e9cors \u00e9poustouflants et une musique d&rsquo;Elton John, elle a \u00e9t\u00e9 r\u00e9compens\u00e9e par six Tony Awards et un Evening Standard Award. Depuis 1997, c&rsquo;est la com\u00e9die musicale la plus vendue \u00e0 New York. Elle est id\u00e9ale pour tous les publics, les enfants comme les adultes l&rsquo;appr\u00e9cieront.   <\/p>\n<p>Ce spectacle a lieu au Minskoff Theatre (200 W 45th St, New York, 10036), d&rsquo;une dur\u00e9e de 2 heures et 30 minutes avec un entracte.<\/p>\n<p>Aladdin \u00e0 Broadway est magique, c\u2019est une adaptation sc\u00e9nique musicale du film d\u2019animation Disney des ann\u00e9es 90, tout est surprenant et extraordinaire. Il a une mise en sc\u00e8ne exceptionnelle, une caract\u00e9risation impeccable des personnages, de nouvelles chansons et un grand humour du G\u00e9nie, c\u2019est l\u2019une des com\u00e9dies musicales de Broadway qui a le plus de fureur aupr\u00e8s du public. Vous pouvez le voir au New Amsterdam Theatre.  <\/p>\n<p>La com\u00e9die musicale Aladdin est l&rsquo;une des com\u00e9dies musicales new-yorkaises les plus impressionnantes que vous devez voir, sa dur\u00e9e est de 2 heures et demie.<\/p>\n<p>La grande et merveilleuse sc\u00e8ne du num\u00e9ro \u00ab Un monde id\u00e9al \u00bb, o\u00f9 les protagonistes survolent la ville \u00e0 bord d\u2019un tapis volant, est tout simplement magnifique.<\/p>\n<p>Une autre des grandes productions musicales de Broadway pour lesquelles vous pouvez acheter des billets est Chicago Broadway. Un classique qui nous transporte chaque saison dans les ann\u00e9es folles. Avec comme toile de fond la musique jazz et la loi de la prohibition qui favorisait les activit\u00e9s clandestines, la corruption et les meurtres dans la grande ville, ce spectacle, contrairement aux pr\u00e9c\u00e9dents, s\u2019adresse \u00e0 un public plus adulte. Son succ\u00e8s est tel qu\u2019il a remport\u00e9 6 Tony Awards et l\u2019enregistrement des th\u00e8mes musicaux a \u00e9galement remport\u00e9 un Grammy Award. Cette merveilleuse com\u00e9die musicale se d\u00e9roule \u00e0 l\u2019Ambassador Theater (219 West 49th Street, entre Broadway et 8th Avenue) et dure 2 heures et 30 minutes avec entracte.    <\/p>\n<p>En 1986, Le Fant\u00f4me de l&rsquo;Op\u00e9ra a \u00e9t\u00e9 cr\u00e9\u00e9 et les billets ont toujours \u00e9t\u00e9 vendus pendant plusieurs saisons cons\u00e9cutives, car c&rsquo;est l&rsquo;une des com\u00e9dies musicales de Broadway les plus r\u00e9ussies qui a \u00e9t\u00e9 r\u00e9compens\u00e9e par 7 Tony Awards (dont celui de la meilleure com\u00e9die musicale de l&rsquo;ann\u00e9e) gr\u00e2ce \u00e0 la merveilleuse adaptation du roman populaire de Gaston Leroux. Se d\u00e9roulant au XIXe si\u00e8cle \u00e0 l&rsquo;Op\u00e9ra de Paris, il raconte l&rsquo;histoire d&rsquo;un homme difforme qui se cache dans le sous-sol de l&rsquo;op\u00e9ra et qui effraie les employ\u00e9s du th\u00e9\u00e2tre par ses crimes. Le fant\u00f4me tombe amoureux d&rsquo;une jeune ballerine nomm\u00e9e Christine, l&rsquo;adopte comme muse et lui apprend \u00e0 chanter pour devenir la premi\u00e8re dame de l&rsquo;op\u00e9ra. Cependant, lorsqu&rsquo;il d\u00e9couvre que son amour est impossible, il jure de se venger.   <\/p>\n<p>Son d\u00e9cor \u00e9nigmatique et fantomatique, les costumes des acteurs et la superbe bande sonore font du Fant\u00f4me de l&rsquo;Op\u00e9ra un classique \u00e0 ne pas manquer lors de votre voyage \u00e0 New York. Le public peut \u00eatre adulte, bien que les enfants de plus de 4 ans puissent y acc\u00e9der, bien qu&rsquo;il y ait des effets sp\u00e9ciaux et des sc\u00e8nes qui peuvent effrayer les plus petits. Il est situ\u00e9 au Majestic Theater (245 W 44th St, New York, 10036), sa dur\u00e9e est de 2 heures et 30 minutes avec un entracte.  <\/p>\n<p>Vous pouvez acheter des billets pour Broadway sur diff\u00e9rentes plateformes en ligne telles que Ticketmaster, Hellotickets (en espagnol), TodayTix, qui dispose \u00e9galement d\u2019une application tr\u00e8s recommand\u00e9e pour participer aux loteries de Broadway, et sur le site officiel de chaque spectacle. N\u2019oubliez pas de consulter \u00e9galement le site officiel du spectacle pour comparer les prix. Une autre fa\u00e7on d\u2019acheter des billets Broadway \u00e0 prix r\u00e9duit sont les billets rush, des billets \u00e0 prix r\u00e9duit pour le jour m\u00eame du spectacle. C\u2019est une tradition qui a commenc\u00e9 avec la com\u00e9die musicale Rent, qui \u00e0 l\u2019\u00e9poque \u00e9tait un tel ph\u00e9nom\u00e8ne qu\u2019il \u00e9tait presque impossible d\u2019obtenir des billets. Pour donner l\u2019opportunit\u00e9 de la voir aux jeunes sans autant de moyens, ils ont d\u00e9cid\u00e9 d\u2019offrir des billets pour les premi\u00e8res rang\u00e9es \u00e0 un prix tr\u00e8s bas pour les premi\u00e8res personnes qui se pr\u00e9sentaient \u00e0 la billetterie le matin. Depuis, d\u2019autres th\u00e9\u00e2tres ont adopt\u00e9 le billet rush qui permet d\u2019acheter des billets \u00e0 prix r\u00e9duit le jour m\u00eame de la pi\u00e8ce si vous vous levez t\u00f4t et vous rendez en personne \u00e0 la billetterie. Une autre option similaire aux billets rush est la billetterie TKTS. Les th\u00e9\u00e2tres vendent des billets Broadway \u00e0 prix r\u00e9duit (jusqu\u2019\u00e0 50 %) pour les spectacles du matin m\u00eame ou du lendemain. Vous trouverez la billetterie la plus c\u00e9l\u00e8bre de TKTS sous les escaliers rouges de Times Square. Sur le site de TKTS vous trouverez les adresses et les horaires.         <\/p>\n<\/div>\n<\/div>\n<\/div>\n<\/div>\n<\/div>\n<\/div>\n<\/div>\n<\/div>\n<\/div>\n<\/div>\n<\/div>\n<\/div>\n\t\t\t\t\t\t\t\t<\/div>\n\t\t\t\t<\/div>\n\t\t\t\t<div class=\"elementor-element elementor-element-7b8fe6a elementor-widget-divider--view-line elementor-widget elementor-widget-divider\" data-id=\"7b8fe6a\" data-element_type=\"widget\" data-e-type=\"widget\" data-widget_type=\"divider.default\">\n\t\t\t\t<div class=\"elementor-widget-container\">\n\t\t\t\t\t\t\t<div class=\"elementor-divider\">\n\t\t\t<span class=\"elementor-divider-separator\">\n\t\t\t\t\t\t<\/span>\n\t\t<\/div>\n\t\t\t\t\t\t<\/div>\n\t\t\t\t<\/div>\n\t\t\t\t<div class=\"elementor-element elementor-element-51b9ffe elementor-widget elementor-widget-text-editor\" data-id=\"51b9ffe\" data-element_type=\"widget\" data-e-type=\"widget\" data-widget_type=\"text-editor.default\">\n\t\t\t\t<div class=\"elementor-widget-container\">\n\t\t\t\t\t\t\t\t\t<p><strong>Pour figurer sur notre panneau d&rsquo;affichage \u00e0 Times Square, veuillez consulter notre section CONTACT.<\/strong><\/p>\n<p>Voici comment cela fonctionne :<\/p>\n<p>Qu&rsquo;il s&rsquo;agisse d&rsquo;un anniversaire, d&rsquo;une demande en mariage, d&rsquo;un anniversaire ou d&rsquo;une simple d\u00e9claration d&rsquo;amour, nous avons tout pr\u00e9vu. Ne soyez pas un visage dans la foule ! <br \/>Affichez votre photo ou votre vid\u00e9o sur notre panneau d&rsquo;affichage \u00e0 Times Square !<\/p>\n<p>Option 1 : Votre vid\u00e9o\/photo de 60 secondes sera affich\u00e9e 22 fois par jour.<br \/>Option 2 : Votre vid\u00e9o\/photo de 30 secondes sera affich\u00e9e 44 fois par jour<br \/>Option 3 : Votre vid\u00e9o\/photo de 15 secondes sera affich\u00e9e 88 fois par jour.<\/p>\n<p>Notre panneau d&rsquo;affichage mesure 31 pieds x 55 pieds et est situ\u00e9 au 1560 Broadway (\u00e0 l&rsquo;angle de Broadway et de la 46e rue, juste au-dessus du magasin Pel\u00e9).<\/p>\n<p>Ne soyez pas un visage dans la foule !<\/p>\n\t\t\t\t\t\t\t\t<\/div>\n\t\t\t\t<\/div>\n\t\t\t\t<div class=\"elementor-element elementor-element-9ffef36 elementor-widget elementor-widget-image\" data-id=\"9ffef36\" data-element_type=\"widget\" data-e-type=\"widget\" data-widget_type=\"image.default\">\n\t\t\t\t<div class=\"elementor-widget-container\">\n\t\t\t\t\t\t\t\t\t\t\t\t\t\t\t<img fetchpriority=\"high\" decoding=\"async\" width=\"1024\" height=\"683\" src=\"https:\/\/welcome-to-times-square.com\/wp-content\/uploads\/2022\/05\/how-to-buy-broadway-tickets-1024x683.jpg\" class=\"attachment-large size-large wp-image-6267\" alt=\"\" srcset=\"https:\/\/welcome-to-times-square.com\/wp-content\/uploads\/2022\/05\/how-to-buy-broadway-tickets-1024x683.jpg 1024w, https:\/\/welcome-to-times-square.com\/wp-content\/uploads\/2022\/05\/how-to-buy-broadway-tickets-600x400.jpg 600w, https:\/\/welcome-to-times-square.com\/wp-content\/uploads\/2022\/05\/how-to-buy-broadway-tickets-300x200.jpg 300w, https:\/\/welcome-to-times-square.com\/wp-content\/uploads\/2022\/05\/how-to-buy-broadway-tickets-768x512.jpg 768w, https:\/\/welcome-to-times-square.com\/wp-content\/uploads\/2022\/05\/how-to-buy-broadway-tickets-1536x1024.jpg 1536w, https:\/\/welcome-to-times-square.com\/wp-content\/uploads\/2022\/05\/how-to-buy-broadway-tickets.jpg 2048w\" sizes=\"(max-width: 1024px) 100vw, 1024px\" \/>\t\t\t\t\t\t\t\t\t\t\t\t\t\t\t<\/div>\n\t\t\t\t<\/div>\n\t\t\t\t\t<\/div>\n\t\t\t\t<\/div>\n\t\t\t\t<\/div>\n\t\t","protected":false},"excerpt":{"rendered":"Comment acheter des billets pour Broadway L\u2019un des projets les plus merveilleux et incontournables \u00e0 faire \u00e0 New York est d\u2019assister \u00e0 une com\u00e9die musicale \u00e0 Broadway, le c\u00e9l\u00e8bre boulevard rempli de th\u00e9\u00e2tres qui traverse le centre de Manhattan et Times Square. Il y a des centaines de repr\u00e9sentations annuelles et de nombreux acteurs d'Hollywood [...]<a href=\"https:\/\/welcome-to-times-square.com\/fr\/how-to-buy-broadway-tickets\/\" class=\"read-more wyz-secondary-color-text\">read more<span class=\"screen-reader-text\">Comment acheter des billets pour Broadway<\/span><\/a>","protected":false},"author":53,"featured_media":0,"parent":0,"menu_order":0,"comment_status":"closed","ping_status":"closed","template":"elementor_header_footer","meta":{"footnotes":""},"class_list":["post-8999","page","type-page","status-publish","hentry"],"yoast_head":"<!-- This site is optimized with the Yoast SEO plugin v27.2 - https:\/\/yoast.com\/product\/yoast-seo-wordpress\/ -->\n<title>Comment acheter des billets pour Broadway - times-square<\/title>\n<meta name=\"robots\" content=\"index, follow, max-snippet:-1, max-image-preview:large, max-video-preview:-1\" \/>\n<link rel=\"canonical\" href=\"https:\/\/welcome-to-times-square.com\/fr\/how-to-buy-broadway-tickets\/\" \/>\n<meta property=\"og:locale\" content=\"fr_FR\" \/>\n<meta property=\"og:type\" content=\"article\" \/>\n<meta property=\"og:title\" content=\"Comment acheter des billets pour Broadway - times-square\" \/>\n<meta property=\"og:description\" content=\"Comment acheter des billets pour Broadway L\u2019un des projets les plus merveilleux et incontournables \u00e0 faire \u00e0 New York est d\u2019assister \u00e0 une com\u00e9die musicale \u00e0 Broadway, le c\u00e9l\u00e8bre boulevard rempli de th\u00e9\u00e2tres qui traverse le centre de Manhattan et Times Square. Il y a des centaines de repr\u00e9sentations annuelles et de nombreux acteurs d&rsquo;Hollywood [...]read moreComment acheter des billets pour Broadway\" \/>\n<meta property=\"og:url\" content=\"https:\/\/welcome-to-times-square.com\/fr\/how-to-buy-broadway-tickets\/\" \/>\n<meta property=\"og:site_name\" content=\"times-square\" \/>\n<meta property=\"article:modified_time\" content=\"2025-01-17T11:10:39+00:00\" \/>\n<meta property=\"og:image\" content=\"https:\/\/welcome-to-times-square.com\/wp-content\/uploads\/2022\/05\/how-to-buy-broadway-tickets.jpg\" \/>\n\t<meta property=\"og:image:width\" content=\"2048\" \/>\n\t<meta property=\"og:image:height\" content=\"1365\" \/>\n\t<meta property=\"og:image:type\" content=\"image\/jpeg\" \/>\n<meta name=\"twitter:card\" content=\"summary_large_image\" \/>\n<meta name=\"twitter:label1\" content=\"Dur\u00e9e de lecture estim\u00e9e\" \/>\n\t<meta name=\"twitter:data1\" content=\"5 minutes\" \/>\n<script type=\"application\/ld+json\" class=\"yoast-schema-graph\">{\"@context\":\"https:\/\/schema.org\",\"@graph\":[{\"@type\":\"WebPage\",\"@id\":\"https:\/\/welcome-to-times-square.com\/fr\/how-to-buy-broadway-tickets\/\",\"url\":\"https:\/\/welcome-to-times-square.com\/fr\/how-to-buy-broadway-tickets\/\",\"name\":\"Comment acheter des billets pour Broadway - times-square\",\"isPartOf\":{\"@id\":\"https:\/\/welcome-to-times-square.com\/fr\/#website\"},\"primaryImageOfPage\":{\"@id\":\"https:\/\/welcome-to-times-square.com\/fr\/how-to-buy-broadway-tickets\/#primaryimage\"},\"image\":{\"@id\":\"https:\/\/welcome-to-times-square.com\/fr\/how-to-buy-broadway-tickets\/#primaryimage\"},\"thumbnailUrl\":\"https:\/\/welcome-to-times-square.com\/wp-content\/uploads\/2022\/05\/how-to-buy-broadway-tickets-1024x683.jpg\",\"datePublished\":\"2022-05-10T20:25:12+00:00\",\"dateModified\":\"2025-01-17T11:10:39+00:00\",\"breadcrumb\":{\"@id\":\"https:\/\/welcome-to-times-square.com\/fr\/how-to-buy-broadway-tickets\/#breadcrumb\"},\"inLanguage\":\"fr-FR\",\"potentialAction\":[{\"@type\":\"ReadAction\",\"target\":[\"https:\/\/welcome-to-times-square.com\/fr\/how-to-buy-broadway-tickets\/\"]}]},{\"@type\":\"ImageObject\",\"inLanguage\":\"fr-FR\",\"@id\":\"https:\/\/welcome-to-times-square.com\/fr\/how-to-buy-broadway-tickets\/#primaryimage\",\"url\":\"https:\/\/welcome-to-times-square.com\/wp-content\/uploads\/2022\/05\/how-to-buy-broadway-tickets-1024x683.jpg\",\"contentUrl\":\"https:\/\/welcome-to-times-square.com\/wp-content\/uploads\/2022\/05\/how-to-buy-broadway-tickets-1024x683.jpg\"},{\"@type\":\"BreadcrumbList\",\"@id\":\"https:\/\/welcome-to-times-square.com\/fr\/how-to-buy-broadway-tickets\/#breadcrumb\",\"itemListElement\":[{\"@type\":\"ListItem\",\"position\":1,\"name\":\"Home\",\"item\":\"https:\/\/welcome-to-times-square.com\/fr\/\"},{\"@type\":\"ListItem\",\"position\":2,\"name\":\"Comment acheter des billets pour Broadway\"}]},{\"@type\":\"WebSite\",\"@id\":\"https:\/\/welcome-to-times-square.com\/fr\/#website\",\"url\":\"https:\/\/welcome-to-times-square.com\/fr\/\",\"name\":\"times-square\",\"description\":\"times-square\",\"publisher\":{\"@id\":\"https:\/\/welcome-to-times-square.com\/fr\/#organization\"},\"potentialAction\":[{\"@type\":\"SearchAction\",\"target\":{\"@type\":\"EntryPoint\",\"urlTemplate\":\"https:\/\/welcome-to-times-square.com\/fr\/?s={search_term_string}\"},\"query-input\":{\"@type\":\"PropertyValueSpecification\",\"valueRequired\":true,\"valueName\":\"search_term_string\"}}],\"inLanguage\":\"fr-FR\"},{\"@type\":\"Organization\",\"@id\":\"https:\/\/welcome-to-times-square.com\/fr\/#organization\",\"name\":\"times-square\",\"url\":\"https:\/\/welcome-to-times-square.com\/fr\/\",\"logo\":{\"@type\":\"ImageObject\",\"inLanguage\":\"fr-FR\",\"@id\":\"https:\/\/welcome-to-times-square.com\/fr\/#\/schema\/logo\/image\/\",\"url\":\"https:\/\/welcome-to-times-square.com\/wp-content\/uploads\/2024\/03\/welcome-to-time-square-logo-with-r.png\",\"contentUrl\":\"https:\/\/welcome-to-times-square.com\/wp-content\/uploads\/2024\/03\/welcome-to-time-square-logo-with-r.png\",\"width\":500,\"height\":342,\"caption\":\"times-square\"},\"image\":{\"@id\":\"https:\/\/welcome-to-times-square.com\/fr\/#\/schema\/logo\/image\/\"}}]}<\/script>\n<!-- \/ Yoast SEO plugin. -->","yoast_head_json":{"title":"Comment acheter des billets pour Broadway - times-square","robots":{"index":"index","follow":"follow","max-snippet":"max-snippet:-1","max-image-preview":"max-image-preview:large","max-video-preview":"max-video-preview:-1"},"canonical":"https:\/\/welcome-to-times-square.com\/fr\/how-to-buy-broadway-tickets\/","og_locale":"fr_FR","og_type":"article","og_title":"Comment acheter des billets pour Broadway - times-square","og_description":"Comment acheter des billets pour Broadway L\u2019un des projets les plus merveilleux et incontournables \u00e0 faire \u00e0 New York est d\u2019assister \u00e0 une com\u00e9die musicale \u00e0 Broadway, le c\u00e9l\u00e8bre boulevard rempli de th\u00e9\u00e2tres qui traverse le centre de Manhattan et Times Square. Il y a des centaines de repr\u00e9sentations annuelles et de nombreux acteurs d&rsquo;Hollywood [...]read moreComment acheter des billets pour Broadway","og_url":"https:\/\/welcome-to-times-square.com\/fr\/how-to-buy-broadway-tickets\/","og_site_name":"times-square","article_modified_time":"2025-01-17T11:10:39+00:00","og_image":[{"width":2048,"height":1365,"url":"https:\/\/welcome-to-times-square.com\/wp-content\/uploads\/2022\/05\/how-to-buy-broadway-tickets.jpg","type":"image\/jpeg"}],"twitter_card":"summary_large_image","twitter_misc":{"Dur\u00e9e de lecture estim\u00e9e":"5 minutes"},"schema":{"@context":"https:\/\/schema.org","@graph":[{"@type":"WebPage","@id":"https:\/\/welcome-to-times-square.com\/fr\/how-to-buy-broadway-tickets\/","url":"https:\/\/welcome-to-times-square.com\/fr\/how-to-buy-broadway-tickets\/","name":"Comment acheter des billets pour Broadway - times-square","isPartOf":{"@id":"https:\/\/welcome-to-times-square.com\/fr\/#website"},"primaryImageOfPage":{"@id":"https:\/\/welcome-to-times-square.com\/fr\/how-to-buy-broadway-tickets\/#primaryimage"},"image":{"@id":"https:\/\/welcome-to-times-square.com\/fr\/how-to-buy-broadway-tickets\/#primaryimage"},"thumbnailUrl":"https:\/\/welcome-to-times-square.com\/wp-content\/uploads\/2022\/05\/how-to-buy-broadway-tickets-1024x683.jpg","datePublished":"2022-05-10T20:25:12+00:00","dateModified":"2025-01-17T11:10:39+00:00","breadcrumb":{"@id":"https:\/\/welcome-to-times-square.com\/fr\/how-to-buy-broadway-tickets\/#breadcrumb"},"inLanguage":"fr-FR","potentialAction":[{"@type":"ReadAction","target":["https:\/\/welcome-to-times-square.com\/fr\/how-to-buy-broadway-tickets\/"]}]},{"@type":"ImageObject","inLanguage":"fr-FR","@id":"https:\/\/welcome-to-times-square.com\/fr\/how-to-buy-broadway-tickets\/#primaryimage","url":"https:\/\/welcome-to-times-square.com\/wp-content\/uploads\/2022\/05\/how-to-buy-broadway-tickets-1024x683.jpg","contentUrl":"https:\/\/welcome-to-times-square.com\/wp-content\/uploads\/2022\/05\/how-to-buy-broadway-tickets-1024x683.jpg"},{"@type":"BreadcrumbList","@id":"https:\/\/welcome-to-times-square.com\/fr\/how-to-buy-broadway-tickets\/#breadcrumb","itemListElement":[{"@type":"ListItem","position":1,"name":"Home","item":"https:\/\/welcome-to-times-square.com\/fr\/"},{"@type":"ListItem","position":2,"name":"Comment acheter des billets pour Broadway"}]},{"@type":"WebSite","@id":"https:\/\/welcome-to-times-square.com\/fr\/#website","url":"https:\/\/welcome-to-times-square.com\/fr\/","name":"times-square","description":"times-square","publisher":{"@id":"https:\/\/welcome-to-times-square.com\/fr\/#organization"},"potentialAction":[{"@type":"SearchAction","target":{"@type":"EntryPoint","urlTemplate":"https:\/\/welcome-to-times-square.com\/fr\/?s={search_term_string}"},"query-input":{"@type":"PropertyValueSpecification","valueRequired":true,"valueName":"search_term_string"}}],"inLanguage":"fr-FR"},{"@type":"Organization","@id":"https:\/\/welcome-to-times-square.com\/fr\/#organization","name":"times-square","url":"https:\/\/welcome-to-times-square.com\/fr\/","logo":{"@type":"ImageObject","inLanguage":"fr-FR","@id":"https:\/\/welcome-to-times-square.com\/fr\/#\/schema\/logo\/image\/","url":"https:\/\/welcome-to-times-square.com\/wp-content\/uploads\/2024\/03\/welcome-to-time-square-logo-with-r.png","contentUrl":"https:\/\/welcome-to-times-square.com\/wp-content\/uploads\/2024\/03\/welcome-to-time-square-logo-with-r.png","width":500,"height":342,"caption":"times-square"},"image":{"@id":"https:\/\/welcome-to-times-square.com\/fr\/#\/schema\/logo\/image\/"}}]}},"_hostinger_reach_plugin_has_subscription_block":false,"_hostinger_reach_plugin_is_elementor":false,"_links":{"self":[{"href":"https:\/\/welcome-to-times-square.com\/fr\/wp-json\/wp\/v2\/pages\/8999","targetHints":{"allow":["GET"]}}],"collection":[{"href":"https:\/\/welcome-to-times-square.com\/fr\/wp-json\/wp\/v2\/pages"}],"about":[{"href":"https:\/\/welcome-to-times-square.com\/fr\/wp-json\/wp\/v2\/types\/page"}],"author":[{"embeddable":true,"href":"https:\/\/welcome-to-times-square.com\/fr\/wp-json\/wp\/v2\/users\/53"}],"replies":[{"embeddable":true,"href":"https:\/\/welcome-to-times-square.com\/fr\/wp-json\/wp\/v2\/comments?post=8999"}],"version-history":[{"count":2,"href":"https:\/\/welcome-to-times-square.com\/fr\/wp-json\/wp\/v2\/pages\/8999\/revisions"}],"predecessor-version":[{"id":9005,"href":"https:\/\/welcome-to-times-square.com\/fr\/wp-json\/wp\/v2\/pages\/8999\/revisions\/9005"}],"wp:attachment":[{"href":"https:\/\/welcome-to-times-square.com\/fr\/wp-json\/wp\/v2\/media?parent=8999"}],"curies":[{"name":"wp","href":"https:\/\/api.w.org\/{rel}","templated":true}]}}